{"id":8723,"date":"2021-11-02T13:50:23","date_gmt":"2021-11-02T12:50:23","guid":{"rendered":"https:\/\/www.sgb-fss.ch\/?page_id=8723"},"modified":"2026-04-02T15:53:13","modified_gmt":"2026-04-02T13:53:13","slug":"padrinato-di-famiglia","status":"publish","type":"page","link":"https:\/\/www.sgb-fss.ch\/it\/donazioni\/padrinato-di-famiglia\/","title":{"rendered":"Padrinato di famiglia"},"content":{"rendered":"\n<p class=\"is-style-lead\">Con il vostro <strong>\u2039Family Package\u203a<\/strong> contribuite a facilitare varie offerte specialmente per le famiglie con bambini sordi. Oltre a imparare insieme la lingua dei segni, le famiglie che si trovano in una situazione simile possono fare rete e scambiarsi idee su base regolare.<\/p>\n\n\n\n<figure class=\"wp-block-image size-large\"><img loading=\"lazy\" decoding=\"async\" width=\"1024\" height=\"683\" src=\"https:\/\/www.sgb-fss.ch\/content\/uploads\/2023\/03\/bhp-3323-1024x683.jpg\" alt=\"\" class=\"wp-image-11548\" srcset=\"https:\/\/www.sgb-fss.ch\/content\/uploads\/2023\/03\/bhp-3323-1024x683.jpg 1024w, https:\/\/www.sgb-fss.ch\/content\/uploads\/2023\/03\/bhp-3323-300x200.jpg 300w, https:\/\/www.sgb-fss.ch\/content\/uploads\/2023\/03\/bhp-3323-150x100.jpg 150w, https:\/\/www.sgb-fss.ch\/content\/uploads\/2023\/03\/bhp-3323-768x512.jpg 768w, https:\/\/www.sgb-fss.ch\/content\/uploads\/2023\/03\/bhp-3323-1536x1024.jpg 1536w, https:\/\/www.sgb-fss.ch\/content\/uploads\/2023\/03\/bhp-3323-2048x1365.jpg 2048w, https:\/\/www.sgb-fss.ch\/content\/uploads\/2023\/03\/bhp-3323-600x400.jpg 600w\" sizes=\"auto, (max-width: 1024px) 100vw, 1024px\" \/><\/figure>\n\n\n\n<h2 class=\"wp-block-heading\"><strong>In che modo il <strong>\u2039Family Package\u203a<\/strong> \u00e8 utile?<\/strong><\/h2>\n\n\n\n<p>Con il vostro \u00abFamily Package\u00bb contribuite a concretizzare diverse offerte, rivolte in special modo a famiglie con figli sordi. Oltre all\u2019apprendimento comune della lingua dei segni, famiglie che vivono situazioni analoghe possono collegarsi regolarmente in rete per scambiarsi opinioni su argomenti quali la scuola e il tirocinio. Queste famiglie, inoltre, possono usufruire gratuitamente di svariati strumenti, ad es. un <a href=\"https:\/\/it.deafliteracy.ch\/\">libro di fiabe online in lingua dei segni<\/a> con i relativi testi, che aiuta nell\u2019acquisizione del bilinguismo. Oppure il nostro <a href=\"https:\/\/signsuisse.sgb-fss.ch\/it\">dizionario della lingua dei segni<\/a>, unico nel suo genere in Svizzera, paragonabile allo Zingarelli per la lingua italiana.<\/p>\n\n\n\n<h3 class=\"wp-block-heading\">I vantaggi del vostro<strong> \u2039Family Package\u203a<\/strong><\/h3>\n\n\n\n<p>Il vostro contributo di sponsorizzazione regolare \u00e8 un segno di solidariet\u00e0 per le famiglie con un bambino sordo e <strong>raccomandata non necessaria<\/strong>.<\/p>\n\n\n\n<ul class=\"wp-block-list\">\n<li>Il contributo di sponsorizzazione \u00e8 deducibile dalle tasse.<\/li>\n\n\n\n<li>\u00c8 possibile sponsorizzare un &#8220;pacchetto famiglia&#8221; a partire da 240 franchi svizzeri.<\/li>\n<\/ul>\n\n\n\n<div class=\"wp-block-group is-layout-flow wp-block-group-is-layout-flow\">\n<div class=\"wp-block-columns is-layout-flex wp-container-core-columns-is-layout-9d6595d7 wp-block-columns-is-layout-flex\">\n<div class=\"wp-block-column is-vertically-aligned-center has-sgb-fss-rot-50-background-color has-background is-layout-flow wp-block-column-is-layout-flow\">\n<h4 class=\"wp-block-heading has-text-align-center\">S\u00ec, vorrei assumere una sponsorizzazione<\/h4>\n\n\n\n<div class=\"wp-block-buttons is-content-justification-center is-layout-flex wp-container-core-buttons-is-layout-16018d1d wp-block-buttons-is-layout-flex\">\n<div class=\"wp-block-button\"><a class=\"wp-block-button__link has-sgb-fss-rot-background-color has-background wp-element-button\" href=\"https:\/\/www.sgb-fss.ch\/content\/uploads\/lsv-formular-patenschaft-familie-i.pdf\">Clicca qui per la sponsorizzazione<\/a><\/div>\n<\/div>\n<\/div>\n\n\n\n<div class=\"wp-block-column is-vertically-aligned-center has-sgb-fss-rot-15-background-color has-background is-layout-flow wp-block-column-is-layout-flow\">\n<h4 class=\"wp-block-heading has-text-align-center\"><strong><strong>Ulteriori <\/strong><br><strong>informazioni<\/strong><\/strong><\/h4>\n\n\n\n<div class=\"wp-block-buttons is-content-justification-center is-layout-flex wp-container-core-buttons-is-layout-16018d1d wp-block-buttons-is-layout-flex\">\n<div class=\"wp-block-button\"><a class=\"wp-block-button__link has-sgb-fss-rot-background-color has-background wp-element-button\" href=\"https:\/\/www.sgb-fss.ch\/content\/uploads\/2023\/10\/faltblatt-family-package-i.pdf\">Continua con l&#8217;opuscolo informativo<\/a><\/div>\n<\/div>\n<\/div>\n<\/div>\n<\/div>\n\n\n\n<h3 class=\"wp-block-heading\">Perch\u00e9 il linguaggio dei segni \u00e8 cos\u00ec centrale?<\/h3>\n\n\n\n<p>Immaginate una coppia di udenti che d\u00e0 alla luce un bambino sordo. Solo dopo qualche mese scoprono che il nostro bambino \u00e8 sordo. Come comunicano con lui quando piange? Come affronta la famiglia la nuova situazione? La lingua dei segni \u00e8 un linguaggio che aiuta tutta la famiglia a comunicare e impedisce l&#8217;isolamento del bambino.<\/p>\n\n\n\n<blockquote class=\"wp-block-quote has-sgb-fss-rot-background-color has-background is-layout-flow wp-block-quote-is-layout-flow\">\n<p>Ci siamo sentiti sollevati quando abbiamo visto il cambiamento che la lingua dei segni ha significato per Jenny e per tutta la nostra famiglia.<\/p>\n<cite>Steffi Zb\u00e4ren, madre di Jenny, bambina sorda<\/cite><\/blockquote>\n\n\n<div class=\"block block-teaserpages\" id=\"block_788aaee95cc450c9567e73bbb1023ce8\" data-block=\"Teaser Pages\">\n  <ul class=\"block-teaserpages__list\">\n            <li class=\"block-teaserpages__item\">\n        <a class=\"accent teaserpage\" href=\"https:\/\/www.sgb-fss.ch\/it\/donazioni\/donazioni-gratuite\/\">\n  <div class=\"teaserpage__thumbnail\">\n            <div class=\"image teaserpage__thumbnail-image\" >\n    <img decoding=\"async\"\n      loading=\"lazy\"\n      class=\"image__object lazyload\"\n      src=\"https:\/\/www.sgb-fss.ch\/content\/uploads\/2023\/03\/1_headerbild-2-1440x0-c-default.jpg\"       data-sizes=\"auto\"\n      data-srcset=\"https:\/\/www.sgb-fss.ch\/content\/uploads\/2023\/03\/1_headerbild-2-1000x0-c-default.jpg 1000w, https:\/\/www.sgb-fss.ch\/content\/uploads\/2023\/03\/1_headerbild-2-700x0-c-default.jpg 700w, https:\/\/www.sgb-fss.ch\/content\/uploads\/2023\/03\/1_headerbild-2-350x0-c-default.jpg 350w, \"\n      alt=\"\"\n      width=\"2128\"\n      height=\"1416\"\n            >\n  <\/div>\n      <\/div>\n  <h3 class=\"teaserpage__title\">Donazioni gratuite<\/h3>\n  <p class=\"teaserpage__lead\">Il vostro contributo aiuta a garantire che le persone con problemi di udito abbiano le stesse opportunit\u00e0 delle persone udenti, a scuola, in un apprendistato, al lavoro o nel tempo libero.<\/p>  <\/a>\n      <\/li>\n            <li class=\"block-teaserpages__item\">\n        <a class=\"accent teaserpage\" href=\"https:\/\/www.sgb-fss.ch\/it\/donazioni\/per-fondazioni-e-aziende\/\">\n  <div class=\"teaserpage__thumbnail\">\n            <div class=\"image teaserpage__thumbnail-image\" >\n    <img decoding=\"async\"\n      loading=\"lazy\"\n      class=\"image__object lazyload\"\n      src=\"https:\/\/www.sgb-fss.ch\/content\/uploads\/2023\/08\/istock-519967552-scaled-1440x0-c-default.jpg\"       data-sizes=\"auto\"\n      data-srcset=\"https:\/\/www.sgb-fss.ch\/content\/uploads\/2023\/08\/istock-519967552-scaled-1000x0-c-default.jpg 1000w, https:\/\/www.sgb-fss.ch\/content\/uploads\/2023\/08\/istock-519967552-scaled-700x0-c-default.jpg 700w, https:\/\/www.sgb-fss.ch\/content\/uploads\/2023\/08\/istock-519967552-scaled-350x0-c-default.jpg 350w, \"\n      alt=\"\"\n      width=\"2560\"\n      height=\"1707\"\n            >\n  <\/div>\n      <\/div>\n  <h3 class=\"teaserpage__title\">Per fondazioni e aziende<\/h3>\n  <p class=\"teaserpage__lead\">Come fondazioni, siete sostenitori importanti per permetterci di realizzare i nostri vari progetti nei campi d&#8217;azione strategici. Come azienda, il vostro impegno offre un&#8217;opportunit\u00e0 significativa e sostenibile per sostenere le preoccupazioni delle persone con disabilit\u00e0 uditive in Svizzera.<\/p>  <\/a>\n      <\/li>\n            <li class=\"block-teaserpages__item\">\n        <a class=\"accent teaserpage\" href=\"https:\/\/www.sgb-fss.ch\/it\/donazioni\/padrinato-della-lingua-dei-segni\/\">\n  <div class=\"teaserpage__thumbnail\">\n            <div class=\"image teaserpage__thumbnail-image\" >\n    <img decoding=\"async\"\n      loading=\"lazy\"\n      class=\"image__object lazyload\"\n      src=\"https:\/\/www.sgb-fss.ch\/content\/uploads\/spenden_eng2879-scaled-1440x0-c-default.jpg\"       data-sizes=\"auto\"\n      data-srcset=\"https:\/\/www.sgb-fss.ch\/content\/uploads\/spenden_eng2879-scaled-1000x0-c-default.jpg 1000w, https:\/\/www.sgb-fss.ch\/content\/uploads\/spenden_eng2879-scaled-700x0-c-default.jpg 700w, https:\/\/www.sgb-fss.ch\/content\/uploads\/spenden_eng2879-scaled-350x0-c-default.jpg 350w, \"\n      alt=\"\"\n      width=\"2560\"\n      height=\"1700\"\n            >\n  <\/div>\n      <\/div>\n  <h3 class=\"teaserpage__title\">Padrinato della lingua dei segni<\/h3>\n  <p class=\"teaserpage__lead\">Grazie a questo padrinato, sostiene la lingua dei segni e quindi le persone sorde in Svizzera.<\/p>  <\/a>\n      <\/li>\n    <\/ul>\n<\/div>\n\n\n\n<div class=\"wp-block-group is-layout-flow wp-block-group-is-layout-flow\"><div class=\"block block-teasercontacts block-teasercontacts--boxed\" id=\"block_ce09e3bbeaeebc75c9d50ab536ba2703\" data-block=\"Teaser Contacts\">\n    <div class=\"block-teasercontacts__header\"><p class=\"block-teasercontacts__title\">Domande sulla sponsorizzazione? Sar\u00f2 felice di rispondere per voi.<\/p><\/div>    <div class=\"block-teasercontacts__list\">\n                                        <div class=\"block-teasercontacts__item\">\n                <div class=\"block-teasercontacts__link\">\n                    <div class=\"block-teasercontacts__media\">\n                        <div class=\"block-teasercontacts__thumbnail accent__darkred has-background-accent\">\n                                                              <div class=\"image block-teasercontacts__thumbnail-image\" >\n    <img decoding=\"async\"\n      loading=\"lazy\"\n      class=\"image__object lazyload\"\n      src=\"https:\/\/www.sgb-fss.ch\/content\/uploads\/2021\/06\/angela-hartmann-1440x0-c-default.jpg\"       data-sizes=\"auto\"\n      data-srcset=\"https:\/\/www.sgb-fss.ch\/content\/uploads\/2021\/06\/angela-hartmann-200x0-c-default.jpg 200w, https:\/\/www.sgb-fss.ch\/content\/uploads\/2021\/06\/angela-hartmann-100x0-c-default.jpg 100w, \"\n      alt=\"\"\n      width=\"567\"\n      height=\"567\"\n            >\n  <\/div>\n                                                    <\/div>\n                    <\/div>\n                    <div class=\"block-teasercontacts__text\">\n                        <p class=\"block-teasercontacts__name\"><strong><a href=\"https:\/\/www.sgb-fss.ch\/it\/team\/angela-hartmann\/\">Angela Hartmann<\/a><\/strong><\/p>\n                        <p class=\"block-teasercontacts__lead\">Fundraising<\/p>                    <\/div>\n                    <div class=\"block-teasercontacts__contacts\">\n                                                    <p>\n                                                                <a class=\"wp-block-button is-style-transparent\" href=\"mailto:a.hartmann@sgb-fss.ch\"><span class=\"wp-block-button__link\"><i class=\"icon icon--mail\"><svg data-name=\"Ebene 1\" xmlns=\"http:\/\/www.w3.org\/2000\/svg\" viewBox=\"0 0 24 24\"><path d=\"M20.76 2.31H3.24A3.12 3.12 0 0 0 .12 5.43v13.14a3.12 3.12 0 0 0 3.12 3.12h17.52a3.12 3.12 0 0 0 3.12-3.12V5.43a3.12 3.12 0 0 0-3.12-3.12zM2.09 5a1.27 1.27 0 0 1 1.15-.78h17.52a1.24 1.24 0 0 1 1.11.74l.05.09-.09.06L12 12l-.07-.05-9.87-6.9zM22 18.57a1.26 1.26 0 0 1-1.26 1.27H3.24A1.27 1.27 0 0 1 2 18.57V7.21l9.5 6.69a.89.89 0 0 0 1 0L22 7.25z\"\/><\/svg><\/i><span class=\"wp-block-button__label\">a.hartmann@sgb-fss.ch<\/span><\/span><\/a>                                                            <\/p>\n                                            <\/div>\n                <\/div>\n            <\/div>\n                    <\/div>\n<\/div>\n<\/div>\n","protected":false},"excerpt":{"rendered":"<p>Con il vostro \u2039Family Package\u203a contribuite a facilitare varie offerte specialmente per le famiglie [&hellip;]<\/p>\n","protected":false},"author":40,"featured_media":23642,"parent":9279,"menu_order":310,"comment_status":"closed","ping_status":"closed","template":"","meta":{"_acf_changed":false,"inline_featured_image":false,"footnotes":""},"class_list":["post-8723","page","type-page","status-publish","has-post-thumbnail","hentry"],"acf":[],"yoast_head":"<!-- This site is optimized with the Yoast SEO plugin v27.4 - https:\/\/yoast.com\/product\/yoast-seo-wordpress\/ -->\n<title>Padrinato di famiglia - SGB-FSS<\/title>\n<meta name=\"robots\" content=\"index, follow, max-snippet:-1, max-image-preview:large, max-video-preview:-1\" \/>\n<link rel=\"canonical\" href=\"https:\/\/www.sgb-fss.ch\/it\/donazioni\/padrinato-di-famiglia\/\" \/>\n<meta property=\"og:locale\" content=\"it_IT\" \/>\n<meta property=\"og:type\" content=\"article\" \/>\n<meta property=\"og:title\" content=\"Padrinato di famiglia - SGB-FSS\" \/>\n<meta property=\"og:description\" content=\"Con il vostro \u2039Family Package\u203a contribuite a facilitare varie offerte specialmente per le famiglie [&hellip;]\" \/>\n<meta property=\"og:url\" content=\"https:\/\/www.sgb-fss.ch\/it\/donazioni\/padrinato-di-famiglia\/\" \/>\n<meta property=\"og:site_name\" content=\"SGB-FSS\" \/>\n<meta property=\"article:modified_time\" content=\"2026-04-02T13:53:13+00:00\" \/>\n<meta property=\"og:image\" content=\"https:\/\/www.sgb-fss.ch\/content\/uploads\/2023\/08\/familie-spenden.png\" \/>\n\t<meta property=\"og:image:width\" content=\"1025\" \/>\n\t<meta property=\"og:image:height\" content=\"678\" \/>\n\t<meta property=\"og:image:type\" content=\"image\/png\" \/>\n<meta name=\"twitter:card\" content=\"summary_large_image\" \/>\n<meta name=\"twitter:label1\" content=\"Tempo di lettura stimato\" \/>\n\t<meta name=\"twitter:data1\" content=\"2 minuti\" \/>\n<script type=\"application\/ld+json\" class=\"yoast-schema-graph\">{\"@context\":\"https:\\\/\\\/schema.org\",\"@graph\":[{\"@type\":\"WebPage\",\"@id\":\"https:\\\/\\\/www.sgb-fss.ch\\\/it\\\/donazioni\\\/padrinato-di-famiglia\\\/\",\"url\":\"https:\\\/\\\/www.sgb-fss.ch\\\/it\\\/donazioni\\\/padrinato-di-famiglia\\\/\",\"name\":\"Padrinato di famiglia - SGB-FSS\",\"isPartOf\":{\"@id\":\"https:\\\/\\\/www.sgb-fss.ch\\\/de\\\/#website\"},\"primaryImageOfPage\":{\"@id\":\"https:\\\/\\\/www.sgb-fss.ch\\\/it\\\/donazioni\\\/padrinato-di-famiglia\\\/#primaryimage\"},\"image\":{\"@id\":\"https:\\\/\\\/www.sgb-fss.ch\\\/it\\\/donazioni\\\/padrinato-di-famiglia\\\/#primaryimage\"},\"thumbnailUrl\":\"https:\\\/\\\/www.sgb-fss.ch\\\/content\\\/uploads\\\/2023\\\/08\\\/familie-spenden.png\",\"datePublished\":\"2021-11-02T12:50:23+00:00\",\"dateModified\":\"2026-04-02T13:53:13+00:00\",\"breadcrumb\":{\"@id\":\"https:\\\/\\\/www.sgb-fss.ch\\\/it\\\/donazioni\\\/padrinato-di-famiglia\\\/#breadcrumb\"},\"inLanguage\":\"it-IT\",\"potentialAction\":[{\"@type\":\"ReadAction\",\"target\":[\"https:\\\/\\\/www.sgb-fss.ch\\\/it\\\/donazioni\\\/padrinato-di-famiglia\\\/\"]}]},{\"@type\":\"ImageObject\",\"inLanguage\":\"it-IT\",\"@id\":\"https:\\\/\\\/www.sgb-fss.ch\\\/it\\\/donazioni\\\/padrinato-di-famiglia\\\/#primaryimage\",\"url\":\"https:\\\/\\\/www.sgb-fss.ch\\\/content\\\/uploads\\\/2023\\\/08\\\/familie-spenden.png\",\"contentUrl\":\"https:\\\/\\\/www.sgb-fss.ch\\\/content\\\/uploads\\\/2023\\\/08\\\/familie-spenden.png\",\"width\":1025,\"height\":678},{\"@type\":\"BreadcrumbList\",\"@id\":\"https:\\\/\\\/www.sgb-fss.ch\\\/it\\\/donazioni\\\/padrinato-di-famiglia\\\/#breadcrumb\",\"itemListElement\":[{\"@type\":\"ListItem\",\"position\":1,\"name\":\"Home\",\"item\":\"https:\\\/\\\/www.sgb-fss.ch\\\/it\\\/\"},{\"@type\":\"ListItem\",\"position\":2,\"name\":\"Donare e offrire una possibilit\u00e0\",\"item\":\"https:\\\/\\\/www.sgb-fss.ch\\\/it\\\/donazioni\\\/\"},{\"@type\":\"ListItem\",\"position\":3,\"name\":\"Padrinato di famiglia\"}]},{\"@type\":\"WebSite\",\"@id\":\"https:\\\/\\\/www.sgb-fss.ch\\\/de\\\/#website\",\"url\":\"https:\\\/\\\/www.sgb-fss.ch\\\/de\\\/\",\"name\":\"SGB-FSS\",\"description\":\"\",\"potentialAction\":[{\"@type\":\"SearchAction\",\"target\":{\"@type\":\"EntryPoint\",\"urlTemplate\":\"https:\\\/\\\/www.sgb-fss.ch\\\/de\\\/?s={search_term_string}\"},\"query-input\":{\"@type\":\"PropertyValueSpecification\",\"valueRequired\":true,\"valueName\":\"search_term_string\"}}],\"inLanguage\":\"it-IT\"}]}<\/script>\n<!-- \/ Yoast SEO plugin. -->","yoast_head_json":{"title":"Padrinato di famiglia - SGB-FSS","robots":{"index":"index","follow":"follow","max-snippet":"max-snippet:-1","max-image-preview":"max-image-preview:large","max-video-preview":"max-video-preview:-1"},"canonical":"https:\/\/www.sgb-fss.ch\/it\/donazioni\/padrinato-di-famiglia\/","og_locale":"it_IT","og_type":"article","og_title":"Padrinato di famiglia - SGB-FSS","og_description":"Con il vostro \u2039Family Package\u203a contribuite a facilitare varie offerte specialmente per le famiglie [&hellip;]","og_url":"https:\/\/www.sgb-fss.ch\/it\/donazioni\/padrinato-di-famiglia\/","og_site_name":"SGB-FSS","article_modified_time":"2026-04-02T13:53:13+00:00","og_image":[{"width":1025,"height":678,"url":"https:\/\/www.sgb-fss.ch\/content\/uploads\/2023\/08\/familie-spenden.png","type":"image\/png"}],"twitter_card":"summary_large_image","twitter_misc":{"Tempo di lettura stimato":"2 minuti"},"schema":{"@context":"https:\/\/schema.org","@graph":[{"@type":"WebPage","@id":"https:\/\/www.sgb-fss.ch\/it\/donazioni\/padrinato-di-famiglia\/","url":"https:\/\/www.sgb-fss.ch\/it\/donazioni\/padrinato-di-famiglia\/","name":"Padrinato di famiglia - SGB-FSS","isPartOf":{"@id":"https:\/\/www.sgb-fss.ch\/de\/#website"},"primaryImageOfPage":{"@id":"https:\/\/www.sgb-fss.ch\/it\/donazioni\/padrinato-di-famiglia\/#primaryimage"},"image":{"@id":"https:\/\/www.sgb-fss.ch\/it\/donazioni\/padrinato-di-famiglia\/#primaryimage"},"thumbnailUrl":"https:\/\/www.sgb-fss.ch\/content\/uploads\/2023\/08\/familie-spenden.png","datePublished":"2021-11-02T12:50:23+00:00","dateModified":"2026-04-02T13:53:13+00:00","breadcrumb":{"@id":"https:\/\/www.sgb-fss.ch\/it\/donazioni\/padrinato-di-famiglia\/#breadcrumb"},"inLanguage":"it-IT","potentialAction":[{"@type":"ReadAction","target":["https:\/\/www.sgb-fss.ch\/it\/donazioni\/padrinato-di-famiglia\/"]}]},{"@type":"ImageObject","inLanguage":"it-IT","@id":"https:\/\/www.sgb-fss.ch\/it\/donazioni\/padrinato-di-famiglia\/#primaryimage","url":"https:\/\/www.sgb-fss.ch\/content\/uploads\/2023\/08\/familie-spenden.png","contentUrl":"https:\/\/www.sgb-fss.ch\/content\/uploads\/2023\/08\/familie-spenden.png","width":1025,"height":678},{"@type":"BreadcrumbList","@id":"https:\/\/www.sgb-fss.ch\/it\/donazioni\/padrinato-di-famiglia\/#breadcrumb","itemListElement":[{"@type":"ListItem","position":1,"name":"Home","item":"https:\/\/www.sgb-fss.ch\/it\/"},{"@type":"ListItem","position":2,"name":"Donare e offrire una possibilit\u00e0","item":"https:\/\/www.sgb-fss.ch\/it\/donazioni\/"},{"@type":"ListItem","position":3,"name":"Padrinato di famiglia"}]},{"@type":"WebSite","@id":"https:\/\/www.sgb-fss.ch\/de\/#website","url":"https:\/\/www.sgb-fss.ch\/de\/","name":"SGB-FSS","description":"","potentialAction":[{"@type":"SearchAction","target":{"@type":"EntryPoint","urlTemplate":"https:\/\/www.sgb-fss.ch\/de\/?s={search_term_string}"},"query-input":{"@type":"PropertyValueSpecification","valueRequired":true,"valueName":"search_term_string"}}],"inLanguage":"it-IT"}]}},"_links":{"self":[{"href":"https:\/\/www.sgb-fss.ch\/it\/wp-json\/wp\/v2\/pages\/8723","targetHints":{"allow":["GET"]}}],"collection":[{"href":"https:\/\/www.sgb-fss.ch\/it\/wp-json\/wp\/v2\/pages"}],"about":[{"href":"https:\/\/www.sgb-fss.ch\/it\/wp-json\/wp\/v2\/types\/page"}],"author":[{"embeddable":true,"href":"https:\/\/www.sgb-fss.ch\/it\/wp-json\/wp\/v2\/users\/40"}],"replies":[{"embeddable":true,"href":"https:\/\/www.sgb-fss.ch\/it\/wp-json\/wp\/v2\/comments?post=8723"}],"version-history":[{"count":44,"href":"https:\/\/www.sgb-fss.ch\/it\/wp-json\/wp\/v2\/pages\/8723\/revisions"}],"predecessor-version":[{"id":44588,"href":"https:\/\/www.sgb-fss.ch\/it\/wp-json\/wp\/v2\/pages\/8723\/revisions\/44588"}],"up":[{"embeddable":true,"href":"https:\/\/www.sgb-fss.ch\/it\/wp-json\/wp\/v2\/pages\/9279"}],"wp:featuredmedia":[{"embeddable":true,"href":"https:\/\/www.sgb-fss.ch\/it\/wp-json\/wp\/v2\/media\/23642"}],"wp:attachment":[{"href":"https:\/\/www.sgb-fss.ch\/it\/wp-json\/wp\/v2\/media?parent=8723"}],"curies":[{"name":"wp","href":"https:\/\/api.w.org\/{rel}","templated":true}]}}