{"id":8712,"date":"2021-11-02T13:45:24","date_gmt":"2021-11-02T12:45:24","guid":{"rendered":"https:\/\/www.sgb-fss.ch\/?page_id=8712"},"modified":"2025-10-01T15:27:41","modified_gmt":"2025-10-01T13:27:41","slug":"dona-adesso","status":"publish","type":"page","link":"https:\/\/www.sgb-fss.ch\/it\/donazioni\/dona-adesso\/","title":{"rendered":"La sua donazione per pari opportunit\u00e0 concrete"},"content":{"rendered":"\n<p class=\"is-style-lead\">Con il suo contributo sostiene i diritti e le opportunit\u00e0 delle persone sorde e deboli di udito in Svizzera. Ogni contributo ci consente di realizzare i nostri numerosi progetti per la promozione della lingua dei segni e della comunit\u00e0 sorda. Grazie di cuore!<\/p>\n\n\n<div class=\"block block-raisenow\" data-block=\"RaiseNow Form\">\n  <div class=\"rnw-widget-container\"><\/div>\n  <script src=\"https:\/\/tamaro.raisenow.com\/sgb-fss-ch\/latest\/widget.js\"><\/script>\n  <script>\n    console.log('eventhandler code loaded.')\n\n    window.rnw.tamaro.events.paymentComplete.subscribe(function(event) {\n\t\n      let transaction = event.data.api.transactionInfo;\n\t  console.log(\"transaction info object \", transaction)\t  \n\t  \n      let frequency = \"single\";\n\n      if(transaction.hasOwnProperty(\"stored_rnw_recurring_interval_name\")) {\n        frequency = transaction.stored_rnw_recurring_interval_name;\n      }\n\n      window.dataLayer.push({\n        event: 'purchase',\n        ecommerce: {\n          transaction_id: transaction.epp_transaction_id,\n          value: transaction.amount,\n          currency: transaction.currency,\n          items: [\n            {\n              item_name: \"raisenow\",\n              item_category: frequency,\n              price: transaction.amount,\n              quantity: 1\n            }\n          ]\n        }\n      });\n\n      console.log('purchase sent.')\n\t\n\t});\n\n\twindow.rnw.tamaro.runWidget('.rnw-widget-container', {\n\t\tlanguage: 'it'\n\t})\n  <\/script>\n<\/div>\n\n\n\n<p>La vostra donazione sar\u00e0 utilizzata dove \u00e8 pi\u00f9 urgente.<\/p>\n","protected":false},"excerpt":{"rendered":"<p>Con il suo contributo sostiene i diritti e le opportunit\u00e0 delle persone sorde e [&hellip;]<\/p>\n","protected":false},"author":40,"featured_media":0,"parent":9279,"menu_order":0,"comment_status":"closed","ping_status":"closed","template":"","meta":{"_acf_changed":false,"inline_featured_image":false,"footnotes":""},"class_list":["post-8712","page","type-page","status-publish","hentry"],"acf":[],"yoast_head":"<!-- This site is optimized with the Yoast SEO plugin v27.4 - https:\/\/yoast.com\/product\/yoast-seo-wordpress\/ -->\n<title>La sua donazione per pari opportunit\u00e0 concrete - SGB-FSS<\/title>\n<meta name=\"robots\" content=\"index, follow, max-snippet:-1, max-image-preview:large, max-video-preview:-1\" \/>\n<link rel=\"canonical\" href=\"https:\/\/www.sgb-fss.ch\/it\/donazioni\/dona-adesso\/\" \/>\n<meta property=\"og:locale\" content=\"it_IT\" \/>\n<meta property=\"og:type\" content=\"article\" \/>\n<meta property=\"og:title\" content=\"La sua donazione per pari opportunit\u00e0 concrete - SGB-FSS\" \/>\n<meta property=\"og:description\" content=\"Con il suo contributo sostiene i diritti e le opportunit\u00e0 delle persone sorde e [&hellip;]\" \/>\n<meta property=\"og:url\" content=\"https:\/\/www.sgb-fss.ch\/it\/donazioni\/dona-adesso\/\" \/>\n<meta property=\"og:site_name\" content=\"SGB-FSS\" \/>\n<meta property=\"article:modified_time\" content=\"2025-10-01T13:27:41+00:00\" \/>\n<meta name=\"twitter:card\" content=\"summary_large_image\" \/>\n<meta name=\"twitter:label1\" content=\"Tempo di lettura stimato\" \/>\n\t<meta name=\"twitter:data1\" content=\"1 minuto\" \/>\n<script type=\"application\/ld+json\" class=\"yoast-schema-graph\">{\"@context\":\"https:\\\/\\\/schema.org\",\"@graph\":[{\"@type\":\"WebPage\",\"@id\":\"https:\\\/\\\/www.sgb-fss.ch\\\/it\\\/donazioni\\\/dona-adesso\\\/\",\"url\":\"https:\\\/\\\/www.sgb-fss.ch\\\/it\\\/donazioni\\\/dona-adesso\\\/\",\"name\":\"La sua donazione per pari opportunit\u00e0 concrete - SGB-FSS\",\"isPartOf\":{\"@id\":\"https:\\\/\\\/www.sgb-fss.ch\\\/de\\\/#website\"},\"datePublished\":\"2021-11-02T12:45:24+00:00\",\"dateModified\":\"2025-10-01T13:27:41+00:00\",\"breadcrumb\":{\"@id\":\"https:\\\/\\\/www.sgb-fss.ch\\\/it\\\/donazioni\\\/dona-adesso\\\/#breadcrumb\"},\"inLanguage\":\"it-IT\",\"potentialAction\":[{\"@type\":\"ReadAction\",\"target\":[\"https:\\\/\\\/www.sgb-fss.ch\\\/it\\\/donazioni\\\/dona-adesso\\\/\"]}]},{\"@type\":\"BreadcrumbList\",\"@id\":\"https:\\\/\\\/www.sgb-fss.ch\\\/it\\\/donazioni\\\/dona-adesso\\\/#breadcrumb\",\"itemListElement\":[{\"@type\":\"ListItem\",\"position\":1,\"name\":\"Home\",\"item\":\"https:\\\/\\\/www.sgb-fss.ch\\\/it\\\/\"},{\"@type\":\"ListItem\",\"position\":2,\"name\":\"Donare e offrire una possibilit\u00e0\",\"item\":\"https:\\\/\\\/www.sgb-fss.ch\\\/it\\\/donazioni\\\/\"},{\"@type\":\"ListItem\",\"position\":3,\"name\":\"La sua donazione per pari opportunit\u00e0 concrete\"}]},{\"@type\":\"WebSite\",\"@id\":\"https:\\\/\\\/www.sgb-fss.ch\\\/de\\\/#website\",\"url\":\"https:\\\/\\\/www.sgb-fss.ch\\\/de\\\/\",\"name\":\"SGB-FSS\",\"description\":\"\",\"potentialAction\":[{\"@type\":\"SearchAction\",\"target\":{\"@type\":\"EntryPoint\",\"urlTemplate\":\"https:\\\/\\\/www.sgb-fss.ch\\\/de\\\/?s={search_term_string}\"},\"query-input\":{\"@type\":\"PropertyValueSpecification\",\"valueRequired\":true,\"valueName\":\"search_term_string\"}}],\"inLanguage\":\"it-IT\"}]}<\/script>\n<!-- \/ Yoast SEO plugin. -->","yoast_head_json":{"title":"La sua donazione per pari opportunit\u00e0 concrete - SGB-FSS","robots":{"index":"index","follow":"follow","max-snippet":"max-snippet:-1","max-image-preview":"max-image-preview:large","max-video-preview":"max-video-preview:-1"},"canonical":"https:\/\/www.sgb-fss.ch\/it\/donazioni\/dona-adesso\/","og_locale":"it_IT","og_type":"article","og_title":"La sua donazione per pari opportunit\u00e0 concrete - SGB-FSS","og_description":"Con il suo contributo sostiene i diritti e le opportunit\u00e0 delle persone sorde e [&hellip;]","og_url":"https:\/\/www.sgb-fss.ch\/it\/donazioni\/dona-adesso\/","og_site_name":"SGB-FSS","article_modified_time":"2025-10-01T13:27:41+00:00","twitter_card":"summary_large_image","twitter_misc":{"Tempo di lettura stimato":"1 minuto"},"schema":{"@context":"https:\/\/schema.org","@graph":[{"@type":"WebPage","@id":"https:\/\/www.sgb-fss.ch\/it\/donazioni\/dona-adesso\/","url":"https:\/\/www.sgb-fss.ch\/it\/donazioni\/dona-adesso\/","name":"La sua donazione per pari opportunit\u00e0 concrete - SGB-FSS","isPartOf":{"@id":"https:\/\/www.sgb-fss.ch\/de\/#website"},"datePublished":"2021-11-02T12:45:24+00:00","dateModified":"2025-10-01T13:27:41+00:00","breadcrumb":{"@id":"https:\/\/www.sgb-fss.ch\/it\/donazioni\/dona-adesso\/#breadcrumb"},"inLanguage":"it-IT","potentialAction":[{"@type":"ReadAction","target":["https:\/\/www.sgb-fss.ch\/it\/donazioni\/dona-adesso\/"]}]},{"@type":"BreadcrumbList","@id":"https:\/\/www.sgb-fss.ch\/it\/donazioni\/dona-adesso\/#breadcrumb","itemListElement":[{"@type":"ListItem","position":1,"name":"Home","item":"https:\/\/www.sgb-fss.ch\/it\/"},{"@type":"ListItem","position":2,"name":"Donare e offrire una possibilit\u00e0","item":"https:\/\/www.sgb-fss.ch\/it\/donazioni\/"},{"@type":"ListItem","position":3,"name":"La sua donazione per pari opportunit\u00e0 concrete"}]},{"@type":"WebSite","@id":"https:\/\/www.sgb-fss.ch\/de\/#website","url":"https:\/\/www.sgb-fss.ch\/de\/","name":"SGB-FSS","description":"","potentialAction":[{"@type":"SearchAction","target":{"@type":"EntryPoint","urlTemplate":"https:\/\/www.sgb-fss.ch\/de\/?s={search_term_string}"},"query-input":{"@type":"PropertyValueSpecification","valueRequired":true,"valueName":"search_term_string"}}],"inLanguage":"it-IT"}]}},"_links":{"self":[{"href":"https:\/\/www.sgb-fss.ch\/it\/wp-json\/wp\/v2\/pages\/8712","targetHints":{"allow":["GET"]}}],"collection":[{"href":"https:\/\/www.sgb-fss.ch\/it\/wp-json\/wp\/v2\/pages"}],"about":[{"href":"https:\/\/www.sgb-fss.ch\/it\/wp-json\/wp\/v2\/types\/page"}],"author":[{"embeddable":true,"href":"https:\/\/www.sgb-fss.ch\/it\/wp-json\/wp\/v2\/users\/40"}],"replies":[{"embeddable":true,"href":"https:\/\/www.sgb-fss.ch\/it\/wp-json\/wp\/v2\/comments?post=8712"}],"version-history":[{"count":5,"href":"https:\/\/www.sgb-fss.ch\/it\/wp-json\/wp\/v2\/pages\/8712\/revisions"}],"predecessor-version":[{"id":41026,"href":"https:\/\/www.sgb-fss.ch\/it\/wp-json\/wp\/v2\/pages\/8712\/revisions\/41026"}],"up":[{"embeddable":true,"href":"https:\/\/www.sgb-fss.ch\/it\/wp-json\/wp\/v2\/pages\/9279"}],"wp:attachment":[{"href":"https:\/\/www.sgb-fss.ch\/it\/wp-json\/wp\/v2\/media?parent=8712"}],"curies":[{"name":"wp","href":"https:\/\/api.w.org\/{rel}","templated":true}]}}