{"id":8572,"date":"2021-10-25T12:37:07","date_gmt":"2021-10-25T10:37:07","guid":{"rendered":"https:\/\/www.sgb-fss.ch\/?page_id=8572"},"modified":"2026-03-30T16:34:04","modified_gmt":"2026-03-30T14:34:04","slug":"contatto","status":"publish","type":"page","link":"https:\/\/www.sgb-fss.ch\/it\/contatto\/","title":{"rendered":"Contatto"},"content":{"rendered":"\n<p class=\"is-style-lead\">Siamo lieti di rispondere a qualsiasi domanda o di indirizzarvi ai nostri partner specializzati. Qui trovate i nostri orari di apertura e le modalit\u00e0 di contatto.<\/p>\n\n\n\n<div class=\"wp-block-buttons is-content-justification-left is-layout-flex wp-container-core-buttons-is-layout-fdcfc74e wp-block-buttons-is-layout-flex\">\n<div class=\"wp-block-button is-style-anchor\"><a class=\"wp-block-button__link wp-element-button\" href=\"#hauptsitz-zurich\">Zurigo<\/a><\/div>\n\n\n\n<div class=\"wp-block-button is-style-anchor\"><a class=\"wp-block-button__link wp-element-button\" href=\"#regionalstelle-lausanne\">Losanna<\/a><\/div>\n\n\n\n<div class=\"wp-block-button is-style-anchor\"><a class=\"wp-block-button__link wp-element-button\" href=\"#regionalstelle-lugano\">Lugano<\/a><\/div>\n<\/div>\n\n\n\n<div class=\"wp-block-group is-style-default is-layout-flow wp-block-group-is-layout-flow\">\n<div class=\"wp-block-columns is-layout-flex wp-container-core-columns-is-layout-9d6595d7 wp-block-columns-is-layout-flex\">\n<div class=\"wp-block-column is-layout-flow wp-block-column-is-layout-flow\" style=\"flex-basis:100%\">\n<div class=\"wp-block-group has-pflaume-10-background-color has-background is-layout-flow wp-block-group-is-layout-flow\">\n<h2 class=\"wp-block-heading\" id=\"regionalstelle-lugano\"><strong>Ufficio regionale di L<\/strong>ugano<\/h2>\n\n\n\n<p>Federazione Svizzera dei Sordi SGB-FSS<br>Via Besso 5<br>6900 Lugano<\/p>\n\n\n\n<p>Nel nostro ufficio a Lugano lavorano esclusivamente persone sorde.<br>Non \u00e8 quindi possibile comunicare attraverso il sistema telefonico.<\/p>\n\n\n\n<p>Richieste generali e appuntamenti:&nbsp;<a href=\"mailto:info-i@sgb-fss.ch\">info-i@sgb-fss.ch<\/a><br>Domande sulle donazioni:&nbsp;<a href=\"mailto:donazioni@sgb-fss.ch\">donazioni@sgb-fss.ch<\/a><\/p>\n\n\n\n<p>Grazie per la comprensione.<\/p>\n<\/div>\n<\/div>\n<\/div>\n<\/div>\n\n\n\n<div class=\"wp-block-group is-style-default is-layout-flow wp-block-group-is-layout-flow\">\n<div class=\"wp-block-columns is-layout-flex wp-container-core-columns-is-layout-9d6595d7 wp-block-columns-is-layout-flex\">\n<div class=\"wp-block-column is-layout-flow wp-block-column-is-layout-flow\" style=\"flex-basis:100%\">\n<div class=\"wp-block-group has-sgb-fss-rot-15-background-color has-background is-layout-flow wp-block-group-is-layout-flow\">\n<h2 class=\"wp-block-heading\" id=\"hauptsitz-zurich\">Ufficio principale e sede regionale di Zurigo<\/h2>\n\n\n\n<p>Schweizerischer Geh\u00f6rlosenbund SGB-FSS<br>R\u00e4ffelstrasse 24<br>8045 Z\u00fcrich<\/p>\n\n\n\n<p>Telefono +41 (0)44 315 50 40<br>E-mail <a href=\"mailto:info-d@sgb-fss.ch\" target=\"_blank\" rel=\"noreferrer noopener\">info-d@sgb-fss.ch<\/a><\/p>\n\n\n\n<p>Se desiderate passare spontaneamente, vi preghiamo di contattarci prima.<\/p>\n\n\n\n<p><strong>Reperibilit\u00e0 telefonica tramite il numero principale<\/strong><\/p>\n\n\n\n<figure class=\"wp-block-table\"><table class=\"has-fixed-layout\"><tbody><tr><td>Luned\u00ec<\/td><td>9.00\u201311.00<\/td><\/tr><tr><td>Mercoled\u00ec<\/td><td>9.00\u201311.00<\/td><\/tr><tr><td>Gioved\u00ec<\/td><td>9.00\u201311.00<\/td><\/tr><\/tbody><\/table><\/figure>\n<\/div>\n<\/div>\n<\/div>\n<\/div>\n\n\n\n<div class=\"wp-block-columns is-layout-flex wp-container-core-columns-is-layout-9d6595d7 wp-block-columns-is-layout-flex\">\n<div class=\"wp-block-column is-layout-flow wp-block-column-is-layout-flow\" style=\"flex-basis:100%\">\n<div class=\"wp-block-group has-sgb-fss-blue-15-background-color has-background is-layout-flow wp-block-group-is-layout-flow\">\n<h2 class=\"wp-block-heading\" id=\"regionalstelle-lausanne\">Ufficio regionale di Losanna<\/h2>\n\n\n\n<p>F\u00e9d\u00e9ration Suisse des Sourds SGB-FSS<br>Passage St-Fran\u00e7ois 12<br>1003 Lausanne<\/p>\n\n\n\n<p><strong>Purtroppo, fino a nuovo avviso, non siamo raggiungibili telefonicamente, ma potete inviarci un\u2019e-mail e provvederemo a occuparci della vostra richiesta.<\/strong><\/p>\n\n\n\n<p>Telefono +41 (0)21 625 65 55<br>E-mail <a href=\"mailto:info-f@sgb-fss.ch\" target=\"_blank\" rel=\"noreferrer noopener\">info-f@sgb-fss.ch<\/a><\/p>\n\n\n\n<figure class=\"wp-block-table\"><table class=\"has-fixed-layout\"><thead><tr><th><strong>Reception in loco<\/strong><\/th><th><\/th><\/tr><\/thead><tbody><tr><td>Luned\u00ec <\/td><td>Nelle settimane pari dalle 14.00\u201316.00<\/td><\/tr><tr><td>Marted\u00ec<\/td><td>9.00\u201312.00 \/ 14.00\u201316.00<\/td><\/tr><tr><td>Mercoled\u00ec<\/td><td>Chiuso<\/td><\/tr><tr><td>Gioved\u00ec<\/td><td>Chiuso<\/td><\/tr><tr><td>Venerd\u00ec<\/td><td>Chiuso<\/td><\/tr><\/tbody><\/table><\/figure>\n\n\n\n<figure class=\"wp-block-table\"><table class=\"has-fixed-layout\"><thead><tr><th>Telefono <\/th><th><\/th><\/tr><\/thead><tbody><tr><td>Luned\u00ec<\/td><td>14.00\u201316.00<\/td><\/tr><tr><td>Marted\u00ec<\/td><td>9.00\u201311.00 \/ 14.00\u201316.00<\/td><\/tr><tr><td>Mercoled\u00ec<\/td><td>Chiuso<\/td><\/tr><tr><td>Gioved\u00ec<\/td><td>10.00\u201312.00<\/td><\/tr><tr><td>Venerd\u00ec<\/td><td>Chiuso<\/td><\/tr><\/tbody><\/table><\/figure>\n<\/div>\n<\/div>\n<\/div>\n","protected":false},"excerpt":{"rendered":"<p>Siamo lieti di rispondere a qualsiasi domanda o di indirizzarvi ai nostri partner specializzati. [&hellip;]<\/p>\n","protected":false},"author":40,"featured_media":0,"parent":0,"menu_order":5,"comment_status":"closed","ping_status":"closed","template":"","meta":{"_acf_changed":false,"inline_featured_image":false,"footnotes":""},"class_list":["post-8572","page","type-page","status-publish","hentry"],"acf":[],"yoast_head":"<!-- This site is optimized with the Yoast SEO plugin v27.4 - https:\/\/yoast.com\/product\/yoast-seo-wordpress\/ -->\n<title>Contatto - SGB-FSS<\/title>\n<meta name=\"robots\" content=\"index, follow, max-snippet:-1, max-image-preview:large, max-video-preview:-1\" \/>\n<link rel=\"canonical\" href=\"https:\/\/www.sgb-fss.ch\/it\/contatto\/\" \/>\n<meta property=\"og:locale\" content=\"it_IT\" \/>\n<meta property=\"og:type\" content=\"article\" \/>\n<meta property=\"og:title\" content=\"Contatto - SGB-FSS\" \/>\n<meta property=\"og:description\" content=\"Siamo lieti di rispondere a qualsiasi domanda o di indirizzarvi ai nostri partner specializzati. [&hellip;]\" \/>\n<meta property=\"og:url\" content=\"https:\/\/www.sgb-fss.ch\/it\/contatto\/\" \/>\n<meta property=\"og:site_name\" content=\"SGB-FSS\" \/>\n<meta property=\"article:modified_time\" content=\"2026-03-30T14:34:04+00:00\" \/>\n<meta name=\"twitter:card\" content=\"summary_large_image\" \/>\n<meta name=\"twitter:label1\" content=\"Tempo di lettura stimato\" \/>\n\t<meta name=\"twitter:data1\" content=\"2 minuti\" \/>\n<script type=\"application\/ld+json\" class=\"yoast-schema-graph\">{\"@context\":\"https:\\\/\\\/schema.org\",\"@graph\":[{\"@type\":\"WebPage\",\"@id\":\"https:\\\/\\\/www.sgb-fss.ch\\\/it\\\/contatto\\\/\",\"url\":\"https:\\\/\\\/www.sgb-fss.ch\\\/it\\\/contatto\\\/\",\"name\":\"Contatto - SGB-FSS\",\"isPartOf\":{\"@id\":\"https:\\\/\\\/www.sgb-fss.ch\\\/de\\\/#website\"},\"datePublished\":\"2021-10-25T10:37:07+00:00\",\"dateModified\":\"2026-03-30T14:34:04+00:00\",\"breadcrumb\":{\"@id\":\"https:\\\/\\\/www.sgb-fss.ch\\\/it\\\/contatto\\\/#breadcrumb\"},\"inLanguage\":\"it-IT\",\"potentialAction\":[{\"@type\":\"ReadAction\",\"target\":[\"https:\\\/\\\/www.sgb-fss.ch\\\/it\\\/contatto\\\/\"]}]},{\"@type\":\"BreadcrumbList\",\"@id\":\"https:\\\/\\\/www.sgb-fss.ch\\\/it\\\/contatto\\\/#breadcrumb\",\"itemListElement\":[{\"@type\":\"ListItem\",\"position\":1,\"name\":\"Home\",\"item\":\"https:\\\/\\\/www.sgb-fss.ch\\\/it\\\/\"},{\"@type\":\"ListItem\",\"position\":2,\"name\":\"Contatto\"}]},{\"@type\":\"WebSite\",\"@id\":\"https:\\\/\\\/www.sgb-fss.ch\\\/de\\\/#website\",\"url\":\"https:\\\/\\\/www.sgb-fss.ch\\\/de\\\/\",\"name\":\"SGB-FSS\",\"description\":\"\",\"potentialAction\":[{\"@type\":\"SearchAction\",\"target\":{\"@type\":\"EntryPoint\",\"urlTemplate\":\"https:\\\/\\\/www.sgb-fss.ch\\\/de\\\/?s={search_term_string}\"},\"query-input\":{\"@type\":\"PropertyValueSpecification\",\"valueRequired\":true,\"valueName\":\"search_term_string\"}}],\"inLanguage\":\"it-IT\"}]}<\/script>\n<!-- \/ Yoast SEO plugin. -->","yoast_head_json":{"title":"Contatto - SGB-FSS","robots":{"index":"index","follow":"follow","max-snippet":"max-snippet:-1","max-image-preview":"max-image-preview:large","max-video-preview":"max-video-preview:-1"},"canonical":"https:\/\/www.sgb-fss.ch\/it\/contatto\/","og_locale":"it_IT","og_type":"article","og_title":"Contatto - SGB-FSS","og_description":"Siamo lieti di rispondere a qualsiasi domanda o di indirizzarvi ai nostri partner specializzati. [&hellip;]","og_url":"https:\/\/www.sgb-fss.ch\/it\/contatto\/","og_site_name":"SGB-FSS","article_modified_time":"2026-03-30T14:34:04+00:00","twitter_card":"summary_large_image","twitter_misc":{"Tempo di lettura stimato":"2 minuti"},"schema":{"@context":"https:\/\/schema.org","@graph":[{"@type":"WebPage","@id":"https:\/\/www.sgb-fss.ch\/it\/contatto\/","url":"https:\/\/www.sgb-fss.ch\/it\/contatto\/","name":"Contatto - SGB-FSS","isPartOf":{"@id":"https:\/\/www.sgb-fss.ch\/de\/#website"},"datePublished":"2021-10-25T10:37:07+00:00","dateModified":"2026-03-30T14:34:04+00:00","breadcrumb":{"@id":"https:\/\/www.sgb-fss.ch\/it\/contatto\/#breadcrumb"},"inLanguage":"it-IT","potentialAction":[{"@type":"ReadAction","target":["https:\/\/www.sgb-fss.ch\/it\/contatto\/"]}]},{"@type":"BreadcrumbList","@id":"https:\/\/www.sgb-fss.ch\/it\/contatto\/#breadcrumb","itemListElement":[{"@type":"ListItem","position":1,"name":"Home","item":"https:\/\/www.sgb-fss.ch\/it\/"},{"@type":"ListItem","position":2,"name":"Contatto"}]},{"@type":"WebSite","@id":"https:\/\/www.sgb-fss.ch\/de\/#website","url":"https:\/\/www.sgb-fss.ch\/de\/","name":"SGB-FSS","description":"","potentialAction":[{"@type":"SearchAction","target":{"@type":"EntryPoint","urlTemplate":"https:\/\/www.sgb-fss.ch\/de\/?s={search_term_string}"},"query-input":{"@type":"PropertyValueSpecification","valueRequired":true,"valueName":"search_term_string"}}],"inLanguage":"it-IT"}]}},"_links":{"self":[{"href":"https:\/\/www.sgb-fss.ch\/it\/wp-json\/wp\/v2\/pages\/8572","targetHints":{"allow":["GET"]}}],"collection":[{"href":"https:\/\/www.sgb-fss.ch\/it\/wp-json\/wp\/v2\/pages"}],"about":[{"href":"https:\/\/www.sgb-fss.ch\/it\/wp-json\/wp\/v2\/types\/page"}],"author":[{"embeddable":true,"href":"https:\/\/www.sgb-fss.ch\/it\/wp-json\/wp\/v2\/users\/40"}],"replies":[{"embeddable":true,"href":"https:\/\/www.sgb-fss.ch\/it\/wp-json\/wp\/v2\/comments?post=8572"}],"version-history":[{"count":68,"href":"https:\/\/www.sgb-fss.ch\/it\/wp-json\/wp\/v2\/pages\/8572\/revisions"}],"predecessor-version":[{"id":44568,"href":"https:\/\/www.sgb-fss.ch\/it\/wp-json\/wp\/v2\/pages\/8572\/revisions\/44568"}],"wp:attachment":[{"href":"https:\/\/www.sgb-fss.ch\/it\/wp-json\/wp\/v2\/media?parent=8572"}],"curies":[{"name":"wp","href":"https:\/\/api.w.org\/{rel}","templated":true}]}}