{"id":41073,"date":"2025-10-06T14:56:43","date_gmt":"2025-10-06T12:56:43","guid":{"rendered":"https:\/\/www.sgb-fss.ch\/?page_id=41073"},"modified":"2025-12-10T16:04:08","modified_gmt":"2025-12-10T15:04:08","slug":"segno-dell-anno","status":"publish","type":"page","link":"https:\/\/www.sgb-fss.ch\/it\/segno-dell-anno\/","title":{"rendered":"Segno dell\u2019anno 2025"},"content":{"rendered":"\n<p class=\"is-style-lead\">Qual&#8217; \u00e8 il segno che ha caratterizzato il 2025? Il \u00abSegno dell\u2019anno\u00bb mostra ci\u00f2 che muove la nostra comunit\u00e0 delle lingue dei segni.<\/p>\n\n\n\n<div class=\"wp-block-group has-sgb-fss-blue-30-background-color has-background is-layout-constrained wp-block-group-is-layout-constrained\">\n<h2 class=\"wp-block-heading has-text-align-center\"><strong><strong>\u00abInclusione\u00bb<\/strong><\/strong><\/h2>\n\n\n\n<figure class=\"wp-block-video\"><video height=\"720\" style=\"aspect-ratio: 1280 \/ 720;\" width=\"1280\" controls src=\"https:\/\/www.sgb-fss.ch\/content\/uploads\/inclusione.mp4\"><\/video><\/figure>\n\n\n\n<p>Questo segno \u00abInclusione\u00bb rappresenta le esperienze e le esigenze delle persone sorde e deboli d\u2019udito in Svizzera. Una vera inclusione significa essere coinvolti in modo naturale in tutti gli ambiti della societ\u00e0. Per questo servono pari diritti e accesso alla comunicazione. Centrale \u00e8 il riconoscimento delle lingue dei segni in Svizzera \u2013 perch\u00e9 senza lingua non pu\u00f2 esserci una vera inclusione.<\/p>\n<\/div>\n\n\n\n<p class=\"has-text-align-center\"><a href=\"https:\/\/www.sgb-fss.ch\/it\/aktuell\/inclusione-e-il-segno-dellanno-2025\/\"><u>Maggiori informazioni nel comunicato stampa<\/u><\/a><\/p>\n\n\n\n<figure class=\"wp-block-image size-large\"><img loading=\"lazy\" decoding=\"async\" width=\"1024\" height=\"505\" src=\"https:\/\/www.sgb-fss.ch\/content\/uploads\/\/logo-gebarde-des-jahres_o_2025_trans_slider-1024x505.png\" alt=\"\" class=\"wp-image-41047\" srcset=\"https:\/\/www.sgb-fss.ch\/content\/uploads\/logo-gebarde-des-jahres_o_2025_trans_slider-1024x505.png 1024w, https:\/\/www.sgb-fss.ch\/content\/uploads\/logo-gebarde-des-jahres_o_2025_trans_slider-300x148.png 300w, https:\/\/www.sgb-fss.ch\/content\/uploads\/logo-gebarde-des-jahres_o_2025_trans_slider-150x74.png 150w, https:\/\/www.sgb-fss.ch\/content\/uploads\/logo-gebarde-des-jahres_o_2025_trans_slider-768x379.png 768w, https:\/\/www.sgb-fss.ch\/content\/uploads\/logo-gebarde-des-jahres_o_2025_trans_slider-1536x758.png 1536w, https:\/\/www.sgb-fss.ch\/content\/uploads\/logo-gebarde-des-jahres_o_2025_trans_slider-200x100.png 200w, https:\/\/www.sgb-fss.ch\/content\/uploads\/logo-gebarde-des-jahres_o_2025_trans_slider.png 1647w\" sizes=\"auto, (max-width: 1024px) 100vw, 1024px\" \/><\/figure>\n\n\n\n<h2 class=\"wp-block-heading\" id=\"selezione\"><strong>Come funziona la selezione<\/strong><\/h2>\n\n\n\n<h3 class=\"wp-block-heading\"><strong>1\ufe0f\u20e3 <strong>Invio delle proposte<\/strong><\/strong><\/h3>\n\n\n\n<p>Fino al <strong><mark style=\"background-color:rgba(0, 0, 0, 0)\" class=\"has-inline-color has-terrakotta-color\">26 ottobre<\/mark><\/strong> puoi inviare le tue idee con un messaggio o un commento su Instagram\/Facebook oppure via e-mail. Scrivi brevemente perch\u00e9 il segno \u00e8 importante o rappresentativo per quest\u2019anno.<\/p>\n\n\n\n<h3 class=\"wp-block-heading\"><strong>2\ufe0f\u20e3 <strong>Selezione preliminare da parte di esperti<\/strong><\/strong><\/h3>\n\n\n\n<p>Un gruppo di esperti della lingua dei segni \u2013 composto da persone sorde \u2013 esaminer\u00e0 tutte le proposte. Saranno scelti tre segni particolarmente rilevanti, comprensibili e  coerenti dal punto di vista linguistico.<\/p>\n\n\n\n<h3 class=\"wp-block-heading\"><strong>3\ufe0f\u20e3 <strong>Votazione della comunit\u00e0<\/strong><\/strong><\/h3>\n\n\n\n<p>La comunit\u00e0 delle lingue dei segni decide: dal <strong><mark style=\"background-color:rgba(0, 0, 0, 0)\" class=\"has-inline-color has-terrakotta-color\">24 novembre al 8 dicembre<\/mark><\/strong> voteremo online quale segno diventer\u00e0 Segno dell\u2019anno 2025.<\/p>\n\n\n\n<h3 class=\"wp-block-heading\"><strong>4\ufe0f\u20e3 <strong>Annuncio del segno vincitore<\/strong><\/strong><\/h3>\n\n\n\n<p>Il <strong><mark style=\"background-color:rgba(0, 0, 0, 0)\" class=\"has-inline-color has-terrakotta-color\">10 dicembre<\/mark><\/strong> verr\u00e0 presentato ufficialmente il \u00abSegno dell\u2019anno\u00bb.<\/p>\n\n\n\n<div class=\"wp-block-group has-sgb-fss-blue-15-background-color has-background is-layout-constrained wp-block-group-is-layout-constrained\">\n<div class=\"wp-block-columns is-layout-flex wp-container-core-columns-is-layout-9d6595d7 wp-block-columns-is-layout-flex\">\n<div class=\"wp-block-column is-layout-flow wp-block-column-is-layout-flow\" style=\"flex-basis:100%\">\n<h2 class=\"wp-block-heading\" id=\"faq\">FAQ&#8217;s<\/h2>\n\n\n<div class=\"block-expandable\" data-init=\"expandable\" id=\"block_4ea76299c772a5804d3850e71d18d33f\" data-block=\"Expandable\">\n    <button class=\"block-expandable__trigger\" data-expandable=\"trigger\" aria-controls=\"block_4ea76299c772a5804d3850e71d18d33f--content\" aria-expanded=\"false\">\n     <p>Chi pu\u00f2 partecipare?<\/p>\n\n      <i class=\"block-expandable__icon\"><\/i>\n    <\/button>\n    <div id=\"block_4ea76299c772a5804d3850e71d18d33f--content\" class=\"block-expandable__content\" data-expandable=\"content\" aria-hidden=\"true\">\n      <div>\n        \n\n<p>Tutte le persone che si sentono parte della comunit\u00e0 delle lingue dei segni &#8211; sorde, deboli d&#8217;udito o udenti.<\/p>\n\n\n      <\/div>\n    <\/div>\n<\/div>\n\n\n<div class=\"block-expandable\" data-init=\"expandable\" id=\"block_06bdc5a7ffaf643becfbc87324289143\" data-block=\"Expandable\">\n    <button class=\"block-expandable__trigger\" data-expandable=\"trigger\" aria-controls=\"block_06bdc5a7ffaf643becfbc87324289143--content\" aria-expanded=\"false\">\n     <p>Quali segni possono essere proposti?<\/p>\n\n      <i class=\"block-expandable__icon\"><\/i>\n    <\/button>\n    <div id=\"block_06bdc5a7ffaf643becfbc87324289143--content\" class=\"block-expandable__content\" data-expandable=\"content\" aria-hidden=\"true\">\n      <div>\n        \n\n<p>Sono benvenuti tutti i segni relativi a temi, persone, eventi ecc. &#8211; sia segni nuovi che  gi\u00e0 esistenti, purch\u00e9 attuali e significativi.<\/p>\n\n\n      <\/div>\n    <\/div>\n<\/div>\n\n\n<div class=\"block-expandable\" data-init=\"expandable\" id=\"block_5cf6ba6a1aad2cb46e3549463b229c1e\" data-block=\"Expandable\">\n    <button class=\"block-expandable__trigger\" data-expandable=\"trigger\" aria-controls=\"block_5cf6ba6a1aad2cb46e3549463b229c1e--content\" aria-expanded=\"false\">\n     <p>Perch\u00e9 lo facciamo?<\/p>\n\n      <i class=\"block-expandable__icon\"><\/i>\n    <\/button>\n    <div id=\"block_5cf6ba6a1aad2cb46e3549463b229c1e--content\" class=\"block-expandable__content\" data-expandable=\"content\" aria-hidden=\"true\">\n      <div>\n        \n\n<p>Perch\u00e9 si tratta di lingua, partecipazione e identit\u00e0. Il \u00abSegno dell\u2019anno\u00bb rafforza la visibilit\u00e0 delle lingue dei segni e mostra quali temi stanno a cuore alla comunit\u00e0.<br><\/p>\n\n\n      <\/div>\n    <\/div>\n<\/div>\n\n\n<div class=\"block-expandable\" data-init=\"expandable\" id=\"block_dea9fba5fed55a7ac4b77cd6b6b4b8b5\" data-block=\"Expandable\">\n    <button class=\"block-expandable__trigger\" data-expandable=\"trigger\" aria-controls=\"block_dea9fba5fed55a7ac4b77cd6b6b4b8b5--content\" aria-expanded=\"false\">\n     <p>Come posso partecipare?<\/p>\n\n      <i class=\"block-expandable__icon\"><\/i>\n    <\/button>\n    <div id=\"block_dea9fba5fed55a7ac4b77cd6b6b4b8b5--content\" class=\"block-expandable__content\" data-expandable=\"content\" aria-hidden=\"true\">\n      <div>\n        \n\n<p>Puoi proporre idee e partecipare al voto finale.<\/p>\n\n\n\n<p><strong>Proposte: <\/strong>Invia la tua idea tramite messaggio o commento su Instagram o Facebook oppure via e-mail. Spiega brevemente perch\u00e9 il segno \u00e8 importante o rappresenta bene il 2025.<\/p>\n\n\n\n<p><strong>Votazione:<\/strong> La votazione avverr\u00e0 esclusivamente sul sito web. Per partecipare, \u00e8 necessario indicare il proprio indirizzo e-mail.<\/p>\n\n\n      <\/div>\n    <\/div>\n<\/div>\n\n\n<div class=\"block-expandable\" data-init=\"expandable\" id=\"block_32f8de5a6923466ec44c0f01a9159bbd\" data-block=\"Expandable\">\n    <button class=\"block-expandable__trigger\" data-expandable=\"trigger\" aria-controls=\"block_32f8de5a6923466ec44c0f01a9159bbd--content\" aria-expanded=\"false\">\n     <p>Come viene scelto il segno?<\/p>\n\n      <i class=\"block-expandable__icon\"><\/i>\n    <\/button>\n    <div id=\"block_32f8de5a6923466ec44c0f01a9159bbd--content\" class=\"block-expandable__content\" data-expandable=\"content\" aria-hidden=\"true\">\n      <div>\n        \n\n<p>La base sono tutte le idee provenienti dalla comunit\u00e0.<br>Un gruppo di esperti (persone sorde attive nei settori della lingua, della cultura e della comunit\u00e0) seleziona i tre segni pi\u00f9 significativi.<br>Succesivamente, la comunit\u00e0 vota e decide quale segno rappresenta l\u2019anno 2025.<\/p>\n\n\n      <\/div>\n    <\/div>\n<\/div>\n<\/div>\n<\/div>\n<\/div>\n\n\n\n<p><\/p>\n","protected":false},"excerpt":{"rendered":"<p>Qual&#8217; \u00e8 il segno che ha caratterizzato il 2025? Il \u00abSegno dell\u2019anno\u00bb mostra ci\u00f2 [&hellip;]<\/p>\n","protected":false},"author":81,"featured_media":0,"parent":0,"menu_order":0,"comment_status":"closed","ping_status":"closed","template":"","meta":{"_acf_changed":false,"inline_featured_image":false,"footnotes":""},"class_list":["post-41073","page","type-page","status-publish","hentry"],"acf":[],"yoast_head":"<!-- This site is optimized with the Yoast SEO plugin v27.4 - https:\/\/yoast.com\/product\/yoast-seo-wordpress\/ -->\n<title>Segno dell\u2019anno 2025 - SGB-FSS<\/title>\n<meta name=\"robots\" content=\"index, follow, max-snippet:-1, max-image-preview:large, max-video-preview:-1\" \/>\n<link rel=\"canonical\" href=\"https:\/\/www.sgb-fss.ch\/it\/segno-dell-anno\/\" \/>\n<meta property=\"og:locale\" content=\"it_IT\" \/>\n<meta property=\"og:type\" content=\"article\" \/>\n<meta property=\"og:title\" content=\"Segno dell\u2019anno 2025 - SGB-FSS\" \/>\n<meta property=\"og:description\" content=\"Qual&#8217; \u00e8 il segno che ha caratterizzato il 2025? Il \u00abSegno dell\u2019anno\u00bb mostra ci\u00f2 [&hellip;]\" \/>\n<meta property=\"og:url\" content=\"https:\/\/www.sgb-fss.ch\/it\/segno-dell-anno\/\" \/>\n<meta property=\"og:site_name\" content=\"SGB-FSS\" \/>\n<meta property=\"article:modified_time\" content=\"2025-12-10T15:04:08+00:00\" \/>\n<meta property=\"og:image\" content=\"https:\/\/www.sgb-fss.ch\/content\/uploads\/logo-gebarde-des-jahres_o_2025_trans_slider.png\" \/>\n\t<meta property=\"og:image:width\" content=\"1647\" \/>\n\t<meta property=\"og:image:height\" content=\"813\" \/>\n\t<meta property=\"og:image:type\" content=\"image\/png\" \/>\n<meta name=\"twitter:card\" content=\"summary_large_image\" \/>\n<meta name=\"twitter:label1\" content=\"Tempo di lettura stimato\" \/>\n\t<meta name=\"twitter:data1\" content=\"3 minuti\" \/>\n<script type=\"application\/ld+json\" class=\"yoast-schema-graph\">{\"@context\":\"https:\\\/\\\/schema.org\",\"@graph\":[{\"@type\":\"WebPage\",\"@id\":\"https:\\\/\\\/www.sgb-fss.ch\\\/it\\\/segno-dell-anno\\\/\",\"url\":\"https:\\\/\\\/www.sgb-fss.ch\\\/it\\\/segno-dell-anno\\\/\",\"name\":\"Segno dell\u2019anno 2025 - SGB-FSS\",\"isPartOf\":{\"@id\":\"https:\\\/\\\/www.sgb-fss.ch\\\/de\\\/#website\"},\"primaryImageOfPage\":{\"@id\":\"https:\\\/\\\/www.sgb-fss.ch\\\/it\\\/segno-dell-anno\\\/#primaryimage\"},\"image\":{\"@id\":\"https:\\\/\\\/www.sgb-fss.ch\\\/it\\\/segno-dell-anno\\\/#primaryimage\"},\"thumbnailUrl\":\"https:\\\/\\\/www.sgb-fss.ch\\\/content\\\/uploads\\\/\\\/logo-gebarde-des-jahres_o_2025_trans_slider-1024x505.png\",\"datePublished\":\"2025-10-06T12:56:43+00:00\",\"dateModified\":\"2025-12-10T15:04:08+00:00\",\"breadcrumb\":{\"@id\":\"https:\\\/\\\/www.sgb-fss.ch\\\/it\\\/segno-dell-anno\\\/#breadcrumb\"},\"inLanguage\":\"it-IT\",\"potentialAction\":[{\"@type\":\"ReadAction\",\"target\":[\"https:\\\/\\\/www.sgb-fss.ch\\\/it\\\/segno-dell-anno\\\/\"]}]},{\"@type\":\"ImageObject\",\"inLanguage\":\"it-IT\",\"@id\":\"https:\\\/\\\/www.sgb-fss.ch\\\/it\\\/segno-dell-anno\\\/#primaryimage\",\"url\":\"https:\\\/\\\/www.sgb-fss.ch\\\/content\\\/uploads\\\/\\\/logo-gebarde-des-jahres_o_2025_trans_slider-1024x505.png\",\"contentUrl\":\"https:\\\/\\\/www.sgb-fss.ch\\\/content\\\/uploads\\\/\\\/logo-gebarde-des-jahres_o_2025_trans_slider-1024x505.png\"},{\"@type\":\"BreadcrumbList\",\"@id\":\"https:\\\/\\\/www.sgb-fss.ch\\\/it\\\/segno-dell-anno\\\/#breadcrumb\",\"itemListElement\":[{\"@type\":\"ListItem\",\"position\":1,\"name\":\"Home\",\"item\":\"https:\\\/\\\/www.sgb-fss.ch\\\/it\\\/\"},{\"@type\":\"ListItem\",\"position\":2,\"name\":\"Segno dell\u2019anno 2025\"}]},{\"@type\":\"WebSite\",\"@id\":\"https:\\\/\\\/www.sgb-fss.ch\\\/de\\\/#website\",\"url\":\"https:\\\/\\\/www.sgb-fss.ch\\\/de\\\/\",\"name\":\"SGB-FSS\",\"description\":\"\",\"potentialAction\":[{\"@type\":\"SearchAction\",\"target\":{\"@type\":\"EntryPoint\",\"urlTemplate\":\"https:\\\/\\\/www.sgb-fss.ch\\\/de\\\/?s={search_term_string}\"},\"query-input\":{\"@type\":\"PropertyValueSpecification\",\"valueRequired\":true,\"valueName\":\"search_term_string\"}}],\"inLanguage\":\"it-IT\"}]}<\/script>\n<!-- \/ Yoast SEO plugin. -->","yoast_head_json":{"title":"Segno dell\u2019anno 2025 - SGB-FSS","robots":{"index":"index","follow":"follow","max-snippet":"max-snippet:-1","max-image-preview":"max-image-preview:large","max-video-preview":"max-video-preview:-1"},"canonical":"https:\/\/www.sgb-fss.ch\/it\/segno-dell-anno\/","og_locale":"it_IT","og_type":"article","og_title":"Segno dell\u2019anno 2025 - SGB-FSS","og_description":"Qual&#8217; \u00e8 il segno che ha caratterizzato il 2025? Il \u00abSegno dell\u2019anno\u00bb mostra ci\u00f2 [&hellip;]","og_url":"https:\/\/www.sgb-fss.ch\/it\/segno-dell-anno\/","og_site_name":"SGB-FSS","article_modified_time":"2025-12-10T15:04:08+00:00","og_image":[{"width":1647,"height":813,"url":"https:\/\/www.sgb-fss.ch\/content\/uploads\/logo-gebarde-des-jahres_o_2025_trans_slider.png","type":"image\/png"}],"twitter_card":"summary_large_image","twitter_misc":{"Tempo di lettura stimato":"3 minuti"},"schema":{"@context":"https:\/\/schema.org","@graph":[{"@type":"WebPage","@id":"https:\/\/www.sgb-fss.ch\/it\/segno-dell-anno\/","url":"https:\/\/www.sgb-fss.ch\/it\/segno-dell-anno\/","name":"Segno dell\u2019anno 2025 - SGB-FSS","isPartOf":{"@id":"https:\/\/www.sgb-fss.ch\/de\/#website"},"primaryImageOfPage":{"@id":"https:\/\/www.sgb-fss.ch\/it\/segno-dell-anno\/#primaryimage"},"image":{"@id":"https:\/\/www.sgb-fss.ch\/it\/segno-dell-anno\/#primaryimage"},"thumbnailUrl":"https:\/\/www.sgb-fss.ch\/content\/uploads\/\/logo-gebarde-des-jahres_o_2025_trans_slider-1024x505.png","datePublished":"2025-10-06T12:56:43+00:00","dateModified":"2025-12-10T15:04:08+00:00","breadcrumb":{"@id":"https:\/\/www.sgb-fss.ch\/it\/segno-dell-anno\/#breadcrumb"},"inLanguage":"it-IT","potentialAction":[{"@type":"ReadAction","target":["https:\/\/www.sgb-fss.ch\/it\/segno-dell-anno\/"]}]},{"@type":"ImageObject","inLanguage":"it-IT","@id":"https:\/\/www.sgb-fss.ch\/it\/segno-dell-anno\/#primaryimage","url":"https:\/\/www.sgb-fss.ch\/content\/uploads\/\/logo-gebarde-des-jahres_o_2025_trans_slider-1024x505.png","contentUrl":"https:\/\/www.sgb-fss.ch\/content\/uploads\/\/logo-gebarde-des-jahres_o_2025_trans_slider-1024x505.png"},{"@type":"BreadcrumbList","@id":"https:\/\/www.sgb-fss.ch\/it\/segno-dell-anno\/#breadcrumb","itemListElement":[{"@type":"ListItem","position":1,"name":"Home","item":"https:\/\/www.sgb-fss.ch\/it\/"},{"@type":"ListItem","position":2,"name":"Segno dell\u2019anno 2025"}]},{"@type":"WebSite","@id":"https:\/\/www.sgb-fss.ch\/de\/#website","url":"https:\/\/www.sgb-fss.ch\/de\/","name":"SGB-FSS","description":"","potentialAction":[{"@type":"SearchAction","target":{"@type":"EntryPoint","urlTemplate":"https:\/\/www.sgb-fss.ch\/de\/?s={search_term_string}"},"query-input":{"@type":"PropertyValueSpecification","valueRequired":true,"valueName":"search_term_string"}}],"inLanguage":"it-IT"}]}},"_links":{"self":[{"href":"https:\/\/www.sgb-fss.ch\/it\/wp-json\/wp\/v2\/pages\/41073","targetHints":{"allow":["GET"]}}],"collection":[{"href":"https:\/\/www.sgb-fss.ch\/it\/wp-json\/wp\/v2\/pages"}],"about":[{"href":"https:\/\/www.sgb-fss.ch\/it\/wp-json\/wp\/v2\/types\/page"}],"author":[{"embeddable":true,"href":"https:\/\/www.sgb-fss.ch\/it\/wp-json\/wp\/v2\/users\/81"}],"replies":[{"embeddable":true,"href":"https:\/\/www.sgb-fss.ch\/it\/wp-json\/wp\/v2\/comments?post=41073"}],"version-history":[{"count":18,"href":"https:\/\/www.sgb-fss.ch\/it\/wp-json\/wp\/v2\/pages\/41073\/revisions"}],"predecessor-version":[{"id":42394,"href":"https:\/\/www.sgb-fss.ch\/it\/wp-json\/wp\/v2\/pages\/41073\/revisions\/42394"}],"wp:attachment":[{"href":"https:\/\/www.sgb-fss.ch\/it\/wp-json\/wp\/v2\/media?parent=41073"}],"curies":[{"name":"wp","href":"https:\/\/api.w.org\/{rel}","templated":true}]}}