{"id":35665,"date":"2024-10-08T14:59:43","date_gmt":"2024-10-08T12:59:43","guid":{"rendered":"https:\/\/www.sgb-fss.ch\/?page_id=35665"},"modified":"2024-10-08T15:00:35","modified_gmt":"2024-10-08T13:00:35","slug":"condizioni-di-utilizzo","status":"publish","type":"page","link":"https:\/\/www.sgb-fss.ch\/it\/condizioni-di-utilizzo\/","title":{"rendered":"Condizioni di utilizzo"},"content":{"rendered":"\n<h2 class=\"wp-block-heading\"><strong>Propriet\u00e0 e diritti di utilizzo<\/strong><\/h2>\n\n\n\n<p>I contenuti del sito web e, in particolare, i video in lingua dei segni sono di propriet\u00e0 della Federazione svizzera dei sordi (SGB-FSS) e tutelati dal diritto d\u2019autore. Senza il previo consenso scritto della SGB-FSS, i video non possono essere modificati, trasmessi, diffusi, memorizzati, copiati o ripubblicati. L\u2019utilizzo del materiale messo a disposizione \u00e8 consentito esclusivamente per scopi privati e non commerciali. Ogni utilizzo deve essere accompagnato da una chiara indicazione della fonte.<\/p>\n\n\n\n<p>Non \u00e8 consentito il framing di pagine di questo sito web (ad esempio l\u2019integrazione in un altro sito web).<\/p>\n\n\n\n<h2 class=\"wp-block-heading\"><strong>Responsabilit\u00e0<\/strong><\/h2>\n\n\n\n<p>La SGB-FSS non risponde di eventuali danni derivanti dall\u2019utilizzo dei contenuti. Ci\u00f2 vale per tutti i tipi di danni, in particolare danni causati da errori, ritardi o interruzioni nella trasmissione, malfunzionamenti dell\u2019infrastruttura tecnica o virus.<\/p>\n\n\n\n<h2 class=\"wp-block-heading\"><strong>Qualit\u00e0 e produzione<\/strong><\/h2>\n\n\n\n<p>I video vengono realizzati da persone madrelingua, al fine di garantire la massima qualit\u00e0. Tuttavia, la SGB-FSS non si assume alcuna responsabilit\u00e0 in merito alla correttezza, completezza e attualit\u00e0 dei contenuti.<\/p>\n\n\n\n<h2 class=\"wp-block-heading\"><strong>Modifiche alle condizioni di utilizzo<\/strong> <\/h2>\n\n\n\n<p>La SGB-FSS si riserva il diritto di modificare in qualsiasi momento le presenti condizioni di utilizzo. La continuazione dell\u2019utilizzo dei video dopo tali modifiche costituisce un consenso alle nuove condizioni.<\/p>\n","protected":false},"excerpt":{"rendered":"<p>Propriet\u00e0 e diritti di utilizzo I contenuti del sito web e, in particolare, i [&hellip;]<\/p>\n","protected":false},"author":81,"featured_media":0,"parent":0,"menu_order":0,"comment_status":"closed","ping_status":"closed","template":"","meta":{"_acf_changed":false,"inline_featured_image":false,"footnotes":""},"class_list":["post-35665","page","type-page","status-publish","hentry"],"acf":[],"yoast_head":"<!-- This site is optimized with the Yoast SEO plugin v27.4 - https:\/\/yoast.com\/product\/yoast-seo-wordpress\/ -->\n<title>Condizioni di utilizzo - SGB-FSS<\/title>\n<meta name=\"description\" content=\"L&#039;utilizzo dei siti web della Federazione Svizzera dei Sordi (SGB-FSS) \u00e8 soggetto alle condizioni di utilizzo.\" \/>\n<meta name=\"robots\" content=\"index, follow, max-snippet:-1, max-image-preview:large, max-video-preview:-1\" \/>\n<link rel=\"canonical\" href=\"https:\/\/www.sgb-fss.ch\/it\/condizioni-di-utilizzo\/\" \/>\n<meta property=\"og:locale\" content=\"it_IT\" \/>\n<meta property=\"og:type\" content=\"article\" \/>\n<meta property=\"og:title\" content=\"Condizioni di utilizzo - SGB-FSS\" \/>\n<meta property=\"og:description\" content=\"L&#039;utilizzo dei siti web della Federazione Svizzera dei Sordi (SGB-FSS) \u00e8 soggetto alle condizioni di utilizzo.\" \/>\n<meta property=\"og:url\" content=\"https:\/\/www.sgb-fss.ch\/it\/condizioni-di-utilizzo\/\" \/>\n<meta property=\"og:site_name\" content=\"SGB-FSS\" \/>\n<meta property=\"article:modified_time\" content=\"2024-10-08T13:00:35+00:00\" \/>\n<meta name=\"twitter:card\" content=\"summary_large_image\" \/>\n<meta name=\"twitter:label1\" content=\"Tempo di lettura stimato\" \/>\n\t<meta name=\"twitter:data1\" content=\"2 minuti\" \/>\n<script type=\"application\/ld+json\" class=\"yoast-schema-graph\">{\"@context\":\"https:\\\/\\\/schema.org\",\"@graph\":[{\"@type\":\"WebPage\",\"@id\":\"https:\\\/\\\/www.sgb-fss.ch\\\/it\\\/condizioni-di-utilizzo\\\/\",\"url\":\"https:\\\/\\\/www.sgb-fss.ch\\\/it\\\/condizioni-di-utilizzo\\\/\",\"name\":\"Condizioni di utilizzo - SGB-FSS\",\"isPartOf\":{\"@id\":\"https:\\\/\\\/www.sgb-fss.ch\\\/de\\\/#website\"},\"datePublished\":\"2024-10-08T12:59:43+00:00\",\"dateModified\":\"2024-10-08T13:00:35+00:00\",\"description\":\"L'utilizzo dei siti web della Federazione Svizzera dei Sordi (SGB-FSS) \u00e8 soggetto alle condizioni di utilizzo.\",\"breadcrumb\":{\"@id\":\"https:\\\/\\\/www.sgb-fss.ch\\\/it\\\/condizioni-di-utilizzo\\\/#breadcrumb\"},\"inLanguage\":\"it-IT\",\"potentialAction\":[{\"@type\":\"ReadAction\",\"target\":[\"https:\\\/\\\/www.sgb-fss.ch\\\/it\\\/condizioni-di-utilizzo\\\/\"]}]},{\"@type\":\"BreadcrumbList\",\"@id\":\"https:\\\/\\\/www.sgb-fss.ch\\\/it\\\/condizioni-di-utilizzo\\\/#breadcrumb\",\"itemListElement\":[{\"@type\":\"ListItem\",\"position\":1,\"name\":\"Home\",\"item\":\"https:\\\/\\\/www.sgb-fss.ch\\\/it\\\/\"},{\"@type\":\"ListItem\",\"position\":2,\"name\":\"Condizioni di utilizzo\"}]},{\"@type\":\"WebSite\",\"@id\":\"https:\\\/\\\/www.sgb-fss.ch\\\/de\\\/#website\",\"url\":\"https:\\\/\\\/www.sgb-fss.ch\\\/de\\\/\",\"name\":\"SGB-FSS\",\"description\":\"\",\"potentialAction\":[{\"@type\":\"SearchAction\",\"target\":{\"@type\":\"EntryPoint\",\"urlTemplate\":\"https:\\\/\\\/www.sgb-fss.ch\\\/de\\\/?s={search_term_string}\"},\"query-input\":{\"@type\":\"PropertyValueSpecification\",\"valueRequired\":true,\"valueName\":\"search_term_string\"}}],\"inLanguage\":\"it-IT\"}]}<\/script>\n<!-- \/ Yoast SEO plugin. -->","yoast_head_json":{"title":"Condizioni di utilizzo - SGB-FSS","description":"L'utilizzo dei siti web della Federazione Svizzera dei Sordi (SGB-FSS) \u00e8 soggetto alle condizioni di utilizzo.","robots":{"index":"index","follow":"follow","max-snippet":"max-snippet:-1","max-image-preview":"max-image-preview:large","max-video-preview":"max-video-preview:-1"},"canonical":"https:\/\/www.sgb-fss.ch\/it\/condizioni-di-utilizzo\/","og_locale":"it_IT","og_type":"article","og_title":"Condizioni di utilizzo - SGB-FSS","og_description":"L'utilizzo dei siti web della Federazione Svizzera dei Sordi (SGB-FSS) \u00e8 soggetto alle condizioni di utilizzo.","og_url":"https:\/\/www.sgb-fss.ch\/it\/condizioni-di-utilizzo\/","og_site_name":"SGB-FSS","article_modified_time":"2024-10-08T13:00:35+00:00","twitter_card":"summary_large_image","twitter_misc":{"Tempo di lettura stimato":"2 minuti"},"schema":{"@context":"https:\/\/schema.org","@graph":[{"@type":"WebPage","@id":"https:\/\/www.sgb-fss.ch\/it\/condizioni-di-utilizzo\/","url":"https:\/\/www.sgb-fss.ch\/it\/condizioni-di-utilizzo\/","name":"Condizioni di utilizzo - SGB-FSS","isPartOf":{"@id":"https:\/\/www.sgb-fss.ch\/de\/#website"},"datePublished":"2024-10-08T12:59:43+00:00","dateModified":"2024-10-08T13:00:35+00:00","description":"L'utilizzo dei siti web della Federazione Svizzera dei Sordi (SGB-FSS) \u00e8 soggetto alle condizioni di utilizzo.","breadcrumb":{"@id":"https:\/\/www.sgb-fss.ch\/it\/condizioni-di-utilizzo\/#breadcrumb"},"inLanguage":"it-IT","potentialAction":[{"@type":"ReadAction","target":["https:\/\/www.sgb-fss.ch\/it\/condizioni-di-utilizzo\/"]}]},{"@type":"BreadcrumbList","@id":"https:\/\/www.sgb-fss.ch\/it\/condizioni-di-utilizzo\/#breadcrumb","itemListElement":[{"@type":"ListItem","position":1,"name":"Home","item":"https:\/\/www.sgb-fss.ch\/it\/"},{"@type":"ListItem","position":2,"name":"Condizioni di utilizzo"}]},{"@type":"WebSite","@id":"https:\/\/www.sgb-fss.ch\/de\/#website","url":"https:\/\/www.sgb-fss.ch\/de\/","name":"SGB-FSS","description":"","potentialAction":[{"@type":"SearchAction","target":{"@type":"EntryPoint","urlTemplate":"https:\/\/www.sgb-fss.ch\/de\/?s={search_term_string}"},"query-input":{"@type":"PropertyValueSpecification","valueRequired":true,"valueName":"search_term_string"}}],"inLanguage":"it-IT"}]}},"_links":{"self":[{"href":"https:\/\/www.sgb-fss.ch\/it\/wp-json\/wp\/v2\/pages\/35665","targetHints":{"allow":["GET"]}}],"collection":[{"href":"https:\/\/www.sgb-fss.ch\/it\/wp-json\/wp\/v2\/pages"}],"about":[{"href":"https:\/\/www.sgb-fss.ch\/it\/wp-json\/wp\/v2\/types\/page"}],"author":[{"embeddable":true,"href":"https:\/\/www.sgb-fss.ch\/it\/wp-json\/wp\/v2\/users\/81"}],"replies":[{"embeddable":true,"href":"https:\/\/www.sgb-fss.ch\/it\/wp-json\/wp\/v2\/comments?post=35665"}],"version-history":[{"count":1,"href":"https:\/\/www.sgb-fss.ch\/it\/wp-json\/wp\/v2\/pages\/35665\/revisions"}],"predecessor-version":[{"id":35667,"href":"https:\/\/www.sgb-fss.ch\/it\/wp-json\/wp\/v2\/pages\/35665\/revisions\/35667"}],"wp:attachment":[{"href":"https:\/\/www.sgb-fss.ch\/it\/wp-json\/wp\/v2\/media?parent=35665"}],"curies":[{"name":"wp","href":"https:\/\/api.w.org\/{rel}","templated":true}]}}