{"id":29498,"date":"2023-12-13T18:01:31","date_gmt":"2023-12-13T17:01:31","guid":{"rendered":"https:\/\/www.sgb-fss.ch\/?page_id=29498"},"modified":"2023-12-13T18:02:07","modified_gmt":"2023-12-13T17:02:07","slug":"regolamento-del-servizio-giuridico","status":"publish","type":"page","link":"https:\/\/www.sgb-fss.ch\/it\/regolamento-del-servizio-giuridico\/","title":{"rendered":"Regolamento del servizio giuridico"},"content":{"rendered":"\n<p class=\"is-style-lead\">La dichiarazione sulla protezione dei dati si applica ai servizi della Federazione Svizzera dei Sordi. La Social-Media Netiquette mira a promuovere relazioni rispettose sui nostri canali di social media.<\/p>\n\n\n\n<div class=\"wp-block-columns is-layout-flex wp-container-core-columns-is-layout-9d6595d7 wp-block-columns-is-layout-flex\">\n<div class=\"wp-block-column is-layout-flow wp-block-column-is-layout-flow\" style=\"flex-basis:100%\">\n<div class=\"wp-block-group has-pflaume-10-background-color has-background is-layout-constrained wp-block-group-is-layout-constrained\">\n<p><strong>Stato: 01.01.2024<br><\/strong><br><strong>1. Ambito d&#8217;azione<\/strong><\/p>\n\n\n\n<p>La Federazione svizzera dei sordi SGB-FSS offre consulenza giuridica in:<\/p>\n\n\n\n<ul class=\"wp-block-list\">\n<li>cause di diritto pubblico, in particolare negli ambiti del diritto delle assicurazioni sociali,<\/li>\n\n\n\n<li>cause di diritto civile, in particolare nell&#8217;ambito del diritto della discriminazione.<\/li>\n<\/ul>\n\n\n\n<p>Si pu\u00f2 usufruire dell\u2019offerta solo in caso di questioni giuridiche che hanno un nesso diretto e immediato con la sordit\u00e0 o altre disabilit\u00e0 uditive.<\/p>\n\n\n\n<p>Il servizio legale della Federazione dei Sordi non \u00e8 disponibile per fornire consulenze legali ai dipendenti della stessa Federazione dei Sordi riguardo al loro rapporto di lavoro.<\/p>\n\n\n\n<p>I membri collettivi hanno la facolt\u00e0 di richiedere informazioni sul sistema associativo. Tuttavia, si specifica che il servizio legale della Federazione dei Sordi non \u00e8 destinato a fornire consulenze legali in merito a rapporti di lavoro, sanzioni, questioni di diritto penale e controversie di diritto privato.<\/p>\n\n\n\n<p><strong><strong>2. <\/strong>Costi consulenza giuridica<\/strong><\/p>\n\n\n\n<p>Siamo lieti di offrirvi gratuitamente una breve consulenza legale.<\/p>\n\n\n\n<p>La consulenza legale per le persone con problemi di udito o sordit\u00e0, cos\u00ec come per i loro familiari, \u00e8:<\/p>\n\n\n\n<p>&#8211;&nbsp;&nbsp;&nbsp; gratuita per la prima ora e<\/p>\n\n\n\n<p>&#8211;&nbsp;&nbsp;&nbsp; successivamente \u00e8 prevista una tariffa forfettaria di 100 franchi svizzeri per ogni caso.<\/p>\n\n\n\n<p>Per le organizzazioni e tutte le altre parti, la consulenza legale comporta un costo fisso di 250 franchi per ogni caso. I membri del Collettivo godono di uno sconto e pagano una tariffa forfettaria di 85 franchi per caso.<\/p>\n\n\n\n<p><br><strong>3. Assunzione del mandato\u00a0<\/strong><\/p>\n\n\n\n<p>Il servizio giuridico della Federazione svizzera dei sordi decide sull\u2019assunzione del mandato e sulla forma dei provvedimenti necessari. Esso si riserva il diritto di respingere un mandato se le probabilit\u00e0 di successo sono scarse, se i termini per un intervento sono troppo stretti o se c\u2019\u00e8 disaccordo sull\u2019orientamento del procedimento e la strategia da adottare.&nbsp;<\/p>\n\n\n\n<p>Considerando le risorse a disposizione, per principio non \u00e8 possibile fornire una rappresentanza in tribunale. Qualora le capacit\u00e0 lo permettano, il servizio giuridico della Federazione svizzera dei sordi si fa carico della rappresentanza legale nell\u2019ambito dei casi legati alle assicurazioni sociali, tuttavia solo se, dal suo punto di vista, non si tratta di casi senza speranza. Le eventuali spese ripetibili e indennit\u00e0 vanno in ogni caso al servizio giuridico della Federazione svizzera dei sordi.<\/p>\n\n\n\n<p>Qualora manchino le capacit\u00e0 o in caso di contenziosi riguardanti altri ambiti giuridici, il servizio giuridico della Federazione svizzera dei sordi indirizza i richiedenti verso avvocati competenti, ma solo se non si tratta di casi senza speranza. A questo scopo, esso intrattiene una rete composta da avvocati di fiducia. Questi ultimi documentano regolarmente il servizio giuridico sull\u2019andamento dei procedimenti, ma solo se esso si fa carico delle spese processuali. La Federazione svizzera dei sordi \u00e8 autorizzata a utilizzare i dati evinti da questi casi \u2013 dietro osservazione della protezione dei dati \u2013 nell\u2019ambito del suo scopo statutario.<\/p>\n\n\n\n<p><strong>4. Dritti e doveri dei richiedenti<\/strong><\/p>\n\n\n\n<p>I richiedenti devono consegnare al servizio giuridico della Federazione svizzera dei sordi le copie delle attuali polizze assicurative, in particolare dell\u2019assicurazione di protezione giuridica al pi\u00f9 tardi al momento dell\u2019assunzione del mandato.<\/p>\n\n\n\n<p>I richiedenti devono mettere a disposizione del servizio giuridico tutti i documenti necessari e rispondere in maniera esaustiva e veritiera a tutte le domande. I dati e le informazioni affidati sono trattati in modo strettamente confidenziale secondo le disposizioni della legge federale sulla protezione dei dati.<\/p>\n\n\n\n<p>Lo svolgimento del caso \u00e8 di esclusiva competenza del servizio giuridico e senza il suo permesso non vanno intraprese azioni personali legate al caso concreto. I richiedenti sono continuamente documentati sugli sviluppi del loro procedimento.<\/p>\n\n\n\n<p>Qualora i richiedenti violino uno o pi\u00f9 doveri, il servizio giuridico della Federazione svizzera dei sordi pu\u00f2 deporre il mandato e addossare ai richiedenti, totalmente o parzialmente, le spese sostenute.<\/p>\n\n\n\n<p><strong>5. Modifiche e adattamenti<\/strong><\/p>\n\n\n\n<p>Il servizio giuridico della Federazione svizzera dei sordi pu\u00f2 cambiare in qualsiasi momento il presente regolamento per iscritto, secondo gli scopi perseguiti.<\/p>\n\n\n\n<p><strong>6. Protezione dei dati<\/strong><\/p>\n\n\n\n<p>Per i servizi della Federazione svizzera dei sordi cofinanziate dall&#8217;Ufficio federale delle assicurazioni sociali (UFAS), la Federazione svizzera dei sordi deve fornire determinati dati all&#8217;UFAS (art. 74 IVG e CSOAA). In alcuni casi, il Servizio giuridico tratta di dati degni di particolare protezione della persona avente diritto alla prestazione ai fini della consulenza legale e della segnalazione all&#8217;UFAS.<\/p>\n\n\n\n<p><\/p>\n<\/div>\n<\/div>\n<\/div>\n\n\n<div class=\"block block-teasercontacts block-teasercontacts--boxed\" id=\"block_acf773fca12196ee655fa89cd926f68c\" data-block=\"Teaser Contacts\">\n    <div class=\"block-teasercontacts__header\"><p class=\"block-teasercontacts__title\">Se avete domande del Regolamento, sar\u00f2 lieta di ascoltarvi.<\/p><\/div>    <div class=\"block-teasercontacts__list\">\n                                        <div class=\"block-teasercontacts__item\">\n                <div class=\"block-teasercontacts__link\">\n                    <div class=\"block-teasercontacts__media\">\n                        <div class=\"block-teasercontacts__thumbnail accent__violet has-background-accent\">\n                                                              <div class=\"image block-teasercontacts__thumbnail-image\" >\n    <img decoding=\"async\"\n      loading=\"lazy\"\n      class=\"image__object lazyload\"\n      src=\"https:\/\/www.sgb-fss.ch\/content\/uploads\/2023\/04\/placeholder_16_9-1440x0-c-default.jpg\"       data-sizes=\"auto\"\n      data-srcset=\"https:\/\/www.sgb-fss.ch\/content\/uploads\/2023\/04\/placeholder_16_9-200x0-c-default.jpg 200w, https:\/\/www.sgb-fss.ch\/content\/uploads\/2023\/04\/placeholder_16_9-100x0-c-default.jpg 100w, \"\n      alt=\"\"\n      width=\"1024\"\n      height=\"576\"\n            >\n  <\/div>\n                                                    <\/div>\n                    <\/div>\n                    <div class=\"block-teasercontacts__text\">\n                        <p class=\"block-teasercontacts__name\"><strong><a href=\"https:\/\/www.sgb-fss.ch\/it\/regolamento-del-servizio-giuridico\/\">Regolamento del servizio giuridico<\/a><\/strong><\/p>\n                                            <\/div>\n                    <div class=\"block-teasercontacts__contacts\">\n                                                    <p>\n                                                                                                                            <\/p>\n                                            <\/div>\n                <\/div>\n            <\/div>\n                    <\/div>\n<\/div>\n","protected":false},"excerpt":{"rendered":"<p>La dichiarazione sulla protezione dei dati si applica ai servizi della Federazione Svizzera dei [&hellip;]<\/p>\n","protected":false},"author":40,"featured_media":15425,"parent":0,"menu_order":210,"comment_status":"closed","ping_status":"closed","template":"","meta":{"_acf_changed":false,"inline_featured_image":false,"footnotes":""},"class_list":["post-29498","page","type-page","status-publish","has-post-thumbnail","hentry"],"acf":[],"yoast_head":"<!-- This site is optimized with the Yoast SEO plugin v27.4 - https:\/\/yoast.com\/product\/yoast-seo-wordpress\/ -->\n<title>Regolamento del servizio giuridico - SGB-FSS<\/title>\n<meta name=\"robots\" content=\"index, follow, max-snippet:-1, max-image-preview:large, max-video-preview:-1\" \/>\n<link rel=\"canonical\" href=\"https:\/\/www.sgb-fss.ch\/it\/regolamento-del-servizio-giuridico\/\" \/>\n<meta property=\"og:locale\" content=\"it_IT\" \/>\n<meta property=\"og:type\" content=\"article\" \/>\n<meta property=\"og:title\" content=\"Regolamento del servizio giuridico - SGB-FSS\" \/>\n<meta property=\"og:description\" content=\"La dichiarazione sulla protezione dei dati si applica ai servizi della Federazione Svizzera dei [&hellip;]\" \/>\n<meta property=\"og:url\" content=\"https:\/\/www.sgb-fss.ch\/it\/regolamento-del-servizio-giuridico\/\" \/>\n<meta property=\"og:site_name\" content=\"SGB-FSS\" \/>\n<meta property=\"article:modified_time\" content=\"2023-12-13T17:02:07+00:00\" \/>\n<meta property=\"og:image\" content=\"https:\/\/www.sgb-fss.ch\/content\/uploads\/2023\/04\/placeholder_16_9.jpg\" \/>\n\t<meta property=\"og:image:width\" content=\"1024\" \/>\n\t<meta property=\"og:image:height\" content=\"576\" \/>\n\t<meta property=\"og:image:type\" content=\"image\/jpeg\" \/>\n<meta name=\"twitter:card\" content=\"summary_large_image\" \/>\n<meta name=\"twitter:label1\" content=\"Tempo di lettura stimato\" \/>\n\t<meta name=\"twitter:data1\" content=\"5 minuti\" \/>\n<script type=\"application\/ld+json\" class=\"yoast-schema-graph\">{\"@context\":\"https:\\\/\\\/schema.org\",\"@graph\":[{\"@type\":\"WebPage\",\"@id\":\"https:\\\/\\\/www.sgb-fss.ch\\\/it\\\/regolamento-del-servizio-giuridico\\\/\",\"url\":\"https:\\\/\\\/www.sgb-fss.ch\\\/it\\\/regolamento-del-servizio-giuridico\\\/\",\"name\":\"Regolamento del servizio giuridico - SGB-FSS\",\"isPartOf\":{\"@id\":\"https:\\\/\\\/www.sgb-fss.ch\\\/de\\\/#website\"},\"primaryImageOfPage\":{\"@id\":\"https:\\\/\\\/www.sgb-fss.ch\\\/it\\\/regolamento-del-servizio-giuridico\\\/#primaryimage\"},\"image\":{\"@id\":\"https:\\\/\\\/www.sgb-fss.ch\\\/it\\\/regolamento-del-servizio-giuridico\\\/#primaryimage\"},\"thumbnailUrl\":\"https:\\\/\\\/www.sgb-fss.ch\\\/content\\\/uploads\\\/2023\\\/04\\\/placeholder_16_9.jpg\",\"datePublished\":\"2023-12-13T17:01:31+00:00\",\"dateModified\":\"2023-12-13T17:02:07+00:00\",\"breadcrumb\":{\"@id\":\"https:\\\/\\\/www.sgb-fss.ch\\\/it\\\/regolamento-del-servizio-giuridico\\\/#breadcrumb\"},\"inLanguage\":\"it-IT\",\"potentialAction\":[{\"@type\":\"ReadAction\",\"target\":[\"https:\\\/\\\/www.sgb-fss.ch\\\/it\\\/regolamento-del-servizio-giuridico\\\/\"]}]},{\"@type\":\"ImageObject\",\"inLanguage\":\"it-IT\",\"@id\":\"https:\\\/\\\/www.sgb-fss.ch\\\/it\\\/regolamento-del-servizio-giuridico\\\/#primaryimage\",\"url\":\"https:\\\/\\\/www.sgb-fss.ch\\\/content\\\/uploads\\\/2023\\\/04\\\/placeholder_16_9.jpg\",\"contentUrl\":\"https:\\\/\\\/www.sgb-fss.ch\\\/content\\\/uploads\\\/2023\\\/04\\\/placeholder_16_9.jpg\",\"width\":1024,\"height\":576},{\"@type\":\"BreadcrumbList\",\"@id\":\"https:\\\/\\\/www.sgb-fss.ch\\\/it\\\/regolamento-del-servizio-giuridico\\\/#breadcrumb\",\"itemListElement\":[{\"@type\":\"ListItem\",\"position\":1,\"name\":\"Home\",\"item\":\"https:\\\/\\\/www.sgb-fss.ch\\\/it\\\/\"},{\"@type\":\"ListItem\",\"position\":2,\"name\":\"Regolamento del servizio giuridico\"}]},{\"@type\":\"WebSite\",\"@id\":\"https:\\\/\\\/www.sgb-fss.ch\\\/de\\\/#website\",\"url\":\"https:\\\/\\\/www.sgb-fss.ch\\\/de\\\/\",\"name\":\"SGB-FSS\",\"description\":\"\",\"potentialAction\":[{\"@type\":\"SearchAction\",\"target\":{\"@type\":\"EntryPoint\",\"urlTemplate\":\"https:\\\/\\\/www.sgb-fss.ch\\\/de\\\/?s={search_term_string}\"},\"query-input\":{\"@type\":\"PropertyValueSpecification\",\"valueRequired\":true,\"valueName\":\"search_term_string\"}}],\"inLanguage\":\"it-IT\"}]}<\/script>\n<!-- \/ Yoast SEO plugin. -->","yoast_head_json":{"title":"Regolamento del servizio giuridico - SGB-FSS","robots":{"index":"index","follow":"follow","max-snippet":"max-snippet:-1","max-image-preview":"max-image-preview:large","max-video-preview":"max-video-preview:-1"},"canonical":"https:\/\/www.sgb-fss.ch\/it\/regolamento-del-servizio-giuridico\/","og_locale":"it_IT","og_type":"article","og_title":"Regolamento del servizio giuridico - SGB-FSS","og_description":"La dichiarazione sulla protezione dei dati si applica ai servizi della Federazione Svizzera dei [&hellip;]","og_url":"https:\/\/www.sgb-fss.ch\/it\/regolamento-del-servizio-giuridico\/","og_site_name":"SGB-FSS","article_modified_time":"2023-12-13T17:02:07+00:00","og_image":[{"width":1024,"height":576,"url":"https:\/\/www.sgb-fss.ch\/content\/uploads\/2023\/04\/placeholder_16_9.jpg","type":"image\/jpeg"}],"twitter_card":"summary_large_image","twitter_misc":{"Tempo di lettura stimato":"5 minuti"},"schema":{"@context":"https:\/\/schema.org","@graph":[{"@type":"WebPage","@id":"https:\/\/www.sgb-fss.ch\/it\/regolamento-del-servizio-giuridico\/","url":"https:\/\/www.sgb-fss.ch\/it\/regolamento-del-servizio-giuridico\/","name":"Regolamento del servizio giuridico - SGB-FSS","isPartOf":{"@id":"https:\/\/www.sgb-fss.ch\/de\/#website"},"primaryImageOfPage":{"@id":"https:\/\/www.sgb-fss.ch\/it\/regolamento-del-servizio-giuridico\/#primaryimage"},"image":{"@id":"https:\/\/www.sgb-fss.ch\/it\/regolamento-del-servizio-giuridico\/#primaryimage"},"thumbnailUrl":"https:\/\/www.sgb-fss.ch\/content\/uploads\/2023\/04\/placeholder_16_9.jpg","datePublished":"2023-12-13T17:01:31+00:00","dateModified":"2023-12-13T17:02:07+00:00","breadcrumb":{"@id":"https:\/\/www.sgb-fss.ch\/it\/regolamento-del-servizio-giuridico\/#breadcrumb"},"inLanguage":"it-IT","potentialAction":[{"@type":"ReadAction","target":["https:\/\/www.sgb-fss.ch\/it\/regolamento-del-servizio-giuridico\/"]}]},{"@type":"ImageObject","inLanguage":"it-IT","@id":"https:\/\/www.sgb-fss.ch\/it\/regolamento-del-servizio-giuridico\/#primaryimage","url":"https:\/\/www.sgb-fss.ch\/content\/uploads\/2023\/04\/placeholder_16_9.jpg","contentUrl":"https:\/\/www.sgb-fss.ch\/content\/uploads\/2023\/04\/placeholder_16_9.jpg","width":1024,"height":576},{"@type":"BreadcrumbList","@id":"https:\/\/www.sgb-fss.ch\/it\/regolamento-del-servizio-giuridico\/#breadcrumb","itemListElement":[{"@type":"ListItem","position":1,"name":"Home","item":"https:\/\/www.sgb-fss.ch\/it\/"},{"@type":"ListItem","position":2,"name":"Regolamento del servizio giuridico"}]},{"@type":"WebSite","@id":"https:\/\/www.sgb-fss.ch\/de\/#website","url":"https:\/\/www.sgb-fss.ch\/de\/","name":"SGB-FSS","description":"","potentialAction":[{"@type":"SearchAction","target":{"@type":"EntryPoint","urlTemplate":"https:\/\/www.sgb-fss.ch\/de\/?s={search_term_string}"},"query-input":{"@type":"PropertyValueSpecification","valueRequired":true,"valueName":"search_term_string"}}],"inLanguage":"it-IT"}]}},"_links":{"self":[{"href":"https:\/\/www.sgb-fss.ch\/it\/wp-json\/wp\/v2\/pages\/29498","targetHints":{"allow":["GET"]}}],"collection":[{"href":"https:\/\/www.sgb-fss.ch\/it\/wp-json\/wp\/v2\/pages"}],"about":[{"href":"https:\/\/www.sgb-fss.ch\/it\/wp-json\/wp\/v2\/types\/page"}],"author":[{"embeddable":true,"href":"https:\/\/www.sgb-fss.ch\/it\/wp-json\/wp\/v2\/users\/40"}],"replies":[{"embeddable":true,"href":"https:\/\/www.sgb-fss.ch\/it\/wp-json\/wp\/v2\/comments?post=29498"}],"version-history":[{"count":3,"href":"https:\/\/www.sgb-fss.ch\/it\/wp-json\/wp\/v2\/pages\/29498\/revisions"}],"predecessor-version":[{"id":29564,"href":"https:\/\/www.sgb-fss.ch\/it\/wp-json\/wp\/v2\/pages\/29498\/revisions\/29564"}],"wp:featuredmedia":[{"embeddable":true,"href":"https:\/\/www.sgb-fss.ch\/it\/wp-json\/wp\/v2\/media\/15425"}],"wp:attachment":[{"href":"https:\/\/www.sgb-fss.ch\/it\/wp-json\/wp\/v2\/media?parent=29498"}],"curies":[{"name":"wp","href":"https:\/\/api.w.org\/{rel}","templated":true}]}}