{"id":26954,"date":"2023-09-21T15:25:22","date_gmt":"2023-09-21T13:25:22","guid":{"rendered":"https:\/\/www.sgb-fss.ch\/?page_id=26954"},"modified":"2024-01-29T14:28:13","modified_gmt":"2024-01-29T13:28:13","slug":"scusa","status":"publish","type":"page","link":"https:\/\/www.sgb-fss.ch\/it\/federazione\/una-storia-movimentata\/scusa\/","title":{"rendered":"Delle \u00abscuse\u00bb di impatto storico"},"content":{"rendered":"\n<p class=\"is-style-lead\">Il 23 settembre 2021, l&#8217;Associazione svizzera degli audiolesi Sonos, le scuole per sordi e audiolesi della Svizzera tedesca, hanno riconosciuto in modo completo le risoluzioni del Congresso ICED di Vancouver 2010.<\/p>\n\n\n\n<figure class=\"wp-block-embed is-type-video is-provider-vimeo wp-block-embed-vimeo wp-embed-aspect-16-9 wp-has-aspect-ratio\"><div class=\"wp-block-embed__wrapper\">\n<iframe loading=\"lazy\" title=\"21_101_100ans_LIS\" src=\"https:\/\/player.vimeo.com\/video\/623765089?dnt=1&amp;app_id=122963\" width=\"500\" height=\"281\" frameborder=\"0\" allow=\"autoplay; fullscreen; picture-in-picture; clipboard-write\"><\/iframe>\n<\/div><\/figure>\n\n\n\n<p>Seguendo fedelmente il testo e le riflessioni del documento programmatico del Congresso del 2010, Sonos e le scuole per sordi e ipoudenti della Svizzera tedesca, dopo aver consultato la Federazione Svizzera dei Sordi, hanno firmato una <a href=\"https:\/\/www.sgb-fss.ch\/content\/uploads\/2023\/09\/a4-unterschrift-zusammenarbeit-sgb-fss-sonos-i.pdf\" target=\"_blank\" rel=\"noreferrer noopener\">dichiarazione storica<\/a> per trovare un riconoscimento alle sofferenze causate a diverse generazioni di sordi.<\/p>\n\n\n\n<p>L&#8217;evento si \u00e8 svolto presso l&#8217;Universit\u00e0 di formazione per insegnanti di Zurigo, \u00e8 stato trasmesso <strong><a href=\"https:\/\/www.facebook.com\/watch\/live\/?ref=watch_permalink&amp;v=350620180121110\" target=\"_blank\" rel=\"noreferrer noopener\">in dir<\/a><a href=\"https:\/\/www.facebook.com\/watch\/live\/?ref=watch_permalink&amp;v=1190159234825464\" target=\"_blank\" rel=\"noreferrer noopener\">etta via Facebook<\/a><\/strong> e ha potuto essere seguito da tutte le persone interessate.<\/p>\n\n\n\n<p>Christian Trepp, presidente di Sonos, Daniel Artmann, direttore del Centro per l&#8217;udito e la parola di Zurigo, e Tatjana Binggeli, allora Presidente della Federazione Svizzera dei Sordi, si sono alternati negli interventi. Sonos ha espresso il suo grande rammarico per gli anni di oppressione e ha ribadito la volont\u00e0 comune di lavorare in futuro per un&#8217;educazione bilingue, multilingue e paritaria dei bambini sordi e di spingere per il riconoscimento ufficiale delle lingue dei segni da parte del governo federale.<\/p>\n\n\n\n<h2 class=\"wp-block-heading\"><\/h2>\n\n\n\n<div class=\"wp-block-group has-schwarz-25-background-color has-background is-layout-constrained wp-block-group-is-layout-constrained\"><div class=\"block block-teaserpages\" id=\"block_e0a0040e6746885c46d9fb5ee879e567\" data-block=\"Teaser Pages\">\n  <ul class=\"block-teaserpages__list\">\n            <li class=\"block-teaserpages__item\">\n        <a class=\"accent teaserpage\" href=\"https:\/\/www.sgb-fss.ch\/it\/downloads\/\">\n  <div class=\"teaserpage__thumbnail\">\n            <div class=\"image teaserpage__thumbnail-image\" >\n    <img decoding=\"async\"\n      loading=\"lazy\"\n      class=\"image__object lazyload\"\n      src=\"https:\/\/www.sgb-fss.ch\/content\/uploads\/2024\/01\/downloads-i-1440x0-c-default.jpg\"       data-sizes=\"auto\"\n      data-srcset=\"https:\/\/www.sgb-fss.ch\/content\/uploads\/2024\/01\/downloads-i-1000x0-c-default.jpg 1000w, https:\/\/www.sgb-fss.ch\/content\/uploads\/2024\/01\/downloads-i-700x0-c-default.jpg 700w, https:\/\/www.sgb-fss.ch\/content\/uploads\/2024\/01\/downloads-i-350x0-c-default.jpg 350w, \"\n      alt=\"\"\n      width=\"1890\"\n      height=\"1063\"\n            >\n  <\/div>\n      <\/div>\n  <h3 class=\"teaserpage__title\">Downloads<\/h3>\n  <p class=\"teaserpage__lead\">Qui troverete tutti i dati di questa pagina e di tutte le altre aree da scaricare.<\/p>  <\/a>\n      <\/li>\n    <\/ul>\n<\/div>\n<\/div>\n","protected":false},"excerpt":{"rendered":"<p>Il 23 settembre 2021, l&#8217;Associazione svizzera degli audiolesi Sonos, le scuole per sordi e [&hellip;]<\/p>\n","protected":false},"author":8,"featured_media":26887,"parent":5966,"menu_order":0,"comment_status":"closed","ping_status":"closed","template":"","meta":{"_acf_changed":false,"inline_featured_image":false,"footnotes":""},"class_list":["post-26954","page","type-page","status-publish","has-post-thumbnail","hentry"],"acf":[],"yoast_head":"<!-- This site is optimized with the Yoast SEO plugin v27.4 - https:\/\/yoast.com\/product\/yoast-seo-wordpress\/ -->\n<title>Delle \u00abscuse\u00bb di impatto storico - SGB-FSS<\/title>\n<meta name=\"robots\" content=\"index, follow, max-snippet:-1, max-image-preview:large, max-video-preview:-1\" \/>\n<link rel=\"canonical\" href=\"https:\/\/www.sgb-fss.ch\/it\/federazione\/una-storia-movimentata\/scusa\/\" \/>\n<meta property=\"og:locale\" content=\"it_IT\" \/>\n<meta property=\"og:type\" content=\"article\" \/>\n<meta property=\"og:title\" content=\"Delle \u00abscuse\u00bb di impatto storico - SGB-FSS\" \/>\n<meta property=\"og:description\" content=\"Il 23 settembre 2021, l&#8217;Associazione svizzera degli audiolesi Sonos, le scuole per sordi e [&hellip;]\" \/>\n<meta property=\"og:url\" content=\"https:\/\/www.sgb-fss.ch\/it\/federazione\/una-storia-movimentata\/scusa\/\" \/>\n<meta property=\"og:site_name\" content=\"SGB-FSS\" \/>\n<meta property=\"article:modified_time\" content=\"2024-01-29T13:28:13+00:00\" \/>\n<meta property=\"og:image\" content=\"https:\/\/www.sgb-fss.ch\/content\/uploads\/2023\/09\/entschuldigung_unterschreiben-scaled.jpg\" \/>\n\t<meta property=\"og:image:width\" content=\"2560\" \/>\n\t<meta property=\"og:image:height\" content=\"1440\" \/>\n\t<meta property=\"og:image:type\" content=\"image\/jpeg\" \/>\n<meta name=\"twitter:card\" content=\"summary_large_image\" \/>\n<meta name=\"twitter:label1\" content=\"Tempo di lettura stimato\" \/>\n\t<meta name=\"twitter:data1\" content=\"2 minuti\" \/>\n<script type=\"application\/ld+json\" class=\"yoast-schema-graph\">{\"@context\":\"https:\\\/\\\/schema.org\",\"@graph\":[{\"@type\":\"WebPage\",\"@id\":\"https:\\\/\\\/www.sgb-fss.ch\\\/it\\\/federazione\\\/una-storia-movimentata\\\/scusa\\\/\",\"url\":\"https:\\\/\\\/www.sgb-fss.ch\\\/it\\\/federazione\\\/una-storia-movimentata\\\/scusa\\\/\",\"name\":\"Delle \u00abscuse\u00bb di impatto storico - SGB-FSS\",\"isPartOf\":{\"@id\":\"https:\\\/\\\/www.sgb-fss.ch\\\/de\\\/#website\"},\"primaryImageOfPage\":{\"@id\":\"https:\\\/\\\/www.sgb-fss.ch\\\/it\\\/federazione\\\/una-storia-movimentata\\\/scusa\\\/#primaryimage\"},\"image\":{\"@id\":\"https:\\\/\\\/www.sgb-fss.ch\\\/it\\\/federazione\\\/una-storia-movimentata\\\/scusa\\\/#primaryimage\"},\"thumbnailUrl\":\"https:\\\/\\\/www.sgb-fss.ch\\\/content\\\/uploads\\\/2023\\\/09\\\/entschuldigung_unterschreiben-scaled.jpg\",\"datePublished\":\"2023-09-21T13:25:22+00:00\",\"dateModified\":\"2024-01-29T13:28:13+00:00\",\"breadcrumb\":{\"@id\":\"https:\\\/\\\/www.sgb-fss.ch\\\/it\\\/federazione\\\/una-storia-movimentata\\\/scusa\\\/#breadcrumb\"},\"inLanguage\":\"it-IT\",\"potentialAction\":[{\"@type\":\"ReadAction\",\"target\":[\"https:\\\/\\\/www.sgb-fss.ch\\\/it\\\/federazione\\\/una-storia-movimentata\\\/scusa\\\/\"]}]},{\"@type\":\"ImageObject\",\"inLanguage\":\"it-IT\",\"@id\":\"https:\\\/\\\/www.sgb-fss.ch\\\/it\\\/federazione\\\/una-storia-movimentata\\\/scusa\\\/#primaryimage\",\"url\":\"https:\\\/\\\/www.sgb-fss.ch\\\/content\\\/uploads\\\/2023\\\/09\\\/entschuldigung_unterschreiben-scaled.jpg\",\"contentUrl\":\"https:\\\/\\\/www.sgb-fss.ch\\\/content\\\/uploads\\\/2023\\\/09\\\/entschuldigung_unterschreiben-scaled.jpg\",\"width\":2560,\"height\":1440},{\"@type\":\"BreadcrumbList\",\"@id\":\"https:\\\/\\\/www.sgb-fss.ch\\\/it\\\/federazione\\\/una-storia-movimentata\\\/scusa\\\/#breadcrumb\",\"itemListElement\":[{\"@type\":\"ListItem\",\"position\":1,\"name\":\"Home\",\"item\":\"https:\\\/\\\/www.sgb-fss.ch\\\/it\\\/\"},{\"@type\":\"ListItem\",\"position\":2,\"name\":\"Federazione\",\"item\":\"https:\\\/\\\/www.sgb-fss.ch\\\/it\\\/federazione\\\/\"},{\"@type\":\"ListItem\",\"position\":3,\"name\":\"Una storia movimentata\",\"item\":\"https:\\\/\\\/www.sgb-fss.ch\\\/it\\\/federazione\\\/una-storia-movimentata\\\/\"},{\"@type\":\"ListItem\",\"position\":4,\"name\":\"Delle \u00abscuse\u00bb di impatto storico\"}]},{\"@type\":\"WebSite\",\"@id\":\"https:\\\/\\\/www.sgb-fss.ch\\\/de\\\/#website\",\"url\":\"https:\\\/\\\/www.sgb-fss.ch\\\/de\\\/\",\"name\":\"SGB-FSS\",\"description\":\"\",\"potentialAction\":[{\"@type\":\"SearchAction\",\"target\":{\"@type\":\"EntryPoint\",\"urlTemplate\":\"https:\\\/\\\/www.sgb-fss.ch\\\/de\\\/?s={search_term_string}\"},\"query-input\":{\"@type\":\"PropertyValueSpecification\",\"valueRequired\":true,\"valueName\":\"search_term_string\"}}],\"inLanguage\":\"it-IT\"}]}<\/script>\n<!-- \/ Yoast SEO plugin. -->","yoast_head_json":{"title":"Delle \u00abscuse\u00bb di impatto storico - SGB-FSS","robots":{"index":"index","follow":"follow","max-snippet":"max-snippet:-1","max-image-preview":"max-image-preview:large","max-video-preview":"max-video-preview:-1"},"canonical":"https:\/\/www.sgb-fss.ch\/it\/federazione\/una-storia-movimentata\/scusa\/","og_locale":"it_IT","og_type":"article","og_title":"Delle \u00abscuse\u00bb di impatto storico - SGB-FSS","og_description":"Il 23 settembre 2021, l&#8217;Associazione svizzera degli audiolesi Sonos, le scuole per sordi e [&hellip;]","og_url":"https:\/\/www.sgb-fss.ch\/it\/federazione\/una-storia-movimentata\/scusa\/","og_site_name":"SGB-FSS","article_modified_time":"2024-01-29T13:28:13+00:00","og_image":[{"width":2560,"height":1440,"url":"https:\/\/www.sgb-fss.ch\/content\/uploads\/2023\/09\/entschuldigung_unterschreiben-scaled.jpg","type":"image\/jpeg"}],"twitter_card":"summary_large_image","twitter_misc":{"Tempo di lettura stimato":"2 minuti"},"schema":{"@context":"https:\/\/schema.org","@graph":[{"@type":"WebPage","@id":"https:\/\/www.sgb-fss.ch\/it\/federazione\/una-storia-movimentata\/scusa\/","url":"https:\/\/www.sgb-fss.ch\/it\/federazione\/una-storia-movimentata\/scusa\/","name":"Delle \u00abscuse\u00bb di impatto storico - SGB-FSS","isPartOf":{"@id":"https:\/\/www.sgb-fss.ch\/de\/#website"},"primaryImageOfPage":{"@id":"https:\/\/www.sgb-fss.ch\/it\/federazione\/una-storia-movimentata\/scusa\/#primaryimage"},"image":{"@id":"https:\/\/www.sgb-fss.ch\/it\/federazione\/una-storia-movimentata\/scusa\/#primaryimage"},"thumbnailUrl":"https:\/\/www.sgb-fss.ch\/content\/uploads\/2023\/09\/entschuldigung_unterschreiben-scaled.jpg","datePublished":"2023-09-21T13:25:22+00:00","dateModified":"2024-01-29T13:28:13+00:00","breadcrumb":{"@id":"https:\/\/www.sgb-fss.ch\/it\/federazione\/una-storia-movimentata\/scusa\/#breadcrumb"},"inLanguage":"it-IT","potentialAction":[{"@type":"ReadAction","target":["https:\/\/www.sgb-fss.ch\/it\/federazione\/una-storia-movimentata\/scusa\/"]}]},{"@type":"ImageObject","inLanguage":"it-IT","@id":"https:\/\/www.sgb-fss.ch\/it\/federazione\/una-storia-movimentata\/scusa\/#primaryimage","url":"https:\/\/www.sgb-fss.ch\/content\/uploads\/2023\/09\/entschuldigung_unterschreiben-scaled.jpg","contentUrl":"https:\/\/www.sgb-fss.ch\/content\/uploads\/2023\/09\/entschuldigung_unterschreiben-scaled.jpg","width":2560,"height":1440},{"@type":"BreadcrumbList","@id":"https:\/\/www.sgb-fss.ch\/it\/federazione\/una-storia-movimentata\/scusa\/#breadcrumb","itemListElement":[{"@type":"ListItem","position":1,"name":"Home","item":"https:\/\/www.sgb-fss.ch\/it\/"},{"@type":"ListItem","position":2,"name":"Federazione","item":"https:\/\/www.sgb-fss.ch\/it\/federazione\/"},{"@type":"ListItem","position":3,"name":"Una storia movimentata","item":"https:\/\/www.sgb-fss.ch\/it\/federazione\/una-storia-movimentata\/"},{"@type":"ListItem","position":4,"name":"Delle \u00abscuse\u00bb di impatto storico"}]},{"@type":"WebSite","@id":"https:\/\/www.sgb-fss.ch\/de\/#website","url":"https:\/\/www.sgb-fss.ch\/de\/","name":"SGB-FSS","description":"","potentialAction":[{"@type":"SearchAction","target":{"@type":"EntryPoint","urlTemplate":"https:\/\/www.sgb-fss.ch\/de\/?s={search_term_string}"},"query-input":{"@type":"PropertyValueSpecification","valueRequired":true,"valueName":"search_term_string"}}],"inLanguage":"it-IT"}]}},"_links":{"self":[{"href":"https:\/\/www.sgb-fss.ch\/it\/wp-json\/wp\/v2\/pages\/26954","targetHints":{"allow":["GET"]}}],"collection":[{"href":"https:\/\/www.sgb-fss.ch\/it\/wp-json\/wp\/v2\/pages"}],"about":[{"href":"https:\/\/www.sgb-fss.ch\/it\/wp-json\/wp\/v2\/types\/page"}],"author":[{"embeddable":true,"href":"https:\/\/www.sgb-fss.ch\/it\/wp-json\/wp\/v2\/users\/8"}],"replies":[{"embeddable":true,"href":"https:\/\/www.sgb-fss.ch\/it\/wp-json\/wp\/v2\/comments?post=26954"}],"version-history":[{"count":13,"href":"https:\/\/www.sgb-fss.ch\/it\/wp-json\/wp\/v2\/pages\/26954\/revisions"}],"predecessor-version":[{"id":32049,"href":"https:\/\/www.sgb-fss.ch\/it\/wp-json\/wp\/v2\/pages\/26954\/revisions\/32049"}],"up":[{"embeddable":true,"href":"https:\/\/www.sgb-fss.ch\/it\/wp-json\/wp\/v2\/pages\/5966"}],"wp:featuredmedia":[{"embeddable":true,"href":"https:\/\/www.sgb-fss.ch\/it\/wp-json\/wp\/v2\/media\/26887"}],"wp:attachment":[{"href":"https:\/\/www.sgb-fss.ch\/it\/wp-json\/wp\/v2\/media?parent=26954"}],"curies":[{"name":"wp","href":"https:\/\/api.w.org\/{rel}","templated":true}]}}