{"id":23612,"date":"2023-08-14T10:28:56","date_gmt":"2023-08-14T08:28:56","guid":{"rendered":"https:\/\/www.sgb-fss.ch\/?page_id=23612"},"modified":"2026-02-05T14:34:21","modified_gmt":"2026-02-05T13:34:21","slug":"opportunita-di-donazione","status":"publish","type":"page","link":"https:\/\/www.sgb-fss.ch\/it\/donazioni\/opportunita-di-donazione\/","title":{"rendered":"Opportunit\u00e0 di donazione"},"content":{"rendered":"\n<p class=\"is-style-lead\">Insieme per un mondo senza barriere: la Federazione svizzera dei sordi si impegna a favore delle persone sorde e deboli di udito, affinch\u00e9 possano godere dello stesso accesso all&#8217;istruzione, al lavoro e alla vita pubblica. Con la sua donazione contribuisce al cambiamento, rafforzando la loro autostima e favorendo una reale partecipazione alla vita sociale.<\/p>\n\n\n<div class=\"block block-teaserpages\" id=\"block_c545396bb20b5cc995c33534b7de3558\" data-block=\"Teaser Pages\">\n  <ul class=\"block-teaserpages__list\">\n            <li class=\"block-teaserpages__item\">\n        <a class=\"accent teaserpage\" href=\"https:\/\/www.sgb-fss.ch\/it\/donazioni\/donazioni-gratuite\/\">\n  <div class=\"teaserpage__thumbnail\">\n            <div class=\"image teaserpage__thumbnail-image\" >\n    <img decoding=\"async\"\n      loading=\"lazy\"\n      class=\"image__object lazyload\"\n      src=\"https:\/\/www.sgb-fss.ch\/content\/uploads\/2023\/03\/1_headerbild-2-1440x0-c-default.jpg\"       data-sizes=\"auto\"\n      data-srcset=\"https:\/\/www.sgb-fss.ch\/content\/uploads\/2023\/03\/1_headerbild-2-1000x0-c-default.jpg 1000w, https:\/\/www.sgb-fss.ch\/content\/uploads\/2023\/03\/1_headerbild-2-700x0-c-default.jpg 700w, https:\/\/www.sgb-fss.ch\/content\/uploads\/2023\/03\/1_headerbild-2-350x0-c-default.jpg 350w, \"\n      alt=\"\"\n      width=\"2128\"\n      height=\"1416\"\n            >\n  <\/div>\n      <\/div>\n  <h3 class=\"teaserpage__title\">Donazioni gratuite<\/h3>\n  <p class=\"teaserpage__lead\">Il vostro contributo aiuta a garantire che le persone con problemi di udito abbiano le stesse opportunit\u00e0 delle persone udenti, a scuola, in un apprendistato, al lavoro o nel tempo libero.<\/p>  <\/a>\n      <\/li>\n            <li class=\"block-teaserpages__item\">\n        <a class=\"accent teaserpage\" href=\"https:\/\/www.sgb-fss.ch\/it\/donazioni\/raccolta-fondi\/\">\n  <div class=\"teaserpage__thumbnail\">\n            <div class=\"image teaserpage__thumbnail-image\" >\n    <img decoding=\"async\"\n      loading=\"lazy\"\n      class=\"image__object lazyload\"\n      src=\"https:\/\/www.sgb-fss.ch\/content\/uploads\/2023\/03\/5_bild-unten-scaled-1440x0-c-default.jpg\"       data-sizes=\"auto\"\n      data-srcset=\"https:\/\/www.sgb-fss.ch\/content\/uploads\/2023\/03\/5_bild-unten-scaled-1000x0-c-default.jpg 1000w, https:\/\/www.sgb-fss.ch\/content\/uploads\/2023\/03\/5_bild-unten-scaled-700x0-c-default.jpg 700w, https:\/\/www.sgb-fss.ch\/content\/uploads\/2023\/03\/5_bild-unten-scaled-350x0-c-default.jpg 350w, \"\n      alt=\"\"\n      width=\"2560\"\n      height=\"1707\"\n            >\n  <\/div>\n      <\/div>\n  <h3 class=\"teaserpage__title\">Raccolta fondi<\/h3>\n  <p class=\"teaserpage__lead\">Avviate una raccolta fondi con amici o colleghi di lavoro e sostenete progetti importanti destinati a persone sorde o deboli di udito.<\/p>  <\/a>\n      <\/li>\n            <li class=\"block-teaserpages__item\">\n        <a class=\"accent teaserpage\" href=\"https:\/\/www.sgb-fss.ch\/it\/donazioni\/campagna-di-raccolta-fondi\/\">\n  <div class=\"teaserpage__thumbnail\">\n            <div class=\"image teaserpage__thumbnail-image\" >\n    <img decoding=\"async\"\n      loading=\"lazy\"\n      class=\"image__object lazyload\"\n      src=\"https:\/\/www.sgb-fss.ch\/content\/uploads\/2023\/03\/i8a9498-1440x0-c-default.jpg\"       data-sizes=\"auto\"\n      data-srcset=\"https:\/\/www.sgb-fss.ch\/content\/uploads\/2023\/03\/i8a9498-1000x0-c-default.jpg 1000w, https:\/\/www.sgb-fss.ch\/content\/uploads\/2023\/03\/i8a9498-700x0-c-default.jpg 700w, https:\/\/www.sgb-fss.ch\/content\/uploads\/2023\/03\/i8a9498-350x0-c-default.jpg 350w, \"\n      alt=\"\"\n      width=\"2500\"\n      height=\"1667\"\n            >\n  <\/div>\n      <\/div>\n  <h3 class=\"teaserpage__title\">Campagna su stand e porta a porta<\/h3>\n  <p class=\"teaserpage__lead\">Pi\u00f9 volte all&#8217;anno, la Federazione svizzera dei sordi organizza campagne di raccolta fondi presso stand informativi e campagne di porta a porta in diverse citt\u00e0 della Svizzera. Qui trover\u00e0 una panoramica delle nostre attuali iniziative. Saremo lieti di incontrarla di persona!<\/p>  <\/a>\n      <\/li>\n            <li class=\"block-teaserpages__item\">\n        <a class=\"accent teaserpage\" href=\"https:\/\/www.sgb-fss.ch\/it\/donazioni\/storie-di-donazioni\/\">\n  <div class=\"teaserpage__thumbnail\">\n            <div class=\"image teaserpage__thumbnail-image\" >\n    <img decoding=\"async\"\n      loading=\"lazy\"\n      class=\"image__object lazyload\"\n      src=\"https:\/\/www.sgb-fss.ch\/content\/uploads\/2023\/05\/bildung_fruehfoerderung-scaled-e1684152377706-1440x0-c-default.jpg\"       data-sizes=\"auto\"\n      data-srcset=\"https:\/\/www.sgb-fss.ch\/content\/uploads\/2023\/05\/bildung_fruehfoerderung-scaled-e1684152377706-1000x0-c-default.jpg 1000w, https:\/\/www.sgb-fss.ch\/content\/uploads\/2023\/05\/bildung_fruehfoerderung-scaled-e1684152377706-700x0-c-default.jpg 700w, https:\/\/www.sgb-fss.ch\/content\/uploads\/2023\/05\/bildung_fruehfoerderung-scaled-e1684152377706-350x0-c-default.jpg 350w, \"\n      alt=\"\"\n      width=\"2560\"\n      height=\"1707\"\n            >\n  <\/div>\n      <\/div>\n  <h3 class=\"teaserpage__title\">Storie di donazioni<\/h3>\n  <p class=\"teaserpage__lead\">Ogni donazione racconta una storia. Le vostre donazioni ci aiutano a sostenere le famiglie nell&#8217;integrazione dei loro figli nella vita quotidiana e a consentire alle persone sorde di partecipare alla societ\u00e0 su un piano di parit\u00e0. Con le vostre donazioni abbiamo gi\u00e0 potuto realizzare diversi progetti.<\/p>  <\/a>\n      <\/li>\n    <\/ul>\n<\/div>\n\n\n\n<div class=\"wp-block-group is-layout-flow wp-block-group-is-layout-flow\"><div class=\"block block-teasercontacts block-teasercontacts--boxed\" id=\"block_c72b4d14965ff4c0e3da24cecb7ab07e\" data-block=\"Teaser Contacts\">\n    <div class=\"block-teasercontacts__header\"><p class=\"block-teasercontacts__title\">Domande sulla raccolta fondi? Sar\u00f2 felice di rispondere.<\/p><\/div>    <div class=\"block-teasercontacts__list\">\n                                        <div class=\"block-teasercontacts__item\">\n                <div class=\"block-teasercontacts__link\">\n                    <div class=\"block-teasercontacts__media\">\n                        <div class=\"block-teasercontacts__thumbnail accent__violet has-background-accent\">\n                                                              <div class=\"image block-teasercontacts__thumbnail-image\" >\n    <img decoding=\"async\"\n      loading=\"lazy\"\n      class=\"image__object lazyload\"\n      src=\"https:\/\/www.sgb-fss.ch\/content\/uploads\/2021\/06\/carmela-zumbach-1440x0-c-default.jpg\"       data-sizes=\"auto\"\n      data-srcset=\"https:\/\/www.sgb-fss.ch\/content\/uploads\/2021\/06\/carmela-zumbach-200x0-c-default.jpg 200w, https:\/\/www.sgb-fss.ch\/content\/uploads\/2021\/06\/carmela-zumbach-100x0-c-default.jpg 100w, \"\n      alt=\"\"\n      width=\"567\"\n      height=\"567\"\n            >\n  <\/div>\n                                                    <\/div>\n                    <\/div>\n                    <div class=\"block-teasercontacts__text\">\n                        <p class=\"block-teasercontacts__name\"><strong><a href=\"https:\/\/www.sgb-fss.ch\/it\/team\/carmela-zumbach\/\">Carmela Zumbach<\/a><\/strong><\/p>\n                        <p class=\"block-teasercontacts__lead\">Fundraising e Formazione professionale<\/p>                    <\/div>\n                    <div class=\"block-teasercontacts__contacts\">\n                                                    <estos-widget sip=\"sip:c.zumbach@sgb-fss.ch\" configurl=\"\/estos-config.php?options=textchat,videochat\" class=\"display-none\"><\/estos-widget>\n                            <div class=\"wp-block-button is-style-transparent\" onclick=\"(document.querySelector('estos-widget').classList.toggle('display-none'), document.querySelector('estos-widget').shadowRoot.querySelector('estos-contact-widget').shadowRoot.querySelector('paper-icon-button').click());\"><span class=\"wp-block-button__link\"><i class=\"icon icon--mail\"><svg data-name=\"Ebene 1\" xmlns=\"http:\/\/www.w3.org\/2000\/svg\" viewBox=\"0 0 24 24\"><path d=\"M20.76 2.31H3.24A3.12 3.12 0 0 0 .12 5.43v13.14a3.12 3.12 0 0 0 3.12 3.12h17.52a3.12 3.12 0 0 0 3.12-3.12V5.43a3.12 3.12 0 0 0-3.12-3.12zM2.09 5a1.27 1.27 0 0 1 1.15-.78h17.52a1.24 1.24 0 0 1 1.11.74l.05.09-.09.06L12 12l-.07-.05-9.87-6.9zM22 18.57a1.26 1.26 0 0 1-1.26 1.27H3.24A1.27 1.27 0 0 1 2 18.57V7.21l9.5 6.69a.89.89 0 0 0 1 0L22 7.25z\"\/><\/svg><\/i><i class=\"icon icon--video\"><svg data-name=\"Ebene 1\" xmlns=\"http:\/\/www.w3.org\/2000\/svg\" viewBox=\"0 0 24 24\"><path d=\"M23.4 6.22a.9.9 0 0 0-.87.07l-5.66 4V7A2.89 2.89 0 0 0 14 4.12H3A2.89 2.89 0 0 0 .12 7v10A2.89 2.89 0 0 0 3 19.88h11A2.89 2.89 0 0 0 16.87 17v-3.3l.2.14 5.42 3.87a.94.94 0 0 0 .51.17 1.17 1.17 0 0 0 .41-.1.86.86 0 0 0 .46-.78V7a.84.84 0 0 0-.47-.78zM15.12 17A1.12 1.12 0 0 1 14 18.12H3A1.13 1.13 0 0 1 1.87 17V7A1.13 1.13 0 0 1 3 5.88h11A1.12 1.12 0 0 1 15.12 7zm7-1.7L17.5 12l4.62-3.3z\"\/><\/svg><\/i><i class=\"icon icon--phone\"><svg data-name=\"Ebene 1\" xmlns=\"http:\/\/www.w3.org\/2000\/svg\" viewBox=\"0 0 24 24\"><path d=\"M21.22 14.33a13.27 13.27 0 0 1-2.92-.72 3.09 3.09 0 0 0-1.73-.13 3 3 0 0 0-1.53.83l-.93.92-.11-.06a17 17 0 0 1-5.23-5.24v-.09l.93-.93a3.05 3.05 0 0 0 .82-1.49 3.1 3.1 0 0 0-.13-1.73 13.34 13.34 0 0 1-.73-2.91A3.12 3.12 0 0 0 6.54.12H3.19A3 3 0 0 0 2 .38a3 3 0 0 0-1 .71 3.32 3.32 0 0 0-.71 1.13A3.1 3.1 0 0 0 .13 3.5a23 23 0 0 0 3.54 10 22.75 22.75 0 0 0 6.9 6.88 23 23 0 0 0 10 3.54h.28a3 3 0 0 0 1-.16 3.12 3.12 0 0 0 1.1-.64 3.29 3.29 0 0 0 1-2.29v-3.3a3.08 3.08 0 0 0-2.73-3.2zm.91 6.46a1.45 1.45 0 0 1-.11.54 1.43 1.43 0 0 1-.32.44 1.53 1.53 0 0 1-.47.29 1.76 1.76 0 0 1-.45.07h-.08a21.08 21.08 0 0 1-9.18-3.26 21 21 0 0 1-6.38-6.37 21.11 21.11 0 0 1-3.25-9.17 1.29 1.29 0 0 1 .34-1A1.34 1.34 0 0 1 2.67 2a1.51 1.51 0 0 1 .55-.12H6.6A1.29 1.29 0 0 1 7.88 3a14.68 14.68 0 0 0 .82 3.27 1.41 1.41 0 0 1 .06.73 1.3 1.3 0 0 1-.36.66L7 9.09a.87.87 0 0 0-.09 1.07 18.6 18.6 0 0 0 7 7 .88.88 0 0 0 1.01-.16l1.36-1.39a1.23 1.23 0 0 1 .66-.36 1.21 1.21 0 0 1 .75.06 16.17 16.17 0 0 0 3.31.79 1.29 1.29 0 0 1 .83.46 1.25 1.25 0 0 1 .32.89z\"\/><\/svg><\/i><span class=\"wp-block-button__label\">Contatto<\/span><\/span><\/div>\n                                            <\/div>\n                <\/div>\n            <\/div>\n                    <\/div>\n<\/div>\n<\/div>\n\n\n<div data-init=\"teaserdonate\" class=\"block block-teaserdonate block-teaserdonate--image accent__red\" id=\"block_a9db8310aad4a4b603defba19222ea6a\" data-block=\"Teaser Donate\">\n        <div class=\"image block-teaserdonate__image\" >\n    <img decoding=\"async\"\n      loading=\"lazy\"\n      class=\"image__object lazyload\"\n      src=\"https:\/\/www.sgb-fss.ch\/content\/uploads\/2021\/04\/foem_beitragsbild-2-scaled-1440x0-c-default.jpg\"       data-sizes=\"auto\"\n      data-srcset=\"https:\/\/www.sgb-fss.ch\/content\/uploads\/2021\/04\/foem_beitragsbild-2-scaled-2880x0-c-default.jpg 2880w, https:\/\/www.sgb-fss.ch\/content\/uploads\/2021\/04\/foem_beitragsbild-2-scaled-2160x0-c-default.jpg 2160w, https:\/\/www.sgb-fss.ch\/content\/uploads\/2021\/04\/foem_beitragsbild-2-scaled-1440x0-c-default.jpg 1440w, https:\/\/www.sgb-fss.ch\/content\/uploads\/2021\/04\/foem_beitragsbild-2-scaled-1080x0-c-default.jpg 1080w, https:\/\/www.sgb-fss.ch\/content\/uploads\/2021\/04\/foem_beitragsbild-2-scaled-720x0-c-default.jpg 720w, \"\n      alt=\"\"\n      width=\"2560\"\n      height=\"1440\"\n            >\n  <\/div>\n    <div class=\"block-teaserdonate__content\">\n    <form data-teaserdonate=\"form\" class=\"block-teaserdonate__card\" action=\"https:\/\/www.sgb-fss.ch\/it\/donazioni\/dona-adesso\/\" method=\"get\">\n      <div class=\"block-teaserdonate__card-text\">\n        <h2 class=\"headline-5\">Donare ora per le pari opportunit\u00e0!<\/h2>        <p class=\"block-teaserdonate__lead\">Sostenga le persone sorde in Svizzera in modo semplice ed efficace. Ogni contributo conta.<\/p>      <\/div>\n              <ul class=\"block-teaserdonate__amounts\">\n                  <li class=\"block-teaserdonate__amount\">\n            <input type=\"radio\" name=\"rnw-amount\" id=\"block_a9db8310aad4a4b603defba19222ea6a__60\" class=\"block-teaserdonate__checkbox\" value=\"60\" >\n\n            <label class=\"block-teaserdonate__amount-content\" for=\"block_a9db8310aad4a4b603defba19222ea6a__60\">\n              <i class=\"block-teaserdonate__label\">CHF<\/i>\n              <p class=\"headline-3 block-teaserdonate__value\">60<\/p>\n            <\/label>\n          <\/li>\n                  <li class=\"block-teaserdonate__amount\">\n            <input type=\"radio\" name=\"rnw-amount\" id=\"block_a9db8310aad4a4b603defba19222ea6a__120\" class=\"block-teaserdonate__checkbox\" value=\"120\" checked>\n\n            <label class=\"block-teaserdonate__amount-content\" for=\"block_a9db8310aad4a4b603defba19222ea6a__120\">\n              <i class=\"block-teaserdonate__label\">CHF<\/i>\n              <p class=\"headline-3 block-teaserdonate__value\">120<\/p>\n            <\/label>\n          <\/li>\n                  <li class=\"block-teaserdonate__amount\">\n            <input type=\"radio\" name=\"rnw-amount\" id=\"block_a9db8310aad4a4b603defba19222ea6a__240\" class=\"block-teaserdonate__checkbox\" value=\"240\" >\n\n            <label class=\"block-teaserdonate__amount-content\" for=\"block_a9db8310aad4a4b603defba19222ea6a__240\">\n              <i class=\"block-teaserdonate__label\">CHF<\/i>\n              <p class=\"headline-3 block-teaserdonate__value\">240<\/p>\n            <\/label>\n          <\/li>\n                          <li class=\"block-teaserdonate__amount\">\n            <input data-teaserdonate=\"radio\" type=\"radio\" name=\"rnw-amount\" id=\"block_a9db8310aad4a4b603defba19222ea6a__custom\" class=\"block-teaserdonate__checkbox\" value=\"?\">\n            <label for=\"block_a9db8310aad4a4b603defba19222ea6a__custom\" class=\"block-teaserdonate__amount-content\">\n              <i class=\"block-teaserdonate__label\">CHF<\/i>\n              <input data-teaserdonate=\"custom\" class=\"headline-3 block-teaserdonate__value block-teaserdonate__value--custom\" type=\"number\"\/>\n            <\/label>\n          <\/li>\n                <\/ul>\n            <p class=\"has-text-align-center\"><button type=\"submit\" class=\"is-style-inverted\" id=\"spendenbox_button\">Dona ora<\/button><\/p>          <\/form>\n  <\/div>\n<\/div>\n","protected":false},"excerpt":{"rendered":"<p>Insieme per un mondo senza barriere: la Federazione svizzera dei sordi si impegna a [&hellip;]<\/p>\n","protected":false},"author":40,"featured_media":5620,"parent":9279,"menu_order":4,"comment_status":"closed","ping_status":"closed","template":"","meta":{"_acf_changed":false,"inline_featured_image":false,"footnotes":""},"class_list":["post-23612","page","type-page","status-publish","has-post-thumbnail","hentry"],"acf":[],"yoast_head":"<!-- This site is optimized with the Yoast SEO plugin v27.4 - https:\/\/yoast.com\/product\/yoast-seo-wordpress\/ -->\n<title>Opportunit\u00e0 di donazione - SGB-FSS<\/title>\n<meta name=\"robots\" content=\"index, follow, max-snippet:-1, max-image-preview:large, max-video-preview:-1\" \/>\n<link rel=\"canonical\" href=\"https:\/\/www.sgb-fss.ch\/it\/donazioni\/opportunita-di-donazione\/\" \/>\n<meta property=\"og:locale\" content=\"it_IT\" \/>\n<meta property=\"og:type\" content=\"article\" \/>\n<meta property=\"og:title\" content=\"Opportunit\u00e0 di donazione - SGB-FSS\" \/>\n<meta property=\"og:description\" content=\"Insieme per un mondo senza barriere: la Federazione svizzera dei sordi si impegna a [&hellip;]\" \/>\n<meta property=\"og:url\" content=\"https:\/\/www.sgb-fss.ch\/it\/donazioni\/opportunita-di-donazione\/\" \/>\n<meta property=\"og:site_name\" content=\"SGB-FSS\" \/>\n<meta property=\"article:modified_time\" content=\"2026-02-05T13:34:21+00:00\" \/>\n<meta property=\"og:image\" content=\"https:\/\/www.sgb-fss.ch\/content\/uploads\/2021\/05\/c2a9791-scaled-e1621953109811.jpg\" \/>\n\t<meta property=\"og:image:width\" content=\"2560\" \/>\n\t<meta property=\"og:image:height\" content=\"1707\" \/>\n\t<meta property=\"og:image:type\" content=\"image\/jpeg\" \/>\n<meta name=\"twitter:card\" content=\"summary_large_image\" \/>\n<meta name=\"twitter:label1\" content=\"Tempo di lettura stimato\" \/>\n\t<meta name=\"twitter:data1\" content=\"1 minuto\" \/>\n<script type=\"application\/ld+json\" class=\"yoast-schema-graph\">{\"@context\":\"https:\\\/\\\/schema.org\",\"@graph\":[{\"@type\":\"WebPage\",\"@id\":\"https:\\\/\\\/www.sgb-fss.ch\\\/it\\\/donazioni\\\/opportunita-di-donazione\\\/\",\"url\":\"https:\\\/\\\/www.sgb-fss.ch\\\/it\\\/donazioni\\\/opportunita-di-donazione\\\/\",\"name\":\"Opportunit\u00e0 di donazione - SGB-FSS\",\"isPartOf\":{\"@id\":\"https:\\\/\\\/www.sgb-fss.ch\\\/de\\\/#website\"},\"primaryImageOfPage\":{\"@id\":\"https:\\\/\\\/www.sgb-fss.ch\\\/it\\\/donazioni\\\/opportunita-di-donazione\\\/#primaryimage\"},\"image\":{\"@id\":\"https:\\\/\\\/www.sgb-fss.ch\\\/it\\\/donazioni\\\/opportunita-di-donazione\\\/#primaryimage\"},\"thumbnailUrl\":\"https:\\\/\\\/www.sgb-fss.ch\\\/content\\\/uploads\\\/2021\\\/05\\\/c2a9791-scaled-e1621953109811.jpg\",\"datePublished\":\"2023-08-14T08:28:56+00:00\",\"dateModified\":\"2026-02-05T13:34:21+00:00\",\"breadcrumb\":{\"@id\":\"https:\\\/\\\/www.sgb-fss.ch\\\/it\\\/donazioni\\\/opportunita-di-donazione\\\/#breadcrumb\"},\"inLanguage\":\"it-IT\",\"potentialAction\":[{\"@type\":\"ReadAction\",\"target\":[\"https:\\\/\\\/www.sgb-fss.ch\\\/it\\\/donazioni\\\/opportunita-di-donazione\\\/\"]}]},{\"@type\":\"ImageObject\",\"inLanguage\":\"it-IT\",\"@id\":\"https:\\\/\\\/www.sgb-fss.ch\\\/it\\\/donazioni\\\/opportunita-di-donazione\\\/#primaryimage\",\"url\":\"https:\\\/\\\/www.sgb-fss.ch\\\/content\\\/uploads\\\/2021\\\/05\\\/c2a9791-scaled-e1621953109811.jpg\",\"contentUrl\":\"https:\\\/\\\/www.sgb-fss.ch\\\/content\\\/uploads\\\/2021\\\/05\\\/c2a9791-scaled-e1621953109811.jpg\",\"width\":2560,\"height\":1707},{\"@type\":\"BreadcrumbList\",\"@id\":\"https:\\\/\\\/www.sgb-fss.ch\\\/it\\\/donazioni\\\/opportunita-di-donazione\\\/#breadcrumb\",\"itemListElement\":[{\"@type\":\"ListItem\",\"position\":1,\"name\":\"Home\",\"item\":\"https:\\\/\\\/www.sgb-fss.ch\\\/it\\\/\"},{\"@type\":\"ListItem\",\"position\":2,\"name\":\"Donare e offrire una possibilit\u00e0\",\"item\":\"https:\\\/\\\/www.sgb-fss.ch\\\/it\\\/donazioni\\\/\"},{\"@type\":\"ListItem\",\"position\":3,\"name\":\"Opportunit\u00e0 di donazione\"}]},{\"@type\":\"WebSite\",\"@id\":\"https:\\\/\\\/www.sgb-fss.ch\\\/de\\\/#website\",\"url\":\"https:\\\/\\\/www.sgb-fss.ch\\\/de\\\/\",\"name\":\"SGB-FSS\",\"description\":\"\",\"potentialAction\":[{\"@type\":\"SearchAction\",\"target\":{\"@type\":\"EntryPoint\",\"urlTemplate\":\"https:\\\/\\\/www.sgb-fss.ch\\\/de\\\/?s={search_term_string}\"},\"query-input\":{\"@type\":\"PropertyValueSpecification\",\"valueRequired\":true,\"valueName\":\"search_term_string\"}}],\"inLanguage\":\"it-IT\"}]}<\/script>\n<!-- \/ Yoast SEO plugin. -->","yoast_head_json":{"title":"Opportunit\u00e0 di donazione - SGB-FSS","robots":{"index":"index","follow":"follow","max-snippet":"max-snippet:-1","max-image-preview":"max-image-preview:large","max-video-preview":"max-video-preview:-1"},"canonical":"https:\/\/www.sgb-fss.ch\/it\/donazioni\/opportunita-di-donazione\/","og_locale":"it_IT","og_type":"article","og_title":"Opportunit\u00e0 di donazione - SGB-FSS","og_description":"Insieme per un mondo senza barriere: la Federazione svizzera dei sordi si impegna a [&hellip;]","og_url":"https:\/\/www.sgb-fss.ch\/it\/donazioni\/opportunita-di-donazione\/","og_site_name":"SGB-FSS","article_modified_time":"2026-02-05T13:34:21+00:00","og_image":[{"width":2560,"height":1707,"url":"https:\/\/www.sgb-fss.ch\/content\/uploads\/2021\/05\/c2a9791-scaled-e1621953109811.jpg","type":"image\/jpeg"}],"twitter_card":"summary_large_image","twitter_misc":{"Tempo di lettura stimato":"1 minuto"},"schema":{"@context":"https:\/\/schema.org","@graph":[{"@type":"WebPage","@id":"https:\/\/www.sgb-fss.ch\/it\/donazioni\/opportunita-di-donazione\/","url":"https:\/\/www.sgb-fss.ch\/it\/donazioni\/opportunita-di-donazione\/","name":"Opportunit\u00e0 di donazione - SGB-FSS","isPartOf":{"@id":"https:\/\/www.sgb-fss.ch\/de\/#website"},"primaryImageOfPage":{"@id":"https:\/\/www.sgb-fss.ch\/it\/donazioni\/opportunita-di-donazione\/#primaryimage"},"image":{"@id":"https:\/\/www.sgb-fss.ch\/it\/donazioni\/opportunita-di-donazione\/#primaryimage"},"thumbnailUrl":"https:\/\/www.sgb-fss.ch\/content\/uploads\/2021\/05\/c2a9791-scaled-e1621953109811.jpg","datePublished":"2023-08-14T08:28:56+00:00","dateModified":"2026-02-05T13:34:21+00:00","breadcrumb":{"@id":"https:\/\/www.sgb-fss.ch\/it\/donazioni\/opportunita-di-donazione\/#breadcrumb"},"inLanguage":"it-IT","potentialAction":[{"@type":"ReadAction","target":["https:\/\/www.sgb-fss.ch\/it\/donazioni\/opportunita-di-donazione\/"]}]},{"@type":"ImageObject","inLanguage":"it-IT","@id":"https:\/\/www.sgb-fss.ch\/it\/donazioni\/opportunita-di-donazione\/#primaryimage","url":"https:\/\/www.sgb-fss.ch\/content\/uploads\/2021\/05\/c2a9791-scaled-e1621953109811.jpg","contentUrl":"https:\/\/www.sgb-fss.ch\/content\/uploads\/2021\/05\/c2a9791-scaled-e1621953109811.jpg","width":2560,"height":1707},{"@type":"BreadcrumbList","@id":"https:\/\/www.sgb-fss.ch\/it\/donazioni\/opportunita-di-donazione\/#breadcrumb","itemListElement":[{"@type":"ListItem","position":1,"name":"Home","item":"https:\/\/www.sgb-fss.ch\/it\/"},{"@type":"ListItem","position":2,"name":"Donare e offrire una possibilit\u00e0","item":"https:\/\/www.sgb-fss.ch\/it\/donazioni\/"},{"@type":"ListItem","position":3,"name":"Opportunit\u00e0 di donazione"}]},{"@type":"WebSite","@id":"https:\/\/www.sgb-fss.ch\/de\/#website","url":"https:\/\/www.sgb-fss.ch\/de\/","name":"SGB-FSS","description":"","potentialAction":[{"@type":"SearchAction","target":{"@type":"EntryPoint","urlTemplate":"https:\/\/www.sgb-fss.ch\/de\/?s={search_term_string}"},"query-input":{"@type":"PropertyValueSpecification","valueRequired":true,"valueName":"search_term_string"}}],"inLanguage":"it-IT"}]}},"_links":{"self":[{"href":"https:\/\/www.sgb-fss.ch\/it\/wp-json\/wp\/v2\/pages\/23612","targetHints":{"allow":["GET"]}}],"collection":[{"href":"https:\/\/www.sgb-fss.ch\/it\/wp-json\/wp\/v2\/pages"}],"about":[{"href":"https:\/\/www.sgb-fss.ch\/it\/wp-json\/wp\/v2\/types\/page"}],"author":[{"embeddable":true,"href":"https:\/\/www.sgb-fss.ch\/it\/wp-json\/wp\/v2\/users\/40"}],"replies":[{"embeddable":true,"href":"https:\/\/www.sgb-fss.ch\/it\/wp-json\/wp\/v2\/comments?post=23612"}],"version-history":[{"count":13,"href":"https:\/\/www.sgb-fss.ch\/it\/wp-json\/wp\/v2\/pages\/23612\/revisions"}],"predecessor-version":[{"id":43703,"href":"https:\/\/www.sgb-fss.ch\/it\/wp-json\/wp\/v2\/pages\/23612\/revisions\/43703"}],"up":[{"embeddable":true,"href":"https:\/\/www.sgb-fss.ch\/it\/wp-json\/wp\/v2\/pages\/9279"}],"wp:featuredmedia":[{"embeddable":true,"href":"https:\/\/www.sgb-fss.ch\/it\/wp-json\/wp\/v2\/media\/5620"}],"wp:attachment":[{"href":"https:\/\/www.sgb-fss.ch\/it\/wp-json\/wp\/v2\/media?parent=23612"}],"curies":[{"name":"wp","href":"https:\/\/api.w.org\/{rel}","templated":true}]}}