{"id":23184,"date":"2023-07-31T09:23:51","date_gmt":"2023-07-31T07:23:51","guid":{"rendered":"https:\/\/www.sgb-fss.ch\/?page_id=23184"},"modified":"2025-07-24T10:29:06","modified_gmt":"2025-07-24T08:29:06","slug":"partner","status":"publish","type":"page","link":"https:\/\/www.sgb-fss.ch\/it\/federazione\/partner\/","title":{"rendered":"Partner"},"content":{"rendered":"\n<p class=\"is-style-lead\">Insieme ai nostri partner, sosteniamo le richieste della comunit\u00e0 sorda e ci impegniamo in vari progetti per raggiungere insieme l\u2019obiettivo di una societ\u00e0 inclusiva e senza barriere.<\/p>\n\n\n\n<h2 class=\"wp-block-heading\"><strong>Rete di partner<\/strong><\/h2>\n\n\n\n<p class=\"is-style-default\">Una fitta rete di organizzazioni partner sostiene il lavoro della Federazione. Si tratta di associazioni, federazioni, universit\u00e0, scuole universitarie e professionali e organizzazioni operanti nel settore dei servizi. Sono interlocutori di rilievo per i progetti e si impegnano a sostegno delle richieste della comunit\u00e0 sorda.<\/p>\n\n\n\n<h2 class=\"wp-block-heading\" id=\"partner-regionali\">Partner regionali<\/h2>\n\n\n\n<p>I servizi della Federazione svizzera dei sordi diventano ancora pi\u00f9 significativi alla luce dell\u2019operato dei partner regionali coinvolti nelle sette grandi regioni della Svizzera. I partner regionali fungono da interfaccia principale tra i gruppi locali e la Federazione per coadiuvare il raggiungimento degli obiettivi strategici della Federazione e inserire le richieste della propria regione nell\u2019agenda nazionale.<\/p>\n\n\n\n<div class=\"wp-block-group has-schwarz-10-background-color has-background is-layout-constrained wp-block-group-is-layout-constrained\">\n<figure class=\"wp-block-table\"><table class=\"has-fixed-layout\"><tbody><tr><td><strong>i.V. Federazione svizzera dei sordi<\/strong><br>Region Tessin<br>Via Besso 5, 6900 Lugano<br>Mail: info-i@sgb-fss.ch<br><a href=\"http:\/\/www.sgb-fss.ch\/it\">www.sgb-fss.ch<\/a><\/td><\/tr><tr><td><strong>BFSUG &#8211; Beratung f\u00fcr Schwerh\u00f6rige und Geh\u00f6rlose Zentralschweiz<br><\/strong>Region Zentralschweiz<br>Horwerstrasse 81, 6005 Luzern<br>Mail: zentralschweiz@bfsug.ch<br><a href=\"https:\/\/bfsug.ch\/beratungsstellen\/region-zentralschweiz\/\">www.b<\/a><a href=\"https:\/\/bfsug.ch\/beratungsstellen\/region-zentralschweiz\/\" target=\"_blank\" rel=\"noreferrer noopener\">fsug.ch\/beratungsstellen\/region-zentralschweiz<\/a><\/td><\/tr><tr><td><a href=\"https:\/\/www.gfbasel.ch\/\" target=\"_blank\" rel=\"noreferrer noopener\"><strong>Geh\u00f6rlosen-F\u00fcrsorgeverein der Region Basel<\/strong><\/a>&nbsp;<br>Region Nordwestschweiz<br>Oberalpstrasse 117, 8054 Basel<br>Mail: info@gfbasel.ch<br><a href=\"https:\/\/www.gfbasel.ch\/\" target=\"_blank\" rel=\"noreferrer noopener\">www.gfbasel.ch<\/a><\/td><\/tr><tr><td><strong>sichtbar GEH\u00d6RLOSE Z\u00dcRICH<\/strong><br>Region Z\u00fcrich<br>Oerlikonstrasse 98, 8057 Z\u00fcrich<br>Mail: kontakt@sichtbar-gehoerlose.ch<br><a href=\"https:\/\/sichtbar-gehoerlose.ch\/\">www.sichtbar-gehoerlose<\/a><a href=\"https:\/\/sichtbar-gehoerlose.ch\/\" target=\"_blank\" rel=\"noreferrer noopener\">.ch<\/a><\/td><\/tr><tr><td><strong>IGGH Interessengemeinschaft Geh\u00f6rlose und H\u00f6rbehinderte<\/strong><br>Region Bern-Oberwallis-Deutschfreiburg<br>Belpstrasse 24, 3007 Bern<br>Mail: info@iggh.ch<br><a href=\"https:\/\/iggh.ch\/\" target=\"_blank\" rel=\"noreferrer noopener\">www.iggh.ch<\/a><\/td><\/tr><tr><td><strong>Fachstelle f\u00fcr Geh\u00f6rlose und Schwerh\u00f6rige St. Gallen<\/strong><br>Region Ostschweiz<br>Blumenbergplatz 7, 9000 St.Gallen<br>Mail: herbert.weissmann@hoerbehindert.ch<br><a href=\"https:\/\/bfsug.ch\/neue-fachstelle-in-st-gallen-ostschweiz\/\" target=\"_blank\" rel=\"noreferrer noopener\">www.bfsug.ch<\/a><\/td><\/tr><tr><td><strong>ASRLS Association Suisse Romande de la Langue des Signes<\/strong><br>Region Westschweiz<br>Passage St.-Francois 12, 1003 Lausanne<br>Mail: animation@asr-ls.ch<\/td><\/tr><\/tbody><\/table><\/figure>\n<\/div>\n\n\n\n<div class=\"wp-block-group has-schwarz-25-background-color has-background is-layout-constrained wp-block-group-is-layout-constrained\"><div class=\"block block-teaserpages\" id=\"block_bf6a7d1e2ee2fe2aace425fabc3ebd40\" data-block=\"Teaser Pages\">\n  <ul class=\"block-teaserpages__list\">\n            <li class=\"block-teaserpages__item\">\n        <a class=\"accent teaserpage\" href=\"https:\/\/www.sgb-fss.ch\/it\/downloads\/\">\n  <div class=\"teaserpage__thumbnail\">\n            <div class=\"image teaserpage__thumbnail-image\" >\n    <img decoding=\"async\"\n      loading=\"lazy\"\n      class=\"image__object lazyload\"\n      src=\"https:\/\/www.sgb-fss.ch\/content\/uploads\/2024\/01\/downloads-i-1440x0-c-default.jpg\"       data-sizes=\"auto\"\n      data-srcset=\"https:\/\/www.sgb-fss.ch\/content\/uploads\/2024\/01\/downloads-i-1000x0-c-default.jpg 1000w, https:\/\/www.sgb-fss.ch\/content\/uploads\/2024\/01\/downloads-i-700x0-c-default.jpg 700w, https:\/\/www.sgb-fss.ch\/content\/uploads\/2024\/01\/downloads-i-350x0-c-default.jpg 350w, \"\n      alt=\"\"\n      width=\"1890\"\n      height=\"1063\"\n            >\n  <\/div>\n      <\/div>\n  <h3 class=\"teaserpage__title\">Downloads<\/h3>\n  <p class=\"teaserpage__lead\">Qui troverete tutti i dati di questa pagina e di tutte le altre aree da scaricare.<\/p>  <\/a>\n      <\/li>\n    <\/ul>\n<\/div>\n<\/div>\n","protected":false},"excerpt":{"rendered":"<p>Insieme ai nostri partner, sosteniamo le richieste della comunit\u00e0 sorda e ci impegniamo in [&hellip;]<\/p>\n","protected":false},"author":8,"featured_media":25356,"parent":22948,"menu_order":0,"comment_status":"closed","ping_status":"closed","template":"","meta":{"_acf_changed":false,"inline_featured_image":false,"footnotes":""},"class_list":["post-23184","page","type-page","status-publish","has-post-thumbnail","hentry"],"acf":[],"yoast_head":"<!-- This site is optimized with the Yoast SEO plugin v27.4 - https:\/\/yoast.com\/product\/yoast-seo-wordpress\/ -->\n<title>Partner - SGB-FSS<\/title>\n<meta name=\"robots\" content=\"index, follow, max-snippet:-1, max-image-preview:large, max-video-preview:-1\" \/>\n<link rel=\"canonical\" href=\"https:\/\/www.sgb-fss.ch\/it\/federazione\/partner\/\" \/>\n<meta property=\"og:locale\" content=\"it_IT\" \/>\n<meta property=\"og:type\" content=\"article\" \/>\n<meta property=\"og:title\" content=\"Partner - SGB-FSS\" \/>\n<meta property=\"og:description\" content=\"Insieme ai nostri partner, sosteniamo le richieste della comunit\u00e0 sorda e ci impegniamo in [&hellip;]\" \/>\n<meta property=\"og:url\" content=\"https:\/\/www.sgb-fss.ch\/it\/federazione\/partner\/\" \/>\n<meta property=\"og:site_name\" content=\"SGB-FSS\" \/>\n<meta property=\"article:modified_time\" content=\"2025-07-24T08:29:06+00:00\" \/>\n<meta property=\"og:image\" content=\"https:\/\/www.sgb-fss.ch\/content\/uploads\/2023\/09\/shutterstock_1498583432-scaled.jpg\" \/>\n\t<meta property=\"og:image:width\" content=\"2560\" \/>\n\t<meta property=\"og:image:height\" content=\"1434\" \/>\n\t<meta property=\"og:image:type\" content=\"image\/jpeg\" \/>\n<meta name=\"twitter:card\" content=\"summary_large_image\" \/>\n<meta name=\"twitter:label1\" content=\"Tempo di lettura stimato\" \/>\n\t<meta name=\"twitter:data1\" content=\"2 minuti\" \/>\n<script type=\"application\/ld+json\" class=\"yoast-schema-graph\">{\"@context\":\"https:\\\/\\\/schema.org\",\"@graph\":[{\"@type\":\"WebPage\",\"@id\":\"https:\\\/\\\/www.sgb-fss.ch\\\/it\\\/federazione\\\/partner\\\/\",\"url\":\"https:\\\/\\\/www.sgb-fss.ch\\\/it\\\/federazione\\\/partner\\\/\",\"name\":\"Partner - SGB-FSS\",\"isPartOf\":{\"@id\":\"https:\\\/\\\/www.sgb-fss.ch\\\/de\\\/#website\"},\"primaryImageOfPage\":{\"@id\":\"https:\\\/\\\/www.sgb-fss.ch\\\/it\\\/federazione\\\/partner\\\/#primaryimage\"},\"image\":{\"@id\":\"https:\\\/\\\/www.sgb-fss.ch\\\/it\\\/federazione\\\/partner\\\/#primaryimage\"},\"thumbnailUrl\":\"https:\\\/\\\/www.sgb-fss.ch\\\/content\\\/uploads\\\/2023\\\/09\\\/shutterstock_1498583432-scaled.jpg\",\"datePublished\":\"2023-07-31T07:23:51+00:00\",\"dateModified\":\"2025-07-24T08:29:06+00:00\",\"breadcrumb\":{\"@id\":\"https:\\\/\\\/www.sgb-fss.ch\\\/it\\\/federazione\\\/partner\\\/#breadcrumb\"},\"inLanguage\":\"it-IT\",\"potentialAction\":[{\"@type\":\"ReadAction\",\"target\":[\"https:\\\/\\\/www.sgb-fss.ch\\\/it\\\/federazione\\\/partner\\\/\"]}]},{\"@type\":\"ImageObject\",\"inLanguage\":\"it-IT\",\"@id\":\"https:\\\/\\\/www.sgb-fss.ch\\\/it\\\/federazione\\\/partner\\\/#primaryimage\",\"url\":\"https:\\\/\\\/www.sgb-fss.ch\\\/content\\\/uploads\\\/2023\\\/09\\\/shutterstock_1498583432-scaled.jpg\",\"contentUrl\":\"https:\\\/\\\/www.sgb-fss.ch\\\/content\\\/uploads\\\/2023\\\/09\\\/shutterstock_1498583432-scaled.jpg\",\"width\":2560,\"height\":1434},{\"@type\":\"BreadcrumbList\",\"@id\":\"https:\\\/\\\/www.sgb-fss.ch\\\/it\\\/federazione\\\/partner\\\/#breadcrumb\",\"itemListElement\":[{\"@type\":\"ListItem\",\"position\":1,\"name\":\"Home\",\"item\":\"https:\\\/\\\/www.sgb-fss.ch\\\/it\\\/\"},{\"@type\":\"ListItem\",\"position\":2,\"name\":\"Federazione\",\"item\":\"https:\\\/\\\/www.sgb-fss.ch\\\/it\\\/federazione\\\/\"},{\"@type\":\"ListItem\",\"position\":3,\"name\":\"Partner\"}]},{\"@type\":\"WebSite\",\"@id\":\"https:\\\/\\\/www.sgb-fss.ch\\\/de\\\/#website\",\"url\":\"https:\\\/\\\/www.sgb-fss.ch\\\/de\\\/\",\"name\":\"SGB-FSS\",\"description\":\"\",\"potentialAction\":[{\"@type\":\"SearchAction\",\"target\":{\"@type\":\"EntryPoint\",\"urlTemplate\":\"https:\\\/\\\/www.sgb-fss.ch\\\/de\\\/?s={search_term_string}\"},\"query-input\":{\"@type\":\"PropertyValueSpecification\",\"valueRequired\":true,\"valueName\":\"search_term_string\"}}],\"inLanguage\":\"it-IT\"}]}<\/script>\n<!-- \/ Yoast SEO plugin. -->","yoast_head_json":{"title":"Partner - SGB-FSS","robots":{"index":"index","follow":"follow","max-snippet":"max-snippet:-1","max-image-preview":"max-image-preview:large","max-video-preview":"max-video-preview:-1"},"canonical":"https:\/\/www.sgb-fss.ch\/it\/federazione\/partner\/","og_locale":"it_IT","og_type":"article","og_title":"Partner - SGB-FSS","og_description":"Insieme ai nostri partner, sosteniamo le richieste della comunit\u00e0 sorda e ci impegniamo in [&hellip;]","og_url":"https:\/\/www.sgb-fss.ch\/it\/federazione\/partner\/","og_site_name":"SGB-FSS","article_modified_time":"2025-07-24T08:29:06+00:00","og_image":[{"width":2560,"height":1434,"url":"https:\/\/www.sgb-fss.ch\/content\/uploads\/2023\/09\/shutterstock_1498583432-scaled.jpg","type":"image\/jpeg"}],"twitter_card":"summary_large_image","twitter_misc":{"Tempo di lettura stimato":"2 minuti"},"schema":{"@context":"https:\/\/schema.org","@graph":[{"@type":"WebPage","@id":"https:\/\/www.sgb-fss.ch\/it\/federazione\/partner\/","url":"https:\/\/www.sgb-fss.ch\/it\/federazione\/partner\/","name":"Partner - SGB-FSS","isPartOf":{"@id":"https:\/\/www.sgb-fss.ch\/de\/#website"},"primaryImageOfPage":{"@id":"https:\/\/www.sgb-fss.ch\/it\/federazione\/partner\/#primaryimage"},"image":{"@id":"https:\/\/www.sgb-fss.ch\/it\/federazione\/partner\/#primaryimage"},"thumbnailUrl":"https:\/\/www.sgb-fss.ch\/content\/uploads\/2023\/09\/shutterstock_1498583432-scaled.jpg","datePublished":"2023-07-31T07:23:51+00:00","dateModified":"2025-07-24T08:29:06+00:00","breadcrumb":{"@id":"https:\/\/www.sgb-fss.ch\/it\/federazione\/partner\/#breadcrumb"},"inLanguage":"it-IT","potentialAction":[{"@type":"ReadAction","target":["https:\/\/www.sgb-fss.ch\/it\/federazione\/partner\/"]}]},{"@type":"ImageObject","inLanguage":"it-IT","@id":"https:\/\/www.sgb-fss.ch\/it\/federazione\/partner\/#primaryimage","url":"https:\/\/www.sgb-fss.ch\/content\/uploads\/2023\/09\/shutterstock_1498583432-scaled.jpg","contentUrl":"https:\/\/www.sgb-fss.ch\/content\/uploads\/2023\/09\/shutterstock_1498583432-scaled.jpg","width":2560,"height":1434},{"@type":"BreadcrumbList","@id":"https:\/\/www.sgb-fss.ch\/it\/federazione\/partner\/#breadcrumb","itemListElement":[{"@type":"ListItem","position":1,"name":"Home","item":"https:\/\/www.sgb-fss.ch\/it\/"},{"@type":"ListItem","position":2,"name":"Federazione","item":"https:\/\/www.sgb-fss.ch\/it\/federazione\/"},{"@type":"ListItem","position":3,"name":"Partner"}]},{"@type":"WebSite","@id":"https:\/\/www.sgb-fss.ch\/de\/#website","url":"https:\/\/www.sgb-fss.ch\/de\/","name":"SGB-FSS","description":"","potentialAction":[{"@type":"SearchAction","target":{"@type":"EntryPoint","urlTemplate":"https:\/\/www.sgb-fss.ch\/de\/?s={search_term_string}"},"query-input":{"@type":"PropertyValueSpecification","valueRequired":true,"valueName":"search_term_string"}}],"inLanguage":"it-IT"}]}},"_links":{"self":[{"href":"https:\/\/www.sgb-fss.ch\/it\/wp-json\/wp\/v2\/pages\/23184","targetHints":{"allow":["GET"]}}],"collection":[{"href":"https:\/\/www.sgb-fss.ch\/it\/wp-json\/wp\/v2\/pages"}],"about":[{"href":"https:\/\/www.sgb-fss.ch\/it\/wp-json\/wp\/v2\/types\/page"}],"author":[{"embeddable":true,"href":"https:\/\/www.sgb-fss.ch\/it\/wp-json\/wp\/v2\/users\/8"}],"replies":[{"embeddable":true,"href":"https:\/\/www.sgb-fss.ch\/it\/wp-json\/wp\/v2\/comments?post=23184"}],"version-history":[{"count":20,"href":"https:\/\/www.sgb-fss.ch\/it\/wp-json\/wp\/v2\/pages\/23184\/revisions"}],"predecessor-version":[{"id":39693,"href":"https:\/\/www.sgb-fss.ch\/it\/wp-json\/wp\/v2\/pages\/23184\/revisions\/39693"}],"up":[{"embeddable":true,"href":"https:\/\/www.sgb-fss.ch\/it\/wp-json\/wp\/v2\/pages\/22948"}],"wp:featuredmedia":[{"embeddable":true,"href":"https:\/\/www.sgb-fss.ch\/it\/wp-json\/wp\/v2\/media\/25356"}],"wp:attachment":[{"href":"https:\/\/www.sgb-fss.ch\/it\/wp-json\/wp\/v2\/media?parent=23184"}],"curies":[{"name":"wp","href":"https:\/\/api.w.org\/{rel}","templated":true}]}}