{"id":22960,"date":"2023-07-31T09:30:48","date_gmt":"2023-07-31T07:30:48","guid":{"rendered":"https:\/\/www.sgb-fss.ch\/?page_id=22960"},"modified":"2026-01-14T14:01:22","modified_gmt":"2026-01-14T13:01:22","slug":"la-nostra-visione","status":"publish","type":"page","link":"https:\/\/www.sgb-fss.ch\/it\/federazione\/la-nostra-visione\/","title":{"rendered":"La nostra misione guida"},"content":{"rendered":"\n<p class=\"is-style-lead\">La missione guida mostra ci\u00f2 che rappresenta la Federazione svizzera dei sordi e quali obiettivi persegue. Visione, missione, valori e linee d&#8217;azione forniscono un orientamento per il nostro lavoro e costituiscono la base della nostra strategia 2026\u20132030. Rendono visibile il nostro approccio e invitano a intraprendere questo percorso insieme.<\/p>\n\n\n\n<h2 class=\"wp-block-heading\">La nostra visione<\/h2>\n\n\n\n<div class=\"wp-block-group is-layout-constrained wp-block-group-is-layout-constrained\">\n<div class=\"wp-block-columns is-layout-flex wp-container-core-columns-is-layout-9d6595d7 wp-block-columns-is-layout-flex\">\n<div class=\"wp-block-column has-pflaume-40-background-color has-background is-layout-flow wp-block-column-is-layout-flow\">\n<p class=\"is-style-lead\">La nostra visione \u00e8 una societ\u00e0 inclusiva, nella quale le persone sorde e deboli d&#8217;udito possano partecipare pienamente e senza condizioni.<\/p>\n<\/div>\n<\/div>\n<\/div>\n\n\n\n<h2 class=\"wp-block-heading\">La nostra missione<\/h2>\n\n\n\n<p class=\"is-style-default\">Lavoriamo in modo coerente e sostenibile per realizzare questa visione.<br>Grazie a solide partnership, ci impegniamo affinch\u00e9:<\/p>\n\n\n\n<ul class=\"wp-block-list\">\n<li>vengano abbattute le barriere di accesso per le persone sorde e deboli d\u2019udito,<\/li>\n\n\n\n<li>tutte le persone possano beneficiare degli stessi diritti e delle stesse opportunit\u00e0,<\/li>\n\n\n\n<li>le lingue dei segni siano riconosciute senza restrizioni e vengano promosse,<\/li>\n\n\n\n<li>la cultura sorda possa essere vissuta e valorizzata.<\/li>\n<\/ul>\n\n\n\n<p class=\"is-style-default\"><\/p>\n\n\n\n<div class=\"wp-block-group has-pflaume-10-background-color has-background is-layout-flow wp-block-group-is-layout-flow\">\n<h2 class=\"wp-block-heading\" id=\"werte\">I nostri valori<\/h2>\n\n\n\n<p>Orientiamo coerentemente le nostre azioni ai seguenti valori. I membri condividono questi valori.<\/p>\n\n\n\n<div class=\"wp-block-group is-layout-constrained wp-block-group-is-layout-constrained\">\n<div class=\"wp-block-columns alignwide are-vertically-aligned-top column_icons is-layout-flex wp-container-core-columns-is-layout-9d6595d7 wp-block-columns-is-layout-flex\">\n<div class=\"wp-block-column is-vertically-aligned-top is-layout-flow wp-block-column-is-layout-flow\">\n<div class=\"wp-block-group is-vertical is-layout-flex wp-container-core-group-is-layout-8cf370e7 wp-block-group-is-layout-flex\">\n<figure class=\"wp-block-image size-medium is-resized\"><img loading=\"lazy\" decoding=\"async\" width=\"40\" height=\"40\" src=\"https:\/\/www.sgb-fss.ch\/content\/uploads\/\/2021\/05\/herausfordernd.svg\" alt=\"\" class=\"wp-image-5401\" style=\"width:50px;height:50px\"\/><\/figure>\n\n\n\n<p><strong>Stimolanti<\/strong><br>Lavoriamo con entusiasmo per il cambiamento: con creativit\u00e0, ambizione e visione. Quando necessario siamo determinati e combattivi, sfidando i nostri interlocutori e noi stessi.<\/p>\n<\/div>\n<\/div>\n\n\n\n<div class=\"wp-block-column is-vertically-aligned-top is-layout-flow wp-block-column-is-layout-flow\">\n<div class=\"wp-block-group is-vertical is-layout-flex wp-container-core-group-is-layout-8cf370e7 wp-block-group-is-layout-flex\">\n<figure class=\"wp-block-image size-large is-resized\"><img loading=\"lazy\" decoding=\"async\" width=\"40\" height=\"40\" src=\"https:\/\/www.sgb-fss.ch\/content\/uploads\/\/2021\/05\/sensibilisierung-1.svg\" alt=\"\" class=\"wp-image-5404\" style=\"width:50px;height:50px\"\/><\/figure>\n\n\n\n<p><strong>Coinvolgenti<\/strong><br>Siamo aperti, cosmopoliti e comunicativi. Il nostro lavoro \u00e8 competente, dinamico e ispirante e ci relazioniamo con simpatia e rispetto reciproco.<\/p>\n<\/div>\n<\/div>\n\n\n\n<div class=\"wp-block-column is-vertically-aligned-top is-layout-flow wp-block-column-is-layout-flow\">\n<div class=\"wp-block-group is-vertical is-layout-flex wp-container-core-group-is-layout-8cf370e7 wp-block-group-is-layout-flex\">\n<figure class=\"wp-block-image size-medium is-resized\"><img loading=\"lazy\" decoding=\"async\" width=\"40\" height=\"40\" src=\"https:\/\/www.sgb-fss.ch\/content\/uploads\/\/2021\/05\/verbindlich-1.svg\" alt=\"\" class=\"wp-image-5410\" style=\"width:50px;height:50px\"\/><\/figure>\n\n\n\n<p><strong>Affidabili<\/strong><br>Siamo diretti, inequivocabili e chiari. Lavoriamo in modo comprensibile, istruttivo e con determinazione. In questo modo creiamo fiducia tra i nostri partner.<\/p>\n<\/div>\n<\/div>\n\n\n\n<div class=\"wp-block-column is-vertically-aligned-top is-layout-flow wp-block-column-is-layout-flow\">\n<div class=\"wp-block-group is-vertical is-layout-flex wp-container-core-group-is-layout-8cf370e7 wp-block-group-is-layout-flex\">\n<figure class=\"wp-block-image size-medium is-resized\"><img loading=\"lazy\" decoding=\"async\" width=\"40\" height=\"40\" src=\"https:\/\/www.sgb-fss.ch\/content\/uploads\/\/2021\/05\/solidarisch.svg\" alt=\"\" class=\"wp-image-5407\" style=\"width:50px;height:50px\"\/><\/figure>\n\n\n\n<p><strong>Solidali<\/strong><br>Mettiamo al centro ci\u00f2 che ci unisce e consideriamo la diversit\u00e0 una forza. La nostra collaborazione \u00e8 caratterizzata da stima e apprezzamento reciproci.<\/p>\n<\/div>\n<\/div>\n<\/div>\n<\/div>\n<\/div>\n\n\n\n<h2 class=\"wp-block-heading\">Le nostre linee strategiche<\/h2>\n\n\n\n<p>Per raggiungere la nostra visione, sviluppiamo ulteriormente l\u2019associazione secondo tre linee strategiche:<\/p>\n\n\n\n<p>\u23af <strong>Rafforzare l&#8217;associazione nazionale:<\/strong> la Federazione svizzera dei sordi si concentra in modo coerente sul suo ruolo di associazione nazionale per le organizzazioni che rappresentano i sordi e i deboli d\u2019udito. Ci\u00f2 include la collaborazione con tutti i gruppi di interesse e l&#8217;impegno per un miglioramento delle condizioni quadro a livello legislativo.<\/p>\n\n\n\n<p>\u23af <strong>Gestire in modo mirato progetti e servizi:<\/strong> avviamo e accompagniamo progetti e prestazioni efficaci per promuovere l\u2019inclusione e utilizzare in modo sensato gli sviluppi digitali.<\/p>\n\n\n\n<p>\u23af <strong>Garantire la stabilit\u00e0 finanziaria:<\/strong> una base finanziaria stabile \u00e8 un presupposto per un impatto duraturo. Diversifichiamo le nostre fonti di entrata, le assicuriamo sul lungo termine e aumentiamo la nostra efficienza..<\/p>\n\n\n\n<figure class=\"wp-block-image size-large\"><img loading=\"lazy\" decoding=\"async\" width=\"1024\" height=\"525\" src=\"https:\/\/www.sgb-fss.ch\/content\/uploads\/\/grafik-stossrichtungen-i_neu-1024x525.jpeg\" alt=\"\" class=\"wp-image-42816\" srcset=\"https:\/\/www.sgb-fss.ch\/content\/uploads\/grafik-stossrichtungen-i_neu-1024x525.jpeg 1024w, https:\/\/www.sgb-fss.ch\/content\/uploads\/grafik-stossrichtungen-i_neu-300x154.jpeg 300w, https:\/\/www.sgb-fss.ch\/content\/uploads\/grafik-stossrichtungen-i_neu-150x77.jpeg 150w, https:\/\/www.sgb-fss.ch\/content\/uploads\/grafik-stossrichtungen-i_neu-768x394.jpeg 768w, https:\/\/www.sgb-fss.ch\/content\/uploads\/grafik-stossrichtungen-i_neu-1536x788.jpeg 1536w, https:\/\/www.sgb-fss.ch\/content\/uploads\/grafik-stossrichtungen-i_neu-2048x1051.jpeg 2048w, https:\/\/www.sgb-fss.ch\/content\/uploads\/grafik-stossrichtungen-i_neu-195x100.jpeg 195w\" sizes=\"auto, (max-width: 1024px) 100vw, 1024px\" \/><\/figure>\n\n\n\n<h2 class=\"wp-block-heading\">La nostra organizzazione<\/h2>\n\n\n\n<p><strong>L&#8217;Assemblea dei delegati<\/strong><br>Le persone sorde e deboli d&#8217;udito della Svizzera costituiscono la base della Federazione svizzera dei sordi. In qualit\u00e0 di membri collettivi, individuali o solidali, contribuiscono a definire l\u2019orientamento dell\u2019associazione. L\u2019organo supremo \u00e8 l\u2019Assemblea dei delegati dei membri collettivi.<\/p>\n\n\n\n<p><strong>Statuti<\/strong><br>I nostri <a href=\"https:\/\/www.sgb-fss.ch\/content\/uploads\/2023\/05\/statutenrevision-i-v10-04.11.20_def-2-1.pdf\" target=\"_blank\" rel=\"noreferrer noopener\">statuti<\/a> costituiscono la base per un lavoro professionale, trasparente e affidabile a favore delle persone sorde deboli d&#8217;udito, nonch\u00e9 delle nostre organizzazioni affiliate.<\/p>\n\n\n<div class=\"block block-teaserpages\" id=\"block_e9bc9844b16f1836feab3076cd2ce175\" data-block=\"Teaser Pages\">\n  <ul class=\"block-teaserpages__list\">\n            <li class=\"block-teaserpages__item\">\n        <a class=\"accent teaserpage\" href=\"https:\/\/www.sgb-fss.ch\/it\/federazione\/comitato-direttivo\/\">\n  <div class=\"teaserpage__thumbnail\">\n            <div class=\"image teaserpage__thumbnail-image\" >\n    <img decoding=\"async\"\n      loading=\"lazy\"\n      class=\"image__object lazyload\"\n      src=\"https:\/\/www.sgb-fss.ch\/content\/uploads\/vorstand_bild_webseite-scaled-1440x0-c-default.jpg\"       data-sizes=\"auto\"\n      data-srcset=\"https:\/\/www.sgb-fss.ch\/content\/uploads\/vorstand_bild_webseite-scaled-1000x0-c-default.jpg 1000w, https:\/\/www.sgb-fss.ch\/content\/uploads\/vorstand_bild_webseite-scaled-700x0-c-default.jpg 700w, https:\/\/www.sgb-fss.ch\/content\/uploads\/vorstand_bild_webseite-scaled-350x0-c-default.jpg 350w, \"\n      alt=\"\"\n      width=\"2560\"\n      height=\"1440\"\n            >\n  <\/div>\n      <\/div>\n  <h3 class=\"teaserpage__title\">Comitato direttivo<\/h3>\n  <p class=\"teaserpage__lead\">I membri del Comitato direttivo lavorano su base volontaria per promuovere i diritti e le opportunit\u00e0 delle persone sorde o deboli d&#8217;udito. <\/p>  <\/a>\n      <\/li>\n            <li class=\"block-teaserpages__item\">\n        <a class=\"accent teaserpage\" href=\"https:\/\/www.sgb-fss.ch\/it\/federazione\/membri\/\">\n  <div class=\"teaserpage__thumbnail\">\n            <div class=\"image teaserpage__thumbnail-image\" >\n    <img decoding=\"async\"\n      loading=\"lazy\"\n      class=\"image__object lazyload\"\n      src=\"https:\/\/www.sgb-fss.ch\/content\/uploads\/bhp-2100-scaled-1440x0-c-default.jpg\"       data-sizes=\"auto\"\n      data-srcset=\"https:\/\/www.sgb-fss.ch\/content\/uploads\/bhp-2100-scaled-1000x0-c-default.jpg 1000w, https:\/\/www.sgb-fss.ch\/content\/uploads\/bhp-2100-scaled-700x0-c-default.jpg 700w, https:\/\/www.sgb-fss.ch\/content\/uploads\/bhp-2100-scaled-350x0-c-default.jpg 350w, \"\n      alt=\"Abstimmung mit Stimmkarten an der Delegiertenversammlung\"\n      width=\"2560\"\n      height=\"1707\"\n            >\n  <\/div>\n      <\/div>\n  <h3 class=\"teaserpage__title\">Membri<\/h3>\n  <p class=\"teaserpage__lead\">Insieme ai nostri membri, ci impegniamo per le esigenze della comunit\u00e0 dei sordi. I membri costituiscono la base dell&#8217;associazione e, con l\u2019Assemblea dei delegati, sono la guida della Federazione Svizzera dei Sordi.\u00a0<\/p>  <\/a>\n      <\/li>\n            <li class=\"block-teaserpages__item\">\n        <a class=\"accent teaserpage\" href=\"https:\/\/www.sgb-fss.ch\/it\/federazione\/partner\/\">\n  <div class=\"teaserpage__thumbnail\">\n            <div class=\"image teaserpage__thumbnail-image\" >\n    <img decoding=\"async\"\n      loading=\"lazy\"\n      class=\"image__object lazyload\"\n      src=\"https:\/\/www.sgb-fss.ch\/content\/uploads\/2023\/09\/shutterstock_1498583432-scaled-1440x0-c-default.jpg\"       data-sizes=\"auto\"\n      data-srcset=\"https:\/\/www.sgb-fss.ch\/content\/uploads\/2023\/09\/shutterstock_1498583432-scaled-1000x0-c-default.jpg 1000w, https:\/\/www.sgb-fss.ch\/content\/uploads\/2023\/09\/shutterstock_1498583432-scaled-700x0-c-default.jpg 700w, https:\/\/www.sgb-fss.ch\/content\/uploads\/2023\/09\/shutterstock_1498583432-scaled-350x0-c-default.jpg 350w, \"\n      alt=\"\"\n      width=\"2560\"\n      height=\"1434\"\n            >\n  <\/div>\n      <\/div>\n  <h3 class=\"teaserpage__title\">Partner<\/h3>\n  <p class=\"teaserpage__lead\">Insieme ai nostri partner, sosteniamo le richieste della comunit\u00e0 sorda e ci impegniamo in vari progetti per raggiungere insieme l\u2019obiettivo di una societ\u00e0 inclusiva e senza barriere.<\/p>  <\/a>\n      <\/li>\n            <li class=\"block-teaserpages__item\">\n        <a class=\"accent teaserpage\" href=\"https:\/\/www.sgb-fss.ch\/it\/federazione\/collaboratori\/\">\n  <div class=\"teaserpage__thumbnail\">\n            <div class=\"image teaserpage__thumbnail-image\" >\n    <img decoding=\"async\"\n      loading=\"lazy\"\n      class=\"image__object lazyload\"\n      src=\"https:\/\/www.sgb-fss.ch\/content\/uploads\/2023\/05\/teams-bild-webseite-1440x0-c-default.jpg\"       data-sizes=\"auto\"\n      data-srcset=\"https:\/\/www.sgb-fss.ch\/content\/uploads\/2023\/05\/teams-bild-webseite-1000x0-c-default.jpg 1000w, https:\/\/www.sgb-fss.ch\/content\/uploads\/2023\/05\/teams-bild-webseite-700x0-c-default.jpg 700w, https:\/\/www.sgb-fss.ch\/content\/uploads\/2023\/05\/teams-bild-webseite-350x0-c-default.jpg 350w, \"\n      alt=\"\"\n      width=\"1327\"\n      height=\"747\"\n            >\n  <\/div>\n      <\/div>\n  <h3 class=\"teaserpage__title\">Collaboratori<\/h3>\n  <p class=\"teaserpage__lead\">In qualit\u00e0 di esperti, i collaboratori dei nostri tre segretariati regionali si spendono con grande dedizione per rispondere alle esigenze delle persone sorde.<\/p>  <\/a>\n      <\/li>\n    <\/ul>\n<\/div>\n","protected":false},"excerpt":{"rendered":"<p>La missione guida mostra ci\u00f2 che rappresenta la Federazione svizzera dei sordi e quali [&hellip;]<\/p>\n","protected":false},"author":8,"featured_media":25353,"parent":22948,"menu_order":0,"comment_status":"closed","ping_status":"closed","template":"","meta":{"_acf_changed":false,"inline_featured_image":false,"footnotes":""},"class_list":["post-22960","page","type-page","status-publish","has-post-thumbnail","hentry"],"acf":[],"yoast_head":"<!-- This site is optimized with the Yoast SEO plugin v27.4 - https:\/\/yoast.com\/product\/yoast-seo-wordpress\/ -->\n<title>La nostra misione guida - SGB-FSS<\/title>\n<meta name=\"robots\" content=\"index, follow, max-snippet:-1, max-image-preview:large, max-video-preview:-1\" \/>\n<link rel=\"canonical\" href=\"https:\/\/www.sgb-fss.ch\/it\/federazione\/la-nostra-visione\/\" \/>\n<meta property=\"og:locale\" content=\"it_IT\" \/>\n<meta property=\"og:type\" content=\"article\" \/>\n<meta property=\"og:title\" content=\"La nostra misione guida - SGB-FSS\" \/>\n<meta property=\"og:description\" content=\"La missione guida mostra ci\u00f2 che rappresenta la Federazione svizzera dei sordi e quali [&hellip;]\" \/>\n<meta property=\"og:url\" content=\"https:\/\/www.sgb-fss.ch\/it\/federazione\/la-nostra-visione\/\" \/>\n<meta property=\"og:site_name\" content=\"SGB-FSS\" \/>\n<meta property=\"article:modified_time\" content=\"2026-01-14T13:01:22+00:00\" \/>\n<meta property=\"og:image\" content=\"https:\/\/www.sgb-fss.ch\/content\/uploads\/2023\/09\/shutterstock_1165928134-scaled.jpg\" \/>\n\t<meta property=\"og:image:width\" content=\"2560\" \/>\n\t<meta property=\"og:image:height\" content=\"1707\" \/>\n\t<meta property=\"og:image:type\" content=\"image\/jpeg\" \/>\n<meta name=\"twitter:card\" content=\"summary_large_image\" \/>\n<meta name=\"twitter:label1\" content=\"Tempo di lettura stimato\" \/>\n\t<meta name=\"twitter:data1\" content=\"4 minuti\" \/>\n<script type=\"application\/ld+json\" class=\"yoast-schema-graph\">{\"@context\":\"https:\\\/\\\/schema.org\",\"@graph\":[{\"@type\":\"WebPage\",\"@id\":\"https:\\\/\\\/www.sgb-fss.ch\\\/it\\\/federazione\\\/la-nostra-visione\\\/\",\"url\":\"https:\\\/\\\/www.sgb-fss.ch\\\/it\\\/federazione\\\/la-nostra-visione\\\/\",\"name\":\"La nostra misione guida - SGB-FSS\",\"isPartOf\":{\"@id\":\"https:\\\/\\\/www.sgb-fss.ch\\\/de\\\/#website\"},\"primaryImageOfPage\":{\"@id\":\"https:\\\/\\\/www.sgb-fss.ch\\\/it\\\/federazione\\\/la-nostra-visione\\\/#primaryimage\"},\"image\":{\"@id\":\"https:\\\/\\\/www.sgb-fss.ch\\\/it\\\/federazione\\\/la-nostra-visione\\\/#primaryimage\"},\"thumbnailUrl\":\"https:\\\/\\\/www.sgb-fss.ch\\\/content\\\/uploads\\\/2023\\\/09\\\/shutterstock_1165928134-scaled.jpg\",\"datePublished\":\"2023-07-31T07:30:48+00:00\",\"dateModified\":\"2026-01-14T13:01:22+00:00\",\"breadcrumb\":{\"@id\":\"https:\\\/\\\/www.sgb-fss.ch\\\/it\\\/federazione\\\/la-nostra-visione\\\/#breadcrumb\"},\"inLanguage\":\"it-IT\",\"potentialAction\":[{\"@type\":\"ReadAction\",\"target\":[\"https:\\\/\\\/www.sgb-fss.ch\\\/it\\\/federazione\\\/la-nostra-visione\\\/\"]}]},{\"@type\":\"ImageObject\",\"inLanguage\":\"it-IT\",\"@id\":\"https:\\\/\\\/www.sgb-fss.ch\\\/it\\\/federazione\\\/la-nostra-visione\\\/#primaryimage\",\"url\":\"https:\\\/\\\/www.sgb-fss.ch\\\/content\\\/uploads\\\/2023\\\/09\\\/shutterstock_1165928134-scaled.jpg\",\"contentUrl\":\"https:\\\/\\\/www.sgb-fss.ch\\\/content\\\/uploads\\\/2023\\\/09\\\/shutterstock_1165928134-scaled.jpg\",\"width\":2560,\"height\":1707},{\"@type\":\"BreadcrumbList\",\"@id\":\"https:\\\/\\\/www.sgb-fss.ch\\\/it\\\/federazione\\\/la-nostra-visione\\\/#breadcrumb\",\"itemListElement\":[{\"@type\":\"ListItem\",\"position\":1,\"name\":\"Home\",\"item\":\"https:\\\/\\\/www.sgb-fss.ch\\\/it\\\/\"},{\"@type\":\"ListItem\",\"position\":2,\"name\":\"Federazione\",\"item\":\"https:\\\/\\\/www.sgb-fss.ch\\\/it\\\/federazione\\\/\"},{\"@type\":\"ListItem\",\"position\":3,\"name\":\"La nostra misione guida\"}]},{\"@type\":\"WebSite\",\"@id\":\"https:\\\/\\\/www.sgb-fss.ch\\\/de\\\/#website\",\"url\":\"https:\\\/\\\/www.sgb-fss.ch\\\/de\\\/\",\"name\":\"SGB-FSS\",\"description\":\"\",\"potentialAction\":[{\"@type\":\"SearchAction\",\"target\":{\"@type\":\"EntryPoint\",\"urlTemplate\":\"https:\\\/\\\/www.sgb-fss.ch\\\/de\\\/?s={search_term_string}\"},\"query-input\":{\"@type\":\"PropertyValueSpecification\",\"valueRequired\":true,\"valueName\":\"search_term_string\"}}],\"inLanguage\":\"it-IT\"}]}<\/script>\n<!-- \/ Yoast SEO plugin. -->","yoast_head_json":{"title":"La nostra misione guida - SGB-FSS","robots":{"index":"index","follow":"follow","max-snippet":"max-snippet:-1","max-image-preview":"max-image-preview:large","max-video-preview":"max-video-preview:-1"},"canonical":"https:\/\/www.sgb-fss.ch\/it\/federazione\/la-nostra-visione\/","og_locale":"it_IT","og_type":"article","og_title":"La nostra misione guida - SGB-FSS","og_description":"La missione guida mostra ci\u00f2 che rappresenta la Federazione svizzera dei sordi e quali [&hellip;]","og_url":"https:\/\/www.sgb-fss.ch\/it\/federazione\/la-nostra-visione\/","og_site_name":"SGB-FSS","article_modified_time":"2026-01-14T13:01:22+00:00","og_image":[{"width":2560,"height":1707,"url":"https:\/\/www.sgb-fss.ch\/content\/uploads\/2023\/09\/shutterstock_1165928134-scaled.jpg","type":"image\/jpeg"}],"twitter_card":"summary_large_image","twitter_misc":{"Tempo di lettura stimato":"4 minuti"},"schema":{"@context":"https:\/\/schema.org","@graph":[{"@type":"WebPage","@id":"https:\/\/www.sgb-fss.ch\/it\/federazione\/la-nostra-visione\/","url":"https:\/\/www.sgb-fss.ch\/it\/federazione\/la-nostra-visione\/","name":"La nostra misione guida - SGB-FSS","isPartOf":{"@id":"https:\/\/www.sgb-fss.ch\/de\/#website"},"primaryImageOfPage":{"@id":"https:\/\/www.sgb-fss.ch\/it\/federazione\/la-nostra-visione\/#primaryimage"},"image":{"@id":"https:\/\/www.sgb-fss.ch\/it\/federazione\/la-nostra-visione\/#primaryimage"},"thumbnailUrl":"https:\/\/www.sgb-fss.ch\/content\/uploads\/2023\/09\/shutterstock_1165928134-scaled.jpg","datePublished":"2023-07-31T07:30:48+00:00","dateModified":"2026-01-14T13:01:22+00:00","breadcrumb":{"@id":"https:\/\/www.sgb-fss.ch\/it\/federazione\/la-nostra-visione\/#breadcrumb"},"inLanguage":"it-IT","potentialAction":[{"@type":"ReadAction","target":["https:\/\/www.sgb-fss.ch\/it\/federazione\/la-nostra-visione\/"]}]},{"@type":"ImageObject","inLanguage":"it-IT","@id":"https:\/\/www.sgb-fss.ch\/it\/federazione\/la-nostra-visione\/#primaryimage","url":"https:\/\/www.sgb-fss.ch\/content\/uploads\/2023\/09\/shutterstock_1165928134-scaled.jpg","contentUrl":"https:\/\/www.sgb-fss.ch\/content\/uploads\/2023\/09\/shutterstock_1165928134-scaled.jpg","width":2560,"height":1707},{"@type":"BreadcrumbList","@id":"https:\/\/www.sgb-fss.ch\/it\/federazione\/la-nostra-visione\/#breadcrumb","itemListElement":[{"@type":"ListItem","position":1,"name":"Home","item":"https:\/\/www.sgb-fss.ch\/it\/"},{"@type":"ListItem","position":2,"name":"Federazione","item":"https:\/\/www.sgb-fss.ch\/it\/federazione\/"},{"@type":"ListItem","position":3,"name":"La nostra misione guida"}]},{"@type":"WebSite","@id":"https:\/\/www.sgb-fss.ch\/de\/#website","url":"https:\/\/www.sgb-fss.ch\/de\/","name":"SGB-FSS","description":"","potentialAction":[{"@type":"SearchAction","target":{"@type":"EntryPoint","urlTemplate":"https:\/\/www.sgb-fss.ch\/de\/?s={search_term_string}"},"query-input":{"@type":"PropertyValueSpecification","valueRequired":true,"valueName":"search_term_string"}}],"inLanguage":"it-IT"}]}},"_links":{"self":[{"href":"https:\/\/www.sgb-fss.ch\/it\/wp-json\/wp\/v2\/pages\/22960","targetHints":{"allow":["GET"]}}],"collection":[{"href":"https:\/\/www.sgb-fss.ch\/it\/wp-json\/wp\/v2\/pages"}],"about":[{"href":"https:\/\/www.sgb-fss.ch\/it\/wp-json\/wp\/v2\/types\/page"}],"author":[{"embeddable":true,"href":"https:\/\/www.sgb-fss.ch\/it\/wp-json\/wp\/v2\/users\/8"}],"replies":[{"embeddable":true,"href":"https:\/\/www.sgb-fss.ch\/it\/wp-json\/wp\/v2\/comments?post=22960"}],"version-history":[{"count":30,"href":"https:\/\/www.sgb-fss.ch\/it\/wp-json\/wp\/v2\/pages\/22960\/revisions"}],"predecessor-version":[{"id":42848,"href":"https:\/\/www.sgb-fss.ch\/it\/wp-json\/wp\/v2\/pages\/22960\/revisions\/42848"}],"up":[{"embeddable":true,"href":"https:\/\/www.sgb-fss.ch\/it\/wp-json\/wp\/v2\/pages\/22948"}],"wp:featuredmedia":[{"embeddable":true,"href":"https:\/\/www.sgb-fss.ch\/it\/wp-json\/wp\/v2\/media\/25353"}],"wp:attachment":[{"href":"https:\/\/www.sgb-fss.ch\/it\/wp-json\/wp\/v2\/media?parent=22960"}],"curies":[{"name":"wp","href":"https:\/\/api.w.org\/{rel}","templated":true}]}}