{"id":21292,"date":"2023-08-14T14:24:25","date_gmt":"2023-08-14T12:24:25","guid":{"rendered":"https:\/\/www.sgb-fss.ch\/?page_id=21292"},"modified":"2026-04-16T09:42:23","modified_gmt":"2026-04-16T07:42:23","slug":"eredita-e-lascito","status":"publish","type":"page","link":"https:\/\/www.sgb-fss.ch\/it\/donazioni\/eredita-e-lascito\/","title":{"rendered":"Eredit\u00e0 e lascito"},"content":{"rendered":"\n<p class=\"is-style-lead\"><strong>Lasciate qualcosa in eredit\u00e0 alle persone con problemi di udito.<\/strong> Includendo la Federazione Svizzera dei Sordi nel vostro testamento, contribuirete a garantire alle persone sorde e alle loro famiglie il sostegno di cui hanno bisogno anche dopo la vostra morte.<\/p>\n\n\n\n<figure class=\"wp-block-image size-large\"><img loading=\"lazy\" decoding=\"async\" width=\"1024\" height=\"576\" src=\"https:\/\/www.sgb-fss.ch\/content\/uploads\/2021\/04\/vererben_beitragsbild-1024x576.jpg\" alt=\"\" class=\"wp-image-2443\" srcset=\"https:\/\/www.sgb-fss.ch\/content\/uploads\/2021\/04\/vererben_beitragsbild-1024x576.jpg 1024w, https:\/\/www.sgb-fss.ch\/content\/uploads\/2021\/04\/vererben_beitragsbild-300x169.jpg 300w, https:\/\/www.sgb-fss.ch\/content\/uploads\/2021\/04\/vererben_beitragsbild-150x84.jpg 150w, https:\/\/www.sgb-fss.ch\/content\/uploads\/2021\/04\/vererben_beitragsbild-768x432.jpg 768w, https:\/\/www.sgb-fss.ch\/content\/uploads\/2021\/04\/vererben_beitragsbild-1536x864.jpg 1536w, https:\/\/www.sgb-fss.ch\/content\/uploads\/2021\/04\/vererben_beitragsbild-2048x1152.jpg 2048w, https:\/\/www.sgb-fss.ch\/content\/uploads\/2021\/04\/vererben_beitragsbild-178x100.jpg 178w\" sizes=\"auto, (max-width: 1024px) 100vw, 1024px\" \/><\/figure>\n\n\n\n<p class=\"is-style-lead\"><strong>Noi vi sosteniamo!<\/strong><\/p>\n\n\n\n<p>La Federazione Svizzera dei Sordi \u00e8 un&#8217;organizzazione senza scopo di lucro e si impegna a rimuovere le barriere nella vita quotidiana delle persone sorde e ipoudenti in tutta la Svizzera, affinch\u00e9 possano occupare un posto paritario nella societ\u00e0.<\/p>\n\n\n\n<p>L&#8217;attenzione \u00e8 rivolta alle pari opportunit\u00e0 e all&#8217;individuazione delle possibilit\u00e0 di inclusione. Il vostro contributo ci permette di continuare a lavorare per la comunit\u00e0 dei sordi con grande passione e impegno.<\/p>\n\n\n\n<div class=\"wp-block-columns is-layout-flex wp-container-core-columns-is-layout-9d6595d7 wp-block-columns-is-layout-flex\">\n<div class=\"wp-block-column is-layout-flow wp-block-column-is-layout-flow\" style=\"flex-basis:100%\">\n<div class=\"wp-block-group has-sgb-fss-rot-15-background-color has-background is-layout-constrained wp-block-group-is-layout-constrained\">\n<p class=\"is-style-lead\"><strong>Il testamento<\/strong><\/p>\n\n\n\n<p>Circa tre quarti degli svizzeri non lascia un testamento. Senza testamento, la successione avviene dopo la morte, secondo le disposizioni del Codice Civile. Tuttavia, questa successione legale non corrisponde necessariamente a ci\u00f2 che si desidera.<\/p>\n\n\n\n<p>Ci sono quindi buone ragioni per prendere in considerazione l&#8217;idea di fare testamento il prima possibile.<\/p>\n\n\n\n<p>Per esempio, un testamento vi permette di considerare non solo le quote obbligatorie per i vostri parenti, ma anche le persone esterne alla famiglia o le organizzazioni che hanno significato molto per voi durante la vostra vita.<\/p>\n\n\n\n<div class=\"wp-block-buttons is-content-justification-center is-layout-flex wp-container-core-buttons-is-layout-16018d1d wp-block-buttons-is-layout-flex\">\n<div class=\"wp-block-button\"><a class=\"wp-block-button__link wp-element-button\" href=\"https:\/\/app.deinadieu.ch\/testament\" target=\"_blank\" rel=\"noreferrer noopener\">Continua a DeinAdieu<\/a><\/div>\n<\/div>\n<\/div>\n<\/div>\n<\/div>\n\n\n\n<div class=\"wp-block-columns is-layout-flex wp-container-core-columns-is-layout-9d6595d7 wp-block-columns-is-layout-flex\">\n<div class=\"wp-block-column is-layout-flow wp-block-column-is-layout-flow\" style=\"flex-basis:100%\">\n<div class=\"wp-block-group has-pflaume-10-background-color has-background is-layout-constrained wp-block-group-is-layout-constrained\">\n<p class=\"is-style-lead\"><strong>Eredit\u00e0 o lascito<\/strong><\/p>\n\n\n\n<p>Se desiderate lasciare un lascito a una persona che non fa parte della vostra famiglia, questa entra automaticamente a far parte della comunit\u00e0 degli eredi. Con un lascito \u00e8 possibile non solo lasciare qualcosa in eredit\u00e0 a persone estranee alla famiglia, ma anche sostenere organizzazioni con un lascito.<\/p>\n\n\n\n<p>Saremo lieti di rispondere a tutte le vostre domande. Insieme al nostro partner <strong>DeinAdieu<\/strong>, vi mettiamo a disposizione uno specialista di eredit\u00e0 gratuito. Sulla piattaforma online di <strong>DeinAdieu<\/strong> avete la possibilit\u00e0 di scrivere le vostre ultime volont\u00e0 in modo semplice e gratuito. Potete trovare ulteriori informazioni nella nostra guida.<\/p>\n\n\n\n<div class=\"wp-block-buttons is-content-justification-center is-layout-flex wp-container-core-buttons-is-layout-16018d1d wp-block-buttons-is-layout-flex\">\n<div class=\"wp-block-button\"><a class=\"wp-block-button__link wp-element-button\" href=\"https:\/\/www.deinadieu.ch\/it\/\">Continua a DeinAdieu<\/a><\/div>\n<\/div>\n<\/div>\n<\/div>\n<\/div>\n\n\n\n<div class=\"wp-block-columns is-layout-flex wp-container-core-columns-is-layout-9d6595d7 wp-block-columns-is-layout-flex\">\n<div class=\"wp-block-column is-layout-flow wp-block-column-is-layout-flow\" style=\"flex-basis:100%\">\n<div class=\"wp-block-group has-sgb-fss-blue-30-background-color has-background is-layout-flow wp-block-group-is-layout-flow\">\n<div class=\"wp-block-columns is-layout-flex wp-container-core-columns-is-layout-9d6595d7 wp-block-columns-is-layout-flex\">\n<div class=\"wp-block-column is-layout-flow wp-block-column-is-layout-flow\">\n<figure class=\"wp-block-image size-large\"><a href=\"https:\/\/www.sgb-fss.ch\/content\/uploads\/2023\/12\/legat-i-internet.pdf\" target=\"_blank\" rel=\"noreferrer noopener\"><img loading=\"lazy\" decoding=\"async\" width=\"1024\" height=\"1448\" src=\"https:\/\/www.sgb-fss.ch\/content\/uploads\/2023\/12\/legat-i-internet-1-1024x1448.jpg\" alt=\"\" class=\"wp-image-29775\" srcset=\"https:\/\/www.sgb-fss.ch\/content\/uploads\/2023\/12\/legat-i-internet-1-1024x1448.jpg 1024w, https:\/\/www.sgb-fss.ch\/content\/uploads\/2023\/12\/legat-i-internet-1-300x424.jpg 300w, https:\/\/www.sgb-fss.ch\/content\/uploads\/2023\/12\/legat-i-internet-1-150x212.jpg 150w, https:\/\/www.sgb-fss.ch\/content\/uploads\/2023\/12\/legat-i-internet-1-768x1086.jpg 768w, https:\/\/www.sgb-fss.ch\/content\/uploads\/2023\/12\/legat-i-internet-1-1086x1536.jpg 1086w, https:\/\/www.sgb-fss.ch\/content\/uploads\/2023\/12\/legat-i-internet-1-1448x2048.jpg 1448w, https:\/\/www.sgb-fss.ch\/content\/uploads\/2023\/12\/legat-i-internet-1-71x100.jpg 71w, https:\/\/www.sgb-fss.ch\/content\/uploads\/2023\/12\/legat-i-internet-1-600x849.jpg 600w, https:\/\/www.sgb-fss.ch\/content\/uploads\/2023\/12\/legat-i-internet-1-scaled.jpg 1810w\" sizes=\"auto, (max-width: 1024px) 100vw, 1024px\" \/><\/a><\/figure>\n<\/div>\n\n\n\n<div class=\"wp-block-column is-layout-flow wp-block-column-is-layout-flow\">\n<h3 class=\"wp-block-heading has-text-align-center\">La nostra guida gratuita vi aiuter\u00e0<\/h3>\n\n\n\n<p class=\"has-text-align-center\">La nostra guida risponde a domande importanti sul testamento. Tra le altre cose, vi mostra come dividere il vostro patrimonio e come redigere il vostro testamento.<\/p>\n\n\n\n<div class=\"wp-block-buttons is-content-justification-center is-layout-flex wp-container-core-buttons-is-layout-16018d1d wp-block-buttons-is-layout-flex\">\n<div class=\"wp-block-button\"><a class=\"wp-block-button__link has-sgb-fss-rot-background-color has-background wp-element-button\" href=\"https:\/\/www.sgb-fss.ch\/content\/uploads\/guida-testamento-e-lascito.pdf\" target=\"_blank\" rel=\"noreferrer noopener\">Guida<br>\u00abTestamento e lascito\u00bb<\/a><\/div>\n<\/div>\n<\/div>\n<\/div>\n<\/div>\n<\/div>\n<\/div>\n\n\n<div class=\"block block-teaserpages\" id=\"block_1162339477caa3694b848e615430b5a3\" data-block=\"Teaser Pages\">\n  <ul class=\"block-teaserpages__list\">\n            <li class=\"block-teaserpages__item\">\n        <a class=\"accent teaserpage\" href=\"https:\/\/www.sgb-fss.ch\/it\/donazioni\/deinadieu\/\">\n  <div class=\"teaserpage__thumbnail\">\n            <div class=\"image teaserpage__thumbnail-image\" >\n    <img decoding=\"async\"\n      loading=\"lazy\"\n      class=\"image__object lazyload\"\n      src=\"https:\/\/www.sgb-fss.ch\/content\/uploads\/2023\/06\/dein-adieu-1440x0-c-default.jpg\"       data-sizes=\"auto\"\n      data-srcset=\"https:\/\/www.sgb-fss.ch\/content\/uploads\/2023\/06\/dein-adieu-1000x0-c-default.jpg 1000w, https:\/\/www.sgb-fss.ch\/content\/uploads\/2023\/06\/dein-adieu-700x0-c-default.jpg 700w, https:\/\/www.sgb-fss.ch\/content\/uploads\/2023\/06\/dein-adieu-350x0-c-default.jpg 350w, \"\n      alt=\"\"\n      width=\"460\"\n      height=\"458\"\n            >\n  <\/div>\n      <\/div>\n  <h3 class=\"teaserpage__title\">DeinAdieu<\/h3>\n  <p class=\"teaserpage__lead\">Tutto risolto? Una bella sensazione! DeinAdieu \u00e8 il primo portale online per una fine della vita autodeterminata. Esperti e avvocati nel campo dell&#8217;eredit\u00e0 e dei lasciti vi assistono nella stesura di un testamento adatto ai vostri desideri e alla vostra situazione e vi forniscono una consulenza completa.<\/p>  <\/a>\n      <\/li>\n            <li class=\"block-teaserpages__item\">\n        <a class=\"accent teaserpage\" href=\"https:\/\/www.sgb-fss.ch\/it\/donazioni\/it-trauerspende\/\">\n  <div class=\"teaserpage__thumbnail\">\n            <div class=\"image teaserpage__thumbnail-image\" >\n    <img decoding=\"async\"\n      loading=\"lazy\"\n      class=\"image__object lazyload\"\n      src=\"https:\/\/www.sgb-fss.ch\/content\/uploads\/2021\/04\/trauerspende_beitragsbild-1440x0-c-default.jpg\"       data-sizes=\"auto\"\n      data-srcset=\"https:\/\/www.sgb-fss.ch\/content\/uploads\/2021\/04\/trauerspende_beitragsbild-1000x0-c-default.jpg 1000w, https:\/\/www.sgb-fss.ch\/content\/uploads\/2021\/04\/trauerspende_beitragsbild-700x0-c-default.jpg 700w, https:\/\/www.sgb-fss.ch\/content\/uploads\/2021\/04\/trauerspende_beitragsbild-350x0-c-default.jpg 350w, \"\n      alt=\"\"\n      width=\"540\"\n      height=\"330\"\n            >\n  <\/div>\n      <\/div>\n  <h3 class=\"teaserpage__title\">Donazione in memoria<\/h3>\n  <p class=\"teaserpage__lead\">La vostra donazione in memoria di una persona defunta \u00e8 un gesto speciale di cordoglio.<\/p>  <\/a>\n      <\/li>\n            <li class=\"block-teaserpages__item\">\n        <a class=\"accent teaserpage\" href=\"https:\/\/www.sgb-fss.ch\/it\/donazioni\/storie-di-donazioni\/\">\n  <div class=\"teaserpage__thumbnail\">\n            <div class=\"image teaserpage__thumbnail-image\" >\n    <img decoding=\"async\"\n      loading=\"lazy\"\n      class=\"image__object lazyload\"\n      src=\"https:\/\/www.sgb-fss.ch\/content\/uploads\/2023\/05\/bildung_fruehfoerderung-scaled-e1684152377706-1440x0-c-default.jpg\"       data-sizes=\"auto\"\n      data-srcset=\"https:\/\/www.sgb-fss.ch\/content\/uploads\/2023\/05\/bildung_fruehfoerderung-scaled-e1684152377706-1000x0-c-default.jpg 1000w, https:\/\/www.sgb-fss.ch\/content\/uploads\/2023\/05\/bildung_fruehfoerderung-scaled-e1684152377706-700x0-c-default.jpg 700w, https:\/\/www.sgb-fss.ch\/content\/uploads\/2023\/05\/bildung_fruehfoerderung-scaled-e1684152377706-350x0-c-default.jpg 350w, \"\n      alt=\"\"\n      width=\"2560\"\n      height=\"1707\"\n            >\n  <\/div>\n      <\/div>\n  <h3 class=\"teaserpage__title\">Storie di donazioni<\/h3>\n  <p class=\"teaserpage__lead\">Ogni donazione racconta una storia. Le vostre donazioni ci aiutano a sostenere le famiglie nell&#8217;integrazione dei loro figli nella vita quotidiana e a consentire alle persone sorde di partecipare alla societ\u00e0 su un piano di parit\u00e0. Con le vostre donazioni abbiamo gi\u00e0 potuto realizzare diversi progetti.<\/p>  <\/a>\n      <\/li>\n    <\/ul>\n<\/div>\n\n\n\n<div class=\"wp-block-group is-layout-flow wp-block-group-is-layout-flow\"><div class=\"block block-teasercontacts block-teasercontacts--boxed\" id=\"block_64a5bb753bd3421e4a3d3406042e2407\" data-block=\"Teaser Contacts\">\n    <div class=\"block-teasercontacts__header\"><p class=\"block-teasercontacts__title\">Domande su eredit\u00e0 e lasciti? Sar\u00f2 lieto di ascoltarvi.<\/p><\/div>    <div class=\"block-teasercontacts__list\">\n                                        <div class=\"block-teasercontacts__item\">\n                <div class=\"block-teasercontacts__link\">\n                    <div class=\"block-teasercontacts__media\">\n                        <div class=\"block-teasercontacts__thumbnail accent__red has-background-accent\">\n                                                              <div class=\"image block-teasercontacts__thumbnail-image\" >\n    <img decoding=\"async\"\n      loading=\"lazy\"\n      class=\"image__object lazyload\"\n      src=\"https:\/\/www.sgb-fss.ch\/content\/uploads\/mathias-schumacher_portraet-1440x0-c-default.jpg\"       data-sizes=\"auto\"\n      data-srcset=\"https:\/\/www.sgb-fss.ch\/content\/uploads\/mathias-schumacher_portraet-200x0-c-default.jpg 200w, https:\/\/www.sgb-fss.ch\/content\/uploads\/mathias-schumacher_portraet-100x0-c-default.jpg 100w, \"\n      alt=\"\"\n      width=\"1440\"\n      height=\"1440\"\n            >\n  <\/div>\n                                                    <\/div>\n                    <\/div>\n                    <div class=\"block-teasercontacts__text\">\n                        <p class=\"block-teasercontacts__name\"><strong><a href=\"https:\/\/www.sgb-fss.ch\/it\/team\/matthias-schumacher\/\">Matthias Schumacher<\/a><\/strong><\/p>\n                        <p class=\"block-teasercontacts__lead\">Fundraising<\/p>                    <\/div>\n                    <div class=\"block-teasercontacts__contacts\">\n                                                    <p>\n                                                                <a class=\"wp-block-button is-style-transparent\" href=\"mailto:m.schumacher@sgb-fss.ch\"><span class=\"wp-block-button__link\"><i class=\"icon icon--mail\"><svg data-name=\"Ebene 1\" xmlns=\"http:\/\/www.w3.org\/2000\/svg\" viewBox=\"0 0 24 24\"><path d=\"M20.76 2.31H3.24A3.12 3.12 0 0 0 .12 5.43v13.14a3.12 3.12 0 0 0 3.12 3.12h17.52a3.12 3.12 0 0 0 3.12-3.12V5.43a3.12 3.12 0 0 0-3.12-3.12zM2.09 5a1.27 1.27 0 0 1 1.15-.78h17.52a1.24 1.24 0 0 1 1.11.74l.05.09-.09.06L12 12l-.07-.05-9.87-6.9zM22 18.57a1.26 1.26 0 0 1-1.26 1.27H3.24A1.27 1.27 0 0 1 2 18.57V7.21l9.5 6.69a.89.89 0 0 0 1 0L22 7.25z\"\/><\/svg><\/i><span class=\"wp-block-button__label\">m.schumacher@sgb-fss.ch<\/span><\/span><\/a>                                                            <\/p>\n                                            <\/div>\n                <\/div>\n            <\/div>\n                    <\/div>\n<\/div>\n<\/div>\n","protected":false},"excerpt":{"rendered":"<p>Lasciate qualcosa in eredit\u00e0 alle persone con problemi di udito. Includendo la Federazione Svizzera [&hellip;]<\/p>\n","protected":false},"author":40,"featured_media":2445,"parent":9279,"menu_order":3,"comment_status":"closed","ping_status":"closed","template":"","meta":{"_acf_changed":false,"inline_featured_image":false,"footnotes":""},"class_list":["post-21292","page","type-page","status-publish","has-post-thumbnail","hentry"],"acf":[],"yoast_head":"<!-- This site is optimized with the Yoast SEO plugin v27.4 - https:\/\/yoast.com\/product\/yoast-seo-wordpress\/ -->\n<title>Eredit\u00e0 e lascito - SGB-FSS<\/title>\n<meta name=\"robots\" content=\"index, follow, max-snippet:-1, max-image-preview:large, max-video-preview:-1\" \/>\n<link rel=\"canonical\" href=\"https:\/\/www.sgb-fss.ch\/it\/donazioni\/eredita-e-lascito\/\" \/>\n<meta property=\"og:locale\" content=\"it_IT\" \/>\n<meta property=\"og:type\" content=\"article\" \/>\n<meta property=\"og:title\" content=\"Eredit\u00e0 e lascito - SGB-FSS\" \/>\n<meta property=\"og:description\" content=\"Lasciate qualcosa in eredit\u00e0 alle persone con problemi di udito. Includendo la Federazione Svizzera [&hellip;]\" \/>\n<meta property=\"og:url\" content=\"https:\/\/www.sgb-fss.ch\/it\/donazioni\/eredita-e-lascito\/\" \/>\n<meta property=\"og:site_name\" content=\"SGB-FSS\" \/>\n<meta property=\"article:modified_time\" content=\"2026-04-16T07:42:23+00:00\" \/>\n<meta property=\"og:image\" content=\"https:\/\/www.sgb-fss.ch\/content\/uploads\/2021\/04\/vererben_beitragsbild-scaled.jpg\" \/>\n\t<meta property=\"og:image:width\" content=\"2560\" \/>\n\t<meta property=\"og:image:height\" content=\"1440\" \/>\n\t<meta property=\"og:image:type\" content=\"image\/jpeg\" \/>\n<meta name=\"twitter:card\" content=\"summary_large_image\" \/>\n<meta name=\"twitter:label1\" content=\"Tempo di lettura stimato\" \/>\n\t<meta name=\"twitter:data1\" content=\"3 minuti\" \/>\n<script type=\"application\/ld+json\" class=\"yoast-schema-graph\">{\"@context\":\"https:\\\/\\\/schema.org\",\"@graph\":[{\"@type\":\"WebPage\",\"@id\":\"https:\\\/\\\/www.sgb-fss.ch\\\/it\\\/donazioni\\\/eredita-e-lascito\\\/\",\"url\":\"https:\\\/\\\/www.sgb-fss.ch\\\/it\\\/donazioni\\\/eredita-e-lascito\\\/\",\"name\":\"Eredit\u00e0 e lascito - SGB-FSS\",\"isPartOf\":{\"@id\":\"https:\\\/\\\/www.sgb-fss.ch\\\/de\\\/#website\"},\"primaryImageOfPage\":{\"@id\":\"https:\\\/\\\/www.sgb-fss.ch\\\/it\\\/donazioni\\\/eredita-e-lascito\\\/#primaryimage\"},\"image\":{\"@id\":\"https:\\\/\\\/www.sgb-fss.ch\\\/it\\\/donazioni\\\/eredita-e-lascito\\\/#primaryimage\"},\"thumbnailUrl\":\"https:\\\/\\\/www.sgb-fss.ch\\\/content\\\/uploads\\\/2021\\\/04\\\/vererben_beitragsbild-scaled.jpg\",\"datePublished\":\"2023-08-14T12:24:25+00:00\",\"dateModified\":\"2026-04-16T07:42:23+00:00\",\"breadcrumb\":{\"@id\":\"https:\\\/\\\/www.sgb-fss.ch\\\/it\\\/donazioni\\\/eredita-e-lascito\\\/#breadcrumb\"},\"inLanguage\":\"it-IT\",\"potentialAction\":[{\"@type\":\"ReadAction\",\"target\":[\"https:\\\/\\\/www.sgb-fss.ch\\\/it\\\/donazioni\\\/eredita-e-lascito\\\/\"]}]},{\"@type\":\"ImageObject\",\"inLanguage\":\"it-IT\",\"@id\":\"https:\\\/\\\/www.sgb-fss.ch\\\/it\\\/donazioni\\\/eredita-e-lascito\\\/#primaryimage\",\"url\":\"https:\\\/\\\/www.sgb-fss.ch\\\/content\\\/uploads\\\/2021\\\/04\\\/vererben_beitragsbild-scaled.jpg\",\"contentUrl\":\"https:\\\/\\\/www.sgb-fss.ch\\\/content\\\/uploads\\\/2021\\\/04\\\/vererben_beitragsbild-scaled.jpg\",\"width\":2560,\"height\":1440},{\"@type\":\"BreadcrumbList\",\"@id\":\"https:\\\/\\\/www.sgb-fss.ch\\\/it\\\/donazioni\\\/eredita-e-lascito\\\/#breadcrumb\",\"itemListElement\":[{\"@type\":\"ListItem\",\"position\":1,\"name\":\"Home\",\"item\":\"https:\\\/\\\/www.sgb-fss.ch\\\/it\\\/\"},{\"@type\":\"ListItem\",\"position\":2,\"name\":\"Donare e offrire una possibilit\u00e0\",\"item\":\"https:\\\/\\\/www.sgb-fss.ch\\\/it\\\/donazioni\\\/\"},{\"@type\":\"ListItem\",\"position\":3,\"name\":\"Eredit\u00e0 e lascito\"}]},{\"@type\":\"WebSite\",\"@id\":\"https:\\\/\\\/www.sgb-fss.ch\\\/de\\\/#website\",\"url\":\"https:\\\/\\\/www.sgb-fss.ch\\\/de\\\/\",\"name\":\"SGB-FSS\",\"description\":\"\",\"potentialAction\":[{\"@type\":\"SearchAction\",\"target\":{\"@type\":\"EntryPoint\",\"urlTemplate\":\"https:\\\/\\\/www.sgb-fss.ch\\\/de\\\/?s={search_term_string}\"},\"query-input\":{\"@type\":\"PropertyValueSpecification\",\"valueRequired\":true,\"valueName\":\"search_term_string\"}}],\"inLanguage\":\"it-IT\"}]}<\/script>\n<!-- \/ Yoast SEO plugin. -->","yoast_head_json":{"title":"Eredit\u00e0 e lascito - SGB-FSS","robots":{"index":"index","follow":"follow","max-snippet":"max-snippet:-1","max-image-preview":"max-image-preview:large","max-video-preview":"max-video-preview:-1"},"canonical":"https:\/\/www.sgb-fss.ch\/it\/donazioni\/eredita-e-lascito\/","og_locale":"it_IT","og_type":"article","og_title":"Eredit\u00e0 e lascito - SGB-FSS","og_description":"Lasciate qualcosa in eredit\u00e0 alle persone con problemi di udito. Includendo la Federazione Svizzera [&hellip;]","og_url":"https:\/\/www.sgb-fss.ch\/it\/donazioni\/eredita-e-lascito\/","og_site_name":"SGB-FSS","article_modified_time":"2026-04-16T07:42:23+00:00","og_image":[{"width":2560,"height":1440,"url":"https:\/\/www.sgb-fss.ch\/content\/uploads\/2021\/04\/vererben_beitragsbild-scaled.jpg","type":"image\/jpeg"}],"twitter_card":"summary_large_image","twitter_misc":{"Tempo di lettura stimato":"3 minuti"},"schema":{"@context":"https:\/\/schema.org","@graph":[{"@type":"WebPage","@id":"https:\/\/www.sgb-fss.ch\/it\/donazioni\/eredita-e-lascito\/","url":"https:\/\/www.sgb-fss.ch\/it\/donazioni\/eredita-e-lascito\/","name":"Eredit\u00e0 e lascito - SGB-FSS","isPartOf":{"@id":"https:\/\/www.sgb-fss.ch\/de\/#website"},"primaryImageOfPage":{"@id":"https:\/\/www.sgb-fss.ch\/it\/donazioni\/eredita-e-lascito\/#primaryimage"},"image":{"@id":"https:\/\/www.sgb-fss.ch\/it\/donazioni\/eredita-e-lascito\/#primaryimage"},"thumbnailUrl":"https:\/\/www.sgb-fss.ch\/content\/uploads\/2021\/04\/vererben_beitragsbild-scaled.jpg","datePublished":"2023-08-14T12:24:25+00:00","dateModified":"2026-04-16T07:42:23+00:00","breadcrumb":{"@id":"https:\/\/www.sgb-fss.ch\/it\/donazioni\/eredita-e-lascito\/#breadcrumb"},"inLanguage":"it-IT","potentialAction":[{"@type":"ReadAction","target":["https:\/\/www.sgb-fss.ch\/it\/donazioni\/eredita-e-lascito\/"]}]},{"@type":"ImageObject","inLanguage":"it-IT","@id":"https:\/\/www.sgb-fss.ch\/it\/donazioni\/eredita-e-lascito\/#primaryimage","url":"https:\/\/www.sgb-fss.ch\/content\/uploads\/2021\/04\/vererben_beitragsbild-scaled.jpg","contentUrl":"https:\/\/www.sgb-fss.ch\/content\/uploads\/2021\/04\/vererben_beitragsbild-scaled.jpg","width":2560,"height":1440},{"@type":"BreadcrumbList","@id":"https:\/\/www.sgb-fss.ch\/it\/donazioni\/eredita-e-lascito\/#breadcrumb","itemListElement":[{"@type":"ListItem","position":1,"name":"Home","item":"https:\/\/www.sgb-fss.ch\/it\/"},{"@type":"ListItem","position":2,"name":"Donare e offrire una possibilit\u00e0","item":"https:\/\/www.sgb-fss.ch\/it\/donazioni\/"},{"@type":"ListItem","position":3,"name":"Eredit\u00e0 e lascito"}]},{"@type":"WebSite","@id":"https:\/\/www.sgb-fss.ch\/de\/#website","url":"https:\/\/www.sgb-fss.ch\/de\/","name":"SGB-FSS","description":"","potentialAction":[{"@type":"SearchAction","target":{"@type":"EntryPoint","urlTemplate":"https:\/\/www.sgb-fss.ch\/de\/?s={search_term_string}"},"query-input":{"@type":"PropertyValueSpecification","valueRequired":true,"valueName":"search_term_string"}}],"inLanguage":"it-IT"}]}},"_links":{"self":[{"href":"https:\/\/www.sgb-fss.ch\/it\/wp-json\/wp\/v2\/pages\/21292","targetHints":{"allow":["GET"]}}],"collection":[{"href":"https:\/\/www.sgb-fss.ch\/it\/wp-json\/wp\/v2\/pages"}],"about":[{"href":"https:\/\/www.sgb-fss.ch\/it\/wp-json\/wp\/v2\/types\/page"}],"author":[{"embeddable":true,"href":"https:\/\/www.sgb-fss.ch\/it\/wp-json\/wp\/v2\/users\/40"}],"replies":[{"embeddable":true,"href":"https:\/\/www.sgb-fss.ch\/it\/wp-json\/wp\/v2\/comments?post=21292"}],"version-history":[{"count":16,"href":"https:\/\/www.sgb-fss.ch\/it\/wp-json\/wp\/v2\/pages\/21292\/revisions"}],"predecessor-version":[{"id":44670,"href":"https:\/\/www.sgb-fss.ch\/it\/wp-json\/wp\/v2\/pages\/21292\/revisions\/44670"}],"up":[{"embeddable":true,"href":"https:\/\/www.sgb-fss.ch\/it\/wp-json\/wp\/v2\/pages\/9279"}],"wp:featuredmedia":[{"embeddable":true,"href":"https:\/\/www.sgb-fss.ch\/it\/wp-json\/wp\/v2\/media\/2445"}],"wp:attachment":[{"href":"https:\/\/www.sgb-fss.ch\/it\/wp-json\/wp\/v2\/media?parent=21292"}],"curies":[{"name":"wp","href":"https:\/\/api.w.org\/{rel}","templated":true}]}}