{"id":21234,"date":"2023-08-14T11:13:21","date_gmt":"2023-08-14T09:13:21","guid":{"rendered":"https:\/\/www.sgb-fss.ch\/?page_id=21234"},"modified":"2025-10-01T15:32:44","modified_gmt":"2025-10-01T13:32:44","slug":"storie-di-donazioni","status":"publish","type":"page","link":"https:\/\/www.sgb-fss.ch\/it\/donazioni\/storie-di-donazioni\/","title":{"rendered":"Storie di donazioni"},"content":{"rendered":"\n<p class=\"is-style-lead\">Ogni donazione racconta una storia. Le vostre donazioni ci aiutano a sostenere le famiglie nell&#8217;integrazione dei loro figli nella vita quotidiana e a consentire alle persone sorde di partecipare alla societ\u00e0 su un piano di parit\u00e0. Con le vostre donazioni abbiamo gi\u00e0 potuto realizzare diversi progetti.<\/p>\n\n\n<div class=\"block block-teaserpages\" id=\"block_7870dac999eccb91b2c2e82ad253fb33\" data-block=\"Teaser Pages\">\n  <ul class=\"block-teaserpages__list\">\n            <li class=\"block-teaserpages__item\">\n        <a class=\"accent teaserpage\" href=\"https:\/\/www.sgb-fss.ch\/it\/offerte\/e-learning-con-signwise-ch\/\">\n  <div class=\"teaserpage__thumbnail\">\n            <div class=\"image teaserpage__thumbnail-image\" >\n    <img decoding=\"async\"\n      loading=\"lazy\"\n      class=\"image__object lazyload\"\n      src=\"https:\/\/www.sgb-fss.ch\/content\/uploads\/2023\/05\/logo-signwise-web-1440x0-c-default.png\"       data-sizes=\"auto\"\n      data-srcset=\"https:\/\/www.sgb-fss.ch\/content\/uploads\/2023\/05\/logo-signwise-web-1000x0-c-default.png 1000w, https:\/\/www.sgb-fss.ch\/content\/uploads\/2023\/05\/logo-signwise-web-700x0-c-default.png 700w, https:\/\/www.sgb-fss.ch\/content\/uploads\/2023\/05\/logo-signwise-web-350x0-c-default.png 350w, \"\n      alt=\"\"\n      width=\"6330\"\n      height=\"3560\"\n            >\n  <\/div>\n      <\/div>\n  <h3 class=\"teaserpage__title\">E-learning con signwise.ch<\/h3>\n  <p class=\"teaserpage__lead\">Con lo strumento di e-learning signwise.ch, in 6\u201312 mesi \u00e8 possibile conseguire un diploma certificato in lingua dei segni. Entrambi i livelli A1 e A2 possono essere interamente svolti in modalit\u00e0 e-learning.<\/p>  <\/a>\n      <\/li>\n            <li class=\"block-teaserpages__item\">\n        <a class=\"accent teaserpage\" href=\"https:\/\/www.sgb-fss.ch\/it\/offerte\/read-to-deaf-kids\/\">\n  <div class=\"teaserpage__thumbnail\">\n            <div class=\"image teaserpage__thumbnail-image\" >\n    <img decoding=\"async\"\n      loading=\"lazy\"\n      class=\"image__object lazyload\"\n      src=\"https:\/\/www.sgb-fss.ch\/content\/uploads\/2023\/05\/bildung_read_it-1440x0-c-default.jpg\"       data-sizes=\"auto\"\n      data-srcset=\"https:\/\/www.sgb-fss.ch\/content\/uploads\/2023\/05\/bildung_read_it-1000x0-c-default.jpg 1000w, https:\/\/www.sgb-fss.ch\/content\/uploads\/2023\/05\/bildung_read_it-700x0-c-default.jpg 700w, https:\/\/www.sgb-fss.ch\/content\/uploads\/2023\/05\/bildung_read_it-350x0-c-default.jpg 350w, \"\n      alt=\"\"\n      width=\"1890\"\n      height=\"1063\"\n            >\n  <\/div>\n      <\/div>\n  <h3 class=\"teaserpage__title\"> \u2039Read to Deaf Kids\u203a <\/h3>\n  <p class=\"teaserpage__lead\">La nostra missione \u00e8 aiutare tutti i bambini sordi a migliorare le proprie capacit\u00e0 di lettura e scrittura e incoraggiare l\u2019interazione tra i genitori e i loro bambini.<\/p>  <\/a>\n      <\/li>\n            <li class=\"block-teaserpages__item\">\n        <a class=\"accent teaserpage\" href=\"https:\/\/www.sgb-fss.ch\/it\/ambiti\/corsi-per-leducazione-precoce\/\">\n  <div class=\"teaserpage__thumbnail\">\n            <div class=\"image teaserpage__thumbnail-image\" >\n    <img decoding=\"async\"\n      loading=\"lazy\"\n      class=\"image__object lazyload\"\n      src=\"https:\/\/www.sgb-fss.ch\/content\/uploads\/2023\/05\/bildung_kurse-scaled-e1684152904773-1440x0-c-default.jpg\"       data-sizes=\"auto\"\n      data-srcset=\"https:\/\/www.sgb-fss.ch\/content\/uploads\/2023\/05\/bildung_kurse-scaled-e1684152904773-1000x0-c-default.jpg 1000w, https:\/\/www.sgb-fss.ch\/content\/uploads\/2023\/05\/bildung_kurse-scaled-e1684152904773-700x0-c-default.jpg 700w, https:\/\/www.sgb-fss.ch\/content\/uploads\/2023\/05\/bildung_kurse-scaled-e1684152904773-350x0-c-default.jpg 350w, \"\n      alt=\"\"\n      width=\"2560\"\n      height=\"1440\"\n            >\n  <\/div>\n      <\/div>\n  <h3 class=\"teaserpage__title\">Corsi per l\u2019educazione precoce<\/h3>\n  <p class=\"teaserpage__lead\">I primi anni sono determinanti per lo sviluppo linguistico di un bambino. Anche i bambini sordi e deboli di udito hanno bisogno sin dall\u2019inizio di una lingua per potersi esprimere.<\/p>  <\/a>\n      <\/li>\n            <li class=\"block-teaserpages__item\">\n        <a class=\"accent teaserpage\" href=\"https:\/\/www.sgb-fss.ch\/it\/offerte\/e-lessico-della-lingua-dei-segni\/\">\n  <div class=\"teaserpage__thumbnail\">\n            <div class=\"image teaserpage__thumbnail-image\" >\n    <img decoding=\"async\"\n      loading=\"lazy\"\n      class=\"image__object lazyload\"\n      src=\"https:\/\/www.sgb-fss.ch\/content\/uploads\/2023\/06\/elexikon_i-1440x0-c-default.jpg\"       data-sizes=\"auto\"\n      data-srcset=\"https:\/\/www.sgb-fss.ch\/content\/uploads\/2023\/06\/elexikon_i-1000x0-c-default.jpg 1000w, https:\/\/www.sgb-fss.ch\/content\/uploads\/2023\/06\/elexikon_i-700x0-c-default.jpg 700w, https:\/\/www.sgb-fss.ch\/content\/uploads\/2023\/06\/elexikon_i-350x0-c-default.jpg 350w, \"\n      alt=\"\"\n      width=\"1166\"\n      height=\"656\"\n            >\n  <\/div>\n      <\/div>\n  <h3 class=\"teaserpage__title\">E-lessico della lingua dei segni<\/h3>\n  <p class=\"teaserpage__lead\">Nel nostro esauriente e-lexicon interattivo, potete farvi tradurre i termini direttamente nella lingua dei segni, iniziare e ampliare il vostro vocabolario.<\/p>  <\/a>\n      <\/li>\n    <\/ul>\n<\/div>\n\n\n\n<div class=\"wp-block-columns is-layout-flex wp-container-core-columns-is-layout-9d6595d7 wp-block-columns-is-layout-flex\">\n<div class=\"wp-block-column is-layout-flow wp-block-column-is-layout-flow\" style=\"flex-basis:100%\"><\/div>\n<\/div>\n\n\n\n<div class=\"wp-block-group is-layout-flow wp-block-group-is-layout-flow\"><div class=\"block block-teasercontacts block-teasercontacts--boxed\" id=\"block_a6f71c4ea80b1f5e05ae774a2f3bc23a\" data-block=\"Teaser Contacts\">\n    <div class=\"block-teasercontacts__header\"><p class=\"block-teasercontacts__title\">Domande sull&#8217;adesione a titolo oneroso? Sar\u00f2 lieto di ascoltarvi.<\/p><\/div>    <div class=\"block-teasercontacts__list\">\n                                        <div class=\"block-teasercontacts__item\">\n                <div class=\"block-teasercontacts__link\">\n                    <div class=\"block-teasercontacts__media\">\n                        <div class=\"block-teasercontacts__thumbnail accent__violet has-background-accent\">\n                                                              <div class=\"image block-teasercontacts__thumbnail-image\" >\n    <img decoding=\"async\"\n      loading=\"lazy\"\n      class=\"image__object lazyload\"\n      src=\"https:\/\/www.sgb-fss.ch\/content\/uploads\/2021\/06\/carmela-zumbach-1440x0-c-default.jpg\"       data-sizes=\"auto\"\n      data-srcset=\"https:\/\/www.sgb-fss.ch\/content\/uploads\/2021\/06\/carmela-zumbach-200x0-c-default.jpg 200w, https:\/\/www.sgb-fss.ch\/content\/uploads\/2021\/06\/carmela-zumbach-100x0-c-default.jpg 100w, \"\n      alt=\"\"\n      width=\"567\"\n      height=\"567\"\n            >\n  <\/div>\n                                                    <\/div>\n                    <\/div>\n                    <div class=\"block-teasercontacts__text\">\n                        <p class=\"block-teasercontacts__name\"><strong><a href=\"https:\/\/www.sgb-fss.ch\/it\/team\/carmela-zumbach\/\">Carmela Zumbach<\/a><\/strong><\/p>\n                        <p class=\"block-teasercontacts__lead\">Fundraising e Formazione professionale<\/p>                    <\/div>\n                    <div class=\"block-teasercontacts__contacts\">\n                                                    <estos-widget sip=\"sip:c.zumbach@sgb-fss.ch\" configurl=\"\/estos-config.php?options=textchat,videochat\" class=\"display-none\"><\/estos-widget>\n                            <div class=\"wp-block-button is-style-transparent\" onclick=\"(document.querySelector('estos-widget').classList.toggle('display-none'), document.querySelector('estos-widget').shadowRoot.querySelector('estos-contact-widget').shadowRoot.querySelector('paper-icon-button').click());\"><span class=\"wp-block-button__link\"><i class=\"icon icon--mail\"><svg data-name=\"Ebene 1\" xmlns=\"http:\/\/www.w3.org\/2000\/svg\" viewBox=\"0 0 24 24\"><path d=\"M20.76 2.31H3.24A3.12 3.12 0 0 0 .12 5.43v13.14a3.12 3.12 0 0 0 3.12 3.12h17.52a3.12 3.12 0 0 0 3.12-3.12V5.43a3.12 3.12 0 0 0-3.12-3.12zM2.09 5a1.27 1.27 0 0 1 1.15-.78h17.52a1.24 1.24 0 0 1 1.11.74l.05.09-.09.06L12 12l-.07-.05-9.87-6.9zM22 18.57a1.26 1.26 0 0 1-1.26 1.27H3.24A1.27 1.27 0 0 1 2 18.57V7.21l9.5 6.69a.89.89 0 0 0 1 0L22 7.25z\"\/><\/svg><\/i><i class=\"icon icon--video\"><svg data-name=\"Ebene 1\" xmlns=\"http:\/\/www.w3.org\/2000\/svg\" viewBox=\"0 0 24 24\"><path d=\"M23.4 6.22a.9.9 0 0 0-.87.07l-5.66 4V7A2.89 2.89 0 0 0 14 4.12H3A2.89 2.89 0 0 0 .12 7v10A2.89 2.89 0 0 0 3 19.88h11A2.89 2.89 0 0 0 16.87 17v-3.3l.2.14 5.42 3.87a.94.94 0 0 0 .51.17 1.17 1.17 0 0 0 .41-.1.86.86 0 0 0 .46-.78V7a.84.84 0 0 0-.47-.78zM15.12 17A1.12 1.12 0 0 1 14 18.12H3A1.13 1.13 0 0 1 1.87 17V7A1.13 1.13 0 0 1 3 5.88h11A1.12 1.12 0 0 1 15.12 7zm7-1.7L17.5 12l4.62-3.3z\"\/><\/svg><\/i><i class=\"icon icon--phone\"><svg data-name=\"Ebene 1\" xmlns=\"http:\/\/www.w3.org\/2000\/svg\" viewBox=\"0 0 24 24\"><path d=\"M21.22 14.33a13.27 13.27 0 0 1-2.92-.72 3.09 3.09 0 0 0-1.73-.13 3 3 0 0 0-1.53.83l-.93.92-.11-.06a17 17 0 0 1-5.23-5.24v-.09l.93-.93a3.05 3.05 0 0 0 .82-1.49 3.1 3.1 0 0 0-.13-1.73 13.34 13.34 0 0 1-.73-2.91A3.12 3.12 0 0 0 6.54.12H3.19A3 3 0 0 0 2 .38a3 3 0 0 0-1 .71 3.32 3.32 0 0 0-.71 1.13A3.1 3.1 0 0 0 .13 3.5a23 23 0 0 0 3.54 10 22.75 22.75 0 0 0 6.9 6.88 23 23 0 0 0 10 3.54h.28a3 3 0 0 0 1-.16 3.12 3.12 0 0 0 1.1-.64 3.29 3.29 0 0 0 1-2.29v-3.3a3.08 3.08 0 0 0-2.73-3.2zm.91 6.46a1.45 1.45 0 0 1-.11.54 1.43 1.43 0 0 1-.32.44 1.53 1.53 0 0 1-.47.29 1.76 1.76 0 0 1-.45.07h-.08a21.08 21.08 0 0 1-9.18-3.26 21 21 0 0 1-6.38-6.37 21.11 21.11 0 0 1-3.25-9.17 1.29 1.29 0 0 1 .34-1A1.34 1.34 0 0 1 2.67 2a1.51 1.51 0 0 1 .55-.12H6.6A1.29 1.29 0 0 1 7.88 3a14.68 14.68 0 0 0 .82 3.27 1.41 1.41 0 0 1 .06.73 1.3 1.3 0 0 1-.36.66L7 9.09a.87.87 0 0 0-.09 1.07 18.6 18.6 0 0 0 7 7 .88.88 0 0 0 1.01-.16l1.36-1.39a1.23 1.23 0 0 1 .66-.36 1.21 1.21 0 0 1 .75.06 16.17 16.17 0 0 0 3.31.79 1.29 1.29 0 0 1 .83.46 1.25 1.25 0 0 1 .32.89z\"\/><\/svg><\/i><span class=\"wp-block-button__label\">Contatto<\/span><\/span><\/div>\n                                            <\/div>\n                <\/div>\n            <\/div>\n                    <\/div>\n<\/div>\n<\/div>\n\n\n\n<p><\/p>\n\n\n<div data-init=\"teaserdonate\" class=\"block block-teaserdonate block-teaserdonate--image accent__red\" id=\"block_534c4b45bd4145c634ef1c48ec8e417d\" data-block=\"Teaser Donate\">\n        <div class=\"image block-teaserdonate__image\" >\n    <img decoding=\"async\"\n      loading=\"lazy\"\n      class=\"image__object lazyload\"\n      src=\"https:\/\/www.sgb-fss.ch\/content\/uploads\/2021\/04\/foem_beitragsbild-2-scaled-1440x0-c-default.jpg\"       data-sizes=\"auto\"\n      data-srcset=\"https:\/\/www.sgb-fss.ch\/content\/uploads\/2021\/04\/foem_beitragsbild-2-scaled-2880x0-c-default.jpg 2880w, https:\/\/www.sgb-fss.ch\/content\/uploads\/2021\/04\/foem_beitragsbild-2-scaled-2160x0-c-default.jpg 2160w, https:\/\/www.sgb-fss.ch\/content\/uploads\/2021\/04\/foem_beitragsbild-2-scaled-1440x0-c-default.jpg 1440w, https:\/\/www.sgb-fss.ch\/content\/uploads\/2021\/04\/foem_beitragsbild-2-scaled-1080x0-c-default.jpg 1080w, https:\/\/www.sgb-fss.ch\/content\/uploads\/2021\/04\/foem_beitragsbild-2-scaled-720x0-c-default.jpg 720w, \"\n      alt=\"\"\n      width=\"2560\"\n      height=\"1440\"\n            >\n  <\/div>\n    <div class=\"block-teaserdonate__content\">\n    <form data-teaserdonate=\"form\" class=\"block-teaserdonate__card\" action=\"https:\/\/www.sgb-fss.ch\/it\/donazioni\/dona-adesso\/\" method=\"get\">\n      <div class=\"block-teaserdonate__card-text\">\n        <h2 class=\"headline-5\">Donare ora per le pari opportunit\u00e0!<\/h2>        <p class=\"block-teaserdonate__lead\">Sostenga le persone sorde in Svizzera in modo semplice ed efficace. Ogni contributo conta.<\/p>      <\/div>\n              <ul class=\"block-teaserdonate__amounts\">\n                  <li class=\"block-teaserdonate__amount\">\n            <input type=\"radio\" name=\"rnw-amount\" id=\"block_534c4b45bd4145c634ef1c48ec8e417d__60\" class=\"block-teaserdonate__checkbox\" value=\"60\" >\n\n            <label class=\"block-teaserdonate__amount-content\" for=\"block_534c4b45bd4145c634ef1c48ec8e417d__60\">\n              <i class=\"block-teaserdonate__label\">CHF<\/i>\n              <p class=\"headline-3 block-teaserdonate__value\">60<\/p>\n            <\/label>\n          <\/li>\n                  <li class=\"block-teaserdonate__amount\">\n            <input type=\"radio\" name=\"rnw-amount\" id=\"block_534c4b45bd4145c634ef1c48ec8e417d__120\" class=\"block-teaserdonate__checkbox\" value=\"120\" checked>\n\n            <label class=\"block-teaserdonate__amount-content\" for=\"block_534c4b45bd4145c634ef1c48ec8e417d__120\">\n              <i class=\"block-teaserdonate__label\">CHF<\/i>\n              <p class=\"headline-3 block-teaserdonate__value\">120<\/p>\n            <\/label>\n          <\/li>\n                  <li class=\"block-teaserdonate__amount\">\n            <input type=\"radio\" name=\"rnw-amount\" id=\"block_534c4b45bd4145c634ef1c48ec8e417d__240\" class=\"block-teaserdonate__checkbox\" value=\"240\" >\n\n            <label class=\"block-teaserdonate__amount-content\" for=\"block_534c4b45bd4145c634ef1c48ec8e417d__240\">\n              <i class=\"block-teaserdonate__label\">CHF<\/i>\n              <p class=\"headline-3 block-teaserdonate__value\">240<\/p>\n            <\/label>\n          <\/li>\n                          <li class=\"block-teaserdonate__amount\">\n            <input data-teaserdonate=\"radio\" type=\"radio\" name=\"rnw-amount\" id=\"block_534c4b45bd4145c634ef1c48ec8e417d__custom\" class=\"block-teaserdonate__checkbox\" value=\"?\">\n            <label for=\"block_534c4b45bd4145c634ef1c48ec8e417d__custom\" class=\"block-teaserdonate__amount-content\">\n              <i class=\"block-teaserdonate__label\">CHF<\/i>\n              <input data-teaserdonate=\"custom\" class=\"headline-3 block-teaserdonate__value block-teaserdonate__value--custom\" type=\"number\"\/>\n            <\/label>\n          <\/li>\n                <\/ul>\n            <p class=\"has-text-align-center\"><button type=\"submit\" class=\"is-style-inverted\" id=\"spendenbox_button\">Dona ora<\/button><\/p>          <\/form>\n  <\/div>\n<\/div>\n\n\n\n<p><\/p>\n","protected":false},"excerpt":{"rendered":"<p>Ogni donazione racconta una storia. Le vostre donazioni ci aiutano a sostenere le famiglie [&hellip;]<\/p>\n","protected":false},"author":40,"featured_media":16927,"parent":9279,"menu_order":4,"comment_status":"closed","ping_status":"closed","template":"","meta":{"_acf_changed":false,"inline_featured_image":false,"footnotes":""},"class_list":["post-21234","page","type-page","status-publish","has-post-thumbnail","hentry"],"acf":[],"yoast_head":"<!-- This site is optimized with the Yoast SEO plugin v27.4 - https:\/\/yoast.com\/product\/yoast-seo-wordpress\/ -->\n<title>Storie di donazioni - SGB-FSS<\/title>\n<meta name=\"robots\" content=\"index, follow, max-snippet:-1, max-image-preview:large, max-video-preview:-1\" \/>\n<link rel=\"canonical\" href=\"https:\/\/www.sgb-fss.ch\/it\/donazioni\/storie-di-donazioni\/\" \/>\n<meta property=\"og:locale\" content=\"it_IT\" \/>\n<meta property=\"og:type\" content=\"article\" \/>\n<meta property=\"og:title\" content=\"Storie di donazioni - SGB-FSS\" \/>\n<meta property=\"og:description\" content=\"Ogni donazione racconta una storia. Le vostre donazioni ci aiutano a sostenere le famiglie [&hellip;]\" \/>\n<meta property=\"og:url\" content=\"https:\/\/www.sgb-fss.ch\/it\/donazioni\/storie-di-donazioni\/\" \/>\n<meta property=\"og:site_name\" content=\"SGB-FSS\" \/>\n<meta property=\"article:modified_time\" content=\"2025-10-01T13:32:44+00:00\" \/>\n<meta property=\"og:image\" content=\"https:\/\/www.sgb-fss.ch\/content\/uploads\/2023\/05\/bildung_fruehfoerderung-scaled-e1684152377706.jpg\" \/>\n\t<meta property=\"og:image:width\" content=\"2560\" \/>\n\t<meta property=\"og:image:height\" content=\"1707\" \/>\n\t<meta property=\"og:image:type\" content=\"image\/jpeg\" \/>\n<meta name=\"twitter:card\" content=\"summary_large_image\" \/>\n<meta name=\"twitter:label1\" content=\"Tempo di lettura stimato\" \/>\n\t<meta name=\"twitter:data1\" content=\"1 minuto\" \/>\n<script type=\"application\/ld+json\" class=\"yoast-schema-graph\">{\"@context\":\"https:\\\/\\\/schema.org\",\"@graph\":[{\"@type\":\"WebPage\",\"@id\":\"https:\\\/\\\/www.sgb-fss.ch\\\/it\\\/donazioni\\\/storie-di-donazioni\\\/\",\"url\":\"https:\\\/\\\/www.sgb-fss.ch\\\/it\\\/donazioni\\\/storie-di-donazioni\\\/\",\"name\":\"Storie di donazioni - SGB-FSS\",\"isPartOf\":{\"@id\":\"https:\\\/\\\/www.sgb-fss.ch\\\/de\\\/#website\"},\"primaryImageOfPage\":{\"@id\":\"https:\\\/\\\/www.sgb-fss.ch\\\/it\\\/donazioni\\\/storie-di-donazioni\\\/#primaryimage\"},\"image\":{\"@id\":\"https:\\\/\\\/www.sgb-fss.ch\\\/it\\\/donazioni\\\/storie-di-donazioni\\\/#primaryimage\"},\"thumbnailUrl\":\"https:\\\/\\\/www.sgb-fss.ch\\\/content\\\/uploads\\\/2023\\\/05\\\/bildung_fruehfoerderung-scaled-e1684152377706.jpg\",\"datePublished\":\"2023-08-14T09:13:21+00:00\",\"dateModified\":\"2025-10-01T13:32:44+00:00\",\"breadcrumb\":{\"@id\":\"https:\\\/\\\/www.sgb-fss.ch\\\/it\\\/donazioni\\\/storie-di-donazioni\\\/#breadcrumb\"},\"inLanguage\":\"it-IT\",\"potentialAction\":[{\"@type\":\"ReadAction\",\"target\":[\"https:\\\/\\\/www.sgb-fss.ch\\\/it\\\/donazioni\\\/storie-di-donazioni\\\/\"]}]},{\"@type\":\"ImageObject\",\"inLanguage\":\"it-IT\",\"@id\":\"https:\\\/\\\/www.sgb-fss.ch\\\/it\\\/donazioni\\\/storie-di-donazioni\\\/#primaryimage\",\"url\":\"https:\\\/\\\/www.sgb-fss.ch\\\/content\\\/uploads\\\/2023\\\/05\\\/bildung_fruehfoerderung-scaled-e1684152377706.jpg\",\"contentUrl\":\"https:\\\/\\\/www.sgb-fss.ch\\\/content\\\/uploads\\\/2023\\\/05\\\/bildung_fruehfoerderung-scaled-e1684152377706.jpg\",\"width\":2560,\"height\":1707},{\"@type\":\"BreadcrumbList\",\"@id\":\"https:\\\/\\\/www.sgb-fss.ch\\\/it\\\/donazioni\\\/storie-di-donazioni\\\/#breadcrumb\",\"itemListElement\":[{\"@type\":\"ListItem\",\"position\":1,\"name\":\"Home\",\"item\":\"https:\\\/\\\/www.sgb-fss.ch\\\/it\\\/\"},{\"@type\":\"ListItem\",\"position\":2,\"name\":\"Donare e offrire una possibilit\u00e0\",\"item\":\"https:\\\/\\\/www.sgb-fss.ch\\\/it\\\/donazioni\\\/\"},{\"@type\":\"ListItem\",\"position\":3,\"name\":\"Storie di donazioni\"}]},{\"@type\":\"WebSite\",\"@id\":\"https:\\\/\\\/www.sgb-fss.ch\\\/de\\\/#website\",\"url\":\"https:\\\/\\\/www.sgb-fss.ch\\\/de\\\/\",\"name\":\"SGB-FSS\",\"description\":\"\",\"potentialAction\":[{\"@type\":\"SearchAction\",\"target\":{\"@type\":\"EntryPoint\",\"urlTemplate\":\"https:\\\/\\\/www.sgb-fss.ch\\\/de\\\/?s={search_term_string}\"},\"query-input\":{\"@type\":\"PropertyValueSpecification\",\"valueRequired\":true,\"valueName\":\"search_term_string\"}}],\"inLanguage\":\"it-IT\"}]}<\/script>\n<!-- \/ Yoast SEO plugin. -->","yoast_head_json":{"title":"Storie di donazioni - SGB-FSS","robots":{"index":"index","follow":"follow","max-snippet":"max-snippet:-1","max-image-preview":"max-image-preview:large","max-video-preview":"max-video-preview:-1"},"canonical":"https:\/\/www.sgb-fss.ch\/it\/donazioni\/storie-di-donazioni\/","og_locale":"it_IT","og_type":"article","og_title":"Storie di donazioni - SGB-FSS","og_description":"Ogni donazione racconta una storia. Le vostre donazioni ci aiutano a sostenere le famiglie [&hellip;]","og_url":"https:\/\/www.sgb-fss.ch\/it\/donazioni\/storie-di-donazioni\/","og_site_name":"SGB-FSS","article_modified_time":"2025-10-01T13:32:44+00:00","og_image":[{"width":2560,"height":1707,"url":"https:\/\/www.sgb-fss.ch\/content\/uploads\/2023\/05\/bildung_fruehfoerderung-scaled-e1684152377706.jpg","type":"image\/jpeg"}],"twitter_card":"summary_large_image","twitter_misc":{"Tempo di lettura stimato":"1 minuto"},"schema":{"@context":"https:\/\/schema.org","@graph":[{"@type":"WebPage","@id":"https:\/\/www.sgb-fss.ch\/it\/donazioni\/storie-di-donazioni\/","url":"https:\/\/www.sgb-fss.ch\/it\/donazioni\/storie-di-donazioni\/","name":"Storie di donazioni - SGB-FSS","isPartOf":{"@id":"https:\/\/www.sgb-fss.ch\/de\/#website"},"primaryImageOfPage":{"@id":"https:\/\/www.sgb-fss.ch\/it\/donazioni\/storie-di-donazioni\/#primaryimage"},"image":{"@id":"https:\/\/www.sgb-fss.ch\/it\/donazioni\/storie-di-donazioni\/#primaryimage"},"thumbnailUrl":"https:\/\/www.sgb-fss.ch\/content\/uploads\/2023\/05\/bildung_fruehfoerderung-scaled-e1684152377706.jpg","datePublished":"2023-08-14T09:13:21+00:00","dateModified":"2025-10-01T13:32:44+00:00","breadcrumb":{"@id":"https:\/\/www.sgb-fss.ch\/it\/donazioni\/storie-di-donazioni\/#breadcrumb"},"inLanguage":"it-IT","potentialAction":[{"@type":"ReadAction","target":["https:\/\/www.sgb-fss.ch\/it\/donazioni\/storie-di-donazioni\/"]}]},{"@type":"ImageObject","inLanguage":"it-IT","@id":"https:\/\/www.sgb-fss.ch\/it\/donazioni\/storie-di-donazioni\/#primaryimage","url":"https:\/\/www.sgb-fss.ch\/content\/uploads\/2023\/05\/bildung_fruehfoerderung-scaled-e1684152377706.jpg","contentUrl":"https:\/\/www.sgb-fss.ch\/content\/uploads\/2023\/05\/bildung_fruehfoerderung-scaled-e1684152377706.jpg","width":2560,"height":1707},{"@type":"BreadcrumbList","@id":"https:\/\/www.sgb-fss.ch\/it\/donazioni\/storie-di-donazioni\/#breadcrumb","itemListElement":[{"@type":"ListItem","position":1,"name":"Home","item":"https:\/\/www.sgb-fss.ch\/it\/"},{"@type":"ListItem","position":2,"name":"Donare e offrire una possibilit\u00e0","item":"https:\/\/www.sgb-fss.ch\/it\/donazioni\/"},{"@type":"ListItem","position":3,"name":"Storie di donazioni"}]},{"@type":"WebSite","@id":"https:\/\/www.sgb-fss.ch\/de\/#website","url":"https:\/\/www.sgb-fss.ch\/de\/","name":"SGB-FSS","description":"","potentialAction":[{"@type":"SearchAction","target":{"@type":"EntryPoint","urlTemplate":"https:\/\/www.sgb-fss.ch\/de\/?s={search_term_string}"},"query-input":{"@type":"PropertyValueSpecification","valueRequired":true,"valueName":"search_term_string"}}],"inLanguage":"it-IT"}]}},"_links":{"self":[{"href":"https:\/\/www.sgb-fss.ch\/it\/wp-json\/wp\/v2\/pages\/21234","targetHints":{"allow":["GET"]}}],"collection":[{"href":"https:\/\/www.sgb-fss.ch\/it\/wp-json\/wp\/v2\/pages"}],"about":[{"href":"https:\/\/www.sgb-fss.ch\/it\/wp-json\/wp\/v2\/types\/page"}],"author":[{"embeddable":true,"href":"https:\/\/www.sgb-fss.ch\/it\/wp-json\/wp\/v2\/users\/40"}],"replies":[{"embeddable":true,"href":"https:\/\/www.sgb-fss.ch\/it\/wp-json\/wp\/v2\/comments?post=21234"}],"version-history":[{"count":14,"href":"https:\/\/www.sgb-fss.ch\/it\/wp-json\/wp\/v2\/pages\/21234\/revisions"}],"predecessor-version":[{"id":41031,"href":"https:\/\/www.sgb-fss.ch\/it\/wp-json\/wp\/v2\/pages\/21234\/revisions\/41031"}],"up":[{"embeddable":true,"href":"https:\/\/www.sgb-fss.ch\/it\/wp-json\/wp\/v2\/pages\/9279"}],"wp:featuredmedia":[{"embeddable":true,"href":"https:\/\/www.sgb-fss.ch\/it\/wp-json\/wp\/v2\/media\/16927"}],"wp:attachment":[{"href":"https:\/\/www.sgb-fss.ch\/it\/wp-json\/wp\/v2\/media?parent=21234"}],"curies":[{"name":"wp","href":"https:\/\/api.w.org\/{rel}","templated":true}]}}