{"id":19928,"date":"2023-06-20T07:55:36","date_gmt":"2023-06-20T05:55:36","guid":{"rendered":"https:\/\/www.sgb-fss.ch\/?page_id=19928"},"modified":"2025-04-14T13:50:47","modified_gmt":"2025-04-14T11:50:47","slug":"jobs","status":"publish","type":"page","link":"https:\/\/www.sgb-fss.ch\/it\/jobs\/","title":{"rendered":"Jobs"},"content":{"rendered":"\n<p class=\"is-style-lead\">Il nostro modo di lavorare \u00e8 caratterizzato da libert\u00e0 creativa e responsabilit\u00e0 personale. Lavoriamo in modo agile e siamo strutturati in modo olocratico. L&#8217;olocrazia offre a ogni individuo la possibilit\u00e0 di agire e decidere autonomamente nella propria area di competenza e responsabilit\u00e0.<\/p>\n\n\n\n<p><strong>Il vostro impegno per le persone sorde e deboli di udito &#8230;<\/strong> <br>&#8230; significa lavorare attivamente per le pari opportunit\u00e0 e i diritti delle persone sorde e deboli di udito. Siamo circa 50 <a href=\"https:\/\/www.sgb-fss.ch\/it\/federazione\/collaboratori\/\">collaboratori<\/a>, e operiamo nelle regioni della Svizzera tedesca, della Svizzera francese e della Svizzera italiana, come specialisti in vari settori.<\/p>\n\n\n\n<p><strong>Cerchiamo persone &#8230;<\/strong> <br>&#8230; che si identifichino con la nostra visione e missione, condividano i nostri <a href=\"https:\/\/www.sgb-fss.ch\/it\/jobs\/#valori\">valori<\/a> e vogliano svolgere un ruolo centrale in un&#8217;azienda agile e auto-organizzata.<\/p>\n\n\n\n<p><strong>Lavorare con noi &#8230;<\/strong> <br>&#8230; pensatori strategici, comunicatori e professionisti del marketing, ma anche avvocati, politici, promotori e esperti di finanza.<\/p>\n\n\n\n<div class=\"wp-block-columns is-layout-flex wp-container-core-columns-is-layout-9d6595d7 wp-block-columns-is-layout-flex\">\n<div class=\"wp-block-column is-layout-flow wp-block-column-is-layout-flow\" style=\"flex-basis:100%\">\n<div class=\"wp-block-group has-pflaume-10-background-color has-background is-layout-constrained wp-block-group-is-layout-constrained\">\n<h3 class=\"wp-block-heading\"><strong>Vi offriamo &#8230;<\/strong><\/h3>\n\n\n\n<p>&#8230; compiti significativi con un alto grado di libert\u00e0 creativa e di responsabilit\u00e0 personale<\/p>\n\n\n\n<p>&#8230; gerarchie piatte in un team eterogeneo composto da persone sorde e udenti<\/p>\n\n\n\n<p>&#8230; comunicazione in diverse lingue (tedesco, francese, italiano e lingue dei segni italiana, francese e tedesca).<\/p>\n\n\n\n<p>&#8230; diverse opportunit\u00e0 e supporto nell&#8217;apprendimento della lingua dei segni<\/p>\n\n\n\n<p>&#8230; promozione e sostegno temporale e finanziario della formazione professionale continua<\/p>\n\n\n\n<p>&#8230; forme di lavoro flessibili e diversificate (part-time, orari flessibili, possibilit\u00e0 di lavorare da casa per met\u00e0 del carico di lavoro)<\/p>\n\n\n\n<p>\u2026 5 settimane di vacanza&#8230; <\/p>\n\n\n\n<p>\u2026 prestazioni sociali superiori alla media: Pagamento dei premi dell&#8217;assicurazione contro gli infortuni non professionali e dell&#8217;indennit\u00e0 giornaliera di malattia;<br>Fondo pensionistico senza detrazioni di coordinamento<\/p>\n\n\n\n<p>&#8230; Abbonamento met\u00e0 prezzo per il trasporto pubblico<\/p>\n\n\n\n<p>&#8230; sedi di lavoro centrali a Zurigo, Losanna e Lugano<\/p>\n<\/div>\n<\/div>\n<\/div>\n\n\n\n<div class=\"wp-block-group has-sgb-fss-rot-15-background-color has-background is-layout-flow wp-block-group-is-layout-flow\">\n<p class=\"has-text-align-center is-style-lead has-sgb-fss-rot-color has-text-color\"><strong><strong><strong>Pu\u00f2 trovare le nostre offerte di lavoro qui<\/strong><\/strong><\/strong><\/p>\n\n\n<div class=\"block block-teaserposts\" id=\"block_452089ff75e12730df003b12238e131d\" data-block=\"Teaser Posts\">\n  <h2 class=\"visuallyhidden\">Posts<\/h2>\n            <ul class=\"block-teaserposts__list\">\n                            <li class=\"block-teaserposts__item is-text\">\n          <a class=\"teaserpost accent__red is-text\" href=\"https:\/\/www.sgb-fss.ch\/it\/aktuell\/co-direttore-direttrice-organizzazione-olocratica-70-80\/\">\n    <div class=\"teaserpost__text\">\n        <h3 class=\"teaserpost__title\">\n      <span class=\"teaserpost__prefix\"><span class=\"visuallyhidden\">Categorie <\/span>Jobs<\/span>\n      <span>Co-direttore\/direttrice (organizzazione olocratica) 70-80%<\/span>\n    <\/h3>\n    <p class=\"teaserpost__lead\">A partire dal 1\u00b0 giugno 2026 o secondo accordi, cerchiamo un successore in seguito&hellip;<\/p>\n          <p aria-hidden=\"true\">\n        <span class=\"teaserpost__more\">Leggi di pi\u00f9<\/span>\n      <\/p>\n      <\/div>\n<\/a>\n      <\/li>\n      <\/ul>\n<\/div>\n<\/div>\n\n\n\n<h2 class=\"wp-block-heading\"><\/h2>\n\n\n\n<div class=\"wp-block-group has-indigo-10-background-color has-background is-layout-flow wp-block-group-is-layout-flow\">\n<h3 class=\"wp-block-heading\" id=\"werte\">Allineiamo coerentemente le nostre azioni ai seguenti valori. I membri condividono questi valori.<\/h3>\n\n\n\n<div class=\"wp-block-group is-layout-constrained wp-block-group-is-layout-constrained\">\n<div class=\"wp-block-columns alignwide column_icons is-layout-flex wp-container-core-columns-is-layout-9d6595d7 wp-block-columns-is-layout-flex\">\n<div class=\"wp-block-column is-layout-flow wp-block-column-is-layout-flow\">\n<div class=\"wp-block-group is-vertical is-layout-flex wp-container-core-group-is-layout-8cf370e7 wp-block-group-is-layout-flex\">\n<figure class=\"wp-block-image size-medium is-resized\"><img loading=\"lazy\" decoding=\"async\" width=\"40\" height=\"40\" src=\"https:\/\/www.sgb-fss.ch\/content\/uploads\/\/2021\/05\/herausfordernd.svg\" alt=\"\" class=\"wp-image-5401\" style=\"width:50px;height:50px\"\/><\/figure>\n\n\n\n<p><strong>Sfidante<\/strong><br>Lavoriamo con la passione per il cambiamento: fantasiosi, ambiziosi e visionari. A volte siamo anche combattivi, sfidando i nostri interlocutori e noi stessi.<\/p>\n<\/div>\n<\/div>\n\n\n\n<div class=\"wp-block-column is-vertically-aligned-bottom is-layout-flow wp-block-column-is-layout-flow\">\n<div class=\"wp-block-group is-vertical is-layout-flex wp-container-core-group-is-layout-8cf370e7 wp-block-group-is-layout-flex\">\n<figure class=\"wp-block-image size-large is-resized\"><img loading=\"lazy\" decoding=\"async\" width=\"40\" height=\"40\" src=\"https:\/\/www.sgb-fss.ch\/content\/uploads\/\/2021\/05\/sensibilisierung-1.svg\" alt=\"\" class=\"wp-image-5404\" style=\"width:50px;height:50px\"\/><\/figure>\n\n\n\n<p><strong>Attraente<\/strong><br>Siamo aperti, cosmopoliti e comunicativi. Siamo dinamici, affascinanti, competenti e stimolanti. Attiriamo l&#8217;attenzione con il nostro modo di fare simpatico.<\/p>\n<\/div>\n<\/div>\n\n\n\n<div class=\"wp-block-column is-vertically-aligned-bottom is-layout-flow wp-block-column-is-layout-flow\">\n<div class=\"wp-block-group is-vertical is-layout-flex wp-container-core-group-is-layout-8cf370e7 wp-block-group-is-layout-flex\">\n<figure class=\"wp-block-image size-medium is-resized\"><img loading=\"lazy\" decoding=\"async\" width=\"40\" height=\"40\" src=\"https:\/\/www.sgb-fss.ch\/content\/uploads\/\/2021\/05\/verbindlich-1.svg\" alt=\"\" class=\"wp-image-5410\" style=\"width:50px;height:50px\"\/><\/figure>\n\n\n\n<p><strong>Vincolante<\/strong><br>Siamo diretti, inequivocabili e chiari. Lavoriamo in modo comprensibile, istruttivo e mirato. In questo modo creiamo fiducia tra i nostri partner.<\/p>\n<\/div>\n<\/div>\n\n\n\n<div class=\"wp-block-column is-vertically-aligned-bottom is-layout-flow wp-block-column-is-layout-flow\">\n<div class=\"wp-block-group is-vertical is-layout-flex wp-container-core-group-is-layout-8cf370e7 wp-block-group-is-layout-flex\">\n<figure class=\"wp-block-image size-medium is-resized\"><img loading=\"lazy\" decoding=\"async\" width=\"40\" height=\"40\" src=\"https:\/\/www.sgb-fss.ch\/content\/uploads\/\/2021\/05\/solidarisch.svg\" alt=\"\" class=\"wp-image-5407\" style=\"width:50px;height:50px\"\/><\/figure>\n\n\n\n<p><strong>Solidariet\u00e0<\/strong><br>Ci preoccupiamo che ci\u00f2 che abbiamo in comune sia in primo piano, che le differenze siano viste come punti di forza e che la cooperazione sia basata sull&#8217;apprezzamento reciproco.<\/p>\n<\/div>\n<\/div>\n<\/div>\n<\/div>\n<\/div>\n\n\n\n<h2 class=\"wp-block-heading\"><\/h2>\n\n\n<div class=\"block block-teasercontacts block-teasercontacts--boxed\" id=\"block_3db15d3f7b23aa338c15666a088a6155\" data-block=\"Teaser Contacts\">\n    <div class=\"block-teasercontacts__header\"><p class=\"block-teasercontacts__title\">Domande su come lavorare per la Federazione Svizzera dei Sordi? Saremo lieti di ascoltarvi.<\/p><\/div>    <div class=\"block-teasercontacts__list\">\n                                        <div class=\"block-teasercontacts__item\">\n                <div class=\"block-teasercontacts__link\">\n                    <div class=\"block-teasercontacts__media\">\n                        <div class=\"block-teasercontacts__thumbnail accent__darkblue has-background-accent\">\n                                                              <div class=\"image block-teasercontacts__thumbnail-image\" >\n    <img decoding=\"async\"\n      loading=\"lazy\"\n      class=\"image__object lazyload\"\n      src=\"https:\/\/www.sgb-fss.ch\/content\/uploads\/2021\/06\/susanne-berchtold-1440x0-c-default.jpg\"       data-sizes=\"auto\"\n      data-srcset=\"https:\/\/www.sgb-fss.ch\/content\/uploads\/2021\/06\/susanne-berchtold-200x0-c-default.jpg 200w, https:\/\/www.sgb-fss.ch\/content\/uploads\/2021\/06\/susanne-berchtold-100x0-c-default.jpg 100w, \"\n      alt=\"\"\n      width=\"567\"\n      height=\"567\"\n            >\n  <\/div>\n                                                    <\/div>\n                    <\/div>\n                    <div class=\"block-teasercontacts__text\">\n                        <p class=\"block-teasercontacts__name\"><strong><a href=\"https:\/\/www.sgb-fss.ch\/it\/team\/susanne-berchtold\/\">Susanne Berchtold<\/a><\/strong><\/p>\n                        <p class=\"block-teasercontacts__lead\">People &#038; Culture<\/p>                    <\/div>\n                    <div class=\"block-teasercontacts__contacts\">\n                                                    <p>\n                                                                <a class=\"wp-block-button is-style-transparent\" href=\"mailto:s.berchtold@sgb-fss.ch\"><span class=\"wp-block-button__link\"><i class=\"icon icon--mail\"><svg data-name=\"Ebene 1\" xmlns=\"http:\/\/www.w3.org\/2000\/svg\" viewBox=\"0 0 24 24\"><path d=\"M20.76 2.31H3.24A3.12 3.12 0 0 0 .12 5.43v13.14a3.12 3.12 0 0 0 3.12 3.12h17.52a3.12 3.12 0 0 0 3.12-3.12V5.43a3.12 3.12 0 0 0-3.12-3.12zM2.09 5a1.27 1.27 0 0 1 1.15-.78h17.52a1.24 1.24 0 0 1 1.11.74l.05.09-.09.06L12 12l-.07-.05-9.87-6.9zM22 18.57a1.26 1.26 0 0 1-1.26 1.27H3.24A1.27 1.27 0 0 1 2 18.57V7.21l9.5 6.69a.89.89 0 0 0 1 0L22 7.25z\"\/><\/svg><\/i><span class=\"wp-block-button__label\">s.berchtold@sgb-fss.ch<\/span><\/span><\/a>                                                            <\/p>\n                                            <\/div>\n                <\/div>\n            <\/div>\n                                                <div class=\"block-teasercontacts__item\">\n                <div class=\"block-teasercontacts__link\">\n                    <div class=\"block-teasercontacts__media\">\n                        <div class=\"block-teasercontacts__thumbnail accent__violet has-background-accent\">\n                                                              <div class=\"image block-teasercontacts__thumbnail-image\" >\n    <img decoding=\"async\"\n      loading=\"lazy\"\n      class=\"image__object lazyload\"\n      src=\"https:\/\/www.sgb-fss.ch\/content\/uploads\/2021\/06\/gabriela-conigliaro-1440x0-c-default.jpg\"       data-sizes=\"auto\"\n      data-srcset=\"https:\/\/www.sgb-fss.ch\/content\/uploads\/2021\/06\/gabriela-conigliaro-200x0-c-default.jpg 200w, https:\/\/www.sgb-fss.ch\/content\/uploads\/2021\/06\/gabriela-conigliaro-100x0-c-default.jpg 100w, \"\n      alt=\"\"\n      width=\"567\"\n      height=\"567\"\n            >\n  <\/div>\n                                                    <\/div>\n                    <\/div>\n                    <div class=\"block-teasercontacts__text\">\n                        <p class=\"block-teasercontacts__name\"><strong><a href=\"https:\/\/www.sgb-fss.ch\/it\/team\/gabriela-conigliaro\/\">Gabriela Conigliaro-Camelin<\/a><\/strong><\/p>\n                        <p class=\"block-teasercontacts__lead\">People &#038; Culture<\/p>                    <\/div>\n                    <div class=\"block-teasercontacts__contacts\">\n                                                    <p>\n                                                                <a class=\"wp-block-button is-style-transparent\" href=\"mailto:g.conigliaro@sgb-fss.ch\"><span class=\"wp-block-button__link\"><i class=\"icon icon--mail\"><svg data-name=\"Ebene 1\" xmlns=\"http:\/\/www.w3.org\/2000\/svg\" viewBox=\"0 0 24 24\"><path d=\"M20.76 2.31H3.24A3.12 3.12 0 0 0 .12 5.43v13.14a3.12 3.12 0 0 0 3.12 3.12h17.52a3.12 3.12 0 0 0 3.12-3.12V5.43a3.12 3.12 0 0 0-3.12-3.12zM2.09 5a1.27 1.27 0 0 1 1.15-.78h17.52a1.24 1.24 0 0 1 1.11.74l.05.09-.09.06L12 12l-.07-.05-9.87-6.9zM22 18.57a1.26 1.26 0 0 1-1.26 1.27H3.24A1.27 1.27 0 0 1 2 18.57V7.21l9.5 6.69a.89.89 0 0 0 1 0L22 7.25z\"\/><\/svg><\/i><span class=\"wp-block-button__label\">g.conigliaro@sgb-fss.ch<\/span><\/span><\/a>                                                            <\/p>\n                                            <\/div>\n                <\/div>\n            <\/div>\n                    <\/div>\n<\/div>\n\n\n\n<h2 class=\"wp-block-heading\"><\/h2>\n\n\n\n<div class=\"wp-block-group has-schwarz-25-background-color has-background is-layout-constrained wp-block-group-is-layout-constrained\"><div class=\"block block-teaserpages\" id=\"block_83d396b28d7f3c678c02f7bffa906154\" data-block=\"Teaser Pages\">\n  <ul class=\"block-teaserpages__list\">\n            <li class=\"block-teaserpages__item\">\n        <a class=\"accent teaserpage\" href=\"https:\/\/www.sgb-fss.ch\/it\/federazione\/\">\n  <div class=\"teaserpage__thumbnail\">\n            <div class=\"image teaserpage__thumbnail-image\" >\n    <img decoding=\"async\"\n      loading=\"lazy\"\n      class=\"image__object lazyload\"\n      src=\"https:\/\/www.sgb-fss.ch\/content\/uploads\/bhp-2100-scaled-1440x0-c-default.jpg\"       data-sizes=\"auto\"\n      data-srcset=\"https:\/\/www.sgb-fss.ch\/content\/uploads\/bhp-2100-scaled-1000x0-c-default.jpg 1000w, https:\/\/www.sgb-fss.ch\/content\/uploads\/bhp-2100-scaled-700x0-c-default.jpg 700w, https:\/\/www.sgb-fss.ch\/content\/uploads\/bhp-2100-scaled-350x0-c-default.jpg 350w, \"\n      alt=\"Abstimmung mit Stimmkarten an der Delegiertenversammlung\"\n      width=\"2560\"\n      height=\"1707\"\n            >\n  <\/div>\n      <\/div>\n  <h3 class=\"teaserpage__title\">Federazione<\/h3>\n  <p class=\"teaserpage__lead\">La Federazione Svizzera dei Sordi \u00e8 un\u2019associazione nazionale di categoria senza scopo di lucro. Dalla nostra fondazione, avvenuta nel 1946, ci battiamo per le pari opportunit\u00e0 e la promozione dei diritti di persone sorde o deboli di udito.<\/p>  <\/a>\n      <\/li>\n            <li class=\"block-teaserpages__item\">\n        <a class=\"accent teaserpage\" href=\"https:\/\/www.sgb-fss.ch\/it\/federazione\/collaboratori\/\">\n  <div class=\"teaserpage__thumbnail\">\n            <div class=\"image teaserpage__thumbnail-image\" >\n    <img decoding=\"async\"\n      loading=\"lazy\"\n      class=\"image__object lazyload\"\n      src=\"https:\/\/www.sgb-fss.ch\/content\/uploads\/2023\/05\/teams-bild-webseite-1440x0-c-default.jpg\"       data-sizes=\"auto\"\n      data-srcset=\"https:\/\/www.sgb-fss.ch\/content\/uploads\/2023\/05\/teams-bild-webseite-1000x0-c-default.jpg 1000w, https:\/\/www.sgb-fss.ch\/content\/uploads\/2023\/05\/teams-bild-webseite-700x0-c-default.jpg 700w, https:\/\/www.sgb-fss.ch\/content\/uploads\/2023\/05\/teams-bild-webseite-350x0-c-default.jpg 350w, \"\n      alt=\"\"\n      width=\"1327\"\n      height=\"747\"\n            >\n  <\/div>\n      <\/div>\n  <h3 class=\"teaserpage__title\">Collaboratori<\/h3>\n  <p class=\"teaserpage__lead\">In qualit\u00e0 di esperti, i collaboratori dei nostri tre segretariati regionali si spendono con grande dedizione per rispondere alle esigenze delle persone sorde.<\/p>  <\/a>\n      <\/li>\n    <\/ul>\n<\/div>\n<\/div>\n","protected":false},"excerpt":{"rendered":"<p>Il nostro modo di lavorare \u00e8 caratterizzato da libert\u00e0 creativa e responsabilit\u00e0 personale. Lavoriamo [&hellip;]<\/p>\n","protected":false},"author":8,"featured_media":15425,"parent":0,"menu_order":0,"comment_status":"closed","ping_status":"closed","template":"","meta":{"_acf_changed":false,"inline_featured_image":false,"footnotes":""},"class_list":["post-19928","page","type-page","status-publish","has-post-thumbnail","hentry"],"acf":[],"yoast_head":"<!-- This site is optimized with the Yoast SEO plugin v27.4 - https:\/\/yoast.com\/product\/yoast-seo-wordpress\/ -->\n<title>Jobs - SGB-FSS<\/title>\n<meta name=\"robots\" content=\"index, follow, max-snippet:-1, max-image-preview:large, max-video-preview:-1\" \/>\n<link rel=\"canonical\" href=\"https:\/\/www.sgb-fss.ch\/it\/jobs\/\" \/>\n<meta property=\"og:locale\" content=\"it_IT\" \/>\n<meta property=\"og:type\" content=\"article\" \/>\n<meta property=\"og:title\" content=\"Jobs - SGB-FSS\" \/>\n<meta property=\"og:description\" content=\"Il nostro modo di lavorare \u00e8 caratterizzato da libert\u00e0 creativa e responsabilit\u00e0 personale. Lavoriamo [&hellip;]\" \/>\n<meta property=\"og:url\" content=\"https:\/\/www.sgb-fss.ch\/it\/jobs\/\" \/>\n<meta property=\"og:site_name\" content=\"SGB-FSS\" \/>\n<meta property=\"article:modified_time\" content=\"2025-04-14T11:50:47+00:00\" \/>\n<meta property=\"og:image\" content=\"https:\/\/www.sgb-fss.ch\/content\/uploads\/2023\/04\/placeholder_16_9.jpg\" \/>\n\t<meta property=\"og:image:width\" content=\"1024\" \/>\n\t<meta property=\"og:image:height\" content=\"576\" \/>\n\t<meta property=\"og:image:type\" content=\"image\/jpeg\" \/>\n<meta name=\"twitter:card\" content=\"summary_large_image\" \/>\n<meta name=\"twitter:label1\" content=\"Tempo di lettura stimato\" \/>\n\t<meta name=\"twitter:data1\" content=\"4 minuti\" \/>\n<script type=\"application\/ld+json\" class=\"yoast-schema-graph\">{\"@context\":\"https:\\\/\\\/schema.org\",\"@graph\":[{\"@type\":\"WebPage\",\"@id\":\"https:\\\/\\\/www.sgb-fss.ch\\\/it\\\/jobs\\\/\",\"url\":\"https:\\\/\\\/www.sgb-fss.ch\\\/it\\\/jobs\\\/\",\"name\":\"Jobs - SGB-FSS\",\"isPartOf\":{\"@id\":\"https:\\\/\\\/www.sgb-fss.ch\\\/de\\\/#website\"},\"primaryImageOfPage\":{\"@id\":\"https:\\\/\\\/www.sgb-fss.ch\\\/it\\\/jobs\\\/#primaryimage\"},\"image\":{\"@id\":\"https:\\\/\\\/www.sgb-fss.ch\\\/it\\\/jobs\\\/#primaryimage\"},\"thumbnailUrl\":\"https:\\\/\\\/www.sgb-fss.ch\\\/content\\\/uploads\\\/2023\\\/04\\\/placeholder_16_9.jpg\",\"datePublished\":\"2023-06-20T05:55:36+00:00\",\"dateModified\":\"2025-04-14T11:50:47+00:00\",\"breadcrumb\":{\"@id\":\"https:\\\/\\\/www.sgb-fss.ch\\\/it\\\/jobs\\\/#breadcrumb\"},\"inLanguage\":\"it-IT\",\"potentialAction\":[{\"@type\":\"ReadAction\",\"target\":[\"https:\\\/\\\/www.sgb-fss.ch\\\/it\\\/jobs\\\/\"]}]},{\"@type\":\"ImageObject\",\"inLanguage\":\"it-IT\",\"@id\":\"https:\\\/\\\/www.sgb-fss.ch\\\/it\\\/jobs\\\/#primaryimage\",\"url\":\"https:\\\/\\\/www.sgb-fss.ch\\\/content\\\/uploads\\\/2023\\\/04\\\/placeholder_16_9.jpg\",\"contentUrl\":\"https:\\\/\\\/www.sgb-fss.ch\\\/content\\\/uploads\\\/2023\\\/04\\\/placeholder_16_9.jpg\",\"width\":1024,\"height\":576},{\"@type\":\"BreadcrumbList\",\"@id\":\"https:\\\/\\\/www.sgb-fss.ch\\\/it\\\/jobs\\\/#breadcrumb\",\"itemListElement\":[{\"@type\":\"ListItem\",\"position\":1,\"name\":\"Home\",\"item\":\"https:\\\/\\\/www.sgb-fss.ch\\\/it\\\/\"},{\"@type\":\"ListItem\",\"position\":2,\"name\":\"Jobs\"}]},{\"@type\":\"WebSite\",\"@id\":\"https:\\\/\\\/www.sgb-fss.ch\\\/de\\\/#website\",\"url\":\"https:\\\/\\\/www.sgb-fss.ch\\\/de\\\/\",\"name\":\"SGB-FSS\",\"description\":\"\",\"potentialAction\":[{\"@type\":\"SearchAction\",\"target\":{\"@type\":\"EntryPoint\",\"urlTemplate\":\"https:\\\/\\\/www.sgb-fss.ch\\\/de\\\/?s={search_term_string}\"},\"query-input\":{\"@type\":\"PropertyValueSpecification\",\"valueRequired\":true,\"valueName\":\"search_term_string\"}}],\"inLanguage\":\"it-IT\"}]}<\/script>\n<!-- \/ Yoast SEO plugin. -->","yoast_head_json":{"title":"Jobs - SGB-FSS","robots":{"index":"index","follow":"follow","max-snippet":"max-snippet:-1","max-image-preview":"max-image-preview:large","max-video-preview":"max-video-preview:-1"},"canonical":"https:\/\/www.sgb-fss.ch\/it\/jobs\/","og_locale":"it_IT","og_type":"article","og_title":"Jobs - SGB-FSS","og_description":"Il nostro modo di lavorare \u00e8 caratterizzato da libert\u00e0 creativa e responsabilit\u00e0 personale. Lavoriamo [&hellip;]","og_url":"https:\/\/www.sgb-fss.ch\/it\/jobs\/","og_site_name":"SGB-FSS","article_modified_time":"2025-04-14T11:50:47+00:00","og_image":[{"width":1024,"height":576,"url":"https:\/\/www.sgb-fss.ch\/content\/uploads\/2023\/04\/placeholder_16_9.jpg","type":"image\/jpeg"}],"twitter_card":"summary_large_image","twitter_misc":{"Tempo di lettura stimato":"4 minuti"},"schema":{"@context":"https:\/\/schema.org","@graph":[{"@type":"WebPage","@id":"https:\/\/www.sgb-fss.ch\/it\/jobs\/","url":"https:\/\/www.sgb-fss.ch\/it\/jobs\/","name":"Jobs - SGB-FSS","isPartOf":{"@id":"https:\/\/www.sgb-fss.ch\/de\/#website"},"primaryImageOfPage":{"@id":"https:\/\/www.sgb-fss.ch\/it\/jobs\/#primaryimage"},"image":{"@id":"https:\/\/www.sgb-fss.ch\/it\/jobs\/#primaryimage"},"thumbnailUrl":"https:\/\/www.sgb-fss.ch\/content\/uploads\/2023\/04\/placeholder_16_9.jpg","datePublished":"2023-06-20T05:55:36+00:00","dateModified":"2025-04-14T11:50:47+00:00","breadcrumb":{"@id":"https:\/\/www.sgb-fss.ch\/it\/jobs\/#breadcrumb"},"inLanguage":"it-IT","potentialAction":[{"@type":"ReadAction","target":["https:\/\/www.sgb-fss.ch\/it\/jobs\/"]}]},{"@type":"ImageObject","inLanguage":"it-IT","@id":"https:\/\/www.sgb-fss.ch\/it\/jobs\/#primaryimage","url":"https:\/\/www.sgb-fss.ch\/content\/uploads\/2023\/04\/placeholder_16_9.jpg","contentUrl":"https:\/\/www.sgb-fss.ch\/content\/uploads\/2023\/04\/placeholder_16_9.jpg","width":1024,"height":576},{"@type":"BreadcrumbList","@id":"https:\/\/www.sgb-fss.ch\/it\/jobs\/#breadcrumb","itemListElement":[{"@type":"ListItem","position":1,"name":"Home","item":"https:\/\/www.sgb-fss.ch\/it\/"},{"@type":"ListItem","position":2,"name":"Jobs"}]},{"@type":"WebSite","@id":"https:\/\/www.sgb-fss.ch\/de\/#website","url":"https:\/\/www.sgb-fss.ch\/de\/","name":"SGB-FSS","description":"","potentialAction":[{"@type":"SearchAction","target":{"@type":"EntryPoint","urlTemplate":"https:\/\/www.sgb-fss.ch\/de\/?s={search_term_string}"},"query-input":{"@type":"PropertyValueSpecification","valueRequired":true,"valueName":"search_term_string"}}],"inLanguage":"it-IT"}]}},"_links":{"self":[{"href":"https:\/\/www.sgb-fss.ch\/it\/wp-json\/wp\/v2\/pages\/19928","targetHints":{"allow":["GET"]}}],"collection":[{"href":"https:\/\/www.sgb-fss.ch\/it\/wp-json\/wp\/v2\/pages"}],"about":[{"href":"https:\/\/www.sgb-fss.ch\/it\/wp-json\/wp\/v2\/types\/page"}],"author":[{"embeddable":true,"href":"https:\/\/www.sgb-fss.ch\/it\/wp-json\/wp\/v2\/users\/8"}],"replies":[{"embeddable":true,"href":"https:\/\/www.sgb-fss.ch\/it\/wp-json\/wp\/v2\/comments?post=19928"}],"version-history":[{"count":40,"href":"https:\/\/www.sgb-fss.ch\/it\/wp-json\/wp\/v2\/pages\/19928\/revisions"}],"predecessor-version":[{"id":38133,"href":"https:\/\/www.sgb-fss.ch\/it\/wp-json\/wp\/v2\/pages\/19928\/revisions\/38133"}],"wp:featuredmedia":[{"embeddable":true,"href":"https:\/\/www.sgb-fss.ch\/it\/wp-json\/wp\/v2\/media\/15425"}],"wp:attachment":[{"href":"https:\/\/www.sgb-fss.ch\/it\/wp-json\/wp\/v2\/media?parent=19928"}],"curies":[{"name":"wp","href":"https:\/\/api.w.org\/{rel}","templated":true}]}}