{"id":18581,"date":"2023-06-01T13:20:46","date_gmt":"2023-06-01T11:20:46","guid":{"rendered":"https:\/\/www.sgb-fss.ch\/?page_id=18581"},"modified":"2024-03-05T17:36:17","modified_gmt":"2024-03-05T16:36:17","slug":"cafe-des-signes","status":"publish","type":"page","link":"https:\/\/www.sgb-fss.ch\/it\/offerte\/cafe-des-signes\/","title":{"rendered":"Caf\u00e9 des Signes"},"content":{"rendered":"\n<p class=\"is-style-lead\">In un&#8217;atmosfera rilassata, gli ospiti udenti possono imparare di pi\u00f9 sulla lingua dei segni e scambiare idee con le persone sorde nel Pop-Up Bistro. Una zona di incontro per sensibilizzare un vasto pubblico alla cultura sorda.<\/p>\n\n\n\n<figure class=\"wp-block-image size-full\"><img loading=\"lazy\" decoding=\"async\" width=\"878\" height=\"456\" src=\"https:\/\/www.sgb-fss.ch\/content\/uploads\/2023\/06\/cds3-1.jpg\" alt=\"\" class=\"wp-image-18696\" srcset=\"https:\/\/www.sgb-fss.ch\/content\/uploads\/2023\/06\/cds3-1.jpg 878w, https:\/\/www.sgb-fss.ch\/content\/uploads\/2023\/06\/cds3-1-300x156.jpg 300w, https:\/\/www.sgb-fss.ch\/content\/uploads\/2023\/06\/cds3-1-150x78.jpg 150w, https:\/\/www.sgb-fss.ch\/content\/uploads\/2023\/06\/cds3-1-768x399.jpg 768w, https:\/\/www.sgb-fss.ch\/content\/uploads\/2023\/06\/cds3-1-193x100.jpg 193w, https:\/\/www.sgb-fss.ch\/content\/uploads\/2023\/06\/cds3-1-600x312.jpg 600w\" sizes=\"auto, (max-width: 878px) 100vw, 878px\" \/><\/figure>\n\n\n\n<p><\/p>\n\n\n\n<p><strong>Il Pop-Up Bistro<\/strong><br>Per qualche ora, un punto d&#8217;incontro della vostra azienda o del vostro ristorante si trasforma in un luogo d&#8217;incontro per persone sorde e udenti. Poi scompare di nuovo, ma l&#8217;esperienza rimane. Questo esperimento \u00e8 aperto a chiunque sia interessato all&#8217;accessibilit\u00e0 e alla sordit\u00e0.<\/p>\n\n\n\n<p>Il Caf\u00e9 des Signes \u00e8 un progetto della Federazione Svizzera dei Sordi. Il personale di servizio sordo serve i clienti, risponde alle loro domande e, se lo desiderano, li aiuta a imparare a ordinare nella lingua dei segni.<\/p>\n\n\n\n<div class=\"wp-block-group has-sgb-fss-blue-30-background-color has-background is-layout-constrained wp-block-group-is-layout-constrained\">\n<figure class=\"wp-block-image aligncenter size-full\"><img loading=\"lazy\" decoding=\"async\" width=\"311\" height=\"175\" src=\"https:\/\/www.sgb-fss.ch\/content\/uploads\/2023\/07\/logo-cds-klein.png\" alt=\"\" class=\"wp-image-22502\" srcset=\"https:\/\/www.sgb-fss.ch\/content\/uploads\/2023\/07\/logo-cds-klein.png 311w, https:\/\/www.sgb-fss.ch\/content\/uploads\/2023\/07\/logo-cds-klein-300x169.png 300w, https:\/\/www.sgb-fss.ch\/content\/uploads\/2023\/07\/logo-cds-klein-150x84.png 150w, https:\/\/www.sgb-fss.ch\/content\/uploads\/2023\/07\/logo-cds-klein-178x100.png 178w\" sizes=\"auto, (max-width: 311px) 100vw, 311px\" \/><\/figure>\n\n\n\n<h3 class=\"wp-block-heading has-text-align-center\"><strong><strong><strong>Il Caf\u00e9 des Signes a casa vostra<\/strong><\/strong><\/strong><\/h3>\n\n\n\n<p class=\"has-text-align-center\">Se desiderate offrire il Caf\u00e9 des Signes nella vostra azienda o attivit\u00e0 commerciale, vi aspettiamo.<\/p>\n\n\n\n<p class=\"has-text-align-center\">Potete trovare maggiori informazioni sul sito web del Caf\u00e9 des Signes.<\/p>\n\n\n\n<div class=\"wp-block-buttons is-content-justification-center is-layout-flex wp-container-core-buttons-is-layout-16018d1d wp-block-buttons-is-layout-flex\">\n<div class=\"wp-block-button\"><a class=\"wp-block-button__link has-schwarz-color has-sgb-fss-blue-background-color has-text-color has-background wp-element-button\" href=\"https:\/\/cafedessignes.wixsite.com\/italiano\" target=\"_blank\" rel=\"noreferrer noopener\"><span style=\"font-family: inherit; font-size: inherit;\"><strong>Sito web Caf\u00e9 des Signes<\/strong><\/span><\/a><\/div>\n<\/div>\n<\/div>\n\n\n\n<h2 class=\"wp-block-heading\"><\/h2>\n\n\n<div class=\"block block-teasercontacts block-teasercontacts--boxed\" id=\"block_c5ab4ee8b6a5abd412dc4c4ace4cf8d7\" data-block=\"Teaser Contacts\">\n    <div class=\"block-teasercontacts__header\"><p class=\"block-teasercontacts__title\">Domande sul Caf\u00e9 des Signes? Saremo lieti di ascoltarvi.<\/p><\/div>    <div class=\"block-teasercontacts__list\">\n                                        <div class=\"block-teasercontacts__item\">\n                <div class=\"block-teasercontacts__link\">\n                    <div class=\"block-teasercontacts__media\">\n                        <div class=\"block-teasercontacts__thumbnail accent__darkred has-background-accent\">\n                                                              <div class=\"image block-teasercontacts__thumbnail-image\" >\n    <img decoding=\"async\"\n      loading=\"lazy\"\n      class=\"image__object lazyload\"\n      src=\"https:\/\/www.sgb-fss.ch\/content\/uploads\/2021\/06\/sabine-wolff-1440x0-c-default.jpg\"       data-sizes=\"auto\"\n      data-srcset=\"https:\/\/www.sgb-fss.ch\/content\/uploads\/2021\/06\/sabine-wolff-200x0-c-default.jpg 200w, https:\/\/www.sgb-fss.ch\/content\/uploads\/2021\/06\/sabine-wolff-100x0-c-default.jpg 100w, \"\n      alt=\"\"\n      width=\"567\"\n      height=\"567\"\n            >\n  <\/div>\n                                                    <\/div>\n                    <\/div>\n                    <div class=\"block-teasercontacts__text\">\n                        <p class=\"block-teasercontacts__name\"><strong><a href=\"https:\/\/www.sgb-fss.ch\/it\/team\/sabine-wolff\/\">Sabine Wolff<\/a><\/strong><\/p>\n                        <p class=\"block-teasercontacts__lead\">Prodotti e Marchi<\/p>                    <\/div>\n                    <div class=\"block-teasercontacts__contacts\">\n                                                    <p>\n                                                                <a class=\"wp-block-button is-style-transparent\" href=\"mailto:s.wolff@sgb-fss.ch\"><span class=\"wp-block-button__link\"><i class=\"icon icon--mail\"><svg data-name=\"Ebene 1\" xmlns=\"http:\/\/www.w3.org\/2000\/svg\" viewBox=\"0 0 24 24\"><path d=\"M20.76 2.31H3.24A3.12 3.12 0 0 0 .12 5.43v13.14a3.12 3.12 0 0 0 3.12 3.12h17.52a3.12 3.12 0 0 0 3.12-3.12V5.43a3.12 3.12 0 0 0-3.12-3.12zM2.09 5a1.27 1.27 0 0 1 1.15-.78h17.52a1.24 1.24 0 0 1 1.11.74l.05.09-.09.06L12 12l-.07-.05-9.87-6.9zM22 18.57a1.26 1.26 0 0 1-1.26 1.27H3.24A1.27 1.27 0 0 1 2 18.57V7.21l9.5 6.69a.89.89 0 0 0 1 0L22 7.25z\"\/><\/svg><\/i><span class=\"wp-block-button__label\">s.wolff@sgb-fss.ch<\/span><\/span><\/a>                                                            <\/p>\n                                            <\/div>\n                <\/div>\n            <\/div>\n                    <\/div>\n<\/div>\n\n\n\n<h2 class=\"wp-block-heading\"><\/h2>\n\n\n\n<div class=\"wp-block-group has-schwarz-25-background-color has-background is-layout-constrained wp-block-group-is-layout-constrained\"><div class=\"block block-teaserpages\" id=\"block_22d2aee583d9b6580d505c9acaae1355\" data-block=\"Teaser Pages\">\n  <ul class=\"block-teaserpages__list\">\n            <li class=\"block-teaserpages__item\">\n        <a class=\"accent teaserpage\" href=\"https:\/\/www.sgb-fss.ch\/it\/downloads\/\">\n  <div class=\"teaserpage__thumbnail\">\n            <div class=\"image teaserpage__thumbnail-image\" >\n    <img decoding=\"async\"\n      loading=\"lazy\"\n      class=\"image__object lazyload\"\n      src=\"https:\/\/www.sgb-fss.ch\/content\/uploads\/2024\/01\/downloads-i-1440x0-c-default.jpg\"       data-sizes=\"auto\"\n      data-srcset=\"https:\/\/www.sgb-fss.ch\/content\/uploads\/2024\/01\/downloads-i-1000x0-c-default.jpg 1000w, https:\/\/www.sgb-fss.ch\/content\/uploads\/2024\/01\/downloads-i-700x0-c-default.jpg 700w, https:\/\/www.sgb-fss.ch\/content\/uploads\/2024\/01\/downloads-i-350x0-c-default.jpg 350w, \"\n      alt=\"\"\n      width=\"1890\"\n      height=\"1063\"\n            >\n  <\/div>\n      <\/div>\n  <h3 class=\"teaserpage__title\">Downloads<\/h3>\n  <p class=\"teaserpage__lead\">Qui troverete tutti i dati di questa pagina e di tutte le altre aree da scaricare.<\/p>  <\/a>\n      <\/li>\n    <\/ul>\n<\/div>\n<\/div>\n\n\n\n<div class=\"wp-block-columns is-layout-flex wp-container-core-columns-is-layout-9d6595d7 wp-block-columns-is-layout-flex\">\n<div class=\"wp-block-column is-layout-flow wp-block-column-is-layout-flow\" style=\"flex-basis:100%\">\n<div class=\"wp-block-group has-schwarz-25-background-color has-background is-layout-flow wp-block-group-is-layout-flow\">\n<h3 class=\"wp-block-heading\"><strong>Links<\/strong><\/h3>\n\n\n\n<p><a href=\"https:\/\/www.procom-deaf.ch\/it\/Default.aspx\">Procom Servizio interpreti<\/a><\/p>\n<\/div>\n<\/div>\n<\/div>\n","protected":false},"excerpt":{"rendered":"<p>In un&#8217;atmosfera rilassata, gli ospiti udenti possono imparare di pi\u00f9 sulla lingua dei segni [&hellip;]<\/p>\n","protected":false},"author":40,"featured_media":18714,"parent":31879,"menu_order":0,"comment_status":"closed","ping_status":"closed","template":"","meta":{"_acf_changed":false,"inline_featured_image":false,"footnotes":""},"class_list":["post-18581","page","type-page","status-publish","has-post-thumbnail","hentry"],"acf":[],"yoast_head":"<!-- This site is optimized with the Yoast SEO plugin v27.4 - https:\/\/yoast.com\/product\/yoast-seo-wordpress\/ -->\n<title>Caf\u00e9 des Signes - SGB-FSS<\/title>\n<meta name=\"robots\" content=\"index, follow, max-snippet:-1, max-image-preview:large, max-video-preview:-1\" \/>\n<link rel=\"canonical\" href=\"https:\/\/www.sgb-fss.ch\/it\/offerte\/cafe-des-signes\/\" \/>\n<meta property=\"og:locale\" content=\"it_IT\" \/>\n<meta property=\"og:type\" content=\"article\" \/>\n<meta property=\"og:title\" content=\"Caf\u00e9 des Signes - SGB-FSS\" \/>\n<meta property=\"og:description\" content=\"In un&#8217;atmosfera rilassata, gli ospiti udenti possono imparare di pi\u00f9 sulla lingua dei segni [&hellip;]\" \/>\n<meta property=\"og:url\" content=\"https:\/\/www.sgb-fss.ch\/it\/offerte\/cafe-des-signes\/\" \/>\n<meta property=\"og:site_name\" content=\"SGB-FSS\" \/>\n<meta property=\"article:modified_time\" content=\"2024-03-05T16:36:17+00:00\" \/>\n<meta property=\"og:image\" content=\"https:\/\/www.sgb-fss.ch\/content\/uploads\/2023\/06\/logo-cds.png\" \/>\n\t<meta property=\"og:image:width\" content=\"4273\" \/>\n\t<meta property=\"og:image:height\" content=\"2403\" \/>\n\t<meta property=\"og:image:type\" content=\"image\/png\" \/>\n<meta name=\"twitter:card\" content=\"summary_large_image\" \/>\n<meta name=\"twitter:label1\" content=\"Tempo di lettura stimato\" \/>\n\t<meta name=\"twitter:data1\" content=\"2 minuti\" \/>\n<script type=\"application\/ld+json\" class=\"yoast-schema-graph\">{\"@context\":\"https:\\\/\\\/schema.org\",\"@graph\":[{\"@type\":\"WebPage\",\"@id\":\"https:\\\/\\\/www.sgb-fss.ch\\\/it\\\/offerte\\\/cafe-des-signes\\\/\",\"url\":\"https:\\\/\\\/www.sgb-fss.ch\\\/it\\\/offerte\\\/cafe-des-signes\\\/\",\"name\":\"Caf\u00e9 des Signes - SGB-FSS\",\"isPartOf\":{\"@id\":\"https:\\\/\\\/www.sgb-fss.ch\\\/de\\\/#website\"},\"primaryImageOfPage\":{\"@id\":\"https:\\\/\\\/www.sgb-fss.ch\\\/it\\\/offerte\\\/cafe-des-signes\\\/#primaryimage\"},\"image\":{\"@id\":\"https:\\\/\\\/www.sgb-fss.ch\\\/it\\\/offerte\\\/cafe-des-signes\\\/#primaryimage\"},\"thumbnailUrl\":\"https:\\\/\\\/www.sgb-fss.ch\\\/content\\\/uploads\\\/2023\\\/06\\\/logo-cds.png\",\"datePublished\":\"2023-06-01T11:20:46+00:00\",\"dateModified\":\"2024-03-05T16:36:17+00:00\",\"breadcrumb\":{\"@id\":\"https:\\\/\\\/www.sgb-fss.ch\\\/it\\\/offerte\\\/cafe-des-signes\\\/#breadcrumb\"},\"inLanguage\":\"it-IT\",\"potentialAction\":[{\"@type\":\"ReadAction\",\"target\":[\"https:\\\/\\\/www.sgb-fss.ch\\\/it\\\/offerte\\\/cafe-des-signes\\\/\"]}]},{\"@type\":\"ImageObject\",\"inLanguage\":\"it-IT\",\"@id\":\"https:\\\/\\\/www.sgb-fss.ch\\\/it\\\/offerte\\\/cafe-des-signes\\\/#primaryimage\",\"url\":\"https:\\\/\\\/www.sgb-fss.ch\\\/content\\\/uploads\\\/2023\\\/06\\\/logo-cds.png\",\"contentUrl\":\"https:\\\/\\\/www.sgb-fss.ch\\\/content\\\/uploads\\\/2023\\\/06\\\/logo-cds.png\",\"width\":4273,\"height\":2403},{\"@type\":\"BreadcrumbList\",\"@id\":\"https:\\\/\\\/www.sgb-fss.ch\\\/it\\\/offerte\\\/cafe-des-signes\\\/#breadcrumb\",\"itemListElement\":[{\"@type\":\"ListItem\",\"position\":1,\"name\":\"Home\",\"item\":\"https:\\\/\\\/www.sgb-fss.ch\\\/it\\\/\"},{\"@type\":\"ListItem\",\"position\":2,\"name\":\"Offerte\",\"item\":\"https:\\\/\\\/www.sgb-fss.ch\\\/it\\\/offerte\\\/\"},{\"@type\":\"ListItem\",\"position\":3,\"name\":\"Caf\u00e9 des Signes\"}]},{\"@type\":\"WebSite\",\"@id\":\"https:\\\/\\\/www.sgb-fss.ch\\\/de\\\/#website\",\"url\":\"https:\\\/\\\/www.sgb-fss.ch\\\/de\\\/\",\"name\":\"SGB-FSS\",\"description\":\"\",\"potentialAction\":[{\"@type\":\"SearchAction\",\"target\":{\"@type\":\"EntryPoint\",\"urlTemplate\":\"https:\\\/\\\/www.sgb-fss.ch\\\/de\\\/?s={search_term_string}\"},\"query-input\":{\"@type\":\"PropertyValueSpecification\",\"valueRequired\":true,\"valueName\":\"search_term_string\"}}],\"inLanguage\":\"it-IT\"}]}<\/script>\n<!-- \/ Yoast SEO plugin. -->","yoast_head_json":{"title":"Caf\u00e9 des Signes - SGB-FSS","robots":{"index":"index","follow":"follow","max-snippet":"max-snippet:-1","max-image-preview":"max-image-preview:large","max-video-preview":"max-video-preview:-1"},"canonical":"https:\/\/www.sgb-fss.ch\/it\/offerte\/cafe-des-signes\/","og_locale":"it_IT","og_type":"article","og_title":"Caf\u00e9 des Signes - SGB-FSS","og_description":"In un&#8217;atmosfera rilassata, gli ospiti udenti possono imparare di pi\u00f9 sulla lingua dei segni [&hellip;]","og_url":"https:\/\/www.sgb-fss.ch\/it\/offerte\/cafe-des-signes\/","og_site_name":"SGB-FSS","article_modified_time":"2024-03-05T16:36:17+00:00","og_image":[{"width":4273,"height":2403,"url":"https:\/\/www.sgb-fss.ch\/content\/uploads\/2023\/06\/logo-cds.png","type":"image\/png"}],"twitter_card":"summary_large_image","twitter_misc":{"Tempo di lettura stimato":"2 minuti"},"schema":{"@context":"https:\/\/schema.org","@graph":[{"@type":"WebPage","@id":"https:\/\/www.sgb-fss.ch\/it\/offerte\/cafe-des-signes\/","url":"https:\/\/www.sgb-fss.ch\/it\/offerte\/cafe-des-signes\/","name":"Caf\u00e9 des Signes - SGB-FSS","isPartOf":{"@id":"https:\/\/www.sgb-fss.ch\/de\/#website"},"primaryImageOfPage":{"@id":"https:\/\/www.sgb-fss.ch\/it\/offerte\/cafe-des-signes\/#primaryimage"},"image":{"@id":"https:\/\/www.sgb-fss.ch\/it\/offerte\/cafe-des-signes\/#primaryimage"},"thumbnailUrl":"https:\/\/www.sgb-fss.ch\/content\/uploads\/2023\/06\/logo-cds.png","datePublished":"2023-06-01T11:20:46+00:00","dateModified":"2024-03-05T16:36:17+00:00","breadcrumb":{"@id":"https:\/\/www.sgb-fss.ch\/it\/offerte\/cafe-des-signes\/#breadcrumb"},"inLanguage":"it-IT","potentialAction":[{"@type":"ReadAction","target":["https:\/\/www.sgb-fss.ch\/it\/offerte\/cafe-des-signes\/"]}]},{"@type":"ImageObject","inLanguage":"it-IT","@id":"https:\/\/www.sgb-fss.ch\/it\/offerte\/cafe-des-signes\/#primaryimage","url":"https:\/\/www.sgb-fss.ch\/content\/uploads\/2023\/06\/logo-cds.png","contentUrl":"https:\/\/www.sgb-fss.ch\/content\/uploads\/2023\/06\/logo-cds.png","width":4273,"height":2403},{"@type":"BreadcrumbList","@id":"https:\/\/www.sgb-fss.ch\/it\/offerte\/cafe-des-signes\/#breadcrumb","itemListElement":[{"@type":"ListItem","position":1,"name":"Home","item":"https:\/\/www.sgb-fss.ch\/it\/"},{"@type":"ListItem","position":2,"name":"Offerte","item":"https:\/\/www.sgb-fss.ch\/it\/offerte\/"},{"@type":"ListItem","position":3,"name":"Caf\u00e9 des Signes"}]},{"@type":"WebSite","@id":"https:\/\/www.sgb-fss.ch\/de\/#website","url":"https:\/\/www.sgb-fss.ch\/de\/","name":"SGB-FSS","description":"","potentialAction":[{"@type":"SearchAction","target":{"@type":"EntryPoint","urlTemplate":"https:\/\/www.sgb-fss.ch\/de\/?s={search_term_string}"},"query-input":{"@type":"PropertyValueSpecification","valueRequired":true,"valueName":"search_term_string"}}],"inLanguage":"it-IT"}]}},"_links":{"self":[{"href":"https:\/\/www.sgb-fss.ch\/it\/wp-json\/wp\/v2\/pages\/18581","targetHints":{"allow":["GET"]}}],"collection":[{"href":"https:\/\/www.sgb-fss.ch\/it\/wp-json\/wp\/v2\/pages"}],"about":[{"href":"https:\/\/www.sgb-fss.ch\/it\/wp-json\/wp\/v2\/types\/page"}],"author":[{"embeddable":true,"href":"https:\/\/www.sgb-fss.ch\/it\/wp-json\/wp\/v2\/users\/40"}],"replies":[{"embeddable":true,"href":"https:\/\/www.sgb-fss.ch\/it\/wp-json\/wp\/v2\/comments?post=18581"}],"version-history":[{"count":24,"href":"https:\/\/www.sgb-fss.ch\/it\/wp-json\/wp\/v2\/pages\/18581\/revisions"}],"predecessor-version":[{"id":32612,"href":"https:\/\/www.sgb-fss.ch\/it\/wp-json\/wp\/v2\/pages\/18581\/revisions\/32612"}],"up":[{"embeddable":true,"href":"https:\/\/www.sgb-fss.ch\/it\/wp-json\/wp\/v2\/pages\/31879"}],"wp:featuredmedia":[{"embeddable":true,"href":"https:\/\/www.sgb-fss.ch\/it\/wp-json\/wp\/v2\/media\/18714"}],"wp:attachment":[{"href":"https:\/\/www.sgb-fss.ch\/it\/wp-json\/wp\/v2\/media?parent=18581"}],"curies":[{"name":"wp","href":"https:\/\/api.w.org\/{rel}","templated":true}]}}