{"id":13284,"date":"2023-04-19T17:30:26","date_gmt":"2023-04-19T15:30:26","guid":{"rendered":"https:\/\/www.sgb-fss.ch\/?page_id=13284"},"modified":"2026-04-02T15:54:29","modified_gmt":"2026-04-02T13:54:29","slug":"padrinato-della-lingua-dei-segni","status":"publish","type":"page","link":"https:\/\/www.sgb-fss.ch\/it\/donazioni\/padrinato-della-lingua-dei-segni\/","title":{"rendered":"Padrinato \u201cLingua dei segni\u201d"},"content":{"rendered":"\n<p class=\"is-style-lead\">Grazie a questo padrinato, sostiene la lingua dei segni e quindi le persone sorde in Svizzera.<\/p>\n\n\n\n<figure class=\"wp-block-image size-large\"><img loading=\"lazy\" decoding=\"async\" width=\"1024\" height=\"680\" src=\"https:\/\/www.sgb-fss.ch\/content\/uploads\/\/spenden_eng2879-1024x680.jpg\" alt=\"\" class=\"wp-image-42283\" srcset=\"https:\/\/www.sgb-fss.ch\/content\/uploads\/spenden_eng2879-1024x680.jpg 1024w, https:\/\/www.sgb-fss.ch\/content\/uploads\/spenden_eng2879-300x199.jpg 300w, https:\/\/www.sgb-fss.ch\/content\/uploads\/spenden_eng2879-150x100.jpg 150w, https:\/\/www.sgb-fss.ch\/content\/uploads\/spenden_eng2879-768x510.jpg 768w, https:\/\/www.sgb-fss.ch\/content\/uploads\/spenden_eng2879-1536x1020.jpg 1536w, https:\/\/www.sgb-fss.ch\/content\/uploads\/spenden_eng2879-2048x1360.jpg 2048w, https:\/\/www.sgb-fss.ch\/content\/uploads\/spenden_eng2879-151x100.jpg 151w\" sizes=\"auto, (max-width: 1024px) 100vw, 1024px\" \/><\/figure>\n\n\n\n<h3 class=\"wp-block-heading\"><strong><strong>Perch\u00e9 la lingua dei segni \u00e8 cos\u00ec importante?<\/strong><\/strong><\/h3>\n\n\n\n<p>Essere sordi significa essere visivi: le persone sorde percepiscono il mondo attraverso i loro occhi e comunicano con le mani. La lingua dei segni \u00e8 la loro lingua madre naturale, mentre la lingua parlata e scritta \u00e8 per loro una lingua straniera. Promuovere la lingua dei segni significa sostenere le persone sorde.<\/p>\n\n\n\n<p><strong>In che modo il padrinato sostiene la lingua dei segni?<\/strong><\/p>\n\n\n\n<p>Con il suo padrinato rende possibili diversi servizi legati alla lingua dei segni:<\/p>\n\n\n\n<ul class=\"wp-block-list\">\n<li>La cura e lo sviluppo del nostro <a href=\"https:\/\/www.sgb-fss.ch\/signsuisse\/it\/\">Lessico della lingua dei segni<\/a> \u00absignsuisse\u00bb, che contiene circa 19&#8217;000 segni nelle tre lingue dei segni svizzere,<\/li>\n\n\n\n<li>la cura e lo sviluppo della nostra piattaforma di <a href=\"https:\/\/www.sgb-fss.ch\/it\/offerte\/e-learning-con-signwise-ch\/\">E-learning signwise.ch, uno strumento online per apprendere le tre lingue dei segni svizzere<\/a>,<\/li>\n<\/ul>\n\n\n\n<ul class=\"wp-block-list\">\n<li>la creazione di una piattaforma online di conoscenza, su cui saranno trasmesse informazioni e contenuti nelle tre lingue dei segni svizzere (ad esempio su salute e prevenzione).<\/li>\n<\/ul>\n\n\n\n<p>Inoltre, contribuisce ad accompagnare le famiglie con bambini sordi e a offrire loro storie per bambini attraverso <a href=\"https:\/\/it.deafliteracy.ch\/\" target=\"_blank\" rel=\"noreferrer noopener\">Read to Deaf Kids<\/a>.<\/p>\n\n\n\n<h3 class=\"wp-block-heading\"><strong>I vantaggi del suo padrinato \u201cLingua dei segni\u201d<\/strong><\/h3>\n\n\n\n<p>Con il suo contributo regolare segna un forte impegno e benefica allo stesso tempo di:<\/p>\n\n\n\n<ul class=\"wp-block-list\">\n<li>un sostegno mirato alla lingua madre delle persone sorde;<\/li>\n<\/ul>\n\n\n\n<ul class=\"wp-block-list\">\n<li>aggiornamenti regolari sullo stato attuale dei progetti e dei servizi in corso;<\/li>\n<\/ul>\n\n\n\n<ul class=\"wp-block-list\">\n<li>una maggiore sicurezza di pianificazione per il nostro lavoro grazie al suo contributo costante.<\/li>\n<\/ul>\n\n\n\n<blockquote class=\"wp-block-quote has-sgb-fss-rot-background-color has-background is-layout-flow wp-block-quote-is-layout-flow\">\n<p>La maggior parte delle persone non ha mai riflettuto su cosa significhi poter fare tutto tranne che sentire.<\/p>\n<cite>Gabriela Conigliaro-Camelin (sorda), People &amp; Culture<\/cite><\/blockquote>\n\n\n\n<div class=\"wp-block-columns is-layout-flex wp-container-core-columns-is-layout-9d6595d7 wp-block-columns-is-layout-flex\">\n<div class=\"wp-block-column is-vertically-aligned-center has-sgb-fss-rot-50-background-color has-background is-layout-flow wp-block-column-is-layout-flow\">\n<h4 class=\"wp-block-heading has-text-align-center\"><strong>S\u00ec, desidero diventare madrina\/padrino!<\/strong><\/h4>\n\n\n\n<div class=\"wp-block-buttons is-content-justification-center is-layout-flex wp-container-core-buttons-is-layout-16018d1d wp-block-buttons-is-layout-flex\">\n<div class=\"wp-block-button\"><a class=\"wp-block-button__link has-sgb-fss-rot-background-color has-background wp-element-button\" href=\"https:\/\/www.sgb-fss.ch\/content\/uploads\/lsv-formular-patenschaft-gebardensprache-i.pdf\">Formulario di padrinato<\/a><\/div>\n<\/div>\n<\/div>\n\n\n\n<div class=\"wp-block-column is-vertically-aligned-center has-sgb-fss-rot-15-background-color has-background is-layout-flow wp-block-column-is-layout-flow\">\n<h4 class=\"wp-block-heading has-text-align-center\"><strong>Ulteriori informazioni sulla lingua dei segni<\/strong><\/h4>\n\n\n\n<div class=\"wp-block-buttons is-content-justification-center is-layout-flex wp-container-core-buttons-is-layout-28206b41 wp-block-buttons-is-layout-flex\">\n<div class=\"wp-block-button\"><a class=\"wp-block-button__link has-sgb-fss-rot-background-color has-background wp-element-button\" href=\"https:\/\/www.sgb-fss.ch\/content\/uploads\/2023\/05\/faltblatt-allgemein-i.pdf\">Opuscolo informativo<\/a><\/div>\n<\/div>\n<\/div>\n<\/div>\n\n\n\n<div class=\"wp-block-group is-layout-flow wp-block-group-is-layout-flow\"><div class=\"block block-teasercontacts block-teasercontacts--boxed\" id=\"block_c51e84b3146a59d7de8d45a1cf77e7e7\" data-block=\"Teaser Contacts\">\n    <div class=\"block-teasercontacts__header\"><p class=\"block-teasercontacts__title\">Domande sul padrinato? Sar\u00f2 lieta di rispondere.<\/p><\/div>    <div class=\"block-teasercontacts__list\">\n                                        <div class=\"block-teasercontacts__item\">\n                <div class=\"block-teasercontacts__link\">\n                    <div class=\"block-teasercontacts__media\">\n                        <div class=\"block-teasercontacts__thumbnail accent__darkred has-background-accent\">\n                                                              <div class=\"image block-teasercontacts__thumbnail-image\" >\n    <img decoding=\"async\"\n      loading=\"lazy\"\n      class=\"image__object lazyload\"\n      src=\"https:\/\/www.sgb-fss.ch\/content\/uploads\/2021\/06\/angela-hartmann-1440x0-c-default.jpg\"       data-sizes=\"auto\"\n      data-srcset=\"https:\/\/www.sgb-fss.ch\/content\/uploads\/2021\/06\/angela-hartmann-200x0-c-default.jpg 200w, https:\/\/www.sgb-fss.ch\/content\/uploads\/2021\/06\/angela-hartmann-100x0-c-default.jpg 100w, \"\n      alt=\"\"\n      width=\"567\"\n      height=\"567\"\n            >\n  <\/div>\n                                                    <\/div>\n                    <\/div>\n                    <div class=\"block-teasercontacts__text\">\n                        <p class=\"block-teasercontacts__name\"><strong><a href=\"https:\/\/www.sgb-fss.ch\/it\/team\/angela-hartmann\/\">Angela Hartmann<\/a><\/strong><\/p>\n                        <p class=\"block-teasercontacts__lead\">Fundraising<\/p>                    <\/div>\n                    <div class=\"block-teasercontacts__contacts\">\n                                                    <p>\n                                                                <a class=\"wp-block-button is-style-transparent\" href=\"mailto:a.hartmann@sgb-fss.ch\"><span class=\"wp-block-button__link\"><i class=\"icon icon--mail\"><svg data-name=\"Ebene 1\" xmlns=\"http:\/\/www.w3.org\/2000\/svg\" viewBox=\"0 0 24 24\"><path d=\"M20.76 2.31H3.24A3.12 3.12 0 0 0 .12 5.43v13.14a3.12 3.12 0 0 0 3.12 3.12h17.52a3.12 3.12 0 0 0 3.12-3.12V5.43a3.12 3.12 0 0 0-3.12-3.12zM2.09 5a1.27 1.27 0 0 1 1.15-.78h17.52a1.24 1.24 0 0 1 1.11.74l.05.09-.09.06L12 12l-.07-.05-9.87-6.9zM22 18.57a1.26 1.26 0 0 1-1.26 1.27H3.24A1.27 1.27 0 0 1 2 18.57V7.21l9.5 6.69a.89.89 0 0 0 1 0L22 7.25z\"\/><\/svg><\/i><span class=\"wp-block-button__label\">a.hartmann@sgb-fss.ch<\/span><\/span><\/a>                                                            <\/p>\n                                            <\/div>\n                <\/div>\n            <\/div>\n                    <\/div>\n<\/div>\n<\/div>\n","protected":false},"excerpt":{"rendered":"<p>Grazie a questo padrinato, sostiene la lingua dei segni e quindi le persone sorde [&hellip;]<\/p>\n","protected":false},"author":8,"featured_media":42283,"parent":9279,"menu_order":310,"comment_status":"closed","ping_status":"closed","template":"","meta":{"_acf_changed":false,"inline_featured_image":false,"footnotes":""},"class_list":["post-13284","page","type-page","status-publish","has-post-thumbnail","hentry"],"acf":[],"yoast_head":"<!-- This site is optimized with the Yoast SEO plugin v27.4 - https:\/\/yoast.com\/product\/yoast-seo-wordpress\/ -->\n<title>Padrinato \u201cLingua dei segni\u201d - SGB-FSS<\/title>\n<meta name=\"robots\" content=\"index, follow, max-snippet:-1, max-image-preview:large, max-video-preview:-1\" \/>\n<link rel=\"canonical\" href=\"https:\/\/www.sgb-fss.ch\/it\/donazioni\/padrinato-della-lingua-dei-segni\/\" \/>\n<meta property=\"og:locale\" content=\"it_IT\" \/>\n<meta property=\"og:type\" content=\"article\" \/>\n<meta property=\"og:title\" content=\"Padrinato \u201cLingua dei segni\u201d - SGB-FSS\" \/>\n<meta property=\"og:description\" content=\"Grazie a questo padrinato, sostiene la lingua dei segni e quindi le persone sorde [&hellip;]\" \/>\n<meta property=\"og:url\" content=\"https:\/\/www.sgb-fss.ch\/it\/donazioni\/padrinato-della-lingua-dei-segni\/\" \/>\n<meta property=\"og:site_name\" content=\"SGB-FSS\" \/>\n<meta property=\"article:modified_time\" content=\"2026-04-02T13:54:29+00:00\" \/>\n<meta property=\"og:image\" content=\"https:\/\/www.sgb-fss.ch\/content\/uploads\/spenden_eng2879-scaled.jpg\" \/>\n\t<meta property=\"og:image:width\" content=\"2560\" \/>\n\t<meta property=\"og:image:height\" content=\"1700\" \/>\n\t<meta property=\"og:image:type\" content=\"image\/jpeg\" \/>\n<meta name=\"twitter:card\" content=\"summary_large_image\" \/>\n<meta name=\"twitter:label1\" content=\"Tempo di lettura stimato\" \/>\n\t<meta name=\"twitter:data1\" content=\"2 minuti\" \/>\n<script type=\"application\/ld+json\" class=\"yoast-schema-graph\">{\"@context\":\"https:\\\/\\\/schema.org\",\"@graph\":[{\"@type\":\"WebPage\",\"@id\":\"https:\\\/\\\/www.sgb-fss.ch\\\/it\\\/donazioni\\\/padrinato-della-lingua-dei-segni\\\/\",\"url\":\"https:\\\/\\\/www.sgb-fss.ch\\\/it\\\/donazioni\\\/padrinato-della-lingua-dei-segni\\\/\",\"name\":\"Padrinato \u201cLingua dei segni\u201d - SGB-FSS\",\"isPartOf\":{\"@id\":\"https:\\\/\\\/www.sgb-fss.ch\\\/de\\\/#website\"},\"primaryImageOfPage\":{\"@id\":\"https:\\\/\\\/www.sgb-fss.ch\\\/it\\\/donazioni\\\/padrinato-della-lingua-dei-segni\\\/#primaryimage\"},\"image\":{\"@id\":\"https:\\\/\\\/www.sgb-fss.ch\\\/it\\\/donazioni\\\/padrinato-della-lingua-dei-segni\\\/#primaryimage\"},\"thumbnailUrl\":\"https:\\\/\\\/www.sgb-fss.ch\\\/content\\\/uploads\\\/spenden_eng2879-scaled.jpg\",\"datePublished\":\"2023-04-19T15:30:26+00:00\",\"dateModified\":\"2026-04-02T13:54:29+00:00\",\"breadcrumb\":{\"@id\":\"https:\\\/\\\/www.sgb-fss.ch\\\/it\\\/donazioni\\\/padrinato-della-lingua-dei-segni\\\/#breadcrumb\"},\"inLanguage\":\"it-IT\",\"potentialAction\":[{\"@type\":\"ReadAction\",\"target\":[\"https:\\\/\\\/www.sgb-fss.ch\\\/it\\\/donazioni\\\/padrinato-della-lingua-dei-segni\\\/\"]}]},{\"@type\":\"ImageObject\",\"inLanguage\":\"it-IT\",\"@id\":\"https:\\\/\\\/www.sgb-fss.ch\\\/it\\\/donazioni\\\/padrinato-della-lingua-dei-segni\\\/#primaryimage\",\"url\":\"https:\\\/\\\/www.sgb-fss.ch\\\/content\\\/uploads\\\/spenden_eng2879-scaled.jpg\",\"contentUrl\":\"https:\\\/\\\/www.sgb-fss.ch\\\/content\\\/uploads\\\/spenden_eng2879-scaled.jpg\",\"width\":2560,\"height\":1700},{\"@type\":\"BreadcrumbList\",\"@id\":\"https:\\\/\\\/www.sgb-fss.ch\\\/it\\\/donazioni\\\/padrinato-della-lingua-dei-segni\\\/#breadcrumb\",\"itemListElement\":[{\"@type\":\"ListItem\",\"position\":1,\"name\":\"Home\",\"item\":\"https:\\\/\\\/www.sgb-fss.ch\\\/it\\\/\"},{\"@type\":\"ListItem\",\"position\":2,\"name\":\"Donare e offrire una possibilit\u00e0\",\"item\":\"https:\\\/\\\/www.sgb-fss.ch\\\/it\\\/donazioni\\\/\"},{\"@type\":\"ListItem\",\"position\":3,\"name\":\"Padrinato \u201cLingua dei segni\u201d\"}]},{\"@type\":\"WebSite\",\"@id\":\"https:\\\/\\\/www.sgb-fss.ch\\\/de\\\/#website\",\"url\":\"https:\\\/\\\/www.sgb-fss.ch\\\/de\\\/\",\"name\":\"SGB-FSS\",\"description\":\"\",\"potentialAction\":[{\"@type\":\"SearchAction\",\"target\":{\"@type\":\"EntryPoint\",\"urlTemplate\":\"https:\\\/\\\/www.sgb-fss.ch\\\/de\\\/?s={search_term_string}\"},\"query-input\":{\"@type\":\"PropertyValueSpecification\",\"valueRequired\":true,\"valueName\":\"search_term_string\"}}],\"inLanguage\":\"it-IT\"}]}<\/script>\n<!-- \/ Yoast SEO plugin. -->","yoast_head_json":{"title":"Padrinato \u201cLingua dei segni\u201d - SGB-FSS","robots":{"index":"index","follow":"follow","max-snippet":"max-snippet:-1","max-image-preview":"max-image-preview:large","max-video-preview":"max-video-preview:-1"},"canonical":"https:\/\/www.sgb-fss.ch\/it\/donazioni\/padrinato-della-lingua-dei-segni\/","og_locale":"it_IT","og_type":"article","og_title":"Padrinato \u201cLingua dei segni\u201d - SGB-FSS","og_description":"Grazie a questo padrinato, sostiene la lingua dei segni e quindi le persone sorde [&hellip;]","og_url":"https:\/\/www.sgb-fss.ch\/it\/donazioni\/padrinato-della-lingua-dei-segni\/","og_site_name":"SGB-FSS","article_modified_time":"2026-04-02T13:54:29+00:00","og_image":[{"width":2560,"height":1700,"url":"https:\/\/www.sgb-fss.ch\/content\/uploads\/spenden_eng2879-scaled.jpg","type":"image\/jpeg"}],"twitter_card":"summary_large_image","twitter_misc":{"Tempo di lettura stimato":"2 minuti"},"schema":{"@context":"https:\/\/schema.org","@graph":[{"@type":"WebPage","@id":"https:\/\/www.sgb-fss.ch\/it\/donazioni\/padrinato-della-lingua-dei-segni\/","url":"https:\/\/www.sgb-fss.ch\/it\/donazioni\/padrinato-della-lingua-dei-segni\/","name":"Padrinato \u201cLingua dei segni\u201d - SGB-FSS","isPartOf":{"@id":"https:\/\/www.sgb-fss.ch\/de\/#website"},"primaryImageOfPage":{"@id":"https:\/\/www.sgb-fss.ch\/it\/donazioni\/padrinato-della-lingua-dei-segni\/#primaryimage"},"image":{"@id":"https:\/\/www.sgb-fss.ch\/it\/donazioni\/padrinato-della-lingua-dei-segni\/#primaryimage"},"thumbnailUrl":"https:\/\/www.sgb-fss.ch\/content\/uploads\/spenden_eng2879-scaled.jpg","datePublished":"2023-04-19T15:30:26+00:00","dateModified":"2026-04-02T13:54:29+00:00","breadcrumb":{"@id":"https:\/\/www.sgb-fss.ch\/it\/donazioni\/padrinato-della-lingua-dei-segni\/#breadcrumb"},"inLanguage":"it-IT","potentialAction":[{"@type":"ReadAction","target":["https:\/\/www.sgb-fss.ch\/it\/donazioni\/padrinato-della-lingua-dei-segni\/"]}]},{"@type":"ImageObject","inLanguage":"it-IT","@id":"https:\/\/www.sgb-fss.ch\/it\/donazioni\/padrinato-della-lingua-dei-segni\/#primaryimage","url":"https:\/\/www.sgb-fss.ch\/content\/uploads\/spenden_eng2879-scaled.jpg","contentUrl":"https:\/\/www.sgb-fss.ch\/content\/uploads\/spenden_eng2879-scaled.jpg","width":2560,"height":1700},{"@type":"BreadcrumbList","@id":"https:\/\/www.sgb-fss.ch\/it\/donazioni\/padrinato-della-lingua-dei-segni\/#breadcrumb","itemListElement":[{"@type":"ListItem","position":1,"name":"Home","item":"https:\/\/www.sgb-fss.ch\/it\/"},{"@type":"ListItem","position":2,"name":"Donare e offrire una possibilit\u00e0","item":"https:\/\/www.sgb-fss.ch\/it\/donazioni\/"},{"@type":"ListItem","position":3,"name":"Padrinato \u201cLingua dei segni\u201d"}]},{"@type":"WebSite","@id":"https:\/\/www.sgb-fss.ch\/de\/#website","url":"https:\/\/www.sgb-fss.ch\/de\/","name":"SGB-FSS","description":"","potentialAction":[{"@type":"SearchAction","target":{"@type":"EntryPoint","urlTemplate":"https:\/\/www.sgb-fss.ch\/de\/?s={search_term_string}"},"query-input":{"@type":"PropertyValueSpecification","valueRequired":true,"valueName":"search_term_string"}}],"inLanguage":"it-IT"}]}},"_links":{"self":[{"href":"https:\/\/www.sgb-fss.ch\/it\/wp-json\/wp\/v2\/pages\/13284","targetHints":{"allow":["GET"]}}],"collection":[{"href":"https:\/\/www.sgb-fss.ch\/it\/wp-json\/wp\/v2\/pages"}],"about":[{"href":"https:\/\/www.sgb-fss.ch\/it\/wp-json\/wp\/v2\/types\/page"}],"author":[{"embeddable":true,"href":"https:\/\/www.sgb-fss.ch\/it\/wp-json\/wp\/v2\/users\/8"}],"replies":[{"embeddable":true,"href":"https:\/\/www.sgb-fss.ch\/it\/wp-json\/wp\/v2\/comments?post=13284"}],"version-history":[{"count":43,"href":"https:\/\/www.sgb-fss.ch\/it\/wp-json\/wp\/v2\/pages\/13284\/revisions"}],"predecessor-version":[{"id":44589,"href":"https:\/\/www.sgb-fss.ch\/it\/wp-json\/wp\/v2\/pages\/13284\/revisions\/44589"}],"up":[{"embeddable":true,"href":"https:\/\/www.sgb-fss.ch\/it\/wp-json\/wp\/v2\/pages\/9279"}],"wp:featuredmedia":[{"embeddable":true,"href":"https:\/\/www.sgb-fss.ch\/it\/wp-json\/wp\/v2\/media\/42283"}],"wp:attachment":[{"href":"https:\/\/www.sgb-fss.ch\/it\/wp-json\/wp\/v2\/media?parent=13284"}],"curies":[{"name":"wp","href":"https:\/\/api.w.org\/{rel}","templated":true}]}}