{"id":11956,"date":"2023-04-25T14:27:20","date_gmt":"2023-04-25T12:27:20","guid":{"rendered":"https:\/\/www.sgb-fss.ch\/?page_id=11956"},"modified":"2025-04-03T15:49:32","modified_gmt":"2025-04-03T13:49:32","slug":"accesso-senza-barriere","status":"publish","type":"page","link":"https:\/\/www.sgb-fss.ch\/it\/ambiti\/accesso-senza-barriere\/","title":{"rendered":"Accesso senza barriere"},"content":{"rendered":"\n<p class=\"is-style-lead\">La Federazione svizzera dei sordi collabora con diverse aziende del settore pubblico e privato per consentire una vita quotidiana \u2039senza barriere\u203a alle persone sorde e deboli di udito.<\/p>\n\n\n\n<p><strong>Eliminare gli ostacoli<\/strong><br>Le persone sorde e deboli di uditivo incontrano problemi di comunicazione nei settori ella formazione, della salute e della cultura nonch\u00e9 dei trasporti pubblici. Un accesso privo di barriere non \u00e8 garantito ovunque, non \u00e8 possibile segnalare un\u2019emergenza per telefono, andare al cinema senza sottotitoli spesso si pu\u00f2 segnalare al provider un problema con il computer solo con contatto telefonico.<\/p>\n\n\n\n<h2 class=\"wp-block-heading\">Progetti attuali<\/h2>\n\n\n\n<div class=\"wp-block-columns is-layout-flex wp-container-core-columns-is-layout-9d6595d7 wp-block-columns-is-layout-flex\">\n<div class=\"wp-block-column is-layout-flow wp-block-column-is-layout-flow\" style=\"flex-basis:100%\">\n<div class=\"wp-block-group has-sgb-fss-blue-30-background-color has-background is-layout-constrained wp-block-group-is-layout-constrained\">\n<div class=\"wp-block-columns is-layout-flex wp-container-core-columns-is-layout-9d6595d7 wp-block-columns-is-layout-flex\">\n<div class=\"wp-block-column is-layout-flow wp-block-column-is-layout-flow\" style=\"flex-basis:100%\">\n<p><strong>Offerte senza barriere sulla TV pubblica<\/strong><br>Nel 2023 la RSI ha ampliato ancora l\u2019offerta di programmi sottotitolati e audio descritti, facilitando cos\u00ec a persone con disabilit\u00e0 uditiva o visiva di accedere all&#8217;offerta di programmi TV grazie a contenuti sottotitolati, audio descritti e in lingua dei segni. Informazioni sull&#8217;offerta complessiva senza barriere della RSI e una panoramica di tutte le trasmissioni in lingua dei segni e con audio descrizione sono contenute nei link sottostanti.<\/p>\n\n\n\n<figure class=\"wp-block-image alignright size-full\"><img loading=\"lazy\" decoding=\"async\" width=\"77\" height=\"70\" src=\"https:\/\/www.sgb-fss.ch\/content\/uploads\/2023\/07\/srf-1.png\" alt=\"\" class=\"wp-image-22405\"\/><\/figure>\n\n\n\n<p><a href=\"https:\/\/www.srf.ch\/play\/tv\/themen\/gebaerdensprache\" target=\"_blank\" rel=\"noreferrer noopener\">Trasmissioni in lingua dei segni RSI<\/a><br><a href=\"https:\/\/www.srf.ch\/play\/tv\/themen\/gebaerdensprache\" target=\"_blank\" rel=\"noreferrer noopener\">Trasmissioni in audiodescrizione RSI<\/a><\/p>\n<\/div>\n<\/div>\n<\/div>\n<\/div>\n<\/div>\n\n\n\n<div class=\"wp-block-columns is-layout-flex wp-container-core-columns-is-layout-9d6595d7 wp-block-columns-is-layout-flex\">\n<div class=\"wp-block-column is-layout-flow wp-block-column-is-layout-flow\" style=\"flex-basis:100%\">\n<div class=\"wp-block-group is-style-highlighted has-sgb-fss-blue-15-background-color has-background is-layout-constrained wp-block-group-is-layout-constrained\">\n<div class=\"wp-block-columns is-layout-flex wp-container-core-columns-is-layout-9d6595d7 wp-block-columns-is-layout-flex\">\n<div class=\"wp-block-column is-layout-flow wp-block-column-is-layout-flow\" style=\"flex-basis:100%\">\n<p><strong>Viaggiare senza barriere in Svizzera<\/strong><br>La Federazione sostiene costantemente le FFS, unitamente ad altri partner, nei suoi progetti e nell\u2019attuazione delle sue misure pensate per viaggiare senza barriere in Svizzera e in Europa.<\/p>\n\n\n\n<p><a href=\"https:\/\/www.sbb.ch\/de\/fahrplan\/reisehinweise\/reisende-mit-handicap\/reiseplanung.html\" target=\"_blank\" rel=\"noreferrer noopener\">Viaggiatori svantaggiati<\/a><br><a href=\"https:\/\/www.sbb.ch\/de\/hilfe-und-kontakt\/produkte-services\/eingeschraenkte-mobilitaet\/barrierefreies-reisen\/bestell-formular-hilfeleistungen.html\" target=\"_blank\" rel=\"noreferrer noopener\">FFS Contact Center Handicap<\/a><\/p>\n\n\n\n<h2 class=\"wp-block-heading\"><\/h2>\n\n\n\n<p><strong>Easy Ride \u2013 Video esplicativi in lingua dei segni<\/strong><br>La tecnologia digitale ha profondamente modificato la vita quotidiana delle persone sorde e deboli di udito. Per molte di loro l\u2019utilizzo del mondo digitale \u00e8 pi\u00f9 facile perch\u00e9 possono orientarsi visivamente. Eppure, i testi di molte pagine web sono spesso impegnativi e complessi e non sono di facile comprensione per le persone sorde. Con due video esplicativi in lingua dei segni l\u2019accesso a Easy Ride \u00e8 stato reso privo di barriere anche per le persone sorde.<\/p>\n\n\n\n<figure class=\"wp-block-image alignright size-full\"><img loading=\"lazy\" decoding=\"async\" width=\"318\" height=\"70\" src=\"https:\/\/www.sgb-fss.ch\/content\/uploads\/2023\/07\/sbb-1.png\" alt=\"\" class=\"wp-image-22402\" srcset=\"https:\/\/www.sgb-fss.ch\/content\/uploads\/2023\/07\/sbb-1.png 318w, https:\/\/www.sgb-fss.ch\/content\/uploads\/2023\/07\/sbb-1-300x66.png 300w, https:\/\/www.sgb-fss.ch\/content\/uploads\/2023\/07\/sbb-1-150x33.png 150w, https:\/\/www.sgb-fss.ch\/content\/uploads\/2023\/07\/sbb-1-200x44.png 200w\" sizes=\"auto, (max-width: 318px) 100vw, 318px\" \/><\/figure>\n\n\n\n<p><a href=\"https:\/\/www.youtube.com\/watch?v=z9GAIuVk5ak\" target=\"_blank\" rel=\"noreferrer noopener\">Easy Ride<\/a><br><a href=\"https:\/\/www.youtube.com\/watch?v=jpGgr9TSSqc&amp;feature=emb_title\" target=\"_blank\" rel=\"noreferrer noopener\">App Mobile FFS \u2013 Acquisto dei biglietti<\/a><br><\/p>\n<\/div>\n<\/div>\n<\/div>\n<\/div>\n<\/div>\n\n\n\n<div class=\"wp-block-columns is-layout-flex wp-container-core-columns-is-layout-9d6595d7 wp-block-columns-is-layout-flex\">\n<div class=\"wp-block-column is-layout-flow wp-block-column-is-layout-flow\" style=\"flex-basis:100%\">\n<div class=\"wp-block-group is-style-default has-sgb-fss-blue-30-background-color has-background is-layout-constrained wp-block-group-is-layout-constrained\">\n<div class=\"wp-block-columns is-layout-flex wp-container-core-columns-is-layout-9d6595d7 wp-block-columns-is-layout-flex\">\n<div class=\"wp-block-column is-layout-flow wp-block-column-is-layout-flow\" style=\"flex-basis:100%\">\n<p><strong>Online Chat: aiuto online senza barriere<br><\/strong>Per le persone sorde e deboli di udito, telefonare \u00e8 possibile solo tramite video o con una traduzione telefonica tramite interprete della lingua dei segni. Traducendo i testi delle chat in un linguaggio semplice e integrandoli con video esplicativi nella lingua dei segni, \u00e8 stato possibile creare un accesso senza barriere alla guida online di Swisscom.<\/p>\n\n\n\n<figure class=\"wp-block-image alignright size-full\"><img loading=\"lazy\" decoding=\"async\" width=\"258\" height=\"70\" src=\"https:\/\/www.sgb-fss.ch\/content\/uploads\/2023\/07\/swisscom-1.png\" alt=\"\" class=\"wp-image-22408\" srcset=\"https:\/\/www.sgb-fss.ch\/content\/uploads\/2023\/07\/swisscom-1.png 258w, https:\/\/www.sgb-fss.ch\/content\/uploads\/2023\/07\/swisscom-1-150x41.png 150w, https:\/\/www.sgb-fss.ch\/content\/uploads\/2023\/07\/swisscom-1-200x54.png 200w\" sizes=\"auto, (max-width: 258px) 100vw, 258px\" \/><\/figure>\n\n\n\n<p><a href=\"https:\/\/www.swisscom.ch\/de\/barrierefreiheit.html\" target=\"_blank\" rel=\"noreferrer noopener\">Offerte senza barriere<\/a><\/p>\n<\/div>\n<\/div>\n<\/div>\n<\/div>\n<\/div>\n\n\n\n<div class=\"wp-block-columns is-layout-flex wp-container-core-columns-is-layout-9d6595d7 wp-block-columns-is-layout-flex\">\n<div class=\"wp-block-column is-layout-flow wp-block-column-is-layout-flow\" style=\"flex-basis:100%\">\n<div class=\"wp-block-group has-sgb-fss-blue-15-background-color has-background is-layout-constrained wp-block-group-is-layout-constrained\">\n<div class=\"wp-block-columns is-layout-flex wp-container-core-columns-is-layout-9d6595d7 wp-block-columns-is-layout-flex\">\n<div class=\"wp-block-column is-layout-flow wp-block-column-is-layout-flow\" style=\"flex-basis:100%\">\n<p><strong>Segnalazione di richieste dei clienti in lingua dei segni<\/strong><br>Alla Posta le richieste dei clienti possono essere inviate anche mediante video in lingua dei segni. Tramite webcam la richiesta pu\u00f2 essere registrata direttamente sulla pagina web della Posta. Nell&#8217;arco di quattro giorni la Posta risponde alla propria clientela con un video in lingua dei segni.&nbsp;<\/p>\n\n\n\n<p><a href=\"https:\/\/www.post.ch\/de\/pages\/gebaerdensprache\" target=\"_blank\" rel=\"noreferrer noopener\">Assistenza video in lingua dei segni per la Posta<\/a><\/p>\n\n\n\n<figure class=\"wp-block-image alignright size-full\"><img loading=\"lazy\" decoding=\"async\" width=\"193\" height=\"70\" src=\"https:\/\/www.sgb-fss.ch\/content\/uploads\/2023\/07\/die-post-1.png\" alt=\"\" class=\"wp-image-22399\" srcset=\"https:\/\/www.sgb-fss.ch\/content\/uploads\/2023\/07\/die-post-1.png 193w, https:\/\/www.sgb-fss.ch\/content\/uploads\/2023\/07\/die-post-1-150x54.png 150w\" sizes=\"auto, (max-width: 193px) 100vw, 193px\" \/><\/figure>\n<\/div>\n<\/div>\n<\/div>\n<\/div>\n<\/div>\n\n\n\n<div class=\"wp-block-columns is-layout-flex wp-container-core-columns-is-layout-9d6595d7 wp-block-columns-is-layout-flex\">\n<div class=\"wp-block-column is-layout-flow wp-block-column-is-layout-flow\" style=\"flex-basis:100%\">\n<div class=\"wp-block-group has-sgb-fss-blue-30-background-color has-background is-layout-constrained wp-block-group-is-layout-constrained\">\n<div class=\"wp-block-columns is-layout-flex wp-container-core-columns-is-layout-9d6595d7 wp-block-columns-is-layout-flex\">\n<div class=\"wp-block-column is-layout-flow wp-block-column-is-layout-flow\" style=\"flex-basis:100%\">\n<p><strong>Video in lingua dei segni relativi ai prodotti<\/strong><br>Diversi prodotti inerenti alle tematiche di investimenti e previdenza vengono integrati in tutte e tre le lingue nazionali mediante video esplicativi in lingua dei segni.<\/p>\n\n\n\n<figure class=\"wp-block-image alignright size-full is-resized\"><img loading=\"lazy\" decoding=\"async\" width=\"599\" height=\"161\" src=\"https:\/\/www.sgb-fss.ch\/content\/uploads\/2024\/02\/creditsuisse_neu_i.png\" alt=\"\" class=\"wp-image-32276\" style=\"width:270px\" srcset=\"https:\/\/www.sgb-fss.ch\/content\/uploads\/2024\/02\/creditsuisse_neu_i.png 599w, https:\/\/www.sgb-fss.ch\/content\/uploads\/2024\/02\/creditsuisse_neu_i-300x81.png 300w, https:\/\/www.sgb-fss.ch\/content\/uploads\/2024\/02\/creditsuisse_neu_i-150x40.png 150w, https:\/\/www.sgb-fss.ch\/content\/uploads\/2024\/02\/creditsuisse_neu_i-200x54.png 200w\" sizes=\"auto, (max-width: 599px) 100vw, 599px\" \/><\/figure>\n\n\n\n<p><a href=\"https:\/\/www.credit-suisse.com\/diversity-and-inclusion\/de.html\" target=\"_blank\" rel=\"noreferrer noopener\">Diversity e Inclusion presso CS<\/a><\/p>\n<\/div>\n<\/div>\n<\/div>\n<\/div>\n<\/div>\n\n\n<div class=\"block block-teasercontacts block-teasercontacts--boxed\" id=\"block_016163b3dcfb0e34f48ff6253b794bb4\" data-block=\"Teaser Contacts\">\n    <div class=\"block-teasercontacts__header\"><p class=\"block-teasercontacts__title\">Domande sull&#8217;accessibilit\u00e0? Non esiti a contattarci.<\/p><\/div>    <div class=\"block-teasercontacts__list\">\n                            <\/div>\n<\/div>\n\n\n\n<h2 class=\"wp-block-heading\"><\/h2>\n\n\n\n<div class=\"wp-block-group has-schwarz-25-background-color has-background is-layout-constrained wp-block-group-is-layout-constrained\"><div class=\"block block-teaserpages\" id=\"block_58e0cd5091387b40c788585f8f631c68\" data-block=\"Teaser Pages\">\n  <ul class=\"block-teaserpages__list\">\n            <li class=\"block-teaserpages__item\">\n        <a class=\"accent teaserpage\" href=\"https:\/\/www.sgb-fss.ch\/it\/downloads\/\">\n  <div class=\"teaserpage__thumbnail\">\n            <div class=\"image teaserpage__thumbnail-image\" >\n    <img decoding=\"async\"\n      loading=\"lazy\"\n      class=\"image__object lazyload\"\n      src=\"https:\/\/www.sgb-fss.ch\/content\/uploads\/2024\/01\/downloads-i-1440x0-c-default.jpg\"       data-sizes=\"auto\"\n      data-srcset=\"https:\/\/www.sgb-fss.ch\/content\/uploads\/2024\/01\/downloads-i-1000x0-c-default.jpg 1000w, https:\/\/www.sgb-fss.ch\/content\/uploads\/2024\/01\/downloads-i-700x0-c-default.jpg 700w, https:\/\/www.sgb-fss.ch\/content\/uploads\/2024\/01\/downloads-i-350x0-c-default.jpg 350w, \"\n      alt=\"\"\n      width=\"1890\"\n      height=\"1063\"\n            >\n  <\/div>\n      <\/div>\n  <h3 class=\"teaserpage__title\">Downloads<\/h3>\n  <p class=\"teaserpage__lead\">Qui troverete tutti i dati di questa pagina e di tutte le altre aree da scaricare.<\/p>  <\/a>\n      <\/li>\n    <\/ul>\n<\/div>\n<\/div>\n","protected":false},"excerpt":{"rendered":"<p>La Federazione svizzera dei sordi collabora con diverse aziende del settore pubblico e privato [&hellip;]<\/p>\n","protected":false},"author":40,"featured_media":18140,"parent":9131,"menu_order":4,"comment_status":"closed","ping_status":"closed","template":"","meta":{"_acf_changed":false,"inline_featured_image":false,"footnotes":""},"class_list":["post-11956","page","type-page","status-publish","has-post-thumbnail","hentry"],"acf":[],"yoast_head":"<!-- This site is optimized with the Yoast SEO plugin v27.4 - https:\/\/yoast.com\/product\/yoast-seo-wordpress\/ -->\n<title>Accesso senza barriere - SGB-FSS<\/title>\n<meta name=\"robots\" content=\"index, follow, max-snippet:-1, max-image-preview:large, max-video-preview:-1\" \/>\n<link rel=\"canonical\" href=\"https:\/\/www.sgb-fss.ch\/it\/ambiti\/accesso-senza-barriere\/\" \/>\n<meta property=\"og:locale\" content=\"it_IT\" \/>\n<meta property=\"og:type\" content=\"article\" \/>\n<meta property=\"og:title\" content=\"Accesso senza barriere - SGB-FSS\" \/>\n<meta property=\"og:description\" content=\"La Federazione svizzera dei sordi collabora con diverse aziende del settore pubblico e privato [&hellip;]\" \/>\n<meta property=\"og:url\" content=\"https:\/\/www.sgb-fss.ch\/it\/ambiti\/accesso-senza-barriere\/\" \/>\n<meta property=\"og:site_name\" content=\"SGB-FSS\" \/>\n<meta property=\"article:modified_time\" content=\"2025-04-03T13:49:32+00:00\" \/>\n<meta property=\"og:image\" content=\"https:\/\/www.sgb-fss.ch\/content\/uploads\/2023\/05\/barreriefreiheit-scaled-e1684334387592.jpg\" \/>\n\t<meta property=\"og:image:width\" content=\"2560\" \/>\n\t<meta property=\"og:image:height\" content=\"1707\" \/>\n\t<meta property=\"og:image:type\" content=\"image\/jpeg\" \/>\n<meta name=\"twitter:card\" content=\"summary_large_image\" \/>\n<meta name=\"twitter:label1\" content=\"Tempo di lettura stimato\" \/>\n\t<meta name=\"twitter:data1\" content=\"4 minuti\" \/>\n<script type=\"application\/ld+json\" class=\"yoast-schema-graph\">{\"@context\":\"https:\\\/\\\/schema.org\",\"@graph\":[{\"@type\":\"WebPage\",\"@id\":\"https:\\\/\\\/www.sgb-fss.ch\\\/it\\\/ambiti\\\/accesso-senza-barriere\\\/\",\"url\":\"https:\\\/\\\/www.sgb-fss.ch\\\/it\\\/ambiti\\\/accesso-senza-barriere\\\/\",\"name\":\"Accesso senza barriere - SGB-FSS\",\"isPartOf\":{\"@id\":\"https:\\\/\\\/www.sgb-fss.ch\\\/de\\\/#website\"},\"primaryImageOfPage\":{\"@id\":\"https:\\\/\\\/www.sgb-fss.ch\\\/it\\\/ambiti\\\/accesso-senza-barriere\\\/#primaryimage\"},\"image\":{\"@id\":\"https:\\\/\\\/www.sgb-fss.ch\\\/it\\\/ambiti\\\/accesso-senza-barriere\\\/#primaryimage\"},\"thumbnailUrl\":\"https:\\\/\\\/www.sgb-fss.ch\\\/content\\\/uploads\\\/2023\\\/05\\\/barreriefreiheit-scaled-e1684334387592.jpg\",\"datePublished\":\"2023-04-25T12:27:20+00:00\",\"dateModified\":\"2025-04-03T13:49:32+00:00\",\"breadcrumb\":{\"@id\":\"https:\\\/\\\/www.sgb-fss.ch\\\/it\\\/ambiti\\\/accesso-senza-barriere\\\/#breadcrumb\"},\"inLanguage\":\"it-IT\",\"potentialAction\":[{\"@type\":\"ReadAction\",\"target\":[\"https:\\\/\\\/www.sgb-fss.ch\\\/it\\\/ambiti\\\/accesso-senza-barriere\\\/\"]}]},{\"@type\":\"ImageObject\",\"inLanguage\":\"it-IT\",\"@id\":\"https:\\\/\\\/www.sgb-fss.ch\\\/it\\\/ambiti\\\/accesso-senza-barriere\\\/#primaryimage\",\"url\":\"https:\\\/\\\/www.sgb-fss.ch\\\/content\\\/uploads\\\/2023\\\/05\\\/barreriefreiheit-scaled-e1684334387592.jpg\",\"contentUrl\":\"https:\\\/\\\/www.sgb-fss.ch\\\/content\\\/uploads\\\/2023\\\/05\\\/barreriefreiheit-scaled-e1684334387592.jpg\",\"width\":2560,\"height\":1707},{\"@type\":\"BreadcrumbList\",\"@id\":\"https:\\\/\\\/www.sgb-fss.ch\\\/it\\\/ambiti\\\/accesso-senza-barriere\\\/#breadcrumb\",\"itemListElement\":[{\"@type\":\"ListItem\",\"position\":1,\"name\":\"Home\",\"item\":\"https:\\\/\\\/www.sgb-fss.ch\\\/it\\\/\"},{\"@type\":\"ListItem\",\"position\":2,\"name\":\"Ambiti\",\"item\":\"https:\\\/\\\/www.sgb-fss.ch\\\/it\\\/ambiti\\\/\"},{\"@type\":\"ListItem\",\"position\":3,\"name\":\"Accesso senza barriere\"}]},{\"@type\":\"WebSite\",\"@id\":\"https:\\\/\\\/www.sgb-fss.ch\\\/de\\\/#website\",\"url\":\"https:\\\/\\\/www.sgb-fss.ch\\\/de\\\/\",\"name\":\"SGB-FSS\",\"description\":\"\",\"potentialAction\":[{\"@type\":\"SearchAction\",\"target\":{\"@type\":\"EntryPoint\",\"urlTemplate\":\"https:\\\/\\\/www.sgb-fss.ch\\\/de\\\/?s={search_term_string}\"},\"query-input\":{\"@type\":\"PropertyValueSpecification\",\"valueRequired\":true,\"valueName\":\"search_term_string\"}}],\"inLanguage\":\"it-IT\"}]}<\/script>\n<!-- \/ Yoast SEO plugin. -->","yoast_head_json":{"title":"Accesso senza barriere - SGB-FSS","robots":{"index":"index","follow":"follow","max-snippet":"max-snippet:-1","max-image-preview":"max-image-preview:large","max-video-preview":"max-video-preview:-1"},"canonical":"https:\/\/www.sgb-fss.ch\/it\/ambiti\/accesso-senza-barriere\/","og_locale":"it_IT","og_type":"article","og_title":"Accesso senza barriere - SGB-FSS","og_description":"La Federazione svizzera dei sordi collabora con diverse aziende del settore pubblico e privato [&hellip;]","og_url":"https:\/\/www.sgb-fss.ch\/it\/ambiti\/accesso-senza-barriere\/","og_site_name":"SGB-FSS","article_modified_time":"2025-04-03T13:49:32+00:00","og_image":[{"width":2560,"height":1707,"url":"https:\/\/www.sgb-fss.ch\/content\/uploads\/2023\/05\/barreriefreiheit-scaled-e1684334387592.jpg","type":"image\/jpeg"}],"twitter_card":"summary_large_image","twitter_misc":{"Tempo di lettura stimato":"4 minuti"},"schema":{"@context":"https:\/\/schema.org","@graph":[{"@type":"WebPage","@id":"https:\/\/www.sgb-fss.ch\/it\/ambiti\/accesso-senza-barriere\/","url":"https:\/\/www.sgb-fss.ch\/it\/ambiti\/accesso-senza-barriere\/","name":"Accesso senza barriere - SGB-FSS","isPartOf":{"@id":"https:\/\/www.sgb-fss.ch\/de\/#website"},"primaryImageOfPage":{"@id":"https:\/\/www.sgb-fss.ch\/it\/ambiti\/accesso-senza-barriere\/#primaryimage"},"image":{"@id":"https:\/\/www.sgb-fss.ch\/it\/ambiti\/accesso-senza-barriere\/#primaryimage"},"thumbnailUrl":"https:\/\/www.sgb-fss.ch\/content\/uploads\/2023\/05\/barreriefreiheit-scaled-e1684334387592.jpg","datePublished":"2023-04-25T12:27:20+00:00","dateModified":"2025-04-03T13:49:32+00:00","breadcrumb":{"@id":"https:\/\/www.sgb-fss.ch\/it\/ambiti\/accesso-senza-barriere\/#breadcrumb"},"inLanguage":"it-IT","potentialAction":[{"@type":"ReadAction","target":["https:\/\/www.sgb-fss.ch\/it\/ambiti\/accesso-senza-barriere\/"]}]},{"@type":"ImageObject","inLanguage":"it-IT","@id":"https:\/\/www.sgb-fss.ch\/it\/ambiti\/accesso-senza-barriere\/#primaryimage","url":"https:\/\/www.sgb-fss.ch\/content\/uploads\/2023\/05\/barreriefreiheit-scaled-e1684334387592.jpg","contentUrl":"https:\/\/www.sgb-fss.ch\/content\/uploads\/2023\/05\/barreriefreiheit-scaled-e1684334387592.jpg","width":2560,"height":1707},{"@type":"BreadcrumbList","@id":"https:\/\/www.sgb-fss.ch\/it\/ambiti\/accesso-senza-barriere\/#breadcrumb","itemListElement":[{"@type":"ListItem","position":1,"name":"Home","item":"https:\/\/www.sgb-fss.ch\/it\/"},{"@type":"ListItem","position":2,"name":"Ambiti","item":"https:\/\/www.sgb-fss.ch\/it\/ambiti\/"},{"@type":"ListItem","position":3,"name":"Accesso senza barriere"}]},{"@type":"WebSite","@id":"https:\/\/www.sgb-fss.ch\/de\/#website","url":"https:\/\/www.sgb-fss.ch\/de\/","name":"SGB-FSS","description":"","potentialAction":[{"@type":"SearchAction","target":{"@type":"EntryPoint","urlTemplate":"https:\/\/www.sgb-fss.ch\/de\/?s={search_term_string}"},"query-input":{"@type":"PropertyValueSpecification","valueRequired":true,"valueName":"search_term_string"}}],"inLanguage":"it-IT"}]}},"_links":{"self":[{"href":"https:\/\/www.sgb-fss.ch\/it\/wp-json\/wp\/v2\/pages\/11956","targetHints":{"allow":["GET"]}}],"collection":[{"href":"https:\/\/www.sgb-fss.ch\/it\/wp-json\/wp\/v2\/pages"}],"about":[{"href":"https:\/\/www.sgb-fss.ch\/it\/wp-json\/wp\/v2\/types\/page"}],"author":[{"embeddable":true,"href":"https:\/\/www.sgb-fss.ch\/it\/wp-json\/wp\/v2\/users\/40"}],"replies":[{"embeddable":true,"href":"https:\/\/www.sgb-fss.ch\/it\/wp-json\/wp\/v2\/comments?post=11956"}],"version-history":[{"count":29,"href":"https:\/\/www.sgb-fss.ch\/it\/wp-json\/wp\/v2\/pages\/11956\/revisions"}],"predecessor-version":[{"id":37919,"href":"https:\/\/www.sgb-fss.ch\/it\/wp-json\/wp\/v2\/pages\/11956\/revisions\/37919"}],"up":[{"embeddable":true,"href":"https:\/\/www.sgb-fss.ch\/it\/wp-json\/wp\/v2\/pages\/9131"}],"wp:featuredmedia":[{"embeddable":true,"href":"https:\/\/www.sgb-fss.ch\/it\/wp-json\/wp\/v2\/media\/18140"}],"wp:attachment":[{"href":"https:\/\/www.sgb-fss.ch\/it\/wp-json\/wp\/v2\/media?parent=11956"}],"curies":[{"name":"wp","href":"https:\/\/api.w.org\/{rel}","templated":true}]}}