{"id":11932,"date":"2022-10-21T10:19:48","date_gmt":"2022-10-21T08:19:48","guid":{"rendered":"https:\/\/www.sgb-fss.ch\/it-zugang\/arbeit\/"},"modified":"2025-03-10T15:42:54","modified_gmt":"2025-03-10T14:42:54","slug":"lavoro","status":"publish","type":"page","link":"https:\/\/www.sgb-fss.ch\/it\/ambiti\/lavoro\/","title":{"rendered":"Lavoro"},"content":{"rendered":"\n<p class=\"is-style-lead\">Successo grazie alla diversit\u00e0. Mediante formazioni, workshop e tools, forniamo assistenza ad aziende e organizzazioni nel reclutamento di persone sorde o deboli di udito.<\/p>\n\n\n\n<p><strong>Un team di successo<br><\/strong>Le persone sorde o deboli di udito hanno le stesse capacit\u00e0 e possibilit\u00e0 delle persone udenti. Sono molto motivate e affidabili. Grazie alla loro spiccata ricettivit\u00e0 visiva, lavorano con grande concentrazione e precisione e di rado tendono a distrarsi.<\/p>\n\n\n\n<blockquote class=\"wp-block-quote is-layout-flow wp-block-quote-is-layout-flow\">\n<p>Conoscere il potenziale e le competenze dei dipendenti sordi contribuisce al successo dell&#8217;inclusione sul posto di lavoro.<\/p>\n<cite>Kim Danaci, Lavoro e integrazione<\/cite><\/blockquote>\n\n\n\n<p><strong>Vi sosteniamo<br><\/strong>Siamo al vostro fianco come partner professionale per promuovere la diversit\u00e0 nella vostra azienda e affinare le vostre linee guida sulla diversit\u00e0. Con i nostri standard riconosciuti, sviluppati insieme alla nostra rete, vi aiutiamo a semplificare l&#8217;assunzione di dipendenti sordi, a consentire una comunicazione efficace all&#8217;interno del team e a garantire un&#8217;integrazione di successo.<\/p>\n\n\n<div class=\"block block-teaserpages\" id=\"block_fdacc177e68907baaaed5fd25fae2f91\" data-block=\"Teaser Pages\">\n  <ul class=\"block-teaserpages__list\">\n            <li class=\"block-teaserpages__item\">\n        <a class=\"accent teaserpage\" href=\"https:\/\/www.sgb-fss.ch\/it\/ambiti\/lavoro\/seminari\/\">\n  <div class=\"teaserpage__thumbnail\">\n            <div class=\"image teaserpage__thumbnail-image\" >\n    <img decoding=\"async\"\n      loading=\"lazy\"\n      class=\"image__object lazyload\"\n      src=\"https:\/\/www.sgb-fss.ch\/content\/uploads\/2023\/05\/erfolgreiche-kommunikation_it-1440x0-c-default.jpg\"       data-sizes=\"auto\"\n      data-srcset=\"https:\/\/www.sgb-fss.ch\/content\/uploads\/2023\/05\/erfolgreiche-kommunikation_it-1000x0-c-default.jpg 1000w, https:\/\/www.sgb-fss.ch\/content\/uploads\/2023\/05\/erfolgreiche-kommunikation_it-700x0-c-default.jpg 700w, https:\/\/www.sgb-fss.ch\/content\/uploads\/2023\/05\/erfolgreiche-kommunikation_it-350x0-c-default.jpg 350w, \"\n      alt=\"\"\n      width=\"982\"\n      height=\"550\"\n            >\n  <\/div>\n      <\/div>\n  <h3 class=\"teaserpage__title\">Seminari<\/h3>\n  <p class=\"teaserpage__lead\">Volete sviluppare ulteriormente la diversit\u00e0 nella vostra azienda? Lavorate gi\u00e0 con persone con problemi di udito e volete saperne di pi\u00f9 sul lavoro di squadra e sulla comunicazione? Allora i nostri workshop sono la cosa giusta per voi.<\/p>  <\/a>\n      <\/li>\n            <li class=\"block-teaserpages__item\">\n        <a class=\"accent teaserpage\" href=\"https:\/\/www.sgb-fss.ch\/it\/ambiti\/lavoro\/progetti-lavoro-e-inclusione\/\">\n  <div class=\"teaserpage__thumbnail\">\n            <div class=\"image teaserpage__thumbnail-image\" >\n    <img decoding=\"async\"\n      loading=\"lazy\"\n      class=\"image__object lazyload\"\n      src=\"https:\/\/www.sgb-fss.ch\/content\/uploads\/2023\/05\/arbeit_projekt-scaled-e1684142674908-1440x0-c-default.jpg\"       data-sizes=\"auto\"\n      data-srcset=\"https:\/\/www.sgb-fss.ch\/content\/uploads\/2023\/05\/arbeit_projekt-scaled-e1684142674908-1000x0-c-default.jpg 1000w, https:\/\/www.sgb-fss.ch\/content\/uploads\/2023\/05\/arbeit_projekt-scaled-e1684142674908-700x0-c-default.jpg 700w, https:\/\/www.sgb-fss.ch\/content\/uploads\/2023\/05\/arbeit_projekt-scaled-e1684142674908-350x0-c-default.jpg 350w, \"\n      alt=\"\"\n      width=\"2560\"\n      height=\"1707\"\n            >\n  <\/div>\n      <\/div>\n  <h3 class=\"teaserpage__title\">Progetti \u2039Lavoro e integrazione\u203a<\/h3>\n  <p class=\"teaserpage__lead\">Lavoriamo a stretto contatto con diverse organizzazioni e aziende. Con queste diamo vita a progetti volti a consentire a persone sorde o deboli di udito l\u2019accesso privo di barriere al lavoro e alla societ\u00e0.<\/p>  <\/a>\n      <\/li>\n            <li class=\"block-teaserpages__item\">\n        <a class=\"accent teaserpage\" href=\"https:\/\/www.sgb-fss.ch\/it\/ambiti\/lavoro\/cose-da-sapere-su-lavoro-e-inclusione\/\">\n  <div class=\"teaserpage__thumbnail\">\n            <div class=\"image teaserpage__thumbnail-image\" >\n    <img decoding=\"async\"\n      loading=\"lazy\"\n      class=\"image__object lazyload\"\n      src=\"https:\/\/www.sgb-fss.ch\/content\/uploads\/2023\/05\/arbeit_wissenwertes-scaled-e1684151756716-1440x0-c-default.jpg\"       data-sizes=\"auto\"\n      data-srcset=\"https:\/\/www.sgb-fss.ch\/content\/uploads\/2023\/05\/arbeit_wissenwertes-scaled-e1684151756716-1000x0-c-default.jpg 1000w, https:\/\/www.sgb-fss.ch\/content\/uploads\/2023\/05\/arbeit_wissenwertes-scaled-e1684151756716-700x0-c-default.jpg 700w, https:\/\/www.sgb-fss.ch\/content\/uploads\/2023\/05\/arbeit_wissenwertes-scaled-e1684151756716-350x0-c-default.jpg 350w, \"\n      alt=\"\"\n      width=\"2560\"\n      height=\"1706\"\n            >\n  <\/div>\n      <\/div>\n  <h3 class=\"teaserpage__title\">Cose da sapere su \u2039Lavoro e inclusione\u203a<\/h3>\n  <p class=\"teaserpage__lead\">In quanto organizzazione di categoria, la Federazione svizzera dei sordi si considera un partner fondamentale per la buona riuscita dell\u2019inclusione delle persone sorde e deboli di udito nella vita professionale.<\/p>  <\/a>\n      <\/li>\n            <li class=\"block-teaserpages__item\">\n        <a class=\"accent teaserpage\" href=\"https:\/\/www.sgb-fss.ch\/it\/ambiti\/lavoro\/rete-lavoro\/\">\n  <div class=\"teaserpage__thumbnail\">\n            <div class=\"image teaserpage__thumbnail-image\" >\n    <img decoding=\"async\"\n      loading=\"lazy\"\n      class=\"image__object lazyload\"\n      src=\"https:\/\/www.sgb-fss.ch\/content\/uploads\/2023\/06\/map-1440x0-c-default.jpg\"       data-sizes=\"auto\"\n      data-srcset=\"https:\/\/www.sgb-fss.ch\/content\/uploads\/2023\/06\/map-1000x0-c-default.jpg 1000w, https:\/\/www.sgb-fss.ch\/content\/uploads\/2023\/06\/map-700x0-c-default.jpg 700w, https:\/\/www.sgb-fss.ch\/content\/uploads\/2023\/06\/map-350x0-c-default.jpg 350w, \"\n      alt=\"\"\n      width=\"757\"\n      height=\"470\"\n            >\n  <\/div>\n      <\/div>\n  <h3 class=\"teaserpage__title\"> Rete \u2039Lavoro\u203a <\/h3>\n  <p class=\"teaserpage__lead\">Nella tua azienda sono impiegate persone sorde o deboli di udito e vorresti avere uno scambio di opinioni al riguardo con altre aziende? Sulla nostra carta della rete trovi una serie di aziende e istituzioni selezionate in tutta la Svizzera con le quali collaboriamo.<\/p>  <\/a>\n      <\/li>\n            <li class=\"block-teaserpages__item\">\n        <a class=\"accent teaserpage\" href=\"https:\/\/www.sgb-fss.ch\/it\/ambiti\/lavoro\/corporate-edition\/\">\n  <div class=\"teaserpage__thumbnail\">\n            <div class=\"image teaserpage__thumbnail-image\" >\n    <img decoding=\"async\"\n      loading=\"lazy\"\n      class=\"image__object lazyload\"\n      src=\"https:\/\/www.sgb-fss.ch\/content\/uploads\/2023\/05\/logo-signwise-corporate-edition-web-1440x0-c-default.png\"       data-sizes=\"auto\"\n      data-srcset=\"https:\/\/www.sgb-fss.ch\/content\/uploads\/2023\/05\/logo-signwise-corporate-edition-web-1000x0-c-default.png 1000w, https:\/\/www.sgb-fss.ch\/content\/uploads\/2023\/05\/logo-signwise-corporate-edition-web-700x0-c-default.png 700w, https:\/\/www.sgb-fss.ch\/content\/uploads\/2023\/05\/logo-signwise-corporate-edition-web-350x0-c-default.png 350w, \"\n      alt=\"\"\n      width=\"6330\"\n      height=\"3560\"\n            >\n  <\/div>\n      <\/div>\n  <h3 class=\"teaserpage__title\">Il vostro vocabolario in un&#8217;APP<\/h3>\n  <p class=\"teaserpage__lead\">Volete introdurre il linguaggio dei segni ai vostri dipendenti? Sviluppiamo un vocabolario su misura per la vostra azienda e ve lo offriamo tramite l&#8217;APP Corporate Edition.<\/p>  <\/a>\n      <\/li>\n            <li class=\"block-teaserpages__item\">\n        <a class=\"accent teaserpage\" href=\"https:\/\/www.sgb-fss.ch\/it\/ambiti\/lavoro\/interpreti-quando-dove-come\/\">\n  <div class=\"teaserpage__thumbnail\">\n            <div class=\"image teaserpage__thumbnail-image\" >\n    <img decoding=\"async\"\n      loading=\"lazy\"\n      class=\"image__object lazyload\"\n      src=\"https:\/\/www.sgb-fss.ch\/content\/uploads\/2023\/05\/arbeit_dolemtscher-scaled-e1684151969823-1440x0-c-default.jpg\"       data-sizes=\"auto\"\n      data-srcset=\"https:\/\/www.sgb-fss.ch\/content\/uploads\/2023\/05\/arbeit_dolemtscher-scaled-e1684151969823-1000x0-c-default.jpg 1000w, https:\/\/www.sgb-fss.ch\/content\/uploads\/2023\/05\/arbeit_dolemtscher-scaled-e1684151969823-700x0-c-default.jpg 700w, https:\/\/www.sgb-fss.ch\/content\/uploads\/2023\/05\/arbeit_dolemtscher-scaled-e1684151969823-350x0-c-default.jpg 350w, \"\n      alt=\"\"\n      width=\"2560\"\n      height=\"1707\"\n            >\n  <\/div>\n      <\/div>\n  <h3 class=\"teaserpage__title\">Interpreti: Quando? Dove? Come?<\/h3>\n  <p class=\"teaserpage__lead\">Affinch\u00e9 lo scambio con una persona sorda avvenga senza barriere in caso di appuntamenti e occasioni importanti, \u00e8 fondamentale il ruolo degli interpreti.<\/p>  <\/a>\n      <\/li>\n            <li class=\"block-teaserpages__item\">\n        <a class=\"accent teaserpage\" href=\"https:\/\/www.sgb-fss.ch\/it\/ambiti\/lavoro\/informazioni-sulla-ai\/\">\n  <div class=\"teaserpage__thumbnail\">\n            <div class=\"image teaserpage__thumbnail-image\" >\n    <img decoding=\"async\"\n      loading=\"lazy\"\n      class=\"image__object lazyload\"\n      src=\"https:\/\/www.sgb-fss.ch\/content\/uploads\/2023\/05\/arbeit_informatik-scaled-e1684151597307-1440x0-c-default.jpg\"       data-sizes=\"auto\"\n      data-srcset=\"https:\/\/www.sgb-fss.ch\/content\/uploads\/2023\/05\/arbeit_informatik-scaled-e1684151597307-1000x0-c-default.jpg 1000w, https:\/\/www.sgb-fss.ch\/content\/uploads\/2023\/05\/arbeit_informatik-scaled-e1684151597307-700x0-c-default.jpg 700w, https:\/\/www.sgb-fss.ch\/content\/uploads\/2023\/05\/arbeit_informatik-scaled-e1684151597307-350x0-c-default.jpg 350w, \"\n      alt=\"\"\n      width=\"2560\"\n      height=\"1707\"\n            >\n  <\/div>\n      <\/div>\n  <h3 class=\"teaserpage__title\">Informazioni sull\u2019AI <\/h3>\n  <p class=\"teaserpage__lead\">Le persone sorde e ipoudenti hanno il diritto di accedere alle informazioni e di partecipare alla vita sociale senza discriminazioni. L&#8217;assicurazione per l&#8217;invalidit\u00e0 (AI) contribuisce a consentire l&#8217;inclusione delle persone sorde e concede misure come l&#8217;assunzione dei costi di interpretariato per il lavoro nell&#8217;ambito della cosiddetta ordinanza sul posto di lavoro.<\/p>  <\/a>\n      <\/li>\n    <\/ul>\n<\/div>\n\n\n<div class=\"block block-teasercontacts block-teasercontacts--boxed\" id=\"block_ccbf4320d7a955fea66fb9c4a70bc47d\" data-block=\"Teaser Contacts\">\n    <div class=\"block-teasercontacts__header\"><p class=\"block-teasercontacts__title\">Domande sul lavoro e sull&#8217;integrazione? Non esiti a contattarmi.<\/p><\/div>    <div class=\"block-teasercontacts__list\">\n                                        <div class=\"block-teasercontacts__item\">\n                <div class=\"block-teasercontacts__link\">\n                    <div class=\"block-teasercontacts__media\">\n                        <div class=\"block-teasercontacts__thumbnail accent__darkred has-background-accent\">\n                                                              <div class=\"image block-teasercontacts__thumbnail-image\" >\n    <img decoding=\"async\"\n      loading=\"lazy\"\n      class=\"image__object lazyload\"\n      src=\"https:\/\/www.sgb-fss.ch\/content\/uploads\/2021\/06\/sabine-wolff-1440x0-c-default.jpg\"       data-sizes=\"auto\"\n      data-srcset=\"https:\/\/www.sgb-fss.ch\/content\/uploads\/2021\/06\/sabine-wolff-200x0-c-default.jpg 200w, https:\/\/www.sgb-fss.ch\/content\/uploads\/2021\/06\/sabine-wolff-100x0-c-default.jpg 100w, \"\n      alt=\"\"\n      width=\"567\"\n      height=\"567\"\n            >\n  <\/div>\n                                                    <\/div>\n                    <\/div>\n                    <div class=\"block-teasercontacts__text\">\n                        <p class=\"block-teasercontacts__name\"><strong><a href=\"https:\/\/www.sgb-fss.ch\/it\/team\/sabine-wolff\/\">Sabine Wolff<\/a><\/strong><\/p>\n                        <p class=\"block-teasercontacts__lead\">Prodotti e Marchi<\/p>                    <\/div>\n                    <div class=\"block-teasercontacts__contacts\">\n                                                    <p>\n                                                                <a class=\"wp-block-button is-style-transparent\" href=\"mailto:s.wolff@sgb-fss.ch\"><span class=\"wp-block-button__link\"><i class=\"icon icon--mail\"><svg data-name=\"Ebene 1\" xmlns=\"http:\/\/www.w3.org\/2000\/svg\" viewBox=\"0 0 24 24\"><path d=\"M20.76 2.31H3.24A3.12 3.12 0 0 0 .12 5.43v13.14a3.12 3.12 0 0 0 3.12 3.12h17.52a3.12 3.12 0 0 0 3.12-3.12V5.43a3.12 3.12 0 0 0-3.12-3.12zM2.09 5a1.27 1.27 0 0 1 1.15-.78h17.52a1.24 1.24 0 0 1 1.11.74l.05.09-.09.06L12 12l-.07-.05-9.87-6.9zM22 18.57a1.26 1.26 0 0 1-1.26 1.27H3.24A1.27 1.27 0 0 1 2 18.57V7.21l9.5 6.69a.89.89 0 0 0 1 0L22 7.25z\"\/><\/svg><\/i><span class=\"wp-block-button__label\">s.wolff@sgb-fss.ch<\/span><\/span><\/a>                                                            <\/p>\n                                            <\/div>\n                <\/div>\n            <\/div>\n                    <\/div>\n<\/div>\n\n\n\n<h2 class=\"wp-block-heading\"><\/h2>\n\n\n\n<div class=\"wp-block-group has-schwarz-25-background-color has-background is-layout-constrained wp-block-group-is-layout-constrained\"><div class=\"block block-teaserpages\" id=\"block_5a19ec3844f8a98f8aeb5a37f7034bb8\" data-block=\"Teaser Pages\">\n  <ul class=\"block-teaserpages__list\">\n            <li class=\"block-teaserpages__item\">\n        <a class=\"accent teaserpage\" href=\"https:\/\/www.sgb-fss.ch\/it\/downloads\/\">\n  <div class=\"teaserpage__thumbnail\">\n            <div class=\"image teaserpage__thumbnail-image\" >\n    <img decoding=\"async\"\n      loading=\"lazy\"\n      class=\"image__object lazyload\"\n      src=\"https:\/\/www.sgb-fss.ch\/content\/uploads\/2024\/01\/downloads-i-1440x0-c-default.jpg\"       data-sizes=\"auto\"\n      data-srcset=\"https:\/\/www.sgb-fss.ch\/content\/uploads\/2024\/01\/downloads-i-1000x0-c-default.jpg 1000w, https:\/\/www.sgb-fss.ch\/content\/uploads\/2024\/01\/downloads-i-700x0-c-default.jpg 700w, https:\/\/www.sgb-fss.ch\/content\/uploads\/2024\/01\/downloads-i-350x0-c-default.jpg 350w, \"\n      alt=\"\"\n      width=\"1890\"\n      height=\"1063\"\n            >\n  <\/div>\n      <\/div>\n  <h3 class=\"teaserpage__title\">Downloads<\/h3>\n  <p class=\"teaserpage__lead\">Qui troverete tutti i dati di questa pagina e di tutte le altre aree da scaricare.<\/p>  <\/a>\n      <\/li>\n    <\/ul>\n<\/div>\n<\/div>\n","protected":false},"excerpt":{"rendered":"<p>Successo grazie alla diversit\u00e0. Mediante formazioni, workshop e tools, forniamo assistenza ad aziende e [&hellip;]<\/p>\n","protected":false},"author":20,"featured_media":12385,"parent":9131,"menu_order":1,"comment_status":"closed","ping_status":"closed","template":"","meta":{"_acf_changed":false,"inline_featured_image":false,"footnotes":""},"class_list":["post-11932","page","type-page","status-publish","has-post-thumbnail","hentry"],"acf":[],"yoast_head":"<!-- This site is optimized with the Yoast SEO plugin v27.4 - https:\/\/yoast.com\/product\/yoast-seo-wordpress\/ -->\n<title>Lavoro - SGB-FSS<\/title>\n<meta name=\"robots\" content=\"index, follow, max-snippet:-1, max-image-preview:large, max-video-preview:-1\" \/>\n<link rel=\"canonical\" href=\"https:\/\/www.sgb-fss.ch\/it\/ambiti\/lavoro\/\" \/>\n<meta property=\"og:locale\" content=\"it_IT\" \/>\n<meta property=\"og:type\" content=\"article\" \/>\n<meta property=\"og:title\" content=\"Lavoro - SGB-FSS\" \/>\n<meta property=\"og:description\" content=\"Successo grazie alla diversit\u00e0. Mediante formazioni, workshop e tools, forniamo assistenza ad aziende e [&hellip;]\" \/>\n<meta property=\"og:url\" content=\"https:\/\/www.sgb-fss.ch\/it\/ambiti\/lavoro\/\" \/>\n<meta property=\"og:site_name\" content=\"SGB-FSS\" \/>\n<meta property=\"article:modified_time\" content=\"2025-03-10T14:42:54+00:00\" \/>\n<meta property=\"og:image\" content=\"https:\/\/www.sgb-fss.ch\/content\/uploads\/2023\/03\/arbeit.jpg\" \/>\n\t<meta property=\"og:image:width\" content=\"955\" \/>\n\t<meta property=\"og:image:height\" content=\"542\" \/>\n\t<meta property=\"og:image:type\" content=\"image\/jpeg\" \/>\n<meta name=\"twitter:card\" content=\"summary_large_image\" \/>\n<meta name=\"twitter:label1\" content=\"Tempo di lettura stimato\" \/>\n\t<meta name=\"twitter:data1\" content=\"1 minuto\" \/>\n<script type=\"application\/ld+json\" class=\"yoast-schema-graph\">{\"@context\":\"https:\\\/\\\/schema.org\",\"@graph\":[{\"@type\":\"WebPage\",\"@id\":\"https:\\\/\\\/www.sgb-fss.ch\\\/it\\\/ambiti\\\/lavoro\\\/\",\"url\":\"https:\\\/\\\/www.sgb-fss.ch\\\/it\\\/ambiti\\\/lavoro\\\/\",\"name\":\"Lavoro - SGB-FSS\",\"isPartOf\":{\"@id\":\"https:\\\/\\\/www.sgb-fss.ch\\\/de\\\/#website\"},\"primaryImageOfPage\":{\"@id\":\"https:\\\/\\\/www.sgb-fss.ch\\\/it\\\/ambiti\\\/lavoro\\\/#primaryimage\"},\"image\":{\"@id\":\"https:\\\/\\\/www.sgb-fss.ch\\\/it\\\/ambiti\\\/lavoro\\\/#primaryimage\"},\"thumbnailUrl\":\"https:\\\/\\\/www.sgb-fss.ch\\\/content\\\/uploads\\\/2023\\\/03\\\/arbeit.jpg\",\"datePublished\":\"2022-10-21T08:19:48+00:00\",\"dateModified\":\"2025-03-10T14:42:54+00:00\",\"breadcrumb\":{\"@id\":\"https:\\\/\\\/www.sgb-fss.ch\\\/it\\\/ambiti\\\/lavoro\\\/#breadcrumb\"},\"inLanguage\":\"it-IT\",\"potentialAction\":[{\"@type\":\"ReadAction\",\"target\":[\"https:\\\/\\\/www.sgb-fss.ch\\\/it\\\/ambiti\\\/lavoro\\\/\"]}]},{\"@type\":\"ImageObject\",\"inLanguage\":\"it-IT\",\"@id\":\"https:\\\/\\\/www.sgb-fss.ch\\\/it\\\/ambiti\\\/lavoro\\\/#primaryimage\",\"url\":\"https:\\\/\\\/www.sgb-fss.ch\\\/content\\\/uploads\\\/2023\\\/03\\\/arbeit.jpg\",\"contentUrl\":\"https:\\\/\\\/www.sgb-fss.ch\\\/content\\\/uploads\\\/2023\\\/03\\\/arbeit.jpg\",\"width\":955,\"height\":542},{\"@type\":\"BreadcrumbList\",\"@id\":\"https:\\\/\\\/www.sgb-fss.ch\\\/it\\\/ambiti\\\/lavoro\\\/#breadcrumb\",\"itemListElement\":[{\"@type\":\"ListItem\",\"position\":1,\"name\":\"Home\",\"item\":\"https:\\\/\\\/www.sgb-fss.ch\\\/it\\\/\"},{\"@type\":\"ListItem\",\"position\":2,\"name\":\"Ambiti\",\"item\":\"https:\\\/\\\/www.sgb-fss.ch\\\/it\\\/ambiti\\\/\"},{\"@type\":\"ListItem\",\"position\":3,\"name\":\"Lavoro\"}]},{\"@type\":\"WebSite\",\"@id\":\"https:\\\/\\\/www.sgb-fss.ch\\\/de\\\/#website\",\"url\":\"https:\\\/\\\/www.sgb-fss.ch\\\/de\\\/\",\"name\":\"SGB-FSS\",\"description\":\"\",\"potentialAction\":[{\"@type\":\"SearchAction\",\"target\":{\"@type\":\"EntryPoint\",\"urlTemplate\":\"https:\\\/\\\/www.sgb-fss.ch\\\/de\\\/?s={search_term_string}\"},\"query-input\":{\"@type\":\"PropertyValueSpecification\",\"valueRequired\":true,\"valueName\":\"search_term_string\"}}],\"inLanguage\":\"it-IT\"}]}<\/script>\n<!-- \/ Yoast SEO plugin. -->","yoast_head_json":{"title":"Lavoro - SGB-FSS","robots":{"index":"index","follow":"follow","max-snippet":"max-snippet:-1","max-image-preview":"max-image-preview:large","max-video-preview":"max-video-preview:-1"},"canonical":"https:\/\/www.sgb-fss.ch\/it\/ambiti\/lavoro\/","og_locale":"it_IT","og_type":"article","og_title":"Lavoro - SGB-FSS","og_description":"Successo grazie alla diversit\u00e0. Mediante formazioni, workshop e tools, forniamo assistenza ad aziende e [&hellip;]","og_url":"https:\/\/www.sgb-fss.ch\/it\/ambiti\/lavoro\/","og_site_name":"SGB-FSS","article_modified_time":"2025-03-10T14:42:54+00:00","og_image":[{"width":955,"height":542,"url":"https:\/\/www.sgb-fss.ch\/content\/uploads\/2023\/03\/arbeit.jpg","type":"image\/jpeg"}],"twitter_card":"summary_large_image","twitter_misc":{"Tempo di lettura stimato":"1 minuto"},"schema":{"@context":"https:\/\/schema.org","@graph":[{"@type":"WebPage","@id":"https:\/\/www.sgb-fss.ch\/it\/ambiti\/lavoro\/","url":"https:\/\/www.sgb-fss.ch\/it\/ambiti\/lavoro\/","name":"Lavoro - SGB-FSS","isPartOf":{"@id":"https:\/\/www.sgb-fss.ch\/de\/#website"},"primaryImageOfPage":{"@id":"https:\/\/www.sgb-fss.ch\/it\/ambiti\/lavoro\/#primaryimage"},"image":{"@id":"https:\/\/www.sgb-fss.ch\/it\/ambiti\/lavoro\/#primaryimage"},"thumbnailUrl":"https:\/\/www.sgb-fss.ch\/content\/uploads\/2023\/03\/arbeit.jpg","datePublished":"2022-10-21T08:19:48+00:00","dateModified":"2025-03-10T14:42:54+00:00","breadcrumb":{"@id":"https:\/\/www.sgb-fss.ch\/it\/ambiti\/lavoro\/#breadcrumb"},"inLanguage":"it-IT","potentialAction":[{"@type":"ReadAction","target":["https:\/\/www.sgb-fss.ch\/it\/ambiti\/lavoro\/"]}]},{"@type":"ImageObject","inLanguage":"it-IT","@id":"https:\/\/www.sgb-fss.ch\/it\/ambiti\/lavoro\/#primaryimage","url":"https:\/\/www.sgb-fss.ch\/content\/uploads\/2023\/03\/arbeit.jpg","contentUrl":"https:\/\/www.sgb-fss.ch\/content\/uploads\/2023\/03\/arbeit.jpg","width":955,"height":542},{"@type":"BreadcrumbList","@id":"https:\/\/www.sgb-fss.ch\/it\/ambiti\/lavoro\/#breadcrumb","itemListElement":[{"@type":"ListItem","position":1,"name":"Home","item":"https:\/\/www.sgb-fss.ch\/it\/"},{"@type":"ListItem","position":2,"name":"Ambiti","item":"https:\/\/www.sgb-fss.ch\/it\/ambiti\/"},{"@type":"ListItem","position":3,"name":"Lavoro"}]},{"@type":"WebSite","@id":"https:\/\/www.sgb-fss.ch\/de\/#website","url":"https:\/\/www.sgb-fss.ch\/de\/","name":"SGB-FSS","description":"","potentialAction":[{"@type":"SearchAction","target":{"@type":"EntryPoint","urlTemplate":"https:\/\/www.sgb-fss.ch\/de\/?s={search_term_string}"},"query-input":{"@type":"PropertyValueSpecification","valueRequired":true,"valueName":"search_term_string"}}],"inLanguage":"it-IT"}]}},"_links":{"self":[{"href":"https:\/\/www.sgb-fss.ch\/it\/wp-json\/wp\/v2\/pages\/11932","targetHints":{"allow":["GET"]}}],"collection":[{"href":"https:\/\/www.sgb-fss.ch\/it\/wp-json\/wp\/v2\/pages"}],"about":[{"href":"https:\/\/www.sgb-fss.ch\/it\/wp-json\/wp\/v2\/types\/page"}],"author":[{"embeddable":true,"href":"https:\/\/www.sgb-fss.ch\/it\/wp-json\/wp\/v2\/users\/20"}],"replies":[{"embeddable":true,"href":"https:\/\/www.sgb-fss.ch\/it\/wp-json\/wp\/v2\/comments?post=11932"}],"version-history":[{"count":32,"href":"https:\/\/www.sgb-fss.ch\/it\/wp-json\/wp\/v2\/pages\/11932\/revisions"}],"predecessor-version":[{"id":37504,"href":"https:\/\/www.sgb-fss.ch\/it\/wp-json\/wp\/v2\/pages\/11932\/revisions\/37504"}],"up":[{"embeddable":true,"href":"https:\/\/www.sgb-fss.ch\/it\/wp-json\/wp\/v2\/pages\/9131"}],"wp:featuredmedia":[{"embeddable":true,"href":"https:\/\/www.sgb-fss.ch\/it\/wp-json\/wp\/v2\/media\/12385"}],"wp:attachment":[{"href":"https:\/\/www.sgb-fss.ch\/it\/wp-json\/wp\/v2\/media?parent=11932"}],"curies":[{"name":"wp","href":"https:\/\/api.w.org\/{rel}","templated":true}]}}