{"id":11096,"date":"2023-04-25T14:11:17","date_gmt":"2023-04-25T12:11:17","guid":{"rendered":"https:\/\/www.sgb-fss.ch\/?page_id=11096"},"modified":"2024-09-16T15:16:18","modified_gmt":"2024-09-16T13:16:18","slug":"rete-lavoro","status":"publish","type":"page","link":"https:\/\/www.sgb-fss.ch\/it\/ambiti\/lavoro\/rete-lavoro\/","title":{"rendered":"Rete \u2039Lavoro\u203a"},"content":{"rendered":"\n<p class=\"is-style-lead\">Nella tua azienda sono impiegate persone sorde o deboli di udito e vorresti avere uno scambio di opinioni al riguardo con altre aziende? Sulla nostra carta della rete trovi una serie di aziende e istituzioni selezionate in tutta la Svizzera con le quali collaboriamo.<\/p>\n\n\n\n<p><strong>Scheda di rete<\/strong><br>Grazie ai nostri progetti incentrati sulla sordit\u00e0 in ambito professionale, intratteniamo una stretta collaborazione con un\u2019ampia rete, che favorisce lo scambio di esperienze e l\u2019apprendimento reciproco. La nostra carta della rete funge da piattaforma per aumentare la visibilit\u00e0 delle persone sorde e richiamare l\u2019attenzione sui numerosi settori nei quali lavorano.<\/p>\n\n\n\n<p class=\"has-schwarz-color has-text-color\"><\/p>\n\n\n<div class=\"wp-block-shortcode\">\n  \n<div id=\"mapsvg-3\" data-id=\"3\" class=\"mapsvg\" data-autoload=\"true\" data-load-db=\"true\" data-loading-text=\"Loading map...\" style=\"width: 100%; height: 0; padding-bottom: 64.08%\"><\/div>\n\n<\/div>\n\n\n\n<div class=\"wp-block-columns is-layout-flex wp-container-core-columns-is-layout-9d6595d7 wp-block-columns-is-layout-flex\">\n<div class=\"wp-block-column has-sgb-fss-blue-15-background-color has-background is-layout-flow wp-block-column-is-layout-flow\">\n<h3 class=\"wp-block-heading has-text-align-center\"><strong><strong><strong>La tua azienda sulla nostra carta della rete<\/strong><\/strong><\/strong><\/h3>\n\n\n\n<p class=\"has-text-align-center has-schwarz-color has-text-color\">Qualora volessi dare visibilit\u00e0 alla tua azienda sulla nostra carta della rete, saremo lieti di entrare in contatto con te.<\/p>\n\n\n\n<div class=\"wp-block-buttons is-content-justification-center is-layout-flex wp-container-core-buttons-is-layout-16018d1d wp-block-buttons-is-layout-flex\">\n<div class=\"wp-block-button is-style-fill\"><a class=\"wp-block-button__link has-sgb-fss-rot-background-color has-background wp-element-button\" href=\"mailto:arbeit@sgb-fss.ch\" style=\"border-radius:29px\" target=\"_blank\" rel=\"noreferrer noopener\">Contatto carta della rete<\/a><\/div>\n<\/div>\n<\/div>\n<\/div>\n\n\n\n<div class=\"wp-block-group has-sgb-fss-blue-30-background-color has-background is-layout-flow wp-block-group-is-layout-flow\">\n<h3 class=\"wp-block-heading\">Feedback di aziende<\/h3>\n\n\n\n<p class=\"is-style-lead\">Aziende che lavorano gi\u00e0 da molti anni con persone sorde e\/o deboli di udito hanno modo di conoscere le capacit\u00e0 e il potenziale di questi collaboratori come valore aggiunto e preziosa diversit\u00e0 sul posto di lavoro.<\/p>\n\n\n\n<div class=\"wp-block-columns is-layout-flex wp-container-core-columns-is-layout-9d6595d7 wp-block-columns-is-layout-flex\">\n<div class=\"wp-block-column is-layout-flow wp-block-column-is-layout-flow\" style=\"flex-basis:100%\">\n<div class=\"wp-block-group has-sgb-fss-blue-15-background-color has-background is-layout-constrained wp-block-group-is-layout-constrained\">\n<div class=\"wp-block-columns is-layout-flex wp-container-core-columns-is-layout-9d6595d7 wp-block-columns-is-layout-flex\">\n<div class=\"wp-block-column is-layout-flow wp-block-column-is-layout-flow\">\n<figure class=\"wp-block-image alignwide size-medium\"><img loading=\"lazy\" decoding=\"async\" width=\"300\" height=\"450\" src=\"https:\/\/www.sgb-fss.ch\/content\/uploads\/2023\/04\/0421_ann_kathrin_greutmann_2_hoch-300x450.jpg\" alt=\"\" class=\"wp-image-14267\" srcset=\"https:\/\/www.sgb-fss.ch\/content\/uploads\/2023\/04\/0421_ann_kathrin_greutmann_2_hoch-300x450.jpg 300w, https:\/\/www.sgb-fss.ch\/content\/uploads\/2023\/04\/0421_ann_kathrin_greutmann_2_hoch-1024x1536.jpg 1024w, https:\/\/www.sgb-fss.ch\/content\/uploads\/2023\/04\/0421_ann_kathrin_greutmann_2_hoch-150x225.jpg 150w, https:\/\/www.sgb-fss.ch\/content\/uploads\/2023\/04\/0421_ann_kathrin_greutmann_2_hoch-768x1152.jpg 768w, https:\/\/www.sgb-fss.ch\/content\/uploads\/2023\/04\/0421_ann_kathrin_greutmann_2_hoch-1365x2048.jpg 1365w, https:\/\/www.sgb-fss.ch\/content\/uploads\/2023\/04\/0421_ann_kathrin_greutmann_2_hoch-67x100.jpg 67w, https:\/\/www.sgb-fss.ch\/content\/uploads\/2023\/04\/0421_ann_kathrin_greutmann_2_hoch-600x900.jpg 600w, https:\/\/www.sgb-fss.ch\/content\/uploads\/2023\/04\/0421_ann_kathrin_greutmann_2_hoch-scaled.jpg 1707w\" sizes=\"auto, (max-width: 300px) 100vw, 300px\" \/><\/figure>\n<\/div>\n\n\n\n<div class=\"wp-block-column is-layout-flow wp-block-column-is-layout-flow\">\n<p>\u00abFar sentire la voce delle persone sorde: alla Banca Cantonale di Zurigo ci adoperiamo per questo. Da noi le persone sorde vengono incluse completamente nell&#8217;attivit\u00e0 lavorativa quotidiana. Sensibilizziamo i nostri collaboratori, ad esempio, con corsi di lingua dei segni, un modo per abbattere gli ostacoli e promuovere l\u2019interazione.\u00bb<\/p>\n\n\n\n<p><strong>Ann-Kathrin Greutmann<\/strong><br>Diversit\u00e0 e inclusione<br>Banca Cantonale di Zurigo<\/p>\n<\/div>\n<\/div>\n<\/div>\n<\/div>\n<\/div>\n\n\n\n<p class=\"has-sgb-fss-blue-30-color has-text-color\">&#8211;<\/p>\n\n\n\n<div class=\"wp-block-columns is-layout-flex wp-container-core-columns-is-layout-9d6595d7 wp-block-columns-is-layout-flex\">\n<div class=\"wp-block-column is-layout-flow wp-block-column-is-layout-flow\" style=\"flex-basis:100%\">\n<div class=\"wp-block-group has-sgb-fss-blue-15-background-color has-background is-layout-constrained wp-block-group-is-layout-constrained\">\n<div class=\"wp-block-columns is-layout-flex wp-container-core-columns-is-layout-9d6595d7 wp-block-columns-is-layout-flex\">\n<div class=\"wp-block-column is-layout-flow wp-block-column-is-layout-flow\">\n<figure class=\"wp-block-image alignwide size-full\"><img loading=\"lazy\" decoding=\"async\" width=\"214\" height=\"285\" src=\"https:\/\/www.sgb-fss.ch\/content\/uploads\/2023\/04\/mgb-edited.jpg\" alt=\"\" class=\"wp-image-12992\" srcset=\"https:\/\/www.sgb-fss.ch\/content\/uploads\/2023\/04\/mgb-edited.jpg 214w, https:\/\/www.sgb-fss.ch\/content\/uploads\/2023\/04\/mgb-edited-150x200.jpg 150w, https:\/\/www.sgb-fss.ch\/content\/uploads\/2023\/04\/mgb-edited-75x100.jpg 75w\" sizes=\"auto, (max-width: 214px) 100vw, 214px\" \/><\/figure>\n<\/div>\n\n\n\n<div class=\"wp-block-column is-layout-flow wp-block-column-is-layout-flow\">\n<p>\u00abIn qualit\u00e0 di datore di lavoro responsabile, la Federazione delle Cooperative Migros (MGB) apprezza la diversit\u00e0 dei propri dipendenti. I dipendenti con disabilit\u00e0 uditive contribuiscono a promuovere la comprensione e la considerazione reciproca. Inoltre, abbiamo imparato molto sull&#8217;udito lavorando con i nostri dipendenti audiolesi. Sentire bene non \u00e8 una cosa scontata.\u00bb<\/p>\n\n\n\n<p><strong>Marl\u00e8ne Honegger<\/strong><br>Responsabile delle risorse umane<br>Federazione delle cooperative Migros<\/p>\n<\/div>\n<\/div>\n<\/div>\n<\/div>\n<\/div>\n\n\n\n<p class=\"has-sgb-fss-blue-30-color has-text-color\">&#8211;<\/p>\n\n\n\n<div class=\"wp-block-columns is-layout-flex wp-container-core-columns-is-layout-9d6595d7 wp-block-columns-is-layout-flex\">\n<div class=\"wp-block-column is-layout-flow wp-block-column-is-layout-flow\" style=\"flex-basis:100%\">\n<div class=\"wp-block-group has-sgb-fss-blue-15-background-color has-background is-layout-constrained wp-block-group-is-layout-constrained\">\n<div class=\"wp-block-columns is-layout-flex wp-container-core-columns-is-layout-9d6595d7 wp-block-columns-is-layout-flex\">\n<div class=\"wp-block-column is-layout-flow wp-block-column-is-layout-flow\">\n<figure class=\"wp-block-image alignwide size-full\"><img loading=\"lazy\" decoding=\"async\" width=\"225\" height=\"327\" src=\"https:\/\/www.sgb-fss.ch\/content\/uploads\/2023\/03\/walo-1.jpg\" alt=\"\" class=\"wp-image-11462\" srcset=\"https:\/\/www.sgb-fss.ch\/content\/uploads\/2023\/03\/walo-1.jpg 225w, https:\/\/www.sgb-fss.ch\/content\/uploads\/2023\/03\/walo-1-150x218.jpg 150w, https:\/\/www.sgb-fss.ch\/content\/uploads\/2023\/03\/walo-1-69x100.jpg 69w\" sizes=\"auto, (max-width: 225px) 100vw, 225px\" \/><\/figure>\n<\/div>\n\n\n\n<div class=\"wp-block-column is-layout-flow wp-block-column-is-layout-flow\">\n<p>\u00abQuando abbiamo assunto per la prima volta un apprendista sordo, c&#8217;era un p\u00f2 di diffidenza. Ma questa \u00e8 rapidamente sparita. \u00c8 semplicemente importante trasmettere il lavoro con attenzione. Finora il Gruppo Walo ha formato tre dipendenti audiolesi\u00bb.<\/p>\n\n\n\n<p><strong>Markus Popp<\/strong><br>Responsabile dell&#8217;apprendistato<br>Gruppo WALO<\/p>\n<\/div>\n<\/div>\n<\/div>\n<\/div>\n<\/div>\n\n\n\n<p class=\"has-sgb-fss-blue-30-color has-text-color\">&#8211;<\/p>\n\n\n\n<div class=\"wp-block-columns is-layout-flex wp-container-core-columns-is-layout-9d6595d7 wp-block-columns-is-layout-flex\">\n<div class=\"wp-block-column is-layout-flow wp-block-column-is-layout-flow\" style=\"flex-basis:100%\">\n<div class=\"wp-block-group has-sgb-fss-blue-15-background-color has-background is-layout-constrained wp-block-group-is-layout-constrained\">\n<div class=\"wp-block-columns is-layout-flex wp-container-core-columns-is-layout-9d6595d7 wp-block-columns-is-layout-flex\">\n<div class=\"wp-block-column is-layout-flow wp-block-column-is-layout-flow\">\n<figure class=\"wp-block-image alignwide size-full\"><img loading=\"lazy\" decoding=\"async\" width=\"219\" height=\"325\" src=\"https:\/\/www.sgb-fss.ch\/content\/uploads\/2023\/03\/ikea-1.jpg\" alt=\"\" class=\"wp-image-11466\" srcset=\"https:\/\/www.sgb-fss.ch\/content\/uploads\/2023\/03\/ikea-1.jpg 219w, https:\/\/www.sgb-fss.ch\/content\/uploads\/2023\/03\/ikea-1-150x223.jpg 150w, https:\/\/www.sgb-fss.ch\/content\/uploads\/2023\/03\/ikea-1-67x100.jpg 67w\" sizes=\"auto, (max-width: 219px) 100vw, 219px\" \/><\/figure>\n<\/div>\n\n\n\n<div class=\"wp-block-column is-layout-flow wp-block-column-is-layout-flow\">\n<p>\u00abLa diversit\u00e0 \u00e8 estremamente importante per IKEA, sia internamente che esternamente. All&#8217;interno, i dipendenti audiolesi contribuiscono a creare un ambiente aperto e tollerante e all&#8217;esterno riflettono parte della nostra clientela diversificata. Quando i nostri clienti sordi si riconoscono in IKEA, ne beneficiamo tutti. E la parit\u00e0 di trattamento \u00e8 un diritto umano anche sul posto di lavoro!\u00bb<br><br><strong>Ina Rh\u00f6\u00f6s<\/strong><br>Diversit\u00e0 e inclusione<br>IKEA AG<\/p>\n<\/div>\n<\/div>\n<\/div>\n<\/div>\n<\/div>\n<\/div>\n\n\n\n<div class=\"wp-block-group is-layout-flow wp-block-group-is-layout-flow\"><div class=\"block block-teasercontacts block-teasercontacts--boxed\" id=\"block_449d4730b9b005010a723ec817a447bc\" data-block=\"Teaser Contacts\">\n    <div class=\"block-teasercontacts__header\"><p class=\"block-teasercontacts__title\">Domande sul lavoro? Non esiti a contattarmi.<\/p><\/div>    <div class=\"block-teasercontacts__list\">\n                                        <div class=\"block-teasercontacts__item\">\n                <div class=\"block-teasercontacts__link\">\n                    <div class=\"block-teasercontacts__media\">\n                        <div class=\"block-teasercontacts__thumbnail accent__darkred has-background-accent\">\n                                                              <div class=\"image block-teasercontacts__thumbnail-image\" >\n    <img decoding=\"async\"\n      loading=\"lazy\"\n      class=\"image__object lazyload\"\n      src=\"https:\/\/www.sgb-fss.ch\/content\/uploads\/2021\/06\/sabine-wolff-1440x0-c-default.jpg\"       data-sizes=\"auto\"\n      data-srcset=\"https:\/\/www.sgb-fss.ch\/content\/uploads\/2021\/06\/sabine-wolff-200x0-c-default.jpg 200w, https:\/\/www.sgb-fss.ch\/content\/uploads\/2021\/06\/sabine-wolff-100x0-c-default.jpg 100w, \"\n      alt=\"\"\n      width=\"567\"\n      height=\"567\"\n            >\n  <\/div>\n                                                    <\/div>\n                    <\/div>\n                    <div class=\"block-teasercontacts__text\">\n                        <p class=\"block-teasercontacts__name\"><strong><a href=\"https:\/\/www.sgb-fss.ch\/it\/team\/sabine-wolff\/\">Sabine Wolff<\/a><\/strong><\/p>\n                        <p class=\"block-teasercontacts__lead\">Prodotti e Marchi<\/p>                    <\/div>\n                    <div class=\"block-teasercontacts__contacts\">\n                                                    <p>\n                                                                <a class=\"wp-block-button is-style-transparent\" href=\"mailto:s.wolff@sgb-fss.ch\"><span class=\"wp-block-button__link\"><i class=\"icon icon--mail\"><svg data-name=\"Ebene 1\" xmlns=\"http:\/\/www.w3.org\/2000\/svg\" viewBox=\"0 0 24 24\"><path d=\"M20.76 2.31H3.24A3.12 3.12 0 0 0 .12 5.43v13.14a3.12 3.12 0 0 0 3.12 3.12h17.52a3.12 3.12 0 0 0 3.12-3.12V5.43a3.12 3.12 0 0 0-3.12-3.12zM2.09 5a1.27 1.27 0 0 1 1.15-.78h17.52a1.24 1.24 0 0 1 1.11.74l.05.09-.09.06L12 12l-.07-.05-9.87-6.9zM22 18.57a1.26 1.26 0 0 1-1.26 1.27H3.24A1.27 1.27 0 0 1 2 18.57V7.21l9.5 6.69a.89.89 0 0 0 1 0L22 7.25z\"\/><\/svg><\/i><span class=\"wp-block-button__label\">s.wolff@sgb-fss.ch<\/span><\/span><\/a>                                                            <\/p>\n                                            <\/div>\n                <\/div>\n            <\/div>\n                    <\/div>\n<\/div>\n<\/div>\n\n\n\n<h2 class=\"wp-block-heading\"><\/h2>\n\n\n\n<div class=\"wp-block-group has-schwarz-25-background-color has-background is-layout-constrained wp-block-group-is-layout-constrained\"><div class=\"block block-teaserpages\" id=\"block_ee0b232f7dfb6b230b82664db2476cf0\" data-block=\"Teaser Pages\">\n  <ul class=\"block-teaserpages__list\">\n            <li class=\"block-teaserpages__item\">\n        <a class=\"accent teaserpage\" href=\"https:\/\/www.sgb-fss.ch\/it\/downloads\/\">\n  <div class=\"teaserpage__thumbnail\">\n            <div class=\"image teaserpage__thumbnail-image\" >\n    <img decoding=\"async\"\n      loading=\"lazy\"\n      class=\"image__object lazyload\"\n      src=\"https:\/\/www.sgb-fss.ch\/content\/uploads\/2024\/01\/downloads-i-1440x0-c-default.jpg\"       data-sizes=\"auto\"\n      data-srcset=\"https:\/\/www.sgb-fss.ch\/content\/uploads\/2024\/01\/downloads-i-1000x0-c-default.jpg 1000w, https:\/\/www.sgb-fss.ch\/content\/uploads\/2024\/01\/downloads-i-700x0-c-default.jpg 700w, https:\/\/www.sgb-fss.ch\/content\/uploads\/2024\/01\/downloads-i-350x0-c-default.jpg 350w, \"\n      alt=\"\"\n      width=\"1890\"\n      height=\"1063\"\n            >\n  <\/div>\n      <\/div>\n  <h3 class=\"teaserpage__title\">Downloads<\/h3>\n  <p class=\"teaserpage__lead\">Qui troverete tutti i dati di questa pagina e di tutte le altre aree da scaricare.<\/p>  <\/a>\n      <\/li>\n    <\/ul>\n<\/div>\n<\/div>\n","protected":false},"excerpt":{"rendered":"<p>Nella tua azienda sono impiegate persone sorde o deboli di udito e vorresti avere [&hellip;]<\/p>\n","protected":false},"author":40,"featured_media":18564,"parent":11932,"menu_order":3,"comment_status":"closed","ping_status":"closed","template":"","meta":{"_acf_changed":false,"inline_featured_image":false,"footnotes":""},"class_list":["post-11096","page","type-page","status-publish","has-post-thumbnail","hentry"],"acf":[],"yoast_head":"<!-- This site is optimized with the Yoast SEO plugin v27.4 - https:\/\/yoast.com\/product\/yoast-seo-wordpress\/ -->\n<title>Rete \u2039Lavoro\u203a - SGB-FSS<\/title>\n<meta name=\"robots\" content=\"index, follow, max-snippet:-1, max-image-preview:large, max-video-preview:-1\" \/>\n<link rel=\"canonical\" href=\"https:\/\/www.sgb-fss.ch\/it\/ambiti\/lavoro\/rete-lavoro\/\" \/>\n<meta property=\"og:locale\" content=\"it_IT\" \/>\n<meta property=\"og:type\" content=\"article\" \/>\n<meta property=\"og:title\" content=\"Rete \u2039Lavoro\u203a - SGB-FSS\" \/>\n<meta property=\"og:description\" content=\"Nella tua azienda sono impiegate persone sorde o deboli di udito e vorresti avere [&hellip;]\" \/>\n<meta property=\"og:url\" content=\"https:\/\/www.sgb-fss.ch\/it\/ambiti\/lavoro\/rete-lavoro\/\" \/>\n<meta property=\"og:site_name\" content=\"SGB-FSS\" \/>\n<meta property=\"article:modified_time\" content=\"2024-09-16T13:16:18+00:00\" \/>\n<meta property=\"og:image\" content=\"https:\/\/www.sgb-fss.ch\/content\/uploads\/2023\/06\/map.jpg\" \/>\n\t<meta property=\"og:image:width\" content=\"757\" \/>\n\t<meta property=\"og:image:height\" content=\"470\" \/>\n\t<meta property=\"og:image:type\" content=\"image\/jpeg\" \/>\n<meta name=\"twitter:card\" content=\"summary_large_image\" \/>\n<meta name=\"twitter:label1\" content=\"Tempo di lettura stimato\" \/>\n\t<meta name=\"twitter:data1\" content=\"4 minuti\" \/>\n<script type=\"application\/ld+json\" class=\"yoast-schema-graph\">{\"@context\":\"https:\\\/\\\/schema.org\",\"@graph\":[{\"@type\":\"WebPage\",\"@id\":\"https:\\\/\\\/www.sgb-fss.ch\\\/it\\\/ambiti\\\/lavoro\\\/rete-lavoro\\\/\",\"url\":\"https:\\\/\\\/www.sgb-fss.ch\\\/it\\\/ambiti\\\/lavoro\\\/rete-lavoro\\\/\",\"name\":\"Rete \u2039Lavoro\u203a - SGB-FSS\",\"isPartOf\":{\"@id\":\"https:\\\/\\\/www.sgb-fss.ch\\\/de\\\/#website\"},\"primaryImageOfPage\":{\"@id\":\"https:\\\/\\\/www.sgb-fss.ch\\\/it\\\/ambiti\\\/lavoro\\\/rete-lavoro\\\/#primaryimage\"},\"image\":{\"@id\":\"https:\\\/\\\/www.sgb-fss.ch\\\/it\\\/ambiti\\\/lavoro\\\/rete-lavoro\\\/#primaryimage\"},\"thumbnailUrl\":\"https:\\\/\\\/www.sgb-fss.ch\\\/content\\\/uploads\\\/2023\\\/06\\\/map.jpg\",\"datePublished\":\"2023-04-25T12:11:17+00:00\",\"dateModified\":\"2024-09-16T13:16:18+00:00\",\"breadcrumb\":{\"@id\":\"https:\\\/\\\/www.sgb-fss.ch\\\/it\\\/ambiti\\\/lavoro\\\/rete-lavoro\\\/#breadcrumb\"},\"inLanguage\":\"it-IT\",\"potentialAction\":[{\"@type\":\"ReadAction\",\"target\":[\"https:\\\/\\\/www.sgb-fss.ch\\\/it\\\/ambiti\\\/lavoro\\\/rete-lavoro\\\/\"]}]},{\"@type\":\"ImageObject\",\"inLanguage\":\"it-IT\",\"@id\":\"https:\\\/\\\/www.sgb-fss.ch\\\/it\\\/ambiti\\\/lavoro\\\/rete-lavoro\\\/#primaryimage\",\"url\":\"https:\\\/\\\/www.sgb-fss.ch\\\/content\\\/uploads\\\/2023\\\/06\\\/map.jpg\",\"contentUrl\":\"https:\\\/\\\/www.sgb-fss.ch\\\/content\\\/uploads\\\/2023\\\/06\\\/map.jpg\",\"width\":757,\"height\":470},{\"@type\":\"BreadcrumbList\",\"@id\":\"https:\\\/\\\/www.sgb-fss.ch\\\/it\\\/ambiti\\\/lavoro\\\/rete-lavoro\\\/#breadcrumb\",\"itemListElement\":[{\"@type\":\"ListItem\",\"position\":1,\"name\":\"Home\",\"item\":\"https:\\\/\\\/www.sgb-fss.ch\\\/it\\\/\"},{\"@type\":\"ListItem\",\"position\":2,\"name\":\"Ambiti\",\"item\":\"https:\\\/\\\/www.sgb-fss.ch\\\/it\\\/ambiti\\\/\"},{\"@type\":\"ListItem\",\"position\":3,\"name\":\"Lavoro\",\"item\":\"https:\\\/\\\/www.sgb-fss.ch\\\/it\\\/ambiti\\\/lavoro\\\/\"},{\"@type\":\"ListItem\",\"position\":4,\"name\":\"Rete \u2039Lavoro\u203a\"}]},{\"@type\":\"WebSite\",\"@id\":\"https:\\\/\\\/www.sgb-fss.ch\\\/de\\\/#website\",\"url\":\"https:\\\/\\\/www.sgb-fss.ch\\\/de\\\/\",\"name\":\"SGB-FSS\",\"description\":\"\",\"potentialAction\":[{\"@type\":\"SearchAction\",\"target\":{\"@type\":\"EntryPoint\",\"urlTemplate\":\"https:\\\/\\\/www.sgb-fss.ch\\\/de\\\/?s={search_term_string}\"},\"query-input\":{\"@type\":\"PropertyValueSpecification\",\"valueRequired\":true,\"valueName\":\"search_term_string\"}}],\"inLanguage\":\"it-IT\"}]}<\/script>\n<!-- \/ Yoast SEO plugin. -->","yoast_head_json":{"title":"Rete \u2039Lavoro\u203a - SGB-FSS","robots":{"index":"index","follow":"follow","max-snippet":"max-snippet:-1","max-image-preview":"max-image-preview:large","max-video-preview":"max-video-preview:-1"},"canonical":"https:\/\/www.sgb-fss.ch\/it\/ambiti\/lavoro\/rete-lavoro\/","og_locale":"it_IT","og_type":"article","og_title":"Rete \u2039Lavoro\u203a - SGB-FSS","og_description":"Nella tua azienda sono impiegate persone sorde o deboli di udito e vorresti avere [&hellip;]","og_url":"https:\/\/www.sgb-fss.ch\/it\/ambiti\/lavoro\/rete-lavoro\/","og_site_name":"SGB-FSS","article_modified_time":"2024-09-16T13:16:18+00:00","og_image":[{"width":757,"height":470,"url":"https:\/\/www.sgb-fss.ch\/content\/uploads\/2023\/06\/map.jpg","type":"image\/jpeg"}],"twitter_card":"summary_large_image","twitter_misc":{"Tempo di lettura stimato":"4 minuti"},"schema":{"@context":"https:\/\/schema.org","@graph":[{"@type":"WebPage","@id":"https:\/\/www.sgb-fss.ch\/it\/ambiti\/lavoro\/rete-lavoro\/","url":"https:\/\/www.sgb-fss.ch\/it\/ambiti\/lavoro\/rete-lavoro\/","name":"Rete \u2039Lavoro\u203a - SGB-FSS","isPartOf":{"@id":"https:\/\/www.sgb-fss.ch\/de\/#website"},"primaryImageOfPage":{"@id":"https:\/\/www.sgb-fss.ch\/it\/ambiti\/lavoro\/rete-lavoro\/#primaryimage"},"image":{"@id":"https:\/\/www.sgb-fss.ch\/it\/ambiti\/lavoro\/rete-lavoro\/#primaryimage"},"thumbnailUrl":"https:\/\/www.sgb-fss.ch\/content\/uploads\/2023\/06\/map.jpg","datePublished":"2023-04-25T12:11:17+00:00","dateModified":"2024-09-16T13:16:18+00:00","breadcrumb":{"@id":"https:\/\/www.sgb-fss.ch\/it\/ambiti\/lavoro\/rete-lavoro\/#breadcrumb"},"inLanguage":"it-IT","potentialAction":[{"@type":"ReadAction","target":["https:\/\/www.sgb-fss.ch\/it\/ambiti\/lavoro\/rete-lavoro\/"]}]},{"@type":"ImageObject","inLanguage":"it-IT","@id":"https:\/\/www.sgb-fss.ch\/it\/ambiti\/lavoro\/rete-lavoro\/#primaryimage","url":"https:\/\/www.sgb-fss.ch\/content\/uploads\/2023\/06\/map.jpg","contentUrl":"https:\/\/www.sgb-fss.ch\/content\/uploads\/2023\/06\/map.jpg","width":757,"height":470},{"@type":"BreadcrumbList","@id":"https:\/\/www.sgb-fss.ch\/it\/ambiti\/lavoro\/rete-lavoro\/#breadcrumb","itemListElement":[{"@type":"ListItem","position":1,"name":"Home","item":"https:\/\/www.sgb-fss.ch\/it\/"},{"@type":"ListItem","position":2,"name":"Ambiti","item":"https:\/\/www.sgb-fss.ch\/it\/ambiti\/"},{"@type":"ListItem","position":3,"name":"Lavoro","item":"https:\/\/www.sgb-fss.ch\/it\/ambiti\/lavoro\/"},{"@type":"ListItem","position":4,"name":"Rete \u2039Lavoro\u203a"}]},{"@type":"WebSite","@id":"https:\/\/www.sgb-fss.ch\/de\/#website","url":"https:\/\/www.sgb-fss.ch\/de\/","name":"SGB-FSS","description":"","potentialAction":[{"@type":"SearchAction","target":{"@type":"EntryPoint","urlTemplate":"https:\/\/www.sgb-fss.ch\/de\/?s={search_term_string}"},"query-input":{"@type":"PropertyValueSpecification","valueRequired":true,"valueName":"search_term_string"}}],"inLanguage":"it-IT"}]}},"_links":{"self":[{"href":"https:\/\/www.sgb-fss.ch\/it\/wp-json\/wp\/v2\/pages\/11096","targetHints":{"allow":["GET"]}}],"collection":[{"href":"https:\/\/www.sgb-fss.ch\/it\/wp-json\/wp\/v2\/pages"}],"about":[{"href":"https:\/\/www.sgb-fss.ch\/it\/wp-json\/wp\/v2\/types\/page"}],"author":[{"embeddable":true,"href":"https:\/\/www.sgb-fss.ch\/it\/wp-json\/wp\/v2\/users\/40"}],"replies":[{"embeddable":true,"href":"https:\/\/www.sgb-fss.ch\/it\/wp-json\/wp\/v2\/comments?post=11096"}],"version-history":[{"count":30,"href":"https:\/\/www.sgb-fss.ch\/it\/wp-json\/wp\/v2\/pages\/11096\/revisions"}],"predecessor-version":[{"id":35420,"href":"https:\/\/www.sgb-fss.ch\/it\/wp-json\/wp\/v2\/pages\/11096\/revisions\/35420"}],"up":[{"embeddable":true,"href":"https:\/\/www.sgb-fss.ch\/it\/wp-json\/wp\/v2\/pages\/11932"}],"wp:featuredmedia":[{"embeddable":true,"href":"https:\/\/www.sgb-fss.ch\/it\/wp-json\/wp\/v2\/media\/18564"}],"wp:attachment":[{"href":"https:\/\/www.sgb-fss.ch\/it\/wp-json\/wp\/v2\/media?parent=11096"}],"curies":[{"name":"wp","href":"https:\/\/api.w.org\/{rel}","templated":true}]}}