{"id":11048,"date":"2023-04-25T14:06:57","date_gmt":"2023-04-25T12:06:57","guid":{"rendered":"https:\/\/www.sgb-fss.ch\/?page_id=11048"},"modified":"2024-12-03T13:27:53","modified_gmt":"2024-12-03T12:27:53","slug":"informazioni-sulla-ai","status":"publish","type":"page","link":"https:\/\/www.sgb-fss.ch\/it\/ambiti\/lavoro\/informazioni-sulla-ai\/","title":{"rendered":"Informazioni sull\u2019AI"},"content":{"rendered":"\n<p class=\"is-style-lead\">I dipendenti sordi o deboli di udito possono richiedere all&#8217;Assicurazione Invalidi vari ausili, come ad esempio gli interpreti della lingua dei segni, tramite un&#8217;ordinanza sul posto di lavoro. Ulteriori informazioni al riguardo sono riportate qui.<\/p>\n\n\n\n<p><strong>Partecipazione non discriminatoria<br><\/strong>Le persone sorde e deboli di udito hanno il diritto di accedere alle informazioni e di partecipare alla vita sociale senza discriminazioni. L&#8217;assicurazione per l&#8217;invalidit\u00e0 (AI) contribuisce a consentire l&#8217;inclusione delle persone sorde e concede misure come l&#8217;assunzione dei costi di interpretariato per il lavoro nell&#8217;ambito della cosiddetta ordinanza sul posto di lavoro.<\/p>\n\n\n\n<div class=\"wp-block-group has-schwarz-color has-weiss-background-color has-text-color has-background is-layout-flow wp-block-group-is-layout-flow\">\n<h2 class=\"wp-block-heading\"><strong><strong>Richiesta di ingiunzione sul posto di lavoro<\/strong><\/strong><\/h2>\n\n\n\n<p>\u00c8 importante richiedere un&#8217;ordinanza sul posto di lavoro in modo che i costi degli ausili per una persona sorda o debole di udito sul posto di lavoro siano coperti dall&#8217;AI.<\/p>\n\n\n\n<p class=\"has-terrakotta-color has-text-color\">La persona sorda o debole di udito pu\u00f2, in conformit\u00e0 con l&#8217;<strong>art. 21 comma 2 IVG i.V.m. Art. 9 HVI<\/strong>, presentare una richiesta di disposizione sul posto di lavoro all&#8217;assicurazione invalidit\u00e0 competente (IV). Alla domanda deve essere allegata una conferma del datore di lavoro.<\/p>\n<\/div>\n\n\n\n<p><\/p>\n\n\n\n<div class=\"wp-block-group is-style-default is-layout-flow wp-block-group-is-layout-flow\">\n<div class=\"wp-block-group has-weiss-background-color has-background is-layout-flow wp-block-group-is-layout-flow\">\n<h2 class=\"wp-block-heading\"><strong><strong>Durata dell&#8217;applicazione<\/strong><\/strong><\/h2>\n\n\n\n<p>L&#8217;AI impiega fino a due mesi per elaborare le richieste di decisione sul posto di lavoro. \u00c8 quindi importante presentare la domanda subito dopo aver stipulato un contratto di lavoro con una persona audiolesa.<\/p>\n\n\n\n<p><strong>Nota<\/strong>: un&#8217;ingiunzione sul posto di lavoro \u00e8 solitamente valida per un massimo di cinque anni e deve essere rinnovata successivamente.<\/p>\n<\/div>\n<\/div>\n\n\n\n<p><\/p>\n\n\n\n<div class=\"wp-block-group has-weiss-background-color has-background is-layout-constrained wp-block-group-is-layout-constrained\">\n<h2 class=\"wp-block-heading\"><strong>Finanziamento degli interpreti di lingua dei segni sul posto di lavoro<\/strong><\/h2>\n\n\n\n<p>Gli interpreti di lingua dei segni sono considerati ausili ai sensi della Legge sull&#8217;assicurazione per l&#8217;invalidit\u00e0 (LAI).<\/p>\n\n\n\n<p class=\"has-terrakotta-color has-text-color\"><strong>L&#8217;articolo 9 dell&#8217;Ordinanza sulla consegna di mezzi ausiliari (OMAI) stabilisce quanto segue:<\/strong> Con un cosiddetto provvedimento per il posto di lavoro, l&#8217;AI copre i costi degli interpreti in lingua dei segni sul posto di lavoro della persona sorda fino a un massimo di 20&#8217;050 franchi all&#8217;anno. Questo importo corrisponde a circa 10 ore di interpretariato al mese. Le ore possono essere utilizzate in modo flessibile durante l&#8217;anno e scadono solo alla fine dell&#8217;anno. Se sono necessarie pi\u00f9 ore, i costi aggiuntivi devono essere sostenuti dalla persona sorda o dal datore di lavoro. Procom ha sviluppato un pratico strumento online (<a href=\"https:\/\/procom.ch\/it\/news-webcockpit\/\" target=\"_blank\" rel=\"noreferrer noopener\">Webcockpit<\/a>), che consente alle persone sorde di avere in ogni momento una panoramica delle ore rimanenti.<\/p>\n<\/div>\n\n\n\n<p><\/p>\n\n\n\n<div class=\"wp-block-group is-layout-flow wp-block-group-is-layout-flow\">\n<div class=\"wp-block-group has-weiss-background-color has-background is-layout-constrained wp-block-group-is-layout-constrained\">\n<h2 class=\"wp-block-heading\"><strong>App e ausili online<\/strong><\/h2>\n\n\n\n<p>Le persone sorde sono aperte agli ausili e sono liete di ricevere la loro attenzione, all&#8217;interno dell&#8217;azienda, sugli ausili online come l&#8217;app Live Transcribe (disponibile su AppStore e Google Play Store) o il lessico della lingua dei segni online.<\/p>\n\n\n\n<p><strong><a href=\"https:\/\/www.android.com\/accessibility\/live-transcribe\/\" target=\"_blank\" rel=\"noreferrer noopener\">L&#8217;applicazione Live Transcribe<\/a><\/strong> traduce la lingua parlata direttamente in forma scritta.<br><strong><a href=\"https:\/\/signsuisse.sgb-fss.ch\/\">Il lessico della lingua dei segni <\/a><\/strong>online contiene una moltitudine di parole di uso quotidiano tradotte in lingua dei segni.<\/p>\n<\/div>\n<\/div>\n\n\n\n<p><\/p>\n\n\n\n<div class=\"wp-block-group is-layout-flow wp-block-group-is-layout-flow\">\n<div class=\"wp-block-group has-weiss-background-color has-background is-layout-constrained wp-block-group-is-layout-constrained\">\n<h2 class=\"wp-block-heading\"><strong>Mezzi tecnici per la postazione di lavoro<\/strong><\/h2>\n\n\n\n<p>Affinch\u00e9 i dipendenti sordi possano sentire anche ci\u00f2 che accade intorno alla loro postazione di lavoro, \u00e8 consigliabile avere un posto a sedere con vista sulla porta d&#8217;ingresso.<\/p>\n\n\n\n<p>Con una decisione sul posto di lavoro, anche i costi degli ausili tecnici sul posto di lavoro sono coperti dall&#8217;AI.<\/p>\n\n\n\n<p>Ad esempio, sono utili i sistemi a luce lampeggiante o a vibrazione per il telefono o il campanello. <strong><a href=\"https:\/\/www.ghe.ch\/de\/default.aspx\" target=\"_blank\" rel=\"noreferrer noopener\">GHE-CES Electronic AG<\/a><\/strong> sviluppa e produce tali ausili tecnici.<\/p>\n\n\n\n<p><strong><a href=\"https:\/\/www.gleichcom.ch\/\" target=\"_blank\" rel=\"noreferrer noopener\">Geichcom &#8211; sentire meglio, vedere meglio, vivere meglio<\/a><\/strong> offre collegamenti tra apparecchi acustici tecnici e sistemi uditivi.<\/p>\n<\/div>\n<\/div>\n\n\n\n<div class=\"wp-block-columns is-layout-flex wp-container-core-columns-is-layout-9d6595d7 wp-block-columns-is-layout-flex\">\n<div class=\"wp-block-column is-layout-flow wp-block-column-is-layout-flow\"><div class=\"block block-teaserpages\" id=\"block_be6527b9d33947a45443cd6a0d04df38\" data-block=\"Teaser Pages\">\n  <ul class=\"block-teaserpages__list\">\n            <li class=\"block-teaserpages__item\">\n        <a class=\"accent teaserpage\" href=\"https:\/\/www.sgb-fss.ch\/it\/ambiti\/lavoro\/interpreti-quando-dove-come\/\">\n  <div class=\"teaserpage__thumbnail\">\n            <div class=\"image teaserpage__thumbnail-image\" >\n    <img decoding=\"async\"\n      loading=\"lazy\"\n      class=\"image__object lazyload\"\n      src=\"https:\/\/www.sgb-fss.ch\/content\/uploads\/2023\/05\/arbeit_dolemtscher-scaled-e1684151969823-1440x0-c-default.jpg\"       data-sizes=\"auto\"\n      data-srcset=\"https:\/\/www.sgb-fss.ch\/content\/uploads\/2023\/05\/arbeit_dolemtscher-scaled-e1684151969823-1000x0-c-default.jpg 1000w, https:\/\/www.sgb-fss.ch\/content\/uploads\/2023\/05\/arbeit_dolemtscher-scaled-e1684151969823-700x0-c-default.jpg 700w, https:\/\/www.sgb-fss.ch\/content\/uploads\/2023\/05\/arbeit_dolemtscher-scaled-e1684151969823-350x0-c-default.jpg 350w, \"\n      alt=\"\"\n      width=\"2560\"\n      height=\"1707\"\n            >\n  <\/div>\n      <\/div>\n  <h3 class=\"teaserpage__title\">Interpreti: Quando? Dove? Come?<\/h3>\n  <p class=\"teaserpage__lead\">Affinch\u00e9 lo scambio con una persona sorda avvenga senza barriere in caso di appuntamenti e occasioni importanti, \u00e8 fondamentale il ruolo degli interpreti.<\/p>  <\/a>\n      <\/li>\n    <\/ul>\n<\/div>\n<\/div>\n<\/div>\n\n\n\n<div class=\"wp-block-group is-layout-flow wp-block-group-is-layout-flow\"><div class=\"block block-teasercontacts block-teasercontacts--boxed\" id=\"block_27533b90188026a13a97ee0fa01c4e96\" data-block=\"Teaser Contacts\">\n    <div class=\"block-teasercontacts__header\"><p class=\"block-teasercontacts__title\">Domande sugli interpreti della lingua dei segni? Non esiti a contattarmi.<\/p><\/div>    <div class=\"block-teasercontacts__list\">\n                                        <div class=\"block-teasercontacts__item\">\n                <div class=\"block-teasercontacts__link\">\n                    <div class=\"block-teasercontacts__media\">\n                        <div class=\"block-teasercontacts__thumbnail accent__darkred has-background-accent\">\n                                                              <div class=\"image block-teasercontacts__thumbnail-image\" >\n    <img decoding=\"async\"\n      loading=\"lazy\"\n      class=\"image__object lazyload\"\n      src=\"https:\/\/www.sgb-fss.ch\/content\/uploads\/2021\/06\/sabine-wolff-1440x0-c-default.jpg\"       data-sizes=\"auto\"\n      data-srcset=\"https:\/\/www.sgb-fss.ch\/content\/uploads\/2021\/06\/sabine-wolff-200x0-c-default.jpg 200w, https:\/\/www.sgb-fss.ch\/content\/uploads\/2021\/06\/sabine-wolff-100x0-c-default.jpg 100w, \"\n      alt=\"\"\n      width=\"567\"\n      height=\"567\"\n            >\n  <\/div>\n                                                    <\/div>\n                    <\/div>\n                    <div class=\"block-teasercontacts__text\">\n                        <p class=\"block-teasercontacts__name\"><strong><a href=\"https:\/\/www.sgb-fss.ch\/it\/team\/sabine-wolff\/\">Sabine Wolff<\/a><\/strong><\/p>\n                        <p class=\"block-teasercontacts__lead\">Prodotti e Marchi<\/p>                    <\/div>\n                    <div class=\"block-teasercontacts__contacts\">\n                                                    <p>\n                                                                <a class=\"wp-block-button is-style-transparent\" href=\"mailto:s.wolff@sgb-fss.ch\"><span class=\"wp-block-button__link\"><i class=\"icon icon--mail\"><svg data-name=\"Ebene 1\" xmlns=\"http:\/\/www.w3.org\/2000\/svg\" viewBox=\"0 0 24 24\"><path d=\"M20.76 2.31H3.24A3.12 3.12 0 0 0 .12 5.43v13.14a3.12 3.12 0 0 0 3.12 3.12h17.52a3.12 3.12 0 0 0 3.12-3.12V5.43a3.12 3.12 0 0 0-3.12-3.12zM2.09 5a1.27 1.27 0 0 1 1.15-.78h17.52a1.24 1.24 0 0 1 1.11.74l.05.09-.09.06L12 12l-.07-.05-9.87-6.9zM22 18.57a1.26 1.26 0 0 1-1.26 1.27H3.24A1.27 1.27 0 0 1 2 18.57V7.21l9.5 6.69a.89.89 0 0 0 1 0L22 7.25z\"\/><\/svg><\/i><span class=\"wp-block-button__label\">s.wolff@sgb-fss.ch<\/span><\/span><\/a>                                                            <\/p>\n                                            <\/div>\n                <\/div>\n            <\/div>\n                    <\/div>\n<\/div>\n<\/div>\n\n\n\n<h2 class=\"wp-block-heading\"><\/h2>\n\n\n\n<div class=\"wp-block-group has-schwarz-25-background-color has-background is-layout-constrained wp-block-group-is-layout-constrained\"><div class=\"block block-teaserpages\" id=\"block_bd81ae4c538c5ff0dbfeb979aed15630\" data-block=\"Teaser Pages\">\n  <ul class=\"block-teaserpages__list\">\n            <li class=\"block-teaserpages__item\">\n        <a class=\"accent teaserpage\" href=\"https:\/\/www.sgb-fss.ch\/it\/downloads\/\">\n  <div class=\"teaserpage__thumbnail\">\n            <div class=\"image teaserpage__thumbnail-image\" >\n    <img decoding=\"async\"\n      loading=\"lazy\"\n      class=\"image__object lazyload\"\n      src=\"https:\/\/www.sgb-fss.ch\/content\/uploads\/2024\/01\/downloads-i-1440x0-c-default.jpg\"       data-sizes=\"auto\"\n      data-srcset=\"https:\/\/www.sgb-fss.ch\/content\/uploads\/2024\/01\/downloads-i-1000x0-c-default.jpg 1000w, https:\/\/www.sgb-fss.ch\/content\/uploads\/2024\/01\/downloads-i-700x0-c-default.jpg 700w, https:\/\/www.sgb-fss.ch\/content\/uploads\/2024\/01\/downloads-i-350x0-c-default.jpg 350w, \"\n      alt=\"\"\n      width=\"1890\"\n      height=\"1063\"\n            >\n  <\/div>\n      <\/div>\n  <h3 class=\"teaserpage__title\">Downloads<\/h3>\n  <p class=\"teaserpage__lead\">Qui troverete tutti i dati di questa pagina e di tutte le altre aree da scaricare.<\/p>  <\/a>\n      <\/li>\n    <\/ul>\n<\/div>\n<\/div>\n","protected":false},"excerpt":{"rendered":"<p>I dipendenti sordi o deboli di udito possono richiedere all&#8217;Assicurazione Invalidi vari ausili, come [&hellip;]<\/p>\n","protected":false},"author":40,"featured_media":16839,"parent":11932,"menu_order":3,"comment_status":"closed","ping_status":"closed","template":"","meta":{"_acf_changed":false,"inline_featured_image":false,"footnotes":""},"class_list":["post-11048","page","type-page","status-publish","has-post-thumbnail","hentry"],"acf":[],"yoast_head":"<!-- This site is optimized with the Yoast SEO plugin v27.4 - https:\/\/yoast.com\/product\/yoast-seo-wordpress\/ -->\n<title>Informazioni sull\u2019AI - SGB-FSS<\/title>\n<meta name=\"description\" content=\"Ausili per lavoratori sordi e deboli d\u2019udito: informazioni su AI e richieste come interpreti di lingua dei segni.\" \/>\n<meta name=\"robots\" content=\"index, follow, max-snippet:-1, max-image-preview:large, max-video-preview:-1\" \/>\n<link rel=\"canonical\" href=\"https:\/\/www.sgb-fss.ch\/it\/ambiti\/lavoro\/informazioni-sulla-ai\/\" \/>\n<meta property=\"og:locale\" content=\"it_IT\" \/>\n<meta property=\"og:type\" content=\"article\" \/>\n<meta property=\"og:title\" content=\"Informazioni sull\u2019AI - SGB-FSS\" \/>\n<meta property=\"og:description\" content=\"Ausili per lavoratori sordi e deboli d\u2019udito: informazioni su AI e richieste come interpreti di lingua dei segni.\" \/>\n<meta property=\"og:url\" content=\"https:\/\/www.sgb-fss.ch\/it\/ambiti\/lavoro\/informazioni-sulla-ai\/\" \/>\n<meta property=\"og:site_name\" content=\"SGB-FSS\" \/>\n<meta property=\"article:modified_time\" content=\"2024-12-03T12:27:53+00:00\" \/>\n<meta property=\"og:image\" content=\"https:\/\/www.sgb-fss.ch\/content\/uploads\/2023\/05\/arbeit_informatik-scaled-e1684151597307.jpg\" \/>\n\t<meta property=\"og:image:width\" content=\"2560\" \/>\n\t<meta property=\"og:image:height\" content=\"1707\" \/>\n\t<meta property=\"og:image:type\" content=\"image\/jpeg\" \/>\n<meta name=\"twitter:card\" content=\"summary_large_image\" \/>\n<meta name=\"twitter:label1\" content=\"Tempo di lettura stimato\" \/>\n\t<meta name=\"twitter:data1\" content=\"4 minuti\" \/>\n<script type=\"application\/ld+json\" class=\"yoast-schema-graph\">{\"@context\":\"https:\\\/\\\/schema.org\",\"@graph\":[{\"@type\":\"WebPage\",\"@id\":\"https:\\\/\\\/www.sgb-fss.ch\\\/it\\\/ambiti\\\/lavoro\\\/informazioni-sulla-ai\\\/\",\"url\":\"https:\\\/\\\/www.sgb-fss.ch\\\/it\\\/ambiti\\\/lavoro\\\/informazioni-sulla-ai\\\/\",\"name\":\"Informazioni sull\u2019AI - SGB-FSS\",\"isPartOf\":{\"@id\":\"https:\\\/\\\/www.sgb-fss.ch\\\/de\\\/#website\"},\"primaryImageOfPage\":{\"@id\":\"https:\\\/\\\/www.sgb-fss.ch\\\/it\\\/ambiti\\\/lavoro\\\/informazioni-sulla-ai\\\/#primaryimage\"},\"image\":{\"@id\":\"https:\\\/\\\/www.sgb-fss.ch\\\/it\\\/ambiti\\\/lavoro\\\/informazioni-sulla-ai\\\/#primaryimage\"},\"thumbnailUrl\":\"https:\\\/\\\/www.sgb-fss.ch\\\/content\\\/uploads\\\/2023\\\/05\\\/arbeit_informatik-scaled-e1684151597307.jpg\",\"datePublished\":\"2023-04-25T12:06:57+00:00\",\"dateModified\":\"2024-12-03T12:27:53+00:00\",\"description\":\"Ausili per lavoratori sordi e deboli d\u2019udito: informazioni su AI e richieste come interpreti di lingua dei segni.\",\"breadcrumb\":{\"@id\":\"https:\\\/\\\/www.sgb-fss.ch\\\/it\\\/ambiti\\\/lavoro\\\/informazioni-sulla-ai\\\/#breadcrumb\"},\"inLanguage\":\"it-IT\",\"potentialAction\":[{\"@type\":\"ReadAction\",\"target\":[\"https:\\\/\\\/www.sgb-fss.ch\\\/it\\\/ambiti\\\/lavoro\\\/informazioni-sulla-ai\\\/\"]}]},{\"@type\":\"ImageObject\",\"inLanguage\":\"it-IT\",\"@id\":\"https:\\\/\\\/www.sgb-fss.ch\\\/it\\\/ambiti\\\/lavoro\\\/informazioni-sulla-ai\\\/#primaryimage\",\"url\":\"https:\\\/\\\/www.sgb-fss.ch\\\/content\\\/uploads\\\/2023\\\/05\\\/arbeit_informatik-scaled-e1684151597307.jpg\",\"contentUrl\":\"https:\\\/\\\/www.sgb-fss.ch\\\/content\\\/uploads\\\/2023\\\/05\\\/arbeit_informatik-scaled-e1684151597307.jpg\",\"width\":2560,\"height\":1707},{\"@type\":\"BreadcrumbList\",\"@id\":\"https:\\\/\\\/www.sgb-fss.ch\\\/it\\\/ambiti\\\/lavoro\\\/informazioni-sulla-ai\\\/#breadcrumb\",\"itemListElement\":[{\"@type\":\"ListItem\",\"position\":1,\"name\":\"Home\",\"item\":\"https:\\\/\\\/www.sgb-fss.ch\\\/it\\\/\"},{\"@type\":\"ListItem\",\"position\":2,\"name\":\"Ambiti\",\"item\":\"https:\\\/\\\/www.sgb-fss.ch\\\/it\\\/ambiti\\\/\"},{\"@type\":\"ListItem\",\"position\":3,\"name\":\"Lavoro\",\"item\":\"https:\\\/\\\/www.sgb-fss.ch\\\/it\\\/ambiti\\\/lavoro\\\/\"},{\"@type\":\"ListItem\",\"position\":4,\"name\":\"Informazioni sull\u2019AI\"}]},{\"@type\":\"WebSite\",\"@id\":\"https:\\\/\\\/www.sgb-fss.ch\\\/de\\\/#website\",\"url\":\"https:\\\/\\\/www.sgb-fss.ch\\\/de\\\/\",\"name\":\"SGB-FSS\",\"description\":\"\",\"potentialAction\":[{\"@type\":\"SearchAction\",\"target\":{\"@type\":\"EntryPoint\",\"urlTemplate\":\"https:\\\/\\\/www.sgb-fss.ch\\\/de\\\/?s={search_term_string}\"},\"query-input\":{\"@type\":\"PropertyValueSpecification\",\"valueRequired\":true,\"valueName\":\"search_term_string\"}}],\"inLanguage\":\"it-IT\"}]}<\/script>\n<!-- \/ Yoast SEO plugin. -->","yoast_head_json":{"title":"Informazioni sull\u2019AI - SGB-FSS","description":"Ausili per lavoratori sordi e deboli d\u2019udito: informazioni su AI e richieste come interpreti di lingua dei segni.","robots":{"index":"index","follow":"follow","max-snippet":"max-snippet:-1","max-image-preview":"max-image-preview:large","max-video-preview":"max-video-preview:-1"},"canonical":"https:\/\/www.sgb-fss.ch\/it\/ambiti\/lavoro\/informazioni-sulla-ai\/","og_locale":"it_IT","og_type":"article","og_title":"Informazioni sull\u2019AI - SGB-FSS","og_description":"Ausili per lavoratori sordi e deboli d\u2019udito: informazioni su AI e richieste come interpreti di lingua dei segni.","og_url":"https:\/\/www.sgb-fss.ch\/it\/ambiti\/lavoro\/informazioni-sulla-ai\/","og_site_name":"SGB-FSS","article_modified_time":"2024-12-03T12:27:53+00:00","og_image":[{"width":2560,"height":1707,"url":"https:\/\/www.sgb-fss.ch\/content\/uploads\/2023\/05\/arbeit_informatik-scaled-e1684151597307.jpg","type":"image\/jpeg"}],"twitter_card":"summary_large_image","twitter_misc":{"Tempo di lettura stimato":"4 minuti"},"schema":{"@context":"https:\/\/schema.org","@graph":[{"@type":"WebPage","@id":"https:\/\/www.sgb-fss.ch\/it\/ambiti\/lavoro\/informazioni-sulla-ai\/","url":"https:\/\/www.sgb-fss.ch\/it\/ambiti\/lavoro\/informazioni-sulla-ai\/","name":"Informazioni sull\u2019AI - SGB-FSS","isPartOf":{"@id":"https:\/\/www.sgb-fss.ch\/de\/#website"},"primaryImageOfPage":{"@id":"https:\/\/www.sgb-fss.ch\/it\/ambiti\/lavoro\/informazioni-sulla-ai\/#primaryimage"},"image":{"@id":"https:\/\/www.sgb-fss.ch\/it\/ambiti\/lavoro\/informazioni-sulla-ai\/#primaryimage"},"thumbnailUrl":"https:\/\/www.sgb-fss.ch\/content\/uploads\/2023\/05\/arbeit_informatik-scaled-e1684151597307.jpg","datePublished":"2023-04-25T12:06:57+00:00","dateModified":"2024-12-03T12:27:53+00:00","description":"Ausili per lavoratori sordi e deboli d\u2019udito: informazioni su AI e richieste come interpreti di lingua dei segni.","breadcrumb":{"@id":"https:\/\/www.sgb-fss.ch\/it\/ambiti\/lavoro\/informazioni-sulla-ai\/#breadcrumb"},"inLanguage":"it-IT","potentialAction":[{"@type":"ReadAction","target":["https:\/\/www.sgb-fss.ch\/it\/ambiti\/lavoro\/informazioni-sulla-ai\/"]}]},{"@type":"ImageObject","inLanguage":"it-IT","@id":"https:\/\/www.sgb-fss.ch\/it\/ambiti\/lavoro\/informazioni-sulla-ai\/#primaryimage","url":"https:\/\/www.sgb-fss.ch\/content\/uploads\/2023\/05\/arbeit_informatik-scaled-e1684151597307.jpg","contentUrl":"https:\/\/www.sgb-fss.ch\/content\/uploads\/2023\/05\/arbeit_informatik-scaled-e1684151597307.jpg","width":2560,"height":1707},{"@type":"BreadcrumbList","@id":"https:\/\/www.sgb-fss.ch\/it\/ambiti\/lavoro\/informazioni-sulla-ai\/#breadcrumb","itemListElement":[{"@type":"ListItem","position":1,"name":"Home","item":"https:\/\/www.sgb-fss.ch\/it\/"},{"@type":"ListItem","position":2,"name":"Ambiti","item":"https:\/\/www.sgb-fss.ch\/it\/ambiti\/"},{"@type":"ListItem","position":3,"name":"Lavoro","item":"https:\/\/www.sgb-fss.ch\/it\/ambiti\/lavoro\/"},{"@type":"ListItem","position":4,"name":"Informazioni sull\u2019AI"}]},{"@type":"WebSite","@id":"https:\/\/www.sgb-fss.ch\/de\/#website","url":"https:\/\/www.sgb-fss.ch\/de\/","name":"SGB-FSS","description":"","potentialAction":[{"@type":"SearchAction","target":{"@type":"EntryPoint","urlTemplate":"https:\/\/www.sgb-fss.ch\/de\/?s={search_term_string}"},"query-input":{"@type":"PropertyValueSpecification","valueRequired":true,"valueName":"search_term_string"}}],"inLanguage":"it-IT"}]}},"_links":{"self":[{"href":"https:\/\/www.sgb-fss.ch\/it\/wp-json\/wp\/v2\/pages\/11048","targetHints":{"allow":["GET"]}}],"collection":[{"href":"https:\/\/www.sgb-fss.ch\/it\/wp-json\/wp\/v2\/pages"}],"about":[{"href":"https:\/\/www.sgb-fss.ch\/it\/wp-json\/wp\/v2\/types\/page"}],"author":[{"embeddable":true,"href":"https:\/\/www.sgb-fss.ch\/it\/wp-json\/wp\/v2\/users\/40"}],"replies":[{"embeddable":true,"href":"https:\/\/www.sgb-fss.ch\/it\/wp-json\/wp\/v2\/comments?post=11048"}],"version-history":[{"count":33,"href":"https:\/\/www.sgb-fss.ch\/it\/wp-json\/wp\/v2\/pages\/11048\/revisions"}],"predecessor-version":[{"id":36157,"href":"https:\/\/www.sgb-fss.ch\/it\/wp-json\/wp\/v2\/pages\/11048\/revisions\/36157"}],"up":[{"embeddable":true,"href":"https:\/\/www.sgb-fss.ch\/it\/wp-json\/wp\/v2\/pages\/11932"}],"wp:featuredmedia":[{"embeddable":true,"href":"https:\/\/www.sgb-fss.ch\/it\/wp-json\/wp\/v2\/media\/16839"}],"wp:attachment":[{"href":"https:\/\/www.sgb-fss.ch\/it\/wp-json\/wp\/v2\/media?parent=11048"}],"curies":[{"name":"wp","href":"https:\/\/api.w.org\/{rel}","templated":true}]}}