{"id":11043,"date":"2023-04-25T14:20:19","date_gmt":"2023-04-25T12:20:19","guid":{"rendered":"https:\/\/www.sgb-fss.ch\/?page_id=11043"},"modified":"2025-11-26T14:37:32","modified_gmt":"2025-11-26T13:37:32","slug":"cose-da-sapere-su-lavoro-e-inclusione","status":"publish","type":"page","link":"https:\/\/www.sgb-fss.ch\/it\/ambiti\/lavoro\/cose-da-sapere-su-lavoro-e-inclusione\/","title":{"rendered":"Cose da sapere su \u2039Lavoro e inclusione\u203a"},"content":{"rendered":"\n<p class=\"is-style-lead\">In quanto organizzazione di categoria, la Federazione svizzera dei sordi si considera un partner fondamentale per la buona riuscita dell\u2019inclusione delle persone sorde e deboli di udito nella vita professionale.<\/p>\n\n\n\n<p><strong>Basi informative<br><\/strong>Sei responsabile delle tematiche inerenti a diversit\u00e0 e inclusione all\u2019interno della tua azienda e vorresti ampliare il tuo team con persone sorde o deboli di udito? Oppure lavori gi\u00e0 insieme a persone che presentano un deficit uditivo e sei in cerca di opportunit\u00e0 per migliorare la comunicazione in seno al team? Hai domande sull\u2019 AI o sulla configurazione della postazione di lavoro?<\/p>\n\n\n<div class=\"block_divider\">\n<hr>\n<\/div>\n\n\n\n<div class=\"wp-block-columns is-layout-flex wp-container-core-columns-is-layout-9d6595d7 wp-block-columns-is-layout-flex\">\n<div class=\"wp-block-column is-layout-flow wp-block-column-is-layout-flow\">\n<p><strong>Guida Diversity &amp; Inclusion<\/strong><\/p>\n\n\n\n<p>Questa guida intende essere di supporto alle organizzazioni nella creazione di direttive in materia di diversit\u00e0 e inclusione, con particolare attenzione alla lingua dei segni e alla sordit\u00e0, e nell&#8217;ampliamento delle direttive gi\u00e0 esistenti. La guida, inoltre, fornisce consigli pratici per l\u2019occupazione di persone sorde e deboli di udito e per la collaborazione con le stesse e propone misure e strumenti concreti per l&#8217;inclusione.<\/p>\n\n\n\n<div class=\"wp-block-buttons is-content-justification-center is-layout-flex wp-container-core-buttons-is-layout-16018d1d wp-block-buttons-is-layout-flex\">\n<div class=\"wp-block-button\"><a class=\"wp-block-button__link wp-element-button\" href=\"https:\/\/www.sgb-fss.ch\/content\/uploads\/2023\/05\/diversita-e-inclusione-leifaden-focus-sulla-disabilita-uditiva.pdf\" target=\"_blank\" rel=\"noreferrer noopener\">Alla guida<\/a><\/div>\n<\/div>\n<\/div>\n\n\n\n<div class=\"wp-block-column is-layout-flow wp-block-column-is-layout-flow\">\n<figure class=\"wp-block-image size-full\"><a href=\"https:\/\/www.sgb-fss.ch\/content\/uploads\/2023\/05\/diversita-e-inclusione-leifaden-focus-sulla-disabilita-uditiva.pdf\" target=\"_blank\" rel=\" noreferrer noopener\"><img loading=\"lazy\" decoding=\"async\" width=\"398\" height=\"559\" src=\"https:\/\/www.sgb-fss.ch\/content\/uploads\/2023\/03\/diversity-und-inclusion-leitfaden-2.jpg\" alt=\"\" class=\"wp-image-11446\" srcset=\"https:\/\/www.sgb-fss.ch\/content\/uploads\/2023\/03\/diversity-und-inclusion-leitfaden-2.jpg 398w, https:\/\/www.sgb-fss.ch\/content\/uploads\/2023\/03\/diversity-und-inclusion-leitfaden-2-300x421.jpg 300w, https:\/\/www.sgb-fss.ch\/content\/uploads\/2023\/03\/diversity-und-inclusion-leitfaden-2-150x211.jpg 150w, https:\/\/www.sgb-fss.ch\/content\/uploads\/2023\/03\/diversity-und-inclusion-leitfaden-2-71x100.jpg 71w\" sizes=\"auto, (max-width: 398px) 100vw, 398px\" \/><\/a><\/figure>\n<\/div>\n<\/div>\n\n\n\n<div class=\"wp-block-group is-layout-flow wp-block-group-is-layout-flow\">\n<div class=\"wp-block-columns is-layout-flex wp-container-core-columns-is-layout-9d6595d7 wp-block-columns-is-layout-flex\">\n<div class=\"wp-block-column is-layout-flow wp-block-column-is-layout-flow\" style=\"flex-basis:100%\">\n<div class=\"wp-block-group is-layout-flow wp-block-group-is-layout-flow\"><div class=\"block_divider\">\n<hr>\n<\/div>\n\n\n\n<div class=\"wp-block-group is-layout-flow wp-block-group-is-layout-flow\">\n<div class=\"wp-block-group is-layout-flow wp-block-group-is-layout-flow\">\n<div class=\"wp-block-group is-layout-flow wp-block-group-is-layout-flow\">\n<div class=\"wp-block-group is-layout-flow wp-block-group-is-layout-flow\">\n<div class=\"wp-block-columns is-layout-flex wp-container-core-columns-is-layout-9d6595d7 wp-block-columns-is-layout-flex\">\n<div class=\"wp-block-column is-layout-flow wp-block-column-is-layout-flow\">\n<figure class=\"wp-block-image size-full\"><img loading=\"lazy\" decoding=\"async\" width=\"395\" height=\"561\" src=\"https:\/\/www.sgb-fss.ch\/content\/uploads\/2023\/03\/arbeitsmarktstudie-1.jpg\" alt=\"\" class=\"wp-image-11449\" srcset=\"https:\/\/www.sgb-fss.ch\/content\/uploads\/2023\/03\/arbeitsmarktstudie-1.jpg 395w, https:\/\/www.sgb-fss.ch\/content\/uploads\/2023\/03\/arbeitsmarktstudie-1-300x426.jpg 300w, https:\/\/www.sgb-fss.ch\/content\/uploads\/2023\/03\/arbeitsmarktstudie-1-150x213.jpg 150w, https:\/\/www.sgb-fss.ch\/content\/uploads\/2023\/03\/arbeitsmarktstudie-1-70x100.jpg 70w\" sizes=\"auto, (max-width: 395px) 100vw, 395px\" \/><\/figure>\n<\/div>\n\n\n\n<div class=\"wp-block-column is-layout-flow wp-block-column-is-layout-flow\">\n<p><strong>Studio sul mercato del lavoro<\/strong><\/p>\n\n\n\n<p>Il presente studio del 2020 rivela, per la prima volta, la situazione del mercato del lavoro in Svizzera per le persone sorde e deboli di udito. Da una parte, lo studio serve a individuare le opportunit\u00e0 e gli ostacoli che si presentano a lavoratori sordi e deboli di udito. D\u2019altra parte, funge da base per richiamare l\u2019attenzione dei datori di lavoro sul loro potenziale. Per quanto riguarda la globalizzazione e la carenza di personale qualificato, infatti, il tema \u00abDiversity and Inclusion Management\u00bb sta diventando sempre pi\u00f9 importante.<\/p>\n\n\n\n<p><a href=\"https:\/\/www.sgb-fss.ch\/content\/uploads\/2023\/05\/studie-arbeitsmarktsituation-von-gehoerlosen-menschen-in-der-schweiz.pdf\" target=\"_blank\" rel=\"noreferrer noopener\">*Lo studio \u00e8 attualmente disponibile solo in tedesco<\/a><\/p>\n<\/div>\n<\/div>\n\n\n<div class=\"block_divider\">\n<hr>\n<\/div>\n\n\n\n<div class=\"wp-block-columns is-layout-flex wp-container-core-columns-is-layout-9d6595d7 wp-block-columns-is-layout-flex\">\n<div class=\"wp-block-column is-layout-flow wp-block-column-is-layout-flow\">\n<p><strong>Toolbox per responsabili delle Risorse Umane, dirigenti e team<\/strong><\/p>\n\n\n\n<p>Nelle nostre toolbox si trova una panoramica delle migliori pratiche per assumere e integrare adeguatamente lavoratori sordi. Abbiamo inoltre riepilogato le informazioni principali riguardanti la comunicazione con persone sorde nonch\u00e9 le informazioni sul servizio di interpretariato.<\/p>\n<\/div>\n\n\n\n<div class=\"wp-block-column is-layout-flow wp-block-column-is-layout-flow\">\n<figure class=\"wp-block-image size-large\"><img loading=\"lazy\" decoding=\"async\" width=\"1024\" height=\"683\" src=\"https:\/\/www.sgb-fss.ch\/content\/uploads\/2023\/08\/istock-1415457209-1024x683.jpg\" alt=\"\" class=\"wp-image-24201\" srcset=\"https:\/\/www.sgb-fss.ch\/content\/uploads\/2023\/08\/istock-1415457209-1024x683.jpg 1024w, https:\/\/www.sgb-fss.ch\/content\/uploads\/2023\/08\/istock-1415457209-300x200.jpg 300w, https:\/\/www.sgb-fss.ch\/content\/uploads\/2023\/08\/istock-1415457209-150x100.jpg 150w, https:\/\/www.sgb-fss.ch\/content\/uploads\/2023\/08\/istock-1415457209-768x512.jpg 768w, https:\/\/www.sgb-fss.ch\/content\/uploads\/2023\/08\/istock-1415457209-1536x1024.jpg 1536w, https:\/\/www.sgb-fss.ch\/content\/uploads\/2023\/08\/istock-1415457209-2048x1365.jpg 2048w, https:\/\/www.sgb-fss.ch\/content\/uploads\/2023\/08\/istock-1415457209-600x400.jpg 600w\" sizes=\"auto, (max-width: 1024px) 100vw, 1024px\" \/><\/figure>\n<\/div>\n<\/div>\n\n\n<div class=\"block_divider\">\n<hr>\n<\/div>\n<\/div>\n<\/div>\n<\/div>\n<\/div>\n<\/div>\n<\/div>\n<\/div>\n<\/div>\n\n\n\n<div class=\"wp-block-group is-layout-flow wp-block-group-is-layout-flow\">\n<div class=\"wp-block-columns is-layout-flex wp-container-core-columns-is-layout-9d6595d7 wp-block-columns-is-layout-flex\">\n<div class=\"wp-block-column is-layout-flow wp-block-column-is-layout-flow\">\n<figure class=\"wp-block-image size-full\"><a href=\"https:\/\/www.sgb-fss.ch\/content\/uploads\/2024\/01\/flyer-kommunikation-i-kurz.pdf\" target=\"_blank\" rel=\" noreferrer noopener\"><img loading=\"lazy\" decoding=\"async\" width=\"401\" height=\"567\" src=\"https:\/\/www.sgb-fss.ch\/content\/uploads\/2024\/01\/flyer-kommunikation-i.jpg\" alt=\"\" class=\"wp-image-32026\" srcset=\"https:\/\/www.sgb-fss.ch\/content\/uploads\/2024\/01\/flyer-kommunikation-i.jpg 401w, https:\/\/www.sgb-fss.ch\/content\/uploads\/2024\/01\/flyer-kommunikation-i-300x424.jpg 300w, https:\/\/www.sgb-fss.ch\/content\/uploads\/2024\/01\/flyer-kommunikation-i-150x212.jpg 150w, https:\/\/www.sgb-fss.ch\/content\/uploads\/2024\/01\/flyer-kommunikation-i-71x100.jpg 71w\" sizes=\"auto, (max-width: 401px) 100vw, 401px\" \/><\/a><\/figure>\n<\/div>\n\n\n\n<div class=\"wp-block-column is-vertically-aligned-top is-layout-flow wp-block-column-is-layout-flow\">\n<p><strong>Opuscolo \u2039Comunicare con persone sorde\u203a<\/strong><\/p>\n\n\n\n<p>Nella vita quotidiana le persone udenti possono comunicare con le persone sorde anche senza conoscere la lingua dei segni. In questo opuscolo possono trovare semplici informazioni e consigli per la buona riuscita della conversazione!<\/p>\n\n\n\n<div class=\"wp-block-buttons is-content-justification-center is-layout-flex wp-container-core-buttons-is-layout-16018d1d wp-block-buttons-is-layout-flex\">\n<div class=\"wp-block-button\"><a class=\"wp-block-button__link wp-element-button\" href=\"https:\/\/www.sgb-fss.ch\/content\/uploads\/2024\/01\/flyer-kommunikation-i-kurz.pdf\" target=\"_blank\" rel=\"noreferrer noopener\">Al volantino<\/a><\/div>\n<\/div>\n<\/div>\n<\/div>\n<\/div>\n\n\n\n<div class=\"wp-block-group is-layout-flow wp-block-group-is-layout-flow\"><div class=\"block block-teasercontacts block-teasercontacts--boxed\" id=\"block_94004a05a3300f7e3b71ba75df96fdc2\" data-block=\"Teaser Contacts\">\n    <div class=\"block-teasercontacts__header\"><p class=\"block-teasercontacts__title\">Domande sul lavoro e sull&#8217;inclusione? Non esiti a contattarmi.<\/p><\/div>    <div class=\"block-teasercontacts__list\">\n                                        <div class=\"block-teasercontacts__item\">\n                <div class=\"block-teasercontacts__link\">\n                    <div class=\"block-teasercontacts__media\">\n                        <div class=\"block-teasercontacts__thumbnail accent__darkred has-background-accent\">\n                                                              <div class=\"image block-teasercontacts__thumbnail-image\" >\n    <img decoding=\"async\"\n      loading=\"lazy\"\n      class=\"image__object lazyload\"\n      src=\"https:\/\/www.sgb-fss.ch\/content\/uploads\/2021\/06\/sabine-wolff-1440x0-c-default.jpg\"       data-sizes=\"auto\"\n      data-srcset=\"https:\/\/www.sgb-fss.ch\/content\/uploads\/2021\/06\/sabine-wolff-200x0-c-default.jpg 200w, https:\/\/www.sgb-fss.ch\/content\/uploads\/2021\/06\/sabine-wolff-100x0-c-default.jpg 100w, \"\n      alt=\"\"\n      width=\"567\"\n      height=\"567\"\n            >\n  <\/div>\n                                                    <\/div>\n                    <\/div>\n                    <div class=\"block-teasercontacts__text\">\n                        <p class=\"block-teasercontacts__name\"><strong><a href=\"https:\/\/www.sgb-fss.ch\/it\/team\/sabine-wolff\/\">Sabine Wolff<\/a><\/strong><\/p>\n                        <p class=\"block-teasercontacts__lead\">Prodotti e Marchi<\/p>                    <\/div>\n                    <div class=\"block-teasercontacts__contacts\">\n                                                    <p>\n                                                                <a class=\"wp-block-button is-style-transparent\" href=\"mailto:s.wolff@sgb-fss.ch\"><span class=\"wp-block-button__link\"><i class=\"icon icon--mail\"><svg data-name=\"Ebene 1\" xmlns=\"http:\/\/www.w3.org\/2000\/svg\" viewBox=\"0 0 24 24\"><path d=\"M20.76 2.31H3.24A3.12 3.12 0 0 0 .12 5.43v13.14a3.12 3.12 0 0 0 3.12 3.12h17.52a3.12 3.12 0 0 0 3.12-3.12V5.43a3.12 3.12 0 0 0-3.12-3.12zM2.09 5a1.27 1.27 0 0 1 1.15-.78h17.52a1.24 1.24 0 0 1 1.11.74l.05.09-.09.06L12 12l-.07-.05-9.87-6.9zM22 18.57a1.26 1.26 0 0 1-1.26 1.27H3.24A1.27 1.27 0 0 1 2 18.57V7.21l9.5 6.69a.89.89 0 0 0 1 0L22 7.25z\"\/><\/svg><\/i><span class=\"wp-block-button__label\">s.wolff@sgb-fss.ch<\/span><\/span><\/a>                                                            <\/p>\n                                            <\/div>\n                <\/div>\n            <\/div>\n                    <\/div>\n<\/div>\n<\/div>\n\n\n\n<div class=\"wp-block-columns is-layout-flex wp-container-core-columns-is-layout-9d6595d7 wp-block-columns-is-layout-flex\">\n<div class=\"wp-block-column is-layout-flow wp-block-column-is-layout-flow\" style=\"flex-basis:100%\">\n<div class=\"wp-block-group has-schwarz-25-background-color has-background is-layout-flow wp-block-group-is-layout-flow\">\n<h3 class=\"wp-block-heading\"><strong>Downloads<\/strong><\/h3>\n\n\n\n<div class=\"wp-block-file\"><a id=\"wp-block-file--media-54d80703-b84e-45a0-bdcf-bca401deca66\" href=\"https:\/\/www.sgb-fss.ch\/content\/uploads\/2023\/05\/scheda-informativa-sullo-studio-del-mercato-del-lavoro-in-svizzera.pdf\" target=\"_blank\" rel=\"noreferrer noopener\">Scheda informativa sullo studio del mercato del lavoro in Svizzera<\/a><a href=\"https:\/\/www.sgb-fss.ch\/content\/uploads\/2023\/05\/scheda-informativa-sullo-studio-del-mercato-del-lavoro-in-svizzera.pdf\" class=\"wp-block-file__button wp-element-button\" download aria-describedby=\"wp-block-file--media-54d80703-b84e-45a0-bdcf-bca401deca66\">Herunterladen<\/a><\/div>\n\n\n\n<div class=\"wp-block-file\"><a id=\"wp-block-file--media-54d80703-b84e-45a0-bdcf-bca401deca66\" href=\"https:\/\/www.sgb-fss.ch\/content\/uploads\/2023\/05\/diversita-e-inclusione-leifaden-focus-sulla-disabilita-uditiva.pdf\">Diversit\u00e0 e inclusione Leifaden &#8211; Focus sulla disabilit\u00e0 uditiva<\/a><a href=\"https:\/\/www.sgb-fss.ch\/content\/uploads\/2023\/05\/diversita-e-inclusione-leifaden-focus-sulla-disabilita-uditiva.pdf\" class=\"wp-block-file__button wp-element-button\" download aria-describedby=\"wp-block-file--media-54d80703-b84e-45a0-bdcf-bca401deca66\">Herunterladen<\/a><\/div>\n\n\n\n<div id=\"https:\/\/www.sgb-fss.ch\/content\/uploads\/2023\/05\/toolbox-hr-leitende-und-fuehrungskraefte-1.pdf\" class=\"wp-block-file\"><a id=\"wp-block-file--media-54d80703-b84e-45a0-bdcf-bca401deca66\" href=\"https:\/\/www.sgb-fss.ch\/content\/uploads\/2023\/05\/scheda-informativa-sullo-studio-del-mercato-del-lavoro-in-svizzera.pdf\" target=\"_blank\" rel=\"noreferrer noopener\">Scheda informativa sullo studio del mercato del lavoro in Svizzera<\/a><a href=\"https:\/\/www.sgb-fss.ch\/content\/uploads\/2023\/05\/scheda-informativa-sullo-studio-del-mercato-del-lavoro-in-svizzera.pdf\" class=\"wp-block-file__button wp-element-button\" download aria-describedby=\"wp-block-file--media-54d80703-b84e-45a0-bdcf-bca401deca66\">Herunterladen<\/a><\/div>\n<\/div>\n<\/div>\n<\/div>\n\n\n\n<h2 class=\"wp-block-heading\"><\/h2>\n","protected":false},"excerpt":{"rendered":"<p>In quanto organizzazione di categoria, la Federazione svizzera dei sordi si considera un partner [&hellip;]<\/p>\n","protected":false},"author":40,"featured_media":16887,"parent":11932,"menu_order":3,"comment_status":"closed","ping_status":"closed","template":"","meta":{"_acf_changed":false,"inline_featured_image":false,"footnotes":""},"class_list":["post-11043","page","type-page","status-publish","has-post-thumbnail","hentry"],"acf":[],"yoast_head":"<!-- This site is optimized with the Yoast SEO plugin v27.4 - https:\/\/yoast.com\/product\/yoast-seo-wordpress\/ -->\n<title>Cose da sapere su \u2039Lavoro e inclusione\u203a - SGB-FSS<\/title>\n<meta name=\"robots\" content=\"index, follow, max-snippet:-1, max-image-preview:large, max-video-preview:-1\" \/>\n<link rel=\"canonical\" href=\"https:\/\/www.sgb-fss.ch\/it\/ambiti\/lavoro\/cose-da-sapere-su-lavoro-e-inclusione\/\" \/>\n<meta property=\"og:locale\" content=\"it_IT\" \/>\n<meta property=\"og:type\" content=\"article\" \/>\n<meta property=\"og:title\" content=\"Cose da sapere su \u2039Lavoro e inclusione\u203a - SGB-FSS\" \/>\n<meta property=\"og:description\" content=\"In quanto organizzazione di categoria, la Federazione svizzera dei sordi si considera un partner [&hellip;]\" \/>\n<meta property=\"og:url\" content=\"https:\/\/www.sgb-fss.ch\/it\/ambiti\/lavoro\/cose-da-sapere-su-lavoro-e-inclusione\/\" \/>\n<meta property=\"og:site_name\" content=\"SGB-FSS\" \/>\n<meta property=\"article:modified_time\" content=\"2025-11-26T13:37:32+00:00\" \/>\n<meta property=\"og:image\" content=\"https:\/\/www.sgb-fss.ch\/content\/uploads\/2023\/05\/arbeit_wissenwertes-scaled-e1684151756716.jpg\" \/>\n\t<meta property=\"og:image:width\" content=\"2560\" \/>\n\t<meta property=\"og:image:height\" content=\"1706\" \/>\n\t<meta property=\"og:image:type\" content=\"image\/jpeg\" \/>\n<meta name=\"twitter:card\" content=\"summary_large_image\" \/>\n<meta name=\"twitter:label1\" content=\"Tempo di lettura stimato\" \/>\n\t<meta name=\"twitter:data1\" content=\"4 minuti\" \/>\n<script type=\"application\/ld+json\" class=\"yoast-schema-graph\">{\"@context\":\"https:\\\/\\\/schema.org\",\"@graph\":[{\"@type\":\"WebPage\",\"@id\":\"https:\\\/\\\/www.sgb-fss.ch\\\/it\\\/ambiti\\\/lavoro\\\/cose-da-sapere-su-lavoro-e-inclusione\\\/\",\"url\":\"https:\\\/\\\/www.sgb-fss.ch\\\/it\\\/ambiti\\\/lavoro\\\/cose-da-sapere-su-lavoro-e-inclusione\\\/\",\"name\":\"Cose da sapere su \u2039Lavoro e inclusione\u203a - SGB-FSS\",\"isPartOf\":{\"@id\":\"https:\\\/\\\/www.sgb-fss.ch\\\/de\\\/#website\"},\"primaryImageOfPage\":{\"@id\":\"https:\\\/\\\/www.sgb-fss.ch\\\/it\\\/ambiti\\\/lavoro\\\/cose-da-sapere-su-lavoro-e-inclusione\\\/#primaryimage\"},\"image\":{\"@id\":\"https:\\\/\\\/www.sgb-fss.ch\\\/it\\\/ambiti\\\/lavoro\\\/cose-da-sapere-su-lavoro-e-inclusione\\\/#primaryimage\"},\"thumbnailUrl\":\"https:\\\/\\\/www.sgb-fss.ch\\\/content\\\/uploads\\\/2023\\\/05\\\/arbeit_wissenwertes-scaled-e1684151756716.jpg\",\"datePublished\":\"2023-04-25T12:20:19+00:00\",\"dateModified\":\"2025-11-26T13:37:32+00:00\",\"breadcrumb\":{\"@id\":\"https:\\\/\\\/www.sgb-fss.ch\\\/it\\\/ambiti\\\/lavoro\\\/cose-da-sapere-su-lavoro-e-inclusione\\\/#breadcrumb\"},\"inLanguage\":\"it-IT\",\"potentialAction\":[{\"@type\":\"ReadAction\",\"target\":[\"https:\\\/\\\/www.sgb-fss.ch\\\/it\\\/ambiti\\\/lavoro\\\/cose-da-sapere-su-lavoro-e-inclusione\\\/\"]}]},{\"@type\":\"ImageObject\",\"inLanguage\":\"it-IT\",\"@id\":\"https:\\\/\\\/www.sgb-fss.ch\\\/it\\\/ambiti\\\/lavoro\\\/cose-da-sapere-su-lavoro-e-inclusione\\\/#primaryimage\",\"url\":\"https:\\\/\\\/www.sgb-fss.ch\\\/content\\\/uploads\\\/2023\\\/05\\\/arbeit_wissenwertes-scaled-e1684151756716.jpg\",\"contentUrl\":\"https:\\\/\\\/www.sgb-fss.ch\\\/content\\\/uploads\\\/2023\\\/05\\\/arbeit_wissenwertes-scaled-e1684151756716.jpg\",\"width\":2560,\"height\":1706},{\"@type\":\"BreadcrumbList\",\"@id\":\"https:\\\/\\\/www.sgb-fss.ch\\\/it\\\/ambiti\\\/lavoro\\\/cose-da-sapere-su-lavoro-e-inclusione\\\/#breadcrumb\",\"itemListElement\":[{\"@type\":\"ListItem\",\"position\":1,\"name\":\"Home\",\"item\":\"https:\\\/\\\/www.sgb-fss.ch\\\/it\\\/\"},{\"@type\":\"ListItem\",\"position\":2,\"name\":\"Ambiti\",\"item\":\"https:\\\/\\\/www.sgb-fss.ch\\\/it\\\/ambiti\\\/\"},{\"@type\":\"ListItem\",\"position\":3,\"name\":\"Lavoro\",\"item\":\"https:\\\/\\\/www.sgb-fss.ch\\\/it\\\/ambiti\\\/lavoro\\\/\"},{\"@type\":\"ListItem\",\"position\":4,\"name\":\"Cose da sapere su \u2039Lavoro e inclusione\u203a\"}]},{\"@type\":\"WebSite\",\"@id\":\"https:\\\/\\\/www.sgb-fss.ch\\\/de\\\/#website\",\"url\":\"https:\\\/\\\/www.sgb-fss.ch\\\/de\\\/\",\"name\":\"SGB-FSS\",\"description\":\"\",\"potentialAction\":[{\"@type\":\"SearchAction\",\"target\":{\"@type\":\"EntryPoint\",\"urlTemplate\":\"https:\\\/\\\/www.sgb-fss.ch\\\/de\\\/?s={search_term_string}\"},\"query-input\":{\"@type\":\"PropertyValueSpecification\",\"valueRequired\":true,\"valueName\":\"search_term_string\"}}],\"inLanguage\":\"it-IT\"}]}<\/script>\n<!-- \/ Yoast SEO plugin. -->","yoast_head_json":{"title":"Cose da sapere su \u2039Lavoro e inclusione\u203a - SGB-FSS","robots":{"index":"index","follow":"follow","max-snippet":"max-snippet:-1","max-image-preview":"max-image-preview:large","max-video-preview":"max-video-preview:-1"},"canonical":"https:\/\/www.sgb-fss.ch\/it\/ambiti\/lavoro\/cose-da-sapere-su-lavoro-e-inclusione\/","og_locale":"it_IT","og_type":"article","og_title":"Cose da sapere su \u2039Lavoro e inclusione\u203a - SGB-FSS","og_description":"In quanto organizzazione di categoria, la Federazione svizzera dei sordi si considera un partner [&hellip;]","og_url":"https:\/\/www.sgb-fss.ch\/it\/ambiti\/lavoro\/cose-da-sapere-su-lavoro-e-inclusione\/","og_site_name":"SGB-FSS","article_modified_time":"2025-11-26T13:37:32+00:00","og_image":[{"width":2560,"height":1706,"url":"https:\/\/www.sgb-fss.ch\/content\/uploads\/2023\/05\/arbeit_wissenwertes-scaled-e1684151756716.jpg","type":"image\/jpeg"}],"twitter_card":"summary_large_image","twitter_misc":{"Tempo di lettura stimato":"4 minuti"},"schema":{"@context":"https:\/\/schema.org","@graph":[{"@type":"WebPage","@id":"https:\/\/www.sgb-fss.ch\/it\/ambiti\/lavoro\/cose-da-sapere-su-lavoro-e-inclusione\/","url":"https:\/\/www.sgb-fss.ch\/it\/ambiti\/lavoro\/cose-da-sapere-su-lavoro-e-inclusione\/","name":"Cose da sapere su \u2039Lavoro e inclusione\u203a - SGB-FSS","isPartOf":{"@id":"https:\/\/www.sgb-fss.ch\/de\/#website"},"primaryImageOfPage":{"@id":"https:\/\/www.sgb-fss.ch\/it\/ambiti\/lavoro\/cose-da-sapere-su-lavoro-e-inclusione\/#primaryimage"},"image":{"@id":"https:\/\/www.sgb-fss.ch\/it\/ambiti\/lavoro\/cose-da-sapere-su-lavoro-e-inclusione\/#primaryimage"},"thumbnailUrl":"https:\/\/www.sgb-fss.ch\/content\/uploads\/2023\/05\/arbeit_wissenwertes-scaled-e1684151756716.jpg","datePublished":"2023-04-25T12:20:19+00:00","dateModified":"2025-11-26T13:37:32+00:00","breadcrumb":{"@id":"https:\/\/www.sgb-fss.ch\/it\/ambiti\/lavoro\/cose-da-sapere-su-lavoro-e-inclusione\/#breadcrumb"},"inLanguage":"it-IT","potentialAction":[{"@type":"ReadAction","target":["https:\/\/www.sgb-fss.ch\/it\/ambiti\/lavoro\/cose-da-sapere-su-lavoro-e-inclusione\/"]}]},{"@type":"ImageObject","inLanguage":"it-IT","@id":"https:\/\/www.sgb-fss.ch\/it\/ambiti\/lavoro\/cose-da-sapere-su-lavoro-e-inclusione\/#primaryimage","url":"https:\/\/www.sgb-fss.ch\/content\/uploads\/2023\/05\/arbeit_wissenwertes-scaled-e1684151756716.jpg","contentUrl":"https:\/\/www.sgb-fss.ch\/content\/uploads\/2023\/05\/arbeit_wissenwertes-scaled-e1684151756716.jpg","width":2560,"height":1706},{"@type":"BreadcrumbList","@id":"https:\/\/www.sgb-fss.ch\/it\/ambiti\/lavoro\/cose-da-sapere-su-lavoro-e-inclusione\/#breadcrumb","itemListElement":[{"@type":"ListItem","position":1,"name":"Home","item":"https:\/\/www.sgb-fss.ch\/it\/"},{"@type":"ListItem","position":2,"name":"Ambiti","item":"https:\/\/www.sgb-fss.ch\/it\/ambiti\/"},{"@type":"ListItem","position":3,"name":"Lavoro","item":"https:\/\/www.sgb-fss.ch\/it\/ambiti\/lavoro\/"},{"@type":"ListItem","position":4,"name":"Cose da sapere su \u2039Lavoro e inclusione\u203a"}]},{"@type":"WebSite","@id":"https:\/\/www.sgb-fss.ch\/de\/#website","url":"https:\/\/www.sgb-fss.ch\/de\/","name":"SGB-FSS","description":"","potentialAction":[{"@type":"SearchAction","target":{"@type":"EntryPoint","urlTemplate":"https:\/\/www.sgb-fss.ch\/de\/?s={search_term_string}"},"query-input":{"@type":"PropertyValueSpecification","valueRequired":true,"valueName":"search_term_string"}}],"inLanguage":"it-IT"}]}},"_links":{"self":[{"href":"https:\/\/www.sgb-fss.ch\/it\/wp-json\/wp\/v2\/pages\/11043","targetHints":{"allow":["GET"]}}],"collection":[{"href":"https:\/\/www.sgb-fss.ch\/it\/wp-json\/wp\/v2\/pages"}],"about":[{"href":"https:\/\/www.sgb-fss.ch\/it\/wp-json\/wp\/v2\/types\/page"}],"author":[{"embeddable":true,"href":"https:\/\/www.sgb-fss.ch\/it\/wp-json\/wp\/v2\/users\/40"}],"replies":[{"embeddable":true,"href":"https:\/\/www.sgb-fss.ch\/it\/wp-json\/wp\/v2\/comments?post=11043"}],"version-history":[{"count":30,"href":"https:\/\/www.sgb-fss.ch\/it\/wp-json\/wp\/v2\/pages\/11043\/revisions"}],"predecessor-version":[{"id":42167,"href":"https:\/\/www.sgb-fss.ch\/it\/wp-json\/wp\/v2\/pages\/11043\/revisions\/42167"}],"up":[{"embeddable":true,"href":"https:\/\/www.sgb-fss.ch\/it\/wp-json\/wp\/v2\/pages\/11932"}],"wp:featuredmedia":[{"embeddable":true,"href":"https:\/\/www.sgb-fss.ch\/it\/wp-json\/wp\/v2\/media\/16887"}],"wp:attachment":[{"href":"https:\/\/www.sgb-fss.ch\/it\/wp-json\/wp\/v2\/media?parent=11043"}],"curies":[{"name":"wp","href":"https:\/\/api.w.org\/{rel}","templated":true}]}}