{"id":11034,"date":"2023-04-25T14:00:44","date_gmt":"2023-04-25T12:00:44","guid":{"rendered":"https:\/\/www.sgb-fss.ch\/?page_id=11034"},"modified":"2024-09-16T15:28:39","modified_gmt":"2024-09-16T13:28:39","slug":"interpreti-quando-dove-come","status":"publish","type":"page","link":"https:\/\/www.sgb-fss.ch\/it\/ambiti\/lavoro\/interpreti-quando-dove-come\/","title":{"rendered":"Interpreti: Quando? Dove? Come?"},"content":{"rendered":"\n<p class=\"is-style-lead\">Affinch\u00e9 lo scambio con una persona sorda avvenga senza barriere in caso di appuntamenti e occasioni importanti, \u00e8 fondamentale il ruolo degli interpreti.<\/p>\n\n\n\n<figure class=\"wp-block-image aligncenter size-full is-resized\"><img loading=\"lazy\" decoding=\"async\" width=\"1335\" height=\"1335\" src=\"https:\/\/www.sgb-fss.ch\/content\/uploads\/2023\/07\/live-2.png\" alt=\"\" class=\"wp-image-23060\" style=\"object-fit:cover;width:500px;height:500px\" srcset=\"https:\/\/www.sgb-fss.ch\/content\/uploads\/2023\/07\/live-2.png 1335w, https:\/\/www.sgb-fss.ch\/content\/uploads\/2023\/07\/live-2-300x300.png 300w, https:\/\/www.sgb-fss.ch\/content\/uploads\/2023\/07\/live-2-1024x1024.png 1024w, https:\/\/www.sgb-fss.ch\/content\/uploads\/2023\/07\/live-2-150x150.png 150w, https:\/\/www.sgb-fss.ch\/content\/uploads\/2023\/07\/live-2-768x768.png 768w, https:\/\/www.sgb-fss.ch\/content\/uploads\/2023\/07\/live-2-100x100.png 100w, https:\/\/www.sgb-fss.ch\/content\/uploads\/2023\/07\/live-2-600x600.png 600w\" sizes=\"auto, (max-width: 1335px) 100vw, 1335px\" \/><\/figure>\n\n\n\n<p><strong>Abbattere le barriere e semplificare le conversazioni<br><\/strong>Secondo la Convenzione sui diritti delle persone con disabilit\u00e0 ONU CDPD, in Svizzera le persone sorde hanno diritto all\u2019interpretazione in lingua dei segni per partecipare in modo paritario alla vita sociale e professionale.<\/p>\n\n\n\n<p>Nella vita quotidiana, le persone sorde si imbattono di continuo in barriere linguistiche. Gli interpreti di lingua dei segni costruiscono un ponte con la societ\u00e0 udente e sono uno strumento essenziale per evitare malintesi e facilitare lo scambio reciproco.<\/p>\n\n\n\n<p><strong>Affinch\u00e9 l\u2019AI possa farsi carico dei costi per le prestazioni individuali di interpretariato, le persone sorde devono risultare iscritte all\u2019assicurazione per l\u2019invalidit\u00e0 (AI). Qui di seguito sono riportate altre condizioni per un\u2019assunzione dei costi:<\/strong><\/p>\n\n\n\n<div class=\"wp-block-group has-weiss-background-color has-background is-layout-flow wp-block-group-is-layout-flow\">\n<h3 class=\"wp-block-heading\">Finanziamento sul posto di lavoro<\/h3>\n\n\n\n<p>Gli interpreti della lingua dei segni sono considerati ausili ai sensi della Legge sull&#8217;assicurazione per l&#8217;invalidit\u00e0 (LADI).<\/p>\n\n\n\n<p class=\"has-terrakotta-color has-text-color\"><strong>L&#8217;articolo IV9<\/strong> regolamenta: Con una cosiddetta ordinanza sul posto di lavoro, l&#8217;AI paga gli interpreti di lingua dei segni sul posto di lavoro della persona sorda fino a un massimo di 1\u2019838 franchi al mese. Questo importo \u00e8 sufficiente per circa 10 ore di interpretariato. Se sono necessarie pi\u00f9 ore, la persona sorda o il suo datore di lavoro devono coprire i costi.<\/p>\n\n\n\n<p><strong>Nota: <\/strong>se pi\u00f9 persone sorde o con problemi di udito condividono un interprete durante una riunione o un evento di gruppo, <a href=\"https:\/\/www.procom-deaf.ch\/de\/Bestellformular-Kontakt.aspx\" target=\"_blank\" rel=\"noreferrer noopener\">Procom<\/a> distribuir\u00e0 i costi tra le persone presenti.<\/p>\n<\/div>\n\n\n\n<p><\/p>\n\n\n\n<div class=\"wp-block-group has-weiss-background-color has-background is-layout-flow wp-block-group-is-layout-flow\">\n<h3 class=\"wp-block-heading\">Finanziamenti per la formazione e lo sviluppo sul posto di lavoro<\/h3>\n\n\n\n<p class=\"has-terrakotta-color has-text-color\"><strong>L&#8217;articolo IV16<\/strong> regolamenta: Le persone che seguono una formazione professionale iniziale o continua devono richiedere tempestivamente all&#8217;AI la copertura dei costi degli interpreti di lingua dei segni.<\/p>\n\n\n\n<p>La legge non stabilisce un importo massimo per questi interventi. L&#8217;AI ottiene una stima dei costi da <a rel=\"noreferrer noopener\" href=\"https:\/\/www.procom-deaf.ch\/de\/Bestellformular-Kontakt.aspx\" target=\"_blank\">Procom<\/a> e poi decide caso per caso se i costi saranno coperti.<\/p>\n\n\n\n<p>Inoltre, la domanda deve essere accompagnata da una conferma da parte del datore di lavoro della necessit\u00e0 del perfezionamento professionale.<\/p>\n<\/div>\n\n\n\n<p><\/p>\n\n\n\n<div class=\"wp-block-group has-weiss-background-color has-background is-layout-flow wp-block-group-is-layout-flow\">\n<h3 class=\"wp-block-heading\">Finanziamento di incontri ed eventi presso la Confederazione<\/h3>\n\n\n\n<p class=\"has-terrakotta-color has-text-color\"><strong>L&#8217;art. 13 <\/strong>della legge LDis stabilisce che: La Confederazione \u00e8 tenuta a offrire alle persone con &#8220;disabilit\u00e0&#8221; le stesse opportunit\u00e0 delle persone senza &#8220;disabilit\u00e0&#8221; e ad adottare le misure necessarie a tal fine.<\/p>\n\n\n\n<p>La disposizione si applica non solo nel contesto dei rapporti di lavoro gi\u00e0 esistenti, ma anche in caso di nuove assunzioni.<\/p>\n\n\n\n<p>Il governo federale deve quindi coprire i costi degli interpreti della lingua dei segni.<\/p>\n<\/div>\n\n\n\n<p><\/p>\n\n\n\n<div class=\"wp-block-group has-weiss-background-color has-background is-layout-flow wp-block-group-is-layout-flow\">\n<h3 class=\"wp-block-heading\"><strong>Finanziamenti in occasione di riunioni e occasioni in aziende private<\/strong><\/h3>\n\n\n\n<p class=\"has-terrakotta-color has-text-color\">Non vi \u00e8 alcun diritto all&#8217;assunzione dei costi. Procom riceve un importo annuale dall&#8217;AI per tutti gli incarichi di interpretariato nella sfera privata delle persone sorde. Procom amministra gli importi e li distribuisce a tutti gli ordini nel corso dell&#8217;anno.<\/p>\n\n\n\n<p>Ci\u00f2 significa che Procom decide anche quali incarichi possono essere finanziati o meno. Rivolgetevi a Procom per tempo, in modo da essere certi di ricevere un&#8217;approvazione dei costi. Procom amministra gli importi e li distribuisce a tutti gli ordini durante l&#8217;anno. In questo modo, Procom decide anche quali incarichi sono finanziati o meno.<\/p>\n<\/div>\n\n\n\n<p><\/p>\n\n\n\n<div class=\"wp-block-columns is-layout-flex wp-container-core-columns-is-layout-9d6595d7 wp-block-columns-is-layout-flex\">\n<div class=\"wp-block-column is-layout-flow wp-block-column-is-layout-flow\" style=\"flex-basis:100%\">\n<div class=\"wp-block-group has-terrakotta-50-background-color has-background is-layout-flow wp-block-group-is-layout-flow\">\n<h3 class=\"wp-block-heading\">Consigli e suggerimenti<\/h3>\n\n\n\n<ul class=\"wp-block-list\">\n<li>Prenotare il servizio di interpretariato almeno due settimane prima della data desiderata.<\/li>\n\n\n\n<li>Una volta confermata la prestazione, l\u2019interprete dovrebbe ricevere tutte le informazioni necessarie ed eventuali presentazioni per prepararsi adeguatamente.<\/li>\n\n\n\n<li>Gli interpreti costruiscono un ponte tra la persona udente e la persona sorda. La persona sorda funge da interlocutore: nella conversazione rivolgiti sempre a lei\/lui e non all\u2019interprete.<\/li>\n<\/ul>\n<\/div>\n<\/div>\n<\/div>\n\n\n\n<div class=\"wp-block-group is-layout-flow wp-block-group-is-layout-flow\"><div class=\"block block-teasercontacts block-teasercontacts--boxed\" id=\"block_e9f065adac3ab62c4b25182c30392f11\" data-block=\"Teaser Contacts\">\n    <div class=\"block-teasercontacts__header\"><p class=\"block-teasercontacts__title\">Domande sugli interpreti della lingua dei segni? Non esiti a contattarmi.<\/p><\/div>    <div class=\"block-teasercontacts__list\">\n                                        <div class=\"block-teasercontacts__item\">\n                <div class=\"block-teasercontacts__link\">\n                    <div class=\"block-teasercontacts__media\">\n                        <div class=\"block-teasercontacts__thumbnail accent__darkred has-background-accent\">\n                                                              <div class=\"image block-teasercontacts__thumbnail-image\" >\n    <img decoding=\"async\"\n      loading=\"lazy\"\n      class=\"image__object lazyload\"\n      src=\"https:\/\/www.sgb-fss.ch\/content\/uploads\/2021\/06\/sabine-wolff-1440x0-c-default.jpg\"       data-sizes=\"auto\"\n      data-srcset=\"https:\/\/www.sgb-fss.ch\/content\/uploads\/2021\/06\/sabine-wolff-200x0-c-default.jpg 200w, https:\/\/www.sgb-fss.ch\/content\/uploads\/2021\/06\/sabine-wolff-100x0-c-default.jpg 100w, \"\n      alt=\"\"\n      width=\"567\"\n      height=\"567\"\n            >\n  <\/div>\n                                                    <\/div>\n                    <\/div>\n                    <div class=\"block-teasercontacts__text\">\n                        <p class=\"block-teasercontacts__name\"><strong><a href=\"https:\/\/www.sgb-fss.ch\/it\/team\/sabine-wolff\/\">Sabine Wolff<\/a><\/strong><\/p>\n                        <p class=\"block-teasercontacts__lead\">Prodotti e Marchi<\/p>                    <\/div>\n                    <div class=\"block-teasercontacts__contacts\">\n                                                    <p>\n                                                                <a class=\"wp-block-button is-style-transparent\" href=\"mailto:s.wolff@sgb-fss.ch\"><span class=\"wp-block-button__link\"><i class=\"icon icon--mail\"><svg data-name=\"Ebene 1\" xmlns=\"http:\/\/www.w3.org\/2000\/svg\" viewBox=\"0 0 24 24\"><path d=\"M20.76 2.31H3.24A3.12 3.12 0 0 0 .12 5.43v13.14a3.12 3.12 0 0 0 3.12 3.12h17.52a3.12 3.12 0 0 0 3.12-3.12V5.43a3.12 3.12 0 0 0-3.12-3.12zM2.09 5a1.27 1.27 0 0 1 1.15-.78h17.52a1.24 1.24 0 0 1 1.11.74l.05.09-.09.06L12 12l-.07-.05-9.87-6.9zM22 18.57a1.26 1.26 0 0 1-1.26 1.27H3.24A1.27 1.27 0 0 1 2 18.57V7.21l9.5 6.69a.89.89 0 0 0 1 0L22 7.25z\"\/><\/svg><\/i><span class=\"wp-block-button__label\">s.wolff@sgb-fss.ch<\/span><\/span><\/a>                                                            <\/p>\n                                            <\/div>\n                <\/div>\n            <\/div>\n                    <\/div>\n<\/div>\n<\/div>\n\n\n\n<h2 class=\"wp-block-heading\"><\/h2>\n\n\n\n<div class=\"wp-block-group has-schwarz-25-background-color has-background is-layout-constrained wp-block-group-is-layout-constrained\"><div class=\"block block-teaserpages\" id=\"block_7d2259e1934de78fbb7dc538a6d68f00\" data-block=\"Teaser Pages\">\n  <ul class=\"block-teaserpages__list\">\n            <li class=\"block-teaserpages__item\">\n        <a class=\"accent teaserpage\" href=\"https:\/\/www.sgb-fss.ch\/it\/downloads\/\">\n  <div class=\"teaserpage__thumbnail\">\n            <div class=\"image teaserpage__thumbnail-image\" >\n    <img decoding=\"async\"\n      loading=\"lazy\"\n      class=\"image__object lazyload\"\n      src=\"https:\/\/www.sgb-fss.ch\/content\/uploads\/2024\/01\/downloads-i-1440x0-c-default.jpg\"       data-sizes=\"auto\"\n      data-srcset=\"https:\/\/www.sgb-fss.ch\/content\/uploads\/2024\/01\/downloads-i-1000x0-c-default.jpg 1000w, https:\/\/www.sgb-fss.ch\/content\/uploads\/2024\/01\/downloads-i-700x0-c-default.jpg 700w, https:\/\/www.sgb-fss.ch\/content\/uploads\/2024\/01\/downloads-i-350x0-c-default.jpg 350w, \"\n      alt=\"\"\n      width=\"1890\"\n      height=\"1063\"\n            >\n  <\/div>\n      <\/div>\n  <h3 class=\"teaserpage__title\">Downloads<\/h3>\n  <p class=\"teaserpage__lead\">Qui troverete tutti i dati di questa pagina e di tutte le altre aree da scaricare.<\/p>  <\/a>\n      <\/li>\n    <\/ul>\n<\/div>\n<\/div>\n","protected":false},"excerpt":{"rendered":"<p>Affinch\u00e9 lo scambio con una persona sorda avvenga senza barriere in caso di appuntamenti [&hellip;]<\/p>\n","protected":false},"author":40,"featured_media":16904,"parent":11932,"menu_order":3,"comment_status":"closed","ping_status":"closed","template":"","meta":{"_acf_changed":false,"inline_featured_image":false,"footnotes":""},"class_list":["post-11034","page","type-page","status-publish","has-post-thumbnail","hentry"],"acf":[],"yoast_head":"<!-- This site is optimized with the Yoast SEO plugin v27.4 - https:\/\/yoast.com\/product\/yoast-seo-wordpress\/ -->\n<title>Interpreti: Quando? Dove? Come? - SGB-FSS<\/title>\n<meta name=\"robots\" content=\"index, follow, max-snippet:-1, max-image-preview:large, max-video-preview:-1\" \/>\n<link rel=\"canonical\" href=\"https:\/\/www.sgb-fss.ch\/it\/ambiti\/lavoro\/interpreti-quando-dove-come\/\" \/>\n<meta property=\"og:locale\" content=\"it_IT\" \/>\n<meta property=\"og:type\" content=\"article\" \/>\n<meta property=\"og:title\" content=\"Interpreti: Quando? Dove? Come? - SGB-FSS\" \/>\n<meta property=\"og:description\" content=\"Affinch\u00e9 lo scambio con una persona sorda avvenga senza barriere in caso di appuntamenti [&hellip;]\" \/>\n<meta property=\"og:url\" content=\"https:\/\/www.sgb-fss.ch\/it\/ambiti\/lavoro\/interpreti-quando-dove-come\/\" \/>\n<meta property=\"og:site_name\" content=\"SGB-FSS\" \/>\n<meta property=\"article:modified_time\" content=\"2024-09-16T13:28:39+00:00\" \/>\n<meta property=\"og:image\" content=\"https:\/\/www.sgb-fss.ch\/content\/uploads\/2023\/05\/arbeit_dolemtscher-scaled-e1684151969823.jpg\" \/>\n\t<meta property=\"og:image:width\" content=\"2560\" \/>\n\t<meta property=\"og:image:height\" content=\"1707\" \/>\n\t<meta property=\"og:image:type\" content=\"image\/jpeg\" \/>\n<meta name=\"twitter:card\" content=\"summary_large_image\" \/>\n<meta name=\"twitter:label1\" content=\"Tempo di lettura stimato\" \/>\n\t<meta name=\"twitter:data1\" content=\"4 minuti\" \/>\n<script type=\"application\/ld+json\" class=\"yoast-schema-graph\">{\"@context\":\"https:\\\/\\\/schema.org\",\"@graph\":[{\"@type\":\"WebPage\",\"@id\":\"https:\\\/\\\/www.sgb-fss.ch\\\/it\\\/ambiti\\\/lavoro\\\/interpreti-quando-dove-come\\\/\",\"url\":\"https:\\\/\\\/www.sgb-fss.ch\\\/it\\\/ambiti\\\/lavoro\\\/interpreti-quando-dove-come\\\/\",\"name\":\"Interpreti: Quando? Dove? Come? - SGB-FSS\",\"isPartOf\":{\"@id\":\"https:\\\/\\\/www.sgb-fss.ch\\\/de\\\/#website\"},\"primaryImageOfPage\":{\"@id\":\"https:\\\/\\\/www.sgb-fss.ch\\\/it\\\/ambiti\\\/lavoro\\\/interpreti-quando-dove-come\\\/#primaryimage\"},\"image\":{\"@id\":\"https:\\\/\\\/www.sgb-fss.ch\\\/it\\\/ambiti\\\/lavoro\\\/interpreti-quando-dove-come\\\/#primaryimage\"},\"thumbnailUrl\":\"https:\\\/\\\/www.sgb-fss.ch\\\/content\\\/uploads\\\/2023\\\/05\\\/arbeit_dolemtscher-scaled-e1684151969823.jpg\",\"datePublished\":\"2023-04-25T12:00:44+00:00\",\"dateModified\":\"2024-09-16T13:28:39+00:00\",\"breadcrumb\":{\"@id\":\"https:\\\/\\\/www.sgb-fss.ch\\\/it\\\/ambiti\\\/lavoro\\\/interpreti-quando-dove-come\\\/#breadcrumb\"},\"inLanguage\":\"it-IT\",\"potentialAction\":[{\"@type\":\"ReadAction\",\"target\":[\"https:\\\/\\\/www.sgb-fss.ch\\\/it\\\/ambiti\\\/lavoro\\\/interpreti-quando-dove-come\\\/\"]}]},{\"@type\":\"ImageObject\",\"inLanguage\":\"it-IT\",\"@id\":\"https:\\\/\\\/www.sgb-fss.ch\\\/it\\\/ambiti\\\/lavoro\\\/interpreti-quando-dove-come\\\/#primaryimage\",\"url\":\"https:\\\/\\\/www.sgb-fss.ch\\\/content\\\/uploads\\\/2023\\\/05\\\/arbeit_dolemtscher-scaled-e1684151969823.jpg\",\"contentUrl\":\"https:\\\/\\\/www.sgb-fss.ch\\\/content\\\/uploads\\\/2023\\\/05\\\/arbeit_dolemtscher-scaled-e1684151969823.jpg\",\"width\":2560,\"height\":1707,\"caption\":\"Multi-ethnic group of business people in team meeting. Interpreter uses sign language to interpret business presentation to a hearing-impaired team member. The team conducts presentation using whiteboard, charts and graphs.\"},{\"@type\":\"BreadcrumbList\",\"@id\":\"https:\\\/\\\/www.sgb-fss.ch\\\/it\\\/ambiti\\\/lavoro\\\/interpreti-quando-dove-come\\\/#breadcrumb\",\"itemListElement\":[{\"@type\":\"ListItem\",\"position\":1,\"name\":\"Home\",\"item\":\"https:\\\/\\\/www.sgb-fss.ch\\\/it\\\/\"},{\"@type\":\"ListItem\",\"position\":2,\"name\":\"Ambiti\",\"item\":\"https:\\\/\\\/www.sgb-fss.ch\\\/it\\\/ambiti\\\/\"},{\"@type\":\"ListItem\",\"position\":3,\"name\":\"Lavoro\",\"item\":\"https:\\\/\\\/www.sgb-fss.ch\\\/it\\\/ambiti\\\/lavoro\\\/\"},{\"@type\":\"ListItem\",\"position\":4,\"name\":\"Interpreti: Quando? Dove? Come?\"}]},{\"@type\":\"WebSite\",\"@id\":\"https:\\\/\\\/www.sgb-fss.ch\\\/de\\\/#website\",\"url\":\"https:\\\/\\\/www.sgb-fss.ch\\\/de\\\/\",\"name\":\"SGB-FSS\",\"description\":\"\",\"potentialAction\":[{\"@type\":\"SearchAction\",\"target\":{\"@type\":\"EntryPoint\",\"urlTemplate\":\"https:\\\/\\\/www.sgb-fss.ch\\\/de\\\/?s={search_term_string}\"},\"query-input\":{\"@type\":\"PropertyValueSpecification\",\"valueRequired\":true,\"valueName\":\"search_term_string\"}}],\"inLanguage\":\"it-IT\"}]}<\/script>\n<!-- \/ Yoast SEO plugin. -->","yoast_head_json":{"title":"Interpreti: Quando? Dove? Come? - SGB-FSS","robots":{"index":"index","follow":"follow","max-snippet":"max-snippet:-1","max-image-preview":"max-image-preview:large","max-video-preview":"max-video-preview:-1"},"canonical":"https:\/\/www.sgb-fss.ch\/it\/ambiti\/lavoro\/interpreti-quando-dove-come\/","og_locale":"it_IT","og_type":"article","og_title":"Interpreti: Quando? Dove? Come? - SGB-FSS","og_description":"Affinch\u00e9 lo scambio con una persona sorda avvenga senza barriere in caso di appuntamenti [&hellip;]","og_url":"https:\/\/www.sgb-fss.ch\/it\/ambiti\/lavoro\/interpreti-quando-dove-come\/","og_site_name":"SGB-FSS","article_modified_time":"2024-09-16T13:28:39+00:00","og_image":[{"width":2560,"height":1707,"url":"https:\/\/www.sgb-fss.ch\/content\/uploads\/2023\/05\/arbeit_dolemtscher-scaled-e1684151969823.jpg","type":"image\/jpeg"}],"twitter_card":"summary_large_image","twitter_misc":{"Tempo di lettura stimato":"4 minuti"},"schema":{"@context":"https:\/\/schema.org","@graph":[{"@type":"WebPage","@id":"https:\/\/www.sgb-fss.ch\/it\/ambiti\/lavoro\/interpreti-quando-dove-come\/","url":"https:\/\/www.sgb-fss.ch\/it\/ambiti\/lavoro\/interpreti-quando-dove-come\/","name":"Interpreti: Quando? Dove? Come? - SGB-FSS","isPartOf":{"@id":"https:\/\/www.sgb-fss.ch\/de\/#website"},"primaryImageOfPage":{"@id":"https:\/\/www.sgb-fss.ch\/it\/ambiti\/lavoro\/interpreti-quando-dove-come\/#primaryimage"},"image":{"@id":"https:\/\/www.sgb-fss.ch\/it\/ambiti\/lavoro\/interpreti-quando-dove-come\/#primaryimage"},"thumbnailUrl":"https:\/\/www.sgb-fss.ch\/content\/uploads\/2023\/05\/arbeit_dolemtscher-scaled-e1684151969823.jpg","datePublished":"2023-04-25T12:00:44+00:00","dateModified":"2024-09-16T13:28:39+00:00","breadcrumb":{"@id":"https:\/\/www.sgb-fss.ch\/it\/ambiti\/lavoro\/interpreti-quando-dove-come\/#breadcrumb"},"inLanguage":"it-IT","potentialAction":[{"@type":"ReadAction","target":["https:\/\/www.sgb-fss.ch\/it\/ambiti\/lavoro\/interpreti-quando-dove-come\/"]}]},{"@type":"ImageObject","inLanguage":"it-IT","@id":"https:\/\/www.sgb-fss.ch\/it\/ambiti\/lavoro\/interpreti-quando-dove-come\/#primaryimage","url":"https:\/\/www.sgb-fss.ch\/content\/uploads\/2023\/05\/arbeit_dolemtscher-scaled-e1684151969823.jpg","contentUrl":"https:\/\/www.sgb-fss.ch\/content\/uploads\/2023\/05\/arbeit_dolemtscher-scaled-e1684151969823.jpg","width":2560,"height":1707,"caption":"Multi-ethnic group of business people in team meeting. Interpreter uses sign language to interpret business presentation to a hearing-impaired team member. The team conducts presentation using whiteboard, charts and graphs."},{"@type":"BreadcrumbList","@id":"https:\/\/www.sgb-fss.ch\/it\/ambiti\/lavoro\/interpreti-quando-dove-come\/#breadcrumb","itemListElement":[{"@type":"ListItem","position":1,"name":"Home","item":"https:\/\/www.sgb-fss.ch\/it\/"},{"@type":"ListItem","position":2,"name":"Ambiti","item":"https:\/\/www.sgb-fss.ch\/it\/ambiti\/"},{"@type":"ListItem","position":3,"name":"Lavoro","item":"https:\/\/www.sgb-fss.ch\/it\/ambiti\/lavoro\/"},{"@type":"ListItem","position":4,"name":"Interpreti: Quando? Dove? Come?"}]},{"@type":"WebSite","@id":"https:\/\/www.sgb-fss.ch\/de\/#website","url":"https:\/\/www.sgb-fss.ch\/de\/","name":"SGB-FSS","description":"","potentialAction":[{"@type":"SearchAction","target":{"@type":"EntryPoint","urlTemplate":"https:\/\/www.sgb-fss.ch\/de\/?s={search_term_string}"},"query-input":{"@type":"PropertyValueSpecification","valueRequired":true,"valueName":"search_term_string"}}],"inLanguage":"it-IT"}]}},"_links":{"self":[{"href":"https:\/\/www.sgb-fss.ch\/it\/wp-json\/wp\/v2\/pages\/11034","targetHints":{"allow":["GET"]}}],"collection":[{"href":"https:\/\/www.sgb-fss.ch\/it\/wp-json\/wp\/v2\/pages"}],"about":[{"href":"https:\/\/www.sgb-fss.ch\/it\/wp-json\/wp\/v2\/types\/page"}],"author":[{"embeddable":true,"href":"https:\/\/www.sgb-fss.ch\/it\/wp-json\/wp\/v2\/users\/40"}],"replies":[{"embeddable":true,"href":"https:\/\/www.sgb-fss.ch\/it\/wp-json\/wp\/v2\/comments?post=11034"}],"version-history":[{"count":27,"href":"https:\/\/www.sgb-fss.ch\/it\/wp-json\/wp\/v2\/pages\/11034\/revisions"}],"predecessor-version":[{"id":35432,"href":"https:\/\/www.sgb-fss.ch\/it\/wp-json\/wp\/v2\/pages\/11034\/revisions\/35432"}],"up":[{"embeddable":true,"href":"https:\/\/www.sgb-fss.ch\/it\/wp-json\/wp\/v2\/pages\/11932"}],"wp:featuredmedia":[{"embeddable":true,"href":"https:\/\/www.sgb-fss.ch\/it\/wp-json\/wp\/v2\/media\/16904"}],"wp:attachment":[{"href":"https:\/\/www.sgb-fss.ch\/it\/wp-json\/wp\/v2\/media?parent=11034"}],"curies":[{"name":"wp","href":"https:\/\/api.w.org\/{rel}","templated":true}]}}