{"id":10906,"date":"2023-04-25T14:22:07","date_gmt":"2023-04-25T12:22:07","guid":{"rendered":"https:\/\/www.sgb-fss.ch\/?page_id=10906"},"modified":"2025-01-08T15:09:01","modified_gmt":"2025-01-08T14:09:01","slug":"seminari","status":"publish","type":"page","link":"https:\/\/www.sgb-fss.ch\/it\/ambiti\/lavoro\/seminari\/","title":{"rendered":"Seminari"},"content":{"rendered":"\n<p class=\"is-style-lead\">Volete sviluppare ulteriormente la diversit\u00e0 nella vostra azienda? Lavorate gi\u00e0 con persone con deficit uditivo e volete saperne di pi\u00f9 sul lavoro di squadra e sulla comunicazione? Allora i nostri workshop sono la cosa giusta per voi.<\/p>\n\n\n\n<div class=\"wp-block-group has-sgb-fss-blue-15-background-color has-background is-layout-flow wp-block-group-is-layout-flow\">\n<h3 class=\"wp-block-heading\"><strong>Seminario di sensibilizzazione<\/strong><\/h3>\n\n\n\n<p><strong>Durata: da 2 a 2.5 ore<\/strong><\/p>\n\n\n\n<p>Nei nostri seminari di sensibilizzazione, mostriamo alla vostra azienda come si \u00e8 sviluppata socialmente la cultura sorda e vi insegniamo, con esempi, come pu\u00f2 avvenire una comunicazione di successo in un team.<\/p>\n<\/div>\n\n\n\n<p><\/p>\n\n\n\n<div class=\"wp-block-group has-schwarz-color has-sgb-fss-blue-30-background-color has-text-color has-background is-layout-flow wp-block-group-is-layout-flow\">\n<h3 class=\"wp-block-heading\"><strong><strong><strong>Seminari di sensibilizzazione, compreso il corso intensivo<\/strong><\/strong><\/strong><\/h3>\n\n\n\n<p><strong>Durata: da 2,5 a 3,5 ore<\/strong><\/p>\n\n\n\n<p>I nostri seminari, compreso un corso intensivo, sono adattati alle esigenze della vostra azienda. Oltre all&#8217;introduzione alla cultura sorda, ai partecipanti vengono insegnate le basi della lingua dei segni, la costruzione e la struttura delle frasi. I nostri insegnanti hanno molti anni di esperienza nell&#8217;insegnamento della lingua dei segni e attribuiscono grande importanza alla trasmissione delle conoscenze pi\u00f9 importanti all&#8217;interno dell&#8217;azienda.<\/p>\n<\/div>\n\n\n\n<p><\/p>\n\n\n\n<div class=\"wp-block-columns is-layout-flex wp-container-core-columns-is-layout-9d6595d7 wp-block-columns-is-layout-flex\">\n<div class=\"wp-block-column is-layout-flow wp-block-column-is-layout-flow\">\n<figure class=\"wp-block-image size-full\"><img loading=\"lazy\" decoding=\"async\" width=\"443\" height=\"498\" src=\"https:\/\/www.sgb-fss.ch\/content\/uploads\/2023\/03\/kurse.jpg\" alt=\"\" class=\"wp-image-12393\" srcset=\"https:\/\/www.sgb-fss.ch\/content\/uploads\/2023\/03\/kurse.jpg 443w, https:\/\/www.sgb-fss.ch\/content\/uploads\/2023\/03\/kurse-300x337.jpg 300w, https:\/\/www.sgb-fss.ch\/content\/uploads\/2023\/03\/kurse-150x169.jpg 150w, https:\/\/www.sgb-fss.ch\/content\/uploads\/2023\/03\/kurse-89x100.jpg 89w\" sizes=\"auto, (max-width: 443px) 100vw, 443px\" \/><\/figure>\n<\/div>\n\n\n\n<div class=\"wp-block-column is-layout-flow wp-block-column-is-layout-flow\">\n<h3 class=\"wp-block-heading has-text-align-center\">Saremo lieti di ricevere la vostra richiesta!<\/h3>\n\n\n\n<p class=\"has-text-align-center\">Possiamo adattare i seminari alle vostre idee e includere argomenti specifici importanti per la vostra azienda.<\/p>\n\n\n\n<div class=\"wp-block-buttons is-content-justification-center is-layout-flex wp-container-core-buttons-is-layout-16018d1d wp-block-buttons-is-layout-flex\">\n<div class=\"wp-block-button is-style-fill\"><a class=\"wp-block-button__link wp-element-button\" href=\"mailto:arbeit@sgb-fss.ch\" style=\"border-radius:100px\" target=\"_blank\" rel=\"noreferrer noopener\">Invia la richiesta<\/a><\/div>\n<\/div>\n<\/div>\n<\/div>\n\n\n\n<blockquote class=\"wp-block-quote has-schwarz-color has-sgb-fss-blue-30-background-color has-text-color has-background is-layout-flow wp-block-quote-is-layout-flow\">\n<p id=\"block-a6421a78-9792-4483-be54-b2843a389ac0\">Far sentire le persone sorde: Con noi le persone sorde sono pienamente integrate nella vita lavorativa quotidiana. In questo modo, abbattiamo le barriere e promuoviamo l&#8217;unione.<\/p>\n<cite>Ann-Kathrin Greutmann, Diversit\u00e0 e inclusione, Z\u00fcrcher Kantonalbank<\/cite><\/blockquote>\n\n\n<div class=\"block block-teasercontacts block-teasercontacts--boxed\" id=\"block_38bb23b0d5d559d4747575b9d9fb3cb5\" data-block=\"Teaser Contacts\">\n    <div class=\"block-teasercontacts__header\"><p class=\"block-teasercontacts__title\">Domande sui nostri seminari? Non esiti a contattarmi.<\/p><\/div>    <div class=\"block-teasercontacts__list\">\n                                        <div class=\"block-teasercontacts__item\">\n                <div class=\"block-teasercontacts__link\">\n                    <div class=\"block-teasercontacts__media\">\n                        <div class=\"block-teasercontacts__thumbnail accent__darkred has-background-accent\">\n                                                              <div class=\"image block-teasercontacts__thumbnail-image\" >\n    <img decoding=\"async\"\n      loading=\"lazy\"\n      class=\"image__object lazyload\"\n      src=\"https:\/\/www.sgb-fss.ch\/content\/uploads\/2021\/06\/sabine-wolff-1440x0-c-default.jpg\"       data-sizes=\"auto\"\n      data-srcset=\"https:\/\/www.sgb-fss.ch\/content\/uploads\/2021\/06\/sabine-wolff-200x0-c-default.jpg 200w, https:\/\/www.sgb-fss.ch\/content\/uploads\/2021\/06\/sabine-wolff-100x0-c-default.jpg 100w, \"\n      alt=\"\"\n      width=\"567\"\n      height=\"567\"\n            >\n  <\/div>\n                                                    <\/div>\n                    <\/div>\n                    <div class=\"block-teasercontacts__text\">\n                        <p class=\"block-teasercontacts__name\"><strong><a href=\"https:\/\/www.sgb-fss.ch\/it\/team\/sabine-wolff\/\">Sabine Wolff<\/a><\/strong><\/p>\n                        <p class=\"block-teasercontacts__lead\">Prodotti e Marchi<\/p>                    <\/div>\n                    <div class=\"block-teasercontacts__contacts\">\n                                                    <p>\n                                                                <a class=\"wp-block-button is-style-transparent\" href=\"mailto:s.wolff@sgb-fss.ch\"><span class=\"wp-block-button__link\"><i class=\"icon icon--mail\"><svg data-name=\"Ebene 1\" xmlns=\"http:\/\/www.w3.org\/2000\/svg\" viewBox=\"0 0 24 24\"><path d=\"M20.76 2.31H3.24A3.12 3.12 0 0 0 .12 5.43v13.14a3.12 3.12 0 0 0 3.12 3.12h17.52a3.12 3.12 0 0 0 3.12-3.12V5.43a3.12 3.12 0 0 0-3.12-3.12zM2.09 5a1.27 1.27 0 0 1 1.15-.78h17.52a1.24 1.24 0 0 1 1.11.74l.05.09-.09.06L12 12l-.07-.05-9.87-6.9zM22 18.57a1.26 1.26 0 0 1-1.26 1.27H3.24A1.27 1.27 0 0 1 2 18.57V7.21l9.5 6.69a.89.89 0 0 0 1 0L22 7.25z\"\/><\/svg><\/i><span class=\"wp-block-button__label\">s.wolff@sgb-fss.ch<\/span><\/span><\/a>                                                            <\/p>\n                                            <\/div>\n                <\/div>\n            <\/div>\n                    <\/div>\n<\/div>\n\n\n\n<h2 class=\"wp-block-heading\"><\/h2>\n\n\n\n<div class=\"wp-block-group has-schwarz-25-background-color has-background is-layout-constrained wp-block-group-is-layout-constrained\"><div class=\"block block-teaserpages\" id=\"block_388c751b24eee34f47a649eb120b0608\" data-block=\"Teaser Pages\">\n  <ul class=\"block-teaserpages__list\">\n            <li class=\"block-teaserpages__item\">\n        <a class=\"accent teaserpage\" href=\"https:\/\/www.sgb-fss.ch\/it\/downloads\/\">\n  <div class=\"teaserpage__thumbnail\">\n            <div class=\"image teaserpage__thumbnail-image\" >\n    <img decoding=\"async\"\n      loading=\"lazy\"\n      class=\"image__object lazyload\"\n      src=\"https:\/\/www.sgb-fss.ch\/content\/uploads\/2024\/01\/downloads-i-1440x0-c-default.jpg\"       data-sizes=\"auto\"\n      data-srcset=\"https:\/\/www.sgb-fss.ch\/content\/uploads\/2024\/01\/downloads-i-1000x0-c-default.jpg 1000w, https:\/\/www.sgb-fss.ch\/content\/uploads\/2024\/01\/downloads-i-700x0-c-default.jpg 700w, https:\/\/www.sgb-fss.ch\/content\/uploads\/2024\/01\/downloads-i-350x0-c-default.jpg 350w, \"\n      alt=\"\"\n      width=\"1890\"\n      height=\"1063\"\n            >\n  <\/div>\n      <\/div>\n  <h3 class=\"teaserpage__title\">Downloads<\/h3>\n  <p class=\"teaserpage__lead\">Qui troverete tutti i dati di questa pagina e di tutte le altre aree da scaricare.<\/p>  <\/a>\n      <\/li>\n    <\/ul>\n<\/div>\n<\/div>\n\n\n\n<div class=\"wp-block-group has-schwarz-25-background-color has-background is-layout-constrained wp-block-group-is-layout-constrained\">\n<h2 class=\"wp-block-heading has-text-align-center\">Indirizzi e contatti<\/h2>\n\n\n\n<div class=\"wp-block-columns alignwide are-vertically-aligned-top is-layout-flex wp-container-core-columns-is-layout-9d6595d7 wp-block-columns-is-layout-flex\">\n<div class=\"wp-block-column is-vertically-aligned-top is-layout-flow wp-block-column-is-layout-flow\">\n<figure class=\"wp-block-table is-style-regular\"><table class=\"has-fixed-layout\"><thead><tr><th><\/th><\/tr><\/thead><tbody><tr><td><strong>Beratungsstellen f\u00fcr Schwerh\u00f6rige<\/strong><br><strong>und Geh\u00f6rlose BFSUG<\/strong><br>A nome dell&#8217;URC e dell&#8217;AI, sosteniamo e collochiamo persone sorde e ipoudenti disoccupate<br><a href=\"https:\/\/www.bfsug.ch\/\" target=\"_blank\" rel=\"noreferrer noopener\">www.bfsug.ch<\/a><\/td><\/tr><tr><td><strong>BSFH Berufsfachschule<br>f\u00fcr Lernende mit H\u00f6r- und Kommunikationsbehinderung<\/strong><br>Scuola professionale per non udenti e ipoudenti. Vengono offerti un centinaio di corsi professionali diversi.<br><a href=\"http:\/\/xn--beratungsstellen%20fr%20schwerhrige%20und%20gehrlose%20bfsug%20betreuen%20und%20vermitteln%20im%20auftrag%20von%20rav%20und%20iv%20arbeitslose%20gehrlose%20und%20hrbehinderte%20personen-86rq5hp70h.%20www.bfsug.ch\/\">www.bfsh.ch<\/a><\/td><\/tr><tr><td><strong>DIMA &#8211; Verein f\u00fcr Sprache und Integration<\/strong><br>Corsi su misura e materiali didattici per l&#8217;integrazione e il perfezionamento sul posto di lavoro<br><a href=\"https:\/\/www.dima-glz.ch\/\" target=\"_blank\" rel=\"noreferrer noopener\">www.dima-glz.ch<\/a><br><\/td><\/tr><\/tbody><\/table><\/figure>\n<\/div>\n\n\n\n<div class=\"wp-block-column is-vertically-aligned-top is-layout-flow wp-block-column-is-layout-flow\">\n<figure class=\"wp-block-table is-style-regular\"><table class=\"has-fixed-layout\"><thead><tr><th><\/th><\/tr><\/thead><tbody><tr><td><strong><strong>GHE-CES<\/strong><\/strong> <strong><strong>Electronic AG<\/strong><\/strong><br>Sviluppa, produce e distribuisce ausili tecnici per persone con problemi di udito<br><a href=\"https:\/\/www.ghe.ch\/de\/default.aspx\" target=\"_blank\" rel=\"noreferrer noopener\">www.ghe.ch<\/a><\/td><\/tr><tr><td><strong><strong>Gleichcom AG<\/strong><br><\/strong>Consigli per il collegamento degli apparecchi acustici tecnici ai sistemi acustici<br><a href=\"https:\/\/www.gleichcom.ch\/\" target=\"_blank\" rel=\"noreferrer noopener\">www.gleichcom.ch<\/a><\/td><\/tr><tr><td><strong>AI uffici Cantoni<br><\/strong><a href=\"http:\/\/www.avs-ai.ch\" target=\"_blank\" rel=\"noreferrer noopener\">www.avs-ai.c<\/a><a href=\"https:\/\/www.ahv-iv.ch\/it\/\" target=\"_blank\" rel=\"noreferrer noopener\">h<\/a><br><a href=\"https:\/\/www.ahv-iv.ch\/it\/Contatti\/Casse-cantonali-di-compensazione\" target=\"_blank\" rel=\"noreferrer noopener\">www.ausgleichskasse.ch<\/a><\/td><\/tr><tr><td><strong><strong>Rete Interpreti Sordi<\/strong><\/strong><br>Servizi di interpretariato in DSGS e viceversa<br><a href=\"https:\/\/netzwerk-gsd.ch\/\" target=\"_blank\" rel=\"noreferrer noopener\">www.netzwerk-gsd.ch<\/a><br><\/td><\/tr><\/tbody><\/table><\/figure>\n<\/div>\n\n\n\n<div class=\"wp-block-column is-layout-flow wp-block-column-is-layout-flow\">\n<figure class=\"wp-block-table\"><table class=\"has-fixed-layout\"><thead><tr><th><\/th><\/tr><\/thead><tbody><tr><td><strong>Procom<br><\/strong>Messa a disposizione di interpreti e videocom per le persone sorde telefoniche<br><a href=\"https:\/\/www.procom-deaf.ch\/it\/Default.aspx\" target=\"_blank\" rel=\"noreferrer noopener\">www.procom-deaf.ch<\/a><\/td><\/tr><tr><td><strong>pro audito Svizzera<\/strong><br>La lingua diventa testo.<br>Mediazione degli interpreti scritti<br><a href=\"https:\/\/www.pro-audito.ch\/\" target=\"_blank\" rel=\"noreferrer noopener\">www.pro-audito.ch<\/a><\/td><\/tr><tr><td><strong>Travail.Suisse Formation TSF<\/strong><br>Informazioni sull&#8217;accesso alla formazione continua pubblica accessibile per gli adulti<br><a href=\"https:\/\/www.ts-formation.ch\/it\" target=\"_blank\" rel=\"noreferrer noopener\">www.ts-formation.ch<\/a><\/td><\/tr><tr><td><strong>UCBCiechi<\/strong><br>Informazioni sui disturbi dell&#8217;udito<br><a href=\"https:\/\/www.ucbc.ch\/\" target=\"_blank\" rel=\"noreferrer noopener\">www.ucbc.ch<\/a><br><\/td><\/tr><\/tbody><\/table><\/figure>\n<\/div>\n<\/div>\n<\/div>\n\n\n\n<figure class=\"wp-block-image aligncenter size-full is-resized\"><a href=\"https:\/\/www.edi.admin.ch\/edi\/it\/home\/fachstellen\/ufpd.html\" target=\"_blank\" rel=\"noreferrer noopener\"><img loading=\"lazy\" decoding=\"async\" width=\"775\" height=\"296\" src=\"https:\/\/www.sgb-fss.ch\/content\/uploads\/2023\/02\/ebgb_d_sw_neg_hoch.png\" alt=\"\" class=\"wp-image-10472\" style=\"width:388px;height:148px\" srcset=\"https:\/\/www.sgb-fss.ch\/content\/uploads\/2023\/02\/ebgb_d_sw_neg_hoch.png 775w, https:\/\/www.sgb-fss.ch\/content\/uploads\/2023\/02\/ebgb_d_sw_neg_hoch-300x115.png 300w, https:\/\/www.sgb-fss.ch\/content\/uploads\/2023\/02\/ebgb_d_sw_neg_hoch-150x57.png 150w, https:\/\/www.sgb-fss.ch\/content\/uploads\/2023\/02\/ebgb_d_sw_neg_hoch-768x293.png 768w, https:\/\/www.sgb-fss.ch\/content\/uploads\/2023\/02\/ebgb_d_sw_neg_hoch-200x76.png 200w, https:\/\/www.sgb-fss.ch\/content\/uploads\/2023\/02\/ebgb_d_sw_neg_hoch-600x229.png 600w\" sizes=\"auto, (max-width: 775px) 100vw, 775px\" \/><\/a><\/figure>\n","protected":false},"excerpt":{"rendered":"<p>Volete sviluppare ulteriormente la diversit\u00e0 nella vostra azienda? Lavorate gi\u00e0 con persone con deficit [&hellip;]<\/p>\n","protected":false},"author":8,"featured_media":16756,"parent":11932,"menu_order":0,"comment_status":"closed","ping_status":"closed","template":"","meta":{"_acf_changed":false,"inline_featured_image":false,"footnotes":""},"class_list":["post-10906","page","type-page","status-publish","has-post-thumbnail","hentry"],"acf":[],"yoast_head":"<!-- This site is optimized with the Yoast SEO plugin v27.4 - https:\/\/yoast.com\/product\/yoast-seo-wordpress\/ -->\n<title>Seminari - SGB-FSS<\/title>\n<meta name=\"robots\" content=\"index, follow, max-snippet:-1, max-image-preview:large, max-video-preview:-1\" \/>\n<link rel=\"canonical\" href=\"https:\/\/www.sgb-fss.ch\/it\/ambiti\/lavoro\/seminari\/\" \/>\n<meta property=\"og:locale\" content=\"it_IT\" \/>\n<meta property=\"og:type\" content=\"article\" \/>\n<meta property=\"og:title\" content=\"Seminari - SGB-FSS\" \/>\n<meta property=\"og:description\" content=\"Volete sviluppare ulteriormente la diversit\u00e0 nella vostra azienda? Lavorate gi\u00e0 con persone con deficit [&hellip;]\" \/>\n<meta property=\"og:url\" content=\"https:\/\/www.sgb-fss.ch\/it\/ambiti\/lavoro\/seminari\/\" \/>\n<meta property=\"og:site_name\" content=\"SGB-FSS\" \/>\n<meta property=\"article:modified_time\" content=\"2025-01-08T14:09:01+00:00\" \/>\n<meta property=\"og:image\" content=\"https:\/\/www.sgb-fss.ch\/content\/uploads\/2023\/05\/erfolgreiche-kommunikation_it.jpg\" \/>\n\t<meta property=\"og:image:width\" content=\"982\" \/>\n\t<meta property=\"og:image:height\" content=\"550\" \/>\n\t<meta property=\"og:image:type\" content=\"image\/jpeg\" \/>\n<meta name=\"twitter:card\" content=\"summary_large_image\" \/>\n<meta name=\"twitter:label1\" content=\"Tempo di lettura stimato\" \/>\n\t<meta name=\"twitter:data1\" content=\"3 minuti\" \/>\n<script type=\"application\/ld+json\" class=\"yoast-schema-graph\">{\"@context\":\"https:\\\/\\\/schema.org\",\"@graph\":[{\"@type\":\"WebPage\",\"@id\":\"https:\\\/\\\/www.sgb-fss.ch\\\/it\\\/ambiti\\\/lavoro\\\/seminari\\\/\",\"url\":\"https:\\\/\\\/www.sgb-fss.ch\\\/it\\\/ambiti\\\/lavoro\\\/seminari\\\/\",\"name\":\"Seminari - SGB-FSS\",\"isPartOf\":{\"@id\":\"https:\\\/\\\/www.sgb-fss.ch\\\/de\\\/#website\"},\"primaryImageOfPage\":{\"@id\":\"https:\\\/\\\/www.sgb-fss.ch\\\/it\\\/ambiti\\\/lavoro\\\/seminari\\\/#primaryimage\"},\"image\":{\"@id\":\"https:\\\/\\\/www.sgb-fss.ch\\\/it\\\/ambiti\\\/lavoro\\\/seminari\\\/#primaryimage\"},\"thumbnailUrl\":\"https:\\\/\\\/www.sgb-fss.ch\\\/content\\\/uploads\\\/2023\\\/05\\\/erfolgreiche-kommunikation_it.jpg\",\"datePublished\":\"2023-04-25T12:22:07+00:00\",\"dateModified\":\"2025-01-08T14:09:01+00:00\",\"breadcrumb\":{\"@id\":\"https:\\\/\\\/www.sgb-fss.ch\\\/it\\\/ambiti\\\/lavoro\\\/seminari\\\/#breadcrumb\"},\"inLanguage\":\"it-IT\",\"potentialAction\":[{\"@type\":\"ReadAction\",\"target\":[\"https:\\\/\\\/www.sgb-fss.ch\\\/it\\\/ambiti\\\/lavoro\\\/seminari\\\/\"]}]},{\"@type\":\"ImageObject\",\"inLanguage\":\"it-IT\",\"@id\":\"https:\\\/\\\/www.sgb-fss.ch\\\/it\\\/ambiti\\\/lavoro\\\/seminari\\\/#primaryimage\",\"url\":\"https:\\\/\\\/www.sgb-fss.ch\\\/content\\\/uploads\\\/2023\\\/05\\\/erfolgreiche-kommunikation_it.jpg\",\"contentUrl\":\"https:\\\/\\\/www.sgb-fss.ch\\\/content\\\/uploads\\\/2023\\\/05\\\/erfolgreiche-kommunikation_it.jpg\",\"width\":982,\"height\":550},{\"@type\":\"BreadcrumbList\",\"@id\":\"https:\\\/\\\/www.sgb-fss.ch\\\/it\\\/ambiti\\\/lavoro\\\/seminari\\\/#breadcrumb\",\"itemListElement\":[{\"@type\":\"ListItem\",\"position\":1,\"name\":\"Home\",\"item\":\"https:\\\/\\\/www.sgb-fss.ch\\\/it\\\/\"},{\"@type\":\"ListItem\",\"position\":2,\"name\":\"Ambiti\",\"item\":\"https:\\\/\\\/www.sgb-fss.ch\\\/it\\\/ambiti\\\/\"},{\"@type\":\"ListItem\",\"position\":3,\"name\":\"Lavoro\",\"item\":\"https:\\\/\\\/www.sgb-fss.ch\\\/it\\\/ambiti\\\/lavoro\\\/\"},{\"@type\":\"ListItem\",\"position\":4,\"name\":\"Seminari\"}]},{\"@type\":\"WebSite\",\"@id\":\"https:\\\/\\\/www.sgb-fss.ch\\\/de\\\/#website\",\"url\":\"https:\\\/\\\/www.sgb-fss.ch\\\/de\\\/\",\"name\":\"SGB-FSS\",\"description\":\"\",\"potentialAction\":[{\"@type\":\"SearchAction\",\"target\":{\"@type\":\"EntryPoint\",\"urlTemplate\":\"https:\\\/\\\/www.sgb-fss.ch\\\/de\\\/?s={search_term_string}\"},\"query-input\":{\"@type\":\"PropertyValueSpecification\",\"valueRequired\":true,\"valueName\":\"search_term_string\"}}],\"inLanguage\":\"it-IT\"}]}<\/script>\n<!-- \/ Yoast SEO plugin. -->","yoast_head_json":{"title":"Seminari - SGB-FSS","robots":{"index":"index","follow":"follow","max-snippet":"max-snippet:-1","max-image-preview":"max-image-preview:large","max-video-preview":"max-video-preview:-1"},"canonical":"https:\/\/www.sgb-fss.ch\/it\/ambiti\/lavoro\/seminari\/","og_locale":"it_IT","og_type":"article","og_title":"Seminari - SGB-FSS","og_description":"Volete sviluppare ulteriormente la diversit\u00e0 nella vostra azienda? Lavorate gi\u00e0 con persone con deficit [&hellip;]","og_url":"https:\/\/www.sgb-fss.ch\/it\/ambiti\/lavoro\/seminari\/","og_site_name":"SGB-FSS","article_modified_time":"2025-01-08T14:09:01+00:00","og_image":[{"width":982,"height":550,"url":"https:\/\/www.sgb-fss.ch\/content\/uploads\/2023\/05\/erfolgreiche-kommunikation_it.jpg","type":"image\/jpeg"}],"twitter_card":"summary_large_image","twitter_misc":{"Tempo di lettura stimato":"3 minuti"},"schema":{"@context":"https:\/\/schema.org","@graph":[{"@type":"WebPage","@id":"https:\/\/www.sgb-fss.ch\/it\/ambiti\/lavoro\/seminari\/","url":"https:\/\/www.sgb-fss.ch\/it\/ambiti\/lavoro\/seminari\/","name":"Seminari - SGB-FSS","isPartOf":{"@id":"https:\/\/www.sgb-fss.ch\/de\/#website"},"primaryImageOfPage":{"@id":"https:\/\/www.sgb-fss.ch\/it\/ambiti\/lavoro\/seminari\/#primaryimage"},"image":{"@id":"https:\/\/www.sgb-fss.ch\/it\/ambiti\/lavoro\/seminari\/#primaryimage"},"thumbnailUrl":"https:\/\/www.sgb-fss.ch\/content\/uploads\/2023\/05\/erfolgreiche-kommunikation_it.jpg","datePublished":"2023-04-25T12:22:07+00:00","dateModified":"2025-01-08T14:09:01+00:00","breadcrumb":{"@id":"https:\/\/www.sgb-fss.ch\/it\/ambiti\/lavoro\/seminari\/#breadcrumb"},"inLanguage":"it-IT","potentialAction":[{"@type":"ReadAction","target":["https:\/\/www.sgb-fss.ch\/it\/ambiti\/lavoro\/seminari\/"]}]},{"@type":"ImageObject","inLanguage":"it-IT","@id":"https:\/\/www.sgb-fss.ch\/it\/ambiti\/lavoro\/seminari\/#primaryimage","url":"https:\/\/www.sgb-fss.ch\/content\/uploads\/2023\/05\/erfolgreiche-kommunikation_it.jpg","contentUrl":"https:\/\/www.sgb-fss.ch\/content\/uploads\/2023\/05\/erfolgreiche-kommunikation_it.jpg","width":982,"height":550},{"@type":"BreadcrumbList","@id":"https:\/\/www.sgb-fss.ch\/it\/ambiti\/lavoro\/seminari\/#breadcrumb","itemListElement":[{"@type":"ListItem","position":1,"name":"Home","item":"https:\/\/www.sgb-fss.ch\/it\/"},{"@type":"ListItem","position":2,"name":"Ambiti","item":"https:\/\/www.sgb-fss.ch\/it\/ambiti\/"},{"@type":"ListItem","position":3,"name":"Lavoro","item":"https:\/\/www.sgb-fss.ch\/it\/ambiti\/lavoro\/"},{"@type":"ListItem","position":4,"name":"Seminari"}]},{"@type":"WebSite","@id":"https:\/\/www.sgb-fss.ch\/de\/#website","url":"https:\/\/www.sgb-fss.ch\/de\/","name":"SGB-FSS","description":"","potentialAction":[{"@type":"SearchAction","target":{"@type":"EntryPoint","urlTemplate":"https:\/\/www.sgb-fss.ch\/de\/?s={search_term_string}"},"query-input":{"@type":"PropertyValueSpecification","valueRequired":true,"valueName":"search_term_string"}}],"inLanguage":"it-IT"}]}},"_links":{"self":[{"href":"https:\/\/www.sgb-fss.ch\/it\/wp-json\/wp\/v2\/pages\/10906","targetHints":{"allow":["GET"]}}],"collection":[{"href":"https:\/\/www.sgb-fss.ch\/it\/wp-json\/wp\/v2\/pages"}],"about":[{"href":"https:\/\/www.sgb-fss.ch\/it\/wp-json\/wp\/v2\/types\/page"}],"author":[{"embeddable":true,"href":"https:\/\/www.sgb-fss.ch\/it\/wp-json\/wp\/v2\/users\/8"}],"replies":[{"embeddable":true,"href":"https:\/\/www.sgb-fss.ch\/it\/wp-json\/wp\/v2\/comments?post=10906"}],"version-history":[{"count":51,"href":"https:\/\/www.sgb-fss.ch\/it\/wp-json\/wp\/v2\/pages\/10906\/revisions"}],"predecessor-version":[{"id":36498,"href":"https:\/\/www.sgb-fss.ch\/it\/wp-json\/wp\/v2\/pages\/10906\/revisions\/36498"}],"up":[{"embeddable":true,"href":"https:\/\/www.sgb-fss.ch\/it\/wp-json\/wp\/v2\/pages\/11932"}],"wp:featuredmedia":[{"embeddable":true,"href":"https:\/\/www.sgb-fss.ch\/it\/wp-json\/wp\/v2\/media\/16756"}],"wp:attachment":[{"href":"https:\/\/www.sgb-fss.ch\/it\/wp-json\/wp\/v2\/media?parent=10906"}],"curies":[{"name":"wp","href":"https:\/\/api.w.org\/{rel}","templated":true}]}}