{"id":9293,"date":"2022-10-21T17:29:31","date_gmt":"2022-10-21T15:29:31","guid":{"rendered":"https:\/\/www.sgb-fss.ch\/?page_id=9293"},"modified":"2024-01-25T13:42:32","modified_gmt":"2024-01-25T12:42:32","slug":"empowerment-politique","status":"publish","type":"page","link":"https:\/\/www.sgb-fss.ch\/fr\/domaines\/travail-politique\/empowerment-politique\/","title":{"rendered":"Empowerment politique"},"content":{"rendered":"\n<p class=\"is-style-lead\">La F\u00e9d\u00e9ration Suisse des Sourds d\u00e9fend les int\u00e9r\u00eats des personnes sourdes et malentendantes aupr\u00e8s des instances politiques. Elle s&rsquo;engage pour que tous les domaines de la vie soient accessibles aux personnes sourdes et malentendantes.<\/p>\n\n\n\n<figure class=\"wp-block-image size-large is-style-default\"><img loading=\"lazy\" decoding=\"async\" width=\"1024\" height=\"575\" src=\"https:\/\/www.sgb-fss.ch\/content\/uploads\/2023\/02\/img_5124-1024x575.jpg\" alt=\"\" class=\"wp-image-10352\" srcset=\"https:\/\/www.sgb-fss.ch\/content\/uploads\/2023\/02\/img_5124-1024x575.jpg 1024w, https:\/\/www.sgb-fss.ch\/content\/uploads\/2023\/02\/img_5124-300x169.jpg 300w, https:\/\/www.sgb-fss.ch\/content\/uploads\/2023\/02\/img_5124-150x84.jpg 150w, https:\/\/www.sgb-fss.ch\/content\/uploads\/2023\/02\/img_5124-768x432.jpg 768w, https:\/\/www.sgb-fss.ch\/content\/uploads\/2023\/02\/img_5124-1536x863.jpg 1536w, https:\/\/www.sgb-fss.ch\/content\/uploads\/2023\/02\/img_5124-2048x1151.jpg 2048w, https:\/\/www.sgb-fss.ch\/content\/uploads\/2023\/02\/img_5124-178x100.jpg 178w, https:\/\/www.sgb-fss.ch\/content\/uploads\/2023\/02\/img_5124-600x337.jpg 600w\" sizes=\"auto, (max-width: 1024px) 100vw, 1024px\" \/><\/figure>\n\n\n\n<p><strong>\u00c9galit\u00e9 des chances<br><\/strong>Nous nous engageons \u00e0 ce que les personnes sourdes et malentendantes puissent participer activement aux d\u00e9bats politiques et sociaux. C&rsquo;est la seule fa\u00e7on de garantir l&rsquo;exercice de leurs droits et leurs devoirs d\u00e9mocratiques et que les conditions sociales soient \u00e9galement adapt\u00e9es \u00e0 leurs besoins.<\/p>\n\n\n\n<p>La F\u00e9d\u00e9ration Suisse des Sourds, en collaboration avec le Bureau f\u00e9d\u00e9ral de l&rsquo;\u00e9galit\u00e9 pour les personnes handicap\u00e9es (BFEH) et la Fondation Max Bircher, soutient cet engagement politique par le biais de diff\u00e9rentes offres.<\/p>\n\n\n\n<div class=\"wp-block-group is-layout-constrained wp-block-group-is-layout-constrained\">\n<div class=\"wp-block-columns is-layout-flex wp-container-core-columns-is-layout-9d6595d7 wp-block-columns-is-layout-flex\">\n<div class=\"wp-block-column has-sgb-fss-rot-50-background-color has-background is-layout-flow wp-block-column-is-layout-flow\">\n<p class=\"has-text-align-center\"><strong>Bulletin d&rsquo;information<br><\/strong>Vous souhaitez rester au courant de l&rsquo;actualit\u00e9 et de l&rsquo;information? <\/p>\n\n\n\n<div class=\"wp-block-buttons is-content-justification-center is-layout-flex wp-container-core-buttons-is-layout-16018d1d wp-block-buttons-is-layout-flex\">\n<div class=\"wp-block-button\"><a class=\"wp-block-button__link has-sgb-fss-rot-background-color has-background wp-element-button\" href=\"https:\/\/www.sgb-fss.ch\/de\/politischer-newsletter\/\" target=\"_blank\" rel=\"noreferrer noopener\"><strong><strong>Inscription \u00e0 la newsletter<\/strong><\/strong><\/a><\/div>\n<\/div>\n<\/div>\n\n\n\n<div class=\"wp-block-column has-sgb-fss-blue-30-background-color has-background is-layout-flow wp-block-column-is-layout-flow\">\n<p class=\"has-text-align-center\"><strong>S\u00e9minaires politiques<\/strong><br>Vous souhaitez prendre une part active \u00e0 la vie politique? <\/p>\n\n\n\n<div class=\"wp-block-buttons is-content-justification-center is-layout-flex wp-container-core-buttons-is-layout-16018d1d wp-block-buttons-is-layout-flex\">\n<div class=\"wp-block-button\"><a class=\"wp-block-button__link has-sgb-fss-rot-background-color has-background wp-element-button\" href=\"https:\/\/plate-forme-inscription.sgb-fss.ch\/\" target=\"_blank\" rel=\"noreferrer noopener\"><strong><strong>Inscription aux s\u00e9minaires<\/strong><\/strong><\/a><\/div>\n<\/div>\n<\/div>\n\n\n\n<div class=\"wp-block-column has-pflaume-10-background-color has-background is-layout-flow wp-block-column-is-layout-flow\">\n<p class=\"has-text-align-center\"><strong>Plateforme de la communaut\u00e9<\/strong><br>Vous souhaitez \u00e9changer avec des personnes int\u00e9ress\u00e9es par la politique au sein de notre communaut\u00e9?<\/p>\n\n\n\n<div class=\"wp-block-buttons is-content-justification-center is-layout-flex wp-container-core-buttons-is-layout-16018d1d wp-block-buttons-is-layout-flex\">\n<div class=\"wp-block-button\"><a class=\"wp-block-button__link has-sgb-fss-rot-background-color has-background wp-element-button\" href=\"https:\/\/www.tuurio.com\/dashboard\/#\/session\/login?redirect=%2Finvitation%2Fschool%3Fid%3D62bace8b160ab74d8d4516dc%26community%3D641aba3d2e0ac83ec67b20a2\" target=\"_blank\" rel=\"noreferrer noopener\"><strong><strong>Inscription \u00e0 la plateforme<\/strong><\/strong><\/a><\/div>\n<\/div>\n<\/div>\n<\/div>\n<\/div>\n\n\n<div class=\"block block-teasercontacts block-teasercontacts--boxed\" id=\"block_84d5f7340741dcd51d0113ebd5d1ef30\" data-block=\"Teaser Contacts\">\n    <div class=\"block-teasercontacts__header\"><p class=\"block-teasercontacts__title\">Des questions sur l&#8217;empowerment politique? N&rsquo;h\u00e9sitez pas \u00e0 me contacter.<\/p><\/div>    <div class=\"block-teasercontacts__list\">\n                                        <div class=\"block-teasercontacts__item\">\n                <div class=\"block-teasercontacts__link\">\n                    <div class=\"block-teasercontacts__media\">\n                        <div class=\"block-teasercontacts__thumbnail accent__violet has-background-accent\">\n                                                              <div class=\"image block-teasercontacts__thumbnail-image\" >\n    <img decoding=\"async\"\n      loading=\"lazy\"\n      class=\"image__object lazyload\"\n      src=\"https:\/\/www.sgb-fss.ch\/content\/uploads\/2023\/02\/tanja-krebedunkel-1440x0-c-default.jpg\"       data-sizes=\"auto\"\n      data-srcset=\"https:\/\/www.sgb-fss.ch\/content\/uploads\/2023\/02\/tanja-krebedunkel-200x0-c-default.jpg 200w, https:\/\/www.sgb-fss.ch\/content\/uploads\/2023\/02\/tanja-krebedunkel-100x0-c-default.jpg 100w, \"\n      alt=\"\"\n      width=\"567\"\n      height=\"567\"\n            >\n  <\/div>\n                                                    <\/div>\n                    <\/div>\n                    <div class=\"block-teasercontacts__text\">\n                        <p class=\"block-teasercontacts__name\"><strong><a href=\"https:\/\/www.sgb-fss.ch\/fr\/team\/tanja-krebedunkel\/\">Tanja Krebed\u00fcnkel<\/a><\/strong><\/p>\n                        <p class=\"block-teasercontacts__lead\">Empowerment politique<\/p>                    <\/div>\n                    <div class=\"block-teasercontacts__contacts\">\n                                                    <p>\n                                                                <a class=\"wp-block-button is-style-transparent\" href=\"mailto:t.krebeduenkel@sgb-fss.ch\"><span class=\"wp-block-button__link\"><i class=\"icon icon--mail\"><svg data-name=\"Ebene 1\" xmlns=\"http:\/\/www.w3.org\/2000\/svg\" viewBox=\"0 0 24 24\"><path d=\"M20.76 2.31H3.24A3.12 3.12 0 0 0 .12 5.43v13.14a3.12 3.12 0 0 0 3.12 3.12h17.52a3.12 3.12 0 0 0 3.12-3.12V5.43a3.12 3.12 0 0 0-3.12-3.12zM2.09 5a1.27 1.27 0 0 1 1.15-.78h17.52a1.24 1.24 0 0 1 1.11.74l.05.09-.09.06L12 12l-.07-.05-9.87-6.9zM22 18.57a1.26 1.26 0 0 1-1.26 1.27H3.24A1.27 1.27 0 0 1 2 18.57V7.21l9.5 6.69a.89.89 0 0 0 1 0L22 7.25z\"\/><\/svg><\/i><span class=\"wp-block-button__label\">t.krebeduenkel@sgb-fss.ch<\/span><\/span><\/a>                                                            <\/p>\n                                            <\/div>\n                <\/div>\n            <\/div>\n                    <\/div>\n<\/div>\n\n\n\n<figure class=\"wp-block-image aligncenter size-full\"><a href=\"https:\/\/www.edi.admin.ch\/edi\/de\/home\/fachstellen\/ebgb.html\" target=\"_blank\" rel=\"noreferrer noopener\"><img loading=\"lazy\" decoding=\"async\" width=\"393\" height=\"150\" src=\"https:\/\/www.sgb-fss.ch\/content\/uploads\/2023\/07\/logo-egb.png\" alt=\"\" class=\"wp-image-22075\" srcset=\"https:\/\/www.sgb-fss.ch\/content\/uploads\/2023\/07\/logo-egb.png 393w, https:\/\/www.sgb-fss.ch\/content\/uploads\/2023\/07\/logo-egb-300x115.png 300w, https:\/\/www.sgb-fss.ch\/content\/uploads\/2023\/07\/logo-egb-150x57.png 150w, https:\/\/www.sgb-fss.ch\/content\/uploads\/2023\/07\/logo-egb-200x76.png 200w\" sizes=\"auto, (max-width: 393px) 100vw, 393px\" \/><\/a><\/figure>\n\n\n\n<h2 class=\"wp-block-heading\"><\/h2>\n\n\n\n<div class=\"wp-block-group has-schwarz-25-background-color has-background is-layout-constrained wp-block-group-is-layout-constrained\"><div class=\"block block-teaserpages\" id=\"block_7070d4bec93a5642d229d1d5dd6d6d00\" data-block=\"Teaser Pages\">\n  <ul class=\"block-teaserpages__list\">\n            <li class=\"block-teaserpages__item\">\n        <a class=\"accent teaserpage\" href=\"https:\/\/www.sgb-fss.ch\/fr\/downloads\/\">\n  <div class=\"teaserpage__thumbnail\">\n            <div class=\"image teaserpage__thumbnail-image\" >\n    <img decoding=\"async\"\n      loading=\"lazy\"\n      class=\"image__object lazyload\"\n      src=\"https:\/\/www.sgb-fss.ch\/content\/uploads\/2024\/01\/downloads-f-1440x0-c-default.jpg\"       data-sizes=\"auto\"\n      data-srcset=\"https:\/\/www.sgb-fss.ch\/content\/uploads\/2024\/01\/downloads-f-1000x0-c-default.jpg 1000w, https:\/\/www.sgb-fss.ch\/content\/uploads\/2024\/01\/downloads-f-700x0-c-default.jpg 700w, https:\/\/www.sgb-fss.ch\/content\/uploads\/2024\/01\/downloads-f-350x0-c-default.jpg 350w, \"\n      alt=\"\"\n      width=\"1890\"\n      height=\"1063\"\n            >\n  <\/div>\n      <\/div>\n  <h3 class=\"teaserpage__title\">Downloads<\/h3>\n  <p class=\"teaserpage__lead\">Tu trouveras ici toutes les donn\u00e9es relatives \u00e0 cette page ainsi qu&rsquo;\u00e0 tous les autres domaines \u00e0 t\u00e9l\u00e9charger.<\/p>  <\/a>\n      <\/li>\n    <\/ul>\n<\/div>\n<\/div>\n","protected":false},"excerpt":{"rendered":"<p>La F\u00e9d\u00e9ration Suisse des Sourds d\u00e9fend les int\u00e9r\u00eats des personnes sourdes et malentendantes aupr\u00e8s [&hellip;]<\/p>\n","protected":false},"author":20,"featured_media":36837,"parent":22444,"menu_order":0,"comment_status":"closed","ping_status":"closed","template":"","meta":{"_acf_changed":false,"inline_featured_image":false,"footnotes":""},"class_list":["post-9293","page","type-page","status-publish","has-post-thumbnail","hentry"],"acf":[],"yoast_head":"<!-- This site is optimized with the Yoast SEO plugin v27.4 - https:\/\/yoast.com\/product\/yoast-seo-wordpress\/ -->\n<title>Empowerment politique - SGB-FSS<\/title>\n<meta name=\"robots\" content=\"index, follow, max-snippet:-1, max-image-preview:large, max-video-preview:-1\" \/>\n<link rel=\"canonical\" href=\"https:\/\/www.sgb-fss.ch\/fr\/domaines\/travail-politique\/empowerment-politique\/\" \/>\n<meta property=\"og:locale\" content=\"fr_FR\" \/>\n<meta property=\"og:type\" content=\"article\" \/>\n<meta property=\"og:title\" content=\"Empowerment politique - SGB-FSS\" \/>\n<meta property=\"og:description\" content=\"La F\u00e9d\u00e9ration Suisse des Sourds d\u00e9fend les int\u00e9r\u00eats des personnes sourdes et malentendantes aupr\u00e8s [&hellip;]\" \/>\n<meta property=\"og:url\" content=\"https:\/\/www.sgb-fss.ch\/fr\/domaines\/travail-politique\/empowerment-politique\/\" \/>\n<meta property=\"og:site_name\" content=\"SGB-FSS\" \/>\n<meta property=\"article:modified_time\" content=\"2024-01-25T12:42:32+00:00\" \/>\n<meta property=\"og:image\" content=\"https:\/\/www.sgb-fss.ch\/content\/uploads\/2023\/02\/img_5124-scaled.jpg\" \/>\n\t<meta property=\"og:image:width\" content=\"2560\" \/>\n\t<meta property=\"og:image:height\" content=\"1439\" \/>\n\t<meta property=\"og:image:type\" content=\"image\/jpeg\" \/>\n<meta name=\"twitter:card\" content=\"summary_large_image\" \/>\n<meta name=\"twitter:label1\" content=\"Dur\u00e9e de lecture estim\u00e9e\" \/>\n\t<meta name=\"twitter:data1\" content=\"2 minutes\" \/>\n<script type=\"application\/ld+json\" class=\"yoast-schema-graph\">{\"@context\":\"https:\\\/\\\/schema.org\",\"@graph\":[{\"@type\":\"WebPage\",\"@id\":\"https:\\\/\\\/www.sgb-fss.ch\\\/fr\\\/domaines\\\/travail-politique\\\/empowerment-politique\\\/\",\"url\":\"https:\\\/\\\/www.sgb-fss.ch\\\/fr\\\/domaines\\\/travail-politique\\\/empowerment-politique\\\/\",\"name\":\"Empowerment politique - SGB-FSS\",\"isPartOf\":{\"@id\":\"https:\\\/\\\/www.sgb-fss.ch\\\/de\\\/#website\"},\"primaryImageOfPage\":{\"@id\":\"https:\\\/\\\/www.sgb-fss.ch\\\/fr\\\/domaines\\\/travail-politique\\\/empowerment-politique\\\/#primaryimage\"},\"image\":{\"@id\":\"https:\\\/\\\/www.sgb-fss.ch\\\/fr\\\/domaines\\\/travail-politique\\\/empowerment-politique\\\/#primaryimage\"},\"thumbnailUrl\":\"https:\\\/\\\/www.sgb-fss.ch\\\/content\\\/uploads\\\/2025\\\/01\\\/2403_politikerinnen_treffen-06956_crop-edited-scaled.jpg\",\"datePublished\":\"2022-10-21T15:29:31+00:00\",\"dateModified\":\"2024-01-25T12:42:32+00:00\",\"breadcrumb\":{\"@id\":\"https:\\\/\\\/www.sgb-fss.ch\\\/fr\\\/domaines\\\/travail-politique\\\/empowerment-politique\\\/#breadcrumb\"},\"inLanguage\":\"fr-FR\",\"potentialAction\":[{\"@type\":\"ReadAction\",\"target\":[\"https:\\\/\\\/www.sgb-fss.ch\\\/fr\\\/domaines\\\/travail-politique\\\/empowerment-politique\\\/\"]}]},{\"@type\":\"ImageObject\",\"inLanguage\":\"fr-FR\",\"@id\":\"https:\\\/\\\/www.sgb-fss.ch\\\/fr\\\/domaines\\\/travail-politique\\\/empowerment-politique\\\/#primaryimage\",\"url\":\"https:\\\/\\\/www.sgb-fss.ch\\\/content\\\/uploads\\\/2025\\\/01\\\/2403_politikerinnen_treffen-06956_crop-edited-scaled.jpg\",\"contentUrl\":\"https:\\\/\\\/www.sgb-fss.ch\\\/content\\\/uploads\\\/2025\\\/01\\\/2403_politikerinnen_treffen-06956_crop-edited-scaled.jpg\",\"width\":2560,\"height\":1440,\"caption\":\"geh\u00f6rlose und h\u00f6rbehinderte Personen im Bundeshaus\"},{\"@type\":\"BreadcrumbList\",\"@id\":\"https:\\\/\\\/www.sgb-fss.ch\\\/fr\\\/domaines\\\/travail-politique\\\/empowerment-politique\\\/#breadcrumb\",\"itemListElement\":[{\"@type\":\"ListItem\",\"position\":1,\"name\":\"Home\",\"item\":\"https:\\\/\\\/www.sgb-fss.ch\\\/fr\\\/\"},{\"@type\":\"ListItem\",\"position\":2,\"name\":\"Domaines\",\"item\":\"https:\\\/\\\/www.sgb-fss.ch\\\/fr\\\/domaines\\\/\"},{\"@type\":\"ListItem\",\"position\":3,\"name\":\"Travail politique\",\"item\":\"https:\\\/\\\/www.sgb-fss.ch\\\/fr\\\/domaines\\\/travail-politique\\\/\"},{\"@type\":\"ListItem\",\"position\":4,\"name\":\"Empowerment politique\"}]},{\"@type\":\"WebSite\",\"@id\":\"https:\\\/\\\/www.sgb-fss.ch\\\/de\\\/#website\",\"url\":\"https:\\\/\\\/www.sgb-fss.ch\\\/de\\\/\",\"name\":\"SGB-FSS\",\"description\":\"\",\"potentialAction\":[{\"@type\":\"SearchAction\",\"target\":{\"@type\":\"EntryPoint\",\"urlTemplate\":\"https:\\\/\\\/www.sgb-fss.ch\\\/de\\\/?s={search_term_string}\"},\"query-input\":{\"@type\":\"PropertyValueSpecification\",\"valueRequired\":true,\"valueName\":\"search_term_string\"}}],\"inLanguage\":\"fr-FR\"}]}<\/script>\n<!-- \/ Yoast SEO plugin. -->","yoast_head_json":{"title":"Empowerment politique - SGB-FSS","robots":{"index":"index","follow":"follow","max-snippet":"max-snippet:-1","max-image-preview":"max-image-preview:large","max-video-preview":"max-video-preview:-1"},"canonical":"https:\/\/www.sgb-fss.ch\/fr\/domaines\/travail-politique\/empowerment-politique\/","og_locale":"fr_FR","og_type":"article","og_title":"Empowerment politique - SGB-FSS","og_description":"La F\u00e9d\u00e9ration Suisse des Sourds d\u00e9fend les int\u00e9r\u00eats des personnes sourdes et malentendantes aupr\u00e8s [&hellip;]","og_url":"https:\/\/www.sgb-fss.ch\/fr\/domaines\/travail-politique\/empowerment-politique\/","og_site_name":"SGB-FSS","article_modified_time":"2024-01-25T12:42:32+00:00","og_image":[{"width":2560,"height":1439,"url":"https:\/\/www.sgb-fss.ch\/content\/uploads\/2023\/02\/img_5124-scaled.jpg","type":"image\/jpeg"}],"twitter_card":"summary_large_image","twitter_misc":{"Dur\u00e9e de lecture estim\u00e9e":"2 minutes"},"schema":{"@context":"https:\/\/schema.org","@graph":[{"@type":"WebPage","@id":"https:\/\/www.sgb-fss.ch\/fr\/domaines\/travail-politique\/empowerment-politique\/","url":"https:\/\/www.sgb-fss.ch\/fr\/domaines\/travail-politique\/empowerment-politique\/","name":"Empowerment politique - SGB-FSS","isPartOf":{"@id":"https:\/\/www.sgb-fss.ch\/de\/#website"},"primaryImageOfPage":{"@id":"https:\/\/www.sgb-fss.ch\/fr\/domaines\/travail-politique\/empowerment-politique\/#primaryimage"},"image":{"@id":"https:\/\/www.sgb-fss.ch\/fr\/domaines\/travail-politique\/empowerment-politique\/#primaryimage"},"thumbnailUrl":"https:\/\/www.sgb-fss.ch\/content\/uploads\/2025\/01\/2403_politikerinnen_treffen-06956_crop-edited-scaled.jpg","datePublished":"2022-10-21T15:29:31+00:00","dateModified":"2024-01-25T12:42:32+00:00","breadcrumb":{"@id":"https:\/\/www.sgb-fss.ch\/fr\/domaines\/travail-politique\/empowerment-politique\/#breadcrumb"},"inLanguage":"fr-FR","potentialAction":[{"@type":"ReadAction","target":["https:\/\/www.sgb-fss.ch\/fr\/domaines\/travail-politique\/empowerment-politique\/"]}]},{"@type":"ImageObject","inLanguage":"fr-FR","@id":"https:\/\/www.sgb-fss.ch\/fr\/domaines\/travail-politique\/empowerment-politique\/#primaryimage","url":"https:\/\/www.sgb-fss.ch\/content\/uploads\/2025\/01\/2403_politikerinnen_treffen-06956_crop-edited-scaled.jpg","contentUrl":"https:\/\/www.sgb-fss.ch\/content\/uploads\/2025\/01\/2403_politikerinnen_treffen-06956_crop-edited-scaled.jpg","width":2560,"height":1440,"caption":"geh\u00f6rlose und h\u00f6rbehinderte Personen im Bundeshaus"},{"@type":"BreadcrumbList","@id":"https:\/\/www.sgb-fss.ch\/fr\/domaines\/travail-politique\/empowerment-politique\/#breadcrumb","itemListElement":[{"@type":"ListItem","position":1,"name":"Home","item":"https:\/\/www.sgb-fss.ch\/fr\/"},{"@type":"ListItem","position":2,"name":"Domaines","item":"https:\/\/www.sgb-fss.ch\/fr\/domaines\/"},{"@type":"ListItem","position":3,"name":"Travail politique","item":"https:\/\/www.sgb-fss.ch\/fr\/domaines\/travail-politique\/"},{"@type":"ListItem","position":4,"name":"Empowerment politique"}]},{"@type":"WebSite","@id":"https:\/\/www.sgb-fss.ch\/de\/#website","url":"https:\/\/www.sgb-fss.ch\/de\/","name":"SGB-FSS","description":"","potentialAction":[{"@type":"SearchAction","target":{"@type":"EntryPoint","urlTemplate":"https:\/\/www.sgb-fss.ch\/de\/?s={search_term_string}"},"query-input":{"@type":"PropertyValueSpecification","valueRequired":true,"valueName":"search_term_string"}}],"inLanguage":"fr-FR"}]}},"_links":{"self":[{"href":"https:\/\/www.sgb-fss.ch\/fr\/wp-json\/wp\/v2\/pages\/9293","targetHints":{"allow":["GET"]}}],"collection":[{"href":"https:\/\/www.sgb-fss.ch\/fr\/wp-json\/wp\/v2\/pages"}],"about":[{"href":"https:\/\/www.sgb-fss.ch\/fr\/wp-json\/wp\/v2\/types\/page"}],"author":[{"embeddable":true,"href":"https:\/\/www.sgb-fss.ch\/fr\/wp-json\/wp\/v2\/users\/20"}],"replies":[{"embeddable":true,"href":"https:\/\/www.sgb-fss.ch\/fr\/wp-json\/wp\/v2\/comments?post=9293"}],"version-history":[{"count":32,"href":"https:\/\/www.sgb-fss.ch\/fr\/wp-json\/wp\/v2\/pages\/9293\/revisions"}],"predecessor-version":[{"id":31920,"href":"https:\/\/www.sgb-fss.ch\/fr\/wp-json\/wp\/v2\/pages\/9293\/revisions\/31920"}],"up":[{"embeddable":true,"href":"https:\/\/www.sgb-fss.ch\/fr\/wp-json\/wp\/v2\/pages\/22444"}],"wp:featuredmedia":[{"embeddable":true,"href":"https:\/\/www.sgb-fss.ch\/fr\/wp-json\/wp\/v2\/media\/36837"}],"wp:attachment":[{"href":"https:\/\/www.sgb-fss.ch\/fr\/wp-json\/wp\/v2\/media?parent=9293"}],"curies":[{"name":"wp","href":"https:\/\/api.w.org\/{rel}","templated":true}]}}