{"id":9269,"date":"2022-10-21T17:24:34","date_gmt":"2022-10-21T15:24:34","guid":{"rendered":"https:\/\/www.sgb-fss.ch\/?page_id=9269"},"modified":"2025-07-08T21:17:15","modified_gmt":"2025-07-08T19:17:15","slug":"etre-sourd","status":"publish","type":"page","link":"https:\/\/www.sgb-fss.ch\/fr\/languesdessignes\/etre-sourd\/","title":{"rendered":"\u00catre sourd"},"content":{"rendered":"\n<p class=\"is-style-lead\">Les personnes sourdes per\u00e7oivent beaucoup de choses autour d&rsquo;elles et leur perception visuelle est d&rsquo;autant plus aiguis\u00e9e. Elles ont conscience des obstacles qui se dressent entre elles et les personnes entendantes. Nous souhaitons surmonter ces barri\u00e8res.<\/p>\n\n\n\n<figure class=\"wp-block-image size-large is-style-default\"><img decoding=\"async\" src=\"https:\/\/www.sgb-fss.ch\/content\/uploads\/2023\/05\/kultur_gehoerlose-scaled-e1684155012474.jpg\" alt=\"\" class=\"wp-image-17028\"\/><\/figure>\n\n\n\n<p><strong>\u00ab<strong>Hear my Story<\/strong>\u00bb<\/strong><br>Environ 20&rsquo;000 \u00e0 30&rsquo;000 personnes sourdes vivent en Suisse. Elles apprennent \u00e0 lire et \u00e0 \u00e9crire. Elles conduisent des voitures, apprennent un m\u00e9tier, travaillent, fondent une famille, font des achats, r\u00e9servent des vacances, signent des contrats de location et visitent des mus\u00e9es. En 6 courts portraits vid\u00e9o, <a href=\"https:\/\/www.sgb-fss.ch\/wp\/wp-admin\/post.php?post=2013&amp;action=edit\" target=\"_blank\" rel=\"noreferrer noopener\"><strong>\u00abHear my Story\u00bb<\/strong><\/a>&nbsp; donne un aper\u00e7u de cette culture fascinante des sourds et jette un coup d&rsquo;\u0153il dans les coulisses de leur quotidien.<\/p>\n\n\n\n<p><strong>Culture et soci\u00e9t\u00e9<\/strong><br>Les personnes sourdes peuvent \u00eatre sourdes de naissance ou na\u00eetre avec une autre forme de d\u00e9ficience auditive. Pour d&rsquo;autres, une maladie ou un accident a endommag\u00e9  partiellement ou totalement leur audition au cours de leur vie. Comme les personnes entendantes, elles ont chacune leur propre histoire.<\/p>\n\n\n\n<p>Les personnes qui signent pensent en images et parlent avec les mains en utilisant des mimiques et des gestes. Pour de nombreuses personnes entendantes, observer la langue des signes, une communication qui se passe des sons et se fonde sur les mouvements du corps, du visage et des mains, est une situation nouvelle, voire fascinante au d\u00e9but.<\/p>\n\n\n\n<blockquote class=\"wp-block-quote is-layout-flow wp-block-quote-is-layout-flow\">\n<p>Les acc\u00e8s sans barri\u00e8res permettent \u00e0 tous les individus de participer \u00e0 la vie sociale sur un pied d\u2019\u00e9galit\u00e9.<\/p>\n<cite>Gian Reto Janki, Participation sociale<\/cite><\/blockquote>\n\n\n\n<p><strong>Participation et \u00e9galit\u00e9 des chances<\/strong><br>Les personnes sourdes vivent une culture ouverte et chaleureuse. Elles n&rsquo;ont pas peur du contact avec le monde des entendants. Le silence, souvent difficile \u00e0 supporter pour les entendants, est une r\u00e9alit\u00e9 pour les personnes sourdes et ne constitue pas un inconv\u00e9nient. La langue des signes est leur langue maternelle.<\/p>\n\n\n\n<p><strong>Ensemble, nous sommes forts!<br><\/strong>Les personnes sourdes apprennent \u00e0 lire et \u00e0 \u00e9crire. Elles conduisent, apprennent un m\u00e9tier, travaillent, fondent une famille, font des achats, r\u00e9servent des vacances, signent des contrats de location et visitent des mus\u00e9es.<\/p>\n\n\n<div class=\"block block-teasercontacts block-teasercontacts--boxed\" id=\"block_d48dfa2c0873df92eba61a323d9a051a\" data-block=\"Teaser Contacts\">\n    <div class=\"block-teasercontacts__header\"><p class=\"block-teasercontacts__title\">Des questions sur le th\u00e8me \u00ab\u00catre sourd\u00bb? N&rsquo;h\u00e9sitez pas \u00e0 me contacter.<\/p><\/div>    <div class=\"block-teasercontacts__list\">\n                                        <div class=\"block-teasercontacts__item\">\n                <div class=\"block-teasercontacts__link\">\n                    <div class=\"block-teasercontacts__media\">\n                        <div class=\"block-teasercontacts__thumbnail accent__blue has-background-accent\">\n                                                              <div class=\"image block-teasercontacts__thumbnail-image\" >\n    <img decoding=\"async\"\n      loading=\"lazy\"\n      class=\"image__object lazyload\"\n      src=\"https:\/\/www.sgb-fss.ch\/content\/uploads\/2021\/06\/melanie-spiller-1440x0-c-default.jpg\"       data-sizes=\"auto\"\n      data-srcset=\"https:\/\/www.sgb-fss.ch\/content\/uploads\/2021\/06\/melanie-spiller-200x0-c-default.jpg 200w, https:\/\/www.sgb-fss.ch\/content\/uploads\/2021\/06\/melanie-spiller-100x0-c-default.jpg 100w, \"\n      alt=\"\"\n      width=\"567\"\n      height=\"567\"\n            >\n  <\/div>\n                                                    <\/div>\n                    <\/div>\n                    <div class=\"block-teasercontacts__text\">\n                        <p class=\"block-teasercontacts__name\"><strong><a href=\"https:\/\/www.sgb-fss.ch\/fr\/team\/melanie-spiller-reimann\/\">Melanie Spiller-Reimann<\/a><\/strong><\/p>\n                        <p class=\"block-teasercontacts__lead\">Cours et Famille\/\u00c9ducation<\/p>                    <\/div>\n                    <div class=\"block-teasercontacts__contacts\">\n                                                    <p>\n                                                                <a class=\"wp-block-button is-style-transparent\" href=\"mailto:m.spiller@sgb-fss.ch\"><span class=\"wp-block-button__link\"><i class=\"icon icon--mail\"><svg data-name=\"Ebene 1\" xmlns=\"http:\/\/www.w3.org\/2000\/svg\" viewBox=\"0 0 24 24\"><path d=\"M20.76 2.31H3.24A3.12 3.12 0 0 0 .12 5.43v13.14a3.12 3.12 0 0 0 3.12 3.12h17.52a3.12 3.12 0 0 0 3.12-3.12V5.43a3.12 3.12 0 0 0-3.12-3.12zM2.09 5a1.27 1.27 0 0 1 1.15-.78h17.52a1.24 1.24 0 0 1 1.11.74l.05.09-.09.06L12 12l-.07-.05-9.87-6.9zM22 18.57a1.26 1.26 0 0 1-1.26 1.27H3.24A1.27 1.27 0 0 1 2 18.57V7.21l9.5 6.69a.89.89 0 0 0 1 0L22 7.25z\"\/><\/svg><\/i><span class=\"wp-block-button__label\">m.spiller@sgb-fss.ch<\/span><\/span><\/a>                                                            <\/p>\n                                            <\/div>\n                <\/div>\n            <\/div>\n                    <\/div>\n<\/div>\n\n\n\n<h2 class=\"wp-block-heading\"><\/h2>\n\n\n\n<div class=\"wp-block-group has-schwarz-25-background-color has-background is-layout-constrained wp-block-group-is-layout-constrained\"><div class=\"block block-teaserpages\" id=\"block_d75b7b2907b13d9fa9a67344c9e4a144\" data-block=\"Teaser Pages\">\n  <ul class=\"block-teaserpages__list\">\n            <li class=\"block-teaserpages__item\">\n        <a class=\"accent teaserpage\" href=\"https:\/\/www.sgb-fss.ch\/fr\/downloads\/\">\n  <div class=\"teaserpage__thumbnail\">\n            <div class=\"image teaserpage__thumbnail-image\" >\n    <img decoding=\"async\"\n      loading=\"lazy\"\n      class=\"image__object lazyload\"\n      src=\"https:\/\/www.sgb-fss.ch\/content\/uploads\/2024\/01\/downloads-f-1440x0-c-default.jpg\"       data-sizes=\"auto\"\n      data-srcset=\"https:\/\/www.sgb-fss.ch\/content\/uploads\/2024\/01\/downloads-f-1000x0-c-default.jpg 1000w, https:\/\/www.sgb-fss.ch\/content\/uploads\/2024\/01\/downloads-f-700x0-c-default.jpg 700w, https:\/\/www.sgb-fss.ch\/content\/uploads\/2024\/01\/downloads-f-350x0-c-default.jpg 350w, \"\n      alt=\"\"\n      width=\"1890\"\n      height=\"1063\"\n            >\n  <\/div>\n      <\/div>\n  <h3 class=\"teaserpage__title\">Downloads<\/h3>\n  <p class=\"teaserpage__lead\">Tu trouveras ici toutes les donn\u00e9es relatives \u00e0 cette page ainsi qu&rsquo;\u00e0 tous les autres domaines \u00e0 t\u00e9l\u00e9charger.<\/p>  <\/a>\n      <\/li>\n    <\/ul>\n<\/div>\n<\/div>\n","protected":false},"excerpt":{"rendered":"<p>Les personnes sourdes per\u00e7oivent beaucoup de choses autour d&rsquo;elles et leur perception visuelle est [&hellip;]<\/p>\n","protected":false},"author":20,"featured_media":17028,"parent":9113,"menu_order":1,"comment_status":"closed","ping_status":"closed","template":"","meta":{"_acf_changed":false,"inline_featured_image":false,"footnotes":""},"class_list":["post-9269","page","type-page","status-publish","has-post-thumbnail","hentry"],"acf":[],"yoast_head":"<!-- This site is optimized with the Yoast SEO plugin v27.4 - https:\/\/yoast.com\/product\/yoast-seo-wordpress\/ -->\n<title>\u00catre sourd - SGB-FSS<\/title>\n<meta name=\"robots\" content=\"index, follow, max-snippet:-1, max-image-preview:large, max-video-preview:-1\" \/>\n<link rel=\"canonical\" href=\"https:\/\/www.sgb-fss.ch\/fr\/languesdessignes\/etre-sourd\/\" \/>\n<meta property=\"og:locale\" content=\"fr_FR\" \/>\n<meta property=\"og:type\" content=\"article\" \/>\n<meta property=\"og:title\" content=\"\u00catre sourd - SGB-FSS\" \/>\n<meta property=\"og:description\" content=\"Les personnes sourdes per\u00e7oivent beaucoup de choses autour d&rsquo;elles et leur perception visuelle est [&hellip;]\" \/>\n<meta property=\"og:url\" content=\"https:\/\/www.sgb-fss.ch\/fr\/languesdessignes\/etre-sourd\/\" \/>\n<meta property=\"og:site_name\" content=\"SGB-FSS\" \/>\n<meta property=\"article:modified_time\" content=\"2025-07-08T19:17:15+00:00\" \/>\n<meta property=\"og:image\" content=\"https:\/\/www.sgb-fss.ch\/content\/uploads\/2023\/05\/kultur_gehoerlose-scaled-e1684155012474.jpg\" \/>\n\t<meta property=\"og:image:width\" content=\"2560\" \/>\n\t<meta property=\"og:image:height\" content=\"1707\" \/>\n\t<meta property=\"og:image:type\" content=\"image\/jpeg\" \/>\n<meta name=\"twitter:card\" content=\"summary_large_image\" \/>\n<meta name=\"twitter:label1\" content=\"Dur\u00e9e de lecture estim\u00e9e\" \/>\n\t<meta name=\"twitter:data1\" content=\"2 minutes\" \/>\n<script type=\"application\/ld+json\" class=\"yoast-schema-graph\">{\"@context\":\"https:\\\/\\\/schema.org\",\"@graph\":[{\"@type\":\"WebPage\",\"@id\":\"https:\\\/\\\/www.sgb-fss.ch\\\/fr\\\/languesdessignes\\\/etre-sourd\\\/\",\"url\":\"https:\\\/\\\/www.sgb-fss.ch\\\/fr\\\/languesdessignes\\\/etre-sourd\\\/\",\"name\":\"\u00catre sourd - SGB-FSS\",\"isPartOf\":{\"@id\":\"https:\\\/\\\/www.sgb-fss.ch\\\/de\\\/#website\"},\"primaryImageOfPage\":{\"@id\":\"https:\\\/\\\/www.sgb-fss.ch\\\/fr\\\/languesdessignes\\\/etre-sourd\\\/#primaryimage\"},\"image\":{\"@id\":\"https:\\\/\\\/www.sgb-fss.ch\\\/fr\\\/languesdessignes\\\/etre-sourd\\\/#primaryimage\"},\"thumbnailUrl\":\"https:\\\/\\\/www.sgb-fss.ch\\\/content\\\/uploads\\\/2023\\\/05\\\/kultur_gehoerlose-scaled-e1684155012474.jpg\",\"datePublished\":\"2022-10-21T15:24:34+00:00\",\"dateModified\":\"2025-07-08T19:17:15+00:00\",\"breadcrumb\":{\"@id\":\"https:\\\/\\\/www.sgb-fss.ch\\\/fr\\\/languesdessignes\\\/etre-sourd\\\/#breadcrumb\"},\"inLanguage\":\"fr-FR\",\"potentialAction\":[{\"@type\":\"ReadAction\",\"target\":[\"https:\\\/\\\/www.sgb-fss.ch\\\/fr\\\/languesdessignes\\\/etre-sourd\\\/\"]}]},{\"@type\":\"ImageObject\",\"inLanguage\":\"fr-FR\",\"@id\":\"https:\\\/\\\/www.sgb-fss.ch\\\/fr\\\/languesdessignes\\\/etre-sourd\\\/#primaryimage\",\"url\":\"https:\\\/\\\/www.sgb-fss.ch\\\/content\\\/uploads\\\/2023\\\/05\\\/kultur_gehoerlose-scaled-e1684155012474.jpg\",\"contentUrl\":\"https:\\\/\\\/www.sgb-fss.ch\\\/content\\\/uploads\\\/2023\\\/05\\\/kultur_gehoerlose-scaled-e1684155012474.jpg\",\"width\":2560,\"height\":1707,\"caption\":\"Three Caucasian boys in t-shirts and shorts standing outdoors on side walk and conversing. Part of lifestyle series depicting deaf family and friends.\"},{\"@type\":\"BreadcrumbList\",\"@id\":\"https:\\\/\\\/www.sgb-fss.ch\\\/fr\\\/languesdessignes\\\/etre-sourd\\\/#breadcrumb\",\"itemListElement\":[{\"@type\":\"ListItem\",\"position\":1,\"name\":\"Home\",\"item\":\"https:\\\/\\\/www.sgb-fss.ch\\\/fr\\\/\"},{\"@type\":\"ListItem\",\"position\":2,\"name\":\"Langues des signes\",\"item\":\"https:\\\/\\\/www.sgb-fss.ch\\\/fr\\\/languesdessignes\\\/\"},{\"@type\":\"ListItem\",\"position\":3,\"name\":\"\u00catre sourd\"}]},{\"@type\":\"WebSite\",\"@id\":\"https:\\\/\\\/www.sgb-fss.ch\\\/de\\\/#website\",\"url\":\"https:\\\/\\\/www.sgb-fss.ch\\\/de\\\/\",\"name\":\"SGB-FSS\",\"description\":\"\",\"potentialAction\":[{\"@type\":\"SearchAction\",\"target\":{\"@type\":\"EntryPoint\",\"urlTemplate\":\"https:\\\/\\\/www.sgb-fss.ch\\\/de\\\/?s={search_term_string}\"},\"query-input\":{\"@type\":\"PropertyValueSpecification\",\"valueRequired\":true,\"valueName\":\"search_term_string\"}}],\"inLanguage\":\"fr-FR\"}]}<\/script>\n<!-- \/ Yoast SEO plugin. -->","yoast_head_json":{"title":"\u00catre sourd - SGB-FSS","robots":{"index":"index","follow":"follow","max-snippet":"max-snippet:-1","max-image-preview":"max-image-preview:large","max-video-preview":"max-video-preview:-1"},"canonical":"https:\/\/www.sgb-fss.ch\/fr\/languesdessignes\/etre-sourd\/","og_locale":"fr_FR","og_type":"article","og_title":"\u00catre sourd - SGB-FSS","og_description":"Les personnes sourdes per\u00e7oivent beaucoup de choses autour d&rsquo;elles et leur perception visuelle est [&hellip;]","og_url":"https:\/\/www.sgb-fss.ch\/fr\/languesdessignes\/etre-sourd\/","og_site_name":"SGB-FSS","article_modified_time":"2025-07-08T19:17:15+00:00","og_image":[{"width":2560,"height":1707,"url":"https:\/\/www.sgb-fss.ch\/content\/uploads\/2023\/05\/kultur_gehoerlose-scaled-e1684155012474.jpg","type":"image\/jpeg"}],"twitter_card":"summary_large_image","twitter_misc":{"Dur\u00e9e de lecture estim\u00e9e":"2 minutes"},"schema":{"@context":"https:\/\/schema.org","@graph":[{"@type":"WebPage","@id":"https:\/\/www.sgb-fss.ch\/fr\/languesdessignes\/etre-sourd\/","url":"https:\/\/www.sgb-fss.ch\/fr\/languesdessignes\/etre-sourd\/","name":"\u00catre sourd - SGB-FSS","isPartOf":{"@id":"https:\/\/www.sgb-fss.ch\/de\/#website"},"primaryImageOfPage":{"@id":"https:\/\/www.sgb-fss.ch\/fr\/languesdessignes\/etre-sourd\/#primaryimage"},"image":{"@id":"https:\/\/www.sgb-fss.ch\/fr\/languesdessignes\/etre-sourd\/#primaryimage"},"thumbnailUrl":"https:\/\/www.sgb-fss.ch\/content\/uploads\/2023\/05\/kultur_gehoerlose-scaled-e1684155012474.jpg","datePublished":"2022-10-21T15:24:34+00:00","dateModified":"2025-07-08T19:17:15+00:00","breadcrumb":{"@id":"https:\/\/www.sgb-fss.ch\/fr\/languesdessignes\/etre-sourd\/#breadcrumb"},"inLanguage":"fr-FR","potentialAction":[{"@type":"ReadAction","target":["https:\/\/www.sgb-fss.ch\/fr\/languesdessignes\/etre-sourd\/"]}]},{"@type":"ImageObject","inLanguage":"fr-FR","@id":"https:\/\/www.sgb-fss.ch\/fr\/languesdessignes\/etre-sourd\/#primaryimage","url":"https:\/\/www.sgb-fss.ch\/content\/uploads\/2023\/05\/kultur_gehoerlose-scaled-e1684155012474.jpg","contentUrl":"https:\/\/www.sgb-fss.ch\/content\/uploads\/2023\/05\/kultur_gehoerlose-scaled-e1684155012474.jpg","width":2560,"height":1707,"caption":"Three Caucasian boys in t-shirts and shorts standing outdoors on side walk and conversing. Part of lifestyle series depicting deaf family and friends."},{"@type":"BreadcrumbList","@id":"https:\/\/www.sgb-fss.ch\/fr\/languesdessignes\/etre-sourd\/#breadcrumb","itemListElement":[{"@type":"ListItem","position":1,"name":"Home","item":"https:\/\/www.sgb-fss.ch\/fr\/"},{"@type":"ListItem","position":2,"name":"Langues des signes","item":"https:\/\/www.sgb-fss.ch\/fr\/languesdessignes\/"},{"@type":"ListItem","position":3,"name":"\u00catre sourd"}]},{"@type":"WebSite","@id":"https:\/\/www.sgb-fss.ch\/de\/#website","url":"https:\/\/www.sgb-fss.ch\/de\/","name":"SGB-FSS","description":"","potentialAction":[{"@type":"SearchAction","target":{"@type":"EntryPoint","urlTemplate":"https:\/\/www.sgb-fss.ch\/de\/?s={search_term_string}"},"query-input":{"@type":"PropertyValueSpecification","valueRequired":true,"valueName":"search_term_string"}}],"inLanguage":"fr-FR"}]}},"_links":{"self":[{"href":"https:\/\/www.sgb-fss.ch\/fr\/wp-json\/wp\/v2\/pages\/9269","targetHints":{"allow":["GET"]}}],"collection":[{"href":"https:\/\/www.sgb-fss.ch\/fr\/wp-json\/wp\/v2\/pages"}],"about":[{"href":"https:\/\/www.sgb-fss.ch\/fr\/wp-json\/wp\/v2\/types\/page"}],"author":[{"embeddable":true,"href":"https:\/\/www.sgb-fss.ch\/fr\/wp-json\/wp\/v2\/users\/20"}],"replies":[{"embeddable":true,"href":"https:\/\/www.sgb-fss.ch\/fr\/wp-json\/wp\/v2\/comments?post=9269"}],"version-history":[{"count":71,"href":"https:\/\/www.sgb-fss.ch\/fr\/wp-json\/wp\/v2\/pages\/9269\/revisions"}],"predecessor-version":[{"id":39227,"href":"https:\/\/www.sgb-fss.ch\/fr\/wp-json\/wp\/v2\/pages\/9269\/revisions\/39227"}],"up":[{"embeddable":true,"href":"https:\/\/www.sgb-fss.ch\/fr\/wp-json\/wp\/v2\/pages\/9113"}],"wp:featuredmedia":[{"embeddable":true,"href":"https:\/\/www.sgb-fss.ch\/fr\/wp-json\/wp\/v2\/media\/17028"}],"wp:attachment":[{"href":"https:\/\/www.sgb-fss.ch\/fr\/wp-json\/wp\/v2\/media?parent=9269"}],"curies":[{"name":"wp","href":"https:\/\/api.w.org\/{rel}","templated":true}]}}