{"id":9257,"date":"2022-10-21T17:22:16","date_gmt":"2022-10-21T15:22:16","guid":{"rendered":"https:\/\/www.sgb-fss.ch\/?page_id=9257"},"modified":"2025-01-08T11:36:03","modified_gmt":"2025-01-08T10:36:03","slug":"participation-a-la-vie-culturelle","status":"publish","type":"page","link":"https:\/\/www.sgb-fss.ch\/fr\/languesdessignes\/participation-a-la-vie-culturelle\/","title":{"rendered":"Participation \u00e0 la vie culturelle"},"content":{"rendered":"\n<div class=\"wp-block-columns is-layout-flex wp-container-core-columns-is-layout-9d6595d7 wp-block-columns-is-layout-flex\">\n<div class=\"wp-block-column is-layout-flow wp-block-column-is-layout-flow\">\n<p class=\"is-style-lead\">Les langues des signes font partie de la culture des sourds comme les diff\u00e9rentes langues parl\u00e9es font partie de la culture des personnes entendantes. L\u2019apprentissage d\u2019une langue des signes est ouvert \u00e0 toute personne d\u00e9sireuse de d\u00e9couvrir une autre mani\u00e8re de voir le monde.<\/p>\n<\/div>\n<\/div>\n\n\n\n<figure class=\"wp-block-image size-large\"><img loading=\"lazy\" decoding=\"async\" width=\"1024\" height=\"576\" src=\"https:\/\/www.sgb-fss.ch\/content\/uploads\/2023\/05\/gebarde-d-f-1024x576.jpg\" alt=\"\" class=\"wp-image-16833\" srcset=\"https:\/\/www.sgb-fss.ch\/content\/uploads\/2023\/05\/gebarde-d-f-1024x576.jpg 1024w, https:\/\/www.sgb-fss.ch\/content\/uploads\/2023\/05\/gebarde-d-f-300x169.jpg 300w, https:\/\/www.sgb-fss.ch\/content\/uploads\/2023\/05\/gebarde-d-f-150x84.jpg 150w, https:\/\/www.sgb-fss.ch\/content\/uploads\/2023\/05\/gebarde-d-f-768x432.jpg 768w, https:\/\/www.sgb-fss.ch\/content\/uploads\/2023\/05\/gebarde-d-f-1536x864.jpg 1536w, https:\/\/www.sgb-fss.ch\/content\/uploads\/2023\/05\/gebarde-d-f-2048x1152.jpg 2048w, https:\/\/www.sgb-fss.ch\/content\/uploads\/2023\/05\/gebarde-d-f-178x100.jpg 178w, https:\/\/www.sgb-fss.ch\/content\/uploads\/2023\/05\/gebarde-d-f-600x338.jpg 600w\" sizes=\"auto, (max-width: 1024px) 100vw, 1024px\" \/><\/figure>\n\n\n\n<p><strong>Langue visuelle<\/strong><br>Celui qui signe pense en images et parle avec les mains, ainsi qu&rsquo;avec l&rsquo;utilisation de mimiques et de gestes. Apprendre la langue des signes, utiliser son corps pour communiquer, se d\u00e9faire de ses automatismes constituent certes un d\u00e9fi pour de nombreuses personnes entendantes. Mais c\u2019est aussi une exp\u00e9rience in\u00e9dite, insolite et passionnante.<\/p>\n\n\n\n<p><strong>Grammaire<\/strong><br>La langue des signes pr\u00e9sente un syst\u00e8me linguistique visuel complexe qui, tout comme les autres langues, poss\u00e8de sa propre grammaire. A l\u2019instar des langues vocales nationales, l\u2019allemand, le fran\u00e7ais et l\u2019italien, il existe en Suisse \u00e9galement trois langues des signes: la langue des signes suisse al\u00e9manique (DSGS), la langue des signes fran\u00e7aise (LSF) et la langue des signes italienne (LIS). Elles sont aussi diff\u00e9rentes les unes des autres que les langues parl\u00e9es.<\/p>\n\n\n\n<p><strong>Participation \u00e0 la vie culturelle<\/strong><br>La langue des signes soutient la participation culturelle et la participation \u00e0 la vie sociale. Les personnes sourdes s&rsquo;engagent pour l&rsquo;inclusion et consid\u00e8rent la \u00abcoexistence\u00bb de la culture des sourds et des entendants comme une chance pour une coexistence r\u00e9ussie.<\/p>\n\n\n<div class=\"block block-teasercontacts block-teasercontacts--boxed\" id=\"block_c5a88afd9c3344a71b9a06ba7dda29f6\" data-block=\"Teaser Contacts\">\n    <div class=\"block-teasercontacts__header\"><p class=\"block-teasercontacts__title\">Des questions sur la langue des signes ou sur nos cours? N\u2019h\u00e9sitez pas \u00e0 me contacter.<\/p><\/div>    <div class=\"block-teasercontacts__list\">\n                                        <div class=\"block-teasercontacts__item\">\n                <div class=\"block-teasercontacts__link\">\n                    <div class=\"block-teasercontacts__media\">\n                        <div class=\"block-teasercontacts__thumbnail accent__blue has-background-accent\">\n                                                              <div class=\"image block-teasercontacts__thumbnail-image\" >\n    <img decoding=\"async\"\n      loading=\"lazy\"\n      class=\"image__object lazyload\"\n      src=\"https:\/\/www.sgb-fss.ch\/content\/uploads\/2021\/06\/melanie-spiller-1440x0-c-default.jpg\"       data-sizes=\"auto\"\n      data-srcset=\"https:\/\/www.sgb-fss.ch\/content\/uploads\/2021\/06\/melanie-spiller-200x0-c-default.jpg 200w, https:\/\/www.sgb-fss.ch\/content\/uploads\/2021\/06\/melanie-spiller-100x0-c-default.jpg 100w, \"\n      alt=\"\"\n      width=\"567\"\n      height=\"567\"\n            >\n  <\/div>\n                                                    <\/div>\n                    <\/div>\n                    <div class=\"block-teasercontacts__text\">\n                        <p class=\"block-teasercontacts__name\"><strong><a href=\"https:\/\/www.sgb-fss.ch\/fr\/team\/melanie-spiller-reimann\/\">Melanie Spiller-Reimann<\/a><\/strong><\/p>\n                        <p class=\"block-teasercontacts__lead\">Cours et Famille\/\u00c9ducation<\/p>                    <\/div>\n                    <div class=\"block-teasercontacts__contacts\">\n                                                    <p>\n                                                                <a class=\"wp-block-button is-style-transparent\" href=\"mailto:m.spiller@sgb-fss.ch\"><span class=\"wp-block-button__link\"><i class=\"icon icon--mail\"><svg data-name=\"Ebene 1\" xmlns=\"http:\/\/www.w3.org\/2000\/svg\" viewBox=\"0 0 24 24\"><path d=\"M20.76 2.31H3.24A3.12 3.12 0 0 0 .12 5.43v13.14a3.12 3.12 0 0 0 3.12 3.12h17.52a3.12 3.12 0 0 0 3.12-3.12V5.43a3.12 3.12 0 0 0-3.12-3.12zM2.09 5a1.27 1.27 0 0 1 1.15-.78h17.52a1.24 1.24 0 0 1 1.11.74l.05.09-.09.06L12 12l-.07-.05-9.87-6.9zM22 18.57a1.26 1.26 0 0 1-1.26 1.27H3.24A1.27 1.27 0 0 1 2 18.57V7.21l9.5 6.69a.89.89 0 0 0 1 0L22 7.25z\"\/><\/svg><\/i><span class=\"wp-block-button__label\">m.spiller@sgb-fss.ch<\/span><\/span><\/a>                                                            <\/p>\n                                            <\/div>\n                <\/div>\n            <\/div>\n                    <\/div>\n<\/div>\n\n\n\n<h2 class=\"wp-block-heading\"><\/h2>\n\n\n\n<div class=\"wp-block-group has-sgb-fss-rot-15-background-color has-background is-layout-constrained wp-block-group-is-layout-constrained\"><div class=\"block block-teaserpages\" id=\"block_2e40510b1e0cc117372e8cba10f2057e\" data-block=\"Teaser Pages\">\n  <ul class=\"block-teaserpages__list\">\n            <li class=\"block-teaserpages__item\">\n        <a class=\"accent teaserpage\" href=\"https:\/\/www.sgb-fss.ch\/fr\/offres\/cours-de-langue-des-signes\/\">\n  <div class=\"teaserpage__thumbnail\">\n            <div class=\"image teaserpage__thumbnail-image\" >\n    <img decoding=\"async\"\n      loading=\"lazy\"\n      class=\"image__object lazyload\"\n      src=\"https:\/\/www.sgb-fss.ch\/content\/uploads\/2023\/05\/bhp-2438-scaled-e1684320376735-1440x0-c-default.jpg\"       data-sizes=\"auto\"\n      data-srcset=\"https:\/\/www.sgb-fss.ch\/content\/uploads\/2023\/05\/bhp-2438-scaled-e1684320376735-1000x0-c-default.jpg 1000w, https:\/\/www.sgb-fss.ch\/content\/uploads\/2023\/05\/bhp-2438-scaled-e1684320376735-700x0-c-default.jpg 700w, https:\/\/www.sgb-fss.ch\/content\/uploads\/2023\/05\/bhp-2438-scaled-e1684320376735-350x0-c-default.jpg 350w, \"\n      alt=\"\"\n      width=\"2560\"\n      height=\"1707\"\n            >\n  <\/div>\n      <\/div>\n  <h3 class=\"teaserpage__title\">Cours de langue des signes<\/h3>\n  <p class=\"teaserpage__lead\">Apprendre la langue des signes ouvre aux personnes entendantes de nouveaux horizons et l\u2019acc\u00e8s \u00e0 la culture des sourds.<\/p>  <\/a>\n      <\/li>\n            <li class=\"block-teaserpages__item\">\n        <a class=\"accent teaserpage\" href=\"https:\/\/www.sgb-fss.ch\/fr\/offres\/apprendre-la-lsf-sur-signwise-ch\/\">\n  <div class=\"teaserpage__thumbnail\">\n            <div class=\"image teaserpage__thumbnail-image\" >\n    <img decoding=\"async\"\n      loading=\"lazy\"\n      class=\"image__object lazyload\"\n      src=\"https:\/\/www.sgb-fss.ch\/content\/uploads\/2023\/05\/logo-signwise-web-1440x0-c-default.png\"       data-sizes=\"auto\"\n      data-srcset=\"https:\/\/www.sgb-fss.ch\/content\/uploads\/2023\/05\/logo-signwise-web-1000x0-c-default.png 1000w, https:\/\/www.sgb-fss.ch\/content\/uploads\/2023\/05\/logo-signwise-web-700x0-c-default.png 700w, https:\/\/www.sgb-fss.ch\/content\/uploads\/2023\/05\/logo-signwise-web-350x0-c-default.png 350w, \"\n      alt=\"\"\n      width=\"6330\"\n      height=\"3560\"\n            >\n  <\/div>\n      <\/div>\n  <h3 class=\"teaserpage__title\">E-learning signwise.ch<\/h3>\n  <p class=\"teaserpage__lead\">Gr\u00e2ce \u00e0 l\u2019outil d\u2019apprentissage en ligne signwise.ch, vous pouvez obtenir un certificat de langue des signes en 6 \u00e0 12 mois. Signwise vous permet d\u2019obtenir les niveaux A1 et A2 depuis chez vous.<\/p>  <\/a>\n      <\/li>\n    <\/ul>\n<\/div>\n<\/div>\n\n\n\n<div class=\"wp-block-group has-schwarz-25-background-color has-background is-layout-constrained wp-block-group-is-layout-constrained\"><div class=\"block block-teaserpages\" id=\"block_4922e7013fac40b4457ee7d2631c944c\" data-block=\"Teaser Pages\">\n  <ul class=\"block-teaserpages__list\">\n            <li class=\"block-teaserpages__item\">\n        <a class=\"accent teaserpage\" href=\"https:\/\/www.sgb-fss.ch\/fr\/downloads\/\">\n  <div class=\"teaserpage__thumbnail\">\n            <div class=\"image teaserpage__thumbnail-image\" >\n    <img decoding=\"async\"\n      loading=\"lazy\"\n      class=\"image__object lazyload\"\n      src=\"https:\/\/www.sgb-fss.ch\/content\/uploads\/2024\/01\/downloads-f-1440x0-c-default.jpg\"       data-sizes=\"auto\"\n      data-srcset=\"https:\/\/www.sgb-fss.ch\/content\/uploads\/2024\/01\/downloads-f-1000x0-c-default.jpg 1000w, https:\/\/www.sgb-fss.ch\/content\/uploads\/2024\/01\/downloads-f-700x0-c-default.jpg 700w, https:\/\/www.sgb-fss.ch\/content\/uploads\/2024\/01\/downloads-f-350x0-c-default.jpg 350w, \"\n      alt=\"\"\n      width=\"1890\"\n      height=\"1063\"\n            >\n  <\/div>\n      <\/div>\n  <h3 class=\"teaserpage__title\">Downloads<\/h3>\n  <p class=\"teaserpage__lead\">Tu trouveras ici toutes les donn\u00e9es relatives \u00e0 cette page ainsi qu&rsquo;\u00e0 tous les autres domaines \u00e0 t\u00e9l\u00e9charger.<\/p>  <\/a>\n      <\/li>\n    <\/ul>\n<\/div>\n<\/div>\n","protected":false},"excerpt":{"rendered":"<p>Les langues des signes font partie de la culture des sourds comme les diff\u00e9rentes [&hellip;]<\/p>\n","protected":false},"author":20,"featured_media":16824,"parent":9113,"menu_order":2,"comment_status":"closed","ping_status":"closed","template":"","meta":{"_acf_changed":false,"inline_featured_image":false,"footnotes":""},"class_list":["post-9257","page","type-page","status-publish","has-post-thumbnail","hentry"],"acf":[],"yoast_head":"<!-- This site is optimized with the Yoast SEO plugin v27.4 - https:\/\/yoast.com\/product\/yoast-seo-wordpress\/ -->\n<title>Participation \u00e0 la vie culturelle - SGB-FSS<\/title>\n<meta name=\"robots\" content=\"index, follow, max-snippet:-1, max-image-preview:large, max-video-preview:-1\" \/>\n<link rel=\"canonical\" href=\"https:\/\/www.sgb-fss.ch\/fr\/languesdessignes\/participation-a-la-vie-culturelle\/\" \/>\n<meta property=\"og:locale\" content=\"fr_FR\" \/>\n<meta property=\"og:type\" content=\"article\" \/>\n<meta property=\"og:title\" content=\"Participation \u00e0 la vie culturelle - SGB-FSS\" \/>\n<meta property=\"og:description\" content=\"Les langues des signes font partie de la culture des sourds comme les diff\u00e9rentes [&hellip;]\" \/>\n<meta property=\"og:url\" content=\"https:\/\/www.sgb-fss.ch\/fr\/languesdessignes\/participation-a-la-vie-culturelle\/\" \/>\n<meta property=\"og:site_name\" content=\"SGB-FSS\" \/>\n<meta property=\"article:modified_time\" content=\"2025-01-08T10:36:03+00:00\" \/>\n<meta property=\"og:image\" content=\"https:\/\/www.sgb-fss.ch\/content\/uploads\/2023\/05\/gebarde-i.png\" \/>\n\t<meta property=\"og:image:width\" content=\"1219\" \/>\n\t<meta property=\"og:image:height\" content=\"686\" \/>\n\t<meta property=\"og:image:type\" content=\"image\/png\" \/>\n<meta name=\"twitter:card\" content=\"summary_large_image\" \/>\n<meta name=\"twitter:label1\" content=\"Dur\u00e9e de lecture estim\u00e9e\" \/>\n\t<meta name=\"twitter:data1\" content=\"2 minutes\" \/>\n<script type=\"application\/ld+json\" class=\"yoast-schema-graph\">{\"@context\":\"https:\\\/\\\/schema.org\",\"@graph\":[{\"@type\":\"WebPage\",\"@id\":\"https:\\\/\\\/www.sgb-fss.ch\\\/fr\\\/languesdessignes\\\/participation-a-la-vie-culturelle\\\/\",\"url\":\"https:\\\/\\\/www.sgb-fss.ch\\\/fr\\\/languesdessignes\\\/participation-a-la-vie-culturelle\\\/\",\"name\":\"Participation \u00e0 la vie culturelle - SGB-FSS\",\"isPartOf\":{\"@id\":\"https:\\\/\\\/www.sgb-fss.ch\\\/de\\\/#website\"},\"primaryImageOfPage\":{\"@id\":\"https:\\\/\\\/www.sgb-fss.ch\\\/fr\\\/languesdessignes\\\/participation-a-la-vie-culturelle\\\/#primaryimage\"},\"image\":{\"@id\":\"https:\\\/\\\/www.sgb-fss.ch\\\/fr\\\/languesdessignes\\\/participation-a-la-vie-culturelle\\\/#primaryimage\"},\"thumbnailUrl\":\"https:\\\/\\\/www.sgb-fss.ch\\\/content\\\/uploads\\\/2023\\\/05\\\/gebarde-i.png\",\"datePublished\":\"2022-10-21T15:22:16+00:00\",\"dateModified\":\"2025-01-08T10:36:03+00:00\",\"breadcrumb\":{\"@id\":\"https:\\\/\\\/www.sgb-fss.ch\\\/fr\\\/languesdessignes\\\/participation-a-la-vie-culturelle\\\/#breadcrumb\"},\"inLanguage\":\"fr-FR\",\"potentialAction\":[{\"@type\":\"ReadAction\",\"target\":[\"https:\\\/\\\/www.sgb-fss.ch\\\/fr\\\/languesdessignes\\\/participation-a-la-vie-culturelle\\\/\"]}]},{\"@type\":\"ImageObject\",\"inLanguage\":\"fr-FR\",\"@id\":\"https:\\\/\\\/www.sgb-fss.ch\\\/fr\\\/languesdessignes\\\/participation-a-la-vie-culturelle\\\/#primaryimage\",\"url\":\"https:\\\/\\\/www.sgb-fss.ch\\\/content\\\/uploads\\\/2023\\\/05\\\/gebarde-i.png\",\"contentUrl\":\"https:\\\/\\\/www.sgb-fss.ch\\\/content\\\/uploads\\\/2023\\\/05\\\/gebarde-i.png\",\"width\":1219,\"height\":686},{\"@type\":\"BreadcrumbList\",\"@id\":\"https:\\\/\\\/www.sgb-fss.ch\\\/fr\\\/languesdessignes\\\/participation-a-la-vie-culturelle\\\/#breadcrumb\",\"itemListElement\":[{\"@type\":\"ListItem\",\"position\":1,\"name\":\"Home\",\"item\":\"https:\\\/\\\/www.sgb-fss.ch\\\/fr\\\/\"},{\"@type\":\"ListItem\",\"position\":2,\"name\":\"Langues des signes\",\"item\":\"https:\\\/\\\/www.sgb-fss.ch\\\/fr\\\/languesdessignes\\\/\"},{\"@type\":\"ListItem\",\"position\":3,\"name\":\"Participation \u00e0 la vie culturelle\"}]},{\"@type\":\"WebSite\",\"@id\":\"https:\\\/\\\/www.sgb-fss.ch\\\/de\\\/#website\",\"url\":\"https:\\\/\\\/www.sgb-fss.ch\\\/de\\\/\",\"name\":\"SGB-FSS\",\"description\":\"\",\"potentialAction\":[{\"@type\":\"SearchAction\",\"target\":{\"@type\":\"EntryPoint\",\"urlTemplate\":\"https:\\\/\\\/www.sgb-fss.ch\\\/de\\\/?s={search_term_string}\"},\"query-input\":{\"@type\":\"PropertyValueSpecification\",\"valueRequired\":true,\"valueName\":\"search_term_string\"}}],\"inLanguage\":\"fr-FR\"}]}<\/script>\n<!-- \/ Yoast SEO plugin. -->","yoast_head_json":{"title":"Participation \u00e0 la vie culturelle - SGB-FSS","robots":{"index":"index","follow":"follow","max-snippet":"max-snippet:-1","max-image-preview":"max-image-preview:large","max-video-preview":"max-video-preview:-1"},"canonical":"https:\/\/www.sgb-fss.ch\/fr\/languesdessignes\/participation-a-la-vie-culturelle\/","og_locale":"fr_FR","og_type":"article","og_title":"Participation \u00e0 la vie culturelle - SGB-FSS","og_description":"Les langues des signes font partie de la culture des sourds comme les diff\u00e9rentes [&hellip;]","og_url":"https:\/\/www.sgb-fss.ch\/fr\/languesdessignes\/participation-a-la-vie-culturelle\/","og_site_name":"SGB-FSS","article_modified_time":"2025-01-08T10:36:03+00:00","og_image":[{"width":1219,"height":686,"url":"https:\/\/www.sgb-fss.ch\/content\/uploads\/2023\/05\/gebarde-i.png","type":"image\/png"}],"twitter_card":"summary_large_image","twitter_misc":{"Dur\u00e9e de lecture estim\u00e9e":"2 minutes"},"schema":{"@context":"https:\/\/schema.org","@graph":[{"@type":"WebPage","@id":"https:\/\/www.sgb-fss.ch\/fr\/languesdessignes\/participation-a-la-vie-culturelle\/","url":"https:\/\/www.sgb-fss.ch\/fr\/languesdessignes\/participation-a-la-vie-culturelle\/","name":"Participation \u00e0 la vie culturelle - SGB-FSS","isPartOf":{"@id":"https:\/\/www.sgb-fss.ch\/de\/#website"},"primaryImageOfPage":{"@id":"https:\/\/www.sgb-fss.ch\/fr\/languesdessignes\/participation-a-la-vie-culturelle\/#primaryimage"},"image":{"@id":"https:\/\/www.sgb-fss.ch\/fr\/languesdessignes\/participation-a-la-vie-culturelle\/#primaryimage"},"thumbnailUrl":"https:\/\/www.sgb-fss.ch\/content\/uploads\/2023\/05\/gebarde-i.png","datePublished":"2022-10-21T15:22:16+00:00","dateModified":"2025-01-08T10:36:03+00:00","breadcrumb":{"@id":"https:\/\/www.sgb-fss.ch\/fr\/languesdessignes\/participation-a-la-vie-culturelle\/#breadcrumb"},"inLanguage":"fr-FR","potentialAction":[{"@type":"ReadAction","target":["https:\/\/www.sgb-fss.ch\/fr\/languesdessignes\/participation-a-la-vie-culturelle\/"]}]},{"@type":"ImageObject","inLanguage":"fr-FR","@id":"https:\/\/www.sgb-fss.ch\/fr\/languesdessignes\/participation-a-la-vie-culturelle\/#primaryimage","url":"https:\/\/www.sgb-fss.ch\/content\/uploads\/2023\/05\/gebarde-i.png","contentUrl":"https:\/\/www.sgb-fss.ch\/content\/uploads\/2023\/05\/gebarde-i.png","width":1219,"height":686},{"@type":"BreadcrumbList","@id":"https:\/\/www.sgb-fss.ch\/fr\/languesdessignes\/participation-a-la-vie-culturelle\/#breadcrumb","itemListElement":[{"@type":"ListItem","position":1,"name":"Home","item":"https:\/\/www.sgb-fss.ch\/fr\/"},{"@type":"ListItem","position":2,"name":"Langues des signes","item":"https:\/\/www.sgb-fss.ch\/fr\/languesdessignes\/"},{"@type":"ListItem","position":3,"name":"Participation \u00e0 la vie culturelle"}]},{"@type":"WebSite","@id":"https:\/\/www.sgb-fss.ch\/de\/#website","url":"https:\/\/www.sgb-fss.ch\/de\/","name":"SGB-FSS","description":"","potentialAction":[{"@type":"SearchAction","target":{"@type":"EntryPoint","urlTemplate":"https:\/\/www.sgb-fss.ch\/de\/?s={search_term_string}"},"query-input":{"@type":"PropertyValueSpecification","valueRequired":true,"valueName":"search_term_string"}}],"inLanguage":"fr-FR"}]}},"_links":{"self":[{"href":"https:\/\/www.sgb-fss.ch\/fr\/wp-json\/wp\/v2\/pages\/9257","targetHints":{"allow":["GET"]}}],"collection":[{"href":"https:\/\/www.sgb-fss.ch\/fr\/wp-json\/wp\/v2\/pages"}],"about":[{"href":"https:\/\/www.sgb-fss.ch\/fr\/wp-json\/wp\/v2\/types\/page"}],"author":[{"embeddable":true,"href":"https:\/\/www.sgb-fss.ch\/fr\/wp-json\/wp\/v2\/users\/20"}],"replies":[{"embeddable":true,"href":"https:\/\/www.sgb-fss.ch\/fr\/wp-json\/wp\/v2\/comments?post=9257"}],"version-history":[{"count":74,"href":"https:\/\/www.sgb-fss.ch\/fr\/wp-json\/wp\/v2\/pages\/9257\/revisions"}],"predecessor-version":[{"id":36442,"href":"https:\/\/www.sgb-fss.ch\/fr\/wp-json\/wp\/v2\/pages\/9257\/revisions\/36442"}],"up":[{"embeddable":true,"href":"https:\/\/www.sgb-fss.ch\/fr\/wp-json\/wp\/v2\/pages\/9113"}],"wp:featuredmedia":[{"embeddable":true,"href":"https:\/\/www.sgb-fss.ch\/fr\/wp-json\/wp\/v2\/media\/16824"}],"wp:attachment":[{"href":"https:\/\/www.sgb-fss.ch\/fr\/wp-json\/wp\/v2\/media?parent=9257"}],"curies":[{"name":"wp","href":"https:\/\/api.w.org\/{rel}","templated":true}]}}