{"id":9128,"date":"2022-10-14T17:24:08","date_gmt":"2022-10-14T15:24:08","guid":{"rendered":"https:\/\/www.sgb-fss.ch\/?page_id=9128"},"modified":"2023-11-02T14:35:10","modified_gmt":"2023-11-02T13:35:10","slug":"domaines","status":"publish","type":"page","link":"https:\/\/www.sgb-fss.ch\/fr\/domaines\/","title":{"rendered":"Domaines"},"content":{"rendered":"\n<div class=\"wp-block-group has-sgb-fss-blue-30-background-color has-background is-layout-flow wp-block-group-is-layout-flow\">\n<h1 class=\"wp-block-heading\">Domaines<\/h1>\n\n\n\n<p class=\"is-style-lead\">Nous nous engageons dans tous nos domaines pour que les barri\u00e8res de la vie quotidienne soient lev\u00e9es pour les personnes sourdes et malentendantes. L&rsquo;\u00e9galit\u00e9 des chances nous tient \u00e0 c\u0153ur, tout comme la poursuite de solutions garantissant une inclusion r\u00e9ussie.<\/p>\n<\/div>\n\n\n<div class=\"block block-teaserpages\" id=\"block_14cfa8144376cb28be2037f26e9c1b00\" data-block=\"Teaser Pages\">\n  <ul class=\"block-teaserpages__list\">\n            <li class=\"block-teaserpages__item\">\n        <a class=\"accent teaserpage\" href=\"https:\/\/www.sgb-fss.ch\/fr\/domaines\/travail\/\">\n  <div class=\"teaserpage__thumbnail\">\n            <div class=\"image teaserpage__thumbnail-image\" >\n    <img decoding=\"async\"\n      loading=\"lazy\"\n      class=\"image__object lazyload\"\n      src=\"https:\/\/www.sgb-fss.ch\/content\/uploads\/2023\/03\/arbeit-1440x0-c-default.jpg\"       data-sizes=\"auto\"\n      data-srcset=\"https:\/\/www.sgb-fss.ch\/content\/uploads\/2023\/03\/arbeit-1000x0-c-default.jpg 1000w, https:\/\/www.sgb-fss.ch\/content\/uploads\/2023\/03\/arbeit-700x0-c-default.jpg 700w, https:\/\/www.sgb-fss.ch\/content\/uploads\/2023\/03\/arbeit-350x0-c-default.jpg 350w, \"\n      alt=\"\"\n      width=\"955\"\n      height=\"542\"\n            >\n  <\/div>\n      <\/div>\n  <h3 class=\"teaserpage__title\">Travail<\/h3>\n  <p class=\"teaserpage__lead\">Le succ\u00e8s gr\u00e2ce \u00e0 la diversit\u00e9. Par le biais d\u2019informations, d\u2019ateliers et d\u2019outils concrets, nous aidons les entreprises et organisations \u00e0 recruter des personnes sourdes ou malentendantes.<\/p>  <\/a>\n      <\/li>\n            <li class=\"block-teaserpages__item\">\n        <a class=\"accent teaserpage\" href=\"https:\/\/www.sgb-fss.ch\/fr\/domaines\/education\/\">\n  <div class=\"teaserpage__thumbnail\">\n            <div class=\"image teaserpage__thumbnail-image\" >\n    <img decoding=\"async\"\n      loading=\"lazy\"\n      class=\"image__object lazyload\"\n      src=\"https:\/\/www.sgb-fss.ch\/content\/uploads\/2023\/05\/bildung-scaled-e1684317847531-1440x0-c-default.jpg\"       data-sizes=\"auto\"\n      data-srcset=\"https:\/\/www.sgb-fss.ch\/content\/uploads\/2023\/05\/bildung-scaled-e1684317847531-1000x0-c-default.jpg 1000w, https:\/\/www.sgb-fss.ch\/content\/uploads\/2023\/05\/bildung-scaled-e1684317847531-700x0-c-default.jpg 700w, https:\/\/www.sgb-fss.ch\/content\/uploads\/2023\/05\/bildung-scaled-e1684317847531-350x0-c-default.jpg 350w, \"\n      alt=\"\"\n      width=\"2560\"\n      height=\"1707\"\n            >\n  <\/div>\n      <\/div>\n  <h3 class=\"teaserpage__title\">\u00c9ducation<\/h3>\n  <p class=\"teaserpage__lead\">L\u2019\u00e9ducation est aussi d\u2019une importance capitale pour les enfants sourds et malentendants. L\u2019\u00e9ducation est un besoin de l\u2019\u00eatre humain, de sa naissance \u00e0 l\u2019\u00e2ge adulte, qui joue un r\u00f4le essentiel dans son d\u00e9veloppement cognitif, social, \u00e9motionnel et linguistique.<\/p>  <\/a>\n      <\/li>\n            <li class=\"block-teaserpages__item\">\n        <a class=\"accent teaserpage\" href=\"https:\/\/www.sgb-fss.ch\/fr\/domaines\/sante\/\">\n  <div class=\"teaserpage__thumbnail\">\n            <div class=\"image teaserpage__thumbnail-image\" >\n    <img decoding=\"async\"\n      loading=\"lazy\"\n      class=\"image__object lazyload\"\n      src=\"https:\/\/www.sgb-fss.ch\/content\/uploads\/2023\/05\/gesundheit-3-scaled-1440x0-c-default.jpg\"       data-sizes=\"auto\"\n      data-srcset=\"https:\/\/www.sgb-fss.ch\/content\/uploads\/2023\/05\/gesundheit-3-scaled-1000x0-c-default.jpg 1000w, https:\/\/www.sgb-fss.ch\/content\/uploads\/2023\/05\/gesundheit-3-scaled-700x0-c-default.jpg 700w, https:\/\/www.sgb-fss.ch\/content\/uploads\/2023\/05\/gesundheit-3-scaled-350x0-c-default.jpg 350w, \"\n      alt=\"\"\n      width=\"2560\"\n      height=\"1440\"\n            >\n  <\/div>\n      <\/div>\n  <h3 class=\"teaserpage__title\">Sant\u00e9<\/h3>\n  <p class=\"teaserpage__lead\">La F\u00e9d\u00e9ration Suisse des Sourds s\u2019engage pour faciliter l\u2019acc\u00e8s de toutes les personnes sourdes ou malentendantes au syst\u00e8me de sant\u00e9 et pour la suppression des barri\u00e8res linguistiques. Et ce, en collaboration avec notre r\u00e9seau.<\/p>  <\/a>\n      <\/li>\n            <li class=\"block-teaserpages__item\">\n        <a class=\"accent teaserpage\" href=\"https:\/\/www.sgb-fss.ch\/fr\/domaines\/acces-sans-barrieres\/\">\n  <div class=\"teaserpage__thumbnail\">\n            <div class=\"image teaserpage__thumbnail-image\" >\n    <img decoding=\"async\"\n      loading=\"lazy\"\n      class=\"image__object lazyload\"\n      src=\"https:\/\/www.sgb-fss.ch\/content\/uploads\/2023\/05\/barreriefreiheit-scaled-e1684334387592-1440x0-c-default.jpg\"       data-sizes=\"auto\"\n      data-srcset=\"https:\/\/www.sgb-fss.ch\/content\/uploads\/2023\/05\/barreriefreiheit-scaled-e1684334387592-1000x0-c-default.jpg 1000w, https:\/\/www.sgb-fss.ch\/content\/uploads\/2023\/05\/barreriefreiheit-scaled-e1684334387592-700x0-c-default.jpg 700w, https:\/\/www.sgb-fss.ch\/content\/uploads\/2023\/05\/barreriefreiheit-scaled-e1684334387592-350x0-c-default.jpg 350w, \"\n      alt=\"\"\n      width=\"2560\"\n      height=\"1707\"\n            >\n  <\/div>\n      <\/div>\n  <h3 class=\"teaserpage__title\">Acc\u00e8s sans barri\u00e8res<\/h3>\n  <p class=\"teaserpage__lead\">La F\u00e9d\u00e9ration Suisse des Sourds collabore avec diff\u00e9rentes entreprises des secteurs public et priv\u00e9 pour que la vie quotidienne des personnes sourdes ou malentendantes soit \u00absans barri\u00e8res\u00bb.<\/p>  <\/a>\n      <\/li>\n            <li class=\"block-teaserpages__item\">\n        <a class=\"accent teaserpage\" href=\"https:\/\/www.sgb-fss.ch\/fr\/domaines\/travail-politique\/\">\n  <div class=\"teaserpage__thumbnail\">\n            <div class=\"image teaserpage__thumbnail-image\" >\n    <img decoding=\"async\"\n      loading=\"lazy\"\n      class=\"image__object lazyload\"\n      src=\"https:\/\/www.sgb-fss.ch\/content\/uploads\/2023\/05\/logo-gebardensprache-bundeshaus-2farbig-1440x0-c-default.png\"       data-sizes=\"auto\"\n      data-srcset=\"https:\/\/www.sgb-fss.ch\/content\/uploads\/2023\/05\/logo-gebardensprache-bundeshaus-2farbig-1000x0-c-default.png 1000w, https:\/\/www.sgb-fss.ch\/content\/uploads\/2023\/05\/logo-gebardensprache-bundeshaus-2farbig-700x0-c-default.png 700w, https:\/\/www.sgb-fss.ch\/content\/uploads\/2023\/05\/logo-gebardensprache-bundeshaus-2farbig-350x0-c-default.png 350w, \"\n      alt=\"\"\n      width=\"1936\"\n      height=\"1089\"\n            >\n  <\/div>\n      <\/div>\n  <h3 class=\"teaserpage__title\">Travail politique<\/h3>\n  <p class=\"teaserpage__lead\">La F\u00e9d\u00e9ration Suisse des Sourds d\u00e9fend les int\u00e9r\u00eats des personnes sourdes et malentendantes aupr\u00e8s des instances politiques. Elle s\u2019engage pour que tous les domaines de la vie soient accessibles aux personnes sourdes et malentendantes.<\/p>  <\/a>\n      <\/li>\n    <\/ul>\n<\/div>\n","protected":false},"excerpt":{"rendered":"<p>Domaines Nous nous engageons dans tous nos domaines pour que les barri\u00e8res de la [&hellip;]<\/p>\n","protected":false},"author":20,"featured_media":0,"parent":0,"menu_order":2,"comment_status":"closed","ping_status":"closed","template":"front-page.php","meta":{"_acf_changed":false,"inline_featured_image":false,"footnotes":""},"class_list":["post-9128","page","type-page","status-publish","hentry"],"acf":[],"yoast_head":"<!-- This site is optimized with the Yoast SEO plugin v27.4 - https:\/\/yoast.com\/product\/yoast-seo-wordpress\/ -->\n<title>Domaines - SGB-FSS<\/title>\n<meta name=\"robots\" content=\"index, follow, max-snippet:-1, max-image-preview:large, max-video-preview:-1\" \/>\n<link rel=\"canonical\" href=\"https:\/\/www.sgb-fss.ch\/fr\/domaines\/\" \/>\n<meta property=\"og:locale\" content=\"fr_FR\" \/>\n<meta property=\"og:type\" content=\"article\" \/>\n<meta property=\"og:title\" content=\"Domaines - SGB-FSS\" \/>\n<meta property=\"og:description\" content=\"Domaines Nous nous engageons dans tous nos domaines pour que les barri\u00e8res de la [&hellip;]\" \/>\n<meta property=\"og:url\" content=\"https:\/\/www.sgb-fss.ch\/fr\/domaines\/\" \/>\n<meta property=\"og:site_name\" content=\"SGB-FSS\" \/>\n<meta property=\"article:modified_time\" content=\"2023-11-02T13:35:10+00:00\" \/>\n<meta name=\"twitter:card\" content=\"summary_large_image\" \/>\n<meta name=\"twitter:label1\" content=\"Dur\u00e9e de lecture estim\u00e9e\" \/>\n\t<meta name=\"twitter:data1\" content=\"1 minute\" \/>\n<script type=\"application\/ld+json\" class=\"yoast-schema-graph\">{\"@context\":\"https:\\\/\\\/schema.org\",\"@graph\":[{\"@type\":\"WebPage\",\"@id\":\"https:\\\/\\\/www.sgb-fss.ch\\\/fr\\\/domaines\\\/\",\"url\":\"https:\\\/\\\/www.sgb-fss.ch\\\/fr\\\/domaines\\\/\",\"name\":\"Domaines - SGB-FSS\",\"isPartOf\":{\"@id\":\"https:\\\/\\\/www.sgb-fss.ch\\\/de\\\/#website\"},\"datePublished\":\"2022-10-14T15:24:08+00:00\",\"dateModified\":\"2023-11-02T13:35:10+00:00\",\"breadcrumb\":{\"@id\":\"https:\\\/\\\/www.sgb-fss.ch\\\/fr\\\/domaines\\\/#breadcrumb\"},\"inLanguage\":\"fr-FR\",\"potentialAction\":[{\"@type\":\"ReadAction\",\"target\":[\"https:\\\/\\\/www.sgb-fss.ch\\\/fr\\\/domaines\\\/\"]}]},{\"@type\":\"BreadcrumbList\",\"@id\":\"https:\\\/\\\/www.sgb-fss.ch\\\/fr\\\/domaines\\\/#breadcrumb\",\"itemListElement\":[{\"@type\":\"ListItem\",\"position\":1,\"name\":\"Home\",\"item\":\"https:\\\/\\\/www.sgb-fss.ch\\\/fr\\\/\"},{\"@type\":\"ListItem\",\"position\":2,\"name\":\"Domaines\"}]},{\"@type\":\"WebSite\",\"@id\":\"https:\\\/\\\/www.sgb-fss.ch\\\/de\\\/#website\",\"url\":\"https:\\\/\\\/www.sgb-fss.ch\\\/de\\\/\",\"name\":\"SGB-FSS\",\"description\":\"\",\"potentialAction\":[{\"@type\":\"SearchAction\",\"target\":{\"@type\":\"EntryPoint\",\"urlTemplate\":\"https:\\\/\\\/www.sgb-fss.ch\\\/de\\\/?s={search_term_string}\"},\"query-input\":{\"@type\":\"PropertyValueSpecification\",\"valueRequired\":true,\"valueName\":\"search_term_string\"}}],\"inLanguage\":\"fr-FR\"}]}<\/script>\n<!-- \/ Yoast SEO plugin. -->","yoast_head_json":{"title":"Domaines - SGB-FSS","robots":{"index":"index","follow":"follow","max-snippet":"max-snippet:-1","max-image-preview":"max-image-preview:large","max-video-preview":"max-video-preview:-1"},"canonical":"https:\/\/www.sgb-fss.ch\/fr\/domaines\/","og_locale":"fr_FR","og_type":"article","og_title":"Domaines - SGB-FSS","og_description":"Domaines Nous nous engageons dans tous nos domaines pour que les barri\u00e8res de la [&hellip;]","og_url":"https:\/\/www.sgb-fss.ch\/fr\/domaines\/","og_site_name":"SGB-FSS","article_modified_time":"2023-11-02T13:35:10+00:00","twitter_card":"summary_large_image","twitter_misc":{"Dur\u00e9e de lecture estim\u00e9e":"1 minute"},"schema":{"@context":"https:\/\/schema.org","@graph":[{"@type":"WebPage","@id":"https:\/\/www.sgb-fss.ch\/fr\/domaines\/","url":"https:\/\/www.sgb-fss.ch\/fr\/domaines\/","name":"Domaines - SGB-FSS","isPartOf":{"@id":"https:\/\/www.sgb-fss.ch\/de\/#website"},"datePublished":"2022-10-14T15:24:08+00:00","dateModified":"2023-11-02T13:35:10+00:00","breadcrumb":{"@id":"https:\/\/www.sgb-fss.ch\/fr\/domaines\/#breadcrumb"},"inLanguage":"fr-FR","potentialAction":[{"@type":"ReadAction","target":["https:\/\/www.sgb-fss.ch\/fr\/domaines\/"]}]},{"@type":"BreadcrumbList","@id":"https:\/\/www.sgb-fss.ch\/fr\/domaines\/#breadcrumb","itemListElement":[{"@type":"ListItem","position":1,"name":"Home","item":"https:\/\/www.sgb-fss.ch\/fr\/"},{"@type":"ListItem","position":2,"name":"Domaines"}]},{"@type":"WebSite","@id":"https:\/\/www.sgb-fss.ch\/de\/#website","url":"https:\/\/www.sgb-fss.ch\/de\/","name":"SGB-FSS","description":"","potentialAction":[{"@type":"SearchAction","target":{"@type":"EntryPoint","urlTemplate":"https:\/\/www.sgb-fss.ch\/de\/?s={search_term_string}"},"query-input":{"@type":"PropertyValueSpecification","valueRequired":true,"valueName":"search_term_string"}}],"inLanguage":"fr-FR"}]}},"_links":{"self":[{"href":"https:\/\/www.sgb-fss.ch\/fr\/wp-json\/wp\/v2\/pages\/9128","targetHints":{"allow":["GET"]}}],"collection":[{"href":"https:\/\/www.sgb-fss.ch\/fr\/wp-json\/wp\/v2\/pages"}],"about":[{"href":"https:\/\/www.sgb-fss.ch\/fr\/wp-json\/wp\/v2\/types\/page"}],"author":[{"embeddable":true,"href":"https:\/\/www.sgb-fss.ch\/fr\/wp-json\/wp\/v2\/users\/20"}],"replies":[{"embeddable":true,"href":"https:\/\/www.sgb-fss.ch\/fr\/wp-json\/wp\/v2\/comments?post=9128"}],"version-history":[{"count":23,"href":"https:\/\/www.sgb-fss.ch\/fr\/wp-json\/wp\/v2\/pages\/9128\/revisions"}],"predecessor-version":[{"id":28788,"href":"https:\/\/www.sgb-fss.ch\/fr\/wp-json\/wp\/v2\/pages\/9128\/revisions\/28788"}],"wp:attachment":[{"href":"https:\/\/www.sgb-fss.ch\/fr\/wp-json\/wp\/v2\/media?parent=9128"}],"curies":[{"name":"wp","href":"https:\/\/api.w.org\/{rel}","templated":true}]}}