{"id":9113,"date":"2022-10-14T16:49:03","date_gmt":"2022-10-14T14:49:03","guid":{"rendered":"https:\/\/www.sgb-fss.ch\/?page_id=9113"},"modified":"2026-02-11T14:01:38","modified_gmt":"2026-02-11T13:01:38","slug":"languesdessignes","status":"publish","type":"page","link":"https:\/\/www.sgb-fss.ch\/fr\/languesdessignes\/","title":{"rendered":"Langues des signes"},"content":{"rendered":"\n<div class=\"wp-block-group has-sgb-fss-rot-50-background-color has-background is-layout-flow wp-block-group-is-layout-flow\">\n<h1 class=\"wp-block-heading\">Langues des signes<\/h1>\n\n\n\n<p class=\"is-style-lead\">Nous estimons les langues des signes comme des langues vivantes qui font partie de la diversit\u00e9 culturelle de la Suisse et enrichissent la soci\u00e9t\u00e9 de leurs particularit\u00e9s.<\/p>\n<\/div>\n\n\n<div class=\"block block-teaserpages\" id=\"block_d64fd45508ab0f91a24eea018f1ad465\" data-block=\"Teaser Pages\">\n  <ul class=\"block-teaserpages__list\">\n            <li class=\"block-teaserpages__item\">\n        <a class=\"accent teaserpage\" href=\"https:\/\/www.sgb-fss.ch\/fr\/languesdessignes\/etre-sourd\/\">\n  <div class=\"teaserpage__thumbnail\">\n            <div class=\"image teaserpage__thumbnail-image\" >\n    <img decoding=\"async\"\n      loading=\"lazy\"\n      class=\"image__object lazyload\"\n      src=\"https:\/\/www.sgb-fss.ch\/content\/uploads\/2023\/05\/kultur_gehoerlose-scaled-e1684155012474-1440x0-c-default.jpg\"       data-sizes=\"auto\"\n      data-srcset=\"https:\/\/www.sgb-fss.ch\/content\/uploads\/2023\/05\/kultur_gehoerlose-scaled-e1684155012474-1000x0-c-default.jpg 1000w, https:\/\/www.sgb-fss.ch\/content\/uploads\/2023\/05\/kultur_gehoerlose-scaled-e1684155012474-700x0-c-default.jpg 700w, https:\/\/www.sgb-fss.ch\/content\/uploads\/2023\/05\/kultur_gehoerlose-scaled-e1684155012474-350x0-c-default.jpg 350w, \"\n      alt=\"\"\n      width=\"2560\"\n      height=\"1707\"\n            >\n  <\/div>\n      <\/div>\n  <h3 class=\"teaserpage__title\">\u00catre sourd<\/h3>\n  <p class=\"teaserpage__lead\">Les personnes sourdes per\u00e7oivent beaucoup de choses autour d&rsquo;elles et leur perception visuelle est d&rsquo;autant plus aiguis\u00e9e. Les personnes sourdes sont conscientes que l&rsquo;acc\u00e8s \u00e0 elles peut \u00eatre difficile pour les personnes entendantes. Nous souhaitons surmonter ces barri\u00e8res.<\/p>  <\/a>\n      <\/li>\n            <li class=\"block-teaserpages__item\">\n        <a class=\"accent teaserpage\" href=\"https:\/\/www.sgb-fss.ch\/fr\/languesdessignes\/participation-a-la-vie-culturelle\/\">\n  <div class=\"teaserpage__thumbnail\">\n            <div class=\"image teaserpage__thumbnail-image\" >\n    <img decoding=\"async\"\n      loading=\"lazy\"\n      class=\"image__object lazyload\"\n      src=\"https:\/\/www.sgb-fss.ch\/content\/uploads\/2023\/05\/gebarde-i-1440x0-c-default.png\"       data-sizes=\"auto\"\n      data-srcset=\"https:\/\/www.sgb-fss.ch\/content\/uploads\/2023\/05\/gebarde-i-1000x0-c-default.png 1000w, https:\/\/www.sgb-fss.ch\/content\/uploads\/2023\/05\/gebarde-i-700x0-c-default.png 700w, https:\/\/www.sgb-fss.ch\/content\/uploads\/2023\/05\/gebarde-i-350x0-c-default.png 350w, \"\n      alt=\"\"\n      width=\"1219\"\n      height=\"686\"\n            >\n  <\/div>\n      <\/div>\n  <h3 class=\"teaserpage__title\">Participation \u00e0 la vie culturelle<\/h3>\n  <p class=\"teaserpage__lead\">Les langues des signes font partie de la culture des sourds comme les diff\u00e9rentes langues parl\u00e9es font partie de la culture des personnes entendantes. L\u2019apprentissage d\u2019une langue des signes est ouvert \u00e0 toute personne d\u00e9sireuse de d\u00e9couvrir une autre mani\u00e8re de voir le monde.<\/p>  <\/a>\n      <\/li>\n            <li class=\"block-teaserpages__item\">\n        <a class=\"accent teaserpage\" href=\"https:\/\/www.sgb-fss.ch\/fr\/domaines\/travail-politique\/reconnaissance-de-la-langue-des-signes\/\">\n  <div class=\"teaserpage__thumbnail\">\n            <div class=\"image teaserpage__thumbnail-image\" >\n    <img decoding=\"async\"\n      loading=\"lazy\"\n      class=\"image__object lazyload\"\n      src=\"https:\/\/www.sgb-fss.ch\/content\/uploads\/2023\/07\/2205_besuch_im_bundeshaus-09386-scaled-1440x0-c-default.jpg\"       data-sizes=\"auto\"\n      data-srcset=\"https:\/\/www.sgb-fss.ch\/content\/uploads\/2023\/07\/2205_besuch_im_bundeshaus-09386-scaled-1000x0-c-default.jpg 1000w, https:\/\/www.sgb-fss.ch\/content\/uploads\/2023\/07\/2205_besuch_im_bundeshaus-09386-scaled-700x0-c-default.jpg 700w, https:\/\/www.sgb-fss.ch\/content\/uploads\/2023\/07\/2205_besuch_im_bundeshaus-09386-scaled-350x0-c-default.jpg 350w, \"\n      alt=\"\"\n      width=\"2560\"\n      height=\"1440\"\n            >\n  <\/div>\n      <\/div>\n  <h3 class=\"teaserpage__title\">Reconnaissance des langues des signes<\/h3>\n  <p class=\"teaserpage__lead\">La reconnaissance juridique des langues des signes est une condition indispensable pour garantir les droits des personnes sourdes. Pour garantir ces droits, il faut non seulement une reconnaissance, mais aussi des mesures de promotion de la langue des signes et d\u2019\u00e9galit\u00e9 entre les personnes sourdes et malentendantes. Pour cela, une loi sur la langue des signes est n\u00e9cessaire.<\/p>  <\/a>\n      <\/li>\n            <li class=\"block-teaserpages__item\">\n        <a class=\"accent teaserpage\" href=\"https:\/\/www.sgb-fss.ch\/fr\/languesdessignes\/examen-professionnel-federal\/\">\n  <div class=\"teaserpage__thumbnail\">\n            <div class=\"image teaserpage__thumbnail-image\" >\n    <img decoding=\"async\"\n      loading=\"lazy\"\n      class=\"image__object lazyload\"\n      src=\"https:\/\/www.sgb-fss.ch\/content\/uploads\/2025\/02\/diplom_1_bearbeitet-1440x0-c-default.png\"       data-sizes=\"auto\"\n      data-srcset=\"https:\/\/www.sgb-fss.ch\/content\/uploads\/2025\/02\/diplom_1_bearbeitet-1000x0-c-default.png 1000w, https:\/\/www.sgb-fss.ch\/content\/uploads\/2025\/02\/diplom_1_bearbeitet-700x0-c-default.png 700w, https:\/\/www.sgb-fss.ch\/content\/uploads\/2025\/02\/diplom_1_bearbeitet-350x0-c-default.png 350w, \"\n      alt=\"\"\n      width=\"734\"\n      height=\"586\"\n            >\n  <\/div>\n      <\/div>\n  <h3 class=\"teaserpage__title\">Examen professionnel f\u00e9d\u00e9ral d&rsquo;enseignant(e) en langue des signes<\/h3>\n  <p class=\"teaserpage__lead\">La F\u00e9d\u00e9ration suisse des sourds est responsable de l&rsquo;organisation de l&rsquo;examen professionnel f\u00e9d\u00e9ral pour les enseignants en langue des signes. Apr\u00e8s la r\u00e9ussite de l&rsquo;examen, le &lsquo;certificat de branche GSL&rsquo; est attest\u00e9, ce qui permet d&rsquo;entrer dans la pratique.<\/p>  <\/a>\n      <\/li>\n            <li class=\"block-teaserpages__item\">\n        <a class=\"accent teaserpage\" href=\"https:\/\/www.sgb-fss.ch\/fr\/languesdessignes\/alphabet-manuel\/\">\n  <div class=\"teaserpage__thumbnail\">\n            <div class=\"image teaserpage__thumbnail-image\" >\n    <img decoding=\"async\"\n      loading=\"lazy\"\n      class=\"image__object lazyload\"\n      src=\"https:\/\/www.sgb-fss.ch\/content\/uploads\/2024\/01\/fingeralphabet-a6-f-1440x0-c-default.jpg\"       data-sizes=\"auto\"\n      data-srcset=\"https:\/\/www.sgb-fss.ch\/content\/uploads\/2024\/01\/fingeralphabet-a6-f-1000x0-c-default.jpg 1000w, https:\/\/www.sgb-fss.ch\/content\/uploads\/2024\/01\/fingeralphabet-a6-f-700x0-c-default.jpg 700w, https:\/\/www.sgb-fss.ch\/content\/uploads\/2024\/01\/fingeralphabet-a6-f-350x0-c-default.jpg 350w, \"\n      alt=\"\"\n      width=\"1240\"\n      height=\"1748\"\n            >\n  <\/div>\n      <\/div>\n  <h3 class=\"teaserpage__title\">Alphabet manuel (Dactylologie)<\/h3>\n  <p class=\"teaserpage__lead\">L\u2019alphabet manuel est souvent utilis\u00e9 pour \u00e9peler des mots \u00e9trangers ou des noms en langue des signes. Il s\u2019utilise \u00e9galement lorsqu\u2019il n\u2019existe pas encore de signe pour un terme.<\/p>  <\/a>\n      <\/li>\n            <li class=\"block-teaserpages__item\">\n        <a class=\"accent teaserpage\" href=\"https:\/\/www.sgb-fss.ch\/fr\/languesdessignes\/interpretes-en-langue-des-signes-en-suisse\/\">\n  <div class=\"teaserpage__thumbnail\">\n            <div class=\"image teaserpage__thumbnail-image\" >\n    <img decoding=\"async\"\n      loading=\"lazy\"\n      class=\"image__object lazyload\"\n      src=\"https:\/\/www.sgb-fss.ch\/content\/uploads\/bhp-1759-scaled-1440x0-c-default.jpg\"       data-sizes=\"auto\"\n      data-srcset=\"https:\/\/www.sgb-fss.ch\/content\/uploads\/bhp-1759-scaled-1000x0-c-default.jpg 1000w, https:\/\/www.sgb-fss.ch\/content\/uploads\/bhp-1759-scaled-700x0-c-default.jpg 700w, https:\/\/www.sgb-fss.ch\/content\/uploads\/bhp-1759-scaled-350x0-c-default.jpg 350w, \"\n      alt=\"Geb\u00e4rdensprachdolmetscher*innen im Einsatz an einer Veranstaltung\"\n      width=\"2560\"\n      height=\"1707\"\n            >\n  <\/div>\n      <\/div>\n  <h3 class=\"teaserpage__title\">Interpr\u00e8tes en langue des signes en Suisse<\/h3>\n  <p class=\"teaserpage__lead\">Les interpr\u00e8tes en langue des signes sont les interm\u00e9diaires entre les langues des signes et les langues orales. Ce service est essentiel pour garantir une compr\u00e9hension compl\u00e8te et pr\u00e9cise par toutes les parties.<\/p>  <\/a>\n      <\/li>\n    <\/ul>\n<\/div>\n","protected":false},"excerpt":{"rendered":"<p>Langues des signes Nous estimons les langues des signes comme des langues vivantes qui [&hellip;]<\/p>\n","protected":false},"author":20,"featured_media":0,"parent":0,"menu_order":0,"comment_status":"closed","ping_status":"closed","template":"front-page.php","meta":{"_acf_changed":false,"inline_featured_image":false,"footnotes":""},"class_list":["post-9113","page","type-page","status-publish","hentry"],"acf":[],"yoast_head":"<!-- This site is optimized with the Yoast SEO plugin v27.4 - https:\/\/yoast.com\/product\/yoast-seo-wordpress\/ -->\n<title>Langues des signes - SGB-FSS<\/title>\n<meta name=\"robots\" content=\"index, follow, max-snippet:-1, max-image-preview:large, max-video-preview:-1\" \/>\n<link rel=\"canonical\" href=\"https:\/\/www.sgb-fss.ch\/fr\/languesdessignes\/\" \/>\n<meta property=\"og:locale\" content=\"fr_FR\" \/>\n<meta property=\"og:type\" content=\"article\" \/>\n<meta property=\"og:title\" content=\"Langues des signes - SGB-FSS\" \/>\n<meta property=\"og:description\" content=\"Langues des signes Nous estimons les langues des signes comme des langues vivantes qui [&hellip;]\" \/>\n<meta property=\"og:url\" content=\"https:\/\/www.sgb-fss.ch\/fr\/languesdessignes\/\" \/>\n<meta property=\"og:site_name\" content=\"SGB-FSS\" \/>\n<meta property=\"article:modified_time\" content=\"2026-02-11T13:01:38+00:00\" \/>\n<meta name=\"twitter:card\" content=\"summary_large_image\" \/>\n<meta name=\"twitter:label1\" content=\"Dur\u00e9e de lecture estim\u00e9e\" \/>\n\t<meta name=\"twitter:data1\" content=\"1 minute\" \/>\n<script type=\"application\/ld+json\" class=\"yoast-schema-graph\">{\"@context\":\"https:\\\/\\\/schema.org\",\"@graph\":[{\"@type\":\"WebPage\",\"@id\":\"https:\\\/\\\/www.sgb-fss.ch\\\/fr\\\/languesdessignes\\\/\",\"url\":\"https:\\\/\\\/www.sgb-fss.ch\\\/fr\\\/languesdessignes\\\/\",\"name\":\"Langues des signes - SGB-FSS\",\"isPartOf\":{\"@id\":\"https:\\\/\\\/www.sgb-fss.ch\\\/de\\\/#website\"},\"datePublished\":\"2022-10-14T14:49:03+00:00\",\"dateModified\":\"2026-02-11T13:01:38+00:00\",\"breadcrumb\":{\"@id\":\"https:\\\/\\\/www.sgb-fss.ch\\\/fr\\\/languesdessignes\\\/#breadcrumb\"},\"inLanguage\":\"fr-FR\",\"potentialAction\":[{\"@type\":\"ReadAction\",\"target\":[\"https:\\\/\\\/www.sgb-fss.ch\\\/fr\\\/languesdessignes\\\/\"]}]},{\"@type\":\"BreadcrumbList\",\"@id\":\"https:\\\/\\\/www.sgb-fss.ch\\\/fr\\\/languesdessignes\\\/#breadcrumb\",\"itemListElement\":[{\"@type\":\"ListItem\",\"position\":1,\"name\":\"Home\",\"item\":\"https:\\\/\\\/www.sgb-fss.ch\\\/fr\\\/\"},{\"@type\":\"ListItem\",\"position\":2,\"name\":\"Langues des signes\"}]},{\"@type\":\"WebSite\",\"@id\":\"https:\\\/\\\/www.sgb-fss.ch\\\/de\\\/#website\",\"url\":\"https:\\\/\\\/www.sgb-fss.ch\\\/de\\\/\",\"name\":\"SGB-FSS\",\"description\":\"\",\"potentialAction\":[{\"@type\":\"SearchAction\",\"target\":{\"@type\":\"EntryPoint\",\"urlTemplate\":\"https:\\\/\\\/www.sgb-fss.ch\\\/de\\\/?s={search_term_string}\"},\"query-input\":{\"@type\":\"PropertyValueSpecification\",\"valueRequired\":true,\"valueName\":\"search_term_string\"}}],\"inLanguage\":\"fr-FR\"}]}<\/script>\n<!-- \/ Yoast SEO plugin. -->","yoast_head_json":{"title":"Langues des signes - SGB-FSS","robots":{"index":"index","follow":"follow","max-snippet":"max-snippet:-1","max-image-preview":"max-image-preview:large","max-video-preview":"max-video-preview:-1"},"canonical":"https:\/\/www.sgb-fss.ch\/fr\/languesdessignes\/","og_locale":"fr_FR","og_type":"article","og_title":"Langues des signes - SGB-FSS","og_description":"Langues des signes Nous estimons les langues des signes comme des langues vivantes qui [&hellip;]","og_url":"https:\/\/www.sgb-fss.ch\/fr\/languesdessignes\/","og_site_name":"SGB-FSS","article_modified_time":"2026-02-11T13:01:38+00:00","twitter_card":"summary_large_image","twitter_misc":{"Dur\u00e9e de lecture estim\u00e9e":"1 minute"},"schema":{"@context":"https:\/\/schema.org","@graph":[{"@type":"WebPage","@id":"https:\/\/www.sgb-fss.ch\/fr\/languesdessignes\/","url":"https:\/\/www.sgb-fss.ch\/fr\/languesdessignes\/","name":"Langues des signes - SGB-FSS","isPartOf":{"@id":"https:\/\/www.sgb-fss.ch\/de\/#website"},"datePublished":"2022-10-14T14:49:03+00:00","dateModified":"2026-02-11T13:01:38+00:00","breadcrumb":{"@id":"https:\/\/www.sgb-fss.ch\/fr\/languesdessignes\/#breadcrumb"},"inLanguage":"fr-FR","potentialAction":[{"@type":"ReadAction","target":["https:\/\/www.sgb-fss.ch\/fr\/languesdessignes\/"]}]},{"@type":"BreadcrumbList","@id":"https:\/\/www.sgb-fss.ch\/fr\/languesdessignes\/#breadcrumb","itemListElement":[{"@type":"ListItem","position":1,"name":"Home","item":"https:\/\/www.sgb-fss.ch\/fr\/"},{"@type":"ListItem","position":2,"name":"Langues des signes"}]},{"@type":"WebSite","@id":"https:\/\/www.sgb-fss.ch\/de\/#website","url":"https:\/\/www.sgb-fss.ch\/de\/","name":"SGB-FSS","description":"","potentialAction":[{"@type":"SearchAction","target":{"@type":"EntryPoint","urlTemplate":"https:\/\/www.sgb-fss.ch\/de\/?s={search_term_string}"},"query-input":{"@type":"PropertyValueSpecification","valueRequired":true,"valueName":"search_term_string"}}],"inLanguage":"fr-FR"}]}},"_links":{"self":[{"href":"https:\/\/www.sgb-fss.ch\/fr\/wp-json\/wp\/v2\/pages\/9113","targetHints":{"allow":["GET"]}}],"collection":[{"href":"https:\/\/www.sgb-fss.ch\/fr\/wp-json\/wp\/v2\/pages"}],"about":[{"href":"https:\/\/www.sgb-fss.ch\/fr\/wp-json\/wp\/v2\/types\/page"}],"author":[{"embeddable":true,"href":"https:\/\/www.sgb-fss.ch\/fr\/wp-json\/wp\/v2\/users\/20"}],"replies":[{"embeddable":true,"href":"https:\/\/www.sgb-fss.ch\/fr\/wp-json\/wp\/v2\/comments?post=9113"}],"version-history":[{"count":42,"href":"https:\/\/www.sgb-fss.ch\/fr\/wp-json\/wp\/v2\/pages\/9113\/revisions"}],"predecessor-version":[{"id":43859,"href":"https:\/\/www.sgb-fss.ch\/fr\/wp-json\/wp\/v2\/pages\/9113\/revisions\/43859"}],"wp:attachment":[{"href":"https:\/\/www.sgb-fss.ch\/fr\/wp-json\/wp\/v2\/media?parent=9113"}],"curies":[{"name":"wp","href":"https:\/\/api.w.org\/{rel}","templated":true}]}}