{"id":8387,"date":"2021-03-15T18:25:15","date_gmt":"2021-03-15T17:25:15","guid":{"rendered":"https:\/\/www.sgb-fss.ch\/agb\/"},"modified":"2024-01-16T15:45:13","modified_gmt":"2024-01-16T14:45:13","slug":"cg","status":"publish","type":"page","link":"https:\/\/www.sgb-fss.ch\/fr\/cg\/","title":{"rendered":"Conditions g\u00e9n\u00e9rales"},"content":{"rendered":"\n<p class=\"is-style-lead\">Les conditions g\u00e9n\u00e9rales (CG) s\u2019appliquent \u00e0 tous les achats effectu\u00e9s dans la boutique et \u00e0 tous les cours de la F\u00e9d\u00e9ration Suisse des Sourds.<\/p>\n\n\n\n<div class=\"wp-block-columns is-layout-flex wp-container-core-columns-is-layout-9d6595d7 wp-block-columns-is-layout-flex\">\n<div class=\"wp-block-column is-layout-flow wp-block-column-is-layout-flow\" style=\"flex-basis:100%\">\n<div class=\"wp-block-group has-schwarz-25-background-color has-background is-layout-flow wp-block-group-is-layout-flow\">\n<h3 class=\"wp-block-heading\">Downloads<\/h3>\n\n\n\n<div class=\"wp-block-file\"><a id=\"wp-block-file--media-33846d8b-1fb5-4013-ad05-c2b9b8d4e685\" href=\"https:\/\/www.sgb-fss.ch\/content\/uploads\/2023\/10\/agb_fr_01.10.2023.pdf\" target=\"_blank\" rel=\"noreferrer noopener\">Conditions g\u00e9n\u00e9rales de vente_01.10.2023<\/a><a href=\"https:\/\/www.sgb-fss.ch\/content\/uploads\/2023\/10\/agb_fr_01.10.2023.pdf\" class=\"wp-block-file__button wp-element-button\" download aria-describedby=\"wp-block-file--media-33846d8b-1fb5-4013-ad05-c2b9b8d4e685\">Herunterladen<\/a><\/div>\n<\/div>\n<\/div>\n<\/div>\n\n\n\n<div class=\"wp-block-columns is-layout-flex wp-container-core-columns-is-layout-9d6595d7 wp-block-columns-is-layout-flex\">\n<div class=\"wp-block-column is-layout-flow wp-block-column-is-layout-flow\" style=\"flex-basis:100%\">\n<div class=\"wp-block-group has-pflaume-10-background-color has-background is-layout-constrained wp-block-group-is-layout-constrained\">\n<p>\u00c9tat: 01. Octobre 2023<\/p>\n\n\n\n<ol class=\"wp-block-list\">\n<li><strong>Champ d&rsquo;application et d\u00e9finitions<\/strong><br>Les pr\u00e9sentes Conditions g\u00e9n\u00e9rales [CGV] s&rsquo;appliquent \u00e0 tous les \u00e9l\u00e9ments suivants:<br>cours organis\u00e9s par la F\u00e9d\u00e9ration Suisse des Sourds [ci-apr\u00e8s SGB-FSS].<br>commandes effectu\u00e9es sur le shop en ligne de la SGB-FSS,<br>services sur le site Internet,<br>abonnements aux magazines.<br>Client-e-s:<br>Les participant-e-s aux cours, les participant-e-s \u00e0 des manifestations, les client-e-s du shop en ligne, les<br>utilisateurs et utilisatrices du site Internet et les abonn\u00e9-e-s sont uniform\u00e9ment d\u00e9nomm\u00e9s ci-apr\u00e8s les<br>client-e-s. Les pr\u00e9sentes CG sont contraignantes pour tout-e-s les client-e-s.<br>Site Internet:<br>Le terme de site Internet d\u00e9signe le site Internet de la <a href=\"https:\/\/www.sgb-fss.ch\/fr\/\" target=\"_blank\" rel=\"noreferrer noopener\">SGB-FSS<\/a>. <a href=\"http:\/\/plate-forme-inscription.sgb-fss.ch\" target=\"_blank\" rel=\"noreferrer noopener\">le site Internet de la plate-forme d&rsquo;inscription<\/a>, <a href=\"https:\/\/www.sgb-fss.ch\/signsuisse\/fr\/\" target=\"_blank\" rel=\"noreferrer noopener\">le site Internet du lexique de langue des signes<\/a> et le site Internet\u00ab <a href=\"https:\/\/fr.deafliteracy.ch\/\" target=\"_blank\" rel=\"noreferrer noopener\">Read to Deaf Kids<\/a> \u00bb .<br>\u00c9v\u00e9nements:<br>Les \u00e9v\u00e9nements de la F\u00e9d\u00e9ration sont r\u00e9gis par les prescriptions du r\u00e8glement des membres et des statuts<br>ainsi que par les conditions de participation s\u00e9par\u00e9es.<br>Cours et manifestations:<br>Les cours et manifestations mis en place par des organisations partenaires de la SGB-FSS sont soumis aux<br>conditions et r\u00e8glements distincts de l&rsquo;organisation \u00e0 l&rsquo;initiative du cours ou de la manifestation.<\/li>\n\n\n\n<li><strong>Responsabilit\u00e9<\/strong><br>Toute responsabilit\u00e9 de la SGB-FSS et de ses auxiliaires est exclue dans la limite autoris\u00e9e par la loi.<br>Toute responsabilit\u00e9 \u00e9ventuelle envers les client-e-s se limite au montant factur\u00e9 correspondant au service<br>concern\u00e9.<\/li>\n\n\n\n<li><strong><a href=\"https:\/\/www.sgb-fss.ch\/fr\/protection-des-donnees\/\" target=\"_blank\" rel=\"noreferrer noopener\">Protection des donn\u00e9es<\/a><\/strong><br>Toutes les donn\u00e9es des client-e-s sont saisies et trait\u00e9es avec le plus grand soin et conform\u00e9ment aux<br>prescriptions suisses en mati\u00e8re de protection des donn\u00e9es.<br>Toutes les autres informations relatives \u00e0 la protection des donn\u00e9es figurent dans la d\u00e9claration de<br>protection des donn\u00e9es, dont les termes font partie int\u00e9grante des pr\u00e9sentes CGV.<\/li>\n\n\n\n<li><strong>Cours et manifestations<\/strong><br>4.1 Inscription et organisation<br>L&rsquo;inscription \u00e0 tous les cours et \u00e0 toutes les manifestations doit se faire par \u00e9crit. L&rsquo;inscription est<br>contraignante et entra\u00eene le paiement obligatoire des frais de participation par les client-e-s.<br>La SGB-FSS fixe pour chaque cours un nombre minimal et un nombre maximal de participants. Les places<br>sont attribu\u00e9es en fonction de l&rsquo;ordre d&rsquo;arriv\u00e9e des inscriptions [sous r\u00e9serve d&rsquo;un paiement dans les d\u00e9lais].<br>En cas de manque de participant-e-s ou pour tout autre motif valable, la SGB-FSS se r\u00e9serve le droit<br>d&rsquo;annuler le cours. Dans un tel cas, les frais de participation ne sont pas dus, respectivement sont<br>rembours\u00e9s int\u00e9gralement. Toute autre pr\u00e9tention des client-e-s est exclue.<br>4.2 Annulation de l&rsquo;inscription et non-participation<br>Une d\u00e9sinscription doit intervenir par \u00e9crit au plus tard 5 semaines avant la date de participation, \u00e9tant<br>pr\u00e9cis\u00e9 que des frais de traitement peuvent s&rsquo;appliquer.<br>En cas d&rsquo;annulation apr\u00e8s ce d\u00e9lai, le montant total des frais de participation est d\u00fb. Le non-paiement des<br>frais de participation \u00e0 un cours n\u00b7est pas consid\u00e9r\u00e9 comme une annulation.<br>Les absences ou les participations \u00e9court\u00e9es ne peuvent \u00eatre ni rattrap\u00e9es, ni rembours\u00e9es.<br>Lors de la participation r\u00e9ussie d&rsquo;au moins 80% des le\u00e7ons du cours, la SGB-FSS \u00e9tablit une attestation de<br>cours, \u00e0 condition toutefois que le cours ne remonte pas \u00e0 plus d&rsquo;un an.<\/li>\n\n\n\n<li><strong>Commande<\/strong><br>La commande doit se faire par \u00e9crit et est contraignante.<\/li>\n\n\n\n<li><strong>Prix<\/strong><br>Tous les prix sont indiqu\u00e9s en CHF !francs suisses]. Tous les prix [y compris prix de l&rsquo;abonnement \u00e0 des<br>journaux]. le cas \u00e9ch\u00e9ant, s&rsquo;entendent hors taxe sur la valeur ajout\u00e9e. Les cours ne sont pas soumis \u00e0 la TVA.<br>Les frais d&rsquo;envoi et d&rsquo;assurance ainsi que les retours sont \u00e0 la charge des client-e-s.<\/li>\n\n\n\n<li><strong>Disponibilit\u00e9 et r\u00e9serve de prestations pour les produits non livrables<\/strong><br>Toutes les informations sur la disponibilit\u00e9, l&rsquo;envoi et la livraison d&rsquo;un produit sont des informations<br>temporaires et des valeurs indicatives approximatives. Elles ne constituent pas des d\u00e9lais d&rsquo;envoi ou de<br>livraison fermes ou garantis. Une responsabilit\u00e9 au titre de produits indisponibles ou de retards dans l&rsquo;envoi<br>ou la livraison est express\u00e9ment exclue.<br>Les produits sont disponibles tant que les stocks sont suffisants. Si la SGB-FSS constate, lors du traitement<br>de la commande, que les produits command\u00e9s par les client-e-s ne sont pas disponibles, elle les en informe<br>sans d\u00e9lai. Dans ce cas, aucun contrat n&rsquo;est conclu \u00e0 l&rsquo;\u00e9gard des produits non livrables puisque les produits<br>command\u00e9s ne peuvent pas \u00eatre livr\u00e9s.<\/li>\n\n\n\n<li><strong>Conditions et frais de livraison<\/strong><br>Les risques sont transf\u00e9r\u00e9s \u00e0 l&rsquo;acheteur \u00e0 l&rsquo;envoi des marchandises.<br>La SGB-FSS livre exclusivement en Suisse et au Liechtenstein. Le d\u00e9lai de livraison est en r\u00e8gle g\u00e9n\u00e9rale de<br>10 jours ouvrables au maximum.<br>La SGB-FSS fait tout son possible pour respecter les d\u00e9lais de livraison indiqu\u00e9s. La SGB-FSS ne r\u00e9pond<br>toutefois pas des retards de livraison, quelle qu&rsquo;en soit la cause. Les client-e-s sont imm\u00e9diatement inform\u00e9s<br>de tous retards de livraison.<br>Si l&#8217;emp\u00eachement de fournir la prestation se prolonge plus de 4 semaines apr\u00e8s la date de livraison initiale, les<br>client-e-s ont le droit de se r\u00e9tracter. Toutes les autres pr\u00e9tentions, en particulier demandes de dommagesint\u00e9r\u00eats,<br>sont exclues.<br>Des frais d&rsquo;envoi sont explicitement factur\u00e9s pour chaque livraison. Les frais d&rsquo;exp\u00e9dition ne sont pas factur\u00e9s<br>pour l&rsquo;envoi de mat\u00e9riel d&rsquo;information gratuit. Les frais d&rsquo;exp\u00e9dition des magazines sont inclus dans le<br>montant de l&rsquo;abonnement.<\/li>\n\n\n\n<li><strong>Droit de r\u00e9tractation et de restitution<\/strong><br>Pour tous les achats de produits sur la boutique en ligne de la SGB-FSS, la SGB-FSS accorde \u00e0 ses les cliente-<br>s un droit de r\u00e9tractation de 14 jours \u00e0 compter de la r\u00e9ception du produit. La condition pr\u00e9alable \u00e0<br>l&rsquo;exercice du droit de r\u00e9tractation est que les client-e-s renvoie \u00e0 la SGB-FSS la marchandise non utilis\u00e9e,<br>int\u00e9grale et intacte, si possible dans l&#8217;emballage d&rsquo;origine. La marchandise doit \u00eatre renvoy\u00e9e \u00e0 l&rsquo;adresse<br>suivante: F\u00e9d\u00e9ration Suisse des Sourds, Passage St-Fran\u00e7ois 12, 1003 Lausanne. Comme solution<br>alternative, la marchandise peut \u00eatre d\u00e9pos\u00e9e en personne aux horaires d\u00a0\u00bbouverture \u00e0 la m\u00eame adresse.<br>Les client-e-s peuvent exercer le droit de r\u00e9tractation et de restitution en renvoyant la marchandise \u00e0 la SGBFSS<br>dans les 14 jours suivant sa r\u00e9ception et en annon\u00e7ant la r\u00e9tractation par \u00e9crit [courrier ou e-mail \u00e0 infof@<br>sgb-fss.chl. Le d\u00e9lai de restitution de 14 jours commence \u00e0 courir le lendemain de la r\u00e9ception de la<br>marchandise et il est respect\u00e9 d\u00e8s lors que la marchandise ou la communication de r\u00e9tractation est remise le<br>dernier jour pour restitution ou envoi \u00e0 la Poste ou \u00e0 toute autre soci\u00e9t\u00e9 de transport.<br>Le renvoi d&rsquo;un produit intervient aux frais et risques des client-e-s.<br>En cas de restitution ordinaire de la marchandise, les client-e-s un avoir correspondant au prix total r\u00e9gl\u00e9,<br>d\u00e9duction faite de frais de traitement de CHF 25.- ou CHF 10.- si la valeur de la marchandise est inf\u00e9rieure \u00e0<br>CHF 25.-.<\/li>\n\n\n\n<li><strong>Paiement et conditions de paiement<\/strong><br>Pour les cours et manifestations, la facture est envoy\u00e9e avec la confirmation de participation d\u00e9finitive.<br>Pour les commandes dans le shop en ligne, la facture est adress\u00e9e avec la livraison.<br>Pour un abonnement \u00e0 des journaux, une facture pro rata pour l&rsquo;ann\u00e9e en cours est \u00e9tablie d\u00e8s r\u00e9ception de la<br>commande. Toutes les factures suivantes pour la dur\u00e9e d&rsquo;un an sont envoy\u00e9es au premier trimestre de<br>l&rsquo;ann\u00e9e.<br>Les factures de la SGB-FSS sont payables \u00e0 30 jours.<\/li>\n\n\n\n<li><strong>R\u00e9serve de propri\u00e9t\u00e9<\/strong><br>La marchandise command\u00e9e dans le shop en ligne reste propri\u00e9t\u00e9 de la SGB-FSS jusqu&rsquo;\u00e0 ce que l&rsquo;int\u00e9gralit\u00e9<br>du montant faisant l&rsquo;objet de la facture soit r\u00e9gl\u00e9e.<\/li>\n\n\n\n<li><strong>Dur\u00e9e et r\u00e9siliation d&rsquo;un abonnement<\/strong><br>La dur\u00e9e d&rsquo;un abonnement \u00e0 un magazine est d&rsquo;une ann\u00e9e civile et, sauf r\u00e9siliation \u00e9crite, il se renouvelle<br>automatiquement d&rsquo;ann\u00e9e en ann\u00e9e. La r\u00e9siliation doit se faire par \u00e9crit au plus tard jusqu\u00b7au 31 d\u00e9cembre et<br>s&rsquo;applique pour l&rsquo;ann\u00e9e suivante.<\/li>\n\n\n\n<li><strong>Droits d&rsquo;auteur, au nom et aux marques, droits de propri\u00e9t\u00e9<\/strong><br>Les client-e-s s&rsquo;engagent \u00e0 respecter le droit d&rsquo;auteur. D\u00e8s lors qu&rsquo;il ne s&rsquo;agit pas express\u00e9ment d&rsquo;oeuvres<br>sous licence\u00ab Creative Gommons\u00bb, l&rsquo;ensemble des films, textes, images et autres oeuvres cr\u00e9\u00e9s par la SGBFSS<br>et diffus\u00e9s sur le site Internet sont prot\u00e9g\u00e9s par le droit d\u00a0\u00bbauteur. Les oeuvres ne peuvent \u00eatre utilis\u00e9es<br>qu\u00b7aux fins pr\u00e9vues par la SGB-FSS. Toute autre utilisation au-del\u00e0 de l&rsquo;utilisation du site Internet requiert le<br>consentement \u00e9crit pr\u00e9alable de la SGB-FSS.<br>La reproduction des oeuvres (p. ex. vid\u00e9os ou articles du lexique de langue des signes] n\u00b7est pas autoris\u00e9e.<\/li>\n\n\n\n<li><strong>Dispositions finales<\/strong><br>Toutes les relations juridiques avec la SGB-FSS sont r\u00e9gies par le droit suisse. Le lieu de juridiction est<br>Zurich.<br>Les changements de programmes et de prix ainsi que toute modification des conditions g\u00e9n\u00e9rales demeurent<br>r\u00e9serv\u00e9s.<br>Les pr\u00e9sentes CG entrent en vigueur le 1.10.2023 et remplacent toutes les CG ant\u00e9rieures de la SGB-FSS.<\/li>\n<\/ol>\n<\/div>\n<\/div>\n<\/div>\n","protected":false},"excerpt":{"rendered":"<p>Les conditions g\u00e9n\u00e9rales (CG) s\u2019appliquent \u00e0 tous les achats effectu\u00e9s dans la boutique et [&hellip;]<\/p>\n","protected":false},"author":40,"featured_media":0,"parent":0,"menu_order":1100,"comment_status":"closed","ping_status":"closed","template":"","meta":{"_acf_changed":false,"inline_featured_image":false,"footnotes":""},"class_list":["post-8387","page","type-page","status-publish","hentry"],"acf":[],"yoast_head":"<!-- This site is optimized with the Yoast SEO plugin v27.4 - https:\/\/yoast.com\/product\/yoast-seo-wordpress\/ -->\n<title>Conditions g\u00e9n\u00e9rales - SGB-FSS<\/title>\n<meta name=\"robots\" content=\"index, follow, max-snippet:-1, max-image-preview:large, max-video-preview:-1\" \/>\n<link rel=\"canonical\" href=\"https:\/\/www.sgb-fss.ch\/fr\/cg\/\" \/>\n<meta property=\"og:locale\" content=\"fr_FR\" \/>\n<meta property=\"og:type\" content=\"article\" \/>\n<meta property=\"og:title\" content=\"Conditions g\u00e9n\u00e9rales - SGB-FSS\" \/>\n<meta property=\"og:description\" content=\"Les conditions g\u00e9n\u00e9rales (CG) s\u2019appliquent \u00e0 tous les achats effectu\u00e9s dans la boutique et [&hellip;]\" \/>\n<meta property=\"og:url\" content=\"https:\/\/www.sgb-fss.ch\/fr\/cg\/\" \/>\n<meta property=\"og:site_name\" content=\"SGB-FSS\" \/>\n<meta property=\"article:modified_time\" content=\"2024-01-16T14:45:13+00:00\" \/>\n<meta name=\"twitter:card\" content=\"summary_large_image\" \/>\n<meta name=\"twitter:label1\" content=\"Dur\u00e9e de lecture estim\u00e9e\" \/>\n\t<meta name=\"twitter:data1\" content=\"8 minutes\" \/>\n<script type=\"application\/ld+json\" class=\"yoast-schema-graph\">{\"@context\":\"https:\\\/\\\/schema.org\",\"@graph\":[{\"@type\":\"WebPage\",\"@id\":\"https:\\\/\\\/www.sgb-fss.ch\\\/fr\\\/cg\\\/\",\"url\":\"https:\\\/\\\/www.sgb-fss.ch\\\/fr\\\/cg\\\/\",\"name\":\"Conditions g\u00e9n\u00e9rales - SGB-FSS\",\"isPartOf\":{\"@id\":\"https:\\\/\\\/www.sgb-fss.ch\\\/de\\\/#website\"},\"datePublished\":\"2021-03-15T17:25:15+00:00\",\"dateModified\":\"2024-01-16T14:45:13+00:00\",\"breadcrumb\":{\"@id\":\"https:\\\/\\\/www.sgb-fss.ch\\\/fr\\\/cg\\\/#breadcrumb\"},\"inLanguage\":\"fr-FR\",\"potentialAction\":[{\"@type\":\"ReadAction\",\"target\":[\"https:\\\/\\\/www.sgb-fss.ch\\\/fr\\\/cg\\\/\"]}]},{\"@type\":\"BreadcrumbList\",\"@id\":\"https:\\\/\\\/www.sgb-fss.ch\\\/fr\\\/cg\\\/#breadcrumb\",\"itemListElement\":[{\"@type\":\"ListItem\",\"position\":1,\"name\":\"Home\",\"item\":\"https:\\\/\\\/www.sgb-fss.ch\\\/fr\\\/\"},{\"@type\":\"ListItem\",\"position\":2,\"name\":\"Conditions g\u00e9n\u00e9rales\"}]},{\"@type\":\"WebSite\",\"@id\":\"https:\\\/\\\/www.sgb-fss.ch\\\/de\\\/#website\",\"url\":\"https:\\\/\\\/www.sgb-fss.ch\\\/de\\\/\",\"name\":\"SGB-FSS\",\"description\":\"\",\"potentialAction\":[{\"@type\":\"SearchAction\",\"target\":{\"@type\":\"EntryPoint\",\"urlTemplate\":\"https:\\\/\\\/www.sgb-fss.ch\\\/de\\\/?s={search_term_string}\"},\"query-input\":{\"@type\":\"PropertyValueSpecification\",\"valueRequired\":true,\"valueName\":\"search_term_string\"}}],\"inLanguage\":\"fr-FR\"}]}<\/script>\n<!-- \/ Yoast SEO plugin. -->","yoast_head_json":{"title":"Conditions g\u00e9n\u00e9rales - SGB-FSS","robots":{"index":"index","follow":"follow","max-snippet":"max-snippet:-1","max-image-preview":"max-image-preview:large","max-video-preview":"max-video-preview:-1"},"canonical":"https:\/\/www.sgb-fss.ch\/fr\/cg\/","og_locale":"fr_FR","og_type":"article","og_title":"Conditions g\u00e9n\u00e9rales - SGB-FSS","og_description":"Les conditions g\u00e9n\u00e9rales (CG) s\u2019appliquent \u00e0 tous les achats effectu\u00e9s dans la boutique et [&hellip;]","og_url":"https:\/\/www.sgb-fss.ch\/fr\/cg\/","og_site_name":"SGB-FSS","article_modified_time":"2024-01-16T14:45:13+00:00","twitter_card":"summary_large_image","twitter_misc":{"Dur\u00e9e de lecture estim\u00e9e":"8 minutes"},"schema":{"@context":"https:\/\/schema.org","@graph":[{"@type":"WebPage","@id":"https:\/\/www.sgb-fss.ch\/fr\/cg\/","url":"https:\/\/www.sgb-fss.ch\/fr\/cg\/","name":"Conditions g\u00e9n\u00e9rales - SGB-FSS","isPartOf":{"@id":"https:\/\/www.sgb-fss.ch\/de\/#website"},"datePublished":"2021-03-15T17:25:15+00:00","dateModified":"2024-01-16T14:45:13+00:00","breadcrumb":{"@id":"https:\/\/www.sgb-fss.ch\/fr\/cg\/#breadcrumb"},"inLanguage":"fr-FR","potentialAction":[{"@type":"ReadAction","target":["https:\/\/www.sgb-fss.ch\/fr\/cg\/"]}]},{"@type":"BreadcrumbList","@id":"https:\/\/www.sgb-fss.ch\/fr\/cg\/#breadcrumb","itemListElement":[{"@type":"ListItem","position":1,"name":"Home","item":"https:\/\/www.sgb-fss.ch\/fr\/"},{"@type":"ListItem","position":2,"name":"Conditions g\u00e9n\u00e9rales"}]},{"@type":"WebSite","@id":"https:\/\/www.sgb-fss.ch\/de\/#website","url":"https:\/\/www.sgb-fss.ch\/de\/","name":"SGB-FSS","description":"","potentialAction":[{"@type":"SearchAction","target":{"@type":"EntryPoint","urlTemplate":"https:\/\/www.sgb-fss.ch\/de\/?s={search_term_string}"},"query-input":{"@type":"PropertyValueSpecification","valueRequired":true,"valueName":"search_term_string"}}],"inLanguage":"fr-FR"}]}},"_links":{"self":[{"href":"https:\/\/www.sgb-fss.ch\/fr\/wp-json\/wp\/v2\/pages\/8387","targetHints":{"allow":["GET"]}}],"collection":[{"href":"https:\/\/www.sgb-fss.ch\/fr\/wp-json\/wp\/v2\/pages"}],"about":[{"href":"https:\/\/www.sgb-fss.ch\/fr\/wp-json\/wp\/v2\/types\/page"}],"author":[{"embeddable":true,"href":"https:\/\/www.sgb-fss.ch\/fr\/wp-json\/wp\/v2\/users\/40"}],"replies":[{"embeddable":true,"href":"https:\/\/www.sgb-fss.ch\/fr\/wp-json\/wp\/v2\/comments?post=8387"}],"version-history":[{"count":11,"href":"https:\/\/www.sgb-fss.ch\/fr\/wp-json\/wp\/v2\/pages\/8387\/revisions"}],"predecessor-version":[{"id":30929,"href":"https:\/\/www.sgb-fss.ch\/fr\/wp-json\/wp\/v2\/pages\/8387\/revisions\/30929"}],"wp:attachment":[{"href":"https:\/\/www.sgb-fss.ch\/fr\/wp-json\/wp\/v2\/media?parent=8387"}],"curies":[{"name":"wp","href":"https:\/\/api.w.org\/{rel}","templated":true}]}}