{"id":7982,"date":"2021-07-06T11:29:52","date_gmt":"2021-07-06T09:29:52","guid":{"rendered":"https:\/\/www.sgb-fss.ch\/?page_id=7982"},"modified":"2025-02-19T21:48:19","modified_gmt":"2025-02-19T20:48:19","slug":"centre-les-chemains","status":"publish","type":"page","link":"https:\/\/www.sgb-fss.ch\/fr\/federation\/centre-les-chemains\/","title":{"rendered":"Les Chemain\u2019S"},"content":{"rendered":"\n<p class=\"is-style-lead\">Les Chemain\u2019S est un d\u00e9partement de la F\u00e9d\u00e9ration Suisse des Sourds qui regroupe quatre prestations.<\/p>\n\n\n\n<div class=\"wp-block-buttons is-layout-flex wp-block-buttons-is-layout-flex\">\n<div class=\"wp-block-button is-style-anchor\"><a class=\"wp-block-button__link wp-element-button\" href=\"#contact\">Contact<\/a><\/div>\n<\/div>\n\n\n\n<p>Cette instance s\u2019adresse \u00e0 toutes les personnes sourdes\/malentendantes ainsi qu\u2019\u00e0 leurs proches, et aux professionnels de Suisse romande. La mission centrale de Les Chemain\u2019S est de renforcer l\u2019autonomie et la capacitation des personnes concern\u00e9es et de faciliter leur int\u00e9gration sociale.<\/p>\n\n\n\n<figure class=\"wp-block-image size-large\"><img loading=\"lazy\" decoding=\"async\" width=\"1024\" height=\"683\" src=\"https:\/\/www.sgb-fss.ch\/content\/uploads\/2025\/01\/activite_apprentissage-1024x683.jpg\" alt=\"\" class=\"wp-image-36866\" srcset=\"https:\/\/www.sgb-fss.ch\/content\/uploads\/2025\/01\/activite_apprentissage-1024x683.jpg 1024w, https:\/\/www.sgb-fss.ch\/content\/uploads\/2025\/01\/activite_apprentissage-300x200.jpg 300w, https:\/\/www.sgb-fss.ch\/content\/uploads\/2025\/01\/activite_apprentissage-150x100.jpg 150w, https:\/\/www.sgb-fss.ch\/content\/uploads\/2025\/01\/activite_apprentissage-768x512.jpg 768w, https:\/\/www.sgb-fss.ch\/content\/uploads\/2025\/01\/activite_apprentissage-1536x1024.jpg 1536w, https:\/\/www.sgb-fss.ch\/content\/uploads\/2025\/01\/activite_apprentissage-2048x1365.jpg 2048w\" sizes=\"auto, (max-width: 1024px) 100vw, 1024px\" \/><\/figure>\n\n\n\n<h2 class=\"wp-block-heading\">Les quatre prestations\u00a0de Les Chemain&rsquo;S<\/h2>\n\n\n\n<h3 class=\"wp-block-heading\">Service romand itin\u00e9rant en surdit\u00e9 (SIS)<\/h3>\n\n\n\n<p>Service romand Itin\u00e9rant en Surdit\u00e9 (SIS) propose un accompagnement socio-\u00e9ducatif individuel \u00e0 domicile et\/ou l\u00e0 o\u00f9 il est n\u00e9cessaire d\u2019accompagner la personne. Les \u00e9ducateurs et \u00e9ducatrices, ayant une expertise en surdit\u00e9, encouragent au d\u00e9veloppement de l\u2019autonomie dans l\u2019environnement de vie selon les besoins.<\/p>\n\n\n\n<h3 class=\"wp-block-heading\">Coaching professionnel surdit\u00e9 (CPS)<\/h3>\n\n\n\n<p>Coaching Professionnel Surdit\u00e9 (CPS) propose un soutien dans le cadre de la formation, place de travail et recherche d\u2019emploi. Des objectifs r\u00e9alistes sont pos\u00e9s en partenariat avec la personne elle-m\u00eame, l\u2019intervenant ou l\u2019intervenante, le mandataire et l\u2019employeur et\/ou lieu de formation.<\/p>\n\n\n\n<h3 class=\"wp-block-heading\">Centre Activit\u00e9 PiSourd (CAPS)<\/h3>\n\n\n\n<p>Centre de jour bilingue (LSF\/fran\u00e7ais) et interculturel permettant de d\u00e9velopper l\u2019autonomie, de lutter contre l\u2019isolement et d\u2019encourager la participation sociale. L\u2019\u00e9quipe professionnelle accueille, accompagne et encourage les interactions sociales en proposant diverses activit\u00e9s (culturelles, sportives, cr\u00e9atives, etc.).<\/p>\n\n\n\n<h3 class=\"wp-block-heading\"><strong>P\u00f4le Audition Surdit\u00e9<\/strong><\/h3>\n\n\n\n<p>P\u00f4le Audition Surdit\u00e9 recense, centralise et facilite l\u2019accessibilit\u00e9 aux informations li\u00e9es au domaine de la malentendance et de la surdit\u00e9. L\u2019\u00e9quipe professionnelle avec diff\u00e9rents partenaires met \u00e0 disposition des outils permettant d\u2019y parvenir.<\/p>\n\n\n\n<p><a href=\"https:\/\/leschemains.ch\/pole-audition-surdite\/\">La Permanence Infos-Conseils-Orientations (PICO<\/a><a href=\"https:\/\/leschemains.ch\/pole-audition-surdite\/\" target=\"_blank\" rel=\"noreferrer noopener\">)<\/a><strong> <\/strong>est l\u2019un des moyens d\u00e9j\u00e0 en ligne. Toute personne n\u00e9cessitant une information peut s\u2019adresser \u00e0 la PICO afin d\u2019\u00eatre orient\u00e9e au mieux aupr\u00e8s des instances pouvant r\u00e9pondre \u00e0 sa demande.<\/p>\n\n\n\n<div class=\"wp-block-columns is-layout-flex wp-container-core-columns-is-layout-9d6595d7 wp-block-columns-is-layout-flex\">\n<div class=\"wp-block-column is-layout-flow wp-block-column-is-layout-flow\"><\/div>\n\n\n\n<div class=\"wp-block-column is-layout-flow wp-block-column-is-layout-flow\"><\/div>\n<\/div>\n\n\n\n<div class=\"wp-block-group is-style-accent is-layout-flow wp-block-group-is-layout-flow\">\n<div class=\"wp-block-columns is-layout-flex wp-container-core-columns-is-layout-9d6595d7 wp-block-columns-is-layout-flex\">\n<div class=\"wp-block-column is-layout-flow wp-block-column-is-layout-flow\">\n<h2 class=\"wp-block-heading\" id=\"contact\"><strong>Contact<\/strong><\/h2>\n\n\n\n<p>Les Chemain&rsquo;S <br>Avenue des Baumettes 13<br>1020 Renens<\/p>\n\n\n\n<div class=\"wp-block-buttons is-layout-flex wp-block-buttons-is-layout-flex\">\n<div class=\"wp-block-button is-style-outline is-style-outline--1\"><a class=\"wp-block-button__link wp-element-button\" href=\"mailto:centreleschemains@sgb-fss.ch\">contact@leschemains.ch<\/a><\/div>\n\n\n\n<div class=\"wp-block-button is-style-outline is-style-outline--2\"><a class=\"wp-block-button__link wp-element-button\" href=\"tel:+41 21 635 67 10\">+41 21 635 67 10<\/a><\/div>\n<\/div>\n<\/div>\n\n\n\n<div class=\"wp-block-column is-layout-flow wp-block-column-is-layout-flow\">\n<p><\/p>\n\n\n\n<figure class=\"wp-block-image size-full is-resized\"><img loading=\"lazy\" decoding=\"async\" width=\"2465\" height=\"2032\" src=\"https:\/\/www.sgb-fss.ch\/content\/uploads\/2025\/01\/les_chemains_logo_couleur.png\" alt=\"\" class=\"wp-image-36870\" style=\"width:264px;height:auto\" srcset=\"https:\/\/www.sgb-fss.ch\/content\/uploads\/2025\/01\/les_chemains_logo_couleur.png 2465w, https:\/\/www.sgb-fss.ch\/content\/uploads\/2025\/01\/les_chemains_logo_couleur-300x247.png 300w, https:\/\/www.sgb-fss.ch\/content\/uploads\/2025\/01\/les_chemains_logo_couleur-1024x844.png 1024w, https:\/\/www.sgb-fss.ch\/content\/uploads\/2025\/01\/les_chemains_logo_couleur-150x124.png 150w, https:\/\/www.sgb-fss.ch\/content\/uploads\/2025\/01\/les_chemains_logo_couleur-768x633.png 768w, https:\/\/www.sgb-fss.ch\/content\/uploads\/2025\/01\/les_chemains_logo_couleur-1536x1266.png 1536w, https:\/\/www.sgb-fss.ch\/content\/uploads\/2025\/01\/les_chemains_logo_couleur-2048x1688.png 2048w, https:\/\/www.sgb-fss.ch\/content\/uploads\/2025\/01\/les_chemains_logo_couleur-121x100.png 121w\" sizes=\"auto, (max-width: 2465px) 100vw, 2465px\" \/><\/figure>\n<\/div>\n<\/div>\n\n\n\n<p>Plus d&rsquo;informations sur le site du <a href=\"https:\/\/leschemains.ch\/\" target=\"_blank\" rel=\"noreferrer noopener\">Les chemain&rsquo;S<\/a><\/p>\n<\/div>\n\n\n\n<p>Le centre, sous la responsabilit\u00e9 de la F\u00e9d\u00e9ration Suisse des Sourds (SGB-FSS), est soutenu par les cantons romands.<\/p>\n","protected":false},"excerpt":{"rendered":"<p>Les Chemain\u2019S est un d\u00e9partement de la F\u00e9d\u00e9ration Suisse des Sourds qui regroupe quatre [&hellip;]<\/p>\n","protected":false},"author":40,"featured_media":0,"parent":22947,"menu_order":6,"comment_status":"closed","ping_status":"closed","template":"","meta":{"_acf_changed":false,"inline_featured_image":false,"footnotes":""},"class_list":["post-7982","page","type-page","status-publish","hentry"],"acf":[],"yoast_head":"<!-- This site is optimized with the Yoast SEO plugin v27.4 - https:\/\/yoast.com\/product\/yoast-seo-wordpress\/ -->\n<title>Les Chemain\u2019S - SGB-FSS<\/title>\n<meta name=\"robots\" content=\"index, follow, max-snippet:-1, max-image-preview:large, max-video-preview:-1\" \/>\n<link rel=\"canonical\" href=\"https:\/\/www.sgb-fss.ch\/fr\/federation\/centre-les-chemains\/\" \/>\n<meta property=\"og:locale\" content=\"fr_FR\" \/>\n<meta property=\"og:type\" content=\"article\" \/>\n<meta property=\"og:title\" content=\"Les Chemain\u2019S - SGB-FSS\" \/>\n<meta property=\"og:description\" content=\"Les Chemain\u2019S est un d\u00e9partement de la F\u00e9d\u00e9ration Suisse des Sourds qui regroupe quatre [&hellip;]\" \/>\n<meta property=\"og:url\" content=\"https:\/\/www.sgb-fss.ch\/fr\/federation\/centre-les-chemains\/\" \/>\n<meta property=\"og:site_name\" content=\"SGB-FSS\" \/>\n<meta property=\"article:modified_time\" content=\"2025-02-19T20:48:19+00:00\" \/>\n<meta property=\"og:image\" content=\"https:\/\/www.sgb-fss.ch\/content\/uploads\/2025\/01\/activite_apprentissage-scaled.jpg\" \/>\n\t<meta property=\"og:image:width\" content=\"2560\" \/>\n\t<meta property=\"og:image:height\" content=\"1707\" \/>\n\t<meta property=\"og:image:type\" content=\"image\/jpeg\" \/>\n<meta name=\"twitter:card\" content=\"summary_large_image\" \/>\n<meta name=\"twitter:label1\" content=\"Dur\u00e9e de lecture estim\u00e9e\" \/>\n\t<meta name=\"twitter:data1\" content=\"3 minutes\" \/>\n<script type=\"application\/ld+json\" class=\"yoast-schema-graph\">{\"@context\":\"https:\\\/\\\/schema.org\",\"@graph\":[{\"@type\":\"WebPage\",\"@id\":\"https:\\\/\\\/www.sgb-fss.ch\\\/fr\\\/federation\\\/centre-les-chemains\\\/\",\"url\":\"https:\\\/\\\/www.sgb-fss.ch\\\/fr\\\/federation\\\/centre-les-chemains\\\/\",\"name\":\"Les Chemain\u2019S - SGB-FSS\",\"isPartOf\":{\"@id\":\"https:\\\/\\\/www.sgb-fss.ch\\\/de\\\/#website\"},\"primaryImageOfPage\":{\"@id\":\"https:\\\/\\\/www.sgb-fss.ch\\\/fr\\\/federation\\\/centre-les-chemains\\\/#primaryimage\"},\"image\":{\"@id\":\"https:\\\/\\\/www.sgb-fss.ch\\\/fr\\\/federation\\\/centre-les-chemains\\\/#primaryimage\"},\"thumbnailUrl\":\"https:\\\/\\\/www.sgb-fss.ch\\\/content\\\/uploads\\\/2025\\\/01\\\/activite_apprentissage-1024x683.jpg\",\"datePublished\":\"2021-07-06T09:29:52+00:00\",\"dateModified\":\"2025-02-19T20:48:19+00:00\",\"breadcrumb\":{\"@id\":\"https:\\\/\\\/www.sgb-fss.ch\\\/fr\\\/federation\\\/centre-les-chemains\\\/#breadcrumb\"},\"inLanguage\":\"fr-FR\",\"potentialAction\":[{\"@type\":\"ReadAction\",\"target\":[\"https:\\\/\\\/www.sgb-fss.ch\\\/fr\\\/federation\\\/centre-les-chemains\\\/\"]}]},{\"@type\":\"ImageObject\",\"inLanguage\":\"fr-FR\",\"@id\":\"https:\\\/\\\/www.sgb-fss.ch\\\/fr\\\/federation\\\/centre-les-chemains\\\/#primaryimage\",\"url\":\"https:\\\/\\\/www.sgb-fss.ch\\\/content\\\/uploads\\\/2025\\\/01\\\/activite_apprentissage-1024x683.jpg\",\"contentUrl\":\"https:\\\/\\\/www.sgb-fss.ch\\\/content\\\/uploads\\\/2025\\\/01\\\/activite_apprentissage-1024x683.jpg\"},{\"@type\":\"BreadcrumbList\",\"@id\":\"https:\\\/\\\/www.sgb-fss.ch\\\/fr\\\/federation\\\/centre-les-chemains\\\/#breadcrumb\",\"itemListElement\":[{\"@type\":\"ListItem\",\"position\":1,\"name\":\"Home\",\"item\":\"https:\\\/\\\/www.sgb-fss.ch\\\/fr\\\/\"},{\"@type\":\"ListItem\",\"position\":2,\"name\":\"F\u00e9d\u00e9ration\",\"item\":\"https:\\\/\\\/www.sgb-fss.ch\\\/fr\\\/federation\\\/\"},{\"@type\":\"ListItem\",\"position\":3,\"name\":\"Les Chemain\u2019S\"}]},{\"@type\":\"WebSite\",\"@id\":\"https:\\\/\\\/www.sgb-fss.ch\\\/de\\\/#website\",\"url\":\"https:\\\/\\\/www.sgb-fss.ch\\\/de\\\/\",\"name\":\"SGB-FSS\",\"description\":\"\",\"potentialAction\":[{\"@type\":\"SearchAction\",\"target\":{\"@type\":\"EntryPoint\",\"urlTemplate\":\"https:\\\/\\\/www.sgb-fss.ch\\\/de\\\/?s={search_term_string}\"},\"query-input\":{\"@type\":\"PropertyValueSpecification\",\"valueRequired\":true,\"valueName\":\"search_term_string\"}}],\"inLanguage\":\"fr-FR\"}]}<\/script>\n<!-- \/ Yoast SEO plugin. -->","yoast_head_json":{"title":"Les Chemain\u2019S - SGB-FSS","robots":{"index":"index","follow":"follow","max-snippet":"max-snippet:-1","max-image-preview":"max-image-preview:large","max-video-preview":"max-video-preview:-1"},"canonical":"https:\/\/www.sgb-fss.ch\/fr\/federation\/centre-les-chemains\/","og_locale":"fr_FR","og_type":"article","og_title":"Les Chemain\u2019S - SGB-FSS","og_description":"Les Chemain\u2019S est un d\u00e9partement de la F\u00e9d\u00e9ration Suisse des Sourds qui regroupe quatre [&hellip;]","og_url":"https:\/\/www.sgb-fss.ch\/fr\/federation\/centre-les-chemains\/","og_site_name":"SGB-FSS","article_modified_time":"2025-02-19T20:48:19+00:00","og_image":[{"width":2560,"height":1707,"url":"https:\/\/www.sgb-fss.ch\/content\/uploads\/2025\/01\/activite_apprentissage-scaled.jpg","type":"image\/jpeg"}],"twitter_card":"summary_large_image","twitter_misc":{"Dur\u00e9e de lecture estim\u00e9e":"3 minutes"},"schema":{"@context":"https:\/\/schema.org","@graph":[{"@type":"WebPage","@id":"https:\/\/www.sgb-fss.ch\/fr\/federation\/centre-les-chemains\/","url":"https:\/\/www.sgb-fss.ch\/fr\/federation\/centre-les-chemains\/","name":"Les Chemain\u2019S - SGB-FSS","isPartOf":{"@id":"https:\/\/www.sgb-fss.ch\/de\/#website"},"primaryImageOfPage":{"@id":"https:\/\/www.sgb-fss.ch\/fr\/federation\/centre-les-chemains\/#primaryimage"},"image":{"@id":"https:\/\/www.sgb-fss.ch\/fr\/federation\/centre-les-chemains\/#primaryimage"},"thumbnailUrl":"https:\/\/www.sgb-fss.ch\/content\/uploads\/2025\/01\/activite_apprentissage-1024x683.jpg","datePublished":"2021-07-06T09:29:52+00:00","dateModified":"2025-02-19T20:48:19+00:00","breadcrumb":{"@id":"https:\/\/www.sgb-fss.ch\/fr\/federation\/centre-les-chemains\/#breadcrumb"},"inLanguage":"fr-FR","potentialAction":[{"@type":"ReadAction","target":["https:\/\/www.sgb-fss.ch\/fr\/federation\/centre-les-chemains\/"]}]},{"@type":"ImageObject","inLanguage":"fr-FR","@id":"https:\/\/www.sgb-fss.ch\/fr\/federation\/centre-les-chemains\/#primaryimage","url":"https:\/\/www.sgb-fss.ch\/content\/uploads\/2025\/01\/activite_apprentissage-1024x683.jpg","contentUrl":"https:\/\/www.sgb-fss.ch\/content\/uploads\/2025\/01\/activite_apprentissage-1024x683.jpg"},{"@type":"BreadcrumbList","@id":"https:\/\/www.sgb-fss.ch\/fr\/federation\/centre-les-chemains\/#breadcrumb","itemListElement":[{"@type":"ListItem","position":1,"name":"Home","item":"https:\/\/www.sgb-fss.ch\/fr\/"},{"@type":"ListItem","position":2,"name":"F\u00e9d\u00e9ration","item":"https:\/\/www.sgb-fss.ch\/fr\/federation\/"},{"@type":"ListItem","position":3,"name":"Les Chemain\u2019S"}]},{"@type":"WebSite","@id":"https:\/\/www.sgb-fss.ch\/de\/#website","url":"https:\/\/www.sgb-fss.ch\/de\/","name":"SGB-FSS","description":"","potentialAction":[{"@type":"SearchAction","target":{"@type":"EntryPoint","urlTemplate":"https:\/\/www.sgb-fss.ch\/de\/?s={search_term_string}"},"query-input":{"@type":"PropertyValueSpecification","valueRequired":true,"valueName":"search_term_string"}}],"inLanguage":"fr-FR"}]}},"_links":{"self":[{"href":"https:\/\/www.sgb-fss.ch\/fr\/wp-json\/wp\/v2\/pages\/7982","targetHints":{"allow":["GET"]}}],"collection":[{"href":"https:\/\/www.sgb-fss.ch\/fr\/wp-json\/wp\/v2\/pages"}],"about":[{"href":"https:\/\/www.sgb-fss.ch\/fr\/wp-json\/wp\/v2\/types\/page"}],"author":[{"embeddable":true,"href":"https:\/\/www.sgb-fss.ch\/fr\/wp-json\/wp\/v2\/users\/40"}],"replies":[{"embeddable":true,"href":"https:\/\/www.sgb-fss.ch\/fr\/wp-json\/wp\/v2\/comments?post=7982"}],"version-history":[{"count":10,"href":"https:\/\/www.sgb-fss.ch\/fr\/wp-json\/wp\/v2\/pages\/7982\/revisions"}],"predecessor-version":[{"id":37262,"href":"https:\/\/www.sgb-fss.ch\/fr\/wp-json\/wp\/v2\/pages\/7982\/revisions\/37262"}],"up":[{"embeddable":true,"href":"https:\/\/www.sgb-fss.ch\/fr\/wp-json\/wp\/v2\/pages\/22947"}],"wp:attachment":[{"href":"https:\/\/www.sgb-fss.ch\/fr\/wp-json\/wp\/v2\/media?parent=7982"}],"curies":[{"name":"wp","href":"https:\/\/api.w.org\/{rel}","templated":true}]}}