{"id":42982,"date":"2026-02-12T09:00:45","date_gmt":"2026-02-12T08:00:45","guid":{"rendered":"https:\/\/www.sgb-fss.ch\/?page_id=42982"},"modified":"2026-02-16T15:10:17","modified_gmt":"2026-02-16T14:10:17","slug":"80-ans","status":"publish","type":"page","link":"https:\/\/www.sgb-fss.ch\/fr\/80-ans\/","title":{"rendered":"80 ans de la F\u00e9deration suisse des sourds"},"content":{"rendered":"\n<p class=\"is-style-lead\">Depuis 1946, nous nous engageons avec passion pour les chances et les droits des personnes sourdes et malentendantes. Cet anniversaire est un moment particulier pour regarder en arri\u00e8re, dire merci et envisager ensemble l\u2019avenir.<\/p>\n\n\n\n<figure class=\"wp-block-image size-large\"><img loading=\"lazy\" decoding=\"async\" width=\"1024\" height=\"576\" src=\"https:\/\/www.sgb-fss.ch\/content\/uploads\/\/slider_jubilaeum-1024x576.jpg\" alt=\"\" class=\"wp-image-42947\" srcset=\"https:\/\/www.sgb-fss.ch\/content\/uploads\/slider_jubilaeum-1024x576.jpg 1024w, https:\/\/www.sgb-fss.ch\/content\/uploads\/slider_jubilaeum-300x169.jpg 300w, https:\/\/www.sgb-fss.ch\/content\/uploads\/slider_jubilaeum-150x84.jpg 150w, https:\/\/www.sgb-fss.ch\/content\/uploads\/slider_jubilaeum-768x432.jpg 768w, https:\/\/www.sgb-fss.ch\/content\/uploads\/slider_jubilaeum-1536x864.jpg 1536w, https:\/\/www.sgb-fss.ch\/content\/uploads\/slider_jubilaeum-2048x1152.jpg 2048w, https:\/\/www.sgb-fss.ch\/content\/uploads\/slider_jubilaeum-178x100.jpg 178w\" sizes=\"auto, (max-width: 1024px) 100vw, 1024px\" \/><\/figure>\n\n\n\n<div class=\"wp-block-group is-layout-constrained wp-block-group-is-layout-constrained\">\n<div class=\"wp-block-columns is-layout-flex wp-container-core-columns-is-layout-9d6595d7 wp-block-columns-is-layout-flex\">\n<div class=\"wp-block-column has-indigo-10-background-color has-background is-layout-flow wp-block-column-is-layout-flow\">\n<h2 class=\"wp-block-heading has-text-align-center\"><strong>Quiz anniversaire<\/strong><\/h2>\n\n\n\n<p class=\"has-text-align-center\">Participez d\u00e8s maintenant et gagnez un bon d\u2019une valeur de CHF 80.\u2013.<\/p>\n\n\n\n<div class=\"wp-block-buttons is-content-justification-center is-layout-flex wp-container-core-buttons-is-layout-16018d1d wp-block-buttons-is-layout-flex\">\n<div class=\"wp-block-button\"><a class=\"wp-block-button__link wp-element-button\" href=\"https:\/\/www.sgb-fss.ch\/fr\/aktuell\/qsm_quiz\/quiz-80e-anniversaire\/\" target=\"_blank\" rel=\"noreferrer noopener\">Vers le quiz<\/a><\/div>\n<\/div>\n\n\n\n<figure class=\"wp-block-image size-large\"><img loading=\"lazy\" decoding=\"async\" width=\"1024\" height=\"576\" src=\"https:\/\/www.sgb-fss.ch\/content\/uploads\/2023\/09\/quiz-1024x576.jpg\" alt=\"Quiz\" class=\"wp-image-25114\" srcset=\"https:\/\/www.sgb-fss.ch\/content\/uploads\/2023\/09\/quiz-1024x576.jpg 1024w, https:\/\/www.sgb-fss.ch\/content\/uploads\/2023\/09\/quiz-300x169.jpg 300w, https:\/\/www.sgb-fss.ch\/content\/uploads\/2023\/09\/quiz-150x84.jpg 150w, https:\/\/www.sgb-fss.ch\/content\/uploads\/2023\/09\/quiz-768x432.jpg 768w, https:\/\/www.sgb-fss.ch\/content\/uploads\/2023\/09\/quiz-178x100.jpg 178w, https:\/\/www.sgb-fss.ch\/content\/uploads\/2023\/09\/quiz-600x337.jpg 600w, https:\/\/www.sgb-fss.ch\/content\/uploads\/2023\/09\/quiz.jpg 1332w\" sizes=\"auto, (max-width: 1024px) 100vw, 1024px\" \/><\/figure>\n<\/div>\n<\/div>\n<\/div>\n\n\n<div class=\"block block-teaserpages\" id=\"block_d489b6c75769f200b3b10dacc03c68c5\" data-block=\"Teaser Pages\">\n  <ul class=\"block-teaserpages__list\">\n            <li class=\"block-teaserpages__item\">\n        <a class=\"accent teaserpage\" href=\"https:\/\/www.sgb-fss.ch\/fr\/federation\/histoire-mouvementee\/histoire-de-la-federation-suisse-des-sourds\/\">\n  <div class=\"teaserpage__thumbnail\">\n            <div class=\"image teaserpage__thumbnail-image\" >\n    <img decoding=\"async\"\n      loading=\"lazy\"\n      class=\"image__object lazyload\"\n      src=\"https:\/\/www.sgb-fss.ch\/content\/uploads\/2021\/06\/geschichte_sgb-e1624527112502-1440x0-c-default.jpg\"       data-sizes=\"auto\"\n      data-srcset=\"https:\/\/www.sgb-fss.ch\/content\/uploads\/2021\/06\/geschichte_sgb-e1624527112502-1000x0-c-default.jpg 1000w, https:\/\/www.sgb-fss.ch\/content\/uploads\/2021\/06\/geschichte_sgb-e1624527112502-700x0-c-default.jpg 700w, https:\/\/www.sgb-fss.ch\/content\/uploads\/2021\/06\/geschichte_sgb-e1624527112502-350x0-c-default.jpg 350w, \"\n      alt=\"\"\n      width=\"1025\"\n      height=\"646\"\n            >\n  <\/div>\n      <\/div>\n  <h3 class=\"teaserpage__title\">Histoire de la F\u00e9d\u00e9ration Suisse des Sourds<\/h3>\n  <p class=\"teaserpage__lead\">De l\u2019aide aux sourds-muets \u00e0 l\u2019association fa\u00eeti\u00e8re nationale de l\u2019entraide des personnes sourdes, nous avons une histoire mouvement\u00e9e derri\u00e8re nous et continuons \u00e0 faire face \u00e0 de multiples t\u00e2ches et d\u00e9fis.<\/p>  <\/a>\n      <\/li>\n    <\/ul>\n<\/div>\n\n\n\n<figure class=\"wp-block-image size-large\"><img loading=\"lazy\" decoding=\"async\" width=\"1024\" height=\"576\" src=\"https:\/\/www.sgb-fss.ch\/content\/uploads\/\/slider_jubilaeum_2-1024x576.jpg\" alt=\"\" class=\"wp-image-42952\" srcset=\"https:\/\/www.sgb-fss.ch\/content\/uploads\/slider_jubilaeum_2-1024x576.jpg 1024w, https:\/\/www.sgb-fss.ch\/content\/uploads\/slider_jubilaeum_2-300x169.jpg 300w, https:\/\/www.sgb-fss.ch\/content\/uploads\/slider_jubilaeum_2-150x84.jpg 150w, https:\/\/www.sgb-fss.ch\/content\/uploads\/slider_jubilaeum_2-768x432.jpg 768w, https:\/\/www.sgb-fss.ch\/content\/uploads\/slider_jubilaeum_2-1536x864.jpg 1536w, https:\/\/www.sgb-fss.ch\/content\/uploads\/slider_jubilaeum_2-2048x1152.jpg 2048w, https:\/\/www.sgb-fss.ch\/content\/uploads\/slider_jubilaeum_2-178x100.jpg 178w\" sizes=\"auto, (max-width: 1024px) 100vw, 1024px\" \/><\/figure>\n","protected":false},"excerpt":{"rendered":"<p>Depuis 1946, nous nous engageons avec passion pour les chances et les droits des [&hellip;]<\/p>\n","protected":false},"author":81,"featured_media":0,"parent":0,"menu_order":0,"comment_status":"closed","ping_status":"closed","template":"","meta":{"_acf_changed":false,"inline_featured_image":false,"footnotes":""},"class_list":["post-42982","page","type-page","status-publish","hentry"],"acf":[],"yoast_head":"<!-- This site is optimized with the Yoast SEO plugin v27.4 - https:\/\/yoast.com\/product\/yoast-seo-wordpress\/ -->\n<title>80 ans de la F\u00e9deration suisse des sourds - SGB-FSS<\/title>\n<meta name=\"robots\" content=\"index, follow, max-snippet:-1, max-image-preview:large, max-video-preview:-1\" \/>\n<link rel=\"canonical\" href=\"https:\/\/www.sgb-fss.ch\/fr\/80-ans\/\" \/>\n<meta property=\"og:locale\" content=\"fr_FR\" \/>\n<meta property=\"og:type\" content=\"article\" \/>\n<meta property=\"og:title\" content=\"80 ans de la F\u00e9deration suisse des sourds - SGB-FSS\" \/>\n<meta property=\"og:description\" content=\"Depuis 1946, nous nous engageons avec passion pour les chances et les droits des [&hellip;]\" \/>\n<meta property=\"og:url\" content=\"https:\/\/www.sgb-fss.ch\/fr\/80-ans\/\" \/>\n<meta property=\"og:site_name\" content=\"SGB-FSS\" \/>\n<meta property=\"article:modified_time\" content=\"2026-02-16T14:10:17+00:00\" \/>\n<meta property=\"og:image\" content=\"https:\/\/www.sgb-fss.ch\/content\/uploads\/slider_jubilaeum-scaled.jpg\" \/>\n\t<meta property=\"og:image:width\" content=\"2560\" \/>\n\t<meta property=\"og:image:height\" content=\"1440\" \/>\n\t<meta property=\"og:image:type\" content=\"image\/jpeg\" \/>\n<meta name=\"twitter:card\" content=\"summary_large_image\" \/>\n<meta name=\"twitter:label1\" content=\"Dur\u00e9e de lecture estim\u00e9e\" \/>\n\t<meta name=\"twitter:data1\" content=\"1 minute\" \/>\n<script type=\"application\/ld+json\" class=\"yoast-schema-graph\">{\"@context\":\"https:\\\/\\\/schema.org\",\"@graph\":[{\"@type\":\"WebPage\",\"@id\":\"https:\\\/\\\/www.sgb-fss.ch\\\/fr\\\/80-ans\\\/\",\"url\":\"https:\\\/\\\/www.sgb-fss.ch\\\/fr\\\/80-ans\\\/\",\"name\":\"80 ans de la F\u00e9deration suisse des sourds - SGB-FSS\",\"isPartOf\":{\"@id\":\"https:\\\/\\\/www.sgb-fss.ch\\\/de\\\/#website\"},\"primaryImageOfPage\":{\"@id\":\"https:\\\/\\\/www.sgb-fss.ch\\\/fr\\\/80-ans\\\/#primaryimage\"},\"image\":{\"@id\":\"https:\\\/\\\/www.sgb-fss.ch\\\/fr\\\/80-ans\\\/#primaryimage\"},\"thumbnailUrl\":\"https:\\\/\\\/www.sgb-fss.ch\\\/content\\\/uploads\\\/\\\/slider_jubilaeum-1024x576.jpg\",\"datePublished\":\"2026-02-12T08:00:45+00:00\",\"dateModified\":\"2026-02-16T14:10:17+00:00\",\"breadcrumb\":{\"@id\":\"https:\\\/\\\/www.sgb-fss.ch\\\/fr\\\/80-ans\\\/#breadcrumb\"},\"inLanguage\":\"fr-FR\",\"potentialAction\":[{\"@type\":\"ReadAction\",\"target\":[\"https:\\\/\\\/www.sgb-fss.ch\\\/fr\\\/80-ans\\\/\"]}]},{\"@type\":\"ImageObject\",\"inLanguage\":\"fr-FR\",\"@id\":\"https:\\\/\\\/www.sgb-fss.ch\\\/fr\\\/80-ans\\\/#primaryimage\",\"url\":\"https:\\\/\\\/www.sgb-fss.ch\\\/content\\\/uploads\\\/\\\/slider_jubilaeum-1024x576.jpg\",\"contentUrl\":\"https:\\\/\\\/www.sgb-fss.ch\\\/content\\\/uploads\\\/\\\/slider_jubilaeum-1024x576.jpg\"},{\"@type\":\"BreadcrumbList\",\"@id\":\"https:\\\/\\\/www.sgb-fss.ch\\\/fr\\\/80-ans\\\/#breadcrumb\",\"itemListElement\":[{\"@type\":\"ListItem\",\"position\":1,\"name\":\"Home\",\"item\":\"https:\\\/\\\/www.sgb-fss.ch\\\/fr\\\/\"},{\"@type\":\"ListItem\",\"position\":2,\"name\":\"80 ans de la F\u00e9deration suisse des sourds\"}]},{\"@type\":\"WebSite\",\"@id\":\"https:\\\/\\\/www.sgb-fss.ch\\\/de\\\/#website\",\"url\":\"https:\\\/\\\/www.sgb-fss.ch\\\/de\\\/\",\"name\":\"SGB-FSS\",\"description\":\"\",\"potentialAction\":[{\"@type\":\"SearchAction\",\"target\":{\"@type\":\"EntryPoint\",\"urlTemplate\":\"https:\\\/\\\/www.sgb-fss.ch\\\/de\\\/?s={search_term_string}\"},\"query-input\":{\"@type\":\"PropertyValueSpecification\",\"valueRequired\":true,\"valueName\":\"search_term_string\"}}],\"inLanguage\":\"fr-FR\"}]}<\/script>\n<!-- \/ Yoast SEO plugin. -->","yoast_head_json":{"title":"80 ans de la F\u00e9deration suisse des sourds - SGB-FSS","robots":{"index":"index","follow":"follow","max-snippet":"max-snippet:-1","max-image-preview":"max-image-preview:large","max-video-preview":"max-video-preview:-1"},"canonical":"https:\/\/www.sgb-fss.ch\/fr\/80-ans\/","og_locale":"fr_FR","og_type":"article","og_title":"80 ans de la F\u00e9deration suisse des sourds - SGB-FSS","og_description":"Depuis 1946, nous nous engageons avec passion pour les chances et les droits des [&hellip;]","og_url":"https:\/\/www.sgb-fss.ch\/fr\/80-ans\/","og_site_name":"SGB-FSS","article_modified_time":"2026-02-16T14:10:17+00:00","og_image":[{"width":2560,"height":1440,"url":"https:\/\/www.sgb-fss.ch\/content\/uploads\/slider_jubilaeum-scaled.jpg","type":"image\/jpeg"}],"twitter_card":"summary_large_image","twitter_misc":{"Dur\u00e9e de lecture estim\u00e9e":"1 minute"},"schema":{"@context":"https:\/\/schema.org","@graph":[{"@type":"WebPage","@id":"https:\/\/www.sgb-fss.ch\/fr\/80-ans\/","url":"https:\/\/www.sgb-fss.ch\/fr\/80-ans\/","name":"80 ans de la F\u00e9deration suisse des sourds - SGB-FSS","isPartOf":{"@id":"https:\/\/www.sgb-fss.ch\/de\/#website"},"primaryImageOfPage":{"@id":"https:\/\/www.sgb-fss.ch\/fr\/80-ans\/#primaryimage"},"image":{"@id":"https:\/\/www.sgb-fss.ch\/fr\/80-ans\/#primaryimage"},"thumbnailUrl":"https:\/\/www.sgb-fss.ch\/content\/uploads\/\/slider_jubilaeum-1024x576.jpg","datePublished":"2026-02-12T08:00:45+00:00","dateModified":"2026-02-16T14:10:17+00:00","breadcrumb":{"@id":"https:\/\/www.sgb-fss.ch\/fr\/80-ans\/#breadcrumb"},"inLanguage":"fr-FR","potentialAction":[{"@type":"ReadAction","target":["https:\/\/www.sgb-fss.ch\/fr\/80-ans\/"]}]},{"@type":"ImageObject","inLanguage":"fr-FR","@id":"https:\/\/www.sgb-fss.ch\/fr\/80-ans\/#primaryimage","url":"https:\/\/www.sgb-fss.ch\/content\/uploads\/\/slider_jubilaeum-1024x576.jpg","contentUrl":"https:\/\/www.sgb-fss.ch\/content\/uploads\/\/slider_jubilaeum-1024x576.jpg"},{"@type":"BreadcrumbList","@id":"https:\/\/www.sgb-fss.ch\/fr\/80-ans\/#breadcrumb","itemListElement":[{"@type":"ListItem","position":1,"name":"Home","item":"https:\/\/www.sgb-fss.ch\/fr\/"},{"@type":"ListItem","position":2,"name":"80 ans de la F\u00e9deration suisse des sourds"}]},{"@type":"WebSite","@id":"https:\/\/www.sgb-fss.ch\/de\/#website","url":"https:\/\/www.sgb-fss.ch\/de\/","name":"SGB-FSS","description":"","potentialAction":[{"@type":"SearchAction","target":{"@type":"EntryPoint","urlTemplate":"https:\/\/www.sgb-fss.ch\/de\/?s={search_term_string}"},"query-input":{"@type":"PropertyValueSpecification","valueRequired":true,"valueName":"search_term_string"}}],"inLanguage":"fr-FR"}]}},"_links":{"self":[{"href":"https:\/\/www.sgb-fss.ch\/fr\/wp-json\/wp\/v2\/pages\/42982","targetHints":{"allow":["GET"]}}],"collection":[{"href":"https:\/\/www.sgb-fss.ch\/fr\/wp-json\/wp\/v2\/pages"}],"about":[{"href":"https:\/\/www.sgb-fss.ch\/fr\/wp-json\/wp\/v2\/types\/page"}],"author":[{"embeddable":true,"href":"https:\/\/www.sgb-fss.ch\/fr\/wp-json\/wp\/v2\/users\/81"}],"replies":[{"embeddable":true,"href":"https:\/\/www.sgb-fss.ch\/fr\/wp-json\/wp\/v2\/comments?post=42982"}],"version-history":[{"count":4,"href":"https:\/\/www.sgb-fss.ch\/fr\/wp-json\/wp\/v2\/pages\/42982\/revisions"}],"predecessor-version":[{"id":43945,"href":"https:\/\/www.sgb-fss.ch\/fr\/wp-json\/wp\/v2\/pages\/42982\/revisions\/43945"}],"wp:attachment":[{"href":"https:\/\/www.sgb-fss.ch\/fr\/wp-json\/wp\/v2\/media?parent=42982"}],"curies":[{"name":"wp","href":"https:\/\/api.w.org\/{rel}","templated":true}]}}