{"id":42587,"date":"2025-12-17T16:46:43","date_gmt":"2025-12-17T15:46:43","guid":{"rendered":"https:\/\/www.sgb-fss.ch\/?page_id=42587"},"modified":"2026-02-19T09:19:49","modified_gmt":"2026-02-19T08:19:49","slug":"non-a-linitiative-ssr","status":"publish","type":"page","link":"https:\/\/www.sgb-fss.ch\/fr\/non-a-linitiative-ssr\/","title":{"rendered":"Non \u00e0 l&rsquo;initiative SSR"},"content":{"rendered":"\n<p>Le 8 mars, nous voterons sur l\u2019initiative populaire \u00ab 200 francs, \u00e7a suffit! (initiative SSR) \u00bb. Cette initiative met en danger la diversit\u00e9 linguistique en Suisse, en particulier dans les m\u00e9dias. Cela concerne aussi les langues des signes.<\/p>\n\n\n\n<figure class=\"wp-block-image size-large\"><img loading=\"lazy\" decoding=\"async\" width=\"1024\" height=\"488\" src=\"https:\/\/www.sgb-fss.ch\/content\/uploads\/\/261125_srg-initiative_plakate_cc44-1024x488.jpg\" alt=\"\" class=\"wp-image-42589\" srcset=\"https:\/\/www.sgb-fss.ch\/content\/uploads\/261125_srg-initiative_plakate_cc44-1024x488.jpg 1024w, https:\/\/www.sgb-fss.ch\/content\/uploads\/261125_srg-initiative_plakate_cc44-300x143.jpg 300w, https:\/\/www.sgb-fss.ch\/content\/uploads\/261125_srg-initiative_plakate_cc44-150x72.jpg 150w, https:\/\/www.sgb-fss.ch\/content\/uploads\/261125_srg-initiative_plakate_cc44-768x366.jpg 768w, https:\/\/www.sgb-fss.ch\/content\/uploads\/261125_srg-initiative_plakate_cc44-1536x732.jpg 1536w, https:\/\/www.sgb-fss.ch\/content\/uploads\/261125_srg-initiative_plakate_cc44-2048x976.jpg 2048w, https:\/\/www.sgb-fss.ch\/content\/uploads\/261125_srg-initiative_plakate_cc44-200x95.jpg 200w\" sizes=\"auto, (max-width: 1024px) 100vw, 1024px\" \/><\/figure>\n\n\n\n<blockquote class=\"wp-block-quote is-layout-flow wp-block-quote-is-layout-flow\">\n<p><strong>Il ne s\u2019agit pas de 200 francs.<\/strong> Il s\u2019agit de tout ce dont nous avons besoin au quotidien \u2013 pour avoir acc\u00e8s \u00e0 l\u2019information, \u00e0 la communication et \u00e0 l\u2019\u00e9galit\u00e9 !<\/p>\n<cite>Marinus Spiller \u2013 Pr\u00e9sident F\u00e9d\u00e9ration Suisse des Sourds<\/cite><\/blockquote>\n\n\n\n<h2 class=\"wp-block-heading\">Initiative SSR : des faits plut\u00f4t que des mythes<\/h2>\n\n\n<div class=\"wp-block-gallery\" data-init=\"gallery\">\n    <div class=\"blocks-gallery-close\">\n        <button type=\"button\" data-gallery=\"close\" class=\"wp-block-button is-style-control\" aria-label=\"Fermer\">\n          <span class=\"wp-block-button__link\">\n            <span class=\"visuallyhidden\">Fermer<\/span>\n            <i class=\"icon icon--close\"><svg data-name=\"Ebene 1\" xmlns=\"http:\/\/www.w3.org\/2000\/svg\" viewBox=\"0 0 24 24\"><path d=\"M13.33 12.05l.08-.09L23.6 1.77a.91.91 0 0 0 .27-.66.9.9 0 0 0-.27-.66.92.92 0 0 0-.66-.28.91.91 0 0 0-.66.28L12 10.72l-.09-.09L1.73.45A1 1 0 0 0 .4.45a.91.91 0 0 0-.28.66.92.92 0 0 0 .28.66l10.27 10.28-.08.08L.4 22.32a.94.94 0 0 0 0 1.33 1 1 0 0 0 1.33 0L12 13.37l.09.09 10.19 10.19a.94.94 0 0 0 .66.27 1 1 0 0 0 .66-.27.94.94 0 0 0 0-1.33z\"\/><\/svg><\/i>          <\/span>\n        <\/button>\n    <\/div>\n    <ul class=\"blocks-gallery-grid\" data-gallery=\"list\">\n                    <li class=\"blocks-gallery-item\" data-gallery=\"item\" data-gallery-index=\"1\">\n          <figure>\n              <div class=\"image blocks-gallery-image\" >\n    <img decoding=\"async\"\n      loading=\"lazy\"\n      class=\"image__object lazyload\"\n      src=\"https:\/\/www.sgb-fss.ch\/content\/uploads\/folie1-1-1440x0-c-default.jpg\"       data-sizes=\"auto\"\n      data-srcset=\"https:\/\/www.sgb-fss.ch\/content\/uploads\/folie1-1-2880x0-c-default.jpg 2880w, https:\/\/www.sgb-fss.ch\/content\/uploads\/folie1-1-2160x0-c-default.jpg 2160w, https:\/\/www.sgb-fss.ch\/content\/uploads\/folie1-1-1440x0-c-default.jpg 1440w, https:\/\/www.sgb-fss.ch\/content\/uploads\/folie1-1-1080x0-c-default.jpg 1080w, https:\/\/www.sgb-fss.ch\/content\/uploads\/folie1-1-720x0-c-default.jpg 720w, \"\n      alt=\"\"\n      width=\"720\"\n      height=\"900\"\n              data-gallery-index=\"1\"\n            >\n  <\/div>\n                      <\/figure>\n        <\/li>\n                    <li class=\"blocks-gallery-item\" data-gallery=\"item\" data-gallery-index=\"2\">\n          <figure>\n              <div class=\"image blocks-gallery-image\" >\n    <img decoding=\"async\"\n      loading=\"lazy\"\n      class=\"image__object lazyload\"\n      src=\"https:\/\/www.sgb-fss.ch\/content\/uploads\/folie2-2-1440x0-c-default.jpg\"       data-sizes=\"auto\"\n      data-srcset=\"https:\/\/www.sgb-fss.ch\/content\/uploads\/folie2-2-2880x0-c-default.jpg 2880w, https:\/\/www.sgb-fss.ch\/content\/uploads\/folie2-2-2160x0-c-default.jpg 2160w, https:\/\/www.sgb-fss.ch\/content\/uploads\/folie2-2-1440x0-c-default.jpg 1440w, https:\/\/www.sgb-fss.ch\/content\/uploads\/folie2-2-1080x0-c-default.jpg 1080w, https:\/\/www.sgb-fss.ch\/content\/uploads\/folie2-2-720x0-c-default.jpg 720w, \"\n      alt=\"\"\n      width=\"720\"\n      height=\"900\"\n              data-gallery-index=\"2\"\n            >\n  <\/div>\n                      <\/figure>\n        <\/li>\n                    <li class=\"blocks-gallery-item\" data-gallery=\"item\" data-gallery-index=\"3\">\n          <figure>\n              <div class=\"image blocks-gallery-image\" >\n    <img decoding=\"async\"\n      loading=\"lazy\"\n      class=\"image__object lazyload\"\n      src=\"https:\/\/www.sgb-fss.ch\/content\/uploads\/folie3-2-1440x0-c-default.jpg\"       data-sizes=\"auto\"\n      data-srcset=\"https:\/\/www.sgb-fss.ch\/content\/uploads\/folie3-2-2880x0-c-default.jpg 2880w, https:\/\/www.sgb-fss.ch\/content\/uploads\/folie3-2-2160x0-c-default.jpg 2160w, https:\/\/www.sgb-fss.ch\/content\/uploads\/folie3-2-1440x0-c-default.jpg 1440w, https:\/\/www.sgb-fss.ch\/content\/uploads\/folie3-2-1080x0-c-default.jpg 1080w, https:\/\/www.sgb-fss.ch\/content\/uploads\/folie3-2-720x0-c-default.jpg 720w, \"\n      alt=\"\"\n      width=\"720\"\n      height=\"900\"\n              data-gallery-index=\"3\"\n            >\n  <\/div>\n                      <\/figure>\n        <\/li>\n                    <li class=\"blocks-gallery-item\" data-gallery=\"item\" data-gallery-index=\"4\">\n          <figure>\n              <div class=\"image blocks-gallery-image\" >\n    <img decoding=\"async\"\n      loading=\"lazy\"\n      class=\"image__object lazyload\"\n      src=\"https:\/\/www.sgb-fss.ch\/content\/uploads\/folie4-2-1440x0-c-default.jpg\"       data-sizes=\"auto\"\n      data-srcset=\"https:\/\/www.sgb-fss.ch\/content\/uploads\/folie4-2-2880x0-c-default.jpg 2880w, https:\/\/www.sgb-fss.ch\/content\/uploads\/folie4-2-2160x0-c-default.jpg 2160w, https:\/\/www.sgb-fss.ch\/content\/uploads\/folie4-2-1440x0-c-default.jpg 1440w, https:\/\/www.sgb-fss.ch\/content\/uploads\/folie4-2-1080x0-c-default.jpg 1080w, https:\/\/www.sgb-fss.ch\/content\/uploads\/folie4-2-720x0-c-default.jpg 720w, \"\n      alt=\"\"\n      width=\"720\"\n      height=\"900\"\n              data-gallery-index=\"4\"\n            >\n  <\/div>\n                      <\/figure>\n        <\/li>\n                    <li class=\"blocks-gallery-item\" data-gallery=\"item\" data-gallery-index=\"5\">\n          <figure>\n              <div class=\"image blocks-gallery-image\" >\n    <img decoding=\"async\"\n      loading=\"lazy\"\n      class=\"image__object lazyload\"\n      src=\"https:\/\/www.sgb-fss.ch\/content\/uploads\/folie5-1-1440x0-c-default.jpg\"       data-sizes=\"auto\"\n      data-srcset=\"https:\/\/www.sgb-fss.ch\/content\/uploads\/folie5-1-2880x0-c-default.jpg 2880w, https:\/\/www.sgb-fss.ch\/content\/uploads\/folie5-1-2160x0-c-default.jpg 2160w, https:\/\/www.sgb-fss.ch\/content\/uploads\/folie5-1-1440x0-c-default.jpg 1440w, https:\/\/www.sgb-fss.ch\/content\/uploads\/folie5-1-1080x0-c-default.jpg 1080w, https:\/\/www.sgb-fss.ch\/content\/uploads\/folie5-1-720x0-c-default.jpg 720w, \"\n      alt=\"\"\n      width=\"720\"\n      height=\"900\"\n              data-gallery-index=\"5\"\n            >\n  <\/div>\n                      <\/figure>\n        <\/li>\n                    <li class=\"blocks-gallery-item\" data-gallery=\"item\" data-gallery-index=\"6\">\n          <figure>\n              <div class=\"image blocks-gallery-image\" >\n    <img decoding=\"async\"\n      loading=\"lazy\"\n      class=\"image__object lazyload\"\n      src=\"https:\/\/www.sgb-fss.ch\/content\/uploads\/folie6-1-1440x0-c-default.jpg\"       data-sizes=\"auto\"\n      data-srcset=\"https:\/\/www.sgb-fss.ch\/content\/uploads\/folie6-1-2880x0-c-default.jpg 2880w, https:\/\/www.sgb-fss.ch\/content\/uploads\/folie6-1-2160x0-c-default.jpg 2160w, https:\/\/www.sgb-fss.ch\/content\/uploads\/folie6-1-1440x0-c-default.jpg 1440w, https:\/\/www.sgb-fss.ch\/content\/uploads\/folie6-1-1080x0-c-default.jpg 1080w, https:\/\/www.sgb-fss.ch\/content\/uploads\/folie6-1-720x0-c-default.jpg 720w, \"\n      alt=\"\"\n      width=\"720\"\n      height=\"900\"\n              data-gallery-index=\"6\"\n            >\n  <\/div>\n                      <\/figure>\n        <\/li>\n        <\/ul>\n<\/div>\n\n\n\n<h2 class=\"wp-block-heading\">Que veut dire l\u2019initiative populaire \u00ab 200 francs, \u00e7a suffit! (initiative SSR) \u00bb ?<\/h2>\n\n\n\n<p>L\u2019initiative SSR \u00bb veut faire baisser la redevance des m\u00e9nages (redevance Serafe) pour la radio et la t\u00e9l\u00e9vision de 335 francs \u00e0 200 francs par an.<\/p>\n\n\n\n<p>Les entreprises seraient enti\u00e8rement exon\u00e9r\u00e9es de cette redevance.<\/p>\n\n\n\n<h2 class=\"wp-block-heading\">Pourquoi la <strong>F\u00e9d\u00e9ration suisse des sourds<\/strong> rejette-t-elle cette initiative ?<\/h2>\n\n\n\n<p>La SSR SRG (Soci\u00e9t\u00e9 suisse de radiodiffusion et t\u00e9l\u00e9vision) propose une offre accessible, avec des contenus en langues des signes suisses ainsi que des sous-titres ou des audiodescriptions.<br>Ces contenus sont essentiels pour garantir un acc\u00e8s \u00e9gal \u00e0 l\u2019information pour les personnes sourdes et malentendantes.<\/p>\n\n\n\n<p>Avec une r\u00e9duction de moiti\u00e9 du budget attribu\u00e9 \u00e0 la SSR SRG, il ne serait plus possible de maintenir une communication accessible.<br>L\u2019acc\u00e8s \u00e0 l\u2019information et \u00e0 une culture g\u00e9n\u00e9rale, les traductions r\u00e9duites et de nombreux contenus pourraient compl\u00e8tement dispara\u00eetre.<\/p>\n\n\n\n<h2 class=\"wp-block-heading\">En conclusion : Pourquoi l\u2019initiative \u00ab 200 francs, \u00e7a suffit! \u00bb nuit-elle gravement \u00e0 la Suisse sur le long terme ?<\/h2>\n\n\n\n<p>\u00c9conomiser 135 francs par an peut sembler positif \u2013 mais cette initiative exclut les personnes sourdes et malentendantes de la soci\u00e9t\u00e9, limite encore davantage leur acc\u00e8s \u00e0 l\u2019information et met en p\u00e9ril le multilinguisme de la Suisse.<\/p>\n\n\n\n<p>Les co\u00fbts sociaux qui en r\u00e9sultent sont bien plus \u00e9lev\u00e9s que 135 francs.<\/p>\n\n\n\n<div class=\"wp-block-group has-sgb-fss-blue-30-background-color has-background is-layout-constrained wp-block-group-is-layout-constrained\">\n<h2 class=\"wp-block-heading\">Autres questions et r\u00e9ponses<\/h2>\n\n\n<div class=\"block-expandable\" data-init=\"expandable\" id=\"block_cd07aaf457e951101421f57bef780965\" data-block=\"Expandable\">\n    <button class=\"block-expandable__trigger\" data-expandable=\"trigger\" aria-controls=\"block_cd07aaf457e951101421f57bef780965--content\" aria-expanded=\"false\">\n     <p>Qui est concern\u00e9 par cette initiative ?<\/p>\n\n      <i class=\"block-expandable__icon\"><\/i>\n    <\/button>\n    <div id=\"block_cd07aaf457e951101421f57bef780965--content\" class=\"block-expandable__content\" data-expandable=\"content\" aria-hidden=\"true\">\n      <div>\n        \n\n<p>Toutes les personnes vivant en Suisse sont concern\u00e9es. Mais cela touche tout particuli\u00e8rement les personnes sourdes et malentendantes ainsi que de nombreuses autres minorit\u00e9s linguistiques.<\/p>\n\n\n\n<p>L&rsquo;initiative menace le multilinguisme de la Suisse. Seule la SSR peut garantir une offre dans les quatre langues nationales et dans les trois langues des signes suisses.<\/p>\n\n\n\n<p>De plus, l&rsquo;initiative affaiblit des domaines centraux tels que la d\u00e9mocratie, la s\u00e9curit\u00e9 de l&rsquo;information, la diversit\u00e9 culturelle, l&rsquo;\u00e9ducation, le savoir et les offres destin\u00e9es aux enfants et aux jeunes.<\/p>\n\n\n      <\/div>\n    <\/div>\n<\/div>\n\n\n<div class=\"block-expandable\" data-init=\"expandable\" id=\"block_7df1607a180141407c97e3e85c79a326\" data-block=\"Expandable\">\n    <button class=\"block-expandable__trigger\" data-expandable=\"trigger\" aria-controls=\"block_7df1607a180141407c97e3e85c79a326--content\" aria-expanded=\"false\">\n     <p>Les contenus en langue des signes sont-ils vraiment menac\u00e9s ?<\/p>\n\n      <i class=\"block-expandable__icon\"><\/i>\n    <\/button>\n    <div id=\"block_7df1607a180141407c97e3e85c79a326--content\" class=\"block-expandable__content\" data-expandable=\"content\" aria-hidden=\"true\">\n      <div>\n        \n\n<p>Oui, avec une pression budg\u00e9taire aussi forte, l&rsquo;accessibilit\u00e9 (traduction en langue des signes et sous-titrage) ne peut \u00eatre garantie. M\u00eame des \u00e9missions telles que <a href=\"https:\/\/www.rts.ch\/play\/tv\/emission\/signes?id=389084\" target=\"_blank\" rel=\"noreferrer noopener\">Signes<\/a> ne sont plus assur\u00e9es.<\/p>\n\n\n\n<p>L&rsquo;information est un droit, pas un luxe.<\/p>\n\n\n      <\/div>\n    <\/div>\n<\/div>\n\n\n<div class=\"block-expandable\" data-init=\"expandable\" id=\"block_262d5763cf1736fccbfc31d7a631c8e3\" data-block=\"Expandable\">\n    <button class=\"block-expandable__trigger\" data-expandable=\"trigger\" aria-controls=\"block_262d5763cf1736fccbfc31d7a631c8e3--content\" aria-expanded=\"false\">\n     <p>Une autre cha\u00eene ne pourrait-elle pas proposer des \u00e9missions en langue des signes ?<\/p>\n\n      <i class=\"block-expandable__icon\"><\/i>\n    <\/button>\n    <div id=\"block_262d5763cf1736fccbfc31d7a631c8e3--content\" class=\"block-expandable__content\" data-expandable=\"content\" aria-hidden=\"true\">\n      <div>\n        \n\n<p>L&rsquo;accessibilit\u00e9 \u00e0 la t\u00e9l\u00e9vision exige beaucoup de savoir-faire, d&rsquo;exp\u00e9rience et de moyens techniques et financiers. En Suisse, seule la SSR est en mesure d&rsquo;y parvenir.<\/p>\n\n\n      <\/div>\n    <\/div>\n<\/div>\n<\/div>\n\n\n\n<h2 class=\"wp-block-heading\"><strong>Ce qu&rsquo;en dit la F\u00e9d\u00e9ration suisse des sourds<\/strong><\/h2>\n\n\n<div class=\"block block-teaserposts\" id=\"block_3e71cb0c028d4f29df8ddd55f5d5d196\" data-block=\"Teaser Posts\">\n  <h2 class=\"visuallyhidden\">Posts<\/h2>\n              <div class=\"block-teaserposts__sort\">\n        <label class=\"block-teaserposts__sort-text\" for=\"sorter-block_3e71cb0c028d4f29df8ddd55f5d5d196\">3 Articles tri\u00e9s par<\/label>\n        <div class=\"block-teaserposts__sort-selector\">\n          <strong class=\"block-teaserposts__sort-label\">Le plus r\u00e9cent d&rsquo;abord<\/strong>\n          <select class=\"block-teaserposts__sort-select\" id=\"sorter-block_3e71cb0c028d4f29df8ddd55f5d5d196\" onChange=\"window.location.href=this.value\">\n            <option value=\"https:\/\/www.sgb-fss.ch\/fr\/non-a-linitiative-ssr\/\">Le plus r\u00e9cent d&rsquo;abord<\/option>\n            <option value=\"https:\/\/www.sgb-fss.ch\/fr\/non-a-linitiative-ssr\/?mostpopular\">Le plus populaire<\/option>\n          <\/select>\n          <i class=\"icon icon--dropdown\"><svg width=\"24\" height=\"24\" viewBox=\"0 0 24 24\" fill=\"none\" xmlns=\"http:\/\/www.w3.org\/2000\/svg\"><path fill-rule=\"evenodd\" clip-rule=\"evenodd\" d=\"M4.293 8.293a1 1 0 0 1 1.414 0L12 14.586l6.293-6.293a1 1 0 1 1 1.414 1.414l-7 7a1 1 0 0 1-1.414 0l-7-7a1 1 0 0 1 0-1.414z\" fill=\"#000\"\/><\/svg><\/i>        <\/div>\n      <\/div>\n        <ul class=\"block-teaserposts__list\">\n                            <li class=\"block-teaserposts__item is-text\">\n          <a class=\"teaserpost accent__red is-text\" href=\"https:\/\/www.sgb-fss.ch\/fr\/aktuell\/la-baisse-de-la-redevance-ssr-met-en-danger-les-offres-en-langue-des-signes\/\">\n    <div class=\"teaserpost__text\">\n        <h3 class=\"teaserpost__title\">\n      <span class=\"teaserpost__prefix\"><span class=\"visuallyhidden\">Cat\u00e9gories <\/span>Informations<\/span>\n      <span>La baisse de la redevance SSR met en danger les offres en langue des signes<\/span>\n    <\/h3>\n    <p class=\"teaserpost__lead\">Ce qui est pr\u00e9sent\u00e9 dans la campagne de votation comme un soulagement financier&hellip;<\/p>\n          <p aria-hidden=\"true\">\n        <span class=\"teaserpost__more\">Lire la suite<\/span>\n      <\/p>\n      <\/div>\n<\/a>\n      <\/li>\n                            <li class=\"block-teaserposts__item is-text\">\n          <a class=\"teaserpost accent__red is-text\" href=\"https:\/\/www.sgb-fss.ch\/fr\/aktuell\/linitiative-200-francs-ca-suffit-initiative-ssr-met-en-danger-laccessibilite-de-linformation\/\">\n    <div class=\"teaserpost__text\">\n        <h3 class=\"teaserpost__title\">\n      <span class=\"teaserpost__prefix\"><span class=\"visuallyhidden\">Cat\u00e9gories <\/span>News<\/span>\n      <span>L\u2019Initiative \u00ab200 francs, ca suffit!\u00a0(initiative SSR)\u00bb met en danger l\u2019accessibilit\u00e9 de l\u2019information<\/span>\n    <\/h3>\n    <p class=\"teaserpost__lead\">La F\u00e9d\u00e9ration Suisse des Sourds SGB-FSS s\u2019oppose clairement \u00e0 l\u2019initiative \u00ab200 francs, ca&hellip;<\/p>\n          <p aria-hidden=\"true\">\n        <span class=\"teaserpost__more\">Lire la suite<\/span>\n      <\/p>\n      <\/div>\n<\/a>\n      <\/li>\n                            <li class=\"block-teaserposts__item is-text\">\n          <a class=\"teaserpost accent__red is-text\" href=\"https:\/\/www.sgb-fss.ch\/fr\/aktuell\/linitiative-de-reduction-de-moitie-menace-laccessibilite-et-la-diversite-linguistique\/\">\n    <div class=\"teaserpost__text\">\n        <h3 class=\"teaserpost__title\">\n      <span class=\"teaserpost__prefix\"><span class=\"visuallyhidden\">Cat\u00e9gories <\/span>Medienmitteilung<\/span>\n      <span>L\u2019initiative de r\u00e9duction de moiti\u00e9 menace l\u2019accessibilit\u00e9 et la diversit\u00e9 linguistique<\/span>\n    <\/h3>\n    <p class=\"teaserpost__lead\">La F\u00e9d\u00e9ration Suisse des Sourds SGB-FSS met en garde : r\u00e9duire de moiti\u00e9&hellip;<\/p>\n          <p aria-hidden=\"true\">\n        <span class=\"teaserpost__more\">Lire la suite<\/span>\n      <\/p>\n      <\/div>\n<\/a>\n      <\/li>\n      <\/ul>\n<\/div>\n\n\n\n<p><\/p>\n","protected":false},"excerpt":{"rendered":"<p>Le 8 mars, nous voterons sur l\u2019initiative populaire \u00ab 200 francs, \u00e7a suffit! (initiative [&hellip;]<\/p>\n","protected":false},"author":81,"featured_media":0,"parent":0,"menu_order":0,"comment_status":"closed","ping_status":"closed","template":"","meta":{"_acf_changed":false,"inline_featured_image":false,"footnotes":""},"class_list":["post-42587","page","type-page","status-publish","hentry"],"acf":[],"yoast_head":"<!-- This site is optimized with the Yoast SEO plugin v27.4 - https:\/\/yoast.com\/product\/yoast-seo-wordpress\/ -->\n<title>Non \u00e0 l&#039;initiative SSR - SGB-FSS<\/title>\n<meta name=\"robots\" content=\"index, follow, max-snippet:-1, max-image-preview:large, max-video-preview:-1\" \/>\n<link rel=\"canonical\" href=\"https:\/\/www.sgb-fss.ch\/fr\/non-a-linitiative-ssr\/\" \/>\n<meta property=\"og:locale\" content=\"fr_FR\" \/>\n<meta property=\"og:type\" content=\"article\" \/>\n<meta property=\"og:title\" content=\"Non \u00e0 l&#039;initiative SSR - SGB-FSS\" \/>\n<meta property=\"og:description\" content=\"Le 8 mars, nous voterons sur l\u2019initiative populaire \u00ab 200 francs, \u00e7a suffit! (initiative [&hellip;]\" \/>\n<meta property=\"og:url\" content=\"https:\/\/www.sgb-fss.ch\/fr\/non-a-linitiative-ssr\/\" \/>\n<meta property=\"og:site_name\" content=\"SGB-FSS\" \/>\n<meta property=\"article:modified_time\" content=\"2026-02-19T08:19:49+00:00\" \/>\n<meta property=\"og:image\" content=\"https:\/\/www.sgb-fss.ch\/content\/uploads\/261125_srg-initiative_plakate_cc44-scaled.jpg\" \/>\n\t<meta property=\"og:image:width\" content=\"2560\" \/>\n\t<meta property=\"og:image:height\" content=\"1220\" \/>\n\t<meta property=\"og:image:type\" content=\"image\/jpeg\" \/>\n<meta name=\"twitter:card\" content=\"summary_large_image\" \/>\n<meta name=\"twitter:label1\" content=\"Dur\u00e9e de lecture estim\u00e9e\" \/>\n\t<meta name=\"twitter:data1\" content=\"3 minutes\" \/>\n<script type=\"application\/ld+json\" class=\"yoast-schema-graph\">{\"@context\":\"https:\\\/\\\/schema.org\",\"@graph\":[{\"@type\":\"WebPage\",\"@id\":\"https:\\\/\\\/www.sgb-fss.ch\\\/fr\\\/non-a-linitiative-ssr\\\/\",\"url\":\"https:\\\/\\\/www.sgb-fss.ch\\\/fr\\\/non-a-linitiative-ssr\\\/\",\"name\":\"Non \u00e0 l'initiative SSR - SGB-FSS\",\"isPartOf\":{\"@id\":\"https:\\\/\\\/www.sgb-fss.ch\\\/de\\\/#website\"},\"primaryImageOfPage\":{\"@id\":\"https:\\\/\\\/www.sgb-fss.ch\\\/fr\\\/non-a-linitiative-ssr\\\/#primaryimage\"},\"image\":{\"@id\":\"https:\\\/\\\/www.sgb-fss.ch\\\/fr\\\/non-a-linitiative-ssr\\\/#primaryimage\"},\"thumbnailUrl\":\"https:\\\/\\\/www.sgb-fss.ch\\\/content\\\/uploads\\\/\\\/261125_srg-initiative_plakate_cc44-1024x488.jpg\",\"datePublished\":\"2025-12-17T15:46:43+00:00\",\"dateModified\":\"2026-02-19T08:19:49+00:00\",\"breadcrumb\":{\"@id\":\"https:\\\/\\\/www.sgb-fss.ch\\\/fr\\\/non-a-linitiative-ssr\\\/#breadcrumb\"},\"inLanguage\":\"fr-FR\",\"potentialAction\":[{\"@type\":\"ReadAction\",\"target\":[\"https:\\\/\\\/www.sgb-fss.ch\\\/fr\\\/non-a-linitiative-ssr\\\/\"]}]},{\"@type\":\"ImageObject\",\"inLanguage\":\"fr-FR\",\"@id\":\"https:\\\/\\\/www.sgb-fss.ch\\\/fr\\\/non-a-linitiative-ssr\\\/#primaryimage\",\"url\":\"https:\\\/\\\/www.sgb-fss.ch\\\/content\\\/uploads\\\/\\\/261125_srg-initiative_plakate_cc44-1024x488.jpg\",\"contentUrl\":\"https:\\\/\\\/www.sgb-fss.ch\\\/content\\\/uploads\\\/\\\/261125_srg-initiative_plakate_cc44-1024x488.jpg\"},{\"@type\":\"BreadcrumbList\",\"@id\":\"https:\\\/\\\/www.sgb-fss.ch\\\/fr\\\/non-a-linitiative-ssr\\\/#breadcrumb\",\"itemListElement\":[{\"@type\":\"ListItem\",\"position\":1,\"name\":\"Home\",\"item\":\"https:\\\/\\\/www.sgb-fss.ch\\\/fr\\\/\"},{\"@type\":\"ListItem\",\"position\":2,\"name\":\"Non \u00e0 l&rsquo;initiative SSR\"}]},{\"@type\":\"WebSite\",\"@id\":\"https:\\\/\\\/www.sgb-fss.ch\\\/de\\\/#website\",\"url\":\"https:\\\/\\\/www.sgb-fss.ch\\\/de\\\/\",\"name\":\"SGB-FSS\",\"description\":\"\",\"potentialAction\":[{\"@type\":\"SearchAction\",\"target\":{\"@type\":\"EntryPoint\",\"urlTemplate\":\"https:\\\/\\\/www.sgb-fss.ch\\\/de\\\/?s={search_term_string}\"},\"query-input\":{\"@type\":\"PropertyValueSpecification\",\"valueRequired\":true,\"valueName\":\"search_term_string\"}}],\"inLanguage\":\"fr-FR\"}]}<\/script>\n<!-- \/ Yoast SEO plugin. -->","yoast_head_json":{"title":"Non \u00e0 l'initiative SSR - SGB-FSS","robots":{"index":"index","follow":"follow","max-snippet":"max-snippet:-1","max-image-preview":"max-image-preview:large","max-video-preview":"max-video-preview:-1"},"canonical":"https:\/\/www.sgb-fss.ch\/fr\/non-a-linitiative-ssr\/","og_locale":"fr_FR","og_type":"article","og_title":"Non \u00e0 l'initiative SSR - SGB-FSS","og_description":"Le 8 mars, nous voterons sur l\u2019initiative populaire \u00ab 200 francs, \u00e7a suffit! (initiative [&hellip;]","og_url":"https:\/\/www.sgb-fss.ch\/fr\/non-a-linitiative-ssr\/","og_site_name":"SGB-FSS","article_modified_time":"2026-02-19T08:19:49+00:00","og_image":[{"width":2560,"height":1220,"url":"https:\/\/www.sgb-fss.ch\/content\/uploads\/261125_srg-initiative_plakate_cc44-scaled.jpg","type":"image\/jpeg"}],"twitter_card":"summary_large_image","twitter_misc":{"Dur\u00e9e de lecture estim\u00e9e":"3 minutes"},"schema":{"@context":"https:\/\/schema.org","@graph":[{"@type":"WebPage","@id":"https:\/\/www.sgb-fss.ch\/fr\/non-a-linitiative-ssr\/","url":"https:\/\/www.sgb-fss.ch\/fr\/non-a-linitiative-ssr\/","name":"Non \u00e0 l'initiative SSR - SGB-FSS","isPartOf":{"@id":"https:\/\/www.sgb-fss.ch\/de\/#website"},"primaryImageOfPage":{"@id":"https:\/\/www.sgb-fss.ch\/fr\/non-a-linitiative-ssr\/#primaryimage"},"image":{"@id":"https:\/\/www.sgb-fss.ch\/fr\/non-a-linitiative-ssr\/#primaryimage"},"thumbnailUrl":"https:\/\/www.sgb-fss.ch\/content\/uploads\/\/261125_srg-initiative_plakate_cc44-1024x488.jpg","datePublished":"2025-12-17T15:46:43+00:00","dateModified":"2026-02-19T08:19:49+00:00","breadcrumb":{"@id":"https:\/\/www.sgb-fss.ch\/fr\/non-a-linitiative-ssr\/#breadcrumb"},"inLanguage":"fr-FR","potentialAction":[{"@type":"ReadAction","target":["https:\/\/www.sgb-fss.ch\/fr\/non-a-linitiative-ssr\/"]}]},{"@type":"ImageObject","inLanguage":"fr-FR","@id":"https:\/\/www.sgb-fss.ch\/fr\/non-a-linitiative-ssr\/#primaryimage","url":"https:\/\/www.sgb-fss.ch\/content\/uploads\/\/261125_srg-initiative_plakate_cc44-1024x488.jpg","contentUrl":"https:\/\/www.sgb-fss.ch\/content\/uploads\/\/261125_srg-initiative_plakate_cc44-1024x488.jpg"},{"@type":"BreadcrumbList","@id":"https:\/\/www.sgb-fss.ch\/fr\/non-a-linitiative-ssr\/#breadcrumb","itemListElement":[{"@type":"ListItem","position":1,"name":"Home","item":"https:\/\/www.sgb-fss.ch\/fr\/"},{"@type":"ListItem","position":2,"name":"Non \u00e0 l&rsquo;initiative SSR"}]},{"@type":"WebSite","@id":"https:\/\/www.sgb-fss.ch\/de\/#website","url":"https:\/\/www.sgb-fss.ch\/de\/","name":"SGB-FSS","description":"","potentialAction":[{"@type":"SearchAction","target":{"@type":"EntryPoint","urlTemplate":"https:\/\/www.sgb-fss.ch\/de\/?s={search_term_string}"},"query-input":{"@type":"PropertyValueSpecification","valueRequired":true,"valueName":"search_term_string"}}],"inLanguage":"fr-FR"}]}},"_links":{"self":[{"href":"https:\/\/www.sgb-fss.ch\/fr\/wp-json\/wp\/v2\/pages\/42587","targetHints":{"allow":["GET"]}}],"collection":[{"href":"https:\/\/www.sgb-fss.ch\/fr\/wp-json\/wp\/v2\/pages"}],"about":[{"href":"https:\/\/www.sgb-fss.ch\/fr\/wp-json\/wp\/v2\/types\/page"}],"author":[{"embeddable":true,"href":"https:\/\/www.sgb-fss.ch\/fr\/wp-json\/wp\/v2\/users\/81"}],"replies":[{"embeddable":true,"href":"https:\/\/www.sgb-fss.ch\/fr\/wp-json\/wp\/v2\/comments?post=42587"}],"version-history":[{"count":15,"href":"https:\/\/www.sgb-fss.ch\/fr\/wp-json\/wp\/v2\/pages\/42587\/revisions"}],"predecessor-version":[{"id":44141,"href":"https:\/\/www.sgb-fss.ch\/fr\/wp-json\/wp\/v2\/pages\/42587\/revisions\/44141"}],"wp:attachment":[{"href":"https:\/\/www.sgb-fss.ch\/fr\/wp-json\/wp\/v2\/media?parent=42587"}],"curies":[{"name":"wp","href":"https:\/\/api.w.org\/{rel}","templated":true}]}}