{"id":41057,"date":"2025-10-06T14:16:27","date_gmt":"2025-10-06T12:16:27","guid":{"rendered":"https:\/\/www.sgb-fss.ch\/?page_id=41057"},"modified":"2025-12-10T16:02:51","modified_gmt":"2025-12-10T15:02:51","slug":"signe-de-lannee","status":"publish","type":"page","link":"https:\/\/www.sgb-fss.ch\/fr\/signe-de-lannee\/","title":{"rendered":"Signe de l&rsquo;ann\u00e9e 2025"},"content":{"rendered":"\n<p class=\"is-style-lead\">Quel signe a marqu\u00e9 l\u2019ann\u00e9e 2025 ? Le \u00ab\u202fSigne de l&rsquo;ann\u00e9e\u202f\u00bb montre ce qui nous touche en tant que communaut\u00e9 de la langue des signes.<\/p>\n\n\n\n<p class=\"is-style-lead\"><\/p>\n\n\n\n<div class=\"wp-block-group has-sgb-fss-blue-30-background-color has-background is-layout-constrained wp-block-group-is-layout-constrained\">\n<h2 class=\"wp-block-heading has-text-align-center\"><strong>\u00ab Inclusion \u00bb<\/strong><\/h2>\n\n\n\n<figure class=\"wp-block-video\"><video height=\"1080\" style=\"aspect-ratio: 1920 \/ 1080;\" width=\"1920\" controls src=\"https:\/\/www.sgb-fss.ch\/content\/uploads\/570_inclusion_.mp4\"><\/video><\/figure>\n\n\n\n<p>Le signe \u00ab Inclusion \u00bb repr\u00e9sente les exp\u00e9riences et les revendications des personnes sourdes et malentendantes en Suisse. Une v\u00e9ritable inclusion signifie qu\u2019elles sont naturellement int\u00e9gr\u00e9es dans tous les domaines de la soci\u00e9t\u00e9. Cela implique l\u2019\u00e9galit\u00e9 des droits et l\u2019acc\u00e8s \u00e0 la communication. La reconnaissance des langues des signes en Suisse est centrale \u2013 car sans langue, il n\u2019y a pas de v\u00e9ritable inclusion.<\/p>\n<\/div>\n\n\n\n<p class=\"has-text-align-center\"><u><a href=\"https:\/\/www.sgb-fss.ch\/fr\/aktuell\/inclusion-est-le-signe-de-lannee-2025\/\">Pour en savoir plus, consultez le communiqu\u00e9 de presse<\/a><\/u><\/p>\n\n\n\n<p class=\"has-text-align-left\"><\/p>\n\n\n\n<figure class=\"wp-block-image size-large\"><img loading=\"lazy\" decoding=\"async\" width=\"1024\" height=\"505\" src=\"https:\/\/www.sgb-fss.ch\/content\/uploads\/\/logo-gebarde-des-jahres_o_2025_trans_slider-1024x505.png\" alt=\"\" class=\"wp-image-41047\" srcset=\"https:\/\/www.sgb-fss.ch\/content\/uploads\/logo-gebarde-des-jahres_o_2025_trans_slider-1024x505.png 1024w, https:\/\/www.sgb-fss.ch\/content\/uploads\/logo-gebarde-des-jahres_o_2025_trans_slider-300x148.png 300w, https:\/\/www.sgb-fss.ch\/content\/uploads\/logo-gebarde-des-jahres_o_2025_trans_slider-150x74.png 150w, https:\/\/www.sgb-fss.ch\/content\/uploads\/logo-gebarde-des-jahres_o_2025_trans_slider-768x379.png 768w, https:\/\/www.sgb-fss.ch\/content\/uploads\/logo-gebarde-des-jahres_o_2025_trans_slider-1536x758.png 1536w, https:\/\/www.sgb-fss.ch\/content\/uploads\/logo-gebarde-des-jahres_o_2025_trans_slider-200x100.png 200w, https:\/\/www.sgb-fss.ch\/content\/uploads\/logo-gebarde-des-jahres_o_2025_trans_slider.png 1647w\" sizes=\"auto, (max-width: 1024px) 100vw, 1024px\" \/><\/figure>\n\n\n\n<h2 class=\"wp-block-heading\" id=\"vote\">Comment se d\u00e9roule le vote<\/h2>\n\n\n\n<h3 class=\"wp-block-heading\"><strong>1\ufe0f\u20e3 Proposer une id\u00e9e<\/strong><\/h3>\n\n\n\n<p>Jusqu\u2019au <strong><mark style=\"background-color:rgba(0, 0, 0, 0)\" class=\"has-inline-color has-terrakotta-color\">26 octobre<\/mark><\/strong>, Tu peux soumettre tes id\u00e9es via message ou commentaire sur Instagram\/Facebook ou par e-mail. Explique bri\u00e8vement pourquoi ce signe est important ou repr\u00e9sentatif pour cette ann\u00e9e.<\/p>\n\n\n\n<h3 class=\"wp-block-heading\"><strong>2\ufe0f\u20e3 <strong>Pr\u00e9-s\u00e9lection par des expert\u00b7e\u00b7s<\/strong><\/strong><\/h3>\n\n\n\n<p>Un groupe d\u2019expert\u00b7e\u00b7s en langue des signes \u2013 compos\u00e9 de personnes sourdes \u2013 examine toutes les propositions. Trois signes particuli\u00e8rement pertinents, compr\u00e9hensibles et linguistiquement solides seront retenus.<\/p>\n\n\n\n<h3 class=\"wp-block-heading\"><strong>3\ufe0f\u20e3 <strong>Vote de la communaut\u00e9<\/strong><\/strong><\/h3>\n\n\n\n<p>La communaut\u00e9 des langues des signes d\u00e9cide\u202f: du <strong><mark style=\"background-color:rgba(0, 0, 0, 0)\" class=\"has-inline-color has-terrakotta-color\">24 novembre au 8 d\u00e9cembre<\/mark><\/strong>, les personnes habiles de la langue des signes voteront en ligne pour \u00e9lire le \u00ab\u202fSigne de l&rsquo;ann\u00e9e 2025\u202f\u00bb.<\/p>\n\n\n\n<h3 class=\"wp-block-heading\"><strong>4\ufe0f\u20e3 <strong>Annonce du signe gagnant<\/strong><\/strong><\/h3>\n\n\n\n<p>Le <strong><mark style=\"background-color:rgba(0, 0, 0, 0)\" class=\"has-inline-color has-terrakotta-color\">10 d\u00e9cembre<\/mark><\/strong>, le signe de l&rsquo;ann\u00e9e est d\u00e9voil\u00e9.<\/p>\n\n\n\n<div class=\"wp-block-group has-sgb-fss-blue-15-background-color has-background is-layout-constrained wp-block-group-is-layout-constrained\">\n<div class=\"wp-block-columns is-layout-flex wp-container-core-columns-is-layout-9d6595d7 wp-block-columns-is-layout-flex\">\n<div class=\"wp-block-column is-layout-flow wp-block-column-is-layout-flow\" style=\"flex-basis:100%\">\n<h2 class=\"wp-block-heading\" id=\"faq\">FAQ&rsquo;s<\/h2>\n\n\n<div class=\"block-expandable\" data-init=\"expandable\" id=\"block_c9f16ce16c557179b8dc0a0343398a5c\" data-block=\"Expandable\">\n    <button class=\"block-expandable__trigger\" data-expandable=\"trigger\" aria-controls=\"block_c9f16ce16c557179b8dc0a0343398a5c--content\" aria-expanded=\"false\">\n     <p>Qui peut participer\u202f?<\/p>\n\n      <i class=\"block-expandable__icon\"><\/i>\n    <\/button>\n    <div id=\"block_c9f16ce16c557179b8dc0a0343398a5c--content\" class=\"block-expandable__content\" data-expandable=\"content\" aria-hidden=\"true\">\n      <div>\n        \n\n<p>Tout membre de la communaut\u00e9 des langues des signes peut voter et proposer des signes.<\/p>\n\n\n      <\/div>\n    <\/div>\n<\/div>\n\n\n<div class=\"block-expandable\" data-init=\"expandable\" id=\"block_7b3cec1cfd6c61c6d3211102f65a2d47\" data-block=\"Expandable\">\n    <button class=\"block-expandable__trigger\" data-expandable=\"trigger\" aria-controls=\"block_7b3cec1cfd6c61c6d3211102f65a2d47--content\" aria-expanded=\"false\">\n     <p>Quels signes peuvent \u00eatre propos\u00e9s\u202f?<\/p>\n\n      <i class=\"block-expandable__icon\"><\/i>\n    <\/button>\n    <div id=\"block_7b3cec1cfd6c61c6d3211102f65a2d47--content\" class=\"block-expandable__content\" data-expandable=\"content\" aria-hidden=\"true\">\n      <div>\n        \n\n<p>Tous les signes sont les bienvenus. Cela peut concerner des th\u00e8mes, des personnes, des \u00e9v\u00e9nements, etc. Les signes nouveaux ou existants, actuellement pertinents, sont accept\u00e9s.<\/p>\n\n\n      <\/div>\n    <\/div>\n<\/div>\n\n\n<div class=\"block-expandable\" data-init=\"expandable\" id=\"block_05c5a299578f71f4452a1746e300de1f\" data-block=\"Expandable\">\n    <button class=\"block-expandable__trigger\" data-expandable=\"trigger\" aria-controls=\"block_05c5a299578f71f4452a1746e300de1f--content\" aria-expanded=\"false\">\n     <p>Pourquoi faisons-nous cela\u202f?<\/p>\n\n      <i class=\"block-expandable__icon\"><\/i>\n    <\/button>\n    <div id=\"block_05c5a299578f71f4452a1746e300de1f--content\" class=\"block-expandable__content\" data-expandable=\"content\" aria-hidden=\"true\">\n      <div>\n        \n\n<p>Il s\u2019agit de langue, de participation et d\u2019identit\u00e9. Le \u00ab\u202fSigne de l&rsquo;ann\u00e9e\u202f\u00bb vise \u00e0 renforcer la visibilit\u00e9 des langues des signes et \u00e0 montrer quels sujets touchent la communaut\u00e9.<br><\/p>\n\n\n      <\/div>\n    <\/div>\n<\/div>\n\n\n<div class=\"block-expandable\" data-init=\"expandable\" id=\"block_145d4bfa72fa9158760da0bb893e3b94\" data-block=\"Expandable\">\n    <button class=\"block-expandable__trigger\" data-expandable=\"trigger\" aria-controls=\"block_145d4bfa72fa9158760da0bb893e3b94--content\" aria-expanded=\"false\">\n     <p>Comment participer\u202f?<\/p>\n\n      <i class=\"block-expandable__icon\"><\/i>\n    <\/button>\n    <div id=\"block_145d4bfa72fa9158760da0bb893e3b94--content\" class=\"block-expandable__content\" data-expandable=\"content\" aria-hidden=\"true\">\n      <div>\n        \n\n<p>Vous pouvez proposer des id\u00e9es et participer au vote final.<\/p>\n\n\n\n<p><strong>Propositions<\/strong><strong>\u202f<\/strong><strong>:<\/strong>&nbsp;Envoie ton id\u00e9e par message ou commentaire sur Instagram ou Facebook ou tout simplement par e-mail. Explique bri\u00e8vement pourquoi ce signe est important ou repr\u00e9sente l\u2019ann\u00e9e 2025.<\/p>\n\n\n\n<p><strong>Vote<\/strong><strong>\u202f<\/strong><strong>: <\/strong>Le vote final se fait uniquement sur le site web. Tu dois indiquer&nbsp;ton&nbsp;adresse e-mail.<\/p>\n\n\n      <\/div>\n    <\/div>\n<\/div>\n\n\n<div class=\"block-expandable\" data-init=\"expandable\" id=\"block_64dc3464ff34a480ccaf2c0bbab690c1\" data-block=\"Expandable\">\n    <button class=\"block-expandable__trigger\" data-expandable=\"trigger\" aria-controls=\"block_64dc3464ff34a480ccaf2c0bbab690c1--content\" aria-expanded=\"false\">\n     <p>Comment le signe est-il choisi\u202f?<\/p>\n\n      <i class=\"block-expandable__icon\"><\/i>\n    <\/button>\n    <div id=\"block_64dc3464ff34a480ccaf2c0bbab690c1--content\" class=\"block-expandable__content\" data-expandable=\"content\" aria-hidden=\"true\">\n      <div>\n        \n\n<p>Toutes les id\u00e9es de la communaut\u00e9 servent de base.<br>Un groupe d\u2019expert\u00b7e\u00b7s (personnes sourdes des domaines langue, culture et communaut\u00e9) propose trois signes les plus forts.<br>Ensuite, la communaut\u00e9 vote et d\u00e9cide quel signe repr\u00e9sente l\u2019ann\u00e9e 2025.<\/p>\n\n\n      <\/div>\n    <\/div>\n<\/div>\n<\/div>\n<\/div>\n<\/div>\n\n\n\n<p><\/p>\n","protected":false},"excerpt":{"rendered":"<p>Quel signe a marqu\u00e9 l\u2019ann\u00e9e 2025 ? Le \u00ab\u202fSigne de l&rsquo;ann\u00e9e\u202f\u00bb montre ce qui [&hellip;]<\/p>\n","protected":false},"author":81,"featured_media":0,"parent":0,"menu_order":0,"comment_status":"closed","ping_status":"closed","template":"","meta":{"_acf_changed":false,"inline_featured_image":false,"footnotes":""},"class_list":["post-41057","page","type-page","status-publish","hentry"],"acf":[],"yoast_head":"<!-- This site is optimized with the Yoast SEO plugin v27.4 - https:\/\/yoast.com\/product\/yoast-seo-wordpress\/ -->\n<title>Signe de l&#039;ann\u00e9e 2025 - SGB-FSS<\/title>\n<meta name=\"robots\" content=\"index, follow, max-snippet:-1, max-image-preview:large, max-video-preview:-1\" \/>\n<link rel=\"canonical\" href=\"https:\/\/www.sgb-fss.ch\/fr\/signe-de-lannee\/\" \/>\n<meta property=\"og:locale\" content=\"fr_FR\" \/>\n<meta property=\"og:type\" content=\"article\" \/>\n<meta property=\"og:title\" content=\"Signe de l&#039;ann\u00e9e 2025 - SGB-FSS\" \/>\n<meta property=\"og:description\" content=\"Quel signe a marqu\u00e9 l\u2019ann\u00e9e 2025 ? Le \u00ab\u202fSigne de l&rsquo;ann\u00e9e\u202f\u00bb montre ce qui [&hellip;]\" \/>\n<meta property=\"og:url\" content=\"https:\/\/www.sgb-fss.ch\/fr\/signe-de-lannee\/\" \/>\n<meta property=\"og:site_name\" content=\"SGB-FSS\" \/>\n<meta property=\"article:modified_time\" content=\"2025-12-10T15:02:51+00:00\" \/>\n<meta property=\"og:image\" content=\"https:\/\/www.sgb-fss.ch\/content\/uploads\/logo-gebarde-des-jahres_o_2025_trans_slider.png\" \/>\n\t<meta property=\"og:image:width\" content=\"1647\" \/>\n\t<meta property=\"og:image:height\" content=\"813\" \/>\n\t<meta property=\"og:image:type\" content=\"image\/png\" \/>\n<meta name=\"twitter:card\" content=\"summary_large_image\" \/>\n<meta name=\"twitter:label1\" content=\"Dur\u00e9e de lecture estim\u00e9e\" \/>\n\t<meta name=\"twitter:data1\" content=\"3 minutes\" \/>\n<script type=\"application\/ld+json\" class=\"yoast-schema-graph\">{\"@context\":\"https:\\\/\\\/schema.org\",\"@graph\":[{\"@type\":\"WebPage\",\"@id\":\"https:\\\/\\\/www.sgb-fss.ch\\\/fr\\\/signe-de-lannee\\\/\",\"url\":\"https:\\\/\\\/www.sgb-fss.ch\\\/fr\\\/signe-de-lannee\\\/\",\"name\":\"Signe de l'ann\u00e9e 2025 - SGB-FSS\",\"isPartOf\":{\"@id\":\"https:\\\/\\\/www.sgb-fss.ch\\\/de\\\/#website\"},\"primaryImageOfPage\":{\"@id\":\"https:\\\/\\\/www.sgb-fss.ch\\\/fr\\\/signe-de-lannee\\\/#primaryimage\"},\"image\":{\"@id\":\"https:\\\/\\\/www.sgb-fss.ch\\\/fr\\\/signe-de-lannee\\\/#primaryimage\"},\"thumbnailUrl\":\"https:\\\/\\\/www.sgb-fss.ch\\\/content\\\/uploads\\\/\\\/logo-gebarde-des-jahres_o_2025_trans_slider-1024x505.png\",\"datePublished\":\"2025-10-06T12:16:27+00:00\",\"dateModified\":\"2025-12-10T15:02:51+00:00\",\"breadcrumb\":{\"@id\":\"https:\\\/\\\/www.sgb-fss.ch\\\/fr\\\/signe-de-lannee\\\/#breadcrumb\"},\"inLanguage\":\"fr-FR\",\"potentialAction\":[{\"@type\":\"ReadAction\",\"target\":[\"https:\\\/\\\/www.sgb-fss.ch\\\/fr\\\/signe-de-lannee\\\/\"]}]},{\"@type\":\"ImageObject\",\"inLanguage\":\"fr-FR\",\"@id\":\"https:\\\/\\\/www.sgb-fss.ch\\\/fr\\\/signe-de-lannee\\\/#primaryimage\",\"url\":\"https:\\\/\\\/www.sgb-fss.ch\\\/content\\\/uploads\\\/\\\/logo-gebarde-des-jahres_o_2025_trans_slider-1024x505.png\",\"contentUrl\":\"https:\\\/\\\/www.sgb-fss.ch\\\/content\\\/uploads\\\/\\\/logo-gebarde-des-jahres_o_2025_trans_slider-1024x505.png\"},{\"@type\":\"BreadcrumbList\",\"@id\":\"https:\\\/\\\/www.sgb-fss.ch\\\/fr\\\/signe-de-lannee\\\/#breadcrumb\",\"itemListElement\":[{\"@type\":\"ListItem\",\"position\":1,\"name\":\"Home\",\"item\":\"https:\\\/\\\/www.sgb-fss.ch\\\/fr\\\/\"},{\"@type\":\"ListItem\",\"position\":2,\"name\":\"Signe de l&rsquo;ann\u00e9e 2025\"}]},{\"@type\":\"WebSite\",\"@id\":\"https:\\\/\\\/www.sgb-fss.ch\\\/de\\\/#website\",\"url\":\"https:\\\/\\\/www.sgb-fss.ch\\\/de\\\/\",\"name\":\"SGB-FSS\",\"description\":\"\",\"potentialAction\":[{\"@type\":\"SearchAction\",\"target\":{\"@type\":\"EntryPoint\",\"urlTemplate\":\"https:\\\/\\\/www.sgb-fss.ch\\\/de\\\/?s={search_term_string}\"},\"query-input\":{\"@type\":\"PropertyValueSpecification\",\"valueRequired\":true,\"valueName\":\"search_term_string\"}}],\"inLanguage\":\"fr-FR\"}]}<\/script>\n<!-- \/ Yoast SEO plugin. -->","yoast_head_json":{"title":"Signe de l'ann\u00e9e 2025 - SGB-FSS","robots":{"index":"index","follow":"follow","max-snippet":"max-snippet:-1","max-image-preview":"max-image-preview:large","max-video-preview":"max-video-preview:-1"},"canonical":"https:\/\/www.sgb-fss.ch\/fr\/signe-de-lannee\/","og_locale":"fr_FR","og_type":"article","og_title":"Signe de l'ann\u00e9e 2025 - SGB-FSS","og_description":"Quel signe a marqu\u00e9 l\u2019ann\u00e9e 2025 ? Le \u00ab\u202fSigne de l&rsquo;ann\u00e9e\u202f\u00bb montre ce qui [&hellip;]","og_url":"https:\/\/www.sgb-fss.ch\/fr\/signe-de-lannee\/","og_site_name":"SGB-FSS","article_modified_time":"2025-12-10T15:02:51+00:00","og_image":[{"width":1647,"height":813,"url":"https:\/\/www.sgb-fss.ch\/content\/uploads\/logo-gebarde-des-jahres_o_2025_trans_slider.png","type":"image\/png"}],"twitter_card":"summary_large_image","twitter_misc":{"Dur\u00e9e de lecture estim\u00e9e":"3 minutes"},"schema":{"@context":"https:\/\/schema.org","@graph":[{"@type":"WebPage","@id":"https:\/\/www.sgb-fss.ch\/fr\/signe-de-lannee\/","url":"https:\/\/www.sgb-fss.ch\/fr\/signe-de-lannee\/","name":"Signe de l'ann\u00e9e 2025 - SGB-FSS","isPartOf":{"@id":"https:\/\/www.sgb-fss.ch\/de\/#website"},"primaryImageOfPage":{"@id":"https:\/\/www.sgb-fss.ch\/fr\/signe-de-lannee\/#primaryimage"},"image":{"@id":"https:\/\/www.sgb-fss.ch\/fr\/signe-de-lannee\/#primaryimage"},"thumbnailUrl":"https:\/\/www.sgb-fss.ch\/content\/uploads\/\/logo-gebarde-des-jahres_o_2025_trans_slider-1024x505.png","datePublished":"2025-10-06T12:16:27+00:00","dateModified":"2025-12-10T15:02:51+00:00","breadcrumb":{"@id":"https:\/\/www.sgb-fss.ch\/fr\/signe-de-lannee\/#breadcrumb"},"inLanguage":"fr-FR","potentialAction":[{"@type":"ReadAction","target":["https:\/\/www.sgb-fss.ch\/fr\/signe-de-lannee\/"]}]},{"@type":"ImageObject","inLanguage":"fr-FR","@id":"https:\/\/www.sgb-fss.ch\/fr\/signe-de-lannee\/#primaryimage","url":"https:\/\/www.sgb-fss.ch\/content\/uploads\/\/logo-gebarde-des-jahres_o_2025_trans_slider-1024x505.png","contentUrl":"https:\/\/www.sgb-fss.ch\/content\/uploads\/\/logo-gebarde-des-jahres_o_2025_trans_slider-1024x505.png"},{"@type":"BreadcrumbList","@id":"https:\/\/www.sgb-fss.ch\/fr\/signe-de-lannee\/#breadcrumb","itemListElement":[{"@type":"ListItem","position":1,"name":"Home","item":"https:\/\/www.sgb-fss.ch\/fr\/"},{"@type":"ListItem","position":2,"name":"Signe de l&rsquo;ann\u00e9e 2025"}]},{"@type":"WebSite","@id":"https:\/\/www.sgb-fss.ch\/de\/#website","url":"https:\/\/www.sgb-fss.ch\/de\/","name":"SGB-FSS","description":"","potentialAction":[{"@type":"SearchAction","target":{"@type":"EntryPoint","urlTemplate":"https:\/\/www.sgb-fss.ch\/de\/?s={search_term_string}"},"query-input":{"@type":"PropertyValueSpecification","valueRequired":true,"valueName":"search_term_string"}}],"inLanguage":"fr-FR"}]}},"_links":{"self":[{"href":"https:\/\/www.sgb-fss.ch\/fr\/wp-json\/wp\/v2\/pages\/41057","targetHints":{"allow":["GET"]}}],"collection":[{"href":"https:\/\/www.sgb-fss.ch\/fr\/wp-json\/wp\/v2\/pages"}],"about":[{"href":"https:\/\/www.sgb-fss.ch\/fr\/wp-json\/wp\/v2\/types\/page"}],"author":[{"embeddable":true,"href":"https:\/\/www.sgb-fss.ch\/fr\/wp-json\/wp\/v2\/users\/81"}],"replies":[{"embeddable":true,"href":"https:\/\/www.sgb-fss.ch\/fr\/wp-json\/wp\/v2\/comments?post=41057"}],"version-history":[{"count":22,"href":"https:\/\/www.sgb-fss.ch\/fr\/wp-json\/wp\/v2\/pages\/41057\/revisions"}],"predecessor-version":[{"id":42393,"href":"https:\/\/www.sgb-fss.ch\/fr\/wp-json\/wp\/v2\/pages\/41057\/revisions\/42393"}],"wp:attachment":[{"href":"https:\/\/www.sgb-fss.ch\/fr\/wp-json\/wp\/v2\/media?parent=41057"}],"curies":[{"name":"wp","href":"https:\/\/api.w.org\/{rel}","templated":true}]}}