{"id":3844,"date":"2021-05-03T11:38:20","date_gmt":"2021-05-03T09:38:20","guid":{"rendered":"https:\/\/www.sgb-fss.ch\/ihr-engagement\/faire-un-don\/dons-en-cas-de-deuil\/"},"modified":"2026-02-05T15:07:42","modified_gmt":"2026-02-05T14:07:42","slug":"dons-en-cas-de-deuil","status":"publish","type":"page","link":"https:\/\/www.sgb-fss.ch\/fr\/soutien\/dons-en-cas-de-deuil\/","title":{"rendered":"Dons en cas de deuil"},"content":{"rendered":"\n<p class=\"is-style-lead\">Votre don en m\u00e9moire d\u2019une personne d\u00e9c\u00e9d\u00e9e est un geste particulier de recueillement. Si vous envisagez de soutenir la F\u00e9d\u00e9ration Suisse des Sourds par une collecte ou un don en m\u00e9moire, vous trouverez ici des informations utiles pour concr\u00e9tiser votre d\u00e9marche.<\/p>\n\n\n\n<div class=\"wp-block-columns is-layout-flex wp-container-core-columns-is-layout-9d6595d7 wp-block-columns-is-layout-flex\">\n<div class=\"wp-block-column has-schwarz-25-background-color has-background is-layout-flow wp-block-column-is-layout-flow\">\n<h3 class=\"wp-block-heading is-style-default\"><strong>Informations pour les proches<\/strong><\/h3>\n\n\n\n<p><strong>Formuler votre souhait dans l\u2019avis de d\u00e9c\u00e8s<\/strong><br>Le texte pourrait \u00eatre formul\u00e9, par exemple, comme suit :<br>\u00ab Au lieu de fleurs, nous vous prions de faire un don \u00e0 la F\u00e9d\u00e9ration Suisse des Sourds : <strong>IBAN CH07 0900 0000 1001 3312 0<\/strong> <strong>ou via code QR \/ \/ mention : Deuil Pr\u00e9nom Nom. \u00bb<\/strong><\/p>\n\n\n\n<p><strong>Adresse de deuil<\/strong><br>Afin de pouvoir vous informer r\u00e9guli\u00e8rement de la r\u00e9ception des dons, nous vous serions reconnaissants de bien vouloir nous communiquer l\u2019adresse de deuil.<\/p>\n\n\n\n<p><strong>Protection des donn\u00e9es<\/strong><br>Si des personnes souhaitant faire un don ne sont pas d\u2019accord avec la transmission de leurs donn\u00e9es personnelles, vous pouvez nous envoyer votre lettre de remerciement et nous la transmettrons volontiers aux donateurs.<\/p>\n<\/div>\n<\/div>\n\n\n\n<div class=\"wp-block-columns is-layout-flex wp-container-core-columns-is-layout-9d6595d7 wp-block-columns-is-layout-flex\">\n<div class=\"wp-block-column has-sgb-fss-blue-15-background-color has-background is-layout-flow wp-block-column-is-layout-flow\">\n<h3 class=\"wp-block-heading is-style-default\"><strong>Informations pour les connaissances et amis de la famille en deuil<\/strong><\/h3>\n\n\n\n<p>Nous vous prions d\u2019utiliser pour votre don l\u2019<strong>IBAN CH07 <strong>0900 0000 1001 3312 0<\/strong> ou le code QR \/ \/ mention : Deuil Pr\u00e9nom Nom de la personne d\u00e9c\u00e9d\u00e9e.<\/strong><\/p>\n\n\n\n<p><strong>Nos remerciements \u00e0 la famille en deuil<\/strong><br>Gr\u00e2ce \u00e0 ces informations, nous pouvons adresser nos remerciements \u00e0 la famille en deuil.<\/p>\n\n\n\n<p><strong>Protection des donn\u00e9es<\/strong><br>Si vous ne souhaitez pas que vos donn\u00e9es (nom, montant du don, adresse) soient transmises \u00e0 la famille en deuil, nous vous prions de bien vouloir nous en informer. Cela peut \u00eatre indiqu\u00e9 comme mention lors de l\u2019online banking ou par e-mail \u00e0<a>dons@sgb-fss.ch<\/a>.<\/p>\n<\/div>\n<\/div>\n\n\n\n<div class=\"wp-block-buttons is-content-justification-center is-layout-flex wp-container-core-buttons-is-layout-16018d1d wp-block-buttons-is-layout-flex\">\n<div class=\"wp-block-button is-style-fill\"><a class=\"wp-block-button__link has-pflaume-background-color has-background wp-element-button\" href=\"https:\/\/www.sgb-fss.ch\/content\/uploads\/2023\/05\/qr_rechnung_fr.pdf\">Bulletin de versement avec code QR \u00e0 t\u00e9l\u00e9charger<\/a><\/div>\n<\/div>\n\n\n\n<div class=\"wp-block-group is-layout-flow wp-block-group-is-layout-flow\"><div class=\"block block-teasercontacts block-teasercontacts--boxed\" id=\"block_6fefec3708aa5d68c916e6c2198dc7eb\" data-block=\"Teaser Contacts\">\n    <div class=\"block-teasercontacts__header\"><p class=\"block-teasercontacts__title\">Vous avez des questions? Je me tiens volontiers \u00e0 votre disposition!<\/p><\/div>    <div class=\"block-teasercontacts__list\">\n                                        <div class=\"block-teasercontacts__item\">\n                <div class=\"block-teasercontacts__link\">\n                    <div class=\"block-teasercontacts__media\">\n                        <div class=\"block-teasercontacts__thumbnail accent__violet has-background-accent\">\n                                                              <div class=\"image block-teasercontacts__thumbnail-image\" >\n    <img decoding=\"async\"\n      loading=\"lazy\"\n      class=\"image__object lazyload\"\n      src=\"https:\/\/www.sgb-fss.ch\/content\/uploads\/2021\/06\/carmela-zumbach-1440x0-c-default.jpg\"       data-sizes=\"auto\"\n      data-srcset=\"https:\/\/www.sgb-fss.ch\/content\/uploads\/2021\/06\/carmela-zumbach-200x0-c-default.jpg 200w, https:\/\/www.sgb-fss.ch\/content\/uploads\/2021\/06\/carmela-zumbach-100x0-c-default.jpg 100w, \"\n      alt=\"\"\n      width=\"567\"\n      height=\"567\"\n            >\n  <\/div>\n                                                    <\/div>\n                    <\/div>\n                    <div class=\"block-teasercontacts__text\">\n                        <p class=\"block-teasercontacts__name\"><strong><a href=\"https:\/\/www.sgb-fss.ch\/fr\/team\/carmela-zumbach\/\">Carmela Zumbach<\/a><\/strong><\/p>\n                        <p class=\"block-teasercontacts__lead\">Fundraising et Formation professionnelle<\/p>                    <\/div>\n                    <div class=\"block-teasercontacts__contacts\">\n                                                    <p>\n                                                                <a class=\"wp-block-button is-style-transparent\" href=\"mailto:c.zumbach@sgb-fss.ch\"><span class=\"wp-block-button__link\"><i class=\"icon icon--mail\"><svg data-name=\"Ebene 1\" xmlns=\"http:\/\/www.w3.org\/2000\/svg\" viewBox=\"0 0 24 24\"><path d=\"M20.76 2.31H3.24A3.12 3.12 0 0 0 .12 5.43v13.14a3.12 3.12 0 0 0 3.12 3.12h17.52a3.12 3.12 0 0 0 3.12-3.12V5.43a3.12 3.12 0 0 0-3.12-3.12zM2.09 5a1.27 1.27 0 0 1 1.15-.78h17.52a1.24 1.24 0 0 1 1.11.74l.05.09-.09.06L12 12l-.07-.05-9.87-6.9zM22 18.57a1.26 1.26 0 0 1-1.26 1.27H3.24A1.27 1.27 0 0 1 2 18.57V7.21l9.5 6.69a.89.89 0 0 0 1 0L22 7.25z\"\/><\/svg><\/i><span class=\"wp-block-button__label\">c.zumbach@sgb-fss.ch<\/span><\/span><\/a>                                                            <\/p>\n                                            <\/div>\n                <\/div>\n            <\/div>\n                    <\/div>\n<\/div>\n<\/div>\n","protected":false},"excerpt":{"rendered":"<p>Votre don en m\u00e9moire d\u2019une personne d\u00e9c\u00e9d\u00e9e est un geste particulier de recueillement. Si [&hellip;]<\/p>\n","protected":false},"author":40,"featured_media":2403,"parent":9277,"menu_order":313,"comment_status":"closed","ping_status":"closed","template":"","meta":{"_acf_changed":false,"inline_featured_image":false,"footnotes":""},"class_list":["post-3844","page","type-page","status-publish","has-post-thumbnail","hentry"],"acf":[],"yoast_head":"<!-- This site is optimized with the Yoast SEO plugin v27.4 - https:\/\/yoast.com\/product\/yoast-seo-wordpress\/ -->\n<title>Dons en cas de deuil - SGB-FSS<\/title>\n<meta name=\"robots\" content=\"index, follow, max-snippet:-1, max-image-preview:large, max-video-preview:-1\" \/>\n<link rel=\"canonical\" href=\"https:\/\/www.sgb-fss.ch\/fr\/soutien\/dons-en-cas-de-deuil\/\" \/>\n<meta property=\"og:locale\" content=\"fr_FR\" \/>\n<meta property=\"og:type\" content=\"article\" \/>\n<meta property=\"og:title\" content=\"Dons en cas de deuil - SGB-FSS\" \/>\n<meta property=\"og:description\" content=\"Votre don en m\u00e9moire d\u2019une personne d\u00e9c\u00e9d\u00e9e est un geste particulier de recueillement. Si [&hellip;]\" \/>\n<meta property=\"og:url\" content=\"https:\/\/www.sgb-fss.ch\/fr\/soutien\/dons-en-cas-de-deuil\/\" \/>\n<meta property=\"og:site_name\" content=\"SGB-FSS\" \/>\n<meta property=\"article:modified_time\" content=\"2026-02-05T14:07:42+00:00\" \/>\n<meta property=\"og:image\" content=\"https:\/\/www.sgb-fss.ch\/content\/uploads\/2021\/04\/trauerspende_beitragsbild.jpg\" \/>\n\t<meta property=\"og:image:width\" content=\"540\" \/>\n\t<meta property=\"og:image:height\" content=\"330\" \/>\n\t<meta property=\"og:image:type\" content=\"image\/jpeg\" \/>\n<meta name=\"twitter:card\" content=\"summary_large_image\" \/>\n<meta name=\"twitter:label1\" content=\"Dur\u00e9e de lecture estim\u00e9e\" \/>\n\t<meta name=\"twitter:data1\" content=\"2 minutes\" \/>\n<script type=\"application\/ld+json\" class=\"yoast-schema-graph\">{\"@context\":\"https:\\\/\\\/schema.org\",\"@graph\":[{\"@type\":\"WebPage\",\"@id\":\"https:\\\/\\\/www.sgb-fss.ch\\\/fr\\\/soutien\\\/dons-en-cas-de-deuil\\\/\",\"url\":\"https:\\\/\\\/www.sgb-fss.ch\\\/fr\\\/soutien\\\/dons-en-cas-de-deuil\\\/\",\"name\":\"Dons en cas de deuil - SGB-FSS\",\"isPartOf\":{\"@id\":\"https:\\\/\\\/www.sgb-fss.ch\\\/de\\\/#website\"},\"primaryImageOfPage\":{\"@id\":\"https:\\\/\\\/www.sgb-fss.ch\\\/fr\\\/soutien\\\/dons-en-cas-de-deuil\\\/#primaryimage\"},\"image\":{\"@id\":\"https:\\\/\\\/www.sgb-fss.ch\\\/fr\\\/soutien\\\/dons-en-cas-de-deuil\\\/#primaryimage\"},\"thumbnailUrl\":\"https:\\\/\\\/www.sgb-fss.ch\\\/content\\\/uploads\\\/2021\\\/04\\\/trauerspende_beitragsbild.jpg\",\"datePublished\":\"2021-05-03T09:38:20+00:00\",\"dateModified\":\"2026-02-05T14:07:42+00:00\",\"breadcrumb\":{\"@id\":\"https:\\\/\\\/www.sgb-fss.ch\\\/fr\\\/soutien\\\/dons-en-cas-de-deuil\\\/#breadcrumb\"},\"inLanguage\":\"fr-FR\",\"potentialAction\":[{\"@type\":\"ReadAction\",\"target\":[\"https:\\\/\\\/www.sgb-fss.ch\\\/fr\\\/soutien\\\/dons-en-cas-de-deuil\\\/\"]}]},{\"@type\":\"ImageObject\",\"inLanguage\":\"fr-FR\",\"@id\":\"https:\\\/\\\/www.sgb-fss.ch\\\/fr\\\/soutien\\\/dons-en-cas-de-deuil\\\/#primaryimage\",\"url\":\"https:\\\/\\\/www.sgb-fss.ch\\\/content\\\/uploads\\\/2021\\\/04\\\/trauerspende_beitragsbild.jpg\",\"contentUrl\":\"https:\\\/\\\/www.sgb-fss.ch\\\/content\\\/uploads\\\/2021\\\/04\\\/trauerspende_beitragsbild.jpg\",\"width\":540,\"height\":330},{\"@type\":\"BreadcrumbList\",\"@id\":\"https:\\\/\\\/www.sgb-fss.ch\\\/fr\\\/soutien\\\/dons-en-cas-de-deuil\\\/#breadcrumb\",\"itemListElement\":[{\"@type\":\"ListItem\",\"position\":1,\"name\":\"Home\",\"item\":\"https:\\\/\\\/www.sgb-fss.ch\\\/fr\\\/\"},{\"@type\":\"ListItem\",\"position\":2,\"name\":\"Faire un don et offrir des chances\",\"item\":\"https:\\\/\\\/www.sgb-fss.ch\\\/fr\\\/soutien\\\/\"},{\"@type\":\"ListItem\",\"position\":3,\"name\":\"Dons en cas de deuil\"}]},{\"@type\":\"WebSite\",\"@id\":\"https:\\\/\\\/www.sgb-fss.ch\\\/de\\\/#website\",\"url\":\"https:\\\/\\\/www.sgb-fss.ch\\\/de\\\/\",\"name\":\"SGB-FSS\",\"description\":\"\",\"potentialAction\":[{\"@type\":\"SearchAction\",\"target\":{\"@type\":\"EntryPoint\",\"urlTemplate\":\"https:\\\/\\\/www.sgb-fss.ch\\\/de\\\/?s={search_term_string}\"},\"query-input\":{\"@type\":\"PropertyValueSpecification\",\"valueRequired\":true,\"valueName\":\"search_term_string\"}}],\"inLanguage\":\"fr-FR\"}]}<\/script>\n<!-- \/ Yoast SEO plugin. -->","yoast_head_json":{"title":"Dons en cas de deuil - SGB-FSS","robots":{"index":"index","follow":"follow","max-snippet":"max-snippet:-1","max-image-preview":"max-image-preview:large","max-video-preview":"max-video-preview:-1"},"canonical":"https:\/\/www.sgb-fss.ch\/fr\/soutien\/dons-en-cas-de-deuil\/","og_locale":"fr_FR","og_type":"article","og_title":"Dons en cas de deuil - SGB-FSS","og_description":"Votre don en m\u00e9moire d\u2019une personne d\u00e9c\u00e9d\u00e9e est un geste particulier de recueillement. Si [&hellip;]","og_url":"https:\/\/www.sgb-fss.ch\/fr\/soutien\/dons-en-cas-de-deuil\/","og_site_name":"SGB-FSS","article_modified_time":"2026-02-05T14:07:42+00:00","og_image":[{"width":540,"height":330,"url":"https:\/\/www.sgb-fss.ch\/content\/uploads\/2021\/04\/trauerspende_beitragsbild.jpg","type":"image\/jpeg"}],"twitter_card":"summary_large_image","twitter_misc":{"Dur\u00e9e de lecture estim\u00e9e":"2 minutes"},"schema":{"@context":"https:\/\/schema.org","@graph":[{"@type":"WebPage","@id":"https:\/\/www.sgb-fss.ch\/fr\/soutien\/dons-en-cas-de-deuil\/","url":"https:\/\/www.sgb-fss.ch\/fr\/soutien\/dons-en-cas-de-deuil\/","name":"Dons en cas de deuil - SGB-FSS","isPartOf":{"@id":"https:\/\/www.sgb-fss.ch\/de\/#website"},"primaryImageOfPage":{"@id":"https:\/\/www.sgb-fss.ch\/fr\/soutien\/dons-en-cas-de-deuil\/#primaryimage"},"image":{"@id":"https:\/\/www.sgb-fss.ch\/fr\/soutien\/dons-en-cas-de-deuil\/#primaryimage"},"thumbnailUrl":"https:\/\/www.sgb-fss.ch\/content\/uploads\/2021\/04\/trauerspende_beitragsbild.jpg","datePublished":"2021-05-03T09:38:20+00:00","dateModified":"2026-02-05T14:07:42+00:00","breadcrumb":{"@id":"https:\/\/www.sgb-fss.ch\/fr\/soutien\/dons-en-cas-de-deuil\/#breadcrumb"},"inLanguage":"fr-FR","potentialAction":[{"@type":"ReadAction","target":["https:\/\/www.sgb-fss.ch\/fr\/soutien\/dons-en-cas-de-deuil\/"]}]},{"@type":"ImageObject","inLanguage":"fr-FR","@id":"https:\/\/www.sgb-fss.ch\/fr\/soutien\/dons-en-cas-de-deuil\/#primaryimage","url":"https:\/\/www.sgb-fss.ch\/content\/uploads\/2021\/04\/trauerspende_beitragsbild.jpg","contentUrl":"https:\/\/www.sgb-fss.ch\/content\/uploads\/2021\/04\/trauerspende_beitragsbild.jpg","width":540,"height":330},{"@type":"BreadcrumbList","@id":"https:\/\/www.sgb-fss.ch\/fr\/soutien\/dons-en-cas-de-deuil\/#breadcrumb","itemListElement":[{"@type":"ListItem","position":1,"name":"Home","item":"https:\/\/www.sgb-fss.ch\/fr\/"},{"@type":"ListItem","position":2,"name":"Faire un don et offrir des chances","item":"https:\/\/www.sgb-fss.ch\/fr\/soutien\/"},{"@type":"ListItem","position":3,"name":"Dons en cas de deuil"}]},{"@type":"WebSite","@id":"https:\/\/www.sgb-fss.ch\/de\/#website","url":"https:\/\/www.sgb-fss.ch\/de\/","name":"SGB-FSS","description":"","potentialAction":[{"@type":"SearchAction","target":{"@type":"EntryPoint","urlTemplate":"https:\/\/www.sgb-fss.ch\/de\/?s={search_term_string}"},"query-input":{"@type":"PropertyValueSpecification","valueRequired":true,"valueName":"search_term_string"}}],"inLanguage":"fr-FR"}]}},"_links":{"self":[{"href":"https:\/\/www.sgb-fss.ch\/fr\/wp-json\/wp\/v2\/pages\/3844","targetHints":{"allow":["GET"]}}],"collection":[{"href":"https:\/\/www.sgb-fss.ch\/fr\/wp-json\/wp\/v2\/pages"}],"about":[{"href":"https:\/\/www.sgb-fss.ch\/fr\/wp-json\/wp\/v2\/types\/page"}],"author":[{"embeddable":true,"href":"https:\/\/www.sgb-fss.ch\/fr\/wp-json\/wp\/v2\/users\/40"}],"replies":[{"embeddable":true,"href":"https:\/\/www.sgb-fss.ch\/fr\/wp-json\/wp\/v2\/comments?post=3844"}],"version-history":[{"count":31,"href":"https:\/\/www.sgb-fss.ch\/fr\/wp-json\/wp\/v2\/pages\/3844\/revisions"}],"predecessor-version":[{"id":43723,"href":"https:\/\/www.sgb-fss.ch\/fr\/wp-json\/wp\/v2\/pages\/3844\/revisions\/43723"}],"up":[{"embeddable":true,"href":"https:\/\/www.sgb-fss.ch\/fr\/wp-json\/wp\/v2\/pages\/9277"}],"wp:featuredmedia":[{"embeddable":true,"href":"https:\/\/www.sgb-fss.ch\/fr\/wp-json\/wp\/v2\/media\/2403"}],"wp:attachment":[{"href":"https:\/\/www.sgb-fss.ch\/fr\/wp-json\/wp\/v2\/media?parent=3844"}],"curies":[{"name":"wp","href":"https:\/\/api.w.org\/{rel}","templated":true}]}}