{"id":3825,"date":"2021-05-03T11:06:39","date_gmt":"2021-05-03T09:06:39","guid":{"rendered":"https:\/\/www.sgb-fss.ch\/ihr-engagement\/faire-un-don\/parrainage-family-package\/"},"modified":"2025-11-26T13:53:36","modified_gmt":"2025-11-26T12:53:36","slug":"parrainage-de-la-famille","status":"publish","type":"page","link":"https:\/\/www.sgb-fss.ch\/fr\/soutien\/parrainage-de-la-famille\/","title":{"rendered":"Parrainage de la famille"},"content":{"rendered":"\n<p class=\"is-style-lead\">Avec votre \u00abFamily Package\u00bb, vous aidez \u00e0 rendre possibles diff\u00e9rentes offres sp\u00e9cialement destin\u00e9es aux familles avec des enfants sourds. Outre l&rsquo;apprentissage commun de la langue des signes, les familles dans une situation similaire peuvent r\u00e9guli\u00e8rement se mettre en r\u00e9seau et \u00e9changer leurs exp\u00e9riences.<\/p>\n\n\n\n<figure class=\"wp-block-image size-large\"><img loading=\"lazy\" decoding=\"async\" width=\"1024\" height=\"683\" src=\"https:\/\/www.sgb-fss.ch\/content\/uploads\/2023\/03\/bhp-3323-1024x683.jpg\" alt=\"\" class=\"wp-image-11547\" srcset=\"https:\/\/www.sgb-fss.ch\/content\/uploads\/2023\/03\/bhp-3323-1024x683.jpg 1024w, https:\/\/www.sgb-fss.ch\/content\/uploads\/2023\/03\/bhp-3323-300x200.jpg 300w, https:\/\/www.sgb-fss.ch\/content\/uploads\/2023\/03\/bhp-3323-150x100.jpg 150w, https:\/\/www.sgb-fss.ch\/content\/uploads\/2023\/03\/bhp-3323-768x512.jpg 768w, https:\/\/www.sgb-fss.ch\/content\/uploads\/2023\/03\/bhp-3323-1536x1024.jpg 1536w, https:\/\/www.sgb-fss.ch\/content\/uploads\/2023\/03\/bhp-3323-2048x1365.jpg 2048w, https:\/\/www.sgb-fss.ch\/content\/uploads\/2023\/03\/bhp-3323-600x400.jpg 600w\" sizes=\"auto, (max-width: 1024px) 100vw, 1024px\" \/><\/figure>\n\n\n\n<h3 class=\"wp-block-heading\"><strong>En quoi le \u00abFamily Package\u00bb est-il utile?<\/strong><\/h3>\n\n\n\n<p>Avec votre \u00abFamily Package\u00bb, vous aidez \u00e0 rendre possible diff\u00e9rentes offres sp\u00e9cialement pour les familles avec des enfants sourds. Avec \u00abRead to Deaf Kids\u00bb, la F\u00e9d\u00e9ration Suisse des Sourds a d\u00e9velopp\u00e9 un livre de contes en ligne en langue des signes qui soutient l&rsquo;acquisition bilingue de la langue par les enfants sourds. Notre lexique en langue des signes, unique en Suisse, qui peut \u00eatre compar\u00e9 au Duden pour la langue allemande parl\u00e9e, est \u00e9galement un projet que nous avons pu r\u00e9aliser gr\u00e2ce \u00e0 des dons.<\/p>\n\n\n\n<p class=\"is-style-lead\"><strong>Les avantages de votre \u00abFamily Package\u00bb<\/strong><\/p>\n\n\n\n<p>Votre contribution r\u00e9guli\u00e8re de parrainage est un signe de solidarit\u00e9 pour les familles ayant un enfant sourd.<\/p>\n\n\n\n<ul class=\"wp-block-list\">\n<li>La contribution de parrainage est d\u00e9ductible des imp\u00f4ts.<\/li>\n\n\n\n<li>Un parrainage \u00abFamily Package\u00bb est possible \u00e0 partir de 240 francs.<\/li>\n<\/ul>\n\n\n\n<div class=\"wp-block-group is-layout-flow wp-block-group-is-layout-flow\">\n<div class=\"wp-block-columns is-layout-flex wp-container-core-columns-is-layout-9d6595d7 wp-block-columns-is-layout-flex\">\n<div class=\"wp-block-column is-vertically-aligned-center has-sgb-fss-rot-50-background-color has-background is-layout-flow wp-block-column-is-layout-flow\">\n<h4 class=\"wp-block-heading has-text-align-center\">Vous souhaitez de plus amples informations?<\/h4>\n\n\n\n<div class=\"wp-block-buttons is-content-justification-center is-layout-flex wp-container-core-buttons-is-layout-16018d1d wp-block-buttons-is-layout-flex\">\n<div class=\"wp-block-button\"><a class=\"wp-block-button__link has-sgb-fss-rot-background-color has-background wp-element-button\" href=\"https:\/\/www.sgb-fss.ch\/content\/uploads\/2023\/10\/faltblatt-family-package-f.pdf\">Brochure d\u2019information<\/a><\/div>\n<\/div>\n<\/div>\n\n\n\n<div class=\"wp-block-column is-vertically-aligned-center has-sgb-fss-rot-15-background-color has-background is-layout-flow wp-block-column-is-layout-flow\">\n<h4 class=\"wp-block-heading has-text-align-center\"><strong>Oui, je veux assumer un parrainage!<\/strong><\/h4>\n\n\n\n<div class=\"wp-block-buttons is-content-justification-center is-layout-flex wp-container-core-buttons-is-layout-16018d1d wp-block-buttons-is-layout-flex\">\n<div class=\"wp-block-button\"><a class=\"wp-block-button__link has-sgb-fss-rot-background-color has-background wp-element-button\" href=\"https:\/\/www.sgb-fss.ch\/content\/uploads\/2023\/06\/lsv-formular-patenschaft-familie-f.pdf\">Cliquez ici pour vous inscrire<\/a><\/div>\n<\/div>\n<\/div>\n<\/div>\n<\/div>\n\n\n\n<h3 class=\"wp-block-heading\">Pourquoi la langue des signes est-elle si centrale?<\/h3>\n\n\n\n<p>Imaginez un couple d&rsquo;entendants qui donne naissance \u00e0 un enfant sourd. Ce n&rsquo;est qu&rsquo;apr\u00e8s quelques mois qu&rsquo;ils apprennent que leur enfant est sourd. Comment communiquent-ils avec lui lorsqu&rsquo;il pleure? Comment la famille g\u00e8re-t-elle cette nouvelle situation? La langue des signes est une langue qui aide toute la famille \u00e0 communiquer et qui \u00e9vite l&rsquo;isolement de l&rsquo;enfant.<\/p>\n\n\n\n<blockquote class=\"wp-block-quote has-sgb-fss-rot-background-color has-background is-layout-flow wp-block-quote-is-layout-flow\">\n<p>Nous avons \u00e9t\u00e9 tr\u00e8s soulag\u00e9s de voir le changement que la langue des signes a apport\u00e9 chez Jenny et pour toute la famille.<\/p>\n<cite>Steffi Zb\u00e4ren, m\u00e8re de Jenny, sourde de naissance<\/cite><\/blockquote>\n\n\n\n<div class=\"wp-block-group is-layout-flow wp-block-group-is-layout-flow\"><div class=\"block block-teasercontacts block-teasercontacts--boxed\" id=\"block_b08b7d727ecbd2c09cf40b184f637f68\" data-block=\"Teaser Contacts\">\n    <div class=\"block-teasercontacts__header\"><p class=\"block-teasercontacts__title\">Des questions sur Parrainage de la famille? Je vous r\u00e9pondrai volontiers.<\/p><\/div>    <div class=\"block-teasercontacts__list\">\n                                        <div class=\"block-teasercontacts__item\">\n                <div class=\"block-teasercontacts__link\">\n                    <div class=\"block-teasercontacts__media\">\n                        <div class=\"block-teasercontacts__thumbnail accent__darkred has-background-accent\">\n                                                              <div class=\"image block-teasercontacts__thumbnail-image\" >\n    <img decoding=\"async\"\n      loading=\"lazy\"\n      class=\"image__object lazyload\"\n      src=\"https:\/\/www.sgb-fss.ch\/content\/uploads\/2021\/06\/angela-hartmann-1440x0-c-default.jpg\"       data-sizes=\"auto\"\n      data-srcset=\"https:\/\/www.sgb-fss.ch\/content\/uploads\/2021\/06\/angela-hartmann-200x0-c-default.jpg 200w, https:\/\/www.sgb-fss.ch\/content\/uploads\/2021\/06\/angela-hartmann-100x0-c-default.jpg 100w, \"\n      alt=\"\"\n      width=\"567\"\n      height=\"567\"\n            >\n  <\/div>\n                                                    <\/div>\n                    <\/div>\n                    <div class=\"block-teasercontacts__text\">\n                        <p class=\"block-teasercontacts__name\"><strong><a href=\"https:\/\/www.sgb-fss.ch\/fr\/team\/angela-hartmann\/\">Angela Hartmann<\/a><\/strong><\/p>\n                        <p class=\"block-teasercontacts__lead\">Fundraising<\/p>                    <\/div>\n                    <div class=\"block-teasercontacts__contacts\">\n                                                    <p>\n                                                                <a class=\"wp-block-button is-style-transparent\" href=\"mailto:a.hartmann@sgb-fss.ch\"><span class=\"wp-block-button__link\"><i class=\"icon icon--mail\"><svg data-name=\"Ebene 1\" xmlns=\"http:\/\/www.w3.org\/2000\/svg\" viewBox=\"0 0 24 24\"><path d=\"M20.76 2.31H3.24A3.12 3.12 0 0 0 .12 5.43v13.14a3.12 3.12 0 0 0 3.12 3.12h17.52a3.12 3.12 0 0 0 3.12-3.12V5.43a3.12 3.12 0 0 0-3.12-3.12zM2.09 5a1.27 1.27 0 0 1 1.15-.78h17.52a1.24 1.24 0 0 1 1.11.74l.05.09-.09.06L12 12l-.07-.05-9.87-6.9zM22 18.57a1.26 1.26 0 0 1-1.26 1.27H3.24A1.27 1.27 0 0 1 2 18.57V7.21l9.5 6.69a.89.89 0 0 0 1 0L22 7.25z\"\/><\/svg><\/i><span class=\"wp-block-button__label\">a.hartmann@sgb-fss.ch<\/span><\/span><\/a>                                                            <\/p>\n                                            <\/div>\n                <\/div>\n            <\/div>\n                    <\/div>\n<\/div>\n<\/div>\n\n\n\n<div class=\"wp-block-group is-style-default has-sgb-fss-rot-15-background-color has-background is-layout-flow wp-block-group-is-layout-flow\">\n<h2 class=\"wp-block-heading has-sgb-fss-rot-color has-text-color\">Les autres possibilit\u00e9s d\u2019aider les personnes sourdes<\/h2>\n\n\n<div class=\"block block-teaserpages\" id=\"block_0dd95a9f8bc1927035f1ff8c9732e8b2\" data-block=\"Teaser Pages\">\n  <ul class=\"block-teaserpages__list\">\n            <li class=\"block-teaserpages__item\">\n        <a class=\"accent teaserpage\" href=\"https:\/\/www.sgb-fss.ch\/fr\/soutien\/membres-donateurs\/\">\n  <div class=\"teaserpage__thumbnail\">\n            <div class=\"image teaserpage__thumbnail-image\" >\n    <img decoding=\"async\"\n      loading=\"lazy\"\n      class=\"image__object lazyload\"\n      src=\"https:\/\/www.sgb-fss.ch\/content\/uploads\/2023\/08\/istock-1455661957-scaled-1440x0-c-default.jpg\"       data-sizes=\"auto\"\n      data-srcset=\"https:\/\/www.sgb-fss.ch\/content\/uploads\/2023\/08\/istock-1455661957-scaled-1000x0-c-default.jpg 1000w, https:\/\/www.sgb-fss.ch\/content\/uploads\/2023\/08\/istock-1455661957-scaled-700x0-c-default.jpg 700w, https:\/\/www.sgb-fss.ch\/content\/uploads\/2023\/08\/istock-1455661957-scaled-350x0-c-default.jpg 350w, \"\n      alt=\"\"\n      width=\"2560\"\n      height=\"1416\"\n            >\n  <\/div>\n      <\/div>\n  <h3 class=\"teaserpage__title\">Membres donateurs<\/h3>\n  <p class=\"teaserpage__lead\">Par votre contribution r\u00e9guli\u00e8re en tant que membre bienfaiteur, vous soutenez des projets durables pour les personnes sourdes en Suisse et nous permettez de renforcer les familles dont les enfants sont atteints de cette maladie, en leur permettant de participer \u00e0 la vie sociale et professionnelle sur un pied d&rsquo;\u00e9galit\u00e9.<\/p>  <\/a>\n      <\/li>\n    <\/ul>\n<\/div>\n<\/div>\n","protected":false},"excerpt":{"rendered":"<p>Avec votre \u00abFamily Package\u00bb, vous aidez \u00e0 rendre possibles diff\u00e9rentes offres sp\u00e9cialement destin\u00e9es aux [&hellip;]<\/p>\n","protected":false},"author":40,"featured_media":25321,"parent":9277,"menu_order":310,"comment_status":"closed","ping_status":"closed","template":"","meta":{"_acf_changed":false,"inline_featured_image":false,"footnotes":""},"class_list":["post-3825","page","type-page","status-publish","has-post-thumbnail","hentry"],"acf":[],"yoast_head":"<!-- This site is optimized with the Yoast SEO plugin v27.4 - https:\/\/yoast.com\/product\/yoast-seo-wordpress\/ -->\n<title>Parrainage de la famille - SGB-FSS<\/title>\n<meta name=\"robots\" content=\"index, follow, max-snippet:-1, max-image-preview:large, max-video-preview:-1\" \/>\n<link rel=\"canonical\" href=\"https:\/\/www.sgb-fss.ch\/fr\/soutien\/parrainage-de-la-famille\/\" \/>\n<meta property=\"og:locale\" content=\"fr_FR\" \/>\n<meta property=\"og:type\" content=\"article\" \/>\n<meta property=\"og:title\" content=\"Parrainage de la famille - SGB-FSS\" \/>\n<meta property=\"og:description\" content=\"Avec votre \u00abFamily Package\u00bb, vous aidez \u00e0 rendre possibles diff\u00e9rentes offres sp\u00e9cialement destin\u00e9es aux [&hellip;]\" \/>\n<meta property=\"og:url\" content=\"https:\/\/www.sgb-fss.ch\/fr\/soutien\/parrainage-de-la-famille\/\" \/>\n<meta property=\"og:site_name\" content=\"SGB-FSS\" \/>\n<meta property=\"article:modified_time\" content=\"2025-11-26T12:53:36+00:00\" \/>\n<meta property=\"og:image\" content=\"https:\/\/www.sgb-fss.ch\/content\/uploads\/2023\/09\/fam.jpg\" \/>\n\t<meta property=\"og:image:width\" content=\"672\" \/>\n\t<meta property=\"og:image:height\" content=\"457\" \/>\n\t<meta property=\"og:image:type\" content=\"image\/jpeg\" \/>\n<meta name=\"twitter:card\" content=\"summary_large_image\" \/>\n<meta name=\"twitter:label1\" content=\"Dur\u00e9e de lecture estim\u00e9e\" \/>\n\t<meta name=\"twitter:data1\" content=\"2 minutes\" \/>\n<script type=\"application\/ld+json\" class=\"yoast-schema-graph\">{\"@context\":\"https:\\\/\\\/schema.org\",\"@graph\":[{\"@type\":\"WebPage\",\"@id\":\"https:\\\/\\\/www.sgb-fss.ch\\\/fr\\\/soutien\\\/parrainage-de-la-famille\\\/\",\"url\":\"https:\\\/\\\/www.sgb-fss.ch\\\/fr\\\/soutien\\\/parrainage-de-la-famille\\\/\",\"name\":\"Parrainage de la famille - SGB-FSS\",\"isPartOf\":{\"@id\":\"https:\\\/\\\/www.sgb-fss.ch\\\/de\\\/#website\"},\"primaryImageOfPage\":{\"@id\":\"https:\\\/\\\/www.sgb-fss.ch\\\/fr\\\/soutien\\\/parrainage-de-la-famille\\\/#primaryimage\"},\"image\":{\"@id\":\"https:\\\/\\\/www.sgb-fss.ch\\\/fr\\\/soutien\\\/parrainage-de-la-famille\\\/#primaryimage\"},\"thumbnailUrl\":\"https:\\\/\\\/www.sgb-fss.ch\\\/content\\\/uploads\\\/2023\\\/09\\\/fam.jpg\",\"datePublished\":\"2021-05-03T09:06:39+00:00\",\"dateModified\":\"2025-11-26T12:53:36+00:00\",\"breadcrumb\":{\"@id\":\"https:\\\/\\\/www.sgb-fss.ch\\\/fr\\\/soutien\\\/parrainage-de-la-famille\\\/#breadcrumb\"},\"inLanguage\":\"fr-FR\",\"potentialAction\":[{\"@type\":\"ReadAction\",\"target\":[\"https:\\\/\\\/www.sgb-fss.ch\\\/fr\\\/soutien\\\/parrainage-de-la-famille\\\/\"]}]},{\"@type\":\"ImageObject\",\"inLanguage\":\"fr-FR\",\"@id\":\"https:\\\/\\\/www.sgb-fss.ch\\\/fr\\\/soutien\\\/parrainage-de-la-famille\\\/#primaryimage\",\"url\":\"https:\\\/\\\/www.sgb-fss.ch\\\/content\\\/uploads\\\/2023\\\/09\\\/fam.jpg\",\"contentUrl\":\"https:\\\/\\\/www.sgb-fss.ch\\\/content\\\/uploads\\\/2023\\\/09\\\/fam.jpg\",\"width\":672,\"height\":457},{\"@type\":\"BreadcrumbList\",\"@id\":\"https:\\\/\\\/www.sgb-fss.ch\\\/fr\\\/soutien\\\/parrainage-de-la-famille\\\/#breadcrumb\",\"itemListElement\":[{\"@type\":\"ListItem\",\"position\":1,\"name\":\"Home\",\"item\":\"https:\\\/\\\/www.sgb-fss.ch\\\/fr\\\/\"},{\"@type\":\"ListItem\",\"position\":2,\"name\":\"Faire un don et offrir des chances\",\"item\":\"https:\\\/\\\/www.sgb-fss.ch\\\/fr\\\/soutien\\\/\"},{\"@type\":\"ListItem\",\"position\":3,\"name\":\"Parrainage de la famille\"}]},{\"@type\":\"WebSite\",\"@id\":\"https:\\\/\\\/www.sgb-fss.ch\\\/de\\\/#website\",\"url\":\"https:\\\/\\\/www.sgb-fss.ch\\\/de\\\/\",\"name\":\"SGB-FSS\",\"description\":\"\",\"potentialAction\":[{\"@type\":\"SearchAction\",\"target\":{\"@type\":\"EntryPoint\",\"urlTemplate\":\"https:\\\/\\\/www.sgb-fss.ch\\\/de\\\/?s={search_term_string}\"},\"query-input\":{\"@type\":\"PropertyValueSpecification\",\"valueRequired\":true,\"valueName\":\"search_term_string\"}}],\"inLanguage\":\"fr-FR\"}]}<\/script>\n<!-- \/ Yoast SEO plugin. -->","yoast_head_json":{"title":"Parrainage de la famille - SGB-FSS","robots":{"index":"index","follow":"follow","max-snippet":"max-snippet:-1","max-image-preview":"max-image-preview:large","max-video-preview":"max-video-preview:-1"},"canonical":"https:\/\/www.sgb-fss.ch\/fr\/soutien\/parrainage-de-la-famille\/","og_locale":"fr_FR","og_type":"article","og_title":"Parrainage de la famille - SGB-FSS","og_description":"Avec votre \u00abFamily Package\u00bb, vous aidez \u00e0 rendre possibles diff\u00e9rentes offres sp\u00e9cialement destin\u00e9es aux [&hellip;]","og_url":"https:\/\/www.sgb-fss.ch\/fr\/soutien\/parrainage-de-la-famille\/","og_site_name":"SGB-FSS","article_modified_time":"2025-11-26T12:53:36+00:00","og_image":[{"width":672,"height":457,"url":"https:\/\/www.sgb-fss.ch\/content\/uploads\/2023\/09\/fam.jpg","type":"image\/jpeg"}],"twitter_card":"summary_large_image","twitter_misc":{"Dur\u00e9e de lecture estim\u00e9e":"2 minutes"},"schema":{"@context":"https:\/\/schema.org","@graph":[{"@type":"WebPage","@id":"https:\/\/www.sgb-fss.ch\/fr\/soutien\/parrainage-de-la-famille\/","url":"https:\/\/www.sgb-fss.ch\/fr\/soutien\/parrainage-de-la-famille\/","name":"Parrainage de la famille - SGB-FSS","isPartOf":{"@id":"https:\/\/www.sgb-fss.ch\/de\/#website"},"primaryImageOfPage":{"@id":"https:\/\/www.sgb-fss.ch\/fr\/soutien\/parrainage-de-la-famille\/#primaryimage"},"image":{"@id":"https:\/\/www.sgb-fss.ch\/fr\/soutien\/parrainage-de-la-famille\/#primaryimage"},"thumbnailUrl":"https:\/\/www.sgb-fss.ch\/content\/uploads\/2023\/09\/fam.jpg","datePublished":"2021-05-03T09:06:39+00:00","dateModified":"2025-11-26T12:53:36+00:00","breadcrumb":{"@id":"https:\/\/www.sgb-fss.ch\/fr\/soutien\/parrainage-de-la-famille\/#breadcrumb"},"inLanguage":"fr-FR","potentialAction":[{"@type":"ReadAction","target":["https:\/\/www.sgb-fss.ch\/fr\/soutien\/parrainage-de-la-famille\/"]}]},{"@type":"ImageObject","inLanguage":"fr-FR","@id":"https:\/\/www.sgb-fss.ch\/fr\/soutien\/parrainage-de-la-famille\/#primaryimage","url":"https:\/\/www.sgb-fss.ch\/content\/uploads\/2023\/09\/fam.jpg","contentUrl":"https:\/\/www.sgb-fss.ch\/content\/uploads\/2023\/09\/fam.jpg","width":672,"height":457},{"@type":"BreadcrumbList","@id":"https:\/\/www.sgb-fss.ch\/fr\/soutien\/parrainage-de-la-famille\/#breadcrumb","itemListElement":[{"@type":"ListItem","position":1,"name":"Home","item":"https:\/\/www.sgb-fss.ch\/fr\/"},{"@type":"ListItem","position":2,"name":"Faire un don et offrir des chances","item":"https:\/\/www.sgb-fss.ch\/fr\/soutien\/"},{"@type":"ListItem","position":3,"name":"Parrainage de la famille"}]},{"@type":"WebSite","@id":"https:\/\/www.sgb-fss.ch\/de\/#website","url":"https:\/\/www.sgb-fss.ch\/de\/","name":"SGB-FSS","description":"","potentialAction":[{"@type":"SearchAction","target":{"@type":"EntryPoint","urlTemplate":"https:\/\/www.sgb-fss.ch\/de\/?s={search_term_string}"},"query-input":{"@type":"PropertyValueSpecification","valueRequired":true,"valueName":"search_term_string"}}],"inLanguage":"fr-FR"}]}},"_links":{"self":[{"href":"https:\/\/www.sgb-fss.ch\/fr\/wp-json\/wp\/v2\/pages\/3825","targetHints":{"allow":["GET"]}}],"collection":[{"href":"https:\/\/www.sgb-fss.ch\/fr\/wp-json\/wp\/v2\/pages"}],"about":[{"href":"https:\/\/www.sgb-fss.ch\/fr\/wp-json\/wp\/v2\/types\/page"}],"author":[{"embeddable":true,"href":"https:\/\/www.sgb-fss.ch\/fr\/wp-json\/wp\/v2\/users\/40"}],"replies":[{"embeddable":true,"href":"https:\/\/www.sgb-fss.ch\/fr\/wp-json\/wp\/v2\/comments?post=3825"}],"version-history":[{"count":65,"href":"https:\/\/www.sgb-fss.ch\/fr\/wp-json\/wp\/v2\/pages\/3825\/revisions"}],"predecessor-version":[{"id":42139,"href":"https:\/\/www.sgb-fss.ch\/fr\/wp-json\/wp\/v2\/pages\/3825\/revisions\/42139"}],"up":[{"embeddable":true,"href":"https:\/\/www.sgb-fss.ch\/fr\/wp-json\/wp\/v2\/pages\/9277"}],"wp:featuredmedia":[{"embeddable":true,"href":"https:\/\/www.sgb-fss.ch\/fr\/wp-json\/wp\/v2\/media\/25321"}],"wp:attachment":[{"href":"https:\/\/www.sgb-fss.ch\/fr\/wp-json\/wp\/v2\/media?parent=3825"}],"curies":[{"name":"wp","href":"https:\/\/api.w.org\/{rel}","templated":true}]}}