{"id":3818,"date":"2021-05-03T10:59:54","date_gmt":"2021-05-03T08:59:54","guid":{"rendered":"https:\/\/www.sgb-fss.ch\/ihr-engagement\/faire-un-don\/faire-un-don-maintenant\/"},"modified":"2025-10-01T14:55:13","modified_gmt":"2025-10-01T12:55:13","slug":"faire-un-don-maintenant","status":"publish","type":"page","link":"https:\/\/www.sgb-fss.ch\/fr\/soutien\/faire-un-don-maintenant\/","title":{"rendered":"Votre don pour une r\u00e9elle \u00e9galit\u00e9 des chances"},"content":{"rendered":"\n<p class=\"is-style-lead\">Par votre contribution, vous encouragez les droits et les chances des personnes sourdes et malentendantes en Suisse. Chaque don nous permet de r\u00e9aliser de nombreux projets de promotion de la langue des signes et de sa communaut\u00e9. Merci de tout c\u0153ur\u00a0!<\/p>\n\n\n<div class=\"block block-raisenow\" data-block=\"RaiseNow Form\">\n  <div class=\"rnw-widget-container\"><\/div>\n  <script src=\"https:\/\/tamaro.raisenow.com\/sgb-fss-ch\/latest\/widget.js\"><\/script>\n  <script>\n    console.log('eventhandler code loaded.')\n\n    window.rnw.tamaro.events.paymentComplete.subscribe(function(event) {\n\t\n      let transaction = event.data.api.transactionInfo;\n\t  console.log(\"transaction info object \", transaction)\t  \n\t  \n      let frequency = \"single\";\n\n      if(transaction.hasOwnProperty(\"stored_rnw_recurring_interval_name\")) {\n        frequency = transaction.stored_rnw_recurring_interval_name;\n      }\n\n      window.dataLayer.push({\n        event: 'purchase',\n        ecommerce: {\n          transaction_id: transaction.epp_transaction_id,\n          value: transaction.amount,\n          currency: transaction.currency,\n          items: [\n            {\n              item_name: \"raisenow\",\n              item_category: frequency,\n              price: transaction.amount,\n              quantity: 1\n            }\n          ]\n        }\n      });\n\n      console.log('purchase sent.')\n\t\n\t});\n\n\twindow.rnw.tamaro.runWidget('.rnw-widget-container', {\n\t\tlanguage: 'fr'\n\t})\n  <\/script>\n<\/div>\n\n\n\n<p>Votre don sera utilis\u00e9 l\u00e0 o\u00f9 il est le plus n\u00e9cessaire.<\/p>\n\n\n\n<p><\/p>\n","protected":false},"excerpt":{"rendered":"<p>Par votre contribution, vous encouragez les droits et les chances des personnes sourdes et [&hellip;]<\/p>\n","protected":false},"author":40,"featured_media":0,"parent":9277,"menu_order":0,"comment_status":"closed","ping_status":"closed","template":"","meta":{"_acf_changed":false,"inline_featured_image":false,"footnotes":""},"class_list":["post-3818","page","type-page","status-publish","hentry"],"acf":[],"yoast_head":"<!-- This site is optimized with the Yoast SEO plugin v27.4 - https:\/\/yoast.com\/product\/yoast-seo-wordpress\/ -->\n<title>Votre don pour une r\u00e9elle \u00e9galit\u00e9 des chances - SGB-FSS<\/title>\n<meta name=\"robots\" content=\"index, follow, max-snippet:-1, max-image-preview:large, max-video-preview:-1\" \/>\n<link rel=\"canonical\" href=\"https:\/\/www.sgb-fss.ch\/fr\/soutien\/faire-un-don-maintenant\/\" \/>\n<meta property=\"og:locale\" content=\"fr_FR\" \/>\n<meta property=\"og:type\" content=\"article\" \/>\n<meta property=\"og:title\" content=\"Votre don pour une r\u00e9elle \u00e9galit\u00e9 des chances - SGB-FSS\" \/>\n<meta property=\"og:description\" content=\"Par votre contribution, vous encouragez les droits et les chances des personnes sourdes et [&hellip;]\" \/>\n<meta property=\"og:url\" content=\"https:\/\/www.sgb-fss.ch\/fr\/soutien\/faire-un-don-maintenant\/\" \/>\n<meta property=\"og:site_name\" content=\"SGB-FSS\" \/>\n<meta property=\"article:modified_time\" content=\"2025-10-01T12:55:13+00:00\" \/>\n<meta name=\"twitter:card\" content=\"summary_large_image\" \/>\n<meta name=\"twitter:label1\" content=\"Dur\u00e9e de lecture estim\u00e9e\" \/>\n\t<meta name=\"twitter:data1\" content=\"1 minute\" \/>\n<script type=\"application\/ld+json\" class=\"yoast-schema-graph\">{\"@context\":\"https:\\\/\\\/schema.org\",\"@graph\":[{\"@type\":\"WebPage\",\"@id\":\"https:\\\/\\\/www.sgb-fss.ch\\\/fr\\\/soutien\\\/faire-un-don-maintenant\\\/\",\"url\":\"https:\\\/\\\/www.sgb-fss.ch\\\/fr\\\/soutien\\\/faire-un-don-maintenant\\\/\",\"name\":\"Votre don pour une r\u00e9elle \u00e9galit\u00e9 des chances - SGB-FSS\",\"isPartOf\":{\"@id\":\"https:\\\/\\\/www.sgb-fss.ch\\\/de\\\/#website\"},\"datePublished\":\"2021-05-03T08:59:54+00:00\",\"dateModified\":\"2025-10-01T12:55:13+00:00\",\"breadcrumb\":{\"@id\":\"https:\\\/\\\/www.sgb-fss.ch\\\/fr\\\/soutien\\\/faire-un-don-maintenant\\\/#breadcrumb\"},\"inLanguage\":\"fr-FR\",\"potentialAction\":[{\"@type\":\"ReadAction\",\"target\":[\"https:\\\/\\\/www.sgb-fss.ch\\\/fr\\\/soutien\\\/faire-un-don-maintenant\\\/\"]}]},{\"@type\":\"BreadcrumbList\",\"@id\":\"https:\\\/\\\/www.sgb-fss.ch\\\/fr\\\/soutien\\\/faire-un-don-maintenant\\\/#breadcrumb\",\"itemListElement\":[{\"@type\":\"ListItem\",\"position\":1,\"name\":\"Home\",\"item\":\"https:\\\/\\\/www.sgb-fss.ch\\\/fr\\\/\"},{\"@type\":\"ListItem\",\"position\":2,\"name\":\"Faire un don et offrir des chances\",\"item\":\"https:\\\/\\\/www.sgb-fss.ch\\\/fr\\\/soutien\\\/\"},{\"@type\":\"ListItem\",\"position\":3,\"name\":\"Votre don pour une r\u00e9elle \u00e9galit\u00e9 des chances\"}]},{\"@type\":\"WebSite\",\"@id\":\"https:\\\/\\\/www.sgb-fss.ch\\\/de\\\/#website\",\"url\":\"https:\\\/\\\/www.sgb-fss.ch\\\/de\\\/\",\"name\":\"SGB-FSS\",\"description\":\"\",\"potentialAction\":[{\"@type\":\"SearchAction\",\"target\":{\"@type\":\"EntryPoint\",\"urlTemplate\":\"https:\\\/\\\/www.sgb-fss.ch\\\/de\\\/?s={search_term_string}\"},\"query-input\":{\"@type\":\"PropertyValueSpecification\",\"valueRequired\":true,\"valueName\":\"search_term_string\"}}],\"inLanguage\":\"fr-FR\"}]}<\/script>\n<!-- \/ Yoast SEO plugin. -->","yoast_head_json":{"title":"Votre don pour une r\u00e9elle \u00e9galit\u00e9 des chances - SGB-FSS","robots":{"index":"index","follow":"follow","max-snippet":"max-snippet:-1","max-image-preview":"max-image-preview:large","max-video-preview":"max-video-preview:-1"},"canonical":"https:\/\/www.sgb-fss.ch\/fr\/soutien\/faire-un-don-maintenant\/","og_locale":"fr_FR","og_type":"article","og_title":"Votre don pour une r\u00e9elle \u00e9galit\u00e9 des chances - SGB-FSS","og_description":"Par votre contribution, vous encouragez les droits et les chances des personnes sourdes et [&hellip;]","og_url":"https:\/\/www.sgb-fss.ch\/fr\/soutien\/faire-un-don-maintenant\/","og_site_name":"SGB-FSS","article_modified_time":"2025-10-01T12:55:13+00:00","twitter_card":"summary_large_image","twitter_misc":{"Dur\u00e9e de lecture estim\u00e9e":"1 minute"},"schema":{"@context":"https:\/\/schema.org","@graph":[{"@type":"WebPage","@id":"https:\/\/www.sgb-fss.ch\/fr\/soutien\/faire-un-don-maintenant\/","url":"https:\/\/www.sgb-fss.ch\/fr\/soutien\/faire-un-don-maintenant\/","name":"Votre don pour une r\u00e9elle \u00e9galit\u00e9 des chances - SGB-FSS","isPartOf":{"@id":"https:\/\/www.sgb-fss.ch\/de\/#website"},"datePublished":"2021-05-03T08:59:54+00:00","dateModified":"2025-10-01T12:55:13+00:00","breadcrumb":{"@id":"https:\/\/www.sgb-fss.ch\/fr\/soutien\/faire-un-don-maintenant\/#breadcrumb"},"inLanguage":"fr-FR","potentialAction":[{"@type":"ReadAction","target":["https:\/\/www.sgb-fss.ch\/fr\/soutien\/faire-un-don-maintenant\/"]}]},{"@type":"BreadcrumbList","@id":"https:\/\/www.sgb-fss.ch\/fr\/soutien\/faire-un-don-maintenant\/#breadcrumb","itemListElement":[{"@type":"ListItem","position":1,"name":"Home","item":"https:\/\/www.sgb-fss.ch\/fr\/"},{"@type":"ListItem","position":2,"name":"Faire un don et offrir des chances","item":"https:\/\/www.sgb-fss.ch\/fr\/soutien\/"},{"@type":"ListItem","position":3,"name":"Votre don pour une r\u00e9elle \u00e9galit\u00e9 des chances"}]},{"@type":"WebSite","@id":"https:\/\/www.sgb-fss.ch\/de\/#website","url":"https:\/\/www.sgb-fss.ch\/de\/","name":"SGB-FSS","description":"","potentialAction":[{"@type":"SearchAction","target":{"@type":"EntryPoint","urlTemplate":"https:\/\/www.sgb-fss.ch\/de\/?s={search_term_string}"},"query-input":{"@type":"PropertyValueSpecification","valueRequired":true,"valueName":"search_term_string"}}],"inLanguage":"fr-FR"}]}},"_links":{"self":[{"href":"https:\/\/www.sgb-fss.ch\/fr\/wp-json\/wp\/v2\/pages\/3818","targetHints":{"allow":["GET"]}}],"collection":[{"href":"https:\/\/www.sgb-fss.ch\/fr\/wp-json\/wp\/v2\/pages"}],"about":[{"href":"https:\/\/www.sgb-fss.ch\/fr\/wp-json\/wp\/v2\/types\/page"}],"author":[{"embeddable":true,"href":"https:\/\/www.sgb-fss.ch\/fr\/wp-json\/wp\/v2\/users\/40"}],"replies":[{"embeddable":true,"href":"https:\/\/www.sgb-fss.ch\/fr\/wp-json\/wp\/v2\/comments?post=3818"}],"version-history":[{"count":2,"href":"https:\/\/www.sgb-fss.ch\/fr\/wp-json\/wp\/v2\/pages\/3818\/revisions"}],"predecessor-version":[{"id":41016,"href":"https:\/\/www.sgb-fss.ch\/fr\/wp-json\/wp\/v2\/pages\/3818\/revisions\/41016"}],"up":[{"embeddable":true,"href":"https:\/\/www.sgb-fss.ch\/fr\/wp-json\/wp\/v2\/pages\/9277"}],"wp:attachment":[{"href":"https:\/\/www.sgb-fss.ch\/fr\/wp-json\/wp\/v2\/media?parent=3818"}],"curies":[{"name":"wp","href":"https:\/\/api.w.org\/{rel}","templated":true}]}}