{"id":35662,"date":"2024-10-08T14:57:32","date_gmt":"2024-10-08T12:57:32","guid":{"rendered":"https:\/\/www.sgb-fss.ch\/?page_id=35662"},"modified":"2024-10-08T15:01:48","modified_gmt":"2024-10-08T13:01:48","slug":"conditions-dutilisation","status":"publish","type":"page","link":"https:\/\/www.sgb-fss.ch\/fr\/conditions-dutilisation\/","title":{"rendered":"Conditions d\u2019utilisation"},"content":{"rendered":"\n<h2 class=\"wp-block-heading\"><strong>Propri\u00e9t\u00e9 et droits d\u2019utilisation<\/strong><\/h2>\n\n\n\n<p>Les contenus du site Internet et, en particulier, les vid\u00e9os en langue des signes sont la propri\u00e9t\u00e9 de la F\u00e9d\u00e9ration suisse des sourds (SGB-FSS) et sont prot\u00e9g\u00e9s par les droits d\u2019auteur. Sauf accord \u00e9crit pr\u00e9alable de la SGB-FSS, les vid\u00e9os ne peuvent \u00eatre modifi\u00e9es, transmises, diffus\u00e9es, stock\u00e9es, copi\u00e9es ou reproduites. L\u2019utilisation du mat\u00e9riel mis \u00e0 disposition n\u2019est autoris\u00e9e qu\u2019\u00e0 des fins priv\u00e9es et non commerciales. Un certificat d\u2019origine clair doit \u00eatre indiqu\u00e9 \u00e0 chaque utilisation.<\/p>\n\n\n\n<p>Le framing de pages de ce site internet (c\u2019est-\u00e0-dire leur int\u00e9gration \u00e0 un autre site internet) n\u2019est pas autoris\u00e9.<\/p>\n\n\n\n<h2 class=\"wp-block-heading\"><strong>Responsabilit\u00e9<\/strong><\/h2>\n\n\n\n<p>La SGB-FSS n\u2019est pas responsable des dommages pouvant survenir \u00e0 la suite de l\u2019utilisation des contenus. Ceci s\u2019applique \u00e0 tout type de dommages, notamment ceux r\u00e9sultant d\u2019erreurs, de retards ou d\u2019interruptions de la transmission, de perturbations de l\u2019infrastructure technique ou de virus.<\/p>\n\n\n\n<h2 class=\"wp-block-heading\"><strong>Qualit\u00e9 et production<\/strong><\/h2>\n\n\n\n<p>Les vid\u00e9os sont produites par des personnes dont la langue des signes est la langue maternelle afin d\u2019assurer une qualit\u00e9 optimale. La SGB-FSS d\u00e9cline toutefois toute responsabilit\u00e9 quant \u00e0 l\u2019exactitude, l\u2019exhaustivit\u00e9 et l\u2019actualit\u00e9 des contenus.<\/p>\n\n\n\n<h2 class=\"wp-block-heading\"><strong>Modification des conditions d\u2019utilisation<\/strong> <\/h2>\n\n\n\n<p>La SGB-FSS se r\u00e9serve le droit de modifier les pr\u00e9sentes conditions d\u2019utilisation \u00e0 tout moment. La poursuite de l\u2019utilisation des vid\u00e9os apr\u00e8s de tels changements vaut acceptation des nouvelles conditions.<\/p>\n","protected":false},"excerpt":{"rendered":"<p>Propri\u00e9t\u00e9 et droits d\u2019utilisation Les contenus du site Internet et, en particulier, les vid\u00e9os [&hellip;]<\/p>\n","protected":false},"author":81,"featured_media":0,"parent":0,"menu_order":0,"comment_status":"closed","ping_status":"closed","template":"","meta":{"_acf_changed":false,"inline_featured_image":false,"footnotes":""},"class_list":["post-35662","page","type-page","status-publish","hentry"],"acf":[],"yoast_head":"<!-- This site is optimized with the Yoast SEO plugin v27.4 - https:\/\/yoast.com\/product\/yoast-seo-wordpress\/ -->\n<title>Conditions d\u2019utilisation - SGB-FSS<\/title>\n<meta name=\"description\" content=\"L&#039;utilisation des pages web de la F\u00e9d\u00e9ration Suisse des Sourds (SGB-FSS) est soumise aux conditions d&#039;utilisation.\" \/>\n<meta name=\"robots\" content=\"index, follow, max-snippet:-1, max-image-preview:large, max-video-preview:-1\" \/>\n<link rel=\"canonical\" href=\"https:\/\/www.sgb-fss.ch\/fr\/conditions-dutilisation\/\" \/>\n<meta property=\"og:locale\" content=\"fr_FR\" \/>\n<meta property=\"og:type\" content=\"article\" \/>\n<meta property=\"og:title\" content=\"Conditions d\u2019utilisation - SGB-FSS\" \/>\n<meta property=\"og:description\" content=\"L&#039;utilisation des pages web de la F\u00e9d\u00e9ration Suisse des Sourds (SGB-FSS) est soumise aux conditions d&#039;utilisation.\" \/>\n<meta property=\"og:url\" content=\"https:\/\/www.sgb-fss.ch\/fr\/conditions-dutilisation\/\" \/>\n<meta property=\"og:site_name\" content=\"SGB-FSS\" \/>\n<meta property=\"article:modified_time\" content=\"2024-10-08T13:01:48+00:00\" \/>\n<meta name=\"twitter:card\" content=\"summary_large_image\" \/>\n<meta name=\"twitter:label1\" content=\"Dur\u00e9e de lecture estim\u00e9e\" \/>\n\t<meta name=\"twitter:data1\" content=\"2 minutes\" \/>\n<script type=\"application\/ld+json\" class=\"yoast-schema-graph\">{\"@context\":\"https:\\\/\\\/schema.org\",\"@graph\":[{\"@type\":\"WebPage\",\"@id\":\"https:\\\/\\\/www.sgb-fss.ch\\\/fr\\\/conditions-dutilisation\\\/\",\"url\":\"https:\\\/\\\/www.sgb-fss.ch\\\/fr\\\/conditions-dutilisation\\\/\",\"name\":\"Conditions d\u2019utilisation - SGB-FSS\",\"isPartOf\":{\"@id\":\"https:\\\/\\\/www.sgb-fss.ch\\\/de\\\/#website\"},\"datePublished\":\"2024-10-08T12:57:32+00:00\",\"dateModified\":\"2024-10-08T13:01:48+00:00\",\"description\":\"L'utilisation des pages web de la F\u00e9d\u00e9ration Suisse des Sourds (SGB-FSS) est soumise aux conditions d'utilisation.\",\"breadcrumb\":{\"@id\":\"https:\\\/\\\/www.sgb-fss.ch\\\/fr\\\/conditions-dutilisation\\\/#breadcrumb\"},\"inLanguage\":\"fr-FR\",\"potentialAction\":[{\"@type\":\"ReadAction\",\"target\":[\"https:\\\/\\\/www.sgb-fss.ch\\\/fr\\\/conditions-dutilisation\\\/\"]}]},{\"@type\":\"BreadcrumbList\",\"@id\":\"https:\\\/\\\/www.sgb-fss.ch\\\/fr\\\/conditions-dutilisation\\\/#breadcrumb\",\"itemListElement\":[{\"@type\":\"ListItem\",\"position\":1,\"name\":\"Home\",\"item\":\"https:\\\/\\\/www.sgb-fss.ch\\\/fr\\\/\"},{\"@type\":\"ListItem\",\"position\":2,\"name\":\"Conditions d\u2019utilisation\"}]},{\"@type\":\"WebSite\",\"@id\":\"https:\\\/\\\/www.sgb-fss.ch\\\/de\\\/#website\",\"url\":\"https:\\\/\\\/www.sgb-fss.ch\\\/de\\\/\",\"name\":\"SGB-FSS\",\"description\":\"\",\"potentialAction\":[{\"@type\":\"SearchAction\",\"target\":{\"@type\":\"EntryPoint\",\"urlTemplate\":\"https:\\\/\\\/www.sgb-fss.ch\\\/de\\\/?s={search_term_string}\"},\"query-input\":{\"@type\":\"PropertyValueSpecification\",\"valueRequired\":true,\"valueName\":\"search_term_string\"}}],\"inLanguage\":\"fr-FR\"}]}<\/script>\n<!-- \/ Yoast SEO plugin. -->","yoast_head_json":{"title":"Conditions d\u2019utilisation - SGB-FSS","description":"L'utilisation des pages web de la F\u00e9d\u00e9ration Suisse des Sourds (SGB-FSS) est soumise aux conditions d'utilisation.","robots":{"index":"index","follow":"follow","max-snippet":"max-snippet:-1","max-image-preview":"max-image-preview:large","max-video-preview":"max-video-preview:-1"},"canonical":"https:\/\/www.sgb-fss.ch\/fr\/conditions-dutilisation\/","og_locale":"fr_FR","og_type":"article","og_title":"Conditions d\u2019utilisation - SGB-FSS","og_description":"L'utilisation des pages web de la F\u00e9d\u00e9ration Suisse des Sourds (SGB-FSS) est soumise aux conditions d'utilisation.","og_url":"https:\/\/www.sgb-fss.ch\/fr\/conditions-dutilisation\/","og_site_name":"SGB-FSS","article_modified_time":"2024-10-08T13:01:48+00:00","twitter_card":"summary_large_image","twitter_misc":{"Dur\u00e9e de lecture estim\u00e9e":"2 minutes"},"schema":{"@context":"https:\/\/schema.org","@graph":[{"@type":"WebPage","@id":"https:\/\/www.sgb-fss.ch\/fr\/conditions-dutilisation\/","url":"https:\/\/www.sgb-fss.ch\/fr\/conditions-dutilisation\/","name":"Conditions d\u2019utilisation - SGB-FSS","isPartOf":{"@id":"https:\/\/www.sgb-fss.ch\/de\/#website"},"datePublished":"2024-10-08T12:57:32+00:00","dateModified":"2024-10-08T13:01:48+00:00","description":"L'utilisation des pages web de la F\u00e9d\u00e9ration Suisse des Sourds (SGB-FSS) est soumise aux conditions d'utilisation.","breadcrumb":{"@id":"https:\/\/www.sgb-fss.ch\/fr\/conditions-dutilisation\/#breadcrumb"},"inLanguage":"fr-FR","potentialAction":[{"@type":"ReadAction","target":["https:\/\/www.sgb-fss.ch\/fr\/conditions-dutilisation\/"]}]},{"@type":"BreadcrumbList","@id":"https:\/\/www.sgb-fss.ch\/fr\/conditions-dutilisation\/#breadcrumb","itemListElement":[{"@type":"ListItem","position":1,"name":"Home","item":"https:\/\/www.sgb-fss.ch\/fr\/"},{"@type":"ListItem","position":2,"name":"Conditions d\u2019utilisation"}]},{"@type":"WebSite","@id":"https:\/\/www.sgb-fss.ch\/de\/#website","url":"https:\/\/www.sgb-fss.ch\/de\/","name":"SGB-FSS","description":"","potentialAction":[{"@type":"SearchAction","target":{"@type":"EntryPoint","urlTemplate":"https:\/\/www.sgb-fss.ch\/de\/?s={search_term_string}"},"query-input":{"@type":"PropertyValueSpecification","valueRequired":true,"valueName":"search_term_string"}}],"inLanguage":"fr-FR"}]}},"_links":{"self":[{"href":"https:\/\/www.sgb-fss.ch\/fr\/wp-json\/wp\/v2\/pages\/35662","targetHints":{"allow":["GET"]}}],"collection":[{"href":"https:\/\/www.sgb-fss.ch\/fr\/wp-json\/wp\/v2\/pages"}],"about":[{"href":"https:\/\/www.sgb-fss.ch\/fr\/wp-json\/wp\/v2\/types\/page"}],"author":[{"embeddable":true,"href":"https:\/\/www.sgb-fss.ch\/fr\/wp-json\/wp\/v2\/users\/81"}],"replies":[{"embeddable":true,"href":"https:\/\/www.sgb-fss.ch\/fr\/wp-json\/wp\/v2\/comments?post=35662"}],"version-history":[{"count":1,"href":"https:\/\/www.sgb-fss.ch\/fr\/wp-json\/wp\/v2\/pages\/35662\/revisions"}],"predecessor-version":[{"id":35664,"href":"https:\/\/www.sgb-fss.ch\/fr\/wp-json\/wp\/v2\/pages\/35662\/revisions\/35664"}],"wp:attachment":[{"href":"https:\/\/www.sgb-fss.ch\/fr\/wp-json\/wp\/v2\/media?parent=35662"}],"curies":[{"name":"wp","href":"https:\/\/api.w.org\/{rel}","templated":true}]}}