{"id":35421,"date":"2024-09-16T15:20:17","date_gmt":"2024-09-16T13:20:17","guid":{"rendered":"https:\/\/www.sgb-fss.ch\/?page_id=35421"},"modified":"2026-02-16T15:19:04","modified_gmt":"2026-02-16T14:19:04","slug":"conditions-de-participation-concours-quiz","status":"publish","type":"page","link":"https:\/\/www.sgb-fss.ch\/fr\/conditions-de-participation-concours-quiz\/","title":{"rendered":"Conditions de participation (concours &amp; quiz)"},"content":{"rendered":"\n<p><strong>Organisateur<\/strong><\/p>\n\n\n\n<p>L&rsquo;organisateur du quiz est la F\u00e9d\u00e9ration suisse des sourds.<br><\/p>\n\n\n\n<p><strong>Droit de participation<\/strong><\/p>\n\n\n\n<p>La participation est ouverte \u00e0 toute personne \u00e2g\u00e9e d&rsquo;au moins 18 ans. Les collaborateurs de l&rsquo;organisateur ainsi que leurs proches sont exclus de la participation.<br><\/p>\n\n\n\n<p><strong>P\u00e9riode de participation<\/strong><\/p>\n\n\n\n<p>Le quiz \u00ab 80e anniversaire \u00bb commence le 17 f\u00e9vrier 2026 \u00e0 00 h 01 et se termine le 31 d\u00e9cembre 2026 \u00e0 minuit.<br><\/p>\n\n\n\n<p><strong>Conditions de participation<\/strong><\/p>\n\n\n\n<p>Pour participer au quiz, les participants doivent fournir des informations personnelles correctes et avoir termin\u00e9 le quiz. La participation est gratuite. Une seule participation par personne est autoris\u00e9e.<br><\/p>\n\n\n\n<p><strong>Gain<\/strong><\/p>\n\n\n\n<p>Le ou les gagnants seront d\u00e9sign\u00e9s par tirage au sort parmi tous les participants ayant r\u00e9pondu correctement aux questions. Le prix est un bon d\u2019achat One4All d\u2019une valeur de CHF 80. Un paiement en esp\u00e8ces du prix n&rsquo;est pas possible.<br><\/p>\n\n\n\n<p><strong>Notification des gagnants<\/strong><\/p>\n\n\n\n<p>Les gagnants seront inform\u00e9s par e-mail dans les 7 jours suivant la fin du quiz. Si un gagnant ne se manifeste pas dans les 14 jours suivant la notification, il perd son droit au gain. Les gagnants seront publi\u00e9s sur le site web.<br><\/p>\n\n\n\n<p><strong>Protection des donn\u00e9es<\/strong><\/p>\n\n\n\n<p>En participant au quiz, le participant accepte que son adresse e-mail soit utilis\u00e9e pour l&rsquo;envoi de newsletters et d&rsquo;informations sur les produits et les offres de l&rsquo;organisateur. Ce consentement peut \u00eatre r\u00e9voqu\u00e9 \u00e0 tout moment en envoyant un e-mail \u00e0 marketing@sgb-fss.ch ou en cliquant sur le lien de d\u00e9sinscription figurant dans la newsletter. Les donn\u00e9es ne sont pas transmises \u00e0 des tiers \u00e0 des fins publicitaires.<br><\/p>\n\n\n\n<p><strong>Exclusion de la participation<\/strong><\/p>\n\n\n\n<p>L&rsquo;organisateur se r\u00e9serve le droit d&rsquo;exclure du quiz les participants qui ne respectent pas les conditions de participation ou qui tentent de manipuler le d\u00e9roulement du quiz.<br><\/p>\n\n\n\n<p><strong>Modifications et fin anticip\u00e9e<\/strong><\/p>\n\n\n\n<p>L&rsquo;organisateur se r\u00e9serve le droit d&rsquo;interrompre ou de modifier le quiz \u00e0 tout moment pour des raisons importantes, notamment en cas de probl\u00e8mes techniques ou de suspicion de manipulation.<br><\/p>\n\n\n\n<p><strong>Voies de recours<\/strong><\/p>\n\n\n\n<p>Tout recours juridique est exclu.<\/p>\n","protected":false},"excerpt":{"rendered":"<p>Organisateur L&rsquo;organisateur du quiz est la F\u00e9d\u00e9ration suisse des sourds. Droit de participation La [&hellip;]<\/p>\n","protected":false},"author":81,"featured_media":0,"parent":0,"menu_order":0,"comment_status":"closed","ping_status":"closed","template":"","meta":{"_acf_changed":false,"inline_featured_image":false,"footnotes":""},"class_list":["post-35421","page","type-page","status-publish","hentry"],"acf":[],"yoast_head":"<!-- This site is optimized with the Yoast SEO plugin v27.4 - https:\/\/yoast.com\/product\/yoast-seo-wordpress\/ -->\n<title>Conditions de participation (concours &amp; quiz) - SGB-FSS<\/title>\n<meta name=\"robots\" content=\"index, follow, max-snippet:-1, max-image-preview:large, max-video-preview:-1\" \/>\n<link rel=\"canonical\" href=\"https:\/\/www.sgb-fss.ch\/fr\/conditions-de-participation-concours-quiz\/\" \/>\n<meta property=\"og:locale\" content=\"fr_FR\" \/>\n<meta property=\"og:type\" content=\"article\" \/>\n<meta property=\"og:title\" content=\"Conditions de participation (concours &amp; quiz) - SGB-FSS\" \/>\n<meta property=\"og:description\" content=\"Organisateur L&rsquo;organisateur du quiz est la F\u00e9d\u00e9ration suisse des sourds. Droit de participation La [&hellip;]\" \/>\n<meta property=\"og:url\" content=\"https:\/\/www.sgb-fss.ch\/fr\/conditions-de-participation-concours-quiz\/\" \/>\n<meta property=\"og:site_name\" content=\"SGB-FSS\" \/>\n<meta property=\"article:modified_time\" content=\"2026-02-16T14:19:04+00:00\" \/>\n<meta name=\"twitter:card\" content=\"summary_large_image\" \/>\n<meta name=\"twitter:label1\" content=\"Dur\u00e9e de lecture estim\u00e9e\" \/>\n\t<meta name=\"twitter:data1\" content=\"2 minutes\" \/>\n<script type=\"application\/ld+json\" class=\"yoast-schema-graph\">{\"@context\":\"https:\\\/\\\/schema.org\",\"@graph\":[{\"@type\":\"WebPage\",\"@id\":\"https:\\\/\\\/www.sgb-fss.ch\\\/fr\\\/conditions-de-participation-concours-quiz\\\/\",\"url\":\"https:\\\/\\\/www.sgb-fss.ch\\\/fr\\\/conditions-de-participation-concours-quiz\\\/\",\"name\":\"Conditions de participation (concours &amp; quiz) - SGB-FSS\",\"isPartOf\":{\"@id\":\"https:\\\/\\\/www.sgb-fss.ch\\\/de\\\/#website\"},\"datePublished\":\"2024-09-16T13:20:17+00:00\",\"dateModified\":\"2026-02-16T14:19:04+00:00\",\"breadcrumb\":{\"@id\":\"https:\\\/\\\/www.sgb-fss.ch\\\/fr\\\/conditions-de-participation-concours-quiz\\\/#breadcrumb\"},\"inLanguage\":\"fr-FR\",\"potentialAction\":[{\"@type\":\"ReadAction\",\"target\":[\"https:\\\/\\\/www.sgb-fss.ch\\\/fr\\\/conditions-de-participation-concours-quiz\\\/\"]}]},{\"@type\":\"BreadcrumbList\",\"@id\":\"https:\\\/\\\/www.sgb-fss.ch\\\/fr\\\/conditions-de-participation-concours-quiz\\\/#breadcrumb\",\"itemListElement\":[{\"@type\":\"ListItem\",\"position\":1,\"name\":\"Home\",\"item\":\"https:\\\/\\\/www.sgb-fss.ch\\\/fr\\\/\"},{\"@type\":\"ListItem\",\"position\":2,\"name\":\"Conditions de participation (concours &amp; quiz)\"}]},{\"@type\":\"WebSite\",\"@id\":\"https:\\\/\\\/www.sgb-fss.ch\\\/de\\\/#website\",\"url\":\"https:\\\/\\\/www.sgb-fss.ch\\\/de\\\/\",\"name\":\"SGB-FSS\",\"description\":\"\",\"potentialAction\":[{\"@type\":\"SearchAction\",\"target\":{\"@type\":\"EntryPoint\",\"urlTemplate\":\"https:\\\/\\\/www.sgb-fss.ch\\\/de\\\/?s={search_term_string}\"},\"query-input\":{\"@type\":\"PropertyValueSpecification\",\"valueRequired\":true,\"valueName\":\"search_term_string\"}}],\"inLanguage\":\"fr-FR\"}]}<\/script>\n<!-- \/ Yoast SEO plugin. -->","yoast_head_json":{"title":"Conditions de participation (concours &amp; quiz) - SGB-FSS","robots":{"index":"index","follow":"follow","max-snippet":"max-snippet:-1","max-image-preview":"max-image-preview:large","max-video-preview":"max-video-preview:-1"},"canonical":"https:\/\/www.sgb-fss.ch\/fr\/conditions-de-participation-concours-quiz\/","og_locale":"fr_FR","og_type":"article","og_title":"Conditions de participation (concours &amp; quiz) - SGB-FSS","og_description":"Organisateur L&rsquo;organisateur du quiz est la F\u00e9d\u00e9ration suisse des sourds. Droit de participation La [&hellip;]","og_url":"https:\/\/www.sgb-fss.ch\/fr\/conditions-de-participation-concours-quiz\/","og_site_name":"SGB-FSS","article_modified_time":"2026-02-16T14:19:04+00:00","twitter_card":"summary_large_image","twitter_misc":{"Dur\u00e9e de lecture estim\u00e9e":"2 minutes"},"schema":{"@context":"https:\/\/schema.org","@graph":[{"@type":"WebPage","@id":"https:\/\/www.sgb-fss.ch\/fr\/conditions-de-participation-concours-quiz\/","url":"https:\/\/www.sgb-fss.ch\/fr\/conditions-de-participation-concours-quiz\/","name":"Conditions de participation (concours &amp; quiz) - SGB-FSS","isPartOf":{"@id":"https:\/\/www.sgb-fss.ch\/de\/#website"},"datePublished":"2024-09-16T13:20:17+00:00","dateModified":"2026-02-16T14:19:04+00:00","breadcrumb":{"@id":"https:\/\/www.sgb-fss.ch\/fr\/conditions-de-participation-concours-quiz\/#breadcrumb"},"inLanguage":"fr-FR","potentialAction":[{"@type":"ReadAction","target":["https:\/\/www.sgb-fss.ch\/fr\/conditions-de-participation-concours-quiz\/"]}]},{"@type":"BreadcrumbList","@id":"https:\/\/www.sgb-fss.ch\/fr\/conditions-de-participation-concours-quiz\/#breadcrumb","itemListElement":[{"@type":"ListItem","position":1,"name":"Home","item":"https:\/\/www.sgb-fss.ch\/fr\/"},{"@type":"ListItem","position":2,"name":"Conditions de participation (concours &amp; quiz)"}]},{"@type":"WebSite","@id":"https:\/\/www.sgb-fss.ch\/de\/#website","url":"https:\/\/www.sgb-fss.ch\/de\/","name":"SGB-FSS","description":"","potentialAction":[{"@type":"SearchAction","target":{"@type":"EntryPoint","urlTemplate":"https:\/\/www.sgb-fss.ch\/de\/?s={search_term_string}"},"query-input":{"@type":"PropertyValueSpecification","valueRequired":true,"valueName":"search_term_string"}}],"inLanguage":"fr-FR"}]}},"_links":{"self":[{"href":"https:\/\/www.sgb-fss.ch\/fr\/wp-json\/wp\/v2\/pages\/35421","targetHints":{"allow":["GET"]}}],"collection":[{"href":"https:\/\/www.sgb-fss.ch\/fr\/wp-json\/wp\/v2\/pages"}],"about":[{"href":"https:\/\/www.sgb-fss.ch\/fr\/wp-json\/wp\/v2\/types\/page"}],"author":[{"embeddable":true,"href":"https:\/\/www.sgb-fss.ch\/fr\/wp-json\/wp\/v2\/users\/81"}],"replies":[{"embeddable":true,"href":"https:\/\/www.sgb-fss.ch\/fr\/wp-json\/wp\/v2\/comments?post=35421"}],"version-history":[{"count":5,"href":"https:\/\/www.sgb-fss.ch\/fr\/wp-json\/wp\/v2\/pages\/35421\/revisions"}],"predecessor-version":[{"id":43950,"href":"https:\/\/www.sgb-fss.ch\/fr\/wp-json\/wp\/v2\/pages\/35421\/revisions\/43950"}],"wp:attachment":[{"href":"https:\/\/www.sgb-fss.ch\/fr\/wp-json\/wp\/v2\/media?parent=35421"}],"curies":[{"name":"wp","href":"https:\/\/api.w.org\/{rel}","templated":true}]}}