{"id":31878,"date":"2024-01-25T13:14:54","date_gmt":"2024-01-25T12:14:54","guid":{"rendered":"https:\/\/www.sgb-fss.ch\/?page_id=31878"},"modified":"2025-02-26T16:31:45","modified_gmt":"2025-02-26T15:31:45","slug":"offres","status":"publish","type":"page","link":"https:\/\/www.sgb-fss.ch\/fr\/offres\/","title":{"rendered":"Offres"},"content":{"rendered":"\n<div class=\"wp-block-group has-pflaume-40-background-color has-background is-layout-flow wp-block-group-is-layout-flow\">\n<h1 class=\"wp-block-heading\">Offres<\/h1>\n\n\n\n<p class=\"is-style-lead\">Nos offres s&rsquo;adressent aux personnes entendantes, sourdes et malentendantes. En tant qu&rsquo;organisation fa\u00eeti\u00e8re, la F\u00e9d\u00e9ration Suisse des Sourds se consid\u00e8re comme un organisme essentiel pour une int\u00e9gration r\u00e9ussie des personnes sourdes et malentendantes dans la soci\u00e9t\u00e9. Nous travaillons en \u00e9troite collaboration avec un grand r\u00e9seau afin de faire tomber les barri\u00e8res et de transmettre des connaissances dans le domaine de la surdit\u00e9.<\/p>\n<\/div>\n\n\n<div class=\"block block-teaserpages\" id=\"block_c7b5cc75f52ed69bdee9ccbf33f98616\" data-block=\"Teaser Pages\">\n  <ul class=\"block-teaserpages__list\">\n            <li class=\"block-teaserpages__item\">\n        <a class=\"accent teaserpage\" href=\"https:\/\/www.sgb-fss.ch\/fr\/offres\/lexique-en-ligne-de-la-langue-des-signes\/\">\n  <div class=\"teaserpage__thumbnail\">\n            <div class=\"image teaserpage__thumbnail-image\" >\n    <img decoding=\"async\"\n      loading=\"lazy\"\n      class=\"image__object lazyload\"\n      src=\"https:\/\/www.sgb-fss.ch\/content\/uploads\/2023\/06\/elexikon_f-1440x0-c-default.jpg\"       data-sizes=\"auto\"\n      data-srcset=\"https:\/\/www.sgb-fss.ch\/content\/uploads\/2023\/06\/elexikon_f-1000x0-c-default.jpg 1000w, https:\/\/www.sgb-fss.ch\/content\/uploads\/2023\/06\/elexikon_f-700x0-c-default.jpg 700w, https:\/\/www.sgb-fss.ch\/content\/uploads\/2023\/06\/elexikon_f-350x0-c-default.jpg 350w, \"\n      alt=\"\"\n      width=\"1166\"\n      height=\"656\"\n            >\n  <\/div>\n      <\/div>\n  <h3 class=\"teaserpage__title\">E-lexique de la langue des signes<\/h3>\n  <p class=\"teaserpage__lead\">Notre lexique interactif vous permet de traduire une multitude de termes du fran\u00e7ais vers la langue des signes. Vous avez toutes les cl\u00e9s en main pour enrichir votre vocablaire.<\/p>  <\/a>\n      <\/li>\n            <li class=\"block-teaserpages__item\">\n        <a class=\"accent teaserpage\" href=\"https:\/\/www.sgb-fss.ch\/fr\/offres\/apprendre-la-lsf-sur-signwise-ch\/\">\n  <div class=\"teaserpage__thumbnail\">\n            <div class=\"image teaserpage__thumbnail-image\" >\n    <img decoding=\"async\"\n      loading=\"lazy\"\n      class=\"image__object lazyload\"\n      src=\"https:\/\/www.sgb-fss.ch\/content\/uploads\/2023\/05\/logo-signwise-web-1440x0-c-default.png\"       data-sizes=\"auto\"\n      data-srcset=\"https:\/\/www.sgb-fss.ch\/content\/uploads\/2023\/05\/logo-signwise-web-1000x0-c-default.png 1000w, https:\/\/www.sgb-fss.ch\/content\/uploads\/2023\/05\/logo-signwise-web-700x0-c-default.png 700w, https:\/\/www.sgb-fss.ch\/content\/uploads\/2023\/05\/logo-signwise-web-350x0-c-default.png 350w, \"\n      alt=\"\"\n      width=\"6330\"\n      height=\"3560\"\n            >\n  <\/div>\n      <\/div>\n  <h3 class=\"teaserpage__title\">E-learning signwise.ch<\/h3>\n  <p class=\"teaserpage__lead\">Gr\u00e2ce \u00e0 l\u2019outil d\u2019apprentissage en ligne signwise.ch, vous pouvez obtenir un certificat de langue des signes en 6 \u00e0 12 mois. Signwise vous permet d\u2019obtenir les niveaux A1 et A2 depuis chez vous.<\/p>  <\/a>\n      <\/li>\n            <li class=\"block-teaserpages__item\">\n        <a class=\"accent teaserpage\" href=\"https:\/\/www.sgb-fss.ch\/fr\/offres\/cours-de-langue-des-signes\/\">\n  <div class=\"teaserpage__thumbnail\">\n            <div class=\"image teaserpage__thumbnail-image\" >\n    <img decoding=\"async\"\n      loading=\"lazy\"\n      class=\"image__object lazyload\"\n      src=\"https:\/\/www.sgb-fss.ch\/content\/uploads\/2023\/05\/bhp-2438-scaled-e1684320376735-1440x0-c-default.jpg\"       data-sizes=\"auto\"\n      data-srcset=\"https:\/\/www.sgb-fss.ch\/content\/uploads\/2023\/05\/bhp-2438-scaled-e1684320376735-1000x0-c-default.jpg 1000w, https:\/\/www.sgb-fss.ch\/content\/uploads\/2023\/05\/bhp-2438-scaled-e1684320376735-700x0-c-default.jpg 700w, https:\/\/www.sgb-fss.ch\/content\/uploads\/2023\/05\/bhp-2438-scaled-e1684320376735-350x0-c-default.jpg 350w, \"\n      alt=\"\"\n      width=\"2560\"\n      height=\"1707\"\n            >\n  <\/div>\n      <\/div>\n  <h3 class=\"teaserpage__title\">Cours de langue des signes<\/h3>\n  <p class=\"teaserpage__lead\">Apprendre la langue des signes ouvre aux personnes entendantes de nouveaux horizons et l\u2019acc\u00e8s \u00e0 la culture des sourds.<\/p>  <\/a>\n      <\/li>\n            <li class=\"block-teaserpages__item\">\n        <a class=\"accent teaserpage\" href=\"https:\/\/www.sgb-fss.ch\/fr\/offres\/read-to-deaf-kids-histoires-pour-enfants-dans-dsgs\/\">\n  <div class=\"teaserpage__thumbnail\">\n            <div class=\"image teaserpage__thumbnail-image\" >\n    <img decoding=\"async\"\n      loading=\"lazy\"\n      class=\"image__object lazyload\"\n      src=\"https:\/\/www.sgb-fss.ch\/content\/uploads\/2023\/05\/bildung_read_fr-1440x0-c-default.jpg\"       data-sizes=\"auto\"\n      data-srcset=\"https:\/\/www.sgb-fss.ch\/content\/uploads\/2023\/05\/bildung_read_fr-1000x0-c-default.jpg 1000w, https:\/\/www.sgb-fss.ch\/content\/uploads\/2023\/05\/bildung_read_fr-700x0-c-default.jpg 700w, https:\/\/www.sgb-fss.ch\/content\/uploads\/2023\/05\/bildung_read_fr-350x0-c-default.jpg 350w, \"\n      alt=\"\"\n      width=\"1890\"\n      height=\"1063\"\n            >\n  <\/div>\n      <\/div>\n  <h3 class=\"teaserpage__title\">\u00abRead to Deaf Kids\u00bb<\/h3>\n  <p class=\"teaserpage__lead\">Notre mission est d\u2019aider tous les enfants sourds \u00e0 am\u00e9liorer leurs comp\u00e9tences en lecture et en \u00e9criture et de favoriser l\u2019interaction entre les parents et leurs enfants.<\/p>  <\/a>\n      <\/li>\n            <li class=\"block-teaserpages__item\">\n        <a class=\"accent teaserpage\" href=\"https:\/\/www.sgb-fss.ch\/fr\/conseil-juridique\/\">\n  <div class=\"teaserpage__thumbnail\">\n            <div class=\"image teaserpage__thumbnail-image\" >\n    <img decoding=\"async\"\n      loading=\"lazy\"\n      class=\"image__object lazyload\"\n      src=\"https:\/\/www.sgb-fss.ch\/content\/uploads\/2023\/07\/rechtsberatung-1440x0-c-default.jpg\"       data-sizes=\"auto\"\n      data-srcset=\"https:\/\/www.sgb-fss.ch\/content\/uploads\/2023\/07\/rechtsberatung-1000x0-c-default.jpg 1000w, https:\/\/www.sgb-fss.ch\/content\/uploads\/2023\/07\/rechtsberatung-700x0-c-default.jpg 700w, https:\/\/www.sgb-fss.ch\/content\/uploads\/2023\/07\/rechtsberatung-350x0-c-default.jpg 350w, \"\n      alt=\"Rechtberatung\"\n      width=\"1890\"\n      height=\"1063\"\n            >\n  <\/div>\n      <\/div>\n  <h3 class=\"teaserpage__title\">Conseil juridique<\/h3>\n  <p class=\"teaserpage__lead\">Vous avez des questions juridiques sur la surdit\u00e9 ou le handicap auditif? Le service juridique de la F\u00e9d\u00e9ration Suisse des Sourds vous aide \u00e0 trouver une solution et \u00e0 d\u00e9fendre vos droits.<\/p>  <\/a>\n      <\/li>\n            <li class=\"block-teaserpages__item\">\n        <a class=\"accent teaserpage\" href=\"https:\/\/www.sgb-fss.ch\/fr\/offres\/seminaire\/\">\n  <div class=\"teaserpage__thumbnail\">\n            <div class=\"image teaserpage__thumbnail-image\" >\n    <img decoding=\"async\"\n      loading=\"lazy\"\n      class=\"image__object lazyload\"\n      src=\"https:\/\/www.sgb-fss.ch\/content\/uploads\/2023\/05\/erfolgreiche-kommunikation_fr-1440x0-c-default.jpg\"       data-sizes=\"auto\"\n      data-srcset=\"https:\/\/www.sgb-fss.ch\/content\/uploads\/2023\/05\/erfolgreiche-kommunikation_fr-1000x0-c-default.jpg 1000w, https:\/\/www.sgb-fss.ch\/content\/uploads\/2023\/05\/erfolgreiche-kommunikation_fr-700x0-c-default.jpg 700w, https:\/\/www.sgb-fss.ch\/content\/uploads\/2023\/05\/erfolgreiche-kommunikation_fr-350x0-c-default.jpg 350w, \"\n      alt=\"\"\n      width=\"978\"\n      height=\"550\"\n            >\n  <\/div>\n      <\/div>\n  <h3 class=\"teaserpage__title\">S\u00e9minaire<\/h3>\n  <p class=\"teaserpage__lead\">Avec nos ateliers et nos webinaires en ligne gratuits, nous sensibilisons les entreprises et les organisations qui souhaitent d\u00e9velopper leur diversit\u00e9 dans le domaine du handicap auditif. Nous formons les \u00e9quipes qui travaillent d\u00e9j\u00e0 avec des personnes malentendantes sur le th\u00e8me \u00abtravail en \u00e9quipe et communication\u00bb et pouvons adapter toutes les offres \u00e0 ton entreprise.<\/p>  <\/a>\n      <\/li>\n    <\/ul>\n<\/div>\n","protected":false},"excerpt":{"rendered":"<p>Offres Nos offres s&rsquo;adressent aux personnes entendantes, sourdes et malentendantes. En tant qu&rsquo;organisation fa\u00eeti\u00e8re, [&hellip;]<\/p>\n","protected":false},"author":8,"featured_media":17662,"parent":0,"menu_order":0,"comment_status":"closed","ping_status":"closed","template":"front-page.php","meta":{"_acf_changed":false,"inline_featured_image":false,"footnotes":""},"class_list":["post-31878","page","type-page","status-publish","has-post-thumbnail","hentry"],"acf":[],"yoast_head":"<!-- This site is optimized with the Yoast SEO plugin v27.4 - https:\/\/yoast.com\/product\/yoast-seo-wordpress\/ -->\n<title>Offres - SGB-FSS<\/title>\n<meta name=\"robots\" content=\"index, follow, max-snippet:-1, max-image-preview:large, max-video-preview:-1\" \/>\n<link rel=\"canonical\" href=\"https:\/\/www.sgb-fss.ch\/fr\/offres\/\" \/>\n<meta property=\"og:locale\" content=\"fr_FR\" \/>\n<meta property=\"og:type\" content=\"article\" \/>\n<meta property=\"og:title\" content=\"Offres - SGB-FSS\" \/>\n<meta property=\"og:description\" content=\"Offres Nos offres s&rsquo;adressent aux personnes entendantes, sourdes et malentendantes. En tant qu&rsquo;organisation fa\u00eeti\u00e8re, [&hellip;]\" \/>\n<meta property=\"og:url\" content=\"https:\/\/www.sgb-fss.ch\/fr\/offres\/\" \/>\n<meta property=\"og:site_name\" content=\"SGB-FSS\" \/>\n<meta property=\"article:modified_time\" content=\"2025-02-26T15:31:45+00:00\" \/>\n<meta property=\"og:image\" content=\"https:\/\/www.sgb-fss.ch\/content\/uploads\/2023\/05\/bildung-scaled-e1684317847531.jpg\" \/>\n\t<meta property=\"og:image:width\" content=\"2560\" \/>\n\t<meta property=\"og:image:height\" content=\"1707\" \/>\n\t<meta property=\"og:image:type\" content=\"image\/jpeg\" \/>\n<meta name=\"twitter:card\" content=\"summary_large_image\" \/>\n<meta name=\"twitter:label1\" content=\"Dur\u00e9e de lecture estim\u00e9e\" \/>\n\t<meta name=\"twitter:data1\" content=\"1 minute\" \/>\n<script type=\"application\/ld+json\" class=\"yoast-schema-graph\">{\"@context\":\"https:\\\/\\\/schema.org\",\"@graph\":[{\"@type\":\"WebPage\",\"@id\":\"https:\\\/\\\/www.sgb-fss.ch\\\/fr\\\/offres\\\/\",\"url\":\"https:\\\/\\\/www.sgb-fss.ch\\\/fr\\\/offres\\\/\",\"name\":\"Offres - SGB-FSS\",\"isPartOf\":{\"@id\":\"https:\\\/\\\/www.sgb-fss.ch\\\/de\\\/#website\"},\"primaryImageOfPage\":{\"@id\":\"https:\\\/\\\/www.sgb-fss.ch\\\/fr\\\/offres\\\/#primaryimage\"},\"image\":{\"@id\":\"https:\\\/\\\/www.sgb-fss.ch\\\/fr\\\/offres\\\/#primaryimage\"},\"thumbnailUrl\":\"https:\\\/\\\/www.sgb-fss.ch\\\/content\\\/uploads\\\/2023\\\/05\\\/bildung-scaled-e1684317847531.jpg\",\"datePublished\":\"2024-01-25T12:14:54+00:00\",\"dateModified\":\"2025-02-26T15:31:45+00:00\",\"breadcrumb\":{\"@id\":\"https:\\\/\\\/www.sgb-fss.ch\\\/fr\\\/offres\\\/#breadcrumb\"},\"inLanguage\":\"fr-FR\",\"potentialAction\":[{\"@type\":\"ReadAction\",\"target\":[\"https:\\\/\\\/www.sgb-fss.ch\\\/fr\\\/offres\\\/\"]}]},{\"@type\":\"ImageObject\",\"inLanguage\":\"fr-FR\",\"@id\":\"https:\\\/\\\/www.sgb-fss.ch\\\/fr\\\/offres\\\/#primaryimage\",\"url\":\"https:\\\/\\\/www.sgb-fss.ch\\\/content\\\/uploads\\\/2023\\\/05\\\/bildung-scaled-e1684317847531.jpg\",\"contentUrl\":\"https:\\\/\\\/www.sgb-fss.ch\\\/content\\\/uploads\\\/2023\\\/05\\\/bildung-scaled-e1684317847531.jpg\",\"width\":2560,\"height\":1707,\"caption\":\"Rear view of casual businesswoman raising her hand to ask the question on education event in a board room.\"},{\"@type\":\"BreadcrumbList\",\"@id\":\"https:\\\/\\\/www.sgb-fss.ch\\\/fr\\\/offres\\\/#breadcrumb\",\"itemListElement\":[{\"@type\":\"ListItem\",\"position\":1,\"name\":\"Home\",\"item\":\"https:\\\/\\\/www.sgb-fss.ch\\\/fr\\\/\"},{\"@type\":\"ListItem\",\"position\":2,\"name\":\"Offres\"}]},{\"@type\":\"WebSite\",\"@id\":\"https:\\\/\\\/www.sgb-fss.ch\\\/de\\\/#website\",\"url\":\"https:\\\/\\\/www.sgb-fss.ch\\\/de\\\/\",\"name\":\"SGB-FSS\",\"description\":\"\",\"potentialAction\":[{\"@type\":\"SearchAction\",\"target\":{\"@type\":\"EntryPoint\",\"urlTemplate\":\"https:\\\/\\\/www.sgb-fss.ch\\\/de\\\/?s={search_term_string}\"},\"query-input\":{\"@type\":\"PropertyValueSpecification\",\"valueRequired\":true,\"valueName\":\"search_term_string\"}}],\"inLanguage\":\"fr-FR\"}]}<\/script>\n<!-- \/ Yoast SEO plugin. -->","yoast_head_json":{"title":"Offres - SGB-FSS","robots":{"index":"index","follow":"follow","max-snippet":"max-snippet:-1","max-image-preview":"max-image-preview:large","max-video-preview":"max-video-preview:-1"},"canonical":"https:\/\/www.sgb-fss.ch\/fr\/offres\/","og_locale":"fr_FR","og_type":"article","og_title":"Offres - SGB-FSS","og_description":"Offres Nos offres s&rsquo;adressent aux personnes entendantes, sourdes et malentendantes. En tant qu&rsquo;organisation fa\u00eeti\u00e8re, [&hellip;]","og_url":"https:\/\/www.sgb-fss.ch\/fr\/offres\/","og_site_name":"SGB-FSS","article_modified_time":"2025-02-26T15:31:45+00:00","og_image":[{"width":2560,"height":1707,"url":"https:\/\/www.sgb-fss.ch\/content\/uploads\/2023\/05\/bildung-scaled-e1684317847531.jpg","type":"image\/jpeg"}],"twitter_card":"summary_large_image","twitter_misc":{"Dur\u00e9e de lecture estim\u00e9e":"1 minute"},"schema":{"@context":"https:\/\/schema.org","@graph":[{"@type":"WebPage","@id":"https:\/\/www.sgb-fss.ch\/fr\/offres\/","url":"https:\/\/www.sgb-fss.ch\/fr\/offres\/","name":"Offres - SGB-FSS","isPartOf":{"@id":"https:\/\/www.sgb-fss.ch\/de\/#website"},"primaryImageOfPage":{"@id":"https:\/\/www.sgb-fss.ch\/fr\/offres\/#primaryimage"},"image":{"@id":"https:\/\/www.sgb-fss.ch\/fr\/offres\/#primaryimage"},"thumbnailUrl":"https:\/\/www.sgb-fss.ch\/content\/uploads\/2023\/05\/bildung-scaled-e1684317847531.jpg","datePublished":"2024-01-25T12:14:54+00:00","dateModified":"2025-02-26T15:31:45+00:00","breadcrumb":{"@id":"https:\/\/www.sgb-fss.ch\/fr\/offres\/#breadcrumb"},"inLanguage":"fr-FR","potentialAction":[{"@type":"ReadAction","target":["https:\/\/www.sgb-fss.ch\/fr\/offres\/"]}]},{"@type":"ImageObject","inLanguage":"fr-FR","@id":"https:\/\/www.sgb-fss.ch\/fr\/offres\/#primaryimage","url":"https:\/\/www.sgb-fss.ch\/content\/uploads\/2023\/05\/bildung-scaled-e1684317847531.jpg","contentUrl":"https:\/\/www.sgb-fss.ch\/content\/uploads\/2023\/05\/bildung-scaled-e1684317847531.jpg","width":2560,"height":1707,"caption":"Rear view of casual businesswoman raising her hand to ask the question on education event in a board room."},{"@type":"BreadcrumbList","@id":"https:\/\/www.sgb-fss.ch\/fr\/offres\/#breadcrumb","itemListElement":[{"@type":"ListItem","position":1,"name":"Home","item":"https:\/\/www.sgb-fss.ch\/fr\/"},{"@type":"ListItem","position":2,"name":"Offres"}]},{"@type":"WebSite","@id":"https:\/\/www.sgb-fss.ch\/de\/#website","url":"https:\/\/www.sgb-fss.ch\/de\/","name":"SGB-FSS","description":"","potentialAction":[{"@type":"SearchAction","target":{"@type":"EntryPoint","urlTemplate":"https:\/\/www.sgb-fss.ch\/de\/?s={search_term_string}"},"query-input":{"@type":"PropertyValueSpecification","valueRequired":true,"valueName":"search_term_string"}}],"inLanguage":"fr-FR"}]}},"_links":{"self":[{"href":"https:\/\/www.sgb-fss.ch\/fr\/wp-json\/wp\/v2\/pages\/31878","targetHints":{"allow":["GET"]}}],"collection":[{"href":"https:\/\/www.sgb-fss.ch\/fr\/wp-json\/wp\/v2\/pages"}],"about":[{"href":"https:\/\/www.sgb-fss.ch\/fr\/wp-json\/wp\/v2\/types\/page"}],"author":[{"embeddable":true,"href":"https:\/\/www.sgb-fss.ch\/fr\/wp-json\/wp\/v2\/users\/8"}],"replies":[{"embeddable":true,"href":"https:\/\/www.sgb-fss.ch\/fr\/wp-json\/wp\/v2\/comments?post=31878"}],"version-history":[{"count":10,"href":"https:\/\/www.sgb-fss.ch\/fr\/wp-json\/wp\/v2\/pages\/31878\/revisions"}],"predecessor-version":[{"id":37319,"href":"https:\/\/www.sgb-fss.ch\/fr\/wp-json\/wp\/v2\/pages\/31878\/revisions\/37319"}],"wp:featuredmedia":[{"embeddable":true,"href":"https:\/\/www.sgb-fss.ch\/fr\/wp-json\/wp\/v2\/media\/17662"}],"wp:attachment":[{"href":"https:\/\/www.sgb-fss.ch\/fr\/wp-json\/wp\/v2\/media?parent=31878"}],"curies":[{"name":"wp","href":"https:\/\/api.w.org\/{rel}","templated":true}]}}