{"id":29497,"date":"2023-12-13T17:33:58","date_gmt":"2023-12-13T16:33:58","guid":{"rendered":"https:\/\/www.sgb-fss.ch\/?page_id=29497"},"modified":"2023-12-13T17:39:17","modified_gmt":"2023-12-13T16:39:17","slug":"reglement-du-service-juridique","status":"publish","type":"page","link":"https:\/\/www.sgb-fss.ch\/fr\/reglement-du-service-juridique\/","title":{"rendered":"R\u00e8glement du service juridique"},"content":{"rendered":"\n<p class=\"is-style-lead\">La F\u00e9d\u00e9ration suisse des sourds SGB-FSS offre des conseils juridiques en mati\u00e8re de droit public, notamment dans les domaines du droit des assurances sociales, ainsi qu&rsquo;en mati\u00e8re de droit civil, en particulier le droit de la discrimination.<\/p>\n\n\n\n<div class=\"wp-block-columns is-layout-flex wp-container-core-columns-is-layout-9d6595d7 wp-block-columns-is-layout-flex\">\n<div class=\"wp-block-column is-layout-flow wp-block-column-is-layout-flow\" style=\"flex-basis:100%\">\n<div class=\"wp-block-group has-pflaume-10-background-color has-background is-layout-constrained wp-block-group-is-layout-constrained\">\n<p><strong>\u00c9tat: 01.01.2024<br><\/strong><br><strong>1. Domaine d&rsquo;activit\u00e9<\/strong><\/p>\n\n\n\n<p>La F\u00e9d\u00e9ration Suisse des Sourds SGB-FSS propose des conseils juridiques dans les domaines suivants&nbsp;:<\/p>\n\n\n\n<ul class=\"wp-block-list\">\n<li>Affaires de droit public, en particulier droit de l\u2019assurance sociale,<\/li>\n\n\n\n<li>Affaires de droit civil, en particulier droit de discrimination.<\/li>\n<\/ul>\n\n\n\n<p>L\u2019offre ne s\u2019applique qu\u2019aux questions juridiques pr\u00e9sentant un lien direct et imm\u00e9diat \u00e0 la surdit\u00e9.<\/p>\n\n\n\n<p>Le service juridique de la F\u00e9d\u00e9ration des Sourds ne fournit pas de conseils juridiques aux collaborateurs de la F\u00e9d\u00e9ration des Sourds en lien avec leur rapport de travail.<\/p>\n\n\n\n<p>Les membres collectifs peuvent \u00e9galement poser des questions sur les associations. Le service juridique de la F\u00e9d\u00e9ration des Sourds n&rsquo;est pas disponible pour des conseils juridiques en rapport avec un rapport de travail, des amendes, des affaires p\u00e9nales et des litiges de droit priv\u00e9.<\/p>\n\n\n\n<p><strong><strong>2. <\/strong>Couts du conseil juridique<\/strong><\/p>\n\n\n\n<p>Nous vous donnons volontiers de brefs renseignements juridiques gratuits.<\/p>\n\n\n\n<p>Le conseil juridique est<\/p>\n\n\n\n<ul class=\"wp-block-list\">\n<li>gratuit pour les personnes malentendantes ou sourdes et leurs proches pendant la premi\u00e8re heure,<\/li>\n\n\n\n<li>par la suite un forfait de 100 CHF par cas sera factur\u00e9.<\/li>\n<\/ul>\n\n\n\n<p>Pour les organisations et toutes les autres parties, le conseil juridique co\u00fbte un forfait de 250 CHF par cas.<\/p>\n\n\n\n<p>Les membres collectifs paient un forfait de 85 CHF par cas.<\/p>\n\n\n\n<p><br><strong>3. Prise en charge de mandats\u00a0<\/strong><\/p>\n\n\n\n<p>Le service juridique de la F\u00e9d\u00e9ration des Sourds statue sur la prise en charge de mandats et la forme des mesures requises. Il se r\u00e9serve le droit de refuser un mandat en l\u2019absence de perspectives de succ\u00e8s, si le d\u00e9lai d\u2019intervention est trop court ou en cas de d\u00e9saccord quant \u00e0 l\u2019orientation ou la strat\u00e9gie de la proc\u00e9dure.<\/p>\n\n\n\n<p>Compte tenu des ressources disponibles, une repr\u00e9sentation personnelle devant les tribunaux n\u2019est en principe pas possible. Toutefois, d\u00e8s lors que les capacit\u00e9s le permettent, le service juridique de la F\u00e9d\u00e9ration des Sourds assume la repr\u00e9sentation juridique en mati\u00e8re de droit des assurances sociales, sauf si la F\u00e9d\u00e9ration des Sourds consid\u00e8re que l\u2019affaire est d\u00e9pourvue de chances de succ\u00e8s. En tout \u00e9tat de cause, les \u00e9ventuels d\u00e9pens reviennent au service juridique de la F\u00e9d\u00e9ration des Sourds.<\/p>\n\n\n\n<p>En l\u2019absence de capacit\u00e9 ou en cas de litiges dans d\u2019autres domaines du droit, le service juridique de la F\u00e9d\u00e9ration des Sourds dirige les demandeurs vers des avocates ou avocats comp\u00e9tents, dans la mesure du possible et pour autant que l\u2019affaire ne soit pas d\u00e9pourvue de chances de succ\u00e8s. \u00c0 cette fin, il entretient un r\u00e9seau d\u2019avocates et avocats de confiance qui informent r\u00e9guli\u00e8rement le service juridique de la F\u00e9d\u00e9ration des Sourds du d\u00e9roulement de la proc\u00e9dure, d\u00e8s lors que celle-ci prend en charge les frais de proc\u00e9dure. La F\u00e9d\u00e9ration des Sourds est habilit\u00e9e \u00e0 utiliser les \u00e9l\u00e9ments obtenus dans ce contexte dans le cadre de son but statutaire (dans le respect des dispositions relatives \u00e0 la protection des donn\u00e9es).<\/p>\n\n\n\n<p><strong>4. Droits et obligations des demandeurs<\/strong><\/p>\n\n\n\n<p>Les demandeurs doivent remettre au service juridique de la F\u00e9d\u00e9ration des Sourds des copies des polices d\u2019assurance existantes, en particulier de l\u2019assurance protection juridique, au plus tard \u00e0 la date d\u2019acceptation du mandat.<\/p>\n\n\n\n<p>Les demandeurs remettent tous les documents n\u00e9cessaires au service juridique et r\u00e9pondent de mani\u00e8re exhaustive et sinc\u00e8re \u00e0 toutes les demandes de renseignements. Les donn\u00e9es et informations confi\u00e9es sont trait\u00e9es de mani\u00e8re strictement confidentielle et conform\u00e9ment aux dispositions de la loi f\u00e9d\u00e9rale sur la protection des donn\u00e9es.<\/p>\n\n\n\n<p>Le traitement du cas est exclusivement confi\u00e9 au service juridique et, sans son consentement, aucune action ne peut \u00eatre entreprise en lien avec le cas en cause. Les demandeurs sont en permanence inform\u00e9s de l\u2019\u00e9volution de leur affaire.<\/p>\n\n\n\n<p>Si les demandeurs manquent \u00e0 l\u2019une ou plusieurs de ces obligations, le service juridique de la F\u00e9d\u00e9ration des Sourds peut renoncer au mandat et les frais peuvent \u00eatre mis totalement ou partiellement \u00e0 leur charge.<\/p>\n\n\n\n<p>Les frais d\u2019envoi et d\u2019assurance, ainsi que des retours, sont imput\u00e9s aux clientes et clients.<\/p>\n\n\n\n<p><strong>5. Modifications er adaptations<\/strong><\/p>\n\n\n\n<p>Le pr\u00e9sent r\u00e8glement peut \u00eatre modifi\u00e9 par \u00e9crit dans le cadre de la finalit\u00e9 pr\u00e9vue par le service juridique de la F\u00e9d\u00e9ration des Sourds.<\/p>\n\n\n\n<p><strong>6. Protection des donn\u00e9es<\/strong><\/p>\n\n\n\n<p>Pour les prestations de la F\u00e9d\u00e9ration des Sourds qui sont cofinanc\u00e9es par l&rsquo;Office f\u00e9d\u00e9ral des assurances sociales (OFAS), la F\u00e9d\u00e9ration des Sourds doit justifier de certaines donn\u00e9es aupr\u00e8s de e l&rsquo;OFAS (art. 74 LAI et\u00a0 CSOAPH). Dans certains cas, le service juridique traite des donn\u00e9es particuli\u00e8rement sensibles de la personne b\u00e9n\u00e9ficiaire des prestations \u00e0 des fins de conseil juridique et de rapport \u00e0 l&rsquo;OFAS.<\/p>\n\n\n\n<p><\/p>\n<\/div>\n<\/div>\n<\/div>\n\n\n<div class=\"block block-teasercontacts block-teasercontacts--boxed\" id=\"block_3c03f78b331025e35740a3995119a6c0\" data-block=\"Teaser Contacts\">\n    <div class=\"block-teasercontacts__header\"><p class=\"block-teasercontacts__title\">Des questions le R\u00e8glement?Je me r\u00e9jouis de recevoir ton message.<\/p><\/div>    <div class=\"block-teasercontacts__list\">\n                                        <div class=\"block-teasercontacts__item\">\n                <div class=\"block-teasercontacts__link\">\n                    <div class=\"block-teasercontacts__media\">\n                        <div class=\"block-teasercontacts__thumbnail accent__violet has-background-accent\">\n                                                              <div class=\"image block-teasercontacts__thumbnail-image\" >\n    <img decoding=\"async\"\n      loading=\"lazy\"\n      class=\"image__object lazyload\"\n      src=\"https:\/\/www.sgb-fss.ch\/content\/uploads\/2023\/04\/placeholder_16_9-1440x0-c-default.jpg\"       data-sizes=\"auto\"\n      data-srcset=\"https:\/\/www.sgb-fss.ch\/content\/uploads\/2023\/04\/placeholder_16_9-200x0-c-default.jpg 200w, https:\/\/www.sgb-fss.ch\/content\/uploads\/2023\/04\/placeholder_16_9-100x0-c-default.jpg 100w, \"\n      alt=\"\"\n      width=\"1024\"\n      height=\"576\"\n            >\n  <\/div>\n                                                    <\/div>\n                    <\/div>\n                    <div class=\"block-teasercontacts__text\">\n                        <p class=\"block-teasercontacts__name\"><strong><a href=\"https:\/\/www.sgb-fss.ch\/fr\/reglement-du-service-juridique\/\">R\u00e8glement du service juridique<\/a><\/strong><\/p>\n                                            <\/div>\n                    <div class=\"block-teasercontacts__contacts\">\n                                                    <p>\n                                                                                                                            <\/p>\n                                            <\/div>\n                <\/div>\n            <\/div>\n                    <\/div>\n<\/div>\n\n\n\n<p><\/p>\n","protected":false},"excerpt":{"rendered":"<p>La F\u00e9d\u00e9ration suisse des sourds SGB-FSS offre des conseils juridiques en mati\u00e8re de droit [&hellip;]<\/p>\n","protected":false},"author":40,"featured_media":12526,"parent":0,"menu_order":210,"comment_status":"closed","ping_status":"closed","template":"","meta":{"_acf_changed":false,"inline_featured_image":false,"footnotes":""},"class_list":["post-29497","page","type-page","status-publish","has-post-thumbnail","hentry"],"acf":[],"yoast_head":"<!-- This site is optimized with the Yoast SEO plugin v27.4 - https:\/\/yoast.com\/product\/yoast-seo-wordpress\/ -->\n<title>R\u00e8glement du service juridique - SGB-FSS<\/title>\n<meta name=\"robots\" content=\"index, follow, max-snippet:-1, max-image-preview:large, max-video-preview:-1\" \/>\n<link rel=\"canonical\" href=\"https:\/\/www.sgb-fss.ch\/fr\/reglement-du-service-juridique\/\" \/>\n<meta property=\"og:locale\" content=\"fr_FR\" \/>\n<meta property=\"og:type\" content=\"article\" \/>\n<meta property=\"og:title\" content=\"R\u00e8glement du service juridique - SGB-FSS\" \/>\n<meta property=\"og:description\" content=\"La F\u00e9d\u00e9ration suisse des sourds SGB-FSS offre des conseils juridiques en mati\u00e8re de droit [&hellip;]\" \/>\n<meta property=\"og:url\" content=\"https:\/\/www.sgb-fss.ch\/fr\/reglement-du-service-juridique\/\" \/>\n<meta property=\"og:site_name\" content=\"SGB-FSS\" \/>\n<meta property=\"article:modified_time\" content=\"2023-12-13T16:39:17+00:00\" \/>\n<meta property=\"og:image\" content=\"https:\/\/www.sgb-fss.ch\/content\/uploads\/2023\/04\/placeholder_16_9.jpg\" \/>\n\t<meta property=\"og:image:width\" content=\"1024\" \/>\n\t<meta property=\"og:image:height\" content=\"576\" \/>\n\t<meta property=\"og:image:type\" content=\"image\/jpeg\" \/>\n<meta name=\"twitter:card\" content=\"summary_large_image\" \/>\n<meta name=\"twitter:label1\" content=\"Dur\u00e9e de lecture estim\u00e9e\" \/>\n\t<meta name=\"twitter:data1\" content=\"5 minutes\" \/>\n<script type=\"application\/ld+json\" class=\"yoast-schema-graph\">{\"@context\":\"https:\\\/\\\/schema.org\",\"@graph\":[{\"@type\":\"WebPage\",\"@id\":\"https:\\\/\\\/www.sgb-fss.ch\\\/fr\\\/reglement-du-service-juridique\\\/\",\"url\":\"https:\\\/\\\/www.sgb-fss.ch\\\/fr\\\/reglement-du-service-juridique\\\/\",\"name\":\"R\u00e8glement du service juridique - SGB-FSS\",\"isPartOf\":{\"@id\":\"https:\\\/\\\/www.sgb-fss.ch\\\/de\\\/#website\"},\"primaryImageOfPage\":{\"@id\":\"https:\\\/\\\/www.sgb-fss.ch\\\/fr\\\/reglement-du-service-juridique\\\/#primaryimage\"},\"image\":{\"@id\":\"https:\\\/\\\/www.sgb-fss.ch\\\/fr\\\/reglement-du-service-juridique\\\/#primaryimage\"},\"thumbnailUrl\":\"https:\\\/\\\/www.sgb-fss.ch\\\/content\\\/uploads\\\/2023\\\/04\\\/placeholder_16_9.jpg\",\"datePublished\":\"2023-12-13T16:33:58+00:00\",\"dateModified\":\"2023-12-13T16:39:17+00:00\",\"breadcrumb\":{\"@id\":\"https:\\\/\\\/www.sgb-fss.ch\\\/fr\\\/reglement-du-service-juridique\\\/#breadcrumb\"},\"inLanguage\":\"fr-FR\",\"potentialAction\":[{\"@type\":\"ReadAction\",\"target\":[\"https:\\\/\\\/www.sgb-fss.ch\\\/fr\\\/reglement-du-service-juridique\\\/\"]}]},{\"@type\":\"ImageObject\",\"inLanguage\":\"fr-FR\",\"@id\":\"https:\\\/\\\/www.sgb-fss.ch\\\/fr\\\/reglement-du-service-juridique\\\/#primaryimage\",\"url\":\"https:\\\/\\\/www.sgb-fss.ch\\\/content\\\/uploads\\\/2023\\\/04\\\/placeholder_16_9.jpg\",\"contentUrl\":\"https:\\\/\\\/www.sgb-fss.ch\\\/content\\\/uploads\\\/2023\\\/04\\\/placeholder_16_9.jpg\",\"width\":1024,\"height\":576},{\"@type\":\"BreadcrumbList\",\"@id\":\"https:\\\/\\\/www.sgb-fss.ch\\\/fr\\\/reglement-du-service-juridique\\\/#breadcrumb\",\"itemListElement\":[{\"@type\":\"ListItem\",\"position\":1,\"name\":\"Home\",\"item\":\"https:\\\/\\\/www.sgb-fss.ch\\\/fr\\\/\"},{\"@type\":\"ListItem\",\"position\":2,\"name\":\"R\u00e8glement du service juridique\"}]},{\"@type\":\"WebSite\",\"@id\":\"https:\\\/\\\/www.sgb-fss.ch\\\/de\\\/#website\",\"url\":\"https:\\\/\\\/www.sgb-fss.ch\\\/de\\\/\",\"name\":\"SGB-FSS\",\"description\":\"\",\"potentialAction\":[{\"@type\":\"SearchAction\",\"target\":{\"@type\":\"EntryPoint\",\"urlTemplate\":\"https:\\\/\\\/www.sgb-fss.ch\\\/de\\\/?s={search_term_string}\"},\"query-input\":{\"@type\":\"PropertyValueSpecification\",\"valueRequired\":true,\"valueName\":\"search_term_string\"}}],\"inLanguage\":\"fr-FR\"}]}<\/script>\n<!-- \/ Yoast SEO plugin. -->","yoast_head_json":{"title":"R\u00e8glement du service juridique - SGB-FSS","robots":{"index":"index","follow":"follow","max-snippet":"max-snippet:-1","max-image-preview":"max-image-preview:large","max-video-preview":"max-video-preview:-1"},"canonical":"https:\/\/www.sgb-fss.ch\/fr\/reglement-du-service-juridique\/","og_locale":"fr_FR","og_type":"article","og_title":"R\u00e8glement du service juridique - SGB-FSS","og_description":"La F\u00e9d\u00e9ration suisse des sourds SGB-FSS offre des conseils juridiques en mati\u00e8re de droit [&hellip;]","og_url":"https:\/\/www.sgb-fss.ch\/fr\/reglement-du-service-juridique\/","og_site_name":"SGB-FSS","article_modified_time":"2023-12-13T16:39:17+00:00","og_image":[{"width":1024,"height":576,"url":"https:\/\/www.sgb-fss.ch\/content\/uploads\/2023\/04\/placeholder_16_9.jpg","type":"image\/jpeg"}],"twitter_card":"summary_large_image","twitter_misc":{"Dur\u00e9e de lecture estim\u00e9e":"5 minutes"},"schema":{"@context":"https:\/\/schema.org","@graph":[{"@type":"WebPage","@id":"https:\/\/www.sgb-fss.ch\/fr\/reglement-du-service-juridique\/","url":"https:\/\/www.sgb-fss.ch\/fr\/reglement-du-service-juridique\/","name":"R\u00e8glement du service juridique - SGB-FSS","isPartOf":{"@id":"https:\/\/www.sgb-fss.ch\/de\/#website"},"primaryImageOfPage":{"@id":"https:\/\/www.sgb-fss.ch\/fr\/reglement-du-service-juridique\/#primaryimage"},"image":{"@id":"https:\/\/www.sgb-fss.ch\/fr\/reglement-du-service-juridique\/#primaryimage"},"thumbnailUrl":"https:\/\/www.sgb-fss.ch\/content\/uploads\/2023\/04\/placeholder_16_9.jpg","datePublished":"2023-12-13T16:33:58+00:00","dateModified":"2023-12-13T16:39:17+00:00","breadcrumb":{"@id":"https:\/\/www.sgb-fss.ch\/fr\/reglement-du-service-juridique\/#breadcrumb"},"inLanguage":"fr-FR","potentialAction":[{"@type":"ReadAction","target":["https:\/\/www.sgb-fss.ch\/fr\/reglement-du-service-juridique\/"]}]},{"@type":"ImageObject","inLanguage":"fr-FR","@id":"https:\/\/www.sgb-fss.ch\/fr\/reglement-du-service-juridique\/#primaryimage","url":"https:\/\/www.sgb-fss.ch\/content\/uploads\/2023\/04\/placeholder_16_9.jpg","contentUrl":"https:\/\/www.sgb-fss.ch\/content\/uploads\/2023\/04\/placeholder_16_9.jpg","width":1024,"height":576},{"@type":"BreadcrumbList","@id":"https:\/\/www.sgb-fss.ch\/fr\/reglement-du-service-juridique\/#breadcrumb","itemListElement":[{"@type":"ListItem","position":1,"name":"Home","item":"https:\/\/www.sgb-fss.ch\/fr\/"},{"@type":"ListItem","position":2,"name":"R\u00e8glement du service juridique"}]},{"@type":"WebSite","@id":"https:\/\/www.sgb-fss.ch\/de\/#website","url":"https:\/\/www.sgb-fss.ch\/de\/","name":"SGB-FSS","description":"","potentialAction":[{"@type":"SearchAction","target":{"@type":"EntryPoint","urlTemplate":"https:\/\/www.sgb-fss.ch\/de\/?s={search_term_string}"},"query-input":{"@type":"PropertyValueSpecification","valueRequired":true,"valueName":"search_term_string"}}],"inLanguage":"fr-FR"}]}},"_links":{"self":[{"href":"https:\/\/www.sgb-fss.ch\/fr\/wp-json\/wp\/v2\/pages\/29497","targetHints":{"allow":["GET"]}}],"collection":[{"href":"https:\/\/www.sgb-fss.ch\/fr\/wp-json\/wp\/v2\/pages"}],"about":[{"href":"https:\/\/www.sgb-fss.ch\/fr\/wp-json\/wp\/v2\/types\/page"}],"author":[{"embeddable":true,"href":"https:\/\/www.sgb-fss.ch\/fr\/wp-json\/wp\/v2\/users\/40"}],"replies":[{"embeddable":true,"href":"https:\/\/www.sgb-fss.ch\/fr\/wp-json\/wp\/v2\/comments?post=29497"}],"version-history":[{"count":6,"href":"https:\/\/www.sgb-fss.ch\/fr\/wp-json\/wp\/v2\/pages\/29497\/revisions"}],"predecessor-version":[{"id":29559,"href":"https:\/\/www.sgb-fss.ch\/fr\/wp-json\/wp\/v2\/pages\/29497\/revisions\/29559"}],"wp:featuredmedia":[{"embeddable":true,"href":"https:\/\/www.sgb-fss.ch\/fr\/wp-json\/wp\/v2\/media\/12526"}],"wp:attachment":[{"href":"https:\/\/www.sgb-fss.ch\/fr\/wp-json\/wp\/v2\/media?parent=29497"}],"curies":[{"name":"wp","href":"https:\/\/api.w.org\/{rel}","templated":true}]}}