{"id":29178,"date":"2023-12-28T13:42:38","date_gmt":"2023-12-28T12:42:38","guid":{"rendered":"https:\/\/www.sgb-fss.ch\/?page_id=29178"},"modified":"2024-04-29T09:42:39","modified_gmt":"2024-04-29T07:42:39","slug":"boutique","status":"publish","type":"page","link":"https:\/\/www.sgb-fss.ch\/fr\/boutique\/","title":{"rendered":"Boutique"},"content":{"rendered":"\n<p class=\"is-style-lead has-schwarz-color has-text-color has-link-color wp-elements-0f2c6a183d915d50ac3eb56f0ba891ba\"><strong>Nous avons ferm\u00e9 la boutique en ligne \u00e0 la fin de l&rsquo;ann\u00e9e 2023.<\/strong>Si vous cherchez l&rsquo;alphabet des doigts, vous pouvez le t\u00e9l\u00e9charger directement ici.<\/p>\n\n\n\n<p>Si tu as des questions, n&rsquo;h\u00e9site pas \u00e0 nous contacter.<\/p>\n\n\n","protected":false},"excerpt":{"rendered":"<p>Nous avons ferm\u00e9 la boutique en ligne \u00e0 la fin de l&rsquo;ann\u00e9e 2023.Si vous [&hellip;]<\/p>\n","protected":false},"author":40,"featured_media":0,"parent":0,"menu_order":3,"comment_status":"closed","ping_status":"closed","template":"","meta":{"_acf_changed":false,"inline_featured_image":false,"footnotes":""},"class_list":["post-29178","page","type-page","status-publish","hentry"],"acf":[],"yoast_head":"<!-- This site is optimized with the Yoast SEO plugin v27.4 - https:\/\/yoast.com\/product\/yoast-seo-wordpress\/ -->\n<title>Boutique - SGB-FSS<\/title>\n<meta name=\"robots\" content=\"index, follow, max-snippet:-1, max-image-preview:large, max-video-preview:-1\" \/>\n<link rel=\"canonical\" href=\"https:\/\/www.sgb-fss.ch\/fr\/boutique\/\" \/>\n<meta property=\"og:locale\" content=\"fr_FR\" \/>\n<meta property=\"og:type\" content=\"article\" \/>\n<meta property=\"og:title\" content=\"Boutique - SGB-FSS\" \/>\n<meta property=\"og:description\" content=\"Nous avons ferm\u00e9 la boutique en ligne \u00e0 la fin de l&rsquo;ann\u00e9e 2023.Si vous [&hellip;]\" \/>\n<meta property=\"og:url\" content=\"https:\/\/www.sgb-fss.ch\/fr\/boutique\/\" \/>\n<meta property=\"og:site_name\" content=\"SGB-FSS\" \/>\n<meta property=\"article:modified_time\" content=\"2024-04-29T07:42:39+00:00\" \/>\n<meta name=\"twitter:card\" content=\"summary_large_image\" \/>\n<meta name=\"twitter:label1\" content=\"Dur\u00e9e de lecture estim\u00e9e\" \/>\n\t<meta name=\"twitter:data1\" content=\"1 minute\" \/>\n<script type=\"application\/ld+json\" class=\"yoast-schema-graph\">{\"@context\":\"https:\\\/\\\/schema.org\",\"@graph\":[{\"@type\":\"WebPage\",\"@id\":\"https:\\\/\\\/www.sgb-fss.ch\\\/fr\\\/boutique\\\/\",\"url\":\"https:\\\/\\\/www.sgb-fss.ch\\\/fr\\\/boutique\\\/\",\"name\":\"Boutique - SGB-FSS\",\"isPartOf\":{\"@id\":\"https:\\\/\\\/www.sgb-fss.ch\\\/de\\\/#website\"},\"datePublished\":\"2023-12-28T12:42:38+00:00\",\"dateModified\":\"2024-04-29T07:42:39+00:00\",\"breadcrumb\":{\"@id\":\"https:\\\/\\\/www.sgb-fss.ch\\\/fr\\\/boutique\\\/#breadcrumb\"},\"inLanguage\":\"fr-FR\",\"potentialAction\":[{\"@type\":\"ReadAction\",\"target\":[\"https:\\\/\\\/www.sgb-fss.ch\\\/fr\\\/boutique\\\/\"]}]},{\"@type\":\"BreadcrumbList\",\"@id\":\"https:\\\/\\\/www.sgb-fss.ch\\\/fr\\\/boutique\\\/#breadcrumb\",\"itemListElement\":[{\"@type\":\"ListItem\",\"position\":1,\"name\":\"Home\",\"item\":\"https:\\\/\\\/www.sgb-fss.ch\\\/fr\\\/\"},{\"@type\":\"ListItem\",\"position\":2,\"name\":\"Boutique\"}]},{\"@type\":\"WebSite\",\"@id\":\"https:\\\/\\\/www.sgb-fss.ch\\\/de\\\/#website\",\"url\":\"https:\\\/\\\/www.sgb-fss.ch\\\/de\\\/\",\"name\":\"SGB-FSS\",\"description\":\"\",\"potentialAction\":[{\"@type\":\"SearchAction\",\"target\":{\"@type\":\"EntryPoint\",\"urlTemplate\":\"https:\\\/\\\/www.sgb-fss.ch\\\/de\\\/?s={search_term_string}\"},\"query-input\":{\"@type\":\"PropertyValueSpecification\",\"valueRequired\":true,\"valueName\":\"search_term_string\"}}],\"inLanguage\":\"fr-FR\"}]}<\/script>\n<!-- \/ Yoast SEO plugin. -->","yoast_head_json":{"title":"Boutique - SGB-FSS","robots":{"index":"index","follow":"follow","max-snippet":"max-snippet:-1","max-image-preview":"max-image-preview:large","max-video-preview":"max-video-preview:-1"},"canonical":"https:\/\/www.sgb-fss.ch\/fr\/boutique\/","og_locale":"fr_FR","og_type":"article","og_title":"Boutique - SGB-FSS","og_description":"Nous avons ferm\u00e9 la boutique en ligne \u00e0 la fin de l&rsquo;ann\u00e9e 2023.Si vous [&hellip;]","og_url":"https:\/\/www.sgb-fss.ch\/fr\/boutique\/","og_site_name":"SGB-FSS","article_modified_time":"2024-04-29T07:42:39+00:00","twitter_card":"summary_large_image","twitter_misc":{"Dur\u00e9e de lecture estim\u00e9e":"1 minute"},"schema":{"@context":"https:\/\/schema.org","@graph":[{"@type":"WebPage","@id":"https:\/\/www.sgb-fss.ch\/fr\/boutique\/","url":"https:\/\/www.sgb-fss.ch\/fr\/boutique\/","name":"Boutique - SGB-FSS","isPartOf":{"@id":"https:\/\/www.sgb-fss.ch\/de\/#website"},"datePublished":"2023-12-28T12:42:38+00:00","dateModified":"2024-04-29T07:42:39+00:00","breadcrumb":{"@id":"https:\/\/www.sgb-fss.ch\/fr\/boutique\/#breadcrumb"},"inLanguage":"fr-FR","potentialAction":[{"@type":"ReadAction","target":["https:\/\/www.sgb-fss.ch\/fr\/boutique\/"]}]},{"@type":"BreadcrumbList","@id":"https:\/\/www.sgb-fss.ch\/fr\/boutique\/#breadcrumb","itemListElement":[{"@type":"ListItem","position":1,"name":"Home","item":"https:\/\/www.sgb-fss.ch\/fr\/"},{"@type":"ListItem","position":2,"name":"Boutique"}]},{"@type":"WebSite","@id":"https:\/\/www.sgb-fss.ch\/de\/#website","url":"https:\/\/www.sgb-fss.ch\/de\/","name":"SGB-FSS","description":"","potentialAction":[{"@type":"SearchAction","target":{"@type":"EntryPoint","urlTemplate":"https:\/\/www.sgb-fss.ch\/de\/?s={search_term_string}"},"query-input":{"@type":"PropertyValueSpecification","valueRequired":true,"valueName":"search_term_string"}}],"inLanguage":"fr-FR"}]}},"_links":{"self":[{"href":"https:\/\/www.sgb-fss.ch\/fr\/wp-json\/wp\/v2\/pages\/29178","targetHints":{"allow":["GET"]}}],"collection":[{"href":"https:\/\/www.sgb-fss.ch\/fr\/wp-json\/wp\/v2\/pages"}],"about":[{"href":"https:\/\/www.sgb-fss.ch\/fr\/wp-json\/wp\/v2\/types\/page"}],"author":[{"embeddable":true,"href":"https:\/\/www.sgb-fss.ch\/fr\/wp-json\/wp\/v2\/users\/40"}],"replies":[{"embeddable":true,"href":"https:\/\/www.sgb-fss.ch\/fr\/wp-json\/wp\/v2\/comments?post=29178"}],"version-history":[{"count":22,"href":"https:\/\/www.sgb-fss.ch\/fr\/wp-json\/wp\/v2\/pages\/29178\/revisions"}],"predecessor-version":[{"id":41821,"href":"https:\/\/www.sgb-fss.ch\/fr\/wp-json\/wp\/v2\/pages\/29178\/revisions\/41821"}],"wp:attachment":[{"href":"https:\/\/www.sgb-fss.ch\/fr\/wp-json\/wp\/v2\/media?parent=29178"}],"curies":[{"name":"wp","href":"https:\/\/api.w.org\/{rel}","templated":true}]}}