{"id":26953,"date":"2023-09-21T15:24:56","date_gmt":"2023-09-21T13:24:56","guid":{"rendered":"https:\/\/www.sgb-fss.ch\/?page_id=26953"},"modified":"2024-01-29T14:28:50","modified_gmt":"2024-01-29T13:28:50","slug":"excuses","status":"publish","type":"page","link":"https:\/\/www.sgb-fss.ch\/fr\/federation\/histoire-mouvementee\/excuses\/","title":{"rendered":"Des \u00abexcuses\u00bb qui ont un impact historique"},"content":{"rendered":"\n<p class=\"is-style-lead\">Le 23 septembre 2021, l&rsquo;association suisse des malentendants Sonos et les \u00e9coles pour malentendants et sourds de Suisse al\u00e9manique ont pleinement reconnu les d\u00e9cisions prises lors du congr\u00e8s ICED de Vancouver en 2010.<\/p>\n\n\n\n<figure class=\"wp-block-embed is-type-video is-provider-vimeo wp-block-embed-vimeo wp-embed-aspect-16-9 wp-has-aspect-ratio\"><div class=\"wp-block-embed__wrapper\">\n<iframe loading=\"lazy\" title=\"21_10.1_100ans_LSF.mp4\" src=\"https:\/\/player.vimeo.com\/video\/623849718?dnt=1&amp;app_id=122963\" width=\"500\" height=\"281\" frameborder=\"0\" allow=\"autoplay; fullscreen; picture-in-picture; clipboard-write\"><\/iframe>\n<\/div><\/figure>\n\n\n\n<p>Suivant de pr\u00e8s le texte et les id\u00e9es de la d\u00e9claration de principe du congr\u00e8s de 2010, Sonos et les \u00e9coles pour sourds et malentendants de Suisse al\u00e9manique, apr\u00e8s consultation de la F\u00e9d\u00e9ration Suisse des Sourds SGB-FSS, ont sign\u00e9 une <a href=\"https:\/\/www.sgb-fss.ch\/content\/uploads\/2023\/09\/a4-unterschrift-zusammenarbeit-sgb-fss-sonos-f.pdf\">d\u00e9claration historique<\/a> pour reconna\u00eetre la souffrance caus\u00e9e \u00e0 plusieurs g\u00e9n\u00e9rations de personnes sourdes.<\/p>\n\n\n\n<p>L&rsquo;\u00e9v\u00e9nement a eu lieu \u00e0 la Haute \u00e9cole p\u00e9dagogique de Zurich, a \u00e9t\u00e9 retransmis <strong><a href=\"https:\/\/www.facebook.com\/watch\/live\/?ref=watch_permalink&amp;v=967796237099928\">en direct via Facebook<\/a><\/strong> live et a pu \u00eatre suivi par toutes les personnes int\u00e9ress\u00e9es.<\/p>\n\n\n\n<p>Christian Trepp, pr\u00e9sident de Sonos, Daniel Artmann, directeur du Centre de l&rsquo;audition et du langage de Zurich, et Tatjana Binggeli, pr\u00e9sidente de la F\u00e9d\u00e9ration Suisse des Sourds, ont pris la parole \u00e0 tour de r\u00f4le. Sonos a exprim\u00e9 ses regrets sinc\u00e8res pour les ann\u00e9es de r\u00e9pression et a consolid\u00e9 la volont\u00e9 commune de s&rsquo;engager \u00e0 l&rsquo;avenir pour une \u00e9ducation bilingue, multilingue et \u00e9galitaire des enfants sourds et de faire avancer la reconnaissance officielle des langues des signes par la Conf\u00e9d\u00e9ration.<\/p>\n\n\n\n<h2 class=\"wp-block-heading\"><\/h2>\n\n\n\n<div class=\"wp-block-group has-schwarz-25-background-color has-background is-layout-constrained wp-block-group-is-layout-constrained\"><div class=\"block block-teaserpages\" id=\"block_337a1b7fb402d2eb23da01af4d64f7d0\" data-block=\"Teaser Pages\">\n  <ul class=\"block-teaserpages__list\">\n            <li class=\"block-teaserpages__item\">\n        <a class=\"accent teaserpage\" href=\"https:\/\/www.sgb-fss.ch\/fr\/downloads\/\">\n  <div class=\"teaserpage__thumbnail\">\n            <div class=\"image teaserpage__thumbnail-image\" >\n    <img decoding=\"async\"\n      loading=\"lazy\"\n      class=\"image__object lazyload\"\n      src=\"https:\/\/www.sgb-fss.ch\/content\/uploads\/2024\/01\/downloads-f-1440x0-c-default.jpg\"       data-sizes=\"auto\"\n      data-srcset=\"https:\/\/www.sgb-fss.ch\/content\/uploads\/2024\/01\/downloads-f-1000x0-c-default.jpg 1000w, https:\/\/www.sgb-fss.ch\/content\/uploads\/2024\/01\/downloads-f-700x0-c-default.jpg 700w, https:\/\/www.sgb-fss.ch\/content\/uploads\/2024\/01\/downloads-f-350x0-c-default.jpg 350w, \"\n      alt=\"\"\n      width=\"1890\"\n      height=\"1063\"\n            >\n  <\/div>\n      <\/div>\n  <h3 class=\"teaserpage__title\">Downloads<\/h3>\n  <p class=\"teaserpage__lead\">Tu trouveras ici toutes les donn\u00e9es relatives \u00e0 cette page ainsi qu&rsquo;\u00e0 tous les autres domaines \u00e0 t\u00e9l\u00e9charger.<\/p>  <\/a>\n      <\/li>\n    <\/ul>\n<\/div>\n<\/div>\n","protected":false},"excerpt":{"rendered":"<p>Le 23 septembre 2021, l&rsquo;association suisse des malentendants Sonos et les \u00e9coles pour malentendants [&hellip;]<\/p>\n","protected":false},"author":8,"featured_media":26887,"parent":8780,"menu_order":0,"comment_status":"closed","ping_status":"closed","template":"","meta":{"_acf_changed":false,"inline_featured_image":false,"footnotes":""},"class_list":["post-26953","page","type-page","status-publish","has-post-thumbnail","hentry"],"acf":[],"yoast_head":"<!-- This site is optimized with the Yoast SEO plugin v27.4 - https:\/\/yoast.com\/product\/yoast-seo-wordpress\/ -->\n<title>Des \u00abexcuses\u00bb qui ont un impact historique - SGB-FSS<\/title>\n<meta name=\"robots\" content=\"index, follow, max-snippet:-1, max-image-preview:large, max-video-preview:-1\" \/>\n<link rel=\"canonical\" href=\"https:\/\/www.sgb-fss.ch\/fr\/federation\/histoire-mouvementee\/excuses\/\" \/>\n<meta property=\"og:locale\" content=\"fr_FR\" \/>\n<meta property=\"og:type\" content=\"article\" \/>\n<meta property=\"og:title\" content=\"Des \u00abexcuses\u00bb qui ont un impact historique - SGB-FSS\" \/>\n<meta property=\"og:description\" content=\"Le 23 septembre 2021, l&rsquo;association suisse des malentendants Sonos et les \u00e9coles pour malentendants [&hellip;]\" \/>\n<meta property=\"og:url\" content=\"https:\/\/www.sgb-fss.ch\/fr\/federation\/histoire-mouvementee\/excuses\/\" \/>\n<meta property=\"og:site_name\" content=\"SGB-FSS\" \/>\n<meta property=\"article:modified_time\" content=\"2024-01-29T13:28:50+00:00\" \/>\n<meta property=\"og:image\" content=\"https:\/\/www.sgb-fss.ch\/content\/uploads\/2023\/09\/entschuldigung_unterschreiben-scaled.jpg\" \/>\n\t<meta property=\"og:image:width\" content=\"2560\" \/>\n\t<meta property=\"og:image:height\" content=\"1440\" \/>\n\t<meta property=\"og:image:type\" content=\"image\/jpeg\" \/>\n<meta name=\"twitter:card\" content=\"summary_large_image\" \/>\n<meta name=\"twitter:label1\" content=\"Dur\u00e9e de lecture estim\u00e9e\" \/>\n\t<meta name=\"twitter:data1\" content=\"2 minutes\" \/>\n<script type=\"application\/ld+json\" class=\"yoast-schema-graph\">{\"@context\":\"https:\\\/\\\/schema.org\",\"@graph\":[{\"@type\":\"WebPage\",\"@id\":\"https:\\\/\\\/www.sgb-fss.ch\\\/fr\\\/federation\\\/histoire-mouvementee\\\/excuses\\\/\",\"url\":\"https:\\\/\\\/www.sgb-fss.ch\\\/fr\\\/federation\\\/histoire-mouvementee\\\/excuses\\\/\",\"name\":\"Des \u00abexcuses\u00bb qui ont un impact historique - SGB-FSS\",\"isPartOf\":{\"@id\":\"https:\\\/\\\/www.sgb-fss.ch\\\/de\\\/#website\"},\"primaryImageOfPage\":{\"@id\":\"https:\\\/\\\/www.sgb-fss.ch\\\/fr\\\/federation\\\/histoire-mouvementee\\\/excuses\\\/#primaryimage\"},\"image\":{\"@id\":\"https:\\\/\\\/www.sgb-fss.ch\\\/fr\\\/federation\\\/histoire-mouvementee\\\/excuses\\\/#primaryimage\"},\"thumbnailUrl\":\"https:\\\/\\\/www.sgb-fss.ch\\\/content\\\/uploads\\\/2023\\\/09\\\/entschuldigung_unterschreiben-scaled.jpg\",\"datePublished\":\"2023-09-21T13:24:56+00:00\",\"dateModified\":\"2024-01-29T13:28:50+00:00\",\"breadcrumb\":{\"@id\":\"https:\\\/\\\/www.sgb-fss.ch\\\/fr\\\/federation\\\/histoire-mouvementee\\\/excuses\\\/#breadcrumb\"},\"inLanguage\":\"fr-FR\",\"potentialAction\":[{\"@type\":\"ReadAction\",\"target\":[\"https:\\\/\\\/www.sgb-fss.ch\\\/fr\\\/federation\\\/histoire-mouvementee\\\/excuses\\\/\"]}]},{\"@type\":\"ImageObject\",\"inLanguage\":\"fr-FR\",\"@id\":\"https:\\\/\\\/www.sgb-fss.ch\\\/fr\\\/federation\\\/histoire-mouvementee\\\/excuses\\\/#primaryimage\",\"url\":\"https:\\\/\\\/www.sgb-fss.ch\\\/content\\\/uploads\\\/2023\\\/09\\\/entschuldigung_unterschreiben-scaled.jpg\",\"contentUrl\":\"https:\\\/\\\/www.sgb-fss.ch\\\/content\\\/uploads\\\/2023\\\/09\\\/entschuldigung_unterschreiben-scaled.jpg\",\"width\":2560,\"height\":1440},{\"@type\":\"BreadcrumbList\",\"@id\":\"https:\\\/\\\/www.sgb-fss.ch\\\/fr\\\/federation\\\/histoire-mouvementee\\\/excuses\\\/#breadcrumb\",\"itemListElement\":[{\"@type\":\"ListItem\",\"position\":1,\"name\":\"Home\",\"item\":\"https:\\\/\\\/www.sgb-fss.ch\\\/fr\\\/\"},{\"@type\":\"ListItem\",\"position\":2,\"name\":\"F\u00e9d\u00e9ration\",\"item\":\"https:\\\/\\\/www.sgb-fss.ch\\\/fr\\\/federation\\\/\"},{\"@type\":\"ListItem\",\"position\":3,\"name\":\"Histoire mouvement\u00e9e\",\"item\":\"https:\\\/\\\/www.sgb-fss.ch\\\/fr\\\/federation\\\/histoire-mouvementee\\\/\"},{\"@type\":\"ListItem\",\"position\":4,\"name\":\"Des \u00abexcuses\u00bb qui ont un impact historique\"}]},{\"@type\":\"WebSite\",\"@id\":\"https:\\\/\\\/www.sgb-fss.ch\\\/de\\\/#website\",\"url\":\"https:\\\/\\\/www.sgb-fss.ch\\\/de\\\/\",\"name\":\"SGB-FSS\",\"description\":\"\",\"potentialAction\":[{\"@type\":\"SearchAction\",\"target\":{\"@type\":\"EntryPoint\",\"urlTemplate\":\"https:\\\/\\\/www.sgb-fss.ch\\\/de\\\/?s={search_term_string}\"},\"query-input\":{\"@type\":\"PropertyValueSpecification\",\"valueRequired\":true,\"valueName\":\"search_term_string\"}}],\"inLanguage\":\"fr-FR\"}]}<\/script>\n<!-- \/ Yoast SEO plugin. -->","yoast_head_json":{"title":"Des \u00abexcuses\u00bb qui ont un impact historique - SGB-FSS","robots":{"index":"index","follow":"follow","max-snippet":"max-snippet:-1","max-image-preview":"max-image-preview:large","max-video-preview":"max-video-preview:-1"},"canonical":"https:\/\/www.sgb-fss.ch\/fr\/federation\/histoire-mouvementee\/excuses\/","og_locale":"fr_FR","og_type":"article","og_title":"Des \u00abexcuses\u00bb qui ont un impact historique - SGB-FSS","og_description":"Le 23 septembre 2021, l&rsquo;association suisse des malentendants Sonos et les \u00e9coles pour malentendants [&hellip;]","og_url":"https:\/\/www.sgb-fss.ch\/fr\/federation\/histoire-mouvementee\/excuses\/","og_site_name":"SGB-FSS","article_modified_time":"2024-01-29T13:28:50+00:00","og_image":[{"width":2560,"height":1440,"url":"https:\/\/www.sgb-fss.ch\/content\/uploads\/2023\/09\/entschuldigung_unterschreiben-scaled.jpg","type":"image\/jpeg"}],"twitter_card":"summary_large_image","twitter_misc":{"Dur\u00e9e de lecture estim\u00e9e":"2 minutes"},"schema":{"@context":"https:\/\/schema.org","@graph":[{"@type":"WebPage","@id":"https:\/\/www.sgb-fss.ch\/fr\/federation\/histoire-mouvementee\/excuses\/","url":"https:\/\/www.sgb-fss.ch\/fr\/federation\/histoire-mouvementee\/excuses\/","name":"Des \u00abexcuses\u00bb qui ont un impact historique - SGB-FSS","isPartOf":{"@id":"https:\/\/www.sgb-fss.ch\/de\/#website"},"primaryImageOfPage":{"@id":"https:\/\/www.sgb-fss.ch\/fr\/federation\/histoire-mouvementee\/excuses\/#primaryimage"},"image":{"@id":"https:\/\/www.sgb-fss.ch\/fr\/federation\/histoire-mouvementee\/excuses\/#primaryimage"},"thumbnailUrl":"https:\/\/www.sgb-fss.ch\/content\/uploads\/2023\/09\/entschuldigung_unterschreiben-scaled.jpg","datePublished":"2023-09-21T13:24:56+00:00","dateModified":"2024-01-29T13:28:50+00:00","breadcrumb":{"@id":"https:\/\/www.sgb-fss.ch\/fr\/federation\/histoire-mouvementee\/excuses\/#breadcrumb"},"inLanguage":"fr-FR","potentialAction":[{"@type":"ReadAction","target":["https:\/\/www.sgb-fss.ch\/fr\/federation\/histoire-mouvementee\/excuses\/"]}]},{"@type":"ImageObject","inLanguage":"fr-FR","@id":"https:\/\/www.sgb-fss.ch\/fr\/federation\/histoire-mouvementee\/excuses\/#primaryimage","url":"https:\/\/www.sgb-fss.ch\/content\/uploads\/2023\/09\/entschuldigung_unterschreiben-scaled.jpg","contentUrl":"https:\/\/www.sgb-fss.ch\/content\/uploads\/2023\/09\/entschuldigung_unterschreiben-scaled.jpg","width":2560,"height":1440},{"@type":"BreadcrumbList","@id":"https:\/\/www.sgb-fss.ch\/fr\/federation\/histoire-mouvementee\/excuses\/#breadcrumb","itemListElement":[{"@type":"ListItem","position":1,"name":"Home","item":"https:\/\/www.sgb-fss.ch\/fr\/"},{"@type":"ListItem","position":2,"name":"F\u00e9d\u00e9ration","item":"https:\/\/www.sgb-fss.ch\/fr\/federation\/"},{"@type":"ListItem","position":3,"name":"Histoire mouvement\u00e9e","item":"https:\/\/www.sgb-fss.ch\/fr\/federation\/histoire-mouvementee\/"},{"@type":"ListItem","position":4,"name":"Des \u00abexcuses\u00bb qui ont un impact historique"}]},{"@type":"WebSite","@id":"https:\/\/www.sgb-fss.ch\/de\/#website","url":"https:\/\/www.sgb-fss.ch\/de\/","name":"SGB-FSS","description":"","potentialAction":[{"@type":"SearchAction","target":{"@type":"EntryPoint","urlTemplate":"https:\/\/www.sgb-fss.ch\/de\/?s={search_term_string}"},"query-input":{"@type":"PropertyValueSpecification","valueRequired":true,"valueName":"search_term_string"}}],"inLanguage":"fr-FR"}]}},"_links":{"self":[{"href":"https:\/\/www.sgb-fss.ch\/fr\/wp-json\/wp\/v2\/pages\/26953","targetHints":{"allow":["GET"]}}],"collection":[{"href":"https:\/\/www.sgb-fss.ch\/fr\/wp-json\/wp\/v2\/pages"}],"about":[{"href":"https:\/\/www.sgb-fss.ch\/fr\/wp-json\/wp\/v2\/types\/page"}],"author":[{"embeddable":true,"href":"https:\/\/www.sgb-fss.ch\/fr\/wp-json\/wp\/v2\/users\/8"}],"replies":[{"embeddable":true,"href":"https:\/\/www.sgb-fss.ch\/fr\/wp-json\/wp\/v2\/comments?post=26953"}],"version-history":[{"count":19,"href":"https:\/\/www.sgb-fss.ch\/fr\/wp-json\/wp\/v2\/pages\/26953\/revisions"}],"predecessor-version":[{"id":32051,"href":"https:\/\/www.sgb-fss.ch\/fr\/wp-json\/wp\/v2\/pages\/26953\/revisions\/32051"}],"up":[{"embeddable":true,"href":"https:\/\/www.sgb-fss.ch\/fr\/wp-json\/wp\/v2\/pages\/8780"}],"wp:featuredmedia":[{"embeddable":true,"href":"https:\/\/www.sgb-fss.ch\/fr\/wp-json\/wp\/v2\/media\/26887"}],"wp:attachment":[{"href":"https:\/\/www.sgb-fss.ch\/fr\/wp-json\/wp\/v2\/media?parent=26953"}],"curies":[{"name":"wp","href":"https:\/\/api.w.org\/{rel}","templated":true}]}}