{"id":26861,"date":"2023-09-21T10:43:27","date_gmt":"2023-09-21T08:43:27","guid":{"rendered":"https:\/\/www.sgb-fss.ch\/?page_id=26861"},"modified":"2025-01-08T13:14:55","modified_gmt":"2025-01-08T12:14:55","slug":"histoire-de-la-federation-suisse-des-sourds","status":"publish","type":"page","link":"https:\/\/www.sgb-fss.ch\/fr\/federation\/histoire-mouvementee\/histoire-de-la-federation-suisse-des-sourds\/","title":{"rendered":"Histoire de la F\u00e9d\u00e9ration Suisse des Sourds"},"content":{"rendered":"\n<p class=\"is-style-lead\">De l\u2019aide aux sourds-muets \u00e0 l\u2019association fa\u00eeti\u00e8re nationale de l\u2019entraide des personnes sourdes, nous avons une histoire mouvement\u00e9e derri\u00e8re nous et continuons \u00e0 faire face \u00e0 de multiples t\u00e2ches et d\u00e9fis.<\/p>\n\n\n\n<figure class=\"wp-block-image size-full\"><img decoding=\"async\" src=\"https:\/\/www.sgb-fss.ch\/content\/uploads\/2021\/06\/geschichte_sgb-e1624527112502.jpg\" alt=\"\" class=\"wp-image-7739\"\/><figcaption class=\"wp-element-caption\">Banni\u00e8re de la Schweizerische Gesellschaft der Geh\u00f6rlosen (SGdG), pr\u00e9sent\u00e9e lors de la Journ\u00e9e des sourds de 1943 au Beatenberg.<\/figcaption><\/figure>\n\n\n\n<p><strong>Origine de la F\u00e9d\u00e9ration Suisse des Sourds<\/strong><br>Les premi\u00e8res \u00e9coles pour sourds ont \u00e9t\u00e9 cr\u00e9\u00e9es en Suisse au d\u00e9but du XIXe si\u00e8cle sur la base d\u2019initiatives priv\u00e9es. Parall\u00e8lement, les personnes sourdes ont cr\u00e9\u00e9 leurs propres associations dans les cantons. Et \u00e0 la fin du XIXe si\u00e8cle, suite aux d\u00e9cisions du fameux Congr\u00e8s de Milan, 2e Congr\u00e8s international rassemblant des \u00e9ducateurs pour sourds, la langue des signes \u00e9t\u00e9 bannie de l\u2019enseignement scolaire, au profit exclusif du courant oraliste. Ces d\u00e9cisions ont eu un impact important sur le quotidien et la participation sociale de la communaut\u00e9 sourde et ont conduit \u00e0 des exp\u00e9riences d\u2019oppression.<\/p>\n\n\n\n<p><strong>1946 \u2013 Fondation de la F\u00e9d\u00e9ration Suisse des Sourds<br><\/strong>Dans les premi\u00e8res associations d\u2019aide aux personnes sourdes, les postes de direction \u00e9taient occup\u00e9s presque exclusivement par des personnes entendantes, qui d\u00e9cidaient de la vie et du destin des personnes sourdes et malentendantes. Les associations de personnes sourdes s\u2019y sont oppos\u00e9es tr\u00e8s t\u00f4t en invoquant le droit \u00e0 l\u2019autod\u00e9termination. Quelques tentatives ant\u00e9rieures de cr\u00e9er une organisation nationale des associations de personnes sourdes ont malheureusement \u00e9chou\u00e9 pour diverses raisons. C\u2019est dans ce contexte que fut fond\u00e9e <strong>le 17 f\u00e9vrier 1946 <\/strong>la F\u00e9d\u00e9ration Suisse des Sourds (SGB-FSS), <strong>une organisation d\u2019entraide<\/strong> encore tr\u00e8s active aujourd\u2019hui et qui s\u2019engage toujours en faveur des int\u00e9r\u00eats des personnes sourdes en Suisse.<\/p>\n\n\n\n<p><strong>Le mouvement \u2039Deaf Power\u203a<\/strong><br>Dans le sillage des mouvements sociaux de minorit\u00e9s qui ont d\u00e9but\u00e9 aux \u00c9tats-Unis, est n\u00e9 le mouvement \u00abDeaf Power\u00bb pour l\u2019\u00e9mancipation et les droits des personnes sourdes. Ce mouvement a atteint la Suisse \u00e0 la fin des ann\u00e9es 1980 et marqu\u00e9 toute une g\u00e9n\u00e9ration de jeunes sourds. La revendication du droit \u00e0 l\u2019autod\u00e9termination et \u00e0 sa propre identit\u00e9 culturelle et linguistique, en particulier \u00e0 la langue des signes, \u00e9tait au centre des d\u00e9bats avec les experts entendants. Pour la premi\u00e8re fois, des personnes sourdes sont parvenues \u00e0 se hisser \u00e0 des postes de direction de l\u2019\u2039aide aux sourds-muets\u203a et \u00e0 faire valoir leurs int\u00e9r\u00eats.<\/p>\n\n\n\n<p><strong>Une organisation fa\u00eeti\u00e8re nationale<\/strong><br>Le mouvement d\u2019\u00e9mancipation s\u2019est toutefois concentr\u00e9 au sein des associations de personnes sourdes et de la F\u00e9d\u00e9ration Suisse des Sourds. En tant qu\u2019organisation fa\u00eeti\u00e8re nationale, la F\u00e9d\u00e9ration Suisse des Sourds est devenue une f\u00e9d\u00e9ration de premier plan qui s\u2019engageait en faveur des int\u00e9r\u00eats de la communaut\u00e9 sourde et luttait pour leurs droits sur le plan politique et social. \u00c0 ses d\u00e9buts, le mouvement d\u2019\u00e9mancipation des personnes sourdes a fait l\u2019objet de critiques de la part des institutions du domaine de la surdit\u00e9 et s\u2019est heurt\u00e9 \u00e0 des r\u00e9sistances.<\/p>\n\n\n\n<p><strong>Renforcement de la langue des signes<\/strong><br>La F\u00e9d\u00e9ration Suisse des Sourds et ses membres ont travaill\u00e9 avec une grande d\u00e9termination pour sortir la langue des signes de l\u2019ombre et faire valoir son importance sociale. Un premier t\u00e9l\u00e9script est commercialis\u00e9, un service de placement pour interpr\u00e8tes en langue des signes est cr\u00e9\u00e9, les premiers cours de langue des signes sont mis en place et d\u2019autres offres pilotes importantes pour la communaut\u00e9 sourde sont lanc\u00e9es. La reconnaissance sociale des langues des signes dans les \u00e9coles et la soci\u00e9t\u00e9 \u00e9tait et reste encore aujourd\u2019hui un objectif essentiel de la F\u00e9d\u00e9ration Suisse des Sourds.<\/p>\n\n\n\n<p><strong>R\u00e9gionalisation<\/strong><br>En 1987, la F\u00e9d\u00e9ration Suisse des Sourds se r\u00e9gionalise. Cette r\u00e9gionalisation donne naissance \u00e0 la section Suisse al\u00e9manique (SGB-DS) et la section Suisse romande (FSS-RR). Elles sont rejointes plus tard par la section tessinoise (FSS-RI). Une codirection des sections r\u00e9gionales assure alors la coordination des travaux des associations. Les trois associations r\u00e9gionales d\u00e9cident en 2006 de fusionner en une organisation fa\u00eeti\u00e8re nationale, la F\u00e9d\u00e9ration Suisse des Sourds et adaptent les structures de la f\u00e9d\u00e9ration \u00e0 cette nouvelle orientation.<\/p>\n\n\n\n<p><strong>Autod\u00e9termination<\/strong><br>Depuis, la F\u00e9d\u00e9ration Suisse des Sourds a approfondi ses structures nationales, affin\u00e9 ses strat\u00e9gies et renforc\u00e9 ses revendications sur le plan social et politique. Ce changement a conduit du b\u00e9n\u00e9volat des d\u00e9buts \u00e0 une f\u00e9d\u00e9ration professionnelle qui continue \u00e0 s\u2019engager en faveur de l\u2019entraide, mais d\u00e9fend aussi, en tant qu\u2019experte, les int\u00e9r\u00eats de la communaut\u00e9 sourde en collaboration avec ses membres. L\u2019autod\u00e9termination des personnes sourdes et malentendantes est rest\u00e9e la valeur centrale de la F\u00e9d\u00e9ration Suisse des Sourds, laquelle guidera \u00e9galement son action future.<\/p>\n\n\n\n<h2 class=\"wp-block-heading\"><\/h2>\n\n\n\n<div class=\"wp-block-group has-schwarz-25-background-color has-background is-layout-constrained wp-block-group-is-layout-constrained\"><div class=\"block block-teaserpages\" id=\"block_1720499da44dd2b4a6ac2a4e2487d724\" data-block=\"Teaser Pages\">\n  <ul class=\"block-teaserpages__list\">\n            <li class=\"block-teaserpages__item\">\n        <a class=\"accent teaserpage\" href=\"https:\/\/www.sgb-fss.ch\/fr\/downloads\/\">\n  <div class=\"teaserpage__thumbnail\">\n            <div class=\"image teaserpage__thumbnail-image\" >\n    <img decoding=\"async\"\n      loading=\"lazy\"\n      class=\"image__object lazyload\"\n      src=\"https:\/\/www.sgb-fss.ch\/content\/uploads\/2024\/01\/downloads-f-1440x0-c-default.jpg\"       data-sizes=\"auto\"\n      data-srcset=\"https:\/\/www.sgb-fss.ch\/content\/uploads\/2024\/01\/downloads-f-1000x0-c-default.jpg 1000w, https:\/\/www.sgb-fss.ch\/content\/uploads\/2024\/01\/downloads-f-700x0-c-default.jpg 700w, https:\/\/www.sgb-fss.ch\/content\/uploads\/2024\/01\/downloads-f-350x0-c-default.jpg 350w, \"\n      alt=\"\"\n      width=\"1890\"\n      height=\"1063\"\n            >\n  <\/div>\n      <\/div>\n  <h3 class=\"teaserpage__title\">Downloads<\/h3>\n  <p class=\"teaserpage__lead\">Tu trouveras ici toutes les donn\u00e9es relatives \u00e0 cette page ainsi qu&rsquo;\u00e0 tous les autres domaines \u00e0 t\u00e9l\u00e9charger.<\/p>  <\/a>\n      <\/li>\n    <\/ul>\n<\/div>\n<\/div>\n","protected":false},"excerpt":{"rendered":"<p>De l\u2019aide aux sourds-muets \u00e0 l\u2019association fa\u00eeti\u00e8re nationale de l\u2019entraide des personnes sourdes, nous [&hellip;]<\/p>\n","protected":false},"author":8,"featured_media":7739,"parent":8780,"menu_order":0,"comment_status":"closed","ping_status":"closed","template":"","meta":{"_acf_changed":false,"inline_featured_image":false,"footnotes":""},"class_list":["post-26861","page","type-page","status-publish","has-post-thumbnail","hentry"],"acf":[],"yoast_head":"<!-- This site is optimized with the Yoast SEO plugin v27.4 - https:\/\/yoast.com\/product\/yoast-seo-wordpress\/ -->\n<title>Histoire de la F\u00e9d\u00e9ration Suisse des Sourds - SGB-FSS<\/title>\n<meta name=\"robots\" content=\"index, follow, max-snippet:-1, max-image-preview:large, max-video-preview:-1\" \/>\n<link rel=\"canonical\" href=\"https:\/\/www.sgb-fss.ch\/fr\/federation\/histoire-mouvementee\/histoire-de-la-federation-suisse-des-sourds\/\" \/>\n<meta property=\"og:locale\" content=\"fr_FR\" \/>\n<meta property=\"og:type\" content=\"article\" \/>\n<meta property=\"og:title\" content=\"Histoire de la F\u00e9d\u00e9ration Suisse des Sourds - SGB-FSS\" \/>\n<meta property=\"og:description\" content=\"De l\u2019aide aux sourds-muets \u00e0 l\u2019association fa\u00eeti\u00e8re nationale de l\u2019entraide des personnes sourdes, nous [&hellip;]\" \/>\n<meta property=\"og:url\" content=\"https:\/\/www.sgb-fss.ch\/fr\/federation\/histoire-mouvementee\/histoire-de-la-federation-suisse-des-sourds\/\" \/>\n<meta property=\"og:site_name\" content=\"SGB-FSS\" \/>\n<meta property=\"article:modified_time\" content=\"2025-01-08T12:14:55+00:00\" \/>\n<meta property=\"og:image\" content=\"https:\/\/www.sgb-fss.ch\/content\/uploads\/2021\/06\/geschichte_sgb-e1624527112502.jpg\" \/>\n\t<meta property=\"og:image:width\" content=\"1025\" \/>\n\t<meta property=\"og:image:height\" content=\"646\" \/>\n\t<meta property=\"og:image:type\" content=\"image\/jpeg\" \/>\n<meta name=\"twitter:card\" content=\"summary_large_image\" \/>\n<meta name=\"twitter:label1\" content=\"Dur\u00e9e de lecture estim\u00e9e\" \/>\n\t<meta name=\"twitter:data1\" content=\"5 minutes\" \/>\n<script type=\"application\/ld+json\" class=\"yoast-schema-graph\">{\"@context\":\"https:\\\/\\\/schema.org\",\"@graph\":[{\"@type\":\"WebPage\",\"@id\":\"https:\\\/\\\/www.sgb-fss.ch\\\/fr\\\/federation\\\/histoire-mouvementee\\\/histoire-de-la-federation-suisse-des-sourds\\\/\",\"url\":\"https:\\\/\\\/www.sgb-fss.ch\\\/fr\\\/federation\\\/histoire-mouvementee\\\/histoire-de-la-federation-suisse-des-sourds\\\/\",\"name\":\"Histoire de la F\u00e9d\u00e9ration Suisse des Sourds - SGB-FSS\",\"isPartOf\":{\"@id\":\"https:\\\/\\\/www.sgb-fss.ch\\\/de\\\/#website\"},\"primaryImageOfPage\":{\"@id\":\"https:\\\/\\\/www.sgb-fss.ch\\\/fr\\\/federation\\\/histoire-mouvementee\\\/histoire-de-la-federation-suisse-des-sourds\\\/#primaryimage\"},\"image\":{\"@id\":\"https:\\\/\\\/www.sgb-fss.ch\\\/fr\\\/federation\\\/histoire-mouvementee\\\/histoire-de-la-federation-suisse-des-sourds\\\/#primaryimage\"},\"thumbnailUrl\":\"https:\\\/\\\/www.sgb-fss.ch\\\/content\\\/uploads\\\/2021\\\/06\\\/geschichte_sgb-e1624527112502.jpg\",\"datePublished\":\"2023-09-21T08:43:27+00:00\",\"dateModified\":\"2025-01-08T12:14:55+00:00\",\"breadcrumb\":{\"@id\":\"https:\\\/\\\/www.sgb-fss.ch\\\/fr\\\/federation\\\/histoire-mouvementee\\\/histoire-de-la-federation-suisse-des-sourds\\\/#breadcrumb\"},\"inLanguage\":\"fr-FR\",\"potentialAction\":[{\"@type\":\"ReadAction\",\"target\":[\"https:\\\/\\\/www.sgb-fss.ch\\\/fr\\\/federation\\\/histoire-mouvementee\\\/histoire-de-la-federation-suisse-des-sourds\\\/\"]}]},{\"@type\":\"ImageObject\",\"inLanguage\":\"fr-FR\",\"@id\":\"https:\\\/\\\/www.sgb-fss.ch\\\/fr\\\/federation\\\/histoire-mouvementee\\\/histoire-de-la-federation-suisse-des-sourds\\\/#primaryimage\",\"url\":\"https:\\\/\\\/www.sgb-fss.ch\\\/content\\\/uploads\\\/2021\\\/06\\\/geschichte_sgb-e1624527112502.jpg\",\"contentUrl\":\"https:\\\/\\\/www.sgb-fss.ch\\\/content\\\/uploads\\\/2021\\\/06\\\/geschichte_sgb-e1624527112502.jpg\",\"width\":1025,\"height\":646},{\"@type\":\"BreadcrumbList\",\"@id\":\"https:\\\/\\\/www.sgb-fss.ch\\\/fr\\\/federation\\\/histoire-mouvementee\\\/histoire-de-la-federation-suisse-des-sourds\\\/#breadcrumb\",\"itemListElement\":[{\"@type\":\"ListItem\",\"position\":1,\"name\":\"Home\",\"item\":\"https:\\\/\\\/www.sgb-fss.ch\\\/fr\\\/\"},{\"@type\":\"ListItem\",\"position\":2,\"name\":\"F\u00e9d\u00e9ration\",\"item\":\"https:\\\/\\\/www.sgb-fss.ch\\\/fr\\\/federation\\\/\"},{\"@type\":\"ListItem\",\"position\":3,\"name\":\"Histoire mouvement\u00e9e\",\"item\":\"https:\\\/\\\/www.sgb-fss.ch\\\/fr\\\/federation\\\/histoire-mouvementee\\\/\"},{\"@type\":\"ListItem\",\"position\":4,\"name\":\"Histoire de la F\u00e9d\u00e9ration Suisse des Sourds\"}]},{\"@type\":\"WebSite\",\"@id\":\"https:\\\/\\\/www.sgb-fss.ch\\\/de\\\/#website\",\"url\":\"https:\\\/\\\/www.sgb-fss.ch\\\/de\\\/\",\"name\":\"SGB-FSS\",\"description\":\"\",\"potentialAction\":[{\"@type\":\"SearchAction\",\"target\":{\"@type\":\"EntryPoint\",\"urlTemplate\":\"https:\\\/\\\/www.sgb-fss.ch\\\/de\\\/?s={search_term_string}\"},\"query-input\":{\"@type\":\"PropertyValueSpecification\",\"valueRequired\":true,\"valueName\":\"search_term_string\"}}],\"inLanguage\":\"fr-FR\"}]}<\/script>\n<!-- \/ Yoast SEO plugin. -->","yoast_head_json":{"title":"Histoire de la F\u00e9d\u00e9ration Suisse des Sourds - SGB-FSS","robots":{"index":"index","follow":"follow","max-snippet":"max-snippet:-1","max-image-preview":"max-image-preview:large","max-video-preview":"max-video-preview:-1"},"canonical":"https:\/\/www.sgb-fss.ch\/fr\/federation\/histoire-mouvementee\/histoire-de-la-federation-suisse-des-sourds\/","og_locale":"fr_FR","og_type":"article","og_title":"Histoire de la F\u00e9d\u00e9ration Suisse des Sourds - SGB-FSS","og_description":"De l\u2019aide aux sourds-muets \u00e0 l\u2019association fa\u00eeti\u00e8re nationale de l\u2019entraide des personnes sourdes, nous [&hellip;]","og_url":"https:\/\/www.sgb-fss.ch\/fr\/federation\/histoire-mouvementee\/histoire-de-la-federation-suisse-des-sourds\/","og_site_name":"SGB-FSS","article_modified_time":"2025-01-08T12:14:55+00:00","og_image":[{"width":1025,"height":646,"url":"https:\/\/www.sgb-fss.ch\/content\/uploads\/2021\/06\/geschichte_sgb-e1624527112502.jpg","type":"image\/jpeg"}],"twitter_card":"summary_large_image","twitter_misc":{"Dur\u00e9e de lecture estim\u00e9e":"5 minutes"},"schema":{"@context":"https:\/\/schema.org","@graph":[{"@type":"WebPage","@id":"https:\/\/www.sgb-fss.ch\/fr\/federation\/histoire-mouvementee\/histoire-de-la-federation-suisse-des-sourds\/","url":"https:\/\/www.sgb-fss.ch\/fr\/federation\/histoire-mouvementee\/histoire-de-la-federation-suisse-des-sourds\/","name":"Histoire de la F\u00e9d\u00e9ration Suisse des Sourds - SGB-FSS","isPartOf":{"@id":"https:\/\/www.sgb-fss.ch\/de\/#website"},"primaryImageOfPage":{"@id":"https:\/\/www.sgb-fss.ch\/fr\/federation\/histoire-mouvementee\/histoire-de-la-federation-suisse-des-sourds\/#primaryimage"},"image":{"@id":"https:\/\/www.sgb-fss.ch\/fr\/federation\/histoire-mouvementee\/histoire-de-la-federation-suisse-des-sourds\/#primaryimage"},"thumbnailUrl":"https:\/\/www.sgb-fss.ch\/content\/uploads\/2021\/06\/geschichte_sgb-e1624527112502.jpg","datePublished":"2023-09-21T08:43:27+00:00","dateModified":"2025-01-08T12:14:55+00:00","breadcrumb":{"@id":"https:\/\/www.sgb-fss.ch\/fr\/federation\/histoire-mouvementee\/histoire-de-la-federation-suisse-des-sourds\/#breadcrumb"},"inLanguage":"fr-FR","potentialAction":[{"@type":"ReadAction","target":["https:\/\/www.sgb-fss.ch\/fr\/federation\/histoire-mouvementee\/histoire-de-la-federation-suisse-des-sourds\/"]}]},{"@type":"ImageObject","inLanguage":"fr-FR","@id":"https:\/\/www.sgb-fss.ch\/fr\/federation\/histoire-mouvementee\/histoire-de-la-federation-suisse-des-sourds\/#primaryimage","url":"https:\/\/www.sgb-fss.ch\/content\/uploads\/2021\/06\/geschichte_sgb-e1624527112502.jpg","contentUrl":"https:\/\/www.sgb-fss.ch\/content\/uploads\/2021\/06\/geschichte_sgb-e1624527112502.jpg","width":1025,"height":646},{"@type":"BreadcrumbList","@id":"https:\/\/www.sgb-fss.ch\/fr\/federation\/histoire-mouvementee\/histoire-de-la-federation-suisse-des-sourds\/#breadcrumb","itemListElement":[{"@type":"ListItem","position":1,"name":"Home","item":"https:\/\/www.sgb-fss.ch\/fr\/"},{"@type":"ListItem","position":2,"name":"F\u00e9d\u00e9ration","item":"https:\/\/www.sgb-fss.ch\/fr\/federation\/"},{"@type":"ListItem","position":3,"name":"Histoire mouvement\u00e9e","item":"https:\/\/www.sgb-fss.ch\/fr\/federation\/histoire-mouvementee\/"},{"@type":"ListItem","position":4,"name":"Histoire de la F\u00e9d\u00e9ration Suisse des Sourds"}]},{"@type":"WebSite","@id":"https:\/\/www.sgb-fss.ch\/de\/#website","url":"https:\/\/www.sgb-fss.ch\/de\/","name":"SGB-FSS","description":"","potentialAction":[{"@type":"SearchAction","target":{"@type":"EntryPoint","urlTemplate":"https:\/\/www.sgb-fss.ch\/de\/?s={search_term_string}"},"query-input":{"@type":"PropertyValueSpecification","valueRequired":true,"valueName":"search_term_string"}}],"inLanguage":"fr-FR"}]}},"_links":{"self":[{"href":"https:\/\/www.sgb-fss.ch\/fr\/wp-json\/wp\/v2\/pages\/26861","targetHints":{"allow":["GET"]}}],"collection":[{"href":"https:\/\/www.sgb-fss.ch\/fr\/wp-json\/wp\/v2\/pages"}],"about":[{"href":"https:\/\/www.sgb-fss.ch\/fr\/wp-json\/wp\/v2\/types\/page"}],"author":[{"embeddable":true,"href":"https:\/\/www.sgb-fss.ch\/fr\/wp-json\/wp\/v2\/users\/8"}],"replies":[{"embeddable":true,"href":"https:\/\/www.sgb-fss.ch\/fr\/wp-json\/wp\/v2\/comments?post=26861"}],"version-history":[{"count":6,"href":"https:\/\/www.sgb-fss.ch\/fr\/wp-json\/wp\/v2\/pages\/26861\/revisions"}],"predecessor-version":[{"id":36462,"href":"https:\/\/www.sgb-fss.ch\/fr\/wp-json\/wp\/v2\/pages\/26861\/revisions\/36462"}],"up":[{"embeddable":true,"href":"https:\/\/www.sgb-fss.ch\/fr\/wp-json\/wp\/v2\/pages\/8780"}],"wp:featuredmedia":[{"embeddable":true,"href":"https:\/\/www.sgb-fss.ch\/fr\/wp-json\/wp\/v2\/media\/7739"}],"wp:attachment":[{"href":"https:\/\/www.sgb-fss.ch\/fr\/wp-json\/wp\/v2\/media?parent=26861"}],"curies":[{"name":"wp","href":"https:\/\/api.w.org\/{rel}","templated":true}]}}