{"id":24890,"date":"2023-08-28T11:28:20","date_gmt":"2023-08-28T09:28:20","guid":{"rendered":"https:\/\/www.sgb-fss.ch\/?page_id=24890"},"modified":"2026-03-04T16:13:17","modified_gmt":"2026-03-04T15:13:17","slug":"examen-professionnel-federal","status":"publish","type":"page","link":"https:\/\/www.sgb-fss.ch\/fr\/languesdessignes\/examen-professionnel-federal\/","title":{"rendered":"Examen professionnel f\u00e9d\u00e9ral d\u2019enseignant en langue des signes"},"content":{"rendered":"\n<p class=\"is-style-lead\">La F\u00e9d\u00e9ration suisse des sourds est responsable de l\u2019organisation des examens professionnels f\u00e9d\u00e9raux pour les enseignants en langue des signes. Apr\u00e8s avoir r\u00e9ussi l\u2019examen, les candidats* sont r\u00e9compens\u00e9s par un dipl\u00f4me officiellement reconnu par le Secr\u00e9tariat d\u2019\u00c9tat \u00e0 la formation, \u00e0 la recherche et \u00e0 l\u2019innovation (SEFRI).<\/p>\n\n\n\n<div class=\"wp-block-columns is-layout-flex wp-container-core-columns-is-layout-9d6595d7 wp-block-columns-is-layout-flex\">\n<div class=\"wp-block-column has-sgb-fss-rot-background-color has-background is-layout-flow wp-block-column-is-layout-flow\">\n<div class=\"wp-block-group is-layout-constrained wp-block-group-is-layout-constrained\">\n<div class=\"wp-block-group is-layout-constrained wp-block-group-is-layout-constrained\">\n<p class=\"has-weiss-color has-text-color has-link-color wp-elements-250ad4b39660cdf33fa6d2a7acbdfb30\">Le prochain examen professionnel aura lieu en novembre 2026.<\/p>\n<\/div>\n\n\n\n<p><strong>Le d\u00e9lai d\u2019inscription est fix\u00e9 au 9 avril 2026.<\/strong><\/p>\n\n\n\n<p>Toutes les informations concernant les conditions d\u2019admission, l\u2019inscription, le d\u00e9roulement, les taxes et les dates figurent dans la publication officielle 2026.<\/p>\n\n\n\n<p class=\"has-weiss-color has-text-color has-link-color wp-elements-d6d1537b52ae10d67f1dfaf54431aa8c\"><strong><a href=\"https:\/\/www.sgb-fss.ch\/content\/uploads\/0.-fr-2026-ausschreibung_bp_gsl.pdf-2.pdf\">Publication 2026<\/a><\/strong><\/p>\n<\/div>\n<\/div>\n<\/div>\n\n\n\n<div class=\"wp-block-columns is-layout-flex wp-container-core-columns-is-layout-9d6595d7 wp-block-columns-is-layout-flex\">\n<div class=\"wp-block-column is-layout-flow wp-block-column-is-layout-flow\" style=\"flex-basis:100%\">\n<div class=\"wp-block-group has-sgb-fss-blue-15-background-color has-background is-layout-constrained wp-block-group-is-layout-constrained\">\n<h2 class=\"wp-block-heading\"><strong><strong>Conditions d&rsquo;admission<\/strong><\/strong><\/h2>\n\n\n\n<p><strong>Sont admis \u00e0 l\u2019examen les candidats qui:<\/strong><\/p>\n\n\n\n<p><strong>a)<\/strong> poss\u00e8dent un titre du degr\u00e9 secondaire II ou une qualification \u00e9quivalente&nbsp;;<br><br><strong>b) <\/strong>poss\u00e8dent un certificat de branche ELS ou peuvent justifier de comp\u00e9tences \u00e9quivalentes acquises ailleurs;<\/p>\n\n\n\n<p><strong>c)<\/strong> ont acquis au moins deux ans de pratique dans le domaine professionnel apr\u00e8s l\u2019obtention du certificat de branche ELS ou peuvent justifier d\u2019une comp\u00e9tence \u00e9quivalente.<\/p>\n\n\n\n<p><strong><a href=\"https:\/\/www.sgb-fss.ch\/content\/uploads\/1.-vorlage-f_kriterien-fuer-zulassung-alternativ-erworbene-kompetenzen-neu.pdf\">Crit\u00e8res pour les candidats <em>sans<\/em> certificat de branche<\/a><\/strong><\/p>\n<\/div>\n<\/div>\n<\/div>\n\n\n\n<div class=\"wp-block-columns is-layout-flex wp-container-core-columns-is-layout-9d6595d7 wp-block-columns-is-layout-flex\">\n<div class=\"wp-block-column is-layout-flow wp-block-column-is-layout-flow\" style=\"flex-basis:100%\">\n<div class=\"wp-block-group has-sgb-fss-rot-15-background-color has-background is-layout-constrained wp-block-group-is-layout-constrained\">\n<h2 class=\"wp-block-heading\">R\u00e8glement d&rsquo;examen<\/h2>\n\n\n\n<p><strong>Objectif de l&rsquo;examen<\/strong><br>L\u2019examen professionnel f\u00e9d\u00e9ral sert \u00e0 v\u00e9rifier de mani\u00e8re d\u00e9finitive si les candidats disposent des comp\u00e9tences requises \u00e0 l\u2019exercice d\u2019une profession exigeante et responsable.<\/p>\n\n\n\n<p><strong>Domaine d&rsquo;activit\u00e9<\/strong><br>Les enseignants de langue des signes travaillent dans diverses institutions publiques et priv\u00e9es (p. ex. institut de langues, \u00e9cole, administration) ainsi qu\u2019au domicile de particuliers. Ils enseignent et soutiennent des individus et des groupes dans un contexte bimodal-bilingue et biculturel.<\/p>\n\n\n\n<p><strong><strong><a href=\"https:\/\/www.sgb-fss.ch\/content\/uploads\/2.-f_pruefungsordnung_bp_gsl.pdf\">Plus d&rsquo;informations sur le r\u00e8glement de l&rsquo;examen<\/a><\/strong><\/strong><\/p>\n<\/div>\n<\/div>\n<\/div>\n\n\n\n<div class=\"wp-block-columns is-layout-flex wp-container-core-columns-is-layout-9d6595d7 wp-block-columns-is-layout-flex\">\n<div class=\"wp-block-column is-layout-flow wp-block-column-is-layout-flow\" style=\"flex-basis:100%\">\n<div class=\"wp-block-group has-pflaume-10-background-color has-background is-layout-constrained wp-block-group-is-layout-constrained\">\n<h2 class=\"wp-block-heading\"><strong><strong>Guide<\/strong><\/strong><\/h2>\n\n\n\n<p>Le guide relatif au r\u00e8glement d\u2019examen s\u2019adresse en premier lieu aux participants \u00e0 l\u2019examen. Il pr\u00e9cise le r\u00e8glement d\u2019examen et contient toutes les informations pertinentes pour la pr\u00e9paration et le d\u00e9roulement de l\u2019examen professionnel.<\/p>\n\n\n\n<p>Le secr\u00e9tariat des examens accomplit, sur mandat de la commission d\u2019examen, les t\u00e2ches administratives li\u00e9es \u00e0 l\u2019examen et constitue l\u2019interlocuteur pour toute question \u00e0 ce sujet.<\/p>\n\n\n\n<p><strong><a href=\"https:\/\/www.sgb-fss.ch\/content\/uploads\/3.-neu-wl_bp_gsl_f_20230123_20260218.pdf\">Le guide relatif au r\u00e8glement d\u2019examen<\/a><\/strong><\/p>\n<\/div>\n<\/div>\n<\/div>\n\n\n\n<div class=\"wp-block-columns is-layout-flex wp-container-core-columns-is-layout-9d6595d7 wp-block-columns-is-layout-flex\">\n<div class=\"wp-block-column is-layout-flow wp-block-column-is-layout-flow\" style=\"flex-basis:100%\">\n<div class=\"wp-block-group has-sgb-fss-blue-15-background-color has-background is-layout-constrained wp-block-group-is-layout-constrained\">\n<h2 class=\"wp-block-heading\">Parties d\u2019examen<\/h2>\n\n\n\n<p>1. <strong>Travail de projet<\/strong><br>Dans le travail de projet, la candidate ou le candidat se penche de mani\u00e8re approfondie sur un th\u00e8me de son propre domaine d&rsquo;activit\u00e9 et met en r\u00e9seau, \u00e0 l&rsquo;aide de sa propre pratique, les comp\u00e9tences op\u00e9rationnelles acquises. Le travail de projet doit \u00eatre remis au plus tard <strong>quatre semaines avant le d\u00e9but de l&rsquo;examen.<\/strong><\/p>\n\n\n\n<p><strong><a href=\"https:\/\/www.sgb-fss.ch\/content\/uploads\/4.-leitfaden_pa_sgb-2024-fr.pdf\">Guide du travail de projet<\/a><\/strong><\/p>\n\n\n\n<p>2. <strong>Connaissances sp\u00e9cialis\u00e9es<\/strong><br>&#8211; Position 1 : questions ouvertes<br>&#8211; position 2 : \u00e9tudes (de cas pour plus de d\u00e9tails, voir le <a href=\"https:\/\/www.sgb-fss.ch\/content\/uploads\/2024\/03\/f_2024-reglement-dexamen.pdf\">r\u00e8glement d&rsquo;examen<\/a> (paragraphe 5.1))<\/p>\n\n\n\n<p>3. <strong><strong>R\u00e9alisation d&rsquo;une le\u00e7on d&rsquo;enseignement, r\u00e9flexion<\/strong><\/strong><br>La le\u00e7on d\u2019enseignement est un examen pratique qui se d\u00e9roule dans une institution du milieu des personnes sourdes, mais pas sur le lieu de travail habituel du la candidat. Elle \u00e9value l\u2019interaction des comp\u00e9tences professionnelles centrales. Sont \u00e9valu\u00e9s l\u2019organisation, la d\u00e9marche, le contenu et la r\u00e9alisation de la le\u00e7on ainsi que l\u2019entretien d\u2019examen qui suit avec les experts.<\/p>\n\n\n\n<p><strong><a href=\"https:\/\/www.sgb-fss.ch\/content\/uploads\/5.-f-leitfaden-unterrichtslektion_bp_gsl-def.pdf\">Informations sur l&rsquo;examen pratique \/ le\u00e7on d&rsquo;enseignement<\/a><\/strong><\/p>\n<\/div>\n<\/div>\n<\/div>\n\n\n\n<div class=\"wp-block-columns is-layout-flex wp-container-core-columns-is-layout-9d6595d7 wp-block-columns-is-layout-flex\">\n<div class=\"wp-block-column is-layout-flow wp-block-column-is-layout-flow\" style=\"flex-basis:100%\">\n<div class=\"wp-block-group has-indigo-10-background-color has-background is-layout-constrained wp-block-group-is-layout-constrained\">\n<h2 class=\"wp-block-heading\"><strong><strong>Formulaires et fiches d&rsquo;information<\/strong><\/strong><\/h2>\n\n\n\n<p><strong>Inscription \u00e0 l&rsquo;examen professionnel<\/strong><br>Les annexes n\u00e9cessaires sont mentionn\u00e9s sur le formulaire d\u2019inscription.<\/p>\n\n\n\n<p><strong><a href=\"https:\/\/www.sgb-fss.ch\/content\/uploads\/6.-f-vorlage-anmeldeformular_bp_gsl-2026.docx\">Formulaire d&rsquo;inscription<\/a><\/strong><\/p>\n\n\n\n<p><strong>Proposition de travail de projet<\/strong><br>La proposition de travail de projet doit \u00eatre envoy\u00e9e au secr\u00e9tariat d\u2019examen en un seul exemplaire et comprend une \u00e0 deux pages. L\u2019envoi de la proposition est une condition pr\u00e9alable \u00e0 l\u2019\u00e9laboration du travail de projet.<\/p>\n\n\n\n<p><strong><strong><a href=\"https:\/\/www.sgb-fss.ch\/content\/uploads\/7.-f-dispo-projektarbeit_bp_gsl-2026.docx\">Formulaire Proposition de travail de projet<\/a><\/strong><\/strong><\/p>\n\n\n\n<p><strong>Recours en cas de non-admission<\/strong><br>La d\u00e9cision de non-admission \u00e0 un examen ou de non-attribution d\u2019un brevet ou d\u2019un dipl\u00f4me f\u00e9d\u00e9ral est toujours d\u00e9cevante. Avant de d\u00e9poser un recours, la premi\u00e8re chose \u00e0 faire est de consulter le dossier d\u2019examen aupr\u00e8s de la commission d\u2019examen.<\/p>\n\n\n\n<p><strong><a href=\"https:\/\/www.sgb-fss.ch\/content\/uploads\/8.-merkblatt-beschwerde-f.pdf\">Plus d&rsquo;informations sur les recours<\/a><\/strong><\/p>\n<\/div>\n<\/div>\n<\/div>\n\n\n<div class=\"block block-teasercontacts block-teasercontacts--boxed\" id=\"block_8cd76167abbd488d1bcf9f8365fe7da8\" data-block=\"Teaser Contacts\">\n    <div class=\"block-teasercontacts__header\"><p class=\"block-teasercontacts__title\">Questions concernant l\u2019examen professionnel f\u00e9d\u00e9ral ?<\/p><\/div>    <div class=\"block-teasercontacts__list\">\n                                        <div class=\"block-teasercontacts__item\">\n                <div class=\"block-teasercontacts__link\">\n                    <div class=\"block-teasercontacts__media\">\n                        <div class=\"block-teasercontacts__thumbnail accent__red has-background-accent\">\n                                                              <div class=\"image block-teasercontacts__thumbnail-image\" >\n    <img decoding=\"async\"\n      loading=\"lazy\"\n      class=\"image__object lazyload\"\n      src=\"https:\/\/www.sgb-fss.ch\/content\/uploads\/pruefungssekretatriat-1440x0-c-default.jpg\"       data-sizes=\"auto\"\n      data-srcset=\"https:\/\/www.sgb-fss.ch\/content\/uploads\/pruefungssekretatriat-200x0-c-default.jpg 200w, https:\/\/www.sgb-fss.ch\/content\/uploads\/pruefungssekretatriat-100x0-c-default.jpg 100w, \"\n      alt=\"\"\n      width=\"591\"\n      height=\"591\"\n            >\n  <\/div>\n                                                    <\/div>\n                    <\/div>\n                    <div class=\"block-teasercontacts__text\">\n                        <p class=\"block-teasercontacts__name\"><strong><a href=\"https:\/\/www.sgb-fss.ch\/fr\/author\/contact-examen-professionnel\/\">Contact \u2013 Examen professionnel<\/a><\/strong><\/p>\n                        <p class=\"block-teasercontacts__lead\">Secr\u00e9tariat des examens<\/p>                    <\/div>\n                    <div class=\"block-teasercontacts__contacts\">\n                                                    <p>\n                                                                <a class=\"wp-block-button is-style-transparent\" href=\"mailto:pruefungssekretariat@sgb-fss.ch\"><span class=\"wp-block-button__link\"><i class=\"icon icon--mail\"><svg data-name=\"Ebene 1\" xmlns=\"http:\/\/www.w3.org\/2000\/svg\" viewBox=\"0 0 24 24\"><path d=\"M20.76 2.31H3.24A3.12 3.12 0 0 0 .12 5.43v13.14a3.12 3.12 0 0 0 3.12 3.12h17.52a3.12 3.12 0 0 0 3.12-3.12V5.43a3.12 3.12 0 0 0-3.12-3.12zM2.09 5a1.27 1.27 0 0 1 1.15-.78h17.52a1.24 1.24 0 0 1 1.11.74l.05.09-.09.06L12 12l-.07-.05-9.87-6.9zM22 18.57a1.26 1.26 0 0 1-1.26 1.27H3.24A1.27 1.27 0 0 1 2 18.57V7.21l9.5 6.69a.89.89 0 0 0 1 0L22 7.25z\"\/><\/svg><\/i><span class=\"wp-block-button__label\">pruefungssekretariat@sgb-fss.ch<\/span><\/span><\/a>                                                            <\/p>\n                                            <\/div>\n                <\/div>\n            <\/div>\n                    <\/div>\n<\/div>\n\n\n\n<p><\/p>\n","protected":false},"excerpt":{"rendered":"<p>La F\u00e9d\u00e9ration suisse des sourds est responsable de l\u2019organisation des examens professionnels f\u00e9d\u00e9raux pour [&hellip;]<\/p>\n","protected":false},"author":40,"featured_media":37369,"parent":9113,"menu_order":4,"comment_status":"closed","ping_status":"closed","template":"","meta":{"_acf_changed":false,"inline_featured_image":false,"footnotes":""},"class_list":["post-24890","page","type-page","status-publish","has-post-thumbnail","hentry"],"acf":[],"yoast_head":"<!-- This site is optimized with the Yoast SEO plugin v27.4 - https:\/\/yoast.com\/product\/yoast-seo-wordpress\/ -->\n<title>Examen professionnel f\u00e9d\u00e9ral d\u2019enseignant en langue des signes - SGB-FSS<\/title>\n<meta name=\"robots\" content=\"index, follow, max-snippet:-1, max-image-preview:large, max-video-preview:-1\" \/>\n<link rel=\"canonical\" href=\"https:\/\/www.sgb-fss.ch\/fr\/languesdessignes\/examen-professionnel-federal\/\" \/>\n<meta property=\"og:locale\" content=\"fr_FR\" \/>\n<meta property=\"og:type\" content=\"article\" \/>\n<meta property=\"og:title\" content=\"Examen professionnel f\u00e9d\u00e9ral d\u2019enseignant en langue des signes - SGB-FSS\" \/>\n<meta property=\"og:description\" content=\"La F\u00e9d\u00e9ration suisse des sourds est responsable de l\u2019organisation des examens professionnels f\u00e9d\u00e9raux pour [&hellip;]\" \/>\n<meta property=\"og:url\" content=\"https:\/\/www.sgb-fss.ch\/fr\/languesdessignes\/examen-professionnel-federal\/\" \/>\n<meta property=\"og:site_name\" content=\"SGB-FSS\" \/>\n<meta property=\"article:modified_time\" content=\"2026-03-04T15:13:17+00:00\" \/>\n<meta property=\"og:image\" content=\"https:\/\/www.sgb-fss.ch\/content\/uploads\/2025\/02\/diplom_1_bearbeitet.png\" \/>\n\t<meta property=\"og:image:width\" content=\"734\" \/>\n\t<meta property=\"og:image:height\" content=\"586\" \/>\n\t<meta property=\"og:image:type\" content=\"image\/png\" \/>\n<meta name=\"twitter:card\" content=\"summary_large_image\" \/>\n<meta name=\"twitter:label1\" content=\"Dur\u00e9e de lecture estim\u00e9e\" \/>\n\t<meta name=\"twitter:data1\" content=\"4 minutes\" \/>\n<script type=\"application\/ld+json\" class=\"yoast-schema-graph\">{\"@context\":\"https:\\\/\\\/schema.org\",\"@graph\":[{\"@type\":\"WebPage\",\"@id\":\"https:\\\/\\\/www.sgb-fss.ch\\\/fr\\\/languesdessignes\\\/examen-professionnel-federal\\\/\",\"url\":\"https:\\\/\\\/www.sgb-fss.ch\\\/fr\\\/languesdessignes\\\/examen-professionnel-federal\\\/\",\"name\":\"Examen professionnel f\u00e9d\u00e9ral d\u2019enseignant en langue des signes - SGB-FSS\",\"isPartOf\":{\"@id\":\"https:\\\/\\\/www.sgb-fss.ch\\\/de\\\/#website\"},\"primaryImageOfPage\":{\"@id\":\"https:\\\/\\\/www.sgb-fss.ch\\\/fr\\\/languesdessignes\\\/examen-professionnel-federal\\\/#primaryimage\"},\"image\":{\"@id\":\"https:\\\/\\\/www.sgb-fss.ch\\\/fr\\\/languesdessignes\\\/examen-professionnel-federal\\\/#primaryimage\"},\"thumbnailUrl\":\"https:\\\/\\\/www.sgb-fss.ch\\\/content\\\/uploads\\\/2025\\\/02\\\/diplom_1_bearbeitet.png\",\"datePublished\":\"2023-08-28T09:28:20+00:00\",\"dateModified\":\"2026-03-04T15:13:17+00:00\",\"breadcrumb\":{\"@id\":\"https:\\\/\\\/www.sgb-fss.ch\\\/fr\\\/languesdessignes\\\/examen-professionnel-federal\\\/#breadcrumb\"},\"inLanguage\":\"fr-FR\",\"potentialAction\":[{\"@type\":\"ReadAction\",\"target\":[\"https:\\\/\\\/www.sgb-fss.ch\\\/fr\\\/languesdessignes\\\/examen-professionnel-federal\\\/\"]}]},{\"@type\":\"ImageObject\",\"inLanguage\":\"fr-FR\",\"@id\":\"https:\\\/\\\/www.sgb-fss.ch\\\/fr\\\/languesdessignes\\\/examen-professionnel-federal\\\/#primaryimage\",\"url\":\"https:\\\/\\\/www.sgb-fss.ch\\\/content\\\/uploads\\\/2025\\\/02\\\/diplom_1_bearbeitet.png\",\"contentUrl\":\"https:\\\/\\\/www.sgb-fss.ch\\\/content\\\/uploads\\\/2025\\\/02\\\/diplom_1_bearbeitet.png\",\"width\":734,\"height\":586},{\"@type\":\"BreadcrumbList\",\"@id\":\"https:\\\/\\\/www.sgb-fss.ch\\\/fr\\\/languesdessignes\\\/examen-professionnel-federal\\\/#breadcrumb\",\"itemListElement\":[{\"@type\":\"ListItem\",\"position\":1,\"name\":\"Home\",\"item\":\"https:\\\/\\\/www.sgb-fss.ch\\\/fr\\\/\"},{\"@type\":\"ListItem\",\"position\":2,\"name\":\"Langues des signes\",\"item\":\"https:\\\/\\\/www.sgb-fss.ch\\\/fr\\\/languesdessignes\\\/\"},{\"@type\":\"ListItem\",\"position\":3,\"name\":\"Examen professionnel f\u00e9d\u00e9ral d\u2019enseignant en langue des signes\"}]},{\"@type\":\"WebSite\",\"@id\":\"https:\\\/\\\/www.sgb-fss.ch\\\/de\\\/#website\",\"url\":\"https:\\\/\\\/www.sgb-fss.ch\\\/de\\\/\",\"name\":\"SGB-FSS\",\"description\":\"\",\"potentialAction\":[{\"@type\":\"SearchAction\",\"target\":{\"@type\":\"EntryPoint\",\"urlTemplate\":\"https:\\\/\\\/www.sgb-fss.ch\\\/de\\\/?s={search_term_string}\"},\"query-input\":{\"@type\":\"PropertyValueSpecification\",\"valueRequired\":true,\"valueName\":\"search_term_string\"}}],\"inLanguage\":\"fr-FR\"}]}<\/script>\n<!-- \/ Yoast SEO plugin. -->","yoast_head_json":{"title":"Examen professionnel f\u00e9d\u00e9ral d\u2019enseignant en langue des signes - SGB-FSS","robots":{"index":"index","follow":"follow","max-snippet":"max-snippet:-1","max-image-preview":"max-image-preview:large","max-video-preview":"max-video-preview:-1"},"canonical":"https:\/\/www.sgb-fss.ch\/fr\/languesdessignes\/examen-professionnel-federal\/","og_locale":"fr_FR","og_type":"article","og_title":"Examen professionnel f\u00e9d\u00e9ral d\u2019enseignant en langue des signes - SGB-FSS","og_description":"La F\u00e9d\u00e9ration suisse des sourds est responsable de l\u2019organisation des examens professionnels f\u00e9d\u00e9raux pour [&hellip;]","og_url":"https:\/\/www.sgb-fss.ch\/fr\/languesdessignes\/examen-professionnel-federal\/","og_site_name":"SGB-FSS","article_modified_time":"2026-03-04T15:13:17+00:00","og_image":[{"width":734,"height":586,"url":"https:\/\/www.sgb-fss.ch\/content\/uploads\/2025\/02\/diplom_1_bearbeitet.png","type":"image\/png"}],"twitter_card":"summary_large_image","twitter_misc":{"Dur\u00e9e de lecture estim\u00e9e":"4 minutes"},"schema":{"@context":"https:\/\/schema.org","@graph":[{"@type":"WebPage","@id":"https:\/\/www.sgb-fss.ch\/fr\/languesdessignes\/examen-professionnel-federal\/","url":"https:\/\/www.sgb-fss.ch\/fr\/languesdessignes\/examen-professionnel-federal\/","name":"Examen professionnel f\u00e9d\u00e9ral d\u2019enseignant en langue des signes - SGB-FSS","isPartOf":{"@id":"https:\/\/www.sgb-fss.ch\/de\/#website"},"primaryImageOfPage":{"@id":"https:\/\/www.sgb-fss.ch\/fr\/languesdessignes\/examen-professionnel-federal\/#primaryimage"},"image":{"@id":"https:\/\/www.sgb-fss.ch\/fr\/languesdessignes\/examen-professionnel-federal\/#primaryimage"},"thumbnailUrl":"https:\/\/www.sgb-fss.ch\/content\/uploads\/2025\/02\/diplom_1_bearbeitet.png","datePublished":"2023-08-28T09:28:20+00:00","dateModified":"2026-03-04T15:13:17+00:00","breadcrumb":{"@id":"https:\/\/www.sgb-fss.ch\/fr\/languesdessignes\/examen-professionnel-federal\/#breadcrumb"},"inLanguage":"fr-FR","potentialAction":[{"@type":"ReadAction","target":["https:\/\/www.sgb-fss.ch\/fr\/languesdessignes\/examen-professionnel-federal\/"]}]},{"@type":"ImageObject","inLanguage":"fr-FR","@id":"https:\/\/www.sgb-fss.ch\/fr\/languesdessignes\/examen-professionnel-federal\/#primaryimage","url":"https:\/\/www.sgb-fss.ch\/content\/uploads\/2025\/02\/diplom_1_bearbeitet.png","contentUrl":"https:\/\/www.sgb-fss.ch\/content\/uploads\/2025\/02\/diplom_1_bearbeitet.png","width":734,"height":586},{"@type":"BreadcrumbList","@id":"https:\/\/www.sgb-fss.ch\/fr\/languesdessignes\/examen-professionnel-federal\/#breadcrumb","itemListElement":[{"@type":"ListItem","position":1,"name":"Home","item":"https:\/\/www.sgb-fss.ch\/fr\/"},{"@type":"ListItem","position":2,"name":"Langues des signes","item":"https:\/\/www.sgb-fss.ch\/fr\/languesdessignes\/"},{"@type":"ListItem","position":3,"name":"Examen professionnel f\u00e9d\u00e9ral d\u2019enseignant en langue des signes"}]},{"@type":"WebSite","@id":"https:\/\/www.sgb-fss.ch\/de\/#website","url":"https:\/\/www.sgb-fss.ch\/de\/","name":"SGB-FSS","description":"","potentialAction":[{"@type":"SearchAction","target":{"@type":"EntryPoint","urlTemplate":"https:\/\/www.sgb-fss.ch\/de\/?s={search_term_string}"},"query-input":{"@type":"PropertyValueSpecification","valueRequired":true,"valueName":"search_term_string"}}],"inLanguage":"fr-FR"}]}},"_links":{"self":[{"href":"https:\/\/www.sgb-fss.ch\/fr\/wp-json\/wp\/v2\/pages\/24890","targetHints":{"allow":["GET"]}}],"collection":[{"href":"https:\/\/www.sgb-fss.ch\/fr\/wp-json\/wp\/v2\/pages"}],"about":[{"href":"https:\/\/www.sgb-fss.ch\/fr\/wp-json\/wp\/v2\/types\/page"}],"author":[{"embeddable":true,"href":"https:\/\/www.sgb-fss.ch\/fr\/wp-json\/wp\/v2\/users\/40"}],"replies":[{"embeddable":true,"href":"https:\/\/www.sgb-fss.ch\/fr\/wp-json\/wp\/v2\/comments?post=24890"}],"version-history":[{"count":33,"href":"https:\/\/www.sgb-fss.ch\/fr\/wp-json\/wp\/v2\/pages\/24890\/revisions"}],"predecessor-version":[{"id":44344,"href":"https:\/\/www.sgb-fss.ch\/fr\/wp-json\/wp\/v2\/pages\/24890\/revisions\/44344"}],"up":[{"embeddable":true,"href":"https:\/\/www.sgb-fss.ch\/fr\/wp-json\/wp\/v2\/pages\/9113"}],"wp:featuredmedia":[{"embeddable":true,"href":"https:\/\/www.sgb-fss.ch\/fr\/wp-json\/wp\/v2\/media\/37369"}],"wp:attachment":[{"href":"https:\/\/www.sgb-fss.ch\/fr\/wp-json\/wp\/v2\/media?parent=24890"}],"curies":[{"name":"wp","href":"https:\/\/api.w.org\/{rel}","templated":true}]}}