{"id":24655,"date":"2023-09-15T17:15:28","date_gmt":"2023-09-15T15:15:28","guid":{"rendered":"https:\/\/www.sgb-fss.ch\/?page_id=24655"},"modified":"2025-08-20T15:56:02","modified_gmt":"2025-08-20T13:56:02","slug":"evenements","status":"publish","type":"page","link":"https:\/\/www.sgb-fss.ch\/fr\/actuel\/evenements\/","title":{"rendered":"\u00c9v\u00e9nements"},"content":{"rendered":"\n<p class=\"is-style-lead\">Nous organisons r\u00e9guli\u00e8rement des manifestations pour les familles avec des enfants sourds, les personnes int\u00e9ress\u00e9es par la politique, les personnes int\u00e9ress\u00e9es par la langue des signes ainsi que pour la F\u00e9d\u00e9ration Suisse des Sourds. Toutes les informations \u00e0 ce sujet se trouvent ici.<\/p>\n\n\n<div class=\"block block-teaserevents\" id=\"block_21a853d383c15a0b721a144aa0296986\" data-block=\"Teaser Events\">\n  <h2 class=\"visuallyhidden\">Events<\/h2>\n      <div class=\"block-teaserevents__list\">\n          <div class=\"block-teaserevents__group\">\n        <div class=\"block-teaserevents__group-date\">\n          <div class=\"block-teaserevents__date\">\n                        \n            <p class=\"block-teaserevents__date-day\">\n              <strong>\n                                  jeudi \u2013 dimanche\n                              <\/strong>\n            <\/p>\n\n            <h3 class=\"block-teaserevents__date-label headline-3\">\n                                                21. \u2013 24. Mai\n                                          <\/h3>\n          <\/div>\n\n        <\/div>\n        <div class=\"block-teaserevents__group-items\">\n                            <div class=\"block-teaserevents__item is-text\">\n              <a class=\"teaserevent accent__violet\" data-block=\"Teaser Event\" href=\"https:\/\/www.sgb-fss.ch\/fr\/agenda\/seminaire-de-formation-du-21-au-24-mai\/\">\n   <div class=\"eventslist_mobile_date\">\n       <div class=\"block-teaserevents__group-date\">\n            <div class=\"block-teaserevents__date\">\n                                <p class=\"block-teaserevents__date-day\"><strong>                             jeudi \u2013 dimanche\n                        <\/strong><\/p>\n                <h3 class=\"block-teaserevents__date-label headline-3\">\n                                                                        21. \u2013 24. Mai\n                                                            <\/h3>\n            <\/div>\n        <\/div>\n        <div class=\"teaserevent__media\">\n          <div class=\"teaserevent__thumbnail\">\n                      <\/div>\n        <\/div>\n   <\/div>\n  <div class=\"teaserevent__text\">\n        <p class=\"teaserevent__prefix accent_violet\">\n      <strong class=\"has-text-accent\"><\/strong>\n    <\/p>\n    <h2 class=\"teaserevent__title\">S\u00e9minaire de formation du 21 au 24 mai<\/h2>\n    <div class=\"teaserevent__meta\">\n                                                                                <p>\n          <i class=\"icon icon--location\"><svg data-name=\"Ebene 1\" xmlns=\"http:\/\/www.w3.org\/2000\/svg\" viewBox=\"0 0 24 24\"><path d=\"M12 .63a8.51 8.51 0 0 0-8.5 8.5 9.64 9.64 0 0 0 .72 3.26 14.43 14.43 0 0 0 1 1.83l5.57 8.46a1.42 1.42 0 0 0 2 .49 1.38 1.38 0 0 0 .5-.49l5.58-8.47a12 12 0 0 0 .94-1.82 9.49 9.49 0 0 0 .78-3.27A8.5 8.5 0 0 0 12 .63zm6.24 11.12a12 12 0 0 1-.82 1.55L12 21.5l-.1-.16-5.31-8a10.61 10.61 0 0 1-.83-1.56 7.57 7.57 0 0 1-.59-2.61 6.83 6.83 0 1 1 13.66 0 8.06 8.06 0 0 1-.59 2.58z\"\/><path d=\"M12 4.46a4.67 4.67 0 1 0 4.67 4.67A4.68 4.68 0 0 0 12 4.46zm0 7.67a3 3 0 1 1 3-3 3 3 0 0 1-3 3z\"\/><\/svg><\/i> 3706 Leissigen\n        <\/p>\n          <\/div>\n  <\/div>\n<\/a>\n          <\/div>\n                <\/div>\n      <\/div>\n          <div class=\"block-teaserevents__group\">\n        <div class=\"block-teaserevents__group-date\">\n          <div class=\"block-teaserevents__date\">\n                        \n            <p class=\"block-teaserevents__date-day\">\n              <strong>\n                                  vendredi \u2013 dimanche\n                              <\/strong>\n            <\/p>\n\n            <h3 class=\"block-teaserevents__date-label headline-3\">\n                                                29. \u2013 31. Mai\n                                          <\/h3>\n          <\/div>\n\n        <\/div>\n        <div class=\"block-teaserevents__group-items\">\n                            <div class=\"block-teaserevents__item is-text\">\n              <a class=\"teaserevent accent__violet\" data-block=\"Teaser Event\" href=\"https:\/\/www.sgb-fss.ch\/fr\/agenda\/forum-familles-2026\/\">\n   <div class=\"eventslist_mobile_date\">\n       <div class=\"block-teaserevents__group-date\">\n            <div class=\"block-teaserevents__date\">\n                                <p class=\"block-teaserevents__date-day\"><strong>                             vendredi \u2013 dimanche\n                        <\/strong><\/p>\n                <h3 class=\"block-teaserevents__date-label headline-3\">\n                                                                        29. \u2013 31. Mai\n                                                            <\/h3>\n            <\/div>\n        <\/div>\n        <div class=\"teaserevent__media\">\n          <div class=\"teaserevent__thumbnail\">\n                      <\/div>\n        <\/div>\n   <\/div>\n  <div class=\"teaserevent__text\">\n        <p class=\"teaserevent__prefix accent_violet\">\n      <strong class=\"has-text-accent\">Responsabilisation<\/strong>\n    <\/p>\n    <h2 class=\"teaserevent__title\">Forum Familles 2026<\/h2>\n    <div class=\"teaserevent__meta\">\n                                                                                <p>\n          <i class=\"icon icon--location\"><svg data-name=\"Ebene 1\" xmlns=\"http:\/\/www.w3.org\/2000\/svg\" viewBox=\"0 0 24 24\"><path d=\"M12 .63a8.51 8.51 0 0 0-8.5 8.5 9.64 9.64 0 0 0 .72 3.26 14.43 14.43 0 0 0 1 1.83l5.57 8.46a1.42 1.42 0 0 0 2 .49 1.38 1.38 0 0 0 .5-.49l5.58-8.47a12 12 0 0 0 .94-1.82 9.49 9.49 0 0 0 .78-3.27A8.5 8.5 0 0 0 12 .63zm6.24 11.12a12 12 0 0 1-.82 1.55L12 21.5l-.1-.16-5.31-8a10.61 10.61 0 0 1-.83-1.56 7.57 7.57 0 0 1-.59-2.61 6.83 6.83 0 1 1 13.66 0 8.06 8.06 0 0 1-.59 2.58z\"\/><path d=\"M12 4.46a4.67 4.67 0 1 0 4.67 4.67A4.68 4.68 0 0 0 12 4.46zm0 7.67a3 3 0 1 1 3-3 3 3 0 0 1-3 3z\"\/><\/svg><\/i> H\u00f4tel Alpine Classic \u00e0 Leysin (VD)\n        <\/p>\n          <\/div>\n  <\/div>\n<\/a>\n          <\/div>\n                <\/div>\n      <\/div>\n          <div class=\"block-teaserevents__group\">\n        <div class=\"block-teaserevents__group-date\">\n          <div class=\"block-teaserevents__date\">\n                        \n            <p class=\"block-teaserevents__date-day\">\n              <strong>\n                                  samedi\n                              <\/strong>\n            <\/p>\n\n            <h3 class=\"block-teaserevents__date-label headline-3\">\n                              6. Juin\n                          <\/h3>\n          <\/div>\n\n        <\/div>\n        <div class=\"block-teaserevents__group-items\">\n                            <div class=\"block-teaserevents__item is-text\">\n              <a class=\"teaserevent accent__darkblue\" data-block=\"Teaser Event\" href=\"https:\/\/www.sgb-fss.ch\/fr\/agenda\/assemblee-des-delegues-2026\/\">\n   <div class=\"eventslist_mobile_date\">\n       <div class=\"block-teaserevents__group-date\">\n            <div class=\"block-teaserevents__date\">\n                                <p class=\"block-teaserevents__date-day\"><strong>                             samedi\n                        <\/strong><\/p>\n                <h3 class=\"block-teaserevents__date-label headline-3\">\n                                            6. Juin\n                                    <\/h3>\n            <\/div>\n        <\/div>\n        <div class=\"teaserevent__media\">\n          <div class=\"teaserevent__thumbnail\">\n                      <\/div>\n        <\/div>\n   <\/div>\n  <div class=\"teaserevent__text\">\n        <p class=\"teaserevent__prefix accent_violet\">\n      <strong class=\"has-text-accent\"><\/strong>\n    <\/p>\n    <h2 class=\"teaserevent__title\">Assembl\u00e9e des d\u00e9l\u00e9gu\u00e9s 2026<\/h2>\n    <div class=\"teaserevent__meta\">\n                                                                            <\/div>\n  <\/div>\n<\/a>\n          <\/div>\n                <\/div>\n      <\/div>\n        <\/div>\n  <\/div>\n\n\n\n<h2 class=\"wp-block-heading\">\u00c9v\u00e9nements organis\u00e9s par nos partenaires<\/h2>\n\n\n\n<ul class=\"wp-block-list\">\n<li><a href=\"https:\/\/procom.ch\/fr\/events\/\" target=\"_blank\" rel=\"noreferrer noopener\">PROCOM &#8211; \u00c9v\u00e9nements interpr\u00e9t\u00e9s et manifestations propres<\/a><\/li>\n<\/ul>\n\n\n\n<ul class=\"wp-block-list\">\n<li><a href=\"https:\/\/www.gfbasel.ch\/agenda\" target=\"_blank\" rel=\"noreferrer noopener\">Geh\u00f6rlosen F\u00fcrsorgeverein der Region Basel<\/a><\/li>\n<\/ul>\n\n\n\n<ul class=\"wp-block-list\">\n<li><a href=\"https:\/\/sichtbar-gehoerlose.ch\/agenda\/\" target=\"_blank\" rel=\"noreferrer noopener\">sichtbar GEH\u00d6RLOSE Z\u00dcRICH<\/a><\/li>\n<\/ul>\n\n\n\n<ul class=\"wp-block-list\">\n<li>IGGH &#8211; <a href=\"https:\/\/iggh.ch\/listenansicht\/\" target=\"_blank\" rel=\"noreferrer noopener\">propres manifestations<\/a> und <a href=\"https:\/\/iggh.ch\/angebote\/vorschau-kulturelle-veranstaltungen\/\" target=\"_blank\" rel=\"noreferrer noopener\">\u00e9v\u00e9nements culturels<\/a><\/li>\n<\/ul>\n\n\n\n<ul class=\"wp-block-list\">\n<li><a href=\"https:\/\/bfsug.ch\/kalender\/\" target=\"_blank\" rel=\"noreferrer noopener\">BFSUG &#8211; Beratung f\u00fcr Schwerh\u00f6rige und Geh\u00f6rlose<\/a><\/li>\n<\/ul>\n\n\n\n<p><\/p>\n","protected":false},"excerpt":{"rendered":"<p>Nous organisons r\u00e9guli\u00e8rement des manifestations pour les familles avec des enfants sourds, les personnes [&hellip;]<\/p>\n","protected":false},"author":40,"featured_media":36970,"parent":19934,"menu_order":3,"comment_status":"closed","ping_status":"closed","template":"","meta":{"_acf_changed":false,"inline_featured_image":false,"footnotes":""},"class_list":["post-24655","page","type-page","status-publish","has-post-thumbnail","hentry"],"acf":[],"yoast_head":"<!-- This site is optimized with the Yoast SEO plugin v27.4 - https:\/\/yoast.com\/product\/yoast-seo-wordpress\/ -->\n<title>\u00c9v\u00e9nements - SGB-FSS<\/title>\n<meta name=\"robots\" content=\"index, follow, max-snippet:-1, max-image-preview:large, max-video-preview:-1\" \/>\n<link rel=\"canonical\" href=\"https:\/\/www.sgb-fss.ch\/fr\/actuel\/evenements\/\" \/>\n<meta property=\"og:locale\" content=\"fr_FR\" \/>\n<meta property=\"og:type\" content=\"article\" \/>\n<meta property=\"og:title\" content=\"\u00c9v\u00e9nements - SGB-FSS\" \/>\n<meta property=\"og:description\" content=\"Nous organisons r\u00e9guli\u00e8rement des manifestations pour les familles avec des enfants sourds, les personnes [&hellip;]\" \/>\n<meta property=\"og:url\" content=\"https:\/\/www.sgb-fss.ch\/fr\/actuel\/evenements\/\" \/>\n<meta property=\"og:site_name\" content=\"SGB-FSS\" \/>\n<meta property=\"article:modified_time\" content=\"2025-08-20T13:56:02+00:00\" \/>\n<meta property=\"og:image\" content=\"https:\/\/www.sgb-fss.ch\/content\/uploads\/2025\/02\/bhp-2169-scaled.jpg\" \/>\n\t<meta property=\"og:image:width\" content=\"2560\" \/>\n\t<meta property=\"og:image:height\" content=\"1707\" \/>\n\t<meta property=\"og:image:type\" content=\"image\/jpeg\" \/>\n<meta name=\"twitter:card\" content=\"summary_large_image\" \/>\n<meta name=\"twitter:label1\" content=\"Dur\u00e9e de lecture estim\u00e9e\" \/>\n\t<meta name=\"twitter:data1\" content=\"1 minute\" \/>\n<script type=\"application\/ld+json\" class=\"yoast-schema-graph\">{\"@context\":\"https:\\\/\\\/schema.org\",\"@graph\":[{\"@type\":\"WebPage\",\"@id\":\"https:\\\/\\\/www.sgb-fss.ch\\\/fr\\\/actuel\\\/evenements\\\/\",\"url\":\"https:\\\/\\\/www.sgb-fss.ch\\\/fr\\\/actuel\\\/evenements\\\/\",\"name\":\"\u00c9v\u00e9nements - SGB-FSS\",\"isPartOf\":{\"@id\":\"https:\\\/\\\/www.sgb-fss.ch\\\/de\\\/#website\"},\"primaryImageOfPage\":{\"@id\":\"https:\\\/\\\/www.sgb-fss.ch\\\/fr\\\/actuel\\\/evenements\\\/#primaryimage\"},\"image\":{\"@id\":\"https:\\\/\\\/www.sgb-fss.ch\\\/fr\\\/actuel\\\/evenements\\\/#primaryimage\"},\"thumbnailUrl\":\"https:\\\/\\\/www.sgb-fss.ch\\\/content\\\/uploads\\\/2025\\\/02\\\/bhp-2169-scaled.jpg\",\"datePublished\":\"2023-09-15T15:15:28+00:00\",\"dateModified\":\"2025-08-20T13:56:02+00:00\",\"breadcrumb\":{\"@id\":\"https:\\\/\\\/www.sgb-fss.ch\\\/fr\\\/actuel\\\/evenements\\\/#breadcrumb\"},\"inLanguage\":\"fr-FR\",\"potentialAction\":[{\"@type\":\"ReadAction\",\"target\":[\"https:\\\/\\\/www.sgb-fss.ch\\\/fr\\\/actuel\\\/evenements\\\/\"]}]},{\"@type\":\"ImageObject\",\"inLanguage\":\"fr-FR\",\"@id\":\"https:\\\/\\\/www.sgb-fss.ch\\\/fr\\\/actuel\\\/evenements\\\/#primaryimage\",\"url\":\"https:\\\/\\\/www.sgb-fss.ch\\\/content\\\/uploads\\\/2025\\\/02\\\/bhp-2169-scaled.jpg\",\"contentUrl\":\"https:\\\/\\\/www.sgb-fss.ch\\\/content\\\/uploads\\\/2025\\\/02\\\/bhp-2169-scaled.jpg\",\"width\":2560,\"height\":1707,\"caption\":\"Applaus an einer inklusiven Veranstaltung\"},{\"@type\":\"BreadcrumbList\",\"@id\":\"https:\\\/\\\/www.sgb-fss.ch\\\/fr\\\/actuel\\\/evenements\\\/#breadcrumb\",\"itemListElement\":[{\"@type\":\"ListItem\",\"position\":1,\"name\":\"Home\",\"item\":\"https:\\\/\\\/www.sgb-fss.ch\\\/fr\\\/\"},{\"@type\":\"ListItem\",\"position\":2,\"name\":\"Actuel\",\"item\":\"https:\\\/\\\/www.sgb-fss.ch\\\/fr\\\/actuel\\\/\"},{\"@type\":\"ListItem\",\"position\":3,\"name\":\"\u00c9v\u00e9nements\"}]},{\"@type\":\"WebSite\",\"@id\":\"https:\\\/\\\/www.sgb-fss.ch\\\/de\\\/#website\",\"url\":\"https:\\\/\\\/www.sgb-fss.ch\\\/de\\\/\",\"name\":\"SGB-FSS\",\"description\":\"\",\"potentialAction\":[{\"@type\":\"SearchAction\",\"target\":{\"@type\":\"EntryPoint\",\"urlTemplate\":\"https:\\\/\\\/www.sgb-fss.ch\\\/de\\\/?s={search_term_string}\"},\"query-input\":{\"@type\":\"PropertyValueSpecification\",\"valueRequired\":true,\"valueName\":\"search_term_string\"}}],\"inLanguage\":\"fr-FR\"}]}<\/script>\n<!-- \/ Yoast SEO plugin. -->","yoast_head_json":{"title":"\u00c9v\u00e9nements - SGB-FSS","robots":{"index":"index","follow":"follow","max-snippet":"max-snippet:-1","max-image-preview":"max-image-preview:large","max-video-preview":"max-video-preview:-1"},"canonical":"https:\/\/www.sgb-fss.ch\/fr\/actuel\/evenements\/","og_locale":"fr_FR","og_type":"article","og_title":"\u00c9v\u00e9nements - SGB-FSS","og_description":"Nous organisons r\u00e9guli\u00e8rement des manifestations pour les familles avec des enfants sourds, les personnes [&hellip;]","og_url":"https:\/\/www.sgb-fss.ch\/fr\/actuel\/evenements\/","og_site_name":"SGB-FSS","article_modified_time":"2025-08-20T13:56:02+00:00","og_image":[{"width":2560,"height":1707,"url":"https:\/\/www.sgb-fss.ch\/content\/uploads\/2025\/02\/bhp-2169-scaled.jpg","type":"image\/jpeg"}],"twitter_card":"summary_large_image","twitter_misc":{"Dur\u00e9e de lecture estim\u00e9e":"1 minute"},"schema":{"@context":"https:\/\/schema.org","@graph":[{"@type":"WebPage","@id":"https:\/\/www.sgb-fss.ch\/fr\/actuel\/evenements\/","url":"https:\/\/www.sgb-fss.ch\/fr\/actuel\/evenements\/","name":"\u00c9v\u00e9nements - SGB-FSS","isPartOf":{"@id":"https:\/\/www.sgb-fss.ch\/de\/#website"},"primaryImageOfPage":{"@id":"https:\/\/www.sgb-fss.ch\/fr\/actuel\/evenements\/#primaryimage"},"image":{"@id":"https:\/\/www.sgb-fss.ch\/fr\/actuel\/evenements\/#primaryimage"},"thumbnailUrl":"https:\/\/www.sgb-fss.ch\/content\/uploads\/2025\/02\/bhp-2169-scaled.jpg","datePublished":"2023-09-15T15:15:28+00:00","dateModified":"2025-08-20T13:56:02+00:00","breadcrumb":{"@id":"https:\/\/www.sgb-fss.ch\/fr\/actuel\/evenements\/#breadcrumb"},"inLanguage":"fr-FR","potentialAction":[{"@type":"ReadAction","target":["https:\/\/www.sgb-fss.ch\/fr\/actuel\/evenements\/"]}]},{"@type":"ImageObject","inLanguage":"fr-FR","@id":"https:\/\/www.sgb-fss.ch\/fr\/actuel\/evenements\/#primaryimage","url":"https:\/\/www.sgb-fss.ch\/content\/uploads\/2025\/02\/bhp-2169-scaled.jpg","contentUrl":"https:\/\/www.sgb-fss.ch\/content\/uploads\/2025\/02\/bhp-2169-scaled.jpg","width":2560,"height":1707,"caption":"Applaus an einer inklusiven Veranstaltung"},{"@type":"BreadcrumbList","@id":"https:\/\/www.sgb-fss.ch\/fr\/actuel\/evenements\/#breadcrumb","itemListElement":[{"@type":"ListItem","position":1,"name":"Home","item":"https:\/\/www.sgb-fss.ch\/fr\/"},{"@type":"ListItem","position":2,"name":"Actuel","item":"https:\/\/www.sgb-fss.ch\/fr\/actuel\/"},{"@type":"ListItem","position":3,"name":"\u00c9v\u00e9nements"}]},{"@type":"WebSite","@id":"https:\/\/www.sgb-fss.ch\/de\/#website","url":"https:\/\/www.sgb-fss.ch\/de\/","name":"SGB-FSS","description":"","potentialAction":[{"@type":"SearchAction","target":{"@type":"EntryPoint","urlTemplate":"https:\/\/www.sgb-fss.ch\/de\/?s={search_term_string}"},"query-input":{"@type":"PropertyValueSpecification","valueRequired":true,"valueName":"search_term_string"}}],"inLanguage":"fr-FR"}]}},"_links":{"self":[{"href":"https:\/\/www.sgb-fss.ch\/fr\/wp-json\/wp\/v2\/pages\/24655","targetHints":{"allow":["GET"]}}],"collection":[{"href":"https:\/\/www.sgb-fss.ch\/fr\/wp-json\/wp\/v2\/pages"}],"about":[{"href":"https:\/\/www.sgb-fss.ch\/fr\/wp-json\/wp\/v2\/types\/page"}],"author":[{"embeddable":true,"href":"https:\/\/www.sgb-fss.ch\/fr\/wp-json\/wp\/v2\/users\/40"}],"replies":[{"embeddable":true,"href":"https:\/\/www.sgb-fss.ch\/fr\/wp-json\/wp\/v2\/comments?post=24655"}],"version-history":[{"count":27,"href":"https:\/\/www.sgb-fss.ch\/fr\/wp-json\/wp\/v2\/pages\/24655\/revisions"}],"predecessor-version":[{"id":44518,"href":"https:\/\/www.sgb-fss.ch\/fr\/wp-json\/wp\/v2\/pages\/24655\/revisions\/44518"}],"up":[{"embeddable":true,"href":"https:\/\/www.sgb-fss.ch\/fr\/wp-json\/wp\/v2\/pages\/19934"}],"wp:featuredmedia":[{"embeddable":true,"href":"https:\/\/www.sgb-fss.ch\/fr\/wp-json\/wp\/v2\/media\/36970"}],"wp:attachment":[{"href":"https:\/\/www.sgb-fss.ch\/fr\/wp-json\/wp\/v2\/media?parent=24655"}],"curies":[{"name":"wp","href":"https:\/\/api.w.org\/{rel}","templated":true}]}}