{"id":23183,"date":"2023-07-31T09:32:42","date_gmt":"2023-07-31T07:32:42","guid":{"rendered":"https:\/\/www.sgb-fss.ch\/?page_id=23183"},"modified":"2025-07-24T10:19:26","modified_gmt":"2025-07-24T08:19:26","slug":"partenaires","status":"publish","type":"page","link":"https:\/\/www.sgb-fss.ch\/fr\/federation\/partenaires\/","title":{"rendered":"Partenaires"},"content":{"rendered":"\n<p class=\"is-style-lead\">Avec nos partenaires, nous d\u00e9fendons les int\u00e9r\u00eats de la communaut\u00e9 des sourds et nous nous engageons dans divers projets pour atteindre ensemble l&rsquo;objectif d&rsquo;une soci\u00e9t\u00e9 diversifi\u00e9e et sans barri\u00e8res.<\/p>\n\n\n\n<h2 class=\"wp-block-heading\">R\u00e9seau de partenaires<\/h2>\n\n\n\n<p class=\"is-style-default\">Un important r\u00e9seau d\u2019organisations partenaires soutient le travail de la F\u00e9d\u00e9ration Suisse des Sourds. Il s\u2019agit d\u2019associations, de f\u00e9d\u00e9rations, d\u2019universit\u00e9s, de hautes \u00e9coles sp\u00e9cialis\u00e9es et d\u2019organisations prestataires de services. Ce sont des interlocuteurs importants pour les projets et s&rsquo;engagent \u00e0 d\u00e9fendre les int\u00e9r\u00eats de la communaut\u00e9 des sourds.<\/p>\n\n\n\n<h2 class=\"wp-block-heading\" id=\"partenaires-regionaux\">Partenaires r\u00e9gionaux<\/h2>\n\n\n\n<p>Les prestations de la F\u00e9d\u00e9ration Suisse des Sourds sont encore plus significatives gr\u00e2ce au travail des partenaires r\u00e9gionaux engag\u00e9s dans les sept grandes r\u00e9gions de Suisse. Ils constituent une interface essentielle entre les groupes locaux et la F\u00e9d\u00e9ration Suisse des Sourds pour soutenir les objectifs strat\u00e9giques qu&rsquo;elle s&rsquo;est fix\u00e9s et int\u00e9grer les pr\u00e9occupations de leur r\u00e9gion dans l\u2019agenda national.<\/p>\n\n\n\n<div class=\"wp-block-group has-schwarz-10-background-color has-background is-layout-constrained wp-block-group-is-layout-constrained\">\n<figure class=\"wp-block-table\"><table class=\"has-fixed-layout\"><tbody><tr><td><strong>ASRLS Association Suisse Romande de la Langue des Signes<\/strong><br>Region Westschweiz<br>Passage St.-Francois 12, 1003 Lausanne<\/td><\/tr><tr><td><strong>BFSUG &#8211; Beratung f\u00fcr Schwerh\u00f6rige und Geh\u00f6rlose Zentralschweiz<br><\/strong>Region Zentralschweiz<br>Horwerstrasse 81, 6005 Luzern<br><a href=\"https:\/\/bfsug.ch\/beratungsstellen\/region-zentralschweiz\/\">www.b<\/a><a href=\"https:\/\/bfsug.ch\/beratungsstellen\/region-zentralschweiz\/\" target=\"_blank\" rel=\"noreferrer noopener\">fsug.ch\/beratungsstellen\/region-zentralschweiz<\/a><\/td><\/tr><tr><td><a href=\"https:\/\/www.gfbasel.ch\/\" target=\"_blank\" rel=\"noreferrer noopener\"><strong>Geh\u00f6rlosen-F\u00fcrsorgeverein der Region Basel<\/strong><\/a>&nbsp;<br>Region Nordwestschweiz<br>Oberalpstrasse 117, 8054 Basel<br><a href=\"https:\/\/www.gfbasel.ch\/\" target=\"_blank\" rel=\"noreferrer noopener\">www.gfbasel.ch<\/a><\/td><\/tr><tr><td><strong>sichtbar GEH\u00d6RLOSE Z\u00dcRICH<\/strong><br>Region Z\u00fcrich<br>Oerlikonstrasse 98, 8057 Z\u00fcrich<br><a href=\"https:\/\/sichtbar-gehoerlose.ch\/\">www.sichtbar-gehoerlose<\/a><a href=\"https:\/\/sichtbar-gehoerlose.ch\/\" target=\"_blank\" rel=\"noreferrer noopener\">.ch<\/a><\/td><\/tr><tr><td><strong>IGGH Interessengemeinschaft Geh\u00f6rlose und H\u00f6rbehinderte<\/strong><br>Region Bern-Oberwallis-Deutschfreiburg<br>Belpstrasse 24, 3007 Bern<br><a href=\"https:\/\/iggh.ch\/\" target=\"_blank\" rel=\"noreferrer noopener\">www.iggh.ch<\/a><\/td><\/tr><tr><td><strong>Fachstelle f\u00fcr Geh\u00f6rlose und Schwerh\u00f6rige St. Gallen<\/strong><br>Region Ostschweiz<br>Blumenbergplatz 7, 9000 St.Gallen<br><a href=\"https:\/\/bfsug.ch\/neue-fachstelle-in-st-gallen-ostschweiz\/\" target=\"_blank\" rel=\"noreferrer noopener\">www.bfsug.ch<\/a><\/td><\/tr><tr><td><strong>i.V. Federazione svizzera dei sordi<\/strong><br>Region Tessin<br>Via Besso 5, 6900 Lugano<br><a href=\"http:\/\/www.sgb-fss.ch\/it\">www.sgb-fss.ch<\/a><\/td><\/tr><\/tbody><\/table><\/figure>\n<\/div>\n\n\n\n<div class=\"wp-block-group has-schwarz-25-background-color has-background is-layout-constrained wp-block-group-is-layout-constrained\"><div class=\"block block-teaserpages\" id=\"block_45b91b43883013a408bcaf285fb3e997\" data-block=\"Teaser Pages\">\n  <ul class=\"block-teaserpages__list\">\n            <li class=\"block-teaserpages__item\">\n        <a class=\"accent teaserpage\" href=\"https:\/\/www.sgb-fss.ch\/fr\/downloads\/\">\n  <div class=\"teaserpage__thumbnail\">\n            <div class=\"image teaserpage__thumbnail-image\" >\n    <img decoding=\"async\"\n      loading=\"lazy\"\n      class=\"image__object lazyload\"\n      src=\"https:\/\/www.sgb-fss.ch\/content\/uploads\/2024\/01\/downloads-f-1440x0-c-default.jpg\"       data-sizes=\"auto\"\n      data-srcset=\"https:\/\/www.sgb-fss.ch\/content\/uploads\/2024\/01\/downloads-f-1000x0-c-default.jpg 1000w, https:\/\/www.sgb-fss.ch\/content\/uploads\/2024\/01\/downloads-f-700x0-c-default.jpg 700w, https:\/\/www.sgb-fss.ch\/content\/uploads\/2024\/01\/downloads-f-350x0-c-default.jpg 350w, \"\n      alt=\"\"\n      width=\"1890\"\n      height=\"1063\"\n            >\n  <\/div>\n      <\/div>\n  <h3 class=\"teaserpage__title\">Downloads<\/h3>\n  <p class=\"teaserpage__lead\">Tu trouveras ici toutes les donn\u00e9es relatives \u00e0 cette page ainsi qu&rsquo;\u00e0 tous les autres domaines \u00e0 t\u00e9l\u00e9charger.<\/p>  <\/a>\n      <\/li>\n    <\/ul>\n<\/div>\n<\/div>\n","protected":false},"excerpt":{"rendered":"<p>Avec nos partenaires, nous d\u00e9fendons les int\u00e9r\u00eats de la communaut\u00e9 des sourds et nous [&hellip;]<\/p>\n","protected":false},"author":8,"featured_media":25355,"parent":22947,"menu_order":0,"comment_status":"closed","ping_status":"closed","template":"","meta":{"_acf_changed":false,"inline_featured_image":false,"footnotes":""},"class_list":["post-23183","page","type-page","status-publish","has-post-thumbnail","hentry"],"acf":[],"yoast_head":"<!-- This site is optimized with the Yoast SEO plugin v27.4 - https:\/\/yoast.com\/product\/yoast-seo-wordpress\/ -->\n<title>Partenaires - SGB-FSS<\/title>\n<meta name=\"robots\" content=\"index, follow, max-snippet:-1, max-image-preview:large, max-video-preview:-1\" \/>\n<link rel=\"canonical\" href=\"https:\/\/www.sgb-fss.ch\/fr\/federation\/partenaires\/\" \/>\n<meta property=\"og:locale\" content=\"fr_FR\" \/>\n<meta property=\"og:type\" content=\"article\" \/>\n<meta property=\"og:title\" content=\"Partenaires - SGB-FSS\" \/>\n<meta property=\"og:description\" content=\"Avec nos partenaires, nous d\u00e9fendons les int\u00e9r\u00eats de la communaut\u00e9 des sourds et nous [&hellip;]\" \/>\n<meta property=\"og:url\" content=\"https:\/\/www.sgb-fss.ch\/fr\/federation\/partenaires\/\" \/>\n<meta property=\"og:site_name\" content=\"SGB-FSS\" \/>\n<meta property=\"article:modified_time\" content=\"2025-07-24T08:19:26+00:00\" \/>\n<meta property=\"og:image\" content=\"https:\/\/www.sgb-fss.ch\/content\/uploads\/2023\/09\/shutterstock_1498583432-scaled.jpg\" \/>\n\t<meta property=\"og:image:width\" content=\"2560\" \/>\n\t<meta property=\"og:image:height\" content=\"1434\" \/>\n\t<meta property=\"og:image:type\" content=\"image\/jpeg\" \/>\n<meta name=\"twitter:card\" content=\"summary_large_image\" \/>\n<meta name=\"twitter:label1\" content=\"Dur\u00e9e de lecture estim\u00e9e\" \/>\n\t<meta name=\"twitter:data1\" content=\"2 minutes\" \/>\n<script type=\"application\/ld+json\" class=\"yoast-schema-graph\">{\"@context\":\"https:\\\/\\\/schema.org\",\"@graph\":[{\"@type\":\"WebPage\",\"@id\":\"https:\\\/\\\/www.sgb-fss.ch\\\/fr\\\/federation\\\/partenaires\\\/\",\"url\":\"https:\\\/\\\/www.sgb-fss.ch\\\/fr\\\/federation\\\/partenaires\\\/\",\"name\":\"Partenaires - SGB-FSS\",\"isPartOf\":{\"@id\":\"https:\\\/\\\/www.sgb-fss.ch\\\/de\\\/#website\"},\"primaryImageOfPage\":{\"@id\":\"https:\\\/\\\/www.sgb-fss.ch\\\/fr\\\/federation\\\/partenaires\\\/#primaryimage\"},\"image\":{\"@id\":\"https:\\\/\\\/www.sgb-fss.ch\\\/fr\\\/federation\\\/partenaires\\\/#primaryimage\"},\"thumbnailUrl\":\"https:\\\/\\\/www.sgb-fss.ch\\\/content\\\/uploads\\\/2023\\\/09\\\/shutterstock_1498583432-scaled.jpg\",\"datePublished\":\"2023-07-31T07:32:42+00:00\",\"dateModified\":\"2025-07-24T08:19:26+00:00\",\"breadcrumb\":{\"@id\":\"https:\\\/\\\/www.sgb-fss.ch\\\/fr\\\/federation\\\/partenaires\\\/#breadcrumb\"},\"inLanguage\":\"fr-FR\",\"potentialAction\":[{\"@type\":\"ReadAction\",\"target\":[\"https:\\\/\\\/www.sgb-fss.ch\\\/fr\\\/federation\\\/partenaires\\\/\"]}]},{\"@type\":\"ImageObject\",\"inLanguage\":\"fr-FR\",\"@id\":\"https:\\\/\\\/www.sgb-fss.ch\\\/fr\\\/federation\\\/partenaires\\\/#primaryimage\",\"url\":\"https:\\\/\\\/www.sgb-fss.ch\\\/content\\\/uploads\\\/2023\\\/09\\\/shutterstock_1498583432-scaled.jpg\",\"contentUrl\":\"https:\\\/\\\/www.sgb-fss.ch\\\/content\\\/uploads\\\/2023\\\/09\\\/shutterstock_1498583432-scaled.jpg\",\"width\":2560,\"height\":1434},{\"@type\":\"BreadcrumbList\",\"@id\":\"https:\\\/\\\/www.sgb-fss.ch\\\/fr\\\/federation\\\/partenaires\\\/#breadcrumb\",\"itemListElement\":[{\"@type\":\"ListItem\",\"position\":1,\"name\":\"Home\",\"item\":\"https:\\\/\\\/www.sgb-fss.ch\\\/fr\\\/\"},{\"@type\":\"ListItem\",\"position\":2,\"name\":\"F\u00e9d\u00e9ration\",\"item\":\"https:\\\/\\\/www.sgb-fss.ch\\\/fr\\\/federation\\\/\"},{\"@type\":\"ListItem\",\"position\":3,\"name\":\"Partenaires\"}]},{\"@type\":\"WebSite\",\"@id\":\"https:\\\/\\\/www.sgb-fss.ch\\\/de\\\/#website\",\"url\":\"https:\\\/\\\/www.sgb-fss.ch\\\/de\\\/\",\"name\":\"SGB-FSS\",\"description\":\"\",\"potentialAction\":[{\"@type\":\"SearchAction\",\"target\":{\"@type\":\"EntryPoint\",\"urlTemplate\":\"https:\\\/\\\/www.sgb-fss.ch\\\/de\\\/?s={search_term_string}\"},\"query-input\":{\"@type\":\"PropertyValueSpecification\",\"valueRequired\":true,\"valueName\":\"search_term_string\"}}],\"inLanguage\":\"fr-FR\"}]}<\/script>\n<!-- \/ Yoast SEO plugin. -->","yoast_head_json":{"title":"Partenaires - SGB-FSS","robots":{"index":"index","follow":"follow","max-snippet":"max-snippet:-1","max-image-preview":"max-image-preview:large","max-video-preview":"max-video-preview:-1"},"canonical":"https:\/\/www.sgb-fss.ch\/fr\/federation\/partenaires\/","og_locale":"fr_FR","og_type":"article","og_title":"Partenaires - SGB-FSS","og_description":"Avec nos partenaires, nous d\u00e9fendons les int\u00e9r\u00eats de la communaut\u00e9 des sourds et nous [&hellip;]","og_url":"https:\/\/www.sgb-fss.ch\/fr\/federation\/partenaires\/","og_site_name":"SGB-FSS","article_modified_time":"2025-07-24T08:19:26+00:00","og_image":[{"width":2560,"height":1434,"url":"https:\/\/www.sgb-fss.ch\/content\/uploads\/2023\/09\/shutterstock_1498583432-scaled.jpg","type":"image\/jpeg"}],"twitter_card":"summary_large_image","twitter_misc":{"Dur\u00e9e de lecture estim\u00e9e":"2 minutes"},"schema":{"@context":"https:\/\/schema.org","@graph":[{"@type":"WebPage","@id":"https:\/\/www.sgb-fss.ch\/fr\/federation\/partenaires\/","url":"https:\/\/www.sgb-fss.ch\/fr\/federation\/partenaires\/","name":"Partenaires - SGB-FSS","isPartOf":{"@id":"https:\/\/www.sgb-fss.ch\/de\/#website"},"primaryImageOfPage":{"@id":"https:\/\/www.sgb-fss.ch\/fr\/federation\/partenaires\/#primaryimage"},"image":{"@id":"https:\/\/www.sgb-fss.ch\/fr\/federation\/partenaires\/#primaryimage"},"thumbnailUrl":"https:\/\/www.sgb-fss.ch\/content\/uploads\/2023\/09\/shutterstock_1498583432-scaled.jpg","datePublished":"2023-07-31T07:32:42+00:00","dateModified":"2025-07-24T08:19:26+00:00","breadcrumb":{"@id":"https:\/\/www.sgb-fss.ch\/fr\/federation\/partenaires\/#breadcrumb"},"inLanguage":"fr-FR","potentialAction":[{"@type":"ReadAction","target":["https:\/\/www.sgb-fss.ch\/fr\/federation\/partenaires\/"]}]},{"@type":"ImageObject","inLanguage":"fr-FR","@id":"https:\/\/www.sgb-fss.ch\/fr\/federation\/partenaires\/#primaryimage","url":"https:\/\/www.sgb-fss.ch\/content\/uploads\/2023\/09\/shutterstock_1498583432-scaled.jpg","contentUrl":"https:\/\/www.sgb-fss.ch\/content\/uploads\/2023\/09\/shutterstock_1498583432-scaled.jpg","width":2560,"height":1434},{"@type":"BreadcrumbList","@id":"https:\/\/www.sgb-fss.ch\/fr\/federation\/partenaires\/#breadcrumb","itemListElement":[{"@type":"ListItem","position":1,"name":"Home","item":"https:\/\/www.sgb-fss.ch\/fr\/"},{"@type":"ListItem","position":2,"name":"F\u00e9d\u00e9ration","item":"https:\/\/www.sgb-fss.ch\/fr\/federation\/"},{"@type":"ListItem","position":3,"name":"Partenaires"}]},{"@type":"WebSite","@id":"https:\/\/www.sgb-fss.ch\/de\/#website","url":"https:\/\/www.sgb-fss.ch\/de\/","name":"SGB-FSS","description":"","potentialAction":[{"@type":"SearchAction","target":{"@type":"EntryPoint","urlTemplate":"https:\/\/www.sgb-fss.ch\/de\/?s={search_term_string}"},"query-input":{"@type":"PropertyValueSpecification","valueRequired":true,"valueName":"search_term_string"}}],"inLanguage":"fr-FR"}]}},"_links":{"self":[{"href":"https:\/\/www.sgb-fss.ch\/fr\/wp-json\/wp\/v2\/pages\/23183","targetHints":{"allow":["GET"]}}],"collection":[{"href":"https:\/\/www.sgb-fss.ch\/fr\/wp-json\/wp\/v2\/pages"}],"about":[{"href":"https:\/\/www.sgb-fss.ch\/fr\/wp-json\/wp\/v2\/types\/page"}],"author":[{"embeddable":true,"href":"https:\/\/www.sgb-fss.ch\/fr\/wp-json\/wp\/v2\/users\/8"}],"replies":[{"embeddable":true,"href":"https:\/\/www.sgb-fss.ch\/fr\/wp-json\/wp\/v2\/comments?post=23183"}],"version-history":[{"count":19,"href":"https:\/\/www.sgb-fss.ch\/fr\/wp-json\/wp\/v2\/pages\/23183\/revisions"}],"predecessor-version":[{"id":39689,"href":"https:\/\/www.sgb-fss.ch\/fr\/wp-json\/wp\/v2\/pages\/23183\/revisions\/39689"}],"up":[{"embeddable":true,"href":"https:\/\/www.sgb-fss.ch\/fr\/wp-json\/wp\/v2\/pages\/22947"}],"wp:featuredmedia":[{"embeddable":true,"href":"https:\/\/www.sgb-fss.ch\/fr\/wp-json\/wp\/v2\/media\/25355"}],"wp:attachment":[{"href":"https:\/\/www.sgb-fss.ch\/fr\/wp-json\/wp\/v2\/media?parent=23183"}],"curies":[{"name":"wp","href":"https:\/\/api.w.org\/{rel}","templated":true}]}}