{"id":23180,"date":"2023-07-31T09:34:11","date_gmt":"2023-07-31T07:34:11","guid":{"rendered":"https:\/\/www.sgb-fss.ch\/?page_id=23180"},"modified":"2025-06-24T12:19:27","modified_gmt":"2025-06-24T10:19:27","slug":"comite-directeur","status":"publish","type":"page","link":"https:\/\/www.sgb-fss.ch\/fr\/federation\/comite-directeur\/","title":{"rendered":"Comit\u00e9 directeur"},"content":{"rendered":"\n<p class=\"is-style-lead\">Les membres du comit\u00e9 directeur travaillent b\u00e9n\u00e9volement pour promouvoir les droits et les opportunit\u00e9s des personnes sourdes et malentendantes.<\/p>\n\n\n\n<p><strong>Responsabilit\u00e9s et fonction<\/strong><br>Le comit\u00e9 directeur est responsable de la planification et de la gestion de l&rsquo;organisation au niveau strat\u00e9gique. Il repr\u00e9sente la F\u00e9d\u00e9ration suisse des sourds et les int\u00e9r\u00eats de ses membres. L&rsquo;Assembl\u00e9e des d\u00e9l\u00e9gu\u00e9s est l&rsquo;organe supr\u00eame de la F\u00e9d\u00e9ration suisse des sourds et est convoqu\u00e9e par le comit\u00e9 directeur.&nbsp;&nbsp;&nbsp;<\/p>\n\n\n\n<p>Les membres du comit\u00e9 directeur sont \u00e9lus par l&rsquo;assembl\u00e9e des d\u00e9l\u00e9gu\u00e9s pour un mandat de quatre ans. Les dispositions relatives au comit\u00e9 directeur sont inscrites dans les <a href=\"https:\/\/www.sgb-fss.ch\/content\/uploads\/2021\/06\/statuts_2019-f.pdf\" target=\"_blank\" rel=\"noreferrer noopener\">statuts<\/a>.&nbsp;<\/p>\n\n\n<div class=\"block block-teaserteam block-teaserteam--vertical\" id=\"block_2e88ebf081678fca07d66ff3237d932c\" data-block=\"Teaser Team\">\n    <ul class=\"block-teaserteam__list\">\n                <li class=\"block-teaserteam__item\">\n          <a class=\"accent__blue block-teaserteam__link\" href=\"https:\/\/www.sgb-fss.ch\/fr\/team\/marinus-spiller\/\">\n            <div class=\"block-teaserteam__media\">\n              <div class=\"block-teaserteam__thumbnail accent__blue has-background-accent\">\n                                    <div class=\"image block-teaserteam__thumbnail-image\" >\n    <img decoding=\"async\"\n      loading=\"lazy\"\n      class=\"image__object lazyload\"\n      src=\"https:\/\/www.sgb-fss.ch\/content\/uploads\/2023\/09\/marinus-spiller-1440x0-c-default.jpg\"       data-sizes=\"auto\"\n      data-srcset=\"https:\/\/www.sgb-fss.ch\/content\/uploads\/2023\/09\/marinus-spiller-400x0-c-default.jpg 400w, https:\/\/www.sgb-fss.ch\/content\/uploads\/2023\/09\/marinus-spiller-200x0-c-default.jpg 200w, https:\/\/www.sgb-fss.ch\/content\/uploads\/2023\/09\/marinus-spiller-100x0-c-default.jpg 100w, \"\n      alt=\"\"\n      width=\"567\"\n      height=\"567\"\n            >\n  <\/div>\n                \n                                  \n<div class=\"video\" data-init=\"video\" data-video-hover-play>\n  <video data-video=\"object\" class=\"video__object\" poster=\"https:\/\/www.sgb-fss.ch\/content\/uploads\/2023\/09\/marinus-spiller.jpg\" src=\"https:\/\/www.sgb-fss.ch\/content\/uploads\/2023\/09\/marinus-spiller.mp4\" muted loop preload=\"none\" playsinline>\n        <\/video>\n\n<\/div>\n<div class=\"gs_videos_titel\">\n    <\/div>\n\n                              <\/div>\n            <\/div>\n            <div class=\"block-teaserteam__text\">\n              <h3 class=\"block-teaserteam__title\">Marinus Spiller<\/h3>\n              <p class=\"block-teaserteam__lead\">Pr\u00e9sident<\/p>            <\/div>\n          <\/a>\n      <\/li>\n                    <li class=\"block-teaserteam__item\">\n          <a class=\"accent__blue block-teaserteam__link\" href=\"https:\/\/www.sgb-fss.ch\/fr\/team\/vincent-guyon\/\">\n            <div class=\"block-teaserteam__media\">\n              <div class=\"block-teaserteam__thumbnail accent__red has-background-accent\">\n                                    <div class=\"image block-teaserteam__thumbnail-image\" >\n    <img decoding=\"async\"\n      loading=\"lazy\"\n      class=\"image__object lazyload\"\n      src=\"https:\/\/www.sgb-fss.ch\/content\/uploads\/2023\/09\/vincent-guyon-1440x0-c-default.jpg\"       data-sizes=\"auto\"\n      data-srcset=\"https:\/\/www.sgb-fss.ch\/content\/uploads\/2023\/09\/vincent-guyon-400x0-c-default.jpg 400w, https:\/\/www.sgb-fss.ch\/content\/uploads\/2023\/09\/vincent-guyon-200x0-c-default.jpg 200w, https:\/\/www.sgb-fss.ch\/content\/uploads\/2023\/09\/vincent-guyon-100x0-c-default.jpg 100w, \"\n      alt=\"\"\n      width=\"567\"\n      height=\"567\"\n            >\n  <\/div>\n                \n                                  \n<div class=\"video\" data-init=\"video\" data-video-hover-play>\n  <video data-video=\"object\" class=\"video__object\" poster=\"https:\/\/www.sgb-fss.ch\/content\/uploads\/2023\/09\/vincent-guyon.jpg\" src=\"https:\/\/www.sgb-fss.ch\/content\/uploads\/2023\/09\/vincent-guyon.mp4\" muted loop preload=\"none\" playsinline>\n        <\/video>\n\n<\/div>\n<div class=\"gs_videos_titel\">\n    <\/div>\n\n                              <\/div>\n            <\/div>\n            <div class=\"block-teaserteam__text\">\n              <h3 class=\"block-teaserteam__title\">Vincent Guyon<\/h3>\n              <p class=\"block-teaserteam__lead\">Vice-pr\u00e9sident<\/p>            <\/div>\n          <\/a>\n      <\/li>\n                    <li class=\"block-teaserteam__item\">\n          <a class=\"accent__blue block-teaserteam__link\" href=\"https:\/\/www.sgb-fss.ch\/fr\/team\/marzia-brunner\/\">\n            <div class=\"block-teaserteam__media\">\n              <div class=\"block-teaserteam__thumbnail accent__darkred has-background-accent\">\n                                    <div class=\"image block-teaserteam__thumbnail-image\" >\n    <img decoding=\"async\"\n      loading=\"lazy\"\n      class=\"image__object lazyload\"\n      src=\"https:\/\/www.sgb-fss.ch\/content\/uploads\/2023\/09\/marzia-brunner-1440x0-c-default.jpg\"       data-sizes=\"auto\"\n      data-srcset=\"https:\/\/www.sgb-fss.ch\/content\/uploads\/2023\/09\/marzia-brunner-400x0-c-default.jpg 400w, https:\/\/www.sgb-fss.ch\/content\/uploads\/2023\/09\/marzia-brunner-200x0-c-default.jpg 200w, https:\/\/www.sgb-fss.ch\/content\/uploads\/2023\/09\/marzia-brunner-100x0-c-default.jpg 100w, \"\n      alt=\"\"\n      width=\"567\"\n      height=\"567\"\n            >\n  <\/div>\n                \n                                  \n<div class=\"video\" data-init=\"video\" data-video-hover-play>\n  <video data-video=\"object\" class=\"video__object\" poster=\"https:\/\/www.sgb-fss.ch\/content\/uploads\/2023\/09\/marzia-brunner.jpg\" src=\"https:\/\/www.sgb-fss.ch\/content\/uploads\/2023\/09\/mariza-brunner.m4v\" muted loop preload=\"none\" playsinline>\n        <\/video>\n\n<\/div>\n<div class=\"gs_videos_titel\">\n    <\/div>\n\n                              <\/div>\n            <\/div>\n            <div class=\"block-teaserteam__text\">\n              <h3 class=\"block-teaserteam__title\">Marzia Brunner<\/h3>\n              <p class=\"block-teaserteam__lead\">Membre du comit\u00e9 directeur<\/p>            <\/div>\n          <\/a>\n      <\/li>\n                    <li class=\"block-teaserteam__item\">\n          <a class=\"accent__blue block-teaserteam__link\" href=\"https:\/\/www.sgb-fss.ch\/fr\/team\/brigitte-schokle\/\">\n            <div class=\"block-teaserteam__media\">\n              <div class=\"block-teaserteam__thumbnail accent__violet has-background-accent\">\n                                    <div class=\"image block-teaserteam__thumbnail-image\" >\n    <img decoding=\"async\"\n      loading=\"lazy\"\n      class=\"image__object lazyload\"\n      src=\"https:\/\/www.sgb-fss.ch\/content\/uploads\/2023\/09\/brigitte-schokle-1440x0-c-default.jpg\"       data-sizes=\"auto\"\n      data-srcset=\"https:\/\/www.sgb-fss.ch\/content\/uploads\/2023\/09\/brigitte-schokle-400x0-c-default.jpg 400w, https:\/\/www.sgb-fss.ch\/content\/uploads\/2023\/09\/brigitte-schokle-200x0-c-default.jpg 200w, https:\/\/www.sgb-fss.ch\/content\/uploads\/2023\/09\/brigitte-schokle-100x0-c-default.jpg 100w, \"\n      alt=\"\"\n      width=\"567\"\n      height=\"567\"\n            >\n  <\/div>\n                \n                                  \n<div class=\"video\" data-init=\"video\" data-video-hover-play>\n  <video data-video=\"object\" class=\"video__object\" poster=\"https:\/\/www.sgb-fss.ch\/content\/uploads\/2023\/09\/brigitte-schokle.jpg\" src=\"https:\/\/www.sgb-fss.ch\/content\/uploads\/2023\/09\/brigitte-schokle.mp4\" muted loop preload=\"none\" playsinline>\n        <\/video>\n\n<\/div>\n<div class=\"gs_videos_titel\">\n    <\/div>\n\n                              <\/div>\n            <\/div>\n            <div class=\"block-teaserteam__text\">\n              <h3 class=\"block-teaserteam__title\">Brigitte Sch\u00f6kle<\/h3>\n              <p class=\"block-teaserteam__lead\">Membre du comit\u00e9 directeur<\/p>            <\/div>\n          <\/a>\n      <\/li>\n                    <li class=\"block-teaserteam__item\">\n          <a class=\"accent__blue block-teaserteam__link\" href=\"https:\/\/www.sgb-fss.ch\/fr\/team\/selina-madlaina-lusser-lutz\/\">\n            <div class=\"block-teaserteam__media\">\n              <div class=\"block-teaserteam__thumbnail accent__blue has-background-accent\">\n                                    <div class=\"image block-teaserteam__thumbnail-image\" >\n    <img decoding=\"async\"\n      loading=\"lazy\"\n      class=\"image__object lazyload\"\n      src=\"https:\/\/www.sgb-fss.ch\/content\/uploads\/selinalutz-1-1440x0-c-default.jpeg\"       data-sizes=\"auto\"\n      data-srcset=\"https:\/\/www.sgb-fss.ch\/content\/uploads\/selinalutz-1-400x0-c-default.jpeg 400w, https:\/\/www.sgb-fss.ch\/content\/uploads\/selinalutz-1-200x0-c-default.jpeg 200w, https:\/\/www.sgb-fss.ch\/content\/uploads\/selinalutz-1-100x0-c-default.jpeg 100w, \"\n      alt=\"\"\n      width=\"2216\"\n      height=\"2222\"\n            >\n  <\/div>\n                \n                                  \n<div class=\"video\" data-init=\"video\" data-video-hover-play>\n  <video data-video=\"object\" class=\"video__object\" poster=\"https:\/\/www.sgb-fss.ch\/content\/uploads\/selinalutz-1.jpeg\" src=\"https:\/\/www.sgb-fss.ch\/content\/uploads\/video-selina_lsf_v2.mp4\" muted loop preload=\"none\" playsinline>\n        <\/video>\n\n<\/div>\n<div class=\"gs_videos_titel\">\n    <\/div>\n\n                              <\/div>\n            <\/div>\n            <div class=\"block-teaserteam__text\">\n              <h3 class=\"block-teaserteam__title\">Selina Madlaina Lusser-Lutz<\/h3>\n              <p class=\"block-teaserteam__lead\">Membre du comit\u00e9 directeur<\/p>            <\/div>\n          <\/a>\n      <\/li>\n        <\/ul>\n<\/div>\n","protected":false},"excerpt":{"rendered":"<p>Les membres du comit\u00e9 directeur travaillent b\u00e9n\u00e9volement pour promouvoir les droits et les opportunit\u00e9s [&hellip;]<\/p>\n","protected":false},"author":8,"featured_media":42672,"parent":22947,"menu_order":0,"comment_status":"closed","ping_status":"closed","template":"","meta":{"_acf_changed":false,"inline_featured_image":false,"footnotes":""},"class_list":["post-23180","page","type-page","status-publish","has-post-thumbnail","hentry"],"acf":[],"yoast_head":"<!-- This site is optimized with the Yoast SEO plugin v27.4 - https:\/\/yoast.com\/product\/yoast-seo-wordpress\/ -->\n<title>Comit\u00e9 directeur - SGB-FSS<\/title>\n<meta name=\"description\" content=\"Le comit\u00e9 directeur travaille b\u00e9n\u00e9volement pour promouvoir les droits et les possibilit\u00e9s des personnes sourdes et malentendantes.\" \/>\n<meta name=\"robots\" content=\"index, follow, max-snippet:-1, max-image-preview:large, max-video-preview:-1\" \/>\n<link rel=\"canonical\" href=\"https:\/\/www.sgb-fss.ch\/fr\/federation\/comite-directeur\/\" \/>\n<meta property=\"og:locale\" content=\"fr_FR\" \/>\n<meta property=\"og:type\" content=\"article\" \/>\n<meta property=\"og:title\" content=\"Comit\u00e9 directeur - SGB-FSS\" \/>\n<meta property=\"og:description\" content=\"Le comit\u00e9 directeur travaille b\u00e9n\u00e9volement pour promouvoir les droits et les possibilit\u00e9s des personnes sourdes et malentendantes.\" \/>\n<meta property=\"og:url\" content=\"https:\/\/www.sgb-fss.ch\/fr\/federation\/comite-directeur\/\" \/>\n<meta property=\"og:site_name\" content=\"SGB-FSS\" \/>\n<meta property=\"article:modified_time\" content=\"2025-06-24T10:19:27+00:00\" \/>\n<meta property=\"og:image\" content=\"https:\/\/www.sgb-fss.ch\/content\/uploads\/2023\/06\/vorstand-scaled.jpg\" \/>\n\t<meta property=\"og:image:width\" content=\"2302\" \/>\n\t<meta property=\"og:image:height\" content=\"1295\" \/>\n\t<meta property=\"og:image:type\" content=\"image\/jpeg\" \/>\n<meta name=\"twitter:card\" content=\"summary_large_image\" \/>\n<meta name=\"twitter:label1\" content=\"Dur\u00e9e de lecture estim\u00e9e\" \/>\n\t<meta name=\"twitter:data1\" content=\"1 minute\" \/>\n<script type=\"application\/ld+json\" class=\"yoast-schema-graph\">{\"@context\":\"https:\\\/\\\/schema.org\",\"@graph\":[{\"@type\":\"WebPage\",\"@id\":\"https:\\\/\\\/www.sgb-fss.ch\\\/fr\\\/federation\\\/comite-directeur\\\/\",\"url\":\"https:\\\/\\\/www.sgb-fss.ch\\\/fr\\\/federation\\\/comite-directeur\\\/\",\"name\":\"Comit\u00e9 directeur - SGB-FSS\",\"isPartOf\":{\"@id\":\"https:\\\/\\\/www.sgb-fss.ch\\\/de\\\/#website\"},\"primaryImageOfPage\":{\"@id\":\"https:\\\/\\\/www.sgb-fss.ch\\\/fr\\\/federation\\\/comite-directeur\\\/#primaryimage\"},\"image\":{\"@id\":\"https:\\\/\\\/www.sgb-fss.ch\\\/fr\\\/federation\\\/comite-directeur\\\/#primaryimage\"},\"thumbnailUrl\":\"https:\\\/\\\/www.sgb-fss.ch\\\/content\\\/uploads\\\/vorstand_bild_webseite-scaled.jpg\",\"datePublished\":\"2023-07-31T07:34:11+00:00\",\"dateModified\":\"2025-06-24T10:19:27+00:00\",\"description\":\"Le comit\u00e9 directeur travaille b\u00e9n\u00e9volement pour promouvoir les droits et les possibilit\u00e9s des personnes sourdes et malentendantes.\",\"breadcrumb\":{\"@id\":\"https:\\\/\\\/www.sgb-fss.ch\\\/fr\\\/federation\\\/comite-directeur\\\/#breadcrumb\"},\"inLanguage\":\"fr-FR\",\"potentialAction\":[{\"@type\":\"ReadAction\",\"target\":[\"https:\\\/\\\/www.sgb-fss.ch\\\/fr\\\/federation\\\/comite-directeur\\\/\"]}]},{\"@type\":\"ImageObject\",\"inLanguage\":\"fr-FR\",\"@id\":\"https:\\\/\\\/www.sgb-fss.ch\\\/fr\\\/federation\\\/comite-directeur\\\/#primaryimage\",\"url\":\"https:\\\/\\\/www.sgb-fss.ch\\\/content\\\/uploads\\\/vorstand_bild_webseite-scaled.jpg\",\"contentUrl\":\"https:\\\/\\\/www.sgb-fss.ch\\\/content\\\/uploads\\\/vorstand_bild_webseite-scaled.jpg\",\"width\":2560,\"height\":1440},{\"@type\":\"BreadcrumbList\",\"@id\":\"https:\\\/\\\/www.sgb-fss.ch\\\/fr\\\/federation\\\/comite-directeur\\\/#breadcrumb\",\"itemListElement\":[{\"@type\":\"ListItem\",\"position\":1,\"name\":\"Home\",\"item\":\"https:\\\/\\\/www.sgb-fss.ch\\\/fr\\\/\"},{\"@type\":\"ListItem\",\"position\":2,\"name\":\"F\u00e9d\u00e9ration\",\"item\":\"https:\\\/\\\/www.sgb-fss.ch\\\/fr\\\/federation\\\/\"},{\"@type\":\"ListItem\",\"position\":3,\"name\":\"Comit\u00e9 directeur\"}]},{\"@type\":\"WebSite\",\"@id\":\"https:\\\/\\\/www.sgb-fss.ch\\\/de\\\/#website\",\"url\":\"https:\\\/\\\/www.sgb-fss.ch\\\/de\\\/\",\"name\":\"SGB-FSS\",\"description\":\"\",\"potentialAction\":[{\"@type\":\"SearchAction\",\"target\":{\"@type\":\"EntryPoint\",\"urlTemplate\":\"https:\\\/\\\/www.sgb-fss.ch\\\/de\\\/?s={search_term_string}\"},\"query-input\":{\"@type\":\"PropertyValueSpecification\",\"valueRequired\":true,\"valueName\":\"search_term_string\"}}],\"inLanguage\":\"fr-FR\"}]}<\/script>\n<!-- \/ Yoast SEO plugin. -->","yoast_head_json":{"title":"Comit\u00e9 directeur - SGB-FSS","description":"Le comit\u00e9 directeur travaille b\u00e9n\u00e9volement pour promouvoir les droits et les possibilit\u00e9s des personnes sourdes et malentendantes.","robots":{"index":"index","follow":"follow","max-snippet":"max-snippet:-1","max-image-preview":"max-image-preview:large","max-video-preview":"max-video-preview:-1"},"canonical":"https:\/\/www.sgb-fss.ch\/fr\/federation\/comite-directeur\/","og_locale":"fr_FR","og_type":"article","og_title":"Comit\u00e9 directeur - SGB-FSS","og_description":"Le comit\u00e9 directeur travaille b\u00e9n\u00e9volement pour promouvoir les droits et les possibilit\u00e9s des personnes sourdes et malentendantes.","og_url":"https:\/\/www.sgb-fss.ch\/fr\/federation\/comite-directeur\/","og_site_name":"SGB-FSS","article_modified_time":"2025-06-24T10:19:27+00:00","og_image":[{"width":2302,"height":1295,"url":"https:\/\/www.sgb-fss.ch\/content\/uploads\/2023\/06\/vorstand-scaled.jpg","type":"image\/jpeg"}],"twitter_card":"summary_large_image","twitter_misc":{"Dur\u00e9e de lecture estim\u00e9e":"1 minute"},"schema":{"@context":"https:\/\/schema.org","@graph":[{"@type":"WebPage","@id":"https:\/\/www.sgb-fss.ch\/fr\/federation\/comite-directeur\/","url":"https:\/\/www.sgb-fss.ch\/fr\/federation\/comite-directeur\/","name":"Comit\u00e9 directeur - SGB-FSS","isPartOf":{"@id":"https:\/\/www.sgb-fss.ch\/de\/#website"},"primaryImageOfPage":{"@id":"https:\/\/www.sgb-fss.ch\/fr\/federation\/comite-directeur\/#primaryimage"},"image":{"@id":"https:\/\/www.sgb-fss.ch\/fr\/federation\/comite-directeur\/#primaryimage"},"thumbnailUrl":"https:\/\/www.sgb-fss.ch\/content\/uploads\/vorstand_bild_webseite-scaled.jpg","datePublished":"2023-07-31T07:34:11+00:00","dateModified":"2025-06-24T10:19:27+00:00","description":"Le comit\u00e9 directeur travaille b\u00e9n\u00e9volement pour promouvoir les droits et les possibilit\u00e9s des personnes sourdes et malentendantes.","breadcrumb":{"@id":"https:\/\/www.sgb-fss.ch\/fr\/federation\/comite-directeur\/#breadcrumb"},"inLanguage":"fr-FR","potentialAction":[{"@type":"ReadAction","target":["https:\/\/www.sgb-fss.ch\/fr\/federation\/comite-directeur\/"]}]},{"@type":"ImageObject","inLanguage":"fr-FR","@id":"https:\/\/www.sgb-fss.ch\/fr\/federation\/comite-directeur\/#primaryimage","url":"https:\/\/www.sgb-fss.ch\/content\/uploads\/vorstand_bild_webseite-scaled.jpg","contentUrl":"https:\/\/www.sgb-fss.ch\/content\/uploads\/vorstand_bild_webseite-scaled.jpg","width":2560,"height":1440},{"@type":"BreadcrumbList","@id":"https:\/\/www.sgb-fss.ch\/fr\/federation\/comite-directeur\/#breadcrumb","itemListElement":[{"@type":"ListItem","position":1,"name":"Home","item":"https:\/\/www.sgb-fss.ch\/fr\/"},{"@type":"ListItem","position":2,"name":"F\u00e9d\u00e9ration","item":"https:\/\/www.sgb-fss.ch\/fr\/federation\/"},{"@type":"ListItem","position":3,"name":"Comit\u00e9 directeur"}]},{"@type":"WebSite","@id":"https:\/\/www.sgb-fss.ch\/de\/#website","url":"https:\/\/www.sgb-fss.ch\/de\/","name":"SGB-FSS","description":"","potentialAction":[{"@type":"SearchAction","target":{"@type":"EntryPoint","urlTemplate":"https:\/\/www.sgb-fss.ch\/de\/?s={search_term_string}"},"query-input":{"@type":"PropertyValueSpecification","valueRequired":true,"valueName":"search_term_string"}}],"inLanguage":"fr-FR"}]}},"_links":{"self":[{"href":"https:\/\/www.sgb-fss.ch\/fr\/wp-json\/wp\/v2\/pages\/23180","targetHints":{"allow":["GET"]}}],"collection":[{"href":"https:\/\/www.sgb-fss.ch\/fr\/wp-json\/wp\/v2\/pages"}],"about":[{"href":"https:\/\/www.sgb-fss.ch\/fr\/wp-json\/wp\/v2\/types\/page"}],"author":[{"embeddable":true,"href":"https:\/\/www.sgb-fss.ch\/fr\/wp-json\/wp\/v2\/users\/8"}],"replies":[{"embeddable":true,"href":"https:\/\/www.sgb-fss.ch\/fr\/wp-json\/wp\/v2\/comments?post=23180"}],"version-history":[{"count":38,"href":"https:\/\/www.sgb-fss.ch\/fr\/wp-json\/wp\/v2\/pages\/23180\/revisions"}],"predecessor-version":[{"id":39060,"href":"https:\/\/www.sgb-fss.ch\/fr\/wp-json\/wp\/v2\/pages\/23180\/revisions\/39060"}],"up":[{"embeddable":true,"href":"https:\/\/www.sgb-fss.ch\/fr\/wp-json\/wp\/v2\/pages\/22947"}],"wp:featuredmedia":[{"embeddable":true,"href":"https:\/\/www.sgb-fss.ch\/fr\/wp-json\/wp\/v2\/media\/42672"}],"wp:attachment":[{"href":"https:\/\/www.sgb-fss.ch\/fr\/wp-json\/wp\/v2\/media?parent=23180"}],"curies":[{"name":"wp","href":"https:\/\/api.w.org\/{rel}","templated":true}]}}