{"id":22947,"date":"2023-07-31T09:02:41","date_gmt":"2023-07-31T07:02:41","guid":{"rendered":"https:\/\/www.sgb-fss.ch\/?page_id=22947"},"modified":"2026-01-13T15:37:32","modified_gmt":"2026-01-13T14:37:32","slug":"federation","status":"publish","type":"page","link":"https:\/\/www.sgb-fss.ch\/fr\/federation\/","title":{"rendered":"F\u00e9d\u00e9ration"},"content":{"rendered":"\n<div class=\"wp-block-group has-indigo-40-background-color has-background is-layout-flow wp-block-group-is-layout-flow\">\n<h1 class=\"wp-block-heading\">F\u00e9d\u00e9ration<\/h1>\n\n\n\n<p class=\"is-style-lead\">La F\u00e9d\u00e9ration Suisse des Sourds est une organisation fa\u00eeti\u00e8re nationale d\u2019utilit\u00e9 publique. Depuis notre fondation en 1946, nous nous engageons pour l\u2019\u00e9galit\u00e9 et les int\u00e9r\u00eats des personnes sourdes ou malentendantes.<\/p>\n<\/div>\n\n\n<div class=\"block block-teaserpages\" id=\"block_8e5ce9147fc670ef3ef7a4a1e4c1d610\" data-block=\"Teaser Pages\">\n  <ul class=\"block-teaserpages__list\">\n            <li class=\"block-teaserpages__item\">\n        <a class=\"accent teaserpage\" href=\"https:\/\/www.sgb-fss.ch\/fr\/federation\/notre-vision\/\">\n  <div class=\"teaserpage__thumbnail\">\n            <div class=\"image teaserpage__thumbnail-image\" >\n    <img decoding=\"async\"\n      loading=\"lazy\"\n      class=\"image__object lazyload\"\n      src=\"https:\/\/www.sgb-fss.ch\/content\/uploads\/2023\/09\/shutterstock_1165928134-scaled-1440x0-c-default.jpg\"       data-sizes=\"auto\"\n      data-srcset=\"https:\/\/www.sgb-fss.ch\/content\/uploads\/2023\/09\/shutterstock_1165928134-scaled-1000x0-c-default.jpg 1000w, https:\/\/www.sgb-fss.ch\/content\/uploads\/2023\/09\/shutterstock_1165928134-scaled-700x0-c-default.jpg 700w, https:\/\/www.sgb-fss.ch\/content\/uploads\/2023\/09\/shutterstock_1165928134-scaled-350x0-c-default.jpg 350w, \"\n      alt=\"\"\n      width=\"2560\"\n      height=\"1707\"\n            >\n  <\/div>\n      <\/div>\n  <h3 class=\"teaserpage__title\">Notre charte<\/h3>\n  <p class=\"teaserpage__lead\">La charte pr\u00e9sente ce que d\u00e9fend la F\u00e9d\u00e9ration Suisse des Sourds et les objectifs qu\u2019elle poursuit. La vision, la mission, les valeurs et les axes strat\u00e9giques donnent une orientation \u00e0 notre travail.<\/p>  <\/a>\n      <\/li>\n            <li class=\"block-teaserpages__item\">\n        <a class=\"accent teaserpage\" href=\"https:\/\/www.sgb-fss.ch\/fr\/federation\/comite-directeur\/\">\n  <div class=\"teaserpage__thumbnail\">\n            <div class=\"image teaserpage__thumbnail-image\" >\n    <img decoding=\"async\"\n      loading=\"lazy\"\n      class=\"image__object lazyload\"\n      src=\"https:\/\/www.sgb-fss.ch\/content\/uploads\/vorstand_bild_webseite-scaled-1440x0-c-default.jpg\"       data-sizes=\"auto\"\n      data-srcset=\"https:\/\/www.sgb-fss.ch\/content\/uploads\/vorstand_bild_webseite-scaled-1000x0-c-default.jpg 1000w, https:\/\/www.sgb-fss.ch\/content\/uploads\/vorstand_bild_webseite-scaled-700x0-c-default.jpg 700w, https:\/\/www.sgb-fss.ch\/content\/uploads\/vorstand_bild_webseite-scaled-350x0-c-default.jpg 350w, \"\n      alt=\"\"\n      width=\"2560\"\n      height=\"1440\"\n            >\n  <\/div>\n      <\/div>\n  <h3 class=\"teaserpage__title\">Comit\u00e9 directeur<\/h3>\n  <p class=\"teaserpage__lead\">Les membres du comit\u00e9 directeur travaillent b\u00e9n\u00e9volement pour promouvoir les droits et les opportunit\u00e9s des personnes sourdes et malentendantes.<\/p>  <\/a>\n      <\/li>\n            <li class=\"block-teaserpages__item\">\n        <a class=\"accent teaserpage\" href=\"https:\/\/www.sgb-fss.ch\/fr\/federation\/collaborateurs\/\">\n  <div class=\"teaserpage__thumbnail\">\n            <div class=\"image teaserpage__thumbnail-image\" >\n    <img decoding=\"async\"\n      loading=\"lazy\"\n      class=\"image__object lazyload\"\n      src=\"https:\/\/www.sgb-fss.ch\/content\/uploads\/2021\/07\/teams-bild-webseite-1440x0-c-default.jpg\"       data-sizes=\"auto\"\n      data-srcset=\"https:\/\/www.sgb-fss.ch\/content\/uploads\/2021\/07\/teams-bild-webseite-1000x0-c-default.jpg 1000w, https:\/\/www.sgb-fss.ch\/content\/uploads\/2021\/07\/teams-bild-webseite-700x0-c-default.jpg 700w, https:\/\/www.sgb-fss.ch\/content\/uploads\/2021\/07\/teams-bild-webseite-350x0-c-default.jpg 350w, \"\n      alt=\"\"\n      width=\"1327\"\n      height=\"747\"\n            >\n  <\/div>\n      <\/div>\n  <h3 class=\"teaserpage__title\">Collaborateurs<\/h3>\n  <p class=\"teaserpage__lead\">Les collaboratrices et collaborateurs de nos trois bureaux r\u00e9gionaux sont des expert\u00b7e\u00b7s qui s\u2019engagent avec passion en faveur des int\u00e9r\u00eats des personnes sourdes.<\/p>  <\/a>\n      <\/li>\n            <li class=\"block-teaserpages__item\">\n        <a class=\"accent teaserpage\" href=\"https:\/\/www.sgb-fss.ch\/fr\/federation\/membres\/\">\n  <div class=\"teaserpage__thumbnail\">\n            <div class=\"image teaserpage__thumbnail-image\" >\n    <img decoding=\"async\"\n      loading=\"lazy\"\n      class=\"image__object lazyload\"\n      src=\"https:\/\/www.sgb-fss.ch\/content\/uploads\/bhp-2100-scaled-1440x0-c-default.jpg\"       data-sizes=\"auto\"\n      data-srcset=\"https:\/\/www.sgb-fss.ch\/content\/uploads\/bhp-2100-scaled-1000x0-c-default.jpg 1000w, https:\/\/www.sgb-fss.ch\/content\/uploads\/bhp-2100-scaled-700x0-c-default.jpg 700w, https:\/\/www.sgb-fss.ch\/content\/uploads\/bhp-2100-scaled-350x0-c-default.jpg 350w, \"\n      alt=\"Abstimmung mit Stimmkarten an der Delegiertenversammlung\"\n      width=\"2560\"\n      height=\"1707\"\n            >\n  <\/div>\n      <\/div>\n  <h3 class=\"teaserpage__title\">Membres<\/h3>\n  <p class=\"teaserpage__lead\">En collaboration avec nos membres, nous nous engageons pour les int\u00e9r\u00eats de la communaut\u00e9 des sourds. Les membres forment la base de la f\u00e9d\u00e9ration et sont, avec l&rsquo;assembl\u00e9e des d\u00e9l\u00e9gu\u00e9s, le guide de la F\u00e9d\u00e9ration Suisse des Sourds.<\/p>  <\/a>\n      <\/li>\n            <li class=\"block-teaserpages__item\">\n        <a class=\"accent teaserpage\" href=\"https:\/\/www.sgb-fss.ch\/fr\/federation\/partenaires\/\">\n  <div class=\"teaserpage__thumbnail\">\n            <div class=\"image teaserpage__thumbnail-image\" >\n    <img decoding=\"async\"\n      loading=\"lazy\"\n      class=\"image__object lazyload\"\n      src=\"https:\/\/www.sgb-fss.ch\/content\/uploads\/2023\/09\/shutterstock_1498583432-scaled-1440x0-c-default.jpg\"       data-sizes=\"auto\"\n      data-srcset=\"https:\/\/www.sgb-fss.ch\/content\/uploads\/2023\/09\/shutterstock_1498583432-scaled-1000x0-c-default.jpg 1000w, https:\/\/www.sgb-fss.ch\/content\/uploads\/2023\/09\/shutterstock_1498583432-scaled-700x0-c-default.jpg 700w, https:\/\/www.sgb-fss.ch\/content\/uploads\/2023\/09\/shutterstock_1498583432-scaled-350x0-c-default.jpg 350w, \"\n      alt=\"\"\n      width=\"2560\"\n      height=\"1434\"\n            >\n  <\/div>\n      <\/div>\n  <h3 class=\"teaserpage__title\">Partenaires<\/h3>\n  <p class=\"teaserpage__lead\">Avec nos partenaires, nous d\u00e9fendons les int\u00e9r\u00eats de la communaut\u00e9 des sourds et nous nous engageons dans divers projets pour atteindre ensemble l&rsquo;objectif d&rsquo;une soci\u00e9t\u00e9 diversifi\u00e9e et sans barri\u00e8res.<\/p>  <\/a>\n      <\/li>\n            <li class=\"block-teaserpages__item\">\n        <a class=\"accent teaserpage\" href=\"https:\/\/www.sgb-fss.ch\/fr\/federation\/fonds-de-soutien\/\">\n  <div class=\"teaserpage__thumbnail\">\n            <div class=\"image teaserpage__thumbnail-image\" >\n    <img decoding=\"async\"\n      loading=\"lazy\"\n      class=\"image__object lazyload\"\n      src=\"https:\/\/www.sgb-fss.ch\/content\/uploads\/2023\/09\/istock-1316029970-scaled-1440x0-c-default.jpg\"       data-sizes=\"auto\"\n      data-srcset=\"https:\/\/www.sgb-fss.ch\/content\/uploads\/2023\/09\/istock-1316029970-scaled-1000x0-c-default.jpg 1000w, https:\/\/www.sgb-fss.ch\/content\/uploads\/2023\/09\/istock-1316029970-scaled-700x0-c-default.jpg 700w, https:\/\/www.sgb-fss.ch\/content\/uploads\/2023\/09\/istock-1316029970-scaled-350x0-c-default.jpg 350w, \"\n      alt=\"\"\n      width=\"2560\"\n      height=\"1707\"\n            >\n  <\/div>\n      <\/div>\n  <h3 class=\"teaserpage__title\">R\u00e8glement du fonds de soutien<\/h3>\n  <p class=\"teaserpage__lead\">La F\u00e9d\u00e9ration Suisse des Sourds met chaque ann\u00e9e des fonds \u00e0 disposition pour des projets de membres collectifs et des t\u00e2ches de partenaires r\u00e9gionaux. Le r\u00e8glement du fonds de soutien aide \u00e0 distribuer l&rsquo;argent et \u00e0 examiner les demandes.<\/p>  <\/a>\n      <\/li>\n            <li class=\"block-teaserpages__item\">\n        <a class=\"accent teaserpage\" href=\"https:\/\/www.sgb-fss.ch\/fr\/federation\/histoire-mouvementee\/\">\n  <div class=\"teaserpage__thumbnail\">\n            <div class=\"image teaserpage__thumbnail-image\" >\n    <img decoding=\"async\"\n      loading=\"lazy\"\n      class=\"image__object lazyload\"\n      src=\"https:\/\/www.sgb-fss.ch\/content\/uploads\/2021\/06\/geschichte_sgb-e1624527112502-1440x0-c-default.jpg\"       data-sizes=\"auto\"\n      data-srcset=\"https:\/\/www.sgb-fss.ch\/content\/uploads\/2021\/06\/geschichte_sgb-e1624527112502-1000x0-c-default.jpg 1000w, https:\/\/www.sgb-fss.ch\/content\/uploads\/2021\/06\/geschichte_sgb-e1624527112502-700x0-c-default.jpg 700w, https:\/\/www.sgb-fss.ch\/content\/uploads\/2021\/06\/geschichte_sgb-e1624527112502-350x0-c-default.jpg 350w, \"\n      alt=\"\"\n      width=\"1025\"\n      height=\"646\"\n            >\n  <\/div>\n      <\/div>\n  <h3 class=\"teaserpage__title\"> Histoire mouvement\u00e9e <\/h3>\n  <p class=\"teaserpage__lead\">La F\u00e9d\u00e9ration Suisse des Sourds a une histoire mouvement\u00e9e derri\u00e8re elle. Ces derni\u00e8res ann\u00e9es, nous avons pu atteindre de nombreux objectifs, mais de nombreux obstacles restent encore \u00e0 franchir. Avec notre r\u00e9seau et la communaut\u00e9 des sourds, nous envisageons l&rsquo;avenir avec beaucoup d\u2019enthousiasme et \u00e9crivons ensemble de nouveaux chapitres.<\/p>  <\/a>\n      <\/li>\n            <li class=\"block-teaserpages__item\">\n        <a class=\"accent teaserpage\" href=\"https:\/\/www.sgb-fss.ch\/fr\/federation\/rapports-annuels\/\">\n  <div class=\"teaserpage__thumbnail\">\n            <div class=\"image teaserpage__thumbnail-image\" >\n    <img decoding=\"async\"\n      loading=\"lazy\"\n      class=\"image__object lazyload\"\n      src=\"https:\/\/www.sgb-fss.ch\/content\/uploads\/2023\/09\/webseite-kacheln-d-1440x0-c-default.jpg\"       data-sizes=\"auto\"\n      data-srcset=\"https:\/\/www.sgb-fss.ch\/content\/uploads\/2023\/09\/webseite-kacheln-d-1000x0-c-default.jpg 1000w, https:\/\/www.sgb-fss.ch\/content\/uploads\/2023\/09\/webseite-kacheln-d-700x0-c-default.jpg 700w, https:\/\/www.sgb-fss.ch\/content\/uploads\/2023\/09\/webseite-kacheln-d-350x0-c-default.jpg 350w, \"\n      alt=\"\"\n      width=\"945\"\n      height=\"531\"\n            >\n  <\/div>\n      <\/div>\n  <h3 class=\"teaserpage__title\">Rapports annuels<\/h3>\n  <p class=\"teaserpage__lead\">Nos rapports annuels des derni\u00e8res ann\u00e9es en un clic!<\/p>  <\/a>\n      <\/li>\n    <\/ul>\n<\/div>\n","protected":false},"excerpt":{"rendered":"<p>F\u00e9d\u00e9ration La F\u00e9d\u00e9ration Suisse des Sourds est une organisation fa\u00eeti\u00e8re nationale d\u2019utilit\u00e9 publique. Depuis [&hellip;]<\/p>\n","protected":false},"author":8,"featured_media":38595,"parent":0,"menu_order":0,"comment_status":"closed","ping_status":"closed","template":"front-page.php","meta":{"_acf_changed":false,"inline_featured_image":false,"footnotes":""},"class_list":["post-22947","page","type-page","status-publish","has-post-thumbnail","hentry"],"acf":[],"yoast_head":"<!-- This site is optimized with the Yoast SEO plugin v27.4 - https:\/\/yoast.com\/product\/yoast-seo-wordpress\/ -->\n<title>F\u00e9d\u00e9ration - SGB-FSS<\/title>\n<meta name=\"robots\" content=\"index, follow, max-snippet:-1, max-image-preview:large, max-video-preview:-1\" \/>\n<link rel=\"canonical\" href=\"https:\/\/www.sgb-fss.ch\/fr\/federation\/\" \/>\n<meta property=\"og:locale\" content=\"fr_FR\" \/>\n<meta property=\"og:type\" content=\"article\" \/>\n<meta property=\"og:title\" content=\"F\u00e9d\u00e9ration - SGB-FSS\" \/>\n<meta property=\"og:description\" content=\"F\u00e9d\u00e9ration La F\u00e9d\u00e9ration Suisse des Sourds est une organisation fa\u00eeti\u00e8re nationale d\u2019utilit\u00e9 publique. Depuis [&hellip;]\" \/>\n<meta property=\"og:url\" content=\"https:\/\/www.sgb-fss.ch\/fr\/federation\/\" \/>\n<meta property=\"og:site_name\" content=\"SGB-FSS\" \/>\n<meta property=\"article:modified_time\" content=\"2026-01-13T14:37:32+00:00\" \/>\n<meta property=\"og:image\" content=\"https:\/\/www.sgb-fss.ch\/content\/uploads\/bhp-2100-scaled.jpg\" \/>\n\t<meta property=\"og:image:width\" content=\"2560\" \/>\n\t<meta property=\"og:image:height\" content=\"1707\" \/>\n\t<meta property=\"og:image:type\" content=\"image\/jpeg\" \/>\n<meta name=\"twitter:card\" content=\"summary_large_image\" \/>\n<meta name=\"twitter:label1\" content=\"Dur\u00e9e de lecture estim\u00e9e\" \/>\n\t<meta name=\"twitter:data1\" content=\"1 minute\" \/>\n<script type=\"application\/ld+json\" class=\"yoast-schema-graph\">{\"@context\":\"https:\\\/\\\/schema.org\",\"@graph\":[{\"@type\":\"WebPage\",\"@id\":\"https:\\\/\\\/www.sgb-fss.ch\\\/fr\\\/federation\\\/\",\"url\":\"https:\\\/\\\/www.sgb-fss.ch\\\/fr\\\/federation\\\/\",\"name\":\"F\u00e9d\u00e9ration - SGB-FSS\",\"isPartOf\":{\"@id\":\"https:\\\/\\\/www.sgb-fss.ch\\\/de\\\/#website\"},\"primaryImageOfPage\":{\"@id\":\"https:\\\/\\\/www.sgb-fss.ch\\\/fr\\\/federation\\\/#primaryimage\"},\"image\":{\"@id\":\"https:\\\/\\\/www.sgb-fss.ch\\\/fr\\\/federation\\\/#primaryimage\"},\"thumbnailUrl\":\"https:\\\/\\\/www.sgb-fss.ch\\\/content\\\/uploads\\\/bhp-2100-scaled.jpg\",\"datePublished\":\"2023-07-31T07:02:41+00:00\",\"dateModified\":\"2026-01-13T14:37:32+00:00\",\"breadcrumb\":{\"@id\":\"https:\\\/\\\/www.sgb-fss.ch\\\/fr\\\/federation\\\/#breadcrumb\"},\"inLanguage\":\"fr-FR\",\"potentialAction\":[{\"@type\":\"ReadAction\",\"target\":[\"https:\\\/\\\/www.sgb-fss.ch\\\/fr\\\/federation\\\/\"]}]},{\"@type\":\"ImageObject\",\"inLanguage\":\"fr-FR\",\"@id\":\"https:\\\/\\\/www.sgb-fss.ch\\\/fr\\\/federation\\\/#primaryimage\",\"url\":\"https:\\\/\\\/www.sgb-fss.ch\\\/content\\\/uploads\\\/bhp-2100-scaled.jpg\",\"contentUrl\":\"https:\\\/\\\/www.sgb-fss.ch\\\/content\\\/uploads\\\/bhp-2100-scaled.jpg\",\"width\":2560,\"height\":1707,\"caption\":\"Abstimmung mit Stimmkarten an der Delegiertenversammlung\"},{\"@type\":\"BreadcrumbList\",\"@id\":\"https:\\\/\\\/www.sgb-fss.ch\\\/fr\\\/federation\\\/#breadcrumb\",\"itemListElement\":[{\"@type\":\"ListItem\",\"position\":1,\"name\":\"Home\",\"item\":\"https:\\\/\\\/www.sgb-fss.ch\\\/fr\\\/\"},{\"@type\":\"ListItem\",\"position\":2,\"name\":\"F\u00e9d\u00e9ration\"}]},{\"@type\":\"WebSite\",\"@id\":\"https:\\\/\\\/www.sgb-fss.ch\\\/de\\\/#website\",\"url\":\"https:\\\/\\\/www.sgb-fss.ch\\\/de\\\/\",\"name\":\"SGB-FSS\",\"description\":\"\",\"potentialAction\":[{\"@type\":\"SearchAction\",\"target\":{\"@type\":\"EntryPoint\",\"urlTemplate\":\"https:\\\/\\\/www.sgb-fss.ch\\\/de\\\/?s={search_term_string}\"},\"query-input\":{\"@type\":\"PropertyValueSpecification\",\"valueRequired\":true,\"valueName\":\"search_term_string\"}}],\"inLanguage\":\"fr-FR\"}]}<\/script>\n<!-- \/ Yoast SEO plugin. -->","yoast_head_json":{"title":"F\u00e9d\u00e9ration - SGB-FSS","robots":{"index":"index","follow":"follow","max-snippet":"max-snippet:-1","max-image-preview":"max-image-preview:large","max-video-preview":"max-video-preview:-1"},"canonical":"https:\/\/www.sgb-fss.ch\/fr\/federation\/","og_locale":"fr_FR","og_type":"article","og_title":"F\u00e9d\u00e9ration - SGB-FSS","og_description":"F\u00e9d\u00e9ration La F\u00e9d\u00e9ration Suisse des Sourds est une organisation fa\u00eeti\u00e8re nationale d\u2019utilit\u00e9 publique. Depuis [&hellip;]","og_url":"https:\/\/www.sgb-fss.ch\/fr\/federation\/","og_site_name":"SGB-FSS","article_modified_time":"2026-01-13T14:37:32+00:00","og_image":[{"width":2560,"height":1707,"url":"https:\/\/www.sgb-fss.ch\/content\/uploads\/bhp-2100-scaled.jpg","type":"image\/jpeg"}],"twitter_card":"summary_large_image","twitter_misc":{"Dur\u00e9e de lecture estim\u00e9e":"1 minute"},"schema":{"@context":"https:\/\/schema.org","@graph":[{"@type":"WebPage","@id":"https:\/\/www.sgb-fss.ch\/fr\/federation\/","url":"https:\/\/www.sgb-fss.ch\/fr\/federation\/","name":"F\u00e9d\u00e9ration - SGB-FSS","isPartOf":{"@id":"https:\/\/www.sgb-fss.ch\/de\/#website"},"primaryImageOfPage":{"@id":"https:\/\/www.sgb-fss.ch\/fr\/federation\/#primaryimage"},"image":{"@id":"https:\/\/www.sgb-fss.ch\/fr\/federation\/#primaryimage"},"thumbnailUrl":"https:\/\/www.sgb-fss.ch\/content\/uploads\/bhp-2100-scaled.jpg","datePublished":"2023-07-31T07:02:41+00:00","dateModified":"2026-01-13T14:37:32+00:00","breadcrumb":{"@id":"https:\/\/www.sgb-fss.ch\/fr\/federation\/#breadcrumb"},"inLanguage":"fr-FR","potentialAction":[{"@type":"ReadAction","target":["https:\/\/www.sgb-fss.ch\/fr\/federation\/"]}]},{"@type":"ImageObject","inLanguage":"fr-FR","@id":"https:\/\/www.sgb-fss.ch\/fr\/federation\/#primaryimage","url":"https:\/\/www.sgb-fss.ch\/content\/uploads\/bhp-2100-scaled.jpg","contentUrl":"https:\/\/www.sgb-fss.ch\/content\/uploads\/bhp-2100-scaled.jpg","width":2560,"height":1707,"caption":"Abstimmung mit Stimmkarten an der Delegiertenversammlung"},{"@type":"BreadcrumbList","@id":"https:\/\/www.sgb-fss.ch\/fr\/federation\/#breadcrumb","itemListElement":[{"@type":"ListItem","position":1,"name":"Home","item":"https:\/\/www.sgb-fss.ch\/fr\/"},{"@type":"ListItem","position":2,"name":"F\u00e9d\u00e9ration"}]},{"@type":"WebSite","@id":"https:\/\/www.sgb-fss.ch\/de\/#website","url":"https:\/\/www.sgb-fss.ch\/de\/","name":"SGB-FSS","description":"","potentialAction":[{"@type":"SearchAction","target":{"@type":"EntryPoint","urlTemplate":"https:\/\/www.sgb-fss.ch\/de\/?s={search_term_string}"},"query-input":{"@type":"PropertyValueSpecification","valueRequired":true,"valueName":"search_term_string"}}],"inLanguage":"fr-FR"}]}},"_links":{"self":[{"href":"https:\/\/www.sgb-fss.ch\/fr\/wp-json\/wp\/v2\/pages\/22947","targetHints":{"allow":["GET"]}}],"collection":[{"href":"https:\/\/www.sgb-fss.ch\/fr\/wp-json\/wp\/v2\/pages"}],"about":[{"href":"https:\/\/www.sgb-fss.ch\/fr\/wp-json\/wp\/v2\/types\/page"}],"author":[{"embeddable":true,"href":"https:\/\/www.sgb-fss.ch\/fr\/wp-json\/wp\/v2\/users\/8"}],"replies":[{"embeddable":true,"href":"https:\/\/www.sgb-fss.ch\/fr\/wp-json\/wp\/v2\/comments?post=22947"}],"version-history":[{"count":30,"href":"https:\/\/www.sgb-fss.ch\/fr\/wp-json\/wp\/v2\/pages\/22947\/revisions"}],"predecessor-version":[{"id":42832,"href":"https:\/\/www.sgb-fss.ch\/fr\/wp-json\/wp\/v2\/pages\/22947\/revisions\/42832"}],"wp:featuredmedia":[{"embeddable":true,"href":"https:\/\/www.sgb-fss.ch\/fr\/wp-json\/wp\/v2\/media\/38595"}],"wp:attachment":[{"href":"https:\/\/www.sgb-fss.ch\/fr\/wp-json\/wp\/v2\/media?parent=22947"}],"curies":[{"name":"wp","href":"https:\/\/api.w.org\/{rel}","templated":true}]}}