{"id":21299,"date":"2023-10-26T16:45:21","date_gmt":"2023-10-26T14:45:21","guid":{"rendered":"https:\/\/www.sgb-fss.ch\/?page_id=21299"},"modified":"2023-10-26T16:50:15","modified_gmt":"2023-10-26T14:50:15","slug":"deinadieu","status":"publish","type":"page","link":"https:\/\/www.sgb-fss.ch\/fr\/soutien\/deinadieu\/","title":{"rendered":"DeinAdieu"},"content":{"rendered":"\n<p class=\"is-style-lead\">Tout est r\u00e9solu? Un bon sentiment! DeinAdieu est le premier portail en ligne pour une fin de vie autod\u00e9termin\u00e9e. Des experts et des juristes sp\u00e9cialis\u00e9s dans le domaine des successions et des h\u00e9ritages vous aident \u00e0 r\u00e9diger un testament adapt\u00e9 \u00e0 vos souhaits et \u00e0 votre situation et vous conseillent de mani\u00e8re exhaustive.<\/p>\n\n\n\n<p><strong>R\u00e9glez votre succession, simplement et en toute s\u00e9curit\u00e9<\/strong><br>La collaboration avec notre organisation partenaire <strong><a href=\"https:\/\/www.deinadieu.ch\/\" target=\"_blank\" rel=\"noreferrer noopener\">DeinAdieu<\/a><\/strong> vous permet de r\u00e9diger, sans engagement et sans frais, un testament adapt\u00e9 \u00e0 votre situation personnelle.<\/p>\n\n\n\n<div class=\"wp-block-group is-layout-flow wp-block-group-is-layout-flow\">\n<div class=\"wp-block-columns is-layout-flex wp-container-core-columns-is-layout-9d6595d7 wp-block-columns-is-layout-flex\">\n<div class=\"wp-block-column is-layout-flow wp-block-column-is-layout-flow\" style=\"flex-basis:100%\">\n<div class=\"wp-block-group has-sgb-fss-blue-15-background-color has-background is-layout-constrained wp-block-group-is-layout-constrained\">\n<h3 class=\"wp-block-heading\">Premi\u00e8re consultation gratuite par des sp\u00e9cialistes du droit successoral<\/h3>\n\n\n\n<p><strong>DeinAdieu<\/strong> propose une consultation juridique gratuite avec des avocats* suisses sur les th\u00e8mes suivants:<\/p>\n\n\n\n<ul class=\"wp-block-list\">\n<li>Examen de votre situation ou de votre testament<\/li>\n\n\n\n<li>Sur place ou par t\u00e9l\u00e9phone<\/li>\n\n\n\n<li>Recommandation de planification successorale<\/li>\n\n\n\n<li>D\u00e9p\u00f4t et ex\u00e9cution testamentaire en option<\/li>\n<\/ul>\n\n\n\n<div class=\"wp-block-buttons is-content-justification-center is-layout-flex wp-container-core-buttons-is-layout-16018d1d wp-block-buttons-is-layout-flex\">\n<div class=\"wp-block-button\"><a class=\"wp-block-button__link wp-element-button\" href=\"https:\/\/app.deinadieu.ch\/consulting\/ngo\/7647\" target=\"_blank\" rel=\"noreferrer noopener\">Demander une premi\u00e8re consultation<\/a><\/div>\n<\/div>\n<\/div>\n<\/div>\n<\/div>\n\n\n\n<div class=\"wp-block-columns is-layout-flex wp-container-core-columns-is-layout-9d6595d7 wp-block-columns-is-layout-flex\">\n<div class=\"wp-block-column is-layout-flow wp-block-column-is-layout-flow\" style=\"flex-basis:100%\">\n<div class=\"wp-block-group has-sgb-fss-rot-15-background-color has-background is-layout-constrained wp-block-group-is-layout-constrained\">\n<h3 class=\"wp-block-heading\">R\u00e9diger un testament<\/h3>\n\n\n\n<p class=\"is-style-default\">Le testament peut \u00eatre r\u00e9dig\u00e9 et d\u00e9pos\u00e9 en ligne. <strong>DeinAdieu<\/strong> vous guide \u00e0 travers les \u00e9tapes suivantes:<\/p>\n\n\n\n<ul class=\"wp-block-list\">\n<li>Saisissez tous les h\u00e9ritiers.<\/li>\n<\/ul>\n\n\n\n<ul class=\"wp-block-list\">\n<li>D\u00e9terminez qui re\u00e7oit quelle part de votre succession.<\/li>\n<\/ul>\n\n\n\n<ul class=\"wp-block-list\">\n<li>Recopiez \u00e0 la main le mod\u00e8le que vous avez \u00e9tabli.<\/li>\n\n\n\n<li><em>Vous devriez conserver votre testament manuscrit de mani\u00e8re \u00e0 pouvoir le retrouver facilement et \u00e0 le prot\u00e9ger (personne de confiance, avocat, commune).<\/em><\/li>\n<\/ul>\n\n\n\n<div class=\"wp-block-buttons is-content-justification-center is-layout-flex wp-container-core-buttons-is-layout-16018d1d wp-block-buttons-is-layout-flex\">\n<div class=\"wp-block-button\"><a class=\"wp-block-button__link wp-element-button\" href=\"https:\/\/app.deinadieu.ch\/testamentgenerator\/ngo\/7647\" target=\"_blank\" rel=\"noreferrer noopener\">R\u00e9diger un testament<\/a><\/div>\n<\/div>\n<\/div>\n<\/div>\n<\/div>\n<\/div>\n\n\n\n<div class=\"wp-block-columns is-layout-flex wp-container-core-columns-is-layout-9d6595d7 wp-block-columns-is-layout-flex\">\n<div class=\"wp-block-column is-layout-flow wp-block-column-is-layout-flow\" style=\"flex-basis:100%\">\n<div class=\"wp-block-group is-layout-flow wp-block-group-is-layout-flow\">\n<div class=\"wp-block-group has-pflaume-10-background-color has-background is-layout-constrained wp-block-group-is-layout-constrained\">\n<h3 class=\"wp-block-heading\">R\u00e9diger des directives anticip\u00e9es simples et valables<\/h3>\n\n\n\n<p>Avec les directives anticip\u00e9es, vous exprimez votre volont\u00e9 concernant les mesures m\u00e9dicales \u00e0 prendre au cas o\u00f9 vous ne pourriez plus d\u00e9cider vous-m\u00eame en raison d&rsquo;une maladie ou d&rsquo;un accident. Vous \u00eates guid\u00e9(e) \u00e0 travers les \u00e9tapes suivantes:<\/p>\n\n\n\n<ul class=\"wp-block-list\">\n<li>Choisissez votre repr\u00e9sentant\/rempla\u00e7ant.<\/li>\n\n\n\n<li>R\u00e9pondez aux questions relatives \u00e0 votre mode de vie et aux questions m\u00e9dicales.<\/li>\n\n\n\n<li>Imprimez et signez vos directives.<\/li>\n\n\n\n<li>D\u00e9posez une copie aupr\u00e8s de votre rempla\u00e7ant(e) et\/ou de votre m\u00e9decin de famille..<\/li>\n<\/ul>\n\n\n\n<div class=\"wp-block-buttons is-content-justification-center is-layout-flex wp-container-core-buttons-is-layout-16018d1d wp-block-buttons-is-layout-flex\">\n<div class=\"wp-block-button\"><a class=\"wp-block-button__link wp-element-button\" href=\"https:\/\/app.deinadieu.ch\/patient-decree\/ngo\/7647\" target=\"_blank\" rel=\"noreferrer noopener\">R\u00e9diger des directives anticip\u00e9es<\/a><\/div>\n<\/div>\n<\/div>\n<\/div>\n<\/div>\n<\/div>\n\n\n\n<div class=\"wp-block-columns is-layout-flex wp-container-core-columns-is-layout-9d6595d7 wp-block-columns-is-layout-flex\">\n<div class=\"wp-block-column is-layout-flow wp-block-column-is-layout-flow\" style=\"flex-basis:100%\">\n<div class=\"wp-block-group has-schwarz-25-background-color has-background is-layout-constrained wp-block-group-is-layout-constrained\">\n<h3 class=\"wp-block-heading\">R\u00e9diger un mandat pour cause d&rsquo;inaptitude simple et valable<\/h3>\n\n\n\n<p>Avec un mandat pour cause d&rsquo;inaptitude, vous d\u00e9signez une personne de confiance qui repr\u00e9sentera vos int\u00e9r\u00eats en cas d&rsquo;incapacit\u00e9 de discernement. Le formulaire ci-dessous vous aidera \u00e0 r\u00e9diger votre mandat pour cause d&rsquo;inaptitude. Vous serez guid\u00e9 \u00e0 travers les \u00e9tapes suivantes :<\/p>\n\n\n\n<ul class=\"wp-block-list\">\n<li>Choisissez votre rempla\u00e7ant.<\/li>\n\n\n\n<li>Choisissez un rempla\u00e7ant \u00e9ventuel.<\/li>\n\n\n\n<li>Recopiez \u00e0 la main le mod\u00e8le cr\u00e9\u00e9.<\/li>\n\n\n\n<li>D\u00e9posez votre mandat pour cause d&rsquo;inaptitude aupr\u00e8s de votre repr\u00e9sentant et\/ou de votre rempla\u00e7ant et\/ou d&rsquo;un service de d\u00e9p\u00f4t (KESB, office d&rsquo;\u00e9tat civil).<\/li>\n<\/ul>\n\n\n\n<div class=\"wp-block-buttons is-content-justification-center is-layout-flex wp-container-core-buttons-is-layout-16018d1d wp-block-buttons-is-layout-flex\">\n<div class=\"wp-block-button\"><a class=\"wp-block-button__link wp-element-button\" href=\"https:\/\/app.deinadieu.ch\/advance-care-directive\/ngo\/7647\" target=\"_blank\" rel=\"noreferrer noopener\">R\u00e9diger un mandat pour cause d&rsquo;inaptitude<\/a><\/div>\n<\/div>\n<\/div>\n<\/div>\n<\/div>\n\n\n<div class=\"block block-teaserpages\" id=\"block_0d0c0744985a824a9f8cbe32c6725c8a\" data-block=\"Teaser Pages\">\n  <ul class=\"block-teaserpages__list\">\n            <li class=\"block-teaserpages__item\">\n        <a class=\"accent teaserpage\" href=\"https:\/\/www.sgb-fss.ch\/fr\/soutien\/dons-en-cas-de-deuil\/\">\n  <div class=\"teaserpage__thumbnail\">\n            <div class=\"image teaserpage__thumbnail-image\" >\n    <img decoding=\"async\"\n      loading=\"lazy\"\n      class=\"image__object lazyload\"\n      src=\"https:\/\/www.sgb-fss.ch\/content\/uploads\/2021\/04\/trauerspende_beitragsbild-1440x0-c-default.jpg\"       data-sizes=\"auto\"\n      data-srcset=\"https:\/\/www.sgb-fss.ch\/content\/uploads\/2021\/04\/trauerspende_beitragsbild-1000x0-c-default.jpg 1000w, https:\/\/www.sgb-fss.ch\/content\/uploads\/2021\/04\/trauerspende_beitragsbild-700x0-c-default.jpg 700w, https:\/\/www.sgb-fss.ch\/content\/uploads\/2021\/04\/trauerspende_beitragsbild-350x0-c-default.jpg 350w, \"\n      alt=\"\"\n      width=\"540\"\n      height=\"330\"\n            >\n  <\/div>\n      <\/div>\n  <h3 class=\"teaserpage__title\">Dons en cas de deuil<\/h3>\n  <p class=\"teaserpage__lead\">Un don en m\u00e9moire d\u2019une personne est un beau signe de sympathie.<\/p>  <\/a>\n      <\/li>\n            <li class=\"block-teaserpages__item\">\n        <a class=\"accent teaserpage\" href=\"https:\/\/www.sgb-fss.ch\/fr\/soutien\/collecte-de-fonds\/\">\n  <div class=\"teaserpage__thumbnail\">\n            <div class=\"image teaserpage__thumbnail-image\" >\n    <img decoding=\"async\"\n      loading=\"lazy\"\n      class=\"image__object lazyload\"\n      src=\"https:\/\/www.sgb-fss.ch\/content\/uploads\/2023\/03\/5_bild-unten-scaled-1440x0-c-default.jpg\"       data-sizes=\"auto\"\n      data-srcset=\"https:\/\/www.sgb-fss.ch\/content\/uploads\/2023\/03\/5_bild-unten-scaled-1000x0-c-default.jpg 1000w, https:\/\/www.sgb-fss.ch\/content\/uploads\/2023\/03\/5_bild-unten-scaled-700x0-c-default.jpg 700w, https:\/\/www.sgb-fss.ch\/content\/uploads\/2023\/03\/5_bild-unten-scaled-350x0-c-default.jpg 350w, \"\n      alt=\"\"\n      width=\"2560\"\n      height=\"1707\"\n            >\n  <\/div>\n      <\/div>\n  <h3 class=\"teaserpage__title\">Campagne de dons<\/h3>\n  <p class=\"teaserpage__lead\">Lancez une action de collecte de fonds avec vos amis ou coll\u00e8gues de travail et soutenez-nous dans nos projets visant \u00e0 permettre aux personnes souffrant d&rsquo;un handicap auditif de participer \u00e0 la vie quotidienne, aux loisirs et \u00e0 l&rsquo;\u00e9cole sur un pied d&rsquo;\u00e9galit\u00e9.<\/p>  <\/a>\n      <\/li>\n            <li class=\"block-teaserpages__item\">\n        <a class=\"accent teaserpage\" href=\"https:\/\/www.sgb-fss.ch\/fr\/soutien\/__trashed\/\">\n  <div class=\"teaserpage__thumbnail\">\n            <div class=\"image teaserpage__thumbnail-image\" >\n    <img decoding=\"async\"\n      loading=\"lazy\"\n      class=\"image__object lazyload\"\n      src=\"https:\/\/www.sgb-fss.ch\/content\/uploads\/2023\/03\/1_headerbild-2-1440x0-c-default.jpg\"       data-sizes=\"auto\"\n      data-srcset=\"https:\/\/www.sgb-fss.ch\/content\/uploads\/2023\/03\/1_headerbild-2-1000x0-c-default.jpg 1000w, https:\/\/www.sgb-fss.ch\/content\/uploads\/2023\/03\/1_headerbild-2-700x0-c-default.jpg 700w, https:\/\/www.sgb-fss.ch\/content\/uploads\/2023\/03\/1_headerbild-2-350x0-c-default.jpg 350w, \"\n      alt=\"\"\n      width=\"2128\"\n      height=\"1416\"\n            >\n  <\/div>\n      <\/div>\n  <h3 class=\"teaserpage__title\">Dons libres<\/h3>\n  <p class=\"teaserpage__lead\">Votre contribution contribue \u00e0 ce que les personnes sourdes et malentendantes aient les m\u00eames chances que les entendants, que ce soit \u00e0 l&rsquo;\u00e9cole, en apprentissage, au travail ou dans les loisirs.<\/p>  <\/a>\n      <\/li>\n    <\/ul>\n<\/div>\n\n\n\n<div class=\"wp-block-group is-layout-flow wp-block-group-is-layout-flow\"><div class=\"block block-teasercontacts block-teasercontacts--boxed\" id=\"block_64bd5ccf704fda7f73213c568a07c182\" data-block=\"Teaser Contacts\">\n    <div class=\"block-teasercontacts__header\"><p class=\"block-teasercontacts__title\">Des questions sur l&rsquo;adh\u00e9sion de soutien ? Je me r\u00e9jouis de recevoir votre message.<\/p><\/div>    <div class=\"block-teasercontacts__list\">\n                                        <div class=\"block-teasercontacts__item\">\n                <div class=\"block-teasercontacts__link\">\n                    <div class=\"block-teasercontacts__media\">\n                        <div class=\"block-teasercontacts__thumbnail accent__violet has-background-accent\">\n                                                              <div class=\"image block-teasercontacts__thumbnail-image\" >\n    <img decoding=\"async\"\n      loading=\"lazy\"\n      class=\"image__object lazyload\"\n      src=\"https:\/\/www.sgb-fss.ch\/content\/uploads\/2021\/06\/carmela-zumbach-1440x0-c-default.jpg\"       data-sizes=\"auto\"\n      data-srcset=\"https:\/\/www.sgb-fss.ch\/content\/uploads\/2021\/06\/carmela-zumbach-200x0-c-default.jpg 200w, https:\/\/www.sgb-fss.ch\/content\/uploads\/2021\/06\/carmela-zumbach-100x0-c-default.jpg 100w, \"\n      alt=\"\"\n      width=\"567\"\n      height=\"567\"\n            >\n  <\/div>\n                                                    <\/div>\n                    <\/div>\n                    <div class=\"block-teasercontacts__text\">\n                        <p class=\"block-teasercontacts__name\"><strong><a href=\"https:\/\/www.sgb-fss.ch\/fr\/team\/carmela-zumbach\/\">Carmela Zumbach<\/a><\/strong><\/p>\n                        <p class=\"block-teasercontacts__lead\">Fundraising et Formation professionnelle<\/p>                    <\/div>\n                    <div class=\"block-teasercontacts__contacts\">\n                                                    <p>\n                                                                <a class=\"wp-block-button is-style-transparent\" href=\"mailto:c.zumbach@sgb-fss.ch\"><span class=\"wp-block-button__link\"><i class=\"icon icon--mail\"><svg data-name=\"Ebene 1\" xmlns=\"http:\/\/www.w3.org\/2000\/svg\" viewBox=\"0 0 24 24\"><path d=\"M20.76 2.31H3.24A3.12 3.12 0 0 0 .12 5.43v13.14a3.12 3.12 0 0 0 3.12 3.12h17.52a3.12 3.12 0 0 0 3.12-3.12V5.43a3.12 3.12 0 0 0-3.12-3.12zM2.09 5a1.27 1.27 0 0 1 1.15-.78h17.52a1.24 1.24 0 0 1 1.11.74l.05.09-.09.06L12 12l-.07-.05-9.87-6.9zM22 18.57a1.26 1.26 0 0 1-1.26 1.27H3.24A1.27 1.27 0 0 1 2 18.57V7.21l9.5 6.69a.89.89 0 0 0 1 0L22 7.25z\"\/><\/svg><\/i><span class=\"wp-block-button__label\">c.zumbach@sgb-fss.ch<\/span><\/span><\/a>                                                            <\/p>\n                                            <\/div>\n                <\/div>\n            <\/div>\n                    <\/div>\n<\/div>\n<\/div>\n","protected":false},"excerpt":{"rendered":"<p>Tout est r\u00e9solu? Un bon sentiment! DeinAdieu est le premier portail en ligne pour [&hellip;]<\/p>\n","protected":false},"author":40,"featured_media":21325,"parent":9277,"menu_order":4,"comment_status":"closed","ping_status":"closed","template":"","meta":{"_acf_changed":false,"inline_featured_image":false,"footnotes":""},"class_list":["post-21299","page","type-page","status-publish","has-post-thumbnail","hentry"],"acf":[],"yoast_head":"<!-- This site is optimized with the Yoast SEO plugin v27.4 - https:\/\/yoast.com\/product\/yoast-seo-wordpress\/ -->\n<title>DeinAdieu - SGB-FSS<\/title>\n<meta name=\"robots\" content=\"index, follow, max-snippet:-1, max-image-preview:large, max-video-preview:-1\" \/>\n<link rel=\"canonical\" href=\"https:\/\/www.sgb-fss.ch\/fr\/soutien\/deinadieu\/\" \/>\n<meta property=\"og:locale\" content=\"fr_FR\" \/>\n<meta property=\"og:type\" content=\"article\" \/>\n<meta property=\"og:title\" content=\"DeinAdieu - SGB-FSS\" \/>\n<meta property=\"og:description\" content=\"Tout est r\u00e9solu? Un bon sentiment! DeinAdieu est le premier portail en ligne pour [&hellip;]\" \/>\n<meta property=\"og:url\" content=\"https:\/\/www.sgb-fss.ch\/fr\/soutien\/deinadieu\/\" \/>\n<meta property=\"og:site_name\" content=\"SGB-FSS\" \/>\n<meta property=\"article:modified_time\" content=\"2023-10-26T14:50:15+00:00\" \/>\n<meta property=\"og:image\" content=\"https:\/\/www.sgb-fss.ch\/content\/uploads\/2023\/06\/dein-adieu.jpg\" \/>\n\t<meta property=\"og:image:width\" content=\"460\" \/>\n\t<meta property=\"og:image:height\" content=\"458\" \/>\n\t<meta property=\"og:image:type\" content=\"image\/jpeg\" \/>\n<meta name=\"twitter:card\" content=\"summary_large_image\" \/>\n<meta name=\"twitter:label1\" content=\"Dur\u00e9e de lecture estim\u00e9e\" \/>\n\t<meta name=\"twitter:data1\" content=\"3 minutes\" \/>\n<script type=\"application\/ld+json\" class=\"yoast-schema-graph\">{\"@context\":\"https:\\\/\\\/schema.org\",\"@graph\":[{\"@type\":\"WebPage\",\"@id\":\"https:\\\/\\\/www.sgb-fss.ch\\\/fr\\\/soutien\\\/deinadieu\\\/\",\"url\":\"https:\\\/\\\/www.sgb-fss.ch\\\/fr\\\/soutien\\\/deinadieu\\\/\",\"name\":\"DeinAdieu - SGB-FSS\",\"isPartOf\":{\"@id\":\"https:\\\/\\\/www.sgb-fss.ch\\\/de\\\/#website\"},\"primaryImageOfPage\":{\"@id\":\"https:\\\/\\\/www.sgb-fss.ch\\\/fr\\\/soutien\\\/deinadieu\\\/#primaryimage\"},\"image\":{\"@id\":\"https:\\\/\\\/www.sgb-fss.ch\\\/fr\\\/soutien\\\/deinadieu\\\/#primaryimage\"},\"thumbnailUrl\":\"https:\\\/\\\/www.sgb-fss.ch\\\/content\\\/uploads\\\/2023\\\/06\\\/dein-adieu.jpg\",\"datePublished\":\"2023-10-26T14:45:21+00:00\",\"dateModified\":\"2023-10-26T14:50:15+00:00\",\"breadcrumb\":{\"@id\":\"https:\\\/\\\/www.sgb-fss.ch\\\/fr\\\/soutien\\\/deinadieu\\\/#breadcrumb\"},\"inLanguage\":\"fr-FR\",\"potentialAction\":[{\"@type\":\"ReadAction\",\"target\":[\"https:\\\/\\\/www.sgb-fss.ch\\\/fr\\\/soutien\\\/deinadieu\\\/\"]}]},{\"@type\":\"ImageObject\",\"inLanguage\":\"fr-FR\",\"@id\":\"https:\\\/\\\/www.sgb-fss.ch\\\/fr\\\/soutien\\\/deinadieu\\\/#primaryimage\",\"url\":\"https:\\\/\\\/www.sgb-fss.ch\\\/content\\\/uploads\\\/2023\\\/06\\\/dein-adieu.jpg\",\"contentUrl\":\"https:\\\/\\\/www.sgb-fss.ch\\\/content\\\/uploads\\\/2023\\\/06\\\/dein-adieu.jpg\",\"width\":460,\"height\":458},{\"@type\":\"BreadcrumbList\",\"@id\":\"https:\\\/\\\/www.sgb-fss.ch\\\/fr\\\/soutien\\\/deinadieu\\\/#breadcrumb\",\"itemListElement\":[{\"@type\":\"ListItem\",\"position\":1,\"name\":\"Home\",\"item\":\"https:\\\/\\\/www.sgb-fss.ch\\\/fr\\\/\"},{\"@type\":\"ListItem\",\"position\":2,\"name\":\"Faire un don et offrir des chances\",\"item\":\"https:\\\/\\\/www.sgb-fss.ch\\\/fr\\\/soutien\\\/\"},{\"@type\":\"ListItem\",\"position\":3,\"name\":\"DeinAdieu\"}]},{\"@type\":\"WebSite\",\"@id\":\"https:\\\/\\\/www.sgb-fss.ch\\\/de\\\/#website\",\"url\":\"https:\\\/\\\/www.sgb-fss.ch\\\/de\\\/\",\"name\":\"SGB-FSS\",\"description\":\"\",\"potentialAction\":[{\"@type\":\"SearchAction\",\"target\":{\"@type\":\"EntryPoint\",\"urlTemplate\":\"https:\\\/\\\/www.sgb-fss.ch\\\/de\\\/?s={search_term_string}\"},\"query-input\":{\"@type\":\"PropertyValueSpecification\",\"valueRequired\":true,\"valueName\":\"search_term_string\"}}],\"inLanguage\":\"fr-FR\"}]}<\/script>\n<!-- \/ Yoast SEO plugin. -->","yoast_head_json":{"title":"DeinAdieu - SGB-FSS","robots":{"index":"index","follow":"follow","max-snippet":"max-snippet:-1","max-image-preview":"max-image-preview:large","max-video-preview":"max-video-preview:-1"},"canonical":"https:\/\/www.sgb-fss.ch\/fr\/soutien\/deinadieu\/","og_locale":"fr_FR","og_type":"article","og_title":"DeinAdieu - SGB-FSS","og_description":"Tout est r\u00e9solu? Un bon sentiment! DeinAdieu est le premier portail en ligne pour [&hellip;]","og_url":"https:\/\/www.sgb-fss.ch\/fr\/soutien\/deinadieu\/","og_site_name":"SGB-FSS","article_modified_time":"2023-10-26T14:50:15+00:00","og_image":[{"width":460,"height":458,"url":"https:\/\/www.sgb-fss.ch\/content\/uploads\/2023\/06\/dein-adieu.jpg","type":"image\/jpeg"}],"twitter_card":"summary_large_image","twitter_misc":{"Dur\u00e9e de lecture estim\u00e9e":"3 minutes"},"schema":{"@context":"https:\/\/schema.org","@graph":[{"@type":"WebPage","@id":"https:\/\/www.sgb-fss.ch\/fr\/soutien\/deinadieu\/","url":"https:\/\/www.sgb-fss.ch\/fr\/soutien\/deinadieu\/","name":"DeinAdieu - SGB-FSS","isPartOf":{"@id":"https:\/\/www.sgb-fss.ch\/de\/#website"},"primaryImageOfPage":{"@id":"https:\/\/www.sgb-fss.ch\/fr\/soutien\/deinadieu\/#primaryimage"},"image":{"@id":"https:\/\/www.sgb-fss.ch\/fr\/soutien\/deinadieu\/#primaryimage"},"thumbnailUrl":"https:\/\/www.sgb-fss.ch\/content\/uploads\/2023\/06\/dein-adieu.jpg","datePublished":"2023-10-26T14:45:21+00:00","dateModified":"2023-10-26T14:50:15+00:00","breadcrumb":{"@id":"https:\/\/www.sgb-fss.ch\/fr\/soutien\/deinadieu\/#breadcrumb"},"inLanguage":"fr-FR","potentialAction":[{"@type":"ReadAction","target":["https:\/\/www.sgb-fss.ch\/fr\/soutien\/deinadieu\/"]}]},{"@type":"ImageObject","inLanguage":"fr-FR","@id":"https:\/\/www.sgb-fss.ch\/fr\/soutien\/deinadieu\/#primaryimage","url":"https:\/\/www.sgb-fss.ch\/content\/uploads\/2023\/06\/dein-adieu.jpg","contentUrl":"https:\/\/www.sgb-fss.ch\/content\/uploads\/2023\/06\/dein-adieu.jpg","width":460,"height":458},{"@type":"BreadcrumbList","@id":"https:\/\/www.sgb-fss.ch\/fr\/soutien\/deinadieu\/#breadcrumb","itemListElement":[{"@type":"ListItem","position":1,"name":"Home","item":"https:\/\/www.sgb-fss.ch\/fr\/"},{"@type":"ListItem","position":2,"name":"Faire un don et offrir des chances","item":"https:\/\/www.sgb-fss.ch\/fr\/soutien\/"},{"@type":"ListItem","position":3,"name":"DeinAdieu"}]},{"@type":"WebSite","@id":"https:\/\/www.sgb-fss.ch\/de\/#website","url":"https:\/\/www.sgb-fss.ch\/de\/","name":"SGB-FSS","description":"","potentialAction":[{"@type":"SearchAction","target":{"@type":"EntryPoint","urlTemplate":"https:\/\/www.sgb-fss.ch\/de\/?s={search_term_string}"},"query-input":{"@type":"PropertyValueSpecification","valueRequired":true,"valueName":"search_term_string"}}],"inLanguage":"fr-FR"}]}},"_links":{"self":[{"href":"https:\/\/www.sgb-fss.ch\/fr\/wp-json\/wp\/v2\/pages\/21299","targetHints":{"allow":["GET"]}}],"collection":[{"href":"https:\/\/www.sgb-fss.ch\/fr\/wp-json\/wp\/v2\/pages"}],"about":[{"href":"https:\/\/www.sgb-fss.ch\/fr\/wp-json\/wp\/v2\/types\/page"}],"author":[{"embeddable":true,"href":"https:\/\/www.sgb-fss.ch\/fr\/wp-json\/wp\/v2\/users\/40"}],"replies":[{"embeddable":true,"href":"https:\/\/www.sgb-fss.ch\/fr\/wp-json\/wp\/v2\/comments?post=21299"}],"version-history":[{"count":3,"href":"https:\/\/www.sgb-fss.ch\/fr\/wp-json\/wp\/v2\/pages\/21299\/revisions"}],"predecessor-version":[{"id":28138,"href":"https:\/\/www.sgb-fss.ch\/fr\/wp-json\/wp\/v2\/pages\/21299\/revisions\/28138"}],"up":[{"embeddable":true,"href":"https:\/\/www.sgb-fss.ch\/fr\/wp-json\/wp\/v2\/pages\/9277"}],"wp:featuredmedia":[{"embeddable":true,"href":"https:\/\/www.sgb-fss.ch\/fr\/wp-json\/wp\/v2\/media\/21325"}],"wp:attachment":[{"href":"https:\/\/www.sgb-fss.ch\/fr\/wp-json\/wp\/v2\/media?parent=21299"}],"curies":[{"name":"wp","href":"https:\/\/api.w.org\/{rel}","templated":true}]}}