{"id":21240,"date":"2023-09-04T13:31:16","date_gmt":"2023-09-04T11:31:16","guid":{"rendered":"https:\/\/www.sgb-fss.ch\/?page_id=21240"},"modified":"2025-10-01T14:58:08","modified_gmt":"2025-10-01T12:58:08","slug":"__trashed","status":"publish","type":"page","link":"https:\/\/www.sgb-fss.ch\/fr\/soutien\/__trashed\/","title":{"rendered":"Dons libres"},"content":{"rendered":"\n<p class=\"is-style-lead\">Votre contribution contribue \u00e0 ce que les personnes sourdes et malentendantes aient les m\u00eames chances que les entendants, que ce soit \u00e0 l&rsquo;\u00e9cole, en apprentissage, au travail ou dans les loisirs.<\/p>\n\n\n<div data-init=\"teaserdonate\" class=\"block block-teaserdonate block-teaserdonate--image accent__red\" id=\"block_e93a14bb68ec0ff61f7d1aabc0082700\" data-block=\"Teaser Donate\">\n        <div class=\"image block-teaserdonate__image\" >\n    <img decoding=\"async\"\n      loading=\"lazy\"\n      class=\"image__object lazyload\"\n      src=\"https:\/\/www.sgb-fss.ch\/content\/uploads\/2021\/04\/foem_beitragsbild-2-scaled-1440x0-c-default.jpg\"       data-sizes=\"auto\"\n      data-srcset=\"https:\/\/www.sgb-fss.ch\/content\/uploads\/2021\/04\/foem_beitragsbild-2-scaled-2880x0-c-default.jpg 2880w, https:\/\/www.sgb-fss.ch\/content\/uploads\/2021\/04\/foem_beitragsbild-2-scaled-2160x0-c-default.jpg 2160w, https:\/\/www.sgb-fss.ch\/content\/uploads\/2021\/04\/foem_beitragsbild-2-scaled-1440x0-c-default.jpg 1440w, https:\/\/www.sgb-fss.ch\/content\/uploads\/2021\/04\/foem_beitragsbild-2-scaled-1080x0-c-default.jpg 1080w, https:\/\/www.sgb-fss.ch\/content\/uploads\/2021\/04\/foem_beitragsbild-2-scaled-720x0-c-default.jpg 720w, \"\n      alt=\"\"\n      width=\"2560\"\n      height=\"1440\"\n            >\n  <\/div>\n    <div class=\"block-teaserdonate__content\">\n    <form data-teaserdonate=\"form\" class=\"block-teaserdonate__card\" action=\"https:\/\/www.sgb-fss.ch\/fr\/soutien\/faire-un-don-maintenant\/\" method=\"get\">\n      <div class=\"block-teaserdonate__card-text\">\n        <h2 class=\"headline-5\">Faire un don pour l\u2019\u00e9galit\u00e9 des chances !<\/h2>        <p class=\"block-teaserdonate__lead\">Soutenez simplement et efficacement les personnes sourdes en Suisse. Chaque don contribue au changement. <\/p>      <\/div>\n              <ul class=\"block-teaserdonate__amounts\">\n                  <li class=\"block-teaserdonate__amount\">\n            <input type=\"radio\" name=\"rnw-amount\" id=\"block_e93a14bb68ec0ff61f7d1aabc0082700__60\" class=\"block-teaserdonate__checkbox\" value=\"60\" >\n\n            <label class=\"block-teaserdonate__amount-content\" for=\"block_e93a14bb68ec0ff61f7d1aabc0082700__60\">\n              <i class=\"block-teaserdonate__label\">CHF<\/i>\n              <p class=\"headline-3 block-teaserdonate__value\">60<\/p>\n            <\/label>\n          <\/li>\n                  <li class=\"block-teaserdonate__amount\">\n            <input type=\"radio\" name=\"rnw-amount\" id=\"block_e93a14bb68ec0ff61f7d1aabc0082700__120\" class=\"block-teaserdonate__checkbox\" value=\"120\" checked>\n\n            <label class=\"block-teaserdonate__amount-content\" for=\"block_e93a14bb68ec0ff61f7d1aabc0082700__120\">\n              <i class=\"block-teaserdonate__label\">CHF<\/i>\n              <p class=\"headline-3 block-teaserdonate__value\">120<\/p>\n            <\/label>\n          <\/li>\n                  <li class=\"block-teaserdonate__amount\">\n            <input type=\"radio\" name=\"rnw-amount\" id=\"block_e93a14bb68ec0ff61f7d1aabc0082700__240\" class=\"block-teaserdonate__checkbox\" value=\"240\" >\n\n            <label class=\"block-teaserdonate__amount-content\" for=\"block_e93a14bb68ec0ff61f7d1aabc0082700__240\">\n              <i class=\"block-teaserdonate__label\">CHF<\/i>\n              <p class=\"headline-3 block-teaserdonate__value\">240<\/p>\n            <\/label>\n          <\/li>\n                          <li class=\"block-teaserdonate__amount\">\n            <input data-teaserdonate=\"radio\" type=\"radio\" name=\"rnw-amount\" id=\"block_e93a14bb68ec0ff61f7d1aabc0082700__custom\" class=\"block-teaserdonate__checkbox\" value=\"?\">\n            <label for=\"block_e93a14bb68ec0ff61f7d1aabc0082700__custom\" class=\"block-teaserdonate__amount-content\">\n              <i class=\"block-teaserdonate__label\">CHF<\/i>\n              <input data-teaserdonate=\"custom\" class=\"headline-3 block-teaserdonate__value block-teaserdonate__value--custom\" type=\"number\"\/>\n            <\/label>\n          <\/li>\n                <\/ul>\n            <p class=\"has-text-align-center\"><button type=\"submit\" class=\"is-style-inverted\" id=\"spendenbox_button\">Faire un don maintenant<\/button><\/p>          <\/form>\n  <\/div>\n<\/div>\n\n\n\n<div class=\"wp-block-group has-sgb-fss-rot-15-background-color has-background is-layout-constrained wp-block-group-is-layout-constrained\">\n<div class=\"wp-block-columns is-layout-flex wp-container-core-columns-is-layout-9d6595d7 wp-block-columns-is-layout-flex\">\n<div class=\"wp-block-column is-layout-flow wp-block-column-is-layout-flow\">\n<p class=\"is-style-lead has-sgb-fss-rot-color has-text-color\"><strong><strong>60 francs \u2013 pour la visibilit\u00e9<\/strong><\/strong><\/p>\n\n\n\n<p>Vous nous aidez \u00e0 d\u00e9celer les in\u00e9galit\u00e9s en mati\u00e8re de formation et \u00e0 renforcer la voix des personnes sourdes au sein de l\u2019opinion publique.<\/p>\n<\/div>\n\n\n\n<div class=\"wp-block-column is-layout-flow wp-block-column-is-layout-flow\">\n<p class=\"is-style-lead has-sgb-fss-rot-color has-text-color\"><strong><strong>120 francs \u2013 pour la compr\u00e9hension<\/strong><\/strong><\/p>\n\n\n\n<p>Vous permettez l\u2019engagement d\u2019interpr\u00e8tes en langue des signes, l\u00e0 o\u00f9 personne d\u2019autre n\u2019est \u00e0 m\u00eame de traduire.<\/p>\n<\/div>\n\n\n\n<div class=\"wp-block-column is-layout-flow wp-block-column-is-layout-flow\">\n<p class=\"is-style-lead has-sgb-fss-rot-color has-text-color\"><strong><strong>240 francs \u2013 pour une formation accessible<\/strong><\/strong><\/p>\n\n\n\n<p>Vous contribuez \u00e0 la formation du personnel enseignant \u00e0 la langue des signes, pour une r\u00e9elle \u00e9galit\u00e9 des chances et l\u2019inclusion \u00e0 l\u2019\u00e9cole.<\/p>\n<\/div>\n<\/div>\n<\/div>\n\n\n<div class=\"block block-teaserpages\" id=\"block_1f2abe6e81f2a8d55015eece54e61c53\" data-block=\"Teaser Pages\">\n  <ul class=\"block-teaserpages__list\">\n            <li class=\"block-teaserpages__item\">\n        <a class=\"accent teaserpage\" href=\"https:\/\/www.sgb-fss.ch\/fr\/soutien\/parrainage-de-la-famille\/\">\n  <div class=\"teaserpage__thumbnail\">\n            <div class=\"image teaserpage__thumbnail-image\" >\n    <img decoding=\"async\"\n      loading=\"lazy\"\n      class=\"image__object lazyload\"\n      src=\"https:\/\/www.sgb-fss.ch\/content\/uploads\/2023\/09\/fam-1440x0-c-default.jpg\"       data-sizes=\"auto\"\n      data-srcset=\"https:\/\/www.sgb-fss.ch\/content\/uploads\/2023\/09\/fam-1000x0-c-default.jpg 1000w, https:\/\/www.sgb-fss.ch\/content\/uploads\/2023\/09\/fam-700x0-c-default.jpg 700w, https:\/\/www.sgb-fss.ch\/content\/uploads\/2023\/09\/fam-350x0-c-default.jpg 350w, \"\n      alt=\"\"\n      width=\"672\"\n      height=\"457\"\n            >\n  <\/div>\n      <\/div>\n  <h3 class=\"teaserpage__title\">Parrainage de la famille<\/h3>\n  <p class=\"teaserpage__lead\">Avec votre \u00abFamily Package\u00bb, vous aidez \u00e0 rendre possibles diff\u00e9rentes offres sp\u00e9cialement destin\u00e9es aux familles avec des enfants sourds. Outre l&rsquo;apprentissage commun de la langue des signes, les familles dans une situation similaire peuvent r\u00e9guli\u00e8rement se mettre en r\u00e9seau et \u00e9changer leurs exp\u00e9riences.<\/p>  <\/a>\n      <\/li>\n            <li class=\"block-teaserpages__item\">\n        <a class=\"accent teaserpage\" href=\"https:\/\/www.sgb-fss.ch\/fr\/soutien\/membres-donateurs\/\">\n  <div class=\"teaserpage__thumbnail\">\n            <div class=\"image teaserpage__thumbnail-image\" >\n    <img decoding=\"async\"\n      loading=\"lazy\"\n      class=\"image__object lazyload\"\n      src=\"https:\/\/www.sgb-fss.ch\/content\/uploads\/2023\/08\/istock-1455661957-scaled-1440x0-c-default.jpg\"       data-sizes=\"auto\"\n      data-srcset=\"https:\/\/www.sgb-fss.ch\/content\/uploads\/2023\/08\/istock-1455661957-scaled-1000x0-c-default.jpg 1000w, https:\/\/www.sgb-fss.ch\/content\/uploads\/2023\/08\/istock-1455661957-scaled-700x0-c-default.jpg 700w, https:\/\/www.sgb-fss.ch\/content\/uploads\/2023\/08\/istock-1455661957-scaled-350x0-c-default.jpg 350w, \"\n      alt=\"\"\n      width=\"2560\"\n      height=\"1416\"\n            >\n  <\/div>\n      <\/div>\n  <h3 class=\"teaserpage__title\">Membres donateurs<\/h3>\n  <p class=\"teaserpage__lead\">Par votre contribution r\u00e9guli\u00e8re en tant que membre bienfaiteur, vous soutenez des projets durables pour les personnes sourdes en Suisse et nous permettez de renforcer les familles dont les enfants sont atteints de cette maladie, en leur permettant de participer \u00e0 la vie sociale et professionnelle sur un pied d&rsquo;\u00e9galit\u00e9.<\/p>  <\/a>\n      <\/li>\n            <li class=\"block-teaserpages__item\">\n        <a class=\"accent teaserpage\" href=\"https:\/\/www.sgb-fss.ch\/fr\/soutien\/parrainage-langue-des-signes\/\">\n  <div class=\"teaserpage__thumbnail\">\n            <div class=\"image teaserpage__thumbnail-image\" >\n    <img decoding=\"async\"\n      loading=\"lazy\"\n      class=\"image__object lazyload\"\n      src=\"https:\/\/www.sgb-fss.ch\/content\/uploads\/spenden_eng2879-scaled-1440x0-c-default.jpg\"       data-sizes=\"auto\"\n      data-srcset=\"https:\/\/www.sgb-fss.ch\/content\/uploads\/spenden_eng2879-scaled-1000x0-c-default.jpg 1000w, https:\/\/www.sgb-fss.ch\/content\/uploads\/spenden_eng2879-scaled-700x0-c-default.jpg 700w, https:\/\/www.sgb-fss.ch\/content\/uploads\/spenden_eng2879-scaled-350x0-c-default.jpg 350w, \"\n      alt=\"\"\n      width=\"2560\"\n      height=\"1700\"\n            >\n  <\/div>\n      <\/div>\n  <h3 class=\"teaserpage__title\">Parrainage langue des signes<\/h3>\n  <p class=\"teaserpage__lead\">Avec ce parrainage, vous encouragez la langue des signes et donc les personnes sourdes en Suisse.<\/p>  <\/a>\n      <\/li>\n            <li class=\"block-teaserpages__item\">\n        <a class=\"accent teaserpage\" href=\"https:\/\/www.sgb-fss.ch\/fr\/soutien\/collecte-de-fonds-2\/\">\n  <div class=\"teaserpage__thumbnail\">\n            <div class=\"image teaserpage__thumbnail-image\" >\n    <img decoding=\"async\"\n      loading=\"lazy\"\n      class=\"image__object lazyload\"\n      src=\"https:\/\/www.sgb-fss.ch\/content\/uploads\/2021\/05\/c2a9791-scaled-e1621953109811-1440x0-c-default.jpg\"       data-sizes=\"auto\"\n      data-srcset=\"https:\/\/www.sgb-fss.ch\/content\/uploads\/2021\/05\/c2a9791-scaled-e1621953109811-1000x0-c-default.jpg 1000w, https:\/\/www.sgb-fss.ch\/content\/uploads\/2021\/05\/c2a9791-scaled-e1621953109811-700x0-c-default.jpg 700w, https:\/\/www.sgb-fss.ch\/content\/uploads\/2021\/05\/c2a9791-scaled-e1621953109811-350x0-c-default.jpg 350w, \"\n      alt=\"\"\n      width=\"2560\"\n      height=\"1707\"\n            >\n  <\/div>\n      <\/div>\n  <h3 class=\"teaserpage__title\">Possibilit\u00e9s de don<\/h3>\n  <p class=\"teaserpage__lead\">Ensemble pour un monde accessible : la F\u00e9d\u00e9ration Suisse des Sourds s\u2019engage pour les personnes sourdes et malentendantes afin qu\u2019elles puissent b\u00e9n\u00e9ficier d\u2019un acc\u00e8s \u00e9quitable \u00e0 la formation ainsi qu\u2019\u00e0 la vie professionnelle et publique. Gr\u00e2ce \u00e0 votre don, vous \u0153uvrez au changement, renforcez la confiance en soi et permettez une r\u00e9elle inclusion.<\/p>  <\/a>\n      <\/li>\n    <\/ul>\n<\/div>\n\n\n\n<div class=\"wp-block-group is-layout-flow wp-block-group-is-layout-flow\"><div class=\"block block-teasercontacts block-teasercontacts--boxed\" id=\"block_5b913694c6eb62447d0c9ac597fedcdd\" data-block=\"Teaser Contacts\">\n    <div class=\"block-teasercontacts__header\"><p class=\"block-teasercontacts__title\">Des questions sur Dons libres? Je me ferai un plaisir d&rsquo;y r\u00e9pondre !<\/p><\/div>    <div class=\"block-teasercontacts__list\">\n                                        <div class=\"block-teasercontacts__item\">\n                <div class=\"block-teasercontacts__link\">\n                    <div class=\"block-teasercontacts__media\">\n                        <div class=\"block-teasercontacts__thumbnail accent__violet has-background-accent\">\n                                                              <div class=\"image block-teasercontacts__thumbnail-image\" >\n    <img decoding=\"async\"\n      loading=\"lazy\"\n      class=\"image__object lazyload\"\n      src=\"https:\/\/www.sgb-fss.ch\/content\/uploads\/2021\/06\/carmela-zumbach-1440x0-c-default.jpg\"       data-sizes=\"auto\"\n      data-srcset=\"https:\/\/www.sgb-fss.ch\/content\/uploads\/2021\/06\/carmela-zumbach-200x0-c-default.jpg 200w, https:\/\/www.sgb-fss.ch\/content\/uploads\/2021\/06\/carmela-zumbach-100x0-c-default.jpg 100w, \"\n      alt=\"\"\n      width=\"567\"\n      height=\"567\"\n            >\n  <\/div>\n                                                    <\/div>\n                    <\/div>\n                    <div class=\"block-teasercontacts__text\">\n                        <p class=\"block-teasercontacts__name\"><strong><a href=\"https:\/\/www.sgb-fss.ch\/fr\/team\/carmela-zumbach\/\">Carmela Zumbach<\/a><\/strong><\/p>\n                        <p class=\"block-teasercontacts__lead\">Fundraising et Formation professionnelle<\/p>                    <\/div>\n                    <div class=\"block-teasercontacts__contacts\">\n                                                    <p>\n                                                                <a class=\"wp-block-button is-style-transparent\" href=\"mailto:c.zumbach@sgb-fss.ch\"><span class=\"wp-block-button__link\"><i class=\"icon icon--mail\"><svg data-name=\"Ebene 1\" xmlns=\"http:\/\/www.w3.org\/2000\/svg\" viewBox=\"0 0 24 24\"><path d=\"M20.76 2.31H3.24A3.12 3.12 0 0 0 .12 5.43v13.14a3.12 3.12 0 0 0 3.12 3.12h17.52a3.12 3.12 0 0 0 3.12-3.12V5.43a3.12 3.12 0 0 0-3.12-3.12zM2.09 5a1.27 1.27 0 0 1 1.15-.78h17.52a1.24 1.24 0 0 1 1.11.74l.05.09-.09.06L12 12l-.07-.05-9.87-6.9zM22 18.57a1.26 1.26 0 0 1-1.26 1.27H3.24A1.27 1.27 0 0 1 2 18.57V7.21l9.5 6.69a.89.89 0 0 0 1 0L22 7.25z\"\/><\/svg><\/i><span class=\"wp-block-button__label\">c.zumbach@sgb-fss.ch<\/span><\/span><\/a>                                                            <\/p>\n                                            <\/div>\n                <\/div>\n            <\/div>\n                    <\/div>\n<\/div>\n<\/div>\n","protected":false},"excerpt":{"rendered":"<p>Votre contribution contribue \u00e0 ce que les personnes sourdes et malentendantes aient les m\u00eames [&hellip;]<\/p>\n","protected":false},"author":40,"featured_media":11540,"parent":9277,"menu_order":4,"comment_status":"closed","ping_status":"closed","template":"","meta":{"_acf_changed":false,"inline_featured_image":false,"footnotes":""},"class_list":["post-21240","page","type-page","status-publish","has-post-thumbnail","hentry"],"acf":[],"yoast_head":"<!-- This site is optimized with the Yoast SEO plugin v27.4 - https:\/\/yoast.com\/product\/yoast-seo-wordpress\/ -->\n<title>Dons libres - SGB-FSS<\/title>\n<meta name=\"robots\" content=\"index, follow, max-snippet:-1, max-image-preview:large, max-video-preview:-1\" \/>\n<link rel=\"canonical\" href=\"https:\/\/www.sgb-fss.ch\/fr\/soutien\/__trashed\/\" \/>\n<meta property=\"og:locale\" content=\"fr_FR\" \/>\n<meta property=\"og:type\" content=\"article\" \/>\n<meta property=\"og:title\" content=\"Dons libres - SGB-FSS\" \/>\n<meta property=\"og:description\" content=\"Votre contribution contribue \u00e0 ce que les personnes sourdes et malentendantes aient les m\u00eames [&hellip;]\" \/>\n<meta property=\"og:url\" content=\"https:\/\/www.sgb-fss.ch\/fr\/soutien\/__trashed\/\" \/>\n<meta property=\"og:site_name\" content=\"SGB-FSS\" \/>\n<meta property=\"article:modified_time\" content=\"2025-10-01T12:58:08+00:00\" \/>\n<meta property=\"og:image\" content=\"https:\/\/www.sgb-fss.ch\/content\/uploads\/2023\/03\/1_headerbild-2.jpg\" \/>\n\t<meta property=\"og:image:width\" content=\"2128\" \/>\n\t<meta property=\"og:image:height\" content=\"1416\" \/>\n\t<meta property=\"og:image:type\" content=\"image\/jpeg\" \/>\n<meta name=\"twitter:card\" content=\"summary_large_image\" \/>\n<meta name=\"twitter:label1\" content=\"Dur\u00e9e de lecture estim\u00e9e\" \/>\n\t<meta name=\"twitter:data1\" content=\"1 minute\" \/>\n<script type=\"application\/ld+json\" class=\"yoast-schema-graph\">{\"@context\":\"https:\\\/\\\/schema.org\",\"@graph\":[{\"@type\":\"WebPage\",\"@id\":\"https:\\\/\\\/www.sgb-fss.ch\\\/fr\\\/soutien\\\/__trashed\\\/\",\"url\":\"https:\\\/\\\/www.sgb-fss.ch\\\/fr\\\/soutien\\\/__trashed\\\/\",\"name\":\"Dons libres - SGB-FSS\",\"isPartOf\":{\"@id\":\"https:\\\/\\\/www.sgb-fss.ch\\\/de\\\/#website\"},\"primaryImageOfPage\":{\"@id\":\"https:\\\/\\\/www.sgb-fss.ch\\\/fr\\\/soutien\\\/__trashed\\\/#primaryimage\"},\"image\":{\"@id\":\"https:\\\/\\\/www.sgb-fss.ch\\\/fr\\\/soutien\\\/__trashed\\\/#primaryimage\"},\"thumbnailUrl\":\"https:\\\/\\\/www.sgb-fss.ch\\\/content\\\/uploads\\\/2023\\\/03\\\/1_headerbild-2.jpg\",\"datePublished\":\"2023-09-04T11:31:16+00:00\",\"dateModified\":\"2025-10-01T12:58:08+00:00\",\"breadcrumb\":{\"@id\":\"https:\\\/\\\/www.sgb-fss.ch\\\/fr\\\/soutien\\\/__trashed\\\/#breadcrumb\"},\"inLanguage\":\"fr-FR\",\"potentialAction\":[{\"@type\":\"ReadAction\",\"target\":[\"https:\\\/\\\/www.sgb-fss.ch\\\/fr\\\/soutien\\\/__trashed\\\/\"]}]},{\"@type\":\"ImageObject\",\"inLanguage\":\"fr-FR\",\"@id\":\"https:\\\/\\\/www.sgb-fss.ch\\\/fr\\\/soutien\\\/__trashed\\\/#primaryimage\",\"url\":\"https:\\\/\\\/www.sgb-fss.ch\\\/content\\\/uploads\\\/2023\\\/03\\\/1_headerbild-2.jpg\",\"contentUrl\":\"https:\\\/\\\/www.sgb-fss.ch\\\/content\\\/uploads\\\/2023\\\/03\\\/1_headerbild-2.jpg\",\"width\":2128,\"height\":1416},{\"@type\":\"BreadcrumbList\",\"@id\":\"https:\\\/\\\/www.sgb-fss.ch\\\/fr\\\/soutien\\\/__trashed\\\/#breadcrumb\",\"itemListElement\":[{\"@type\":\"ListItem\",\"position\":1,\"name\":\"Home\",\"item\":\"https:\\\/\\\/www.sgb-fss.ch\\\/fr\\\/\"},{\"@type\":\"ListItem\",\"position\":2,\"name\":\"Faire un don et offrir des chances\",\"item\":\"https:\\\/\\\/www.sgb-fss.ch\\\/fr\\\/soutien\\\/\"},{\"@type\":\"ListItem\",\"position\":3,\"name\":\"Dons libres\"}]},{\"@type\":\"WebSite\",\"@id\":\"https:\\\/\\\/www.sgb-fss.ch\\\/de\\\/#website\",\"url\":\"https:\\\/\\\/www.sgb-fss.ch\\\/de\\\/\",\"name\":\"SGB-FSS\",\"description\":\"\",\"potentialAction\":[{\"@type\":\"SearchAction\",\"target\":{\"@type\":\"EntryPoint\",\"urlTemplate\":\"https:\\\/\\\/www.sgb-fss.ch\\\/de\\\/?s={search_term_string}\"},\"query-input\":{\"@type\":\"PropertyValueSpecification\",\"valueRequired\":true,\"valueName\":\"search_term_string\"}}],\"inLanguage\":\"fr-FR\"}]}<\/script>\n<!-- \/ Yoast SEO plugin. -->","yoast_head_json":{"title":"Dons libres - SGB-FSS","robots":{"index":"index","follow":"follow","max-snippet":"max-snippet:-1","max-image-preview":"max-image-preview:large","max-video-preview":"max-video-preview:-1"},"canonical":"https:\/\/www.sgb-fss.ch\/fr\/soutien\/__trashed\/","og_locale":"fr_FR","og_type":"article","og_title":"Dons libres - SGB-FSS","og_description":"Votre contribution contribue \u00e0 ce que les personnes sourdes et malentendantes aient les m\u00eames [&hellip;]","og_url":"https:\/\/www.sgb-fss.ch\/fr\/soutien\/__trashed\/","og_site_name":"SGB-FSS","article_modified_time":"2025-10-01T12:58:08+00:00","og_image":[{"width":2128,"height":1416,"url":"https:\/\/www.sgb-fss.ch\/content\/uploads\/2023\/03\/1_headerbild-2.jpg","type":"image\/jpeg"}],"twitter_card":"summary_large_image","twitter_misc":{"Dur\u00e9e de lecture estim\u00e9e":"1 minute"},"schema":{"@context":"https:\/\/schema.org","@graph":[{"@type":"WebPage","@id":"https:\/\/www.sgb-fss.ch\/fr\/soutien\/__trashed\/","url":"https:\/\/www.sgb-fss.ch\/fr\/soutien\/__trashed\/","name":"Dons libres - SGB-FSS","isPartOf":{"@id":"https:\/\/www.sgb-fss.ch\/de\/#website"},"primaryImageOfPage":{"@id":"https:\/\/www.sgb-fss.ch\/fr\/soutien\/__trashed\/#primaryimage"},"image":{"@id":"https:\/\/www.sgb-fss.ch\/fr\/soutien\/__trashed\/#primaryimage"},"thumbnailUrl":"https:\/\/www.sgb-fss.ch\/content\/uploads\/2023\/03\/1_headerbild-2.jpg","datePublished":"2023-09-04T11:31:16+00:00","dateModified":"2025-10-01T12:58:08+00:00","breadcrumb":{"@id":"https:\/\/www.sgb-fss.ch\/fr\/soutien\/__trashed\/#breadcrumb"},"inLanguage":"fr-FR","potentialAction":[{"@type":"ReadAction","target":["https:\/\/www.sgb-fss.ch\/fr\/soutien\/__trashed\/"]}]},{"@type":"ImageObject","inLanguage":"fr-FR","@id":"https:\/\/www.sgb-fss.ch\/fr\/soutien\/__trashed\/#primaryimage","url":"https:\/\/www.sgb-fss.ch\/content\/uploads\/2023\/03\/1_headerbild-2.jpg","contentUrl":"https:\/\/www.sgb-fss.ch\/content\/uploads\/2023\/03\/1_headerbild-2.jpg","width":2128,"height":1416},{"@type":"BreadcrumbList","@id":"https:\/\/www.sgb-fss.ch\/fr\/soutien\/__trashed\/#breadcrumb","itemListElement":[{"@type":"ListItem","position":1,"name":"Home","item":"https:\/\/www.sgb-fss.ch\/fr\/"},{"@type":"ListItem","position":2,"name":"Faire un don et offrir des chances","item":"https:\/\/www.sgb-fss.ch\/fr\/soutien\/"},{"@type":"ListItem","position":3,"name":"Dons libres"}]},{"@type":"WebSite","@id":"https:\/\/www.sgb-fss.ch\/de\/#website","url":"https:\/\/www.sgb-fss.ch\/de\/","name":"SGB-FSS","description":"","potentialAction":[{"@type":"SearchAction","target":{"@type":"EntryPoint","urlTemplate":"https:\/\/www.sgb-fss.ch\/de\/?s={search_term_string}"},"query-input":{"@type":"PropertyValueSpecification","valueRequired":true,"valueName":"search_term_string"}}],"inLanguage":"fr-FR"}]}},"_links":{"self":[{"href":"https:\/\/www.sgb-fss.ch\/fr\/wp-json\/wp\/v2\/pages\/21240","targetHints":{"allow":["GET"]}}],"collection":[{"href":"https:\/\/www.sgb-fss.ch\/fr\/wp-json\/wp\/v2\/pages"}],"about":[{"href":"https:\/\/www.sgb-fss.ch\/fr\/wp-json\/wp\/v2\/types\/page"}],"author":[{"embeddable":true,"href":"https:\/\/www.sgb-fss.ch\/fr\/wp-json\/wp\/v2\/users\/40"}],"replies":[{"embeddable":true,"href":"https:\/\/www.sgb-fss.ch\/fr\/wp-json\/wp\/v2\/comments?post=21240"}],"version-history":[{"count":15,"href":"https:\/\/www.sgb-fss.ch\/fr\/wp-json\/wp\/v2\/pages\/21240\/revisions"}],"predecessor-version":[{"id":41019,"href":"https:\/\/www.sgb-fss.ch\/fr\/wp-json\/wp\/v2\/pages\/21240\/revisions\/41019"}],"up":[{"embeddable":true,"href":"https:\/\/www.sgb-fss.ch\/fr\/wp-json\/wp\/v2\/pages\/9277"}],"wp:featuredmedia":[{"embeddable":true,"href":"https:\/\/www.sgb-fss.ch\/fr\/wp-json\/wp\/v2\/media\/11540"}],"wp:attachment":[{"href":"https:\/\/www.sgb-fss.ch\/fr\/wp-json\/wp\/v2\/media?parent=21240"}],"curies":[{"name":"wp","href":"https:\/\/api.w.org\/{rel}","templated":true}]}}