{"id":21233,"date":"2023-09-04T15:48:20","date_gmt":"2023-09-04T13:48:20","guid":{"rendered":"https:\/\/www.sgb-fss.ch\/?page_id=21233"},"modified":"2025-10-01T14:59:44","modified_gmt":"2025-10-01T12:59:44","slug":"histoires-de-dons","status":"publish","type":"page","link":"https:\/\/www.sgb-fss.ch\/fr\/soutien\/histoires-de-dons\/","title":{"rendered":"Histoires de dons"},"content":{"rendered":"\n<p class=\"is-style-lead\">Chaque don raconte une histoire. Votre don nous aide \u00e0 soutenir les familles dans l&rsquo;int\u00e9gration de leurs enfants au quotidien et \u00e0 permettre aux personnes sourdes de participer \u00e0 la soci\u00e9t\u00e9 sur un pied d&rsquo;\u00e9galit\u00e9. Nous avons d\u00e9j\u00e0 pu r\u00e9aliser divers projets gr\u00e2ce \u00e0 vos dons. <\/p>\n\n\n<div class=\"block block-teaserpages\" id=\"block_a9bb41938f294e44bee3aa9119255cc7\" data-block=\"Teaser Pages\">\n  <ul class=\"block-teaserpages__list\">\n            <li class=\"block-teaserpages__item\">\n        <a class=\"accent teaserpage\" href=\"https:\/\/www.sgb-fss.ch\/fr\/domaines\/cours-relatifs-a-la-prise-en-charge-precoce\/\">\n  <div class=\"teaserpage__thumbnail\">\n            <div class=\"image teaserpage__thumbnail-image\" >\n    <img decoding=\"async\"\n      loading=\"lazy\"\n      class=\"image__object lazyload\"\n      src=\"https:\/\/www.sgb-fss.ch\/content\/uploads\/2023\/05\/bildung_kurse-scaled-e1684152904773-1440x0-c-default.jpg\"       data-sizes=\"auto\"\n      data-srcset=\"https:\/\/www.sgb-fss.ch\/content\/uploads\/2023\/05\/bildung_kurse-scaled-e1684152904773-1000x0-c-default.jpg 1000w, https:\/\/www.sgb-fss.ch\/content\/uploads\/2023\/05\/bildung_kurse-scaled-e1684152904773-700x0-c-default.jpg 700w, https:\/\/www.sgb-fss.ch\/content\/uploads\/2023\/05\/bildung_kurse-scaled-e1684152904773-350x0-c-default.jpg 350w, \"\n      alt=\"\"\n      width=\"2560\"\n      height=\"1440\"\n            >\n  <\/div>\n      <\/div>\n  <h3 class=\"teaserpage__title\">Cours relatifs \u00e0 la prise en charge pr\u00e9coce <\/h3>\n  <p class=\"teaserpage__lead\">Les premi\u00e8res ann\u00e9es sont essentielles dans le d\u00e9veloppement linguistique d\u2019un enfant. Les enfants sourds et malentendants ont, eux aussi, besoin d\u00e8s le d\u00e9but d\u2019une langue pour s\u2019exprimer.<\/p>  <\/a>\n      <\/li>\n            <li class=\"block-teaserpages__item\">\n        <a class=\"accent teaserpage\" href=\"https:\/\/www.sgb-fss.ch\/fr\/offres\/read-to-deaf-kids-histoires-pour-enfants-dans-dsgs\/\">\n  <div class=\"teaserpage__thumbnail\">\n            <div class=\"image teaserpage__thumbnail-image\" >\n    <img decoding=\"async\"\n      loading=\"lazy\"\n      class=\"image__object lazyload\"\n      src=\"https:\/\/www.sgb-fss.ch\/content\/uploads\/2023\/05\/bildung_read_fr-1440x0-c-default.jpg\"       data-sizes=\"auto\"\n      data-srcset=\"https:\/\/www.sgb-fss.ch\/content\/uploads\/2023\/05\/bildung_read_fr-1000x0-c-default.jpg 1000w, https:\/\/www.sgb-fss.ch\/content\/uploads\/2023\/05\/bildung_read_fr-700x0-c-default.jpg 700w, https:\/\/www.sgb-fss.ch\/content\/uploads\/2023\/05\/bildung_read_fr-350x0-c-default.jpg 350w, \"\n      alt=\"\"\n      width=\"1890\"\n      height=\"1063\"\n            >\n  <\/div>\n      <\/div>\n  <h3 class=\"teaserpage__title\">\u00abRead to Deaf Kids\u00bb<\/h3>\n  <p class=\"teaserpage__lead\">Notre mission est d\u2019aider tous les enfants sourds \u00e0 am\u00e9liorer leurs comp\u00e9tences en lecture et en \u00e9criture et de favoriser l\u2019interaction entre les parents et leurs enfants.<\/p>  <\/a>\n      <\/li>\n            <li class=\"block-teaserpages__item\">\n        <a class=\"accent teaserpage\" href=\"https:\/\/www.sgb-fss.ch\/fr\/offres\/apprendre-la-lsf-sur-signwise-ch\/\">\n  <div class=\"teaserpage__thumbnail\">\n            <div class=\"image teaserpage__thumbnail-image\" >\n    <img decoding=\"async\"\n      loading=\"lazy\"\n      class=\"image__object lazyload\"\n      src=\"https:\/\/www.sgb-fss.ch\/content\/uploads\/2023\/05\/logo-signwise-web-1440x0-c-default.png\"       data-sizes=\"auto\"\n      data-srcset=\"https:\/\/www.sgb-fss.ch\/content\/uploads\/2023\/05\/logo-signwise-web-1000x0-c-default.png 1000w, https:\/\/www.sgb-fss.ch\/content\/uploads\/2023\/05\/logo-signwise-web-700x0-c-default.png 700w, https:\/\/www.sgb-fss.ch\/content\/uploads\/2023\/05\/logo-signwise-web-350x0-c-default.png 350w, \"\n      alt=\"\"\n      width=\"6330\"\n      height=\"3560\"\n            >\n  <\/div>\n      <\/div>\n  <h3 class=\"teaserpage__title\">E-learning signwise.ch<\/h3>\n  <p class=\"teaserpage__lead\">Gr\u00e2ce \u00e0 l\u2019outil d\u2019apprentissage en ligne signwise.ch, vous pouvez obtenir un certificat de langue des signes en 6 \u00e0 12 mois. Signwise vous permet d\u2019obtenir les niveaux A1 et A2 depuis chez vous.<\/p>  <\/a>\n      <\/li>\n            <li class=\"block-teaserpages__item\">\n        <a class=\"accent teaserpage\" href=\"https:\/\/www.sgb-fss.ch\/fr\/domaines\/travail-politique\/reconnaissance-de-la-langue-des-signes\/\">\n  <div class=\"teaserpage__thumbnail\">\n            <div class=\"image teaserpage__thumbnail-image\" >\n    <img decoding=\"async\"\n      loading=\"lazy\"\n      class=\"image__object lazyload\"\n      src=\"https:\/\/www.sgb-fss.ch\/content\/uploads\/2023\/07\/2205_besuch_im_bundeshaus-09386-scaled-1440x0-c-default.jpg\"       data-sizes=\"auto\"\n      data-srcset=\"https:\/\/www.sgb-fss.ch\/content\/uploads\/2023\/07\/2205_besuch_im_bundeshaus-09386-scaled-1000x0-c-default.jpg 1000w, https:\/\/www.sgb-fss.ch\/content\/uploads\/2023\/07\/2205_besuch_im_bundeshaus-09386-scaled-700x0-c-default.jpg 700w, https:\/\/www.sgb-fss.ch\/content\/uploads\/2023\/07\/2205_besuch_im_bundeshaus-09386-scaled-350x0-c-default.jpg 350w, \"\n      alt=\"\"\n      width=\"2560\"\n      height=\"1440\"\n            >\n  <\/div>\n      <\/div>\n  <h3 class=\"teaserpage__title\">Reconnaissance des langues des signes<\/h3>\n  <p class=\"teaserpage__lead\">La reconnaissance juridique des langues des signes est une condition indispensable pour garantir les droits des personnes sourdes. Pour garantir ces droits, il faut non seulement une reconnaissance, mais aussi des mesures de promotion de la langue des signes et d\u2019\u00e9galit\u00e9 entre les personnes sourdes et malentendantes. Pour cela, une loi sur la langue des signes est n\u00e9cessaire.<\/p>  <\/a>\n      <\/li>\n            <li class=\"block-teaserpages__item\">\n        <a class=\"accent teaserpage\" href=\"https:\/\/www.sgb-fss.ch\/fr\/domaines\/travail\/webinaires\/\">\n  <div class=\"teaserpage__thumbnail\">\n            <div class=\"image teaserpage__thumbnail-image\" >\n    <img decoding=\"async\"\n      loading=\"lazy\"\n      class=\"image__object lazyload\"\n      src=\"https:\/\/www.sgb-fss.ch\/content\/uploads\/2024\/05\/titelfolie-webseite-webinare-fr-1-1440x0-c-default.jpg\"       data-sizes=\"auto\"\n      data-srcset=\"https:\/\/www.sgb-fss.ch\/content\/uploads\/2024\/05\/titelfolie-webseite-webinare-fr-1-1000x0-c-default.jpg 1000w, https:\/\/www.sgb-fss.ch\/content\/uploads\/2024\/05\/titelfolie-webseite-webinare-fr-1-700x0-c-default.jpg 700w, https:\/\/www.sgb-fss.ch\/content\/uploads\/2024\/05\/titelfolie-webseite-webinare-fr-1-350x0-c-default.jpg 350w, \"\n      alt=\"\"\n      width=\"1280\"\n      height=\"720\"\n            >\n  <\/div>\n      <\/div>\n  <h3 class=\"teaserpage__title\">Webinaires <\/h3>\n  <p class=\"teaserpage__lead\">Votre entreprise a des questions concernant le recrutement de personnes sourdes, a d\u00e9j\u00e0 engag\u00e9 des personnes sourdes ou malentendantes ou souhaite en savoir davantage sur le travail en \u00e9quipe et la communication? Alors suivez l\u2019un de nos webinaires.<\/p>  <\/a>\n      <\/li>\n            <li class=\"block-teaserpages__item\">\n        <a class=\"accent teaserpage\" href=\"https:\/\/www.sgb-fss.ch\/fr\/offres\/lexique-en-ligne-de-la-langue-des-signes\/\">\n  <div class=\"teaserpage__thumbnail\">\n            <div class=\"image teaserpage__thumbnail-image\" >\n    <img decoding=\"async\"\n      loading=\"lazy\"\n      class=\"image__object lazyload\"\n      src=\"https:\/\/www.sgb-fss.ch\/content\/uploads\/2023\/06\/elexikon_f-1440x0-c-default.jpg\"       data-sizes=\"auto\"\n      data-srcset=\"https:\/\/www.sgb-fss.ch\/content\/uploads\/2023\/06\/elexikon_f-1000x0-c-default.jpg 1000w, https:\/\/www.sgb-fss.ch\/content\/uploads\/2023\/06\/elexikon_f-700x0-c-default.jpg 700w, https:\/\/www.sgb-fss.ch\/content\/uploads\/2023\/06\/elexikon_f-350x0-c-default.jpg 350w, \"\n      alt=\"\"\n      width=\"1166\"\n      height=\"656\"\n            >\n  <\/div>\n      <\/div>\n  <h3 class=\"teaserpage__title\">E-lexique de la langue des signes<\/h3>\n  <p class=\"teaserpage__lead\">Notre lexique interactif vous permet de traduire une multitude de termes du fran\u00e7ais vers la langue des signes. Vous avez toutes les cl\u00e9s en main pour enrichir votre vocablaire.<\/p>  <\/a>\n      <\/li>\n    <\/ul>\n<\/div>\n\n\n\n<div class=\"wp-block-group is-layout-flow wp-block-group-is-layout-flow\"><div class=\"block block-teasercontacts block-teasercontacts--boxed\" id=\"block_80f1a7c32a5e8da50713a31deb0f94da\" data-block=\"Teaser Contacts\">\n    <div class=\"block-teasercontacts__header\"><p class=\"block-teasercontacts__title\">Des questions sur l&rsquo;adh\u00e9sion de soutien ? Je me r\u00e9jouis de recevoir votre message.<\/p><\/div>    <div class=\"block-teasercontacts__list\">\n                                        <div class=\"block-teasercontacts__item\">\n                <div class=\"block-teasercontacts__link\">\n                    <div class=\"block-teasercontacts__media\">\n                        <div class=\"block-teasercontacts__thumbnail accent__violet has-background-accent\">\n                                                              <div class=\"image block-teasercontacts__thumbnail-image\" >\n    <img decoding=\"async\"\n      loading=\"lazy\"\n      class=\"image__object lazyload\"\n      src=\"https:\/\/www.sgb-fss.ch\/content\/uploads\/2021\/06\/carmela-zumbach-1440x0-c-default.jpg\"       data-sizes=\"auto\"\n      data-srcset=\"https:\/\/www.sgb-fss.ch\/content\/uploads\/2021\/06\/carmela-zumbach-200x0-c-default.jpg 200w, https:\/\/www.sgb-fss.ch\/content\/uploads\/2021\/06\/carmela-zumbach-100x0-c-default.jpg 100w, \"\n      alt=\"\"\n      width=\"567\"\n      height=\"567\"\n            >\n  <\/div>\n                                                    <\/div>\n                    <\/div>\n                    <div class=\"block-teasercontacts__text\">\n                        <p class=\"block-teasercontacts__name\"><strong><a href=\"https:\/\/www.sgb-fss.ch\/fr\/team\/carmela-zumbach\/\">Carmela Zumbach<\/a><\/strong><\/p>\n                        <p class=\"block-teasercontacts__lead\">Fundraising et Formation professionnelle<\/p>                    <\/div>\n                    <div class=\"block-teasercontacts__contacts\">\n                                                    <p>\n                                                                <a class=\"wp-block-button is-style-transparent\" href=\"mailto:c.zumbach@sgb-fss.ch\"><span class=\"wp-block-button__link\"><i class=\"icon icon--mail\"><svg data-name=\"Ebene 1\" xmlns=\"http:\/\/www.w3.org\/2000\/svg\" viewBox=\"0 0 24 24\"><path d=\"M20.76 2.31H3.24A3.12 3.12 0 0 0 .12 5.43v13.14a3.12 3.12 0 0 0 3.12 3.12h17.52a3.12 3.12 0 0 0 3.12-3.12V5.43a3.12 3.12 0 0 0-3.12-3.12zM2.09 5a1.27 1.27 0 0 1 1.15-.78h17.52a1.24 1.24 0 0 1 1.11.74l.05.09-.09.06L12 12l-.07-.05-9.87-6.9zM22 18.57a1.26 1.26 0 0 1-1.26 1.27H3.24A1.27 1.27 0 0 1 2 18.57V7.21l9.5 6.69a.89.89 0 0 0 1 0L22 7.25z\"\/><\/svg><\/i><span class=\"wp-block-button__label\">c.zumbach@sgb-fss.ch<\/span><\/span><\/a>                                                            <\/p>\n                                            <\/div>\n                <\/div>\n            <\/div>\n                    <\/div>\n<\/div>\n<\/div>\n\n\n\n<p class=\"is-style-lead\"><\/p>\n\n\n<div data-init=\"teaserdonate\" class=\"block block-teaserdonate block-teaserdonate--image accent__red\" id=\"block_5055d77405a73b05d2c8d0789a9878d1\" data-block=\"Teaser Donate\">\n        <div class=\"image block-teaserdonate__image\" >\n    <img decoding=\"async\"\n      loading=\"lazy\"\n      class=\"image__object lazyload\"\n      src=\"https:\/\/www.sgb-fss.ch\/content\/uploads\/2021\/04\/foem_beitragsbild-2-scaled-1440x0-c-default.jpg\"       data-sizes=\"auto\"\n      data-srcset=\"https:\/\/www.sgb-fss.ch\/content\/uploads\/2021\/04\/foem_beitragsbild-2-scaled-2880x0-c-default.jpg 2880w, https:\/\/www.sgb-fss.ch\/content\/uploads\/2021\/04\/foem_beitragsbild-2-scaled-2160x0-c-default.jpg 2160w, https:\/\/www.sgb-fss.ch\/content\/uploads\/2021\/04\/foem_beitragsbild-2-scaled-1440x0-c-default.jpg 1440w, https:\/\/www.sgb-fss.ch\/content\/uploads\/2021\/04\/foem_beitragsbild-2-scaled-1080x0-c-default.jpg 1080w, https:\/\/www.sgb-fss.ch\/content\/uploads\/2021\/04\/foem_beitragsbild-2-scaled-720x0-c-default.jpg 720w, \"\n      alt=\"\"\n      width=\"2560\"\n      height=\"1440\"\n            >\n  <\/div>\n    <div class=\"block-teaserdonate__content\">\n    <form data-teaserdonate=\"form\" class=\"block-teaserdonate__card\" action=\"https:\/\/www.sgb-fss.ch\/fr\/soutien\/faire-un-don-maintenant\/\" method=\"get\">\n      <div class=\"block-teaserdonate__card-text\">\n        <h2 class=\"headline-5\">Faire un don pour l\u2019\u00e9galit\u00e9 des chances !<\/h2>        <p class=\"block-teaserdonate__lead\">Soutenez simplement et efficacement les personnes sourdes en Suisse. Chaque don contribue au changement.<\/p>      <\/div>\n              <ul class=\"block-teaserdonate__amounts\">\n                  <li class=\"block-teaserdonate__amount\">\n            <input type=\"radio\" name=\"rnw-amount\" id=\"block_5055d77405a73b05d2c8d0789a9878d1__60\" class=\"block-teaserdonate__checkbox\" value=\"60\" >\n\n            <label class=\"block-teaserdonate__amount-content\" for=\"block_5055d77405a73b05d2c8d0789a9878d1__60\">\n              <i class=\"block-teaserdonate__label\">CHF<\/i>\n              <p class=\"headline-3 block-teaserdonate__value\">60<\/p>\n            <\/label>\n          <\/li>\n                  <li class=\"block-teaserdonate__amount\">\n            <input type=\"radio\" name=\"rnw-amount\" id=\"block_5055d77405a73b05d2c8d0789a9878d1__120\" class=\"block-teaserdonate__checkbox\" value=\"120\" checked>\n\n            <label class=\"block-teaserdonate__amount-content\" for=\"block_5055d77405a73b05d2c8d0789a9878d1__120\">\n              <i class=\"block-teaserdonate__label\">CHF<\/i>\n              <p class=\"headline-3 block-teaserdonate__value\">120<\/p>\n            <\/label>\n          <\/li>\n                  <li class=\"block-teaserdonate__amount\">\n            <input type=\"radio\" name=\"rnw-amount\" id=\"block_5055d77405a73b05d2c8d0789a9878d1__240\" class=\"block-teaserdonate__checkbox\" value=\"240\" >\n\n            <label class=\"block-teaserdonate__amount-content\" for=\"block_5055d77405a73b05d2c8d0789a9878d1__240\">\n              <i class=\"block-teaserdonate__label\">CHF<\/i>\n              <p class=\"headline-3 block-teaserdonate__value\">240<\/p>\n            <\/label>\n          <\/li>\n                          <li class=\"block-teaserdonate__amount\">\n            <input data-teaserdonate=\"radio\" type=\"radio\" name=\"rnw-amount\" id=\"block_5055d77405a73b05d2c8d0789a9878d1__custom\" class=\"block-teaserdonate__checkbox\" value=\"?\">\n            <label for=\"block_5055d77405a73b05d2c8d0789a9878d1__custom\" class=\"block-teaserdonate__amount-content\">\n              <i class=\"block-teaserdonate__label\">CHF<\/i>\n              <input data-teaserdonate=\"custom\" class=\"headline-3 block-teaserdonate__value block-teaserdonate__value--custom\" type=\"number\"\/>\n            <\/label>\n          <\/li>\n                <\/ul>\n            <p class=\"has-text-align-center\"><button type=\"submit\" class=\"is-style-inverted\" id=\"spendenbox_button\">Faire un don maintenant<\/button><\/p>          <\/form>\n  <\/div>\n<\/div>\n","protected":false},"excerpt":{"rendered":"<p>Chaque don raconte une histoire. Votre don nous aide \u00e0 soutenir les familles dans [&hellip;]<\/p>\n","protected":false},"author":40,"featured_media":16926,"parent":9277,"menu_order":4,"comment_status":"closed","ping_status":"closed","template":"","meta":{"_acf_changed":false,"inline_featured_image":false,"footnotes":""},"class_list":["post-21233","page","type-page","status-publish","has-post-thumbnail","hentry"],"acf":[],"yoast_head":"<!-- This site is optimized with the Yoast SEO plugin v27.4 - https:\/\/yoast.com\/product\/yoast-seo-wordpress\/ -->\n<title>Histoires de dons - SGB-FSS<\/title>\n<meta name=\"robots\" content=\"index, follow, max-snippet:-1, max-image-preview:large, max-video-preview:-1\" \/>\n<link rel=\"canonical\" href=\"https:\/\/www.sgb-fss.ch\/fr\/soutien\/histoires-de-dons\/\" \/>\n<meta property=\"og:locale\" content=\"fr_FR\" \/>\n<meta property=\"og:type\" content=\"article\" \/>\n<meta property=\"og:title\" content=\"Histoires de dons - SGB-FSS\" \/>\n<meta property=\"og:description\" content=\"Chaque don raconte une histoire. Votre don nous aide \u00e0 soutenir les familles dans [&hellip;]\" \/>\n<meta property=\"og:url\" content=\"https:\/\/www.sgb-fss.ch\/fr\/soutien\/histoires-de-dons\/\" \/>\n<meta property=\"og:site_name\" content=\"SGB-FSS\" \/>\n<meta property=\"article:modified_time\" content=\"2025-10-01T12:59:44+00:00\" \/>\n<meta property=\"og:image\" content=\"https:\/\/www.sgb-fss.ch\/content\/uploads\/2023\/05\/bildung_fruehfoerderung-scaled-e1684152377706.jpg\" \/>\n\t<meta property=\"og:image:width\" content=\"2560\" \/>\n\t<meta property=\"og:image:height\" content=\"1707\" \/>\n\t<meta property=\"og:image:type\" content=\"image\/jpeg\" \/>\n<meta name=\"twitter:card\" content=\"summary_large_image\" \/>\n<meta name=\"twitter:label1\" content=\"Dur\u00e9e de lecture estim\u00e9e\" \/>\n\t<meta name=\"twitter:data1\" content=\"1 minute\" \/>\n<script type=\"application\/ld+json\" class=\"yoast-schema-graph\">{\"@context\":\"https:\\\/\\\/schema.org\",\"@graph\":[{\"@type\":\"WebPage\",\"@id\":\"https:\\\/\\\/www.sgb-fss.ch\\\/fr\\\/soutien\\\/histoires-de-dons\\\/\",\"url\":\"https:\\\/\\\/www.sgb-fss.ch\\\/fr\\\/soutien\\\/histoires-de-dons\\\/\",\"name\":\"Histoires de dons - SGB-FSS\",\"isPartOf\":{\"@id\":\"https:\\\/\\\/www.sgb-fss.ch\\\/de\\\/#website\"},\"primaryImageOfPage\":{\"@id\":\"https:\\\/\\\/www.sgb-fss.ch\\\/fr\\\/soutien\\\/histoires-de-dons\\\/#primaryimage\"},\"image\":{\"@id\":\"https:\\\/\\\/www.sgb-fss.ch\\\/fr\\\/soutien\\\/histoires-de-dons\\\/#primaryimage\"},\"thumbnailUrl\":\"https:\\\/\\\/www.sgb-fss.ch\\\/content\\\/uploads\\\/2023\\\/05\\\/bildung_fruehfoerderung-scaled-e1684152377706.jpg\",\"datePublished\":\"2023-09-04T13:48:20+00:00\",\"dateModified\":\"2025-10-01T12:59:44+00:00\",\"breadcrumb\":{\"@id\":\"https:\\\/\\\/www.sgb-fss.ch\\\/fr\\\/soutien\\\/histoires-de-dons\\\/#breadcrumb\"},\"inLanguage\":\"fr-FR\",\"potentialAction\":[{\"@type\":\"ReadAction\",\"target\":[\"https:\\\/\\\/www.sgb-fss.ch\\\/fr\\\/soutien\\\/histoires-de-dons\\\/\"]}]},{\"@type\":\"ImageObject\",\"inLanguage\":\"fr-FR\",\"@id\":\"https:\\\/\\\/www.sgb-fss.ch\\\/fr\\\/soutien\\\/histoires-de-dons\\\/#primaryimage\",\"url\":\"https:\\\/\\\/www.sgb-fss.ch\\\/content\\\/uploads\\\/2023\\\/05\\\/bildung_fruehfoerderung-scaled-e1684152377706.jpg\",\"contentUrl\":\"https:\\\/\\\/www.sgb-fss.ch\\\/content\\\/uploads\\\/2023\\\/05\\\/bildung_fruehfoerderung-scaled-e1684152377706.jpg\",\"width\":2560,\"height\":1707},{\"@type\":\"BreadcrumbList\",\"@id\":\"https:\\\/\\\/www.sgb-fss.ch\\\/fr\\\/soutien\\\/histoires-de-dons\\\/#breadcrumb\",\"itemListElement\":[{\"@type\":\"ListItem\",\"position\":1,\"name\":\"Home\",\"item\":\"https:\\\/\\\/www.sgb-fss.ch\\\/fr\\\/\"},{\"@type\":\"ListItem\",\"position\":2,\"name\":\"Faire un don et offrir des chances\",\"item\":\"https:\\\/\\\/www.sgb-fss.ch\\\/fr\\\/soutien\\\/\"},{\"@type\":\"ListItem\",\"position\":3,\"name\":\"Histoires de dons\"}]},{\"@type\":\"WebSite\",\"@id\":\"https:\\\/\\\/www.sgb-fss.ch\\\/de\\\/#website\",\"url\":\"https:\\\/\\\/www.sgb-fss.ch\\\/de\\\/\",\"name\":\"SGB-FSS\",\"description\":\"\",\"potentialAction\":[{\"@type\":\"SearchAction\",\"target\":{\"@type\":\"EntryPoint\",\"urlTemplate\":\"https:\\\/\\\/www.sgb-fss.ch\\\/de\\\/?s={search_term_string}\"},\"query-input\":{\"@type\":\"PropertyValueSpecification\",\"valueRequired\":true,\"valueName\":\"search_term_string\"}}],\"inLanguage\":\"fr-FR\"}]}<\/script>\n<!-- \/ Yoast SEO plugin. -->","yoast_head_json":{"title":"Histoires de dons - SGB-FSS","robots":{"index":"index","follow":"follow","max-snippet":"max-snippet:-1","max-image-preview":"max-image-preview:large","max-video-preview":"max-video-preview:-1"},"canonical":"https:\/\/www.sgb-fss.ch\/fr\/soutien\/histoires-de-dons\/","og_locale":"fr_FR","og_type":"article","og_title":"Histoires de dons - SGB-FSS","og_description":"Chaque don raconte une histoire. Votre don nous aide \u00e0 soutenir les familles dans [&hellip;]","og_url":"https:\/\/www.sgb-fss.ch\/fr\/soutien\/histoires-de-dons\/","og_site_name":"SGB-FSS","article_modified_time":"2025-10-01T12:59:44+00:00","og_image":[{"width":2560,"height":1707,"url":"https:\/\/www.sgb-fss.ch\/content\/uploads\/2023\/05\/bildung_fruehfoerderung-scaled-e1684152377706.jpg","type":"image\/jpeg"}],"twitter_card":"summary_large_image","twitter_misc":{"Dur\u00e9e de lecture estim\u00e9e":"1 minute"},"schema":{"@context":"https:\/\/schema.org","@graph":[{"@type":"WebPage","@id":"https:\/\/www.sgb-fss.ch\/fr\/soutien\/histoires-de-dons\/","url":"https:\/\/www.sgb-fss.ch\/fr\/soutien\/histoires-de-dons\/","name":"Histoires de dons - SGB-FSS","isPartOf":{"@id":"https:\/\/www.sgb-fss.ch\/de\/#website"},"primaryImageOfPage":{"@id":"https:\/\/www.sgb-fss.ch\/fr\/soutien\/histoires-de-dons\/#primaryimage"},"image":{"@id":"https:\/\/www.sgb-fss.ch\/fr\/soutien\/histoires-de-dons\/#primaryimage"},"thumbnailUrl":"https:\/\/www.sgb-fss.ch\/content\/uploads\/2023\/05\/bildung_fruehfoerderung-scaled-e1684152377706.jpg","datePublished":"2023-09-04T13:48:20+00:00","dateModified":"2025-10-01T12:59:44+00:00","breadcrumb":{"@id":"https:\/\/www.sgb-fss.ch\/fr\/soutien\/histoires-de-dons\/#breadcrumb"},"inLanguage":"fr-FR","potentialAction":[{"@type":"ReadAction","target":["https:\/\/www.sgb-fss.ch\/fr\/soutien\/histoires-de-dons\/"]}]},{"@type":"ImageObject","inLanguage":"fr-FR","@id":"https:\/\/www.sgb-fss.ch\/fr\/soutien\/histoires-de-dons\/#primaryimage","url":"https:\/\/www.sgb-fss.ch\/content\/uploads\/2023\/05\/bildung_fruehfoerderung-scaled-e1684152377706.jpg","contentUrl":"https:\/\/www.sgb-fss.ch\/content\/uploads\/2023\/05\/bildung_fruehfoerderung-scaled-e1684152377706.jpg","width":2560,"height":1707},{"@type":"BreadcrumbList","@id":"https:\/\/www.sgb-fss.ch\/fr\/soutien\/histoires-de-dons\/#breadcrumb","itemListElement":[{"@type":"ListItem","position":1,"name":"Home","item":"https:\/\/www.sgb-fss.ch\/fr\/"},{"@type":"ListItem","position":2,"name":"Faire un don et offrir des chances","item":"https:\/\/www.sgb-fss.ch\/fr\/soutien\/"},{"@type":"ListItem","position":3,"name":"Histoires de dons"}]},{"@type":"WebSite","@id":"https:\/\/www.sgb-fss.ch\/de\/#website","url":"https:\/\/www.sgb-fss.ch\/de\/","name":"SGB-FSS","description":"","potentialAction":[{"@type":"SearchAction","target":{"@type":"EntryPoint","urlTemplate":"https:\/\/www.sgb-fss.ch\/de\/?s={search_term_string}"},"query-input":{"@type":"PropertyValueSpecification","valueRequired":true,"valueName":"search_term_string"}}],"inLanguage":"fr-FR"}]}},"_links":{"self":[{"href":"https:\/\/www.sgb-fss.ch\/fr\/wp-json\/wp\/v2\/pages\/21233","targetHints":{"allow":["GET"]}}],"collection":[{"href":"https:\/\/www.sgb-fss.ch\/fr\/wp-json\/wp\/v2\/pages"}],"about":[{"href":"https:\/\/www.sgb-fss.ch\/fr\/wp-json\/wp\/v2\/types\/page"}],"author":[{"embeddable":true,"href":"https:\/\/www.sgb-fss.ch\/fr\/wp-json\/wp\/v2\/users\/40"}],"replies":[{"embeddable":true,"href":"https:\/\/www.sgb-fss.ch\/fr\/wp-json\/wp\/v2\/comments?post=21233"}],"version-history":[{"count":14,"href":"https:\/\/www.sgb-fss.ch\/fr\/wp-json\/wp\/v2\/pages\/21233\/revisions"}],"predecessor-version":[{"id":41020,"href":"https:\/\/www.sgb-fss.ch\/fr\/wp-json\/wp\/v2\/pages\/21233\/revisions\/41020"}],"up":[{"embeddable":true,"href":"https:\/\/www.sgb-fss.ch\/fr\/wp-json\/wp\/v2\/pages\/9277"}],"wp:featuredmedia":[{"embeddable":true,"href":"https:\/\/www.sgb-fss.ch\/fr\/wp-json\/wp\/v2\/media\/16926"}],"wp:attachment":[{"href":"https:\/\/www.sgb-fss.ch\/fr\/wp-json\/wp\/v2\/media?parent=21233"}],"curies":[{"name":"wp","href":"https:\/\/api.w.org\/{rel}","templated":true}]}}